{"id":9165,"date":"2025-08-26T11:48:33","date_gmt":"2025-08-26T11:48:33","guid":{"rendered":"https:\/\/ryinz.cz\/velkoobchod\/?post_type=product&#038;p=9165"},"modified":"2026-01-18T20:17:52","modified_gmt":"2026-01-18T20:17:52","slug":"niestandardowe-rekawice-do-sportow-zimowych-czerwone-czarne-biale-przez-ryinz-pu-skorzane-wzmocnione-rekawice-do-jazdy-na-nartach-na-zewnatrz-detal-oem","status":"publish","type":"product","link":"https:\/\/ryinz.cz\/velkoobchod\/pl\/product\/custom-winter-sports-gloves-red-black-white-by-ryinz-pu-leather-reinforced-gloves-for-skiing-outdoor-retail-oem\/","title":{"rendered":"Niestandardowe r\u0119kawice do sport\u00f3w zimowych czerwono-czarno-bia\u0142e firmy RYINZ | R\u0119kawice wzmocnione sk\u00f3r\u0105 PU do jazdy na nartach, na zewn\u0105trz i sprzeda\u017cy detalicznej OEM"},"content":{"rendered":"<p data-start=\"1176\" data-end=\"1592\">Wejd\u017a na \u015bnieg z celem i moc\u0105. The <strong data-start=\"1223\" data-end=\"1261\">R\u0119kawice zimowe RYINZ czerwono-czarno-bia\u0142e<\/strong> to nie tylko konieczno\u015b\u0107 na zimn\u0105 pogod\u0119; to odwa\u017cny produkt zaprojektowany z my\u015bl\u0105 o elitarnej wydajno\u015bci, to\u017csamo\u015bci marki i skalowalno\u015bci biznesowej. Dzi\u0119ki charakterystycznemu tr\u00f3jkolorowemu wzornictwu r\u0119kawice te \u0142\u0105cz\u0105 modn\u0105 estetyk\u0119 z taktyczn\u0105 u\u017cyteczno\u015bci\u0105 - dzi\u0119ki czemu idealnie nadaj\u0105 si\u0119 do uprawiania sport\u00f3w alpejskich, odzie\u017cy roboczej w o\u015brodkach wypoczynkowych lub trudnych zaj\u0119\u0107 na \u015bwie\u017cym powietrzu.<\/p>\n<p data-start=\"1594\" data-end=\"1921\">Od oblodzonych stok\u00f3w po bezpiecze\u0144stwo na g\u00f3rskich szlakach, r\u0119kawice te zosta\u0142y zaprojektowane z my\u015bl\u0105 o trwa\u0142o\u015bci, cieple i przyczepno\u015bci w ekstremalnych warunkach - oferuj\u0105c jednocze\u015bnie pe\u0142ne opcje personalizacji pod bia\u0142\u0105 lub w\u0142asn\u0105 mark\u0105. Wspierane przez <strong data-start=\"1803\" data-end=\"1843\">Standardy jako\u015bci RYINZ zgodne z normami UE<\/strong>, Jest to idealny produkt do ekspansji w handlu detalicznym, odzie\u017cy sportowej i eCommerce.<\/p>\n<hr data-start=\"1923\" data-end=\"1926\" \/>\n<h4 data-start=\"1928\" data-end=\"1971\">???? <strong data-start=\"1936\" data-end=\"1971\">Cechy projektowe i konstrukcyjne:<\/strong><\/h4>\n<ul data-start=\"1972\" data-end=\"2564\">\n<li data-start=\"1972\" data-end=\"2064\">\n<p data-start=\"1974\" data-end=\"2064\"><strong data-start=\"1974\" data-end=\"1990\">Pow\u0142oka zewn\u0119trzna:<\/strong> Tr\u00f3jpanelowa konstrukcja o wysokim kontra\u015bcie w <strong data-start=\"2029\" data-end=\"2036\">czerwony<\/strong>, <strong data-start=\"2038\" data-end=\"2047\">bia\u0142y<\/strong>, oraz <strong data-start=\"2053\" data-end=\"2062\">czarny<\/strong><\/p>\n<\/li>\n<li data-start=\"2065\" data-end=\"2138\">\n<p data-start=\"2067\" data-end=\"2138\"><strong data-start=\"2067\" data-end=\"2080\">Materia\u0142:<\/strong> Wytrzyma\u0142a wielowarstwowa pow\u0142oka z odpornymi na \u015bcieranie szwami<\/p>\n<\/li>\n<li data-start=\"2139\" data-end=\"2252\">\n<p data-start=\"2141\" data-end=\"2252\"><strong data-start=\"2141\" data-end=\"2150\">D\u0142o\u0144:<\/strong> W pe\u0142ni czarna d\u0142o\u0144 z syntetycznej sk\u00f3ry PU z ergonomicznym wzorem uchwytu na kijki, narz\u0119dzia lub kierownic\u0119<\/p>\n<\/li>\n<li data-start=\"2253\" data-end=\"2337\">\n<p data-start=\"2255\" data-end=\"2337\"><strong data-start=\"2255\" data-end=\"2267\">Palce:<\/strong> Nak\u0142adki na palce o fakturze plastra miodu zwi\u0119kszaj\u0105 elastyczno\u015b\u0107 i precyzj\u0119<\/p>\n<\/li>\n<li data-start=\"2338\" data-end=\"2460\">\n<p data-start=\"2340\" data-end=\"2460\"><strong data-start=\"2340\" data-end=\"2355\">Strefa nadgarstka:<\/strong> Elastyczna strefa rozci\u0105gania oraz wzmocniony podw\u00f3jny pasek z przelotkami zapewniaj\u0105 ochron\u0119 nadgarstka i dok\u0142adne dopasowanie.<\/p>\n<\/li>\n<li data-start=\"2461\" data-end=\"2564\">\n<p data-start=\"2463\" data-end=\"2564\"><strong data-start=\"2463\" data-end=\"2476\">Branding:<\/strong> \u201cOdwa\u017cnie umieszczone logo \u201dRYINZ\" na \u015brodku oraz subtelna plakietka z liter\u0105 R dla dodatkowej identyfikacji.<\/p>\n<\/li>\n<\/ul>\n<hr data-start=\"2566\" data-end=\"2569\" \/>\n<h4 data-start=\"2571\" data-end=\"2605\">???? <strong data-start=\"2579\" data-end=\"2605\">Najwa\u017cniejsze funkcje:<\/strong><\/h4>\n<ul data-start=\"2606\" data-end=\"3016\">\n<li data-start=\"2606\" data-end=\"2681\">\n<p data-start=\"2608\" data-end=\"2681\">\u2705 <strong data-start=\"2610\" data-end=\"2642\">Wiatroszczelna i odporna na \u015bnieg<\/strong> Tkanina zewn\u0119trzna idealna do sport\u00f3w zimowych<\/p>\n<\/li>\n<li data-start=\"2682\" data-end=\"2756\">\n<p data-start=\"2684\" data-end=\"2756\">\u2705 <strong data-start=\"2686\" data-end=\"2722\">Wzmocnione obszary d\u0142oni i palc\u00f3w<\/strong> poprawiaj\u0105 przyczepno\u015b\u0107 i s\u0105 odporne na rozdarcia<\/p>\n<\/li>\n<li data-start=\"2757\" data-end=\"2863\">\n<p data-start=\"2759\" data-end=\"2863\">\u2705 <strong data-start=\"2761\" data-end=\"2793\">Elastyczna konstrukcja palc\u00f3w<\/strong> umo\u017cliwia pe\u0142ny ruch podczas jazdy na nartach, snowboardzie i pracy w niskich temperaturach<\/p>\n<\/li>\n<li data-start=\"2864\" data-end=\"2934\">\n<p data-start=\"2866\" data-end=\"2934\">\u2705 <strong data-start=\"2868\" data-end=\"2897\">Elastyczne wsparcie nadgarstka<\/strong> blokuje ciep\u0142o i chroni przed \u015bniegiem<\/p>\n<\/li>\n<li data-start=\"2935\" data-end=\"3016\">\n<p data-start=\"2937\" data-end=\"3016\">\u2705 <strong data-start=\"2939\" data-end=\"2967\">Uderzaj\u0105ca wizualnie konstrukcja<\/strong> sprawia, \u017ce jest gotowy do sprzeda\u017cy detalicznej i wy\u015bwietlania online<\/p>\n<\/li>\n<\/ul>\n<hr data-start=\"3018\" data-end=\"3021\" \/>\n<h4 data-start=\"3023\" data-end=\"3082\">???? <strong data-start=\"3031\" data-end=\"3082\">Opcje Private Label i OEM (obs\u0142ugiwane przez RYINZ):<\/strong><\/h4>\n<ul data-start=\"3083\" data-end=\"3488\">\n<li data-start=\"3083\" data-end=\"3131\">\n<p data-start=\"3085\" data-end=\"3131\">Pe\u0142na kontrola logo: nadruk, naszywka lub wyt\u0142oczenie<\/p>\n<\/li>\n<li data-start=\"3132\" data-end=\"3190\">\n<p data-start=\"3134\" data-end=\"3190\">Niestandardowe tabele rozmiar\u00f3w: UE, Wielka Brytania lub standardy mi\u0119dzynarodowe<\/p>\n<\/li>\n<li data-start=\"3191\" data-end=\"3270\">\n<p data-start=\"3193\" data-end=\"3270\">Dost\u0119pne kolory: czerwono-czarny, szaro-niebieski, oliwkowo-czarny, niestandardowe na \u017cyczenie<\/p>\n<\/li>\n<li data-start=\"3271\" data-end=\"3343\">\n<p data-start=\"3273\" data-end=\"3343\">Rodzaje opakowa\u0144: rolki ekologiczne, woreczki, torebki z zamkiem b\u0142yskawicznym lub gotowe na prezenty w wersji deluxe<\/p>\n<\/li>\n<li data-start=\"3344\" data-end=\"3418\">\n<p data-start=\"3346\" data-end=\"3418\">MOQ: Ju\u017c od 300 par dla kolekcji pr\u00f3bnych i nowych marek.<\/p>\n<\/li>\n<li data-start=\"3419\" data-end=\"3488\">\n<p data-start=\"3421\" data-end=\"3488\">Koordynacja na poziomie UE w celu szybkiej zmiany zam\u00f3wie\u0144 i wysokiej jako\u015bci komunikacji<\/p>\n<\/li>\n<\/ul>\n<hr data-start=\"3490\" data-end=\"3493\" \/>\n<h4 data-start=\"3495\" data-end=\"3539\">???? <strong data-start=\"3503\" data-end=\"3539\">Najlepsze dla tych nabywc\u00f3w\/przypadk\u00f3w u\u017cycia:<\/strong><\/h4>\n<ul data-start=\"3540\" data-end=\"3840\">\n<li data-start=\"3540\" data-end=\"3586\">\n<p data-start=\"3542\" data-end=\"3586\">????\ufe0f <strong data-start=\"3546\" data-end=\"3584\">O\u015brodki narciarskie i sklepy z pami\u0105tkami<\/strong><\/p>\n<\/li>\n<li data-start=\"3587\" data-end=\"3638\">\n<p data-start=\"3589\" data-end=\"3638\">????\ufe0f <strong data-start=\"3593\" data-end=\"3636\">Startupy z prywatn\u0105 mark\u0105 odzie\u017cy outdoorowej<\/strong><\/p>\n<\/li>\n<li data-start=\"3639\" data-end=\"3679\">\n<p data-start=\"3641\" data-end=\"3679\">????\ufe0f <strong data-start=\"3645\" data-end=\"3677\">R\u0119kawice motocyklowe na zim\u0119<\/strong><\/p>\n<\/li>\n<li data-start=\"3680\" data-end=\"3740\">\n<p data-start=\"3682\" data-end=\"3740\">???? <strong data-start=\"3685\" data-end=\"3714\">Hurtownie sport\u00f3w zimowych<\/strong> ukierunkowanie na rynki UE\/USA<\/p>\n<\/li>\n<li data-start=\"3741\" data-end=\"3796\">\n<p data-start=\"3743\" data-end=\"3796\">????\ufe0f <strong data-start=\"3747\" data-end=\"3794\">Dostawcy narz\u0119dzi i rozwi\u0105za\u0144 taktycznych na zimne warunki pogodowe<\/strong><\/p>\n<\/li>\n<li data-start=\"3797\" data-end=\"3840\">\n<p data-start=\"3799\" data-end=\"3840\">???? <strong data-start=\"3802\" data-end=\"3840\">Dystrybutorzy akcesori\u00f3w modowych B2B<\/strong><\/p>\n<\/li>\n<\/ul>\n<hr data-start=\"3842\" data-end=\"3845\" \/>\n<h4 data-start=\"3847\" data-end=\"3887\">???? <strong data-start=\"3855\" data-end=\"3887\">Dlaczego warto wybra\u0107 ten model RYINZ?<\/strong><\/h4>\n<p data-start=\"3888\" data-end=\"4268\">Zaprojektowane w Europie i wyprodukowane ze \u015bwiatowej klasy precyzj\u0105, r\u0119kawice te odzwierciedlaj\u0105 <strong data-start=\"3972\" data-end=\"4037\">Zaanga\u017cowanie RYINZ w trwa\u0142o\u015b\u0107, markowo\u015b\u0107 i funkcjonalno\u015b\u0107.<\/strong> Odwa\u017cny czerwony kolor z czarno-bia\u0142ymi wyko\u0144czeniami zapewnia, \u017ce wyr\u00f3\u017cnia si\u0119 w katalogach, sklepach internetowych i podczas rzeczywistego u\u017cytkowania. Zbudowane z my\u015bl\u0105 o mro\u017anych warunkach, ekstremalnym u\u017cytkowaniu i atrakcyjno\u015bci wizualnej, to co\u015b wi\u0119cej ni\u017c r\u0119kawica - to atut gotowy do sprzeda\u017cy.<\/p>\n<p data-start=\"4270\" data-end=\"4399\">Niezale\u017cnie od tego, czy wspinasz si\u0119 na szczyt g\u00f3ry, czy te\u017c skalujesz sw\u00f3j pipeline sprzeda\u017cowy. <strong data-start=\"4340\" data-end=\"4378\">Czerwono-czarno-bia\u0142e r\u0119kawice zimowe RYINZ<\/strong> jest gotowy do dzia\u0142ania.<\/p>\n<p data-start=\"4401\" data-end=\"4470\"><strong data-start=\"4401\" data-end=\"4470\">Niezawodne ciep\u0142o. Najwy\u017cszej jako\u015bci wygl\u0105d. Moc hurtowa - tylko od RYINZ.<\/strong><\/p>","protected":false},"excerpt":{"rendered":"<p>Zachowaj wygod\u0119 i pewno\u015b\u0107 siebie na \u015bniegu dzi\u0119ki <strong data-start=\"4018\" data-end=\"4057\">R\u0119kawice \u015bniegowe i narciarskie RYINZ na ka\u017cd\u0105 pogod\u0119<\/strong> - Gotowe na zim\u0119 r\u0119kawice stworzone z my\u015bl\u0105 o powa\u017cnej wydajno\u015bci w ekstremalnych warunkach. R\u0119kawice te \u0142\u0105cz\u0105 wytrzyma\u0142\u0105 pow\u0142ok\u0119 zewn\u0119trzn\u0105 z izolacj\u0105 termiczn\u0105 i wygodn\u0105 podszewk\u0105, zapewniaj\u0105c niezawodn\u0105 ochron\u0119 przed wiatrem, \u015bniegiem i wilgoci\u0105. D\u0142ugi mankiet zapewnia dodatkow\u0105 os\u0142on\u0119, a regulowany pasek i zacisk na nadgarstek utrzymuj\u0105 je bezpiecznie na miejscu. Wzmocniona d\u0142o\u0144 poprawia przyczepno\u015b\u0107, a wy\u015bcie\u0142ane obszary i wst\u0119pnie zakrzywione palce zwi\u0119kszaj\u0105 elastyczno\u015b\u0107 i ochron\u0119. Idealne do jazdy na nartach, snowboardzie, skuterach \u015bnie\u017cnych i pracy w niskich temperaturach, r\u0119kawice te s\u0105 przeznaczone dla m\u0119\u017cczyzn i kobiet, kt\u00f3rzy potrzebuj\u0105 zar\u00f3wno stylu, jak i wydajno\u015bci w jednym.<\/p>","protected":false},"featured_media":9359,"comment_status":"closed","ping_status":"closed","template":"","meta":[],"product_brand":[35],"product_cat":[57],"product_tag":[304,305,306,307,308,309,310,311,312,313,314,315,316,317,318],"class_list":{"0":"post-9165","1":"product","2":"type-product","3":"status-publish","4":"has-post-thumbnail","6":"product_brand-ryinz","8":"product_tag-brown-and-white-stitched-thermal-gloves","9":"product_tag-cold-weather-accessories-for-gifting","10":"product_tag-designer-inspired-winter-gloves-for-branding","11":"product_tag-fashion-gloves-for-urban-winter-outfits","12":"product_tag-insulated-quilt-gloves-for-winter-sports","13":"product_tag-luxury-gloves-for-fashion-retailers","14":"product_tag-oem-touchscreen-gloves-with-fleece","15":"product_tag-premium-driving-gloves-for-winter-use","16":"product_tag-quilted-winter-gloves-with-zipper","17":"product_tag-ryinz-gloves-for-private-label-winterwear","18":"product_tag-soft-lined-gloves-for-snow-and-frost","19":"product_tag-thermal-gloves-for-equestrian-apparel","20":"product_tag-touchscreen-compatible-outdoor-gloves","21":"product_tag-wholesale-fur-lined-gloves-for-boutiques","22":"product_tag-womens-touchscreen-cold-weather-gloves","24":"first","25":"instock","26":"taxable","27":"shipping-taxable","28":"purchasable","29":"product-type-simple"},"_links":{"self":[{"href":"https:\/\/ryinz.cz\/velkoobchod\/pl\/wp-json\/wp\/v2\/product\/9165","targetHints":{"allow":["GET"]}}],"collection":[{"href":"https:\/\/ryinz.cz\/velkoobchod\/pl\/wp-json\/wp\/v2\/product"}],"about":[{"href":"https:\/\/ryinz.cz\/velkoobchod\/pl\/wp-json\/wp\/v2\/types\/product"}],"replies":[{"embeddable":true,"href":"https:\/\/ryinz.cz\/velkoobchod\/pl\/wp-json\/wp\/v2\/comments?post=9165"}],"wp:featuredmedia":[{"embeddable":true,"href":"https:\/\/ryinz.cz\/velkoobchod\/pl\/wp-json\/wp\/v2\/media\/9359"}],"wp:attachment":[{"href":"https:\/\/ryinz.cz\/velkoobchod\/pl\/wp-json\/wp\/v2\/media?parent=9165"}],"wp:term":[{"taxonomy":"product_brand","embeddable":true,"href":"https:\/\/ryinz.cz\/velkoobchod\/pl\/wp-json\/wp\/v2\/product_brand?post=9165"},{"taxonomy":"product_cat","embeddable":true,"href":"https:\/\/ryinz.cz\/velkoobchod\/pl\/wp-json\/wp\/v2\/product_cat?post=9165"},{"taxonomy":"product_tag","embeddable":true,"href":"https:\/\/ryinz.cz\/velkoobchod\/pl\/wp-json\/wp\/v2\/product_tag?post=9165"}],"curies":[{"name":"wp","href":"https:\/\/api.w.org\/{rel}","templated":true}]}}