{"id":9164,"date":"2025-06-22T15:31:10","date_gmt":"2025-06-22T15:31:10","guid":{"rendered":"https:\/\/ryinz.cz\/velkoobchod\/?post_type=product&#038;p=9164"},"modified":"2026-01-18T20:17:51","modified_gmt":"2026-01-18T20:17:51","slug":"niestandardowe-wodoodporne-rekawice-narciarskie-do-hurtowej-sprzedazy-detalicznej-pikowane-rekawice-termiczne-pu-firmy-ryinz-do-odziezy-zimowej","status":"publish","type":"product","link":"https:\/\/ryinz.cz\/velkoobchod\/pl\/product\/custom-waterproof-ski-gloves-for-wholesale-retail-quilted-thermal-pu-palm-gloves-by-ryinz-for-winter-sportswear\/","title":{"rendered":"Niestandardowe wodoodporne r\u0119kawice narciarskie do sprzeda\u017cy hurtowej i detalicznej | Pikowane r\u0119kawice termiczne PU firmy RYINZ do zimowej odzie\u017cy sportowej"},"content":{"rendered":"<h3 data-start=\"232\" data-end=\"348\"><strong data-start=\"239\" data-end=\"346\">Wysokowydajne r\u0119kawice zimowe RYINZ - niebiesko-szare sportowe r\u0119kawice u\u017cytkowe ze sk\u00f3rzan\u0105 ochron\u0105 d\u0142oni<\/strong><\/h3>\n<p data-start=\"350\" data-end=\"805\">Stworzony do pracy w ekstremalnych warunkach <strong data-start=\"384\" data-end=\"419\">R\u0119kawice zimowe RYINZ Performance<\/strong> oferuj\u0105 trwa\u0142\u0105, izolowan\u0105 i chwytn\u0105 konstrukcj\u0119 zar\u00f3wno dla profesjonalist\u00f3w, jak i poszukiwaczy przyg\u00f3d. Wyposa\u017cone w unikaln\u0105 tr\u00f3jtonow\u0105 kolorystyk\u0119 w <strong data-start=\"558\" data-end=\"573\">arktyczny b\u0142\u0119kit<\/strong>, <strong data-start=\"575\" data-end=\"592\">grafitowo-szary<\/strong>, oraz <strong data-start=\"598\" data-end=\"607\">czarny<\/strong>, R\u0119kawice te \u0142\u0105cz\u0105 najwy\u017cszej jako\u015bci materia\u0142y z ergonomicznym komfortem, dzi\u0119ki czemu idealnie nadaj\u0105 si\u0119 do uprawiania sport\u00f3w zimowych na \u015bwie\u017cym powietrzu, wypraw wysokog\u00f3rskich, operacji taktycznych i prac wymagaj\u0105cych du\u017cej mobilno\u015bci w mro\u017anym otoczeniu.<\/p>\n<p data-start=\"807\" data-end=\"1004\">Te r\u0119kawice s\u0105 idealne dla <strong data-start=\"836\" data-end=\"854\">marki odzie\u017cy narciarskiej<\/strong>, <strong data-start=\"856\" data-end=\"882\">sprzedawcy detaliczni sport\u00f3w motorowych<\/strong>, <strong data-start=\"884\" data-end=\"910\">dostawcy sprz\u0119tu outdoorowego<\/strong>, oraz <strong data-start=\"916\" data-end=\"945\">kolekcje marek w\u0142asnych<\/strong> poszukuj\u0105cych po\u0142\u0105czenia wysokiej widoczno\u015bci z wytrzyma\u0142o\u015bci\u0105.<\/p>\n<hr data-start=\"1006\" data-end=\"1009\" \/>\n<h3 data-start=\"1011\" data-end=\"1055\">???? <strong data-start=\"1018\" data-end=\"1055\">Konstrukcja i materia\u0142y produktu:<\/strong><\/h3>\n<ul data-start=\"1056\" data-end=\"1718\">\n<li data-start=\"1056\" data-end=\"1139\">\n<p data-start=\"1058\" data-end=\"1139\"><strong data-start=\"1058\" data-end=\"1074\">Pow\u0142oka zewn\u0119trzna:<\/strong> Wielopanelowy materia\u0142 tekstylny ze strefami rozci\u0105gania dla elastyczno\u015bci i dopasowania<\/p>\n<\/li>\n<li data-start=\"1140\" data-end=\"1208\">\n<p data-start=\"1142\" data-end=\"1208\"><strong data-start=\"1142\" data-end=\"1156\">Panel g\u00f3rny:<\/strong> Pikowany czarny mankiet dla ochrony nadgarstka i stylu<\/p>\n<\/li>\n<li data-start=\"1209\" data-end=\"1342\">\n<p data-start=\"1211\" data-end=\"1342\"><strong data-start=\"1211\" data-end=\"1234\">Kolorowe panele blokowe:<\/strong> Jasnoszary korpus i jasnoniebieska dolna po\u0142owa zapewniaj\u0105 wyra\u017any kontrast i wysok\u0105 widoczno\u015b\u0107 na \u015bniegu lub przy s\u0142abym o\u015bwietleniu.<\/p>\n<\/li>\n<li data-start=\"1343\" data-end=\"1493\">\n<p data-start=\"1345\" data-end=\"1493\"><strong data-start=\"1345\" data-end=\"1354\">D\u0142o\u0144:<\/strong> Wzmocniona czarna sk\u00f3ra syntetyczna z ergonomiczn\u0105 wy\u015bci\u00f3\u0142k\u0105 - zaprojektowana do chwytania kijk\u00f3w narciarskich, uchwyt\u00f3w motocyklowych, narz\u0119dzi lub sprz\u0119tu trekkingowego<\/p>\n<\/li>\n<li data-start=\"1494\" data-end=\"1609\">\n<p data-start=\"1496\" data-end=\"1609\"><strong data-start=\"1496\" data-end=\"1507\">Podszewka:<\/strong> Termiczne wn\u0119trze zaprojektowane dla <strong data-start=\"1538\" data-end=\"1556\">zatrzymywanie ciep\u0142a<\/strong> i d\u0142ugotrwa\u0142y komfort noszenia bez zm\u0119czenia d\u0142oni<\/p>\n<\/li>\n<li data-start=\"1610\" data-end=\"1718\">\n<p data-start=\"1612\" data-end=\"1718\"><strong data-start=\"1612\" data-end=\"1627\">Strefa nadgarstka:<\/strong> Elastyczny wewn\u0119trzny mankiet i regulowane zapi\u0119cie na pasek zapewniaj\u0105 ciep\u0142o i chroni\u0105 przed \u015bniegiem.<\/p>\n<\/li>\n<\/ul>\n<hr data-start=\"1720\" data-end=\"1723\" \/>\n<h3 data-start=\"1725\" data-end=\"1761\">???? <strong data-start=\"1732\" data-end=\"1761\">Kluczowe cechy wydajno\u015bci:<\/strong><\/h3>\n<ul data-start=\"1762\" data-end=\"2344\">\n<li data-start=\"1762\" data-end=\"1911\">\n<p data-start=\"1764\" data-end=\"1911\">\u2705 <strong data-start=\"1766\" data-end=\"1796\">Funkcjonalno\u015b\u0107 w terenie:<\/strong> Idealny do u\u017cytku w <strong data-start=\"1814\" data-end=\"1824\">narciarstwo<\/strong>, <strong data-start=\"1826\" data-end=\"1842\">snowboard<\/strong>, <strong data-start=\"1844\" data-end=\"1863\">kolarstwo g\u00f3rskie<\/strong>, <strong data-start=\"1865\" data-end=\"1881\">skutery \u015bnie\u017cne<\/strong>, oraz <strong data-start=\"1887\" data-end=\"1909\">Praca w niskich temperaturach<\/strong><\/p>\n<\/li>\n<li data-start=\"1912\" data-end=\"2027\">\n<p data-start=\"1914\" data-end=\"2027\">\u2705 <strong data-start=\"1916\" data-end=\"1943\">Wzmocniona konstrukcja uchwytu:<\/strong> Po stronie d\u0142oni znajduj\u0105 si\u0119 teksturowane strefy ze sk\u00f3ry PU zapewniaj\u0105ce maksymaln\u0105 przyczepno\u015b\u0107 i trwa\u0142o\u015b\u0107 r\u0119kawic<\/p>\n<\/li>\n<li data-start=\"2028\" data-end=\"2112\">\n<p data-start=\"2030\" data-end=\"2112\">\u2705 <strong data-start=\"2032\" data-end=\"2059\">Wiatroszczelna konstrukcja:<\/strong> Tkanina zewn\u0119trzna jest odporna na przenikanie zimnego powietrza i \u015bniegu<\/p>\n<\/li>\n<li data-start=\"2113\" data-end=\"2213\">\n<p data-start=\"2115\" data-end=\"2213\">\u2705 <strong data-start=\"2117\" data-end=\"2141\">Przed\u0142u\u017cony mankiet na nadgarstek:<\/strong> Pikowana konstrukcja zapobiega utracie ciep\u0142a i dodaje profesjonalnego wygl\u0105du<\/p>\n<\/li>\n<li data-start=\"2214\" data-end=\"2344\">\n<p data-start=\"2216\" data-end=\"2344\">\u2705 <strong data-start=\"2218\" data-end=\"2247\">Wielowarstwowa wytrzyma\u0142o\u015b\u0107:<\/strong> Zbudowany, aby wytrzyma\u0107 w trudnych warunkach - idealny do sport\u00f3w wymagaj\u0105cych du\u017cej mobilno\u015bci lub aktywno\u015bci w stylu wojskowym<\/p>\n<\/li>\n<\/ul>\n<hr data-start=\"2346\" data-end=\"2349\" \/>\n<h3 data-start=\"2351\" data-end=\"2400\">???? <strong data-start=\"2358\" data-end=\"2400\">Personalizacja i opcje OEM za po\u015brednictwem RYINZ:<\/strong><\/h3>\n<ul data-start=\"2401\" data-end=\"2927\">\n<li data-start=\"2401\" data-end=\"2513\">\n<p data-start=\"2403\" data-end=\"2513\">???? <strong data-start=\"2406\" data-end=\"2423\">Opcje logo:<\/strong> Sublimowany, haftowany lub termotransferowy nadruk na mankiecie, naszywce na nadgarstek lub pow\u0142oce zewn\u0119trznej<\/p>\n<\/li>\n<li data-start=\"2514\" data-end=\"2642\">\n<p data-start=\"2516\" data-end=\"2642\">???? <strong data-start=\"2519\" data-end=\"2543\">Dostosowanie kolor\u00f3w:<\/strong> Dost\u0119pne w kolorach czarnym\/czerwonym, granatowym\/szarym, oliwkowym\/pomara\u0144czowym lub w paletach kolor\u00f3w dostosowanych do kolekcji marki.<\/p>\n<\/li>\n<li data-start=\"2643\" data-end=\"2735\">\n<p data-start=\"2645\" data-end=\"2735\">???? <strong data-start=\"2648\" data-end=\"2669\">Style opakowa\u0144:<\/strong> Torebki foliowe, pude\u0142ka na prezenty, woreczki z zamkiem b\u0142yskawicznym, rolki ekologiczne (markowe lub zwyk\u0142e)<\/p>\n<\/li>\n<li data-start=\"2736\" data-end=\"2817\">\n<p data-start=\"2738\" data-end=\"2817\">???? <strong data-start=\"2741\" data-end=\"2755\">Rozmiary OEM:<\/strong> XS do XL (dla doros\u0142ych), opcjonalna tabela rozmiar\u00f3w dla m\u0119\u017cczyzn\/kobiet\/m\u0142odzie\u017cy<\/p>\n<\/li>\n<li data-start=\"2818\" data-end=\"2927\">\n<p data-start=\"2820\" data-end=\"2927\">???? <strong data-start=\"2823\" data-end=\"2840\">Przyjazny dla MOQ:<\/strong> Od ma\u0142ych serii dla marek butikowych po produkcj\u0119 na pe\u0142n\u0105 skal\u0119 dla globalnych dystrybutor\u00f3w<\/p>\n<\/li>\n<\/ul>\n<hr data-start=\"2929\" data-end=\"2932\" \/>\n<h3 data-start=\"2934\" data-end=\"2961\">???? <strong data-start=\"2941\" data-end=\"2961\">Najlepszy wyb\u00f3r:<\/strong><\/h3>\n<ul data-start=\"2962\" data-end=\"3368\">\n<li data-start=\"2962\" data-end=\"3034\">\n<p data-start=\"2964\" data-end=\"3034\">\u2744\ufe0f <strong data-start=\"2967\" data-end=\"2995\">Marki zimowej odzie\u017cy sportowej<\/strong> potrzebne linie r\u0119kawic narciarskich lub snowboardowych<\/p>\n<\/li>\n<li data-start=\"3035\" data-end=\"3101\">\n<p data-start=\"3037\" data-end=\"3101\">???? <strong data-start=\"3040\" data-end=\"3077\">Sprzedawcy sprz\u0119tu taktycznego i outdoorowego<\/strong> na rynkach UE lub MENA<\/p>\n<\/li>\n<li data-start=\"3102\" data-end=\"3157\">\n<p data-start=\"3104\" data-end=\"3157\">????\ufe0f <strong data-start=\"3108\" data-end=\"3155\">Marki zaopatrzenia dla alpinist\u00f3w i ekspedycji<\/strong><\/p>\n<\/li>\n<li data-start=\"3158\" data-end=\"3227\">\n<p data-start=\"3160\" data-end=\"3227\">????\ufe0f <strong data-start=\"3164\" data-end=\"3197\">Producenci sprz\u0119tu motocyklowego<\/strong> poszukiwanie r\u0119kawic gotowych na zim\u0119<\/p>\n<\/li>\n<li data-start=\"3228\" data-end=\"3302\">\n<p data-start=\"3230\" data-end=\"3302\">???? <strong data-start=\"3233\" data-end=\"3274\">Programy marek w\u0142asnych lub bia\u0142ych etykiet<\/strong> Potrzebujesz r\u0119kawic zimowych OEM<\/p>\n<\/li>\n<li data-start=\"3303\" data-end=\"3368\">\n<p data-start=\"3305\" data-end=\"3368\">???? <strong data-start=\"3308\" data-end=\"3368\">Zimowe promocje firmowe lub pakiety upominkowe w kurortach \u015bnie\u017cnych<\/strong><\/p>\n<\/li>\n<\/ul>\n<hr data-start=\"3370\" data-end=\"3373\" \/>\n<h3 data-start=\"3375\" data-end=\"3413\">???? <strong data-start=\"3382\" data-end=\"3413\">Dlaczego r\u0119kawice RYINZ si\u0119 wyr\u00f3\u017cniaj\u0105:<\/strong><\/h3>\n<p data-start=\"3414\" data-end=\"3831\">Przy <strong data-start=\"3417\" data-end=\"3426\">RYINZ<\/strong>, Nasze r\u0119kawice powstaj\u0105 dzi\u0119ki \u015bcis\u0142ej wsp\u00f3\u0142pracy mi\u0119dzy europejskimi zespo\u0142ami projektant\u00f3w i do\u015bwiadczonymi po\u0142udniowoazjatyckimi producentami - zapewniaj\u0105c najwy\u017csz\u0105 jako\u015b\u0107, niestandardow\u0105 stylistyk\u0119 i ceny gotowe do wprowadzenia na rynek. The <strong data-start=\"3628\" data-end=\"3672\">Niebiesko-szare r\u0119kawice zimowe o wysokiej wydajno\u015bci<\/strong> zosta\u0142y zaprojektowane tak, aby zapewni\u0107 niezawodn\u0105 ochron\u0119 termiczn\u0105, taktyczn\u0105 si\u0142\u0119 chwytu i wyj\u0105tkowo\u015b\u0107 wizualn\u0105 - a wszystko to przy jednoczesnym zapewnieniu mo\u017cliwo\u015bci rozwoju marki w\u0142asnej.<\/p>\n<p data-start=\"3833\" data-end=\"4111\">Dzi\u0119ki wieloletniemu do\u015bwiadczeniu w obs\u0142udze nabywc\u00f3w B2B w ca\u0142ym <strong data-start=\"3884\" data-end=\"3909\">28 kraj\u00f3w europejskich<\/strong>, Nasz system produkcji wspiera zar\u00f3wno szybko\u015b\u0107, jak i skal\u0119. R\u0119kawice te mog\u0105 sta\u0107 si\u0119 najlepiej sprzedaj\u0105cym si\u0119 elementem kolekcji zimowej, taktycznej lub sport\u00f3w motorowych - dzi\u0119ki wytrzyma\u0142ej konstrukcji i stylowemu wyko\u0144czeniu.<\/p>\n<p data-start=\"4113\" data-end=\"4164\"><strong data-start=\"4113\" data-end=\"4164\">RYINZ. Zaprojektowany, by dzia\u0142a\u0107. Zaprojektowany, by sprzedawa\u0107.<\/strong><\/p>","protected":false},"excerpt":{"rendered":"<p>Zachowaj wygod\u0119 i pewno\u015b\u0107 siebie na \u015bniegu dzi\u0119ki <strong data-start=\"4018\" data-end=\"4057\">R\u0119kawice \u015bniegowe i narciarskie RYINZ na ka\u017cd\u0105 pogod\u0119<\/strong> - Gotowe na zim\u0119 r\u0119kawice stworzone z my\u015bl\u0105 o powa\u017cnej wydajno\u015bci w ekstremalnych warunkach. R\u0119kawice te \u0142\u0105cz\u0105 wytrzyma\u0142\u0105 pow\u0142ok\u0119 zewn\u0119trzn\u0105 z izolacj\u0105 termiczn\u0105 i wygodn\u0105 podszewk\u0105, zapewniaj\u0105c niezawodn\u0105 ochron\u0119 przed wiatrem, \u015bniegiem i wilgoci\u0105. D\u0142ugi mankiet zapewnia dodatkow\u0105 os\u0142on\u0119, a regulowany pasek i zacisk na nadgarstek utrzymuj\u0105 je bezpiecznie na miejscu. Wzmocniona d\u0142o\u0144 poprawia przyczepno\u015b\u0107, a wy\u015bcie\u0142ane obszary i wst\u0119pnie zakrzywione palce zwi\u0119kszaj\u0105 elastyczno\u015b\u0107 i ochron\u0119. Idealne do jazdy na nartach, snowboardzie, skuterach \u015bnie\u017cnych i pracy w niskich temperaturach, r\u0119kawice te s\u0105 przeznaczone dla m\u0119\u017cczyzn i kobiet, kt\u00f3rzy potrzebuj\u0105 zar\u00f3wno stylu, jak i wydajno\u015bci w jednym.<\/p>","protected":false},"featured_media":9353,"comment_status":"closed","ping_status":"closed","template":"","meta":[],"product_brand":[35],"product_cat":[57],"product_tag":[304,305,306,307,308,309,310,311,312,313,314,315,316,317,318],"class_list":{"0":"post-9164","1":"product","2":"type-product","3":"status-publish","4":"has-post-thumbnail","6":"product_brand-ryinz","8":"product_tag-brown-and-white-stitched-thermal-gloves","9":"product_tag-cold-weather-accessories-for-gifting","10":"product_tag-designer-inspired-winter-gloves-for-branding","11":"product_tag-fashion-gloves-for-urban-winter-outfits","12":"product_tag-insulated-quilt-gloves-for-winter-sports","13":"product_tag-luxury-gloves-for-fashion-retailers","14":"product_tag-oem-touchscreen-gloves-with-fleece","15":"product_tag-premium-driving-gloves-for-winter-use","16":"product_tag-quilted-winter-gloves-with-zipper","17":"product_tag-ryinz-gloves-for-private-label-winterwear","18":"product_tag-soft-lined-gloves-for-snow-and-frost","19":"product_tag-thermal-gloves-for-equestrian-apparel","20":"product_tag-touchscreen-compatible-outdoor-gloves","21":"product_tag-wholesale-fur-lined-gloves-for-boutiques","22":"product_tag-womens-touchscreen-cold-weather-gloves","24":"first","25":"instock","26":"taxable","27":"shipping-taxable","28":"purchasable","29":"product-type-simple"},"_links":{"self":[{"href":"https:\/\/ryinz.cz\/velkoobchod\/pl\/wp-json\/wp\/v2\/product\/9164","targetHints":{"allow":["GET"]}}],"collection":[{"href":"https:\/\/ryinz.cz\/velkoobchod\/pl\/wp-json\/wp\/v2\/product"}],"about":[{"href":"https:\/\/ryinz.cz\/velkoobchod\/pl\/wp-json\/wp\/v2\/types\/product"}],"replies":[{"embeddable":true,"href":"https:\/\/ryinz.cz\/velkoobchod\/pl\/wp-json\/wp\/v2\/comments?post=9164"}],"wp:featuredmedia":[{"embeddable":true,"href":"https:\/\/ryinz.cz\/velkoobchod\/pl\/wp-json\/wp\/v2\/media\/9353"}],"wp:attachment":[{"href":"https:\/\/ryinz.cz\/velkoobchod\/pl\/wp-json\/wp\/v2\/media?parent=9164"}],"wp:term":[{"taxonomy":"product_brand","embeddable":true,"href":"https:\/\/ryinz.cz\/velkoobchod\/pl\/wp-json\/wp\/v2\/product_brand?post=9164"},{"taxonomy":"product_cat","embeddable":true,"href":"https:\/\/ryinz.cz\/velkoobchod\/pl\/wp-json\/wp\/v2\/product_cat?post=9164"},{"taxonomy":"product_tag","embeddable":true,"href":"https:\/\/ryinz.cz\/velkoobchod\/pl\/wp-json\/wp\/v2\/product_tag?post=9164"}],"curies":[{"name":"wp","href":"https:\/\/api.w.org\/{rel}","templated":true}]}}