{"id":9163,"date":"2025-06-22T15:31:10","date_gmt":"2025-06-22T15:31:10","guid":{"rendered":"https:\/\/ryinz.cz\/velkoobchod\/?post_type=product&#038;p=9163"},"modified":"2026-01-18T20:17:50","modified_gmt":"2026-01-18T20:17:50","slug":"pikowane-termiczne-rekawiczki-zimowe-ryinz-stylowe-brazowe-biale-rekawiczki-z-ekranem-dotykowym-premium-moda-outdoorowa-odziez-reczna","status":"publish","type":"product","link":"https:\/\/ryinz.cz\/velkoobchod\/pl\/product\/quilted-thermal-winter-gloves-by-ryinz-stylish-brown-white-touchscreen-gloves-premium-outdoor-fashion-handwear\/","title":{"rendered":"Pikowane r\u0119kawiczki zimowe RYINZ | Stylowe br\u0105zowo-bia\u0142e r\u0119kawiczki z ekranem dotykowym | Najwy\u017cszej jako\u015bci modna odzie\u017c wierzchnia"},"content":{"rendered":"<h3 data-start=\"200\" data-end=\"284\">???? <strong data-start=\"207\" data-end=\"282\">Pikowane r\u0119kawiczki zimowe RYINZ - eleganckie ciep\u0142o i wydajno\u015b\u0107 na co dzie\u0144<\/strong><\/h3>\n<p data-start=\"286\" data-end=\"763\">Przedstawiamy <strong data-start=\"302\" data-end=\"341\">Pikowane r\u0119kawice zimowe RYINZ<\/strong>, to wysokowydajne rozwi\u0105zanie na zim\u0119, dostosowane zar\u00f3wno do miejskiej mody, jak i funkcjonalno\u015bci na \u015bwie\u017cym powietrzu. R\u0119kawice te \u0142\u0105cz\u0105 w sobie estetyk\u0119 premium z techniczn\u0105 gotowo\u015bci\u0105 na zim\u0119 - idealne dla marek poszukuj\u0105cych ekskluzywnego wygl\u0105du i praktycznej izolacji. Unikalny br\u0105zowo-bia\u0142y pikowany wz\u00f3r zapewnia wyr\u00f3\u017cniaj\u0105c\u0105 si\u0119 luksusow\u0105 stylistyk\u0119, a wewn\u0119trzna mi\u0119kko\u015b\u0107, ochrona przed warunkami atmosferycznymi i mobilno\u015b\u0107 wspieraj\u0105 codzienne noszenie w najzimniejszych porach roku.<\/p>\n<p data-start=\"765\" data-end=\"1005\">Niezale\u017cnie od tego, czy jeste\u015b sprzedawc\u0105 odzie\u017cy zimowej, mi\u0142o\u015bnikiem je\u017adziectwa, czy mark\u0105 lifestylow\u0105 poszukuj\u0105c\u0105 markowych akcesori\u00f3w outdoorowych, te r\u0119kawice oferuj\u0105 idealn\u0105 r\u00f3wnowag\u0119 mi\u0119dzy <strong data-start=\"941\" data-end=\"960\">wizualna elegancja<\/strong>, <strong data-start=\"962\" data-end=\"972\">ciep\u0142o<\/strong>, oraz <strong data-start=\"978\" data-end=\"1004\">praktyczno\u015b\u0107 hurtowa<\/strong>.<\/p>\n<hr data-start=\"1007\" data-end=\"1010\" \/>\n<h3 data-start=\"1012\" data-end=\"1067\">???? <strong data-start=\"1019\" data-end=\"1065\">Najwy\u017cszej jako\u015bci wzornictwo dla os\u00f3b dbaj\u0105cych o styl<\/strong><\/h3>\n<ul data-start=\"1068\" data-end=\"1676\">\n<li data-start=\"1068\" data-end=\"1194\">\n<p data-start=\"1070\" data-end=\"1194\">Nowoczesna dwukolorowa kolorystyka w <strong data-start=\"1098\" data-end=\"1134\">czekoladowy br\u0105z i arktyczna biel<\/strong>, idealny do zestawiania z zimowymi p\u0142aszczami lub odzie\u017c\u0105 codzienn\u0105<\/p>\n<\/li>\n<li data-start=\"1195\" data-end=\"1318\">\n<p data-start=\"1197\" data-end=\"1318\"><strong data-start=\"1197\" data-end=\"1226\">Pikowanie diamentowe<\/strong> w poprzek warstwy zewn\u0119trznej zapewnia designerski wygl\u0105d, cz\u0119sto spotykany w kolekcjach odzie\u017cy premium<\/p>\n<\/li>\n<li data-start=\"1319\" data-end=\"1439\">\n<p data-start=\"1321\" data-end=\"1439\">Wysoki kontrast <strong data-start=\"1335\" data-end=\"1358\">Branding logo RYINZ<\/strong> zwi\u0119ksza widoczno\u015b\u0107 i rozpoznawalno\u015b\u0107 marki w\u0142asnej lub nabywc\u00f3w detalicznych<\/p>\n<\/li>\n<li data-start=\"1440\" data-end=\"1554\">\n<p data-start=\"1442\" data-end=\"1554\"><strong data-start=\"1442\" data-end=\"1465\">Boczne zapi\u0119cie na zamek b\u0142yskawiczny<\/strong> Zapewnia \u0142atwe zdejmowanie i dok\u0142adne dopasowanie do nadgarstka, aby zapobiec w\u015blizgiwaniu si\u0119 \u015bniegu i zimnego powietrza.<\/p>\n<\/li>\n<li data-start=\"1555\" data-end=\"1676\">\n<p data-start=\"1557\" data-end=\"1676\">Smuk\u0142a, pochlebna sylwetka zaprojektowana tak, aby pasowa\u0142a zar\u00f3wno m\u0119\u017cczyznom, jak i kobietom, dost\u0119pna w wielu rozmiarach na rynki mi\u0119dzynarodowe.<\/p>\n<\/li>\n<\/ul>\n<hr data-start=\"1678\" data-end=\"1681\" \/>\n<h3 data-start=\"1683\" data-end=\"1736\">???? <strong data-start=\"1690\" data-end=\"1734\">Cechy funkcjonalne do u\u017cytku w niskich temperaturach<\/strong><\/h3>\n<ul data-start=\"1737\" data-end=\"2331\">\n<li data-start=\"1737\" data-end=\"1836\">\n<p data-start=\"1739\" data-end=\"1836\"><strong data-start=\"1739\" data-end=\"1762\">Wewn\u0119trzna podszewka z polaru<\/strong> Zapewnia ochron\u0119 termiczn\u0105 w warunkach poni\u017cej zera bez nadmiernej obj\u0119to\u015bci<\/p>\n<\/li>\n<li data-start=\"1837\" data-end=\"1978\">\n<p data-start=\"1839\" data-end=\"1978\"><strong data-start=\"1839\" data-end=\"1876\">Ko\u0144c\u00f3wki palc\u00f3w kompatybilne z ekranem dotykowym<\/strong> (palec wskazuj\u0105cy i kciuk) pozwalaj\u0105 u\u017cytkownikom odbiera\u0107 po\u0142\u0105czenia, nawigowa\u0107 po aplikacjach lub regulowa\u0107 GPS bez zdejmowania r\u0119kawiczek.<\/p>\n<\/li>\n<li data-start=\"1979\" data-end=\"2117\">\n<p data-start=\"1981\" data-end=\"2117\"><strong data-start=\"1981\" data-end=\"2006\">Elastyczna konstrukcja<\/strong> dla naturalnego ruchu palc\u00f3w - idealny do jazdy samochodem, spacer\u00f3w, zakup\u00f3w, dojazd\u00f3w do pracy, a nawet lekkich prac je\u017adzieckich<\/p>\n<\/li>\n<li data-start=\"2118\" data-end=\"2215\">\n<p data-start=\"2120\" data-end=\"2215\">Odporna na wiatr tkanina zewn\u0119trzna i pikowane strefy stanowi\u0105 barier\u0119 przed ch\u0142odnymi podmuchami i mrozem<\/p>\n<\/li>\n<li data-start=\"2216\" data-end=\"2331\">\n<p data-start=\"2218\" data-end=\"2331\">Odpowiedni zar\u00f3wno dla <strong data-start=\"2236\" data-end=\"2263\">miejskie aktywno\u015bci zimowe<\/strong> i na zewn\u0105trz - od paryskich ulic po trasy nordicowe<\/p>\n<\/li>\n<\/ul>\n<hr data-start=\"2333\" data-end=\"2336\" \/>\n<h3 data-start=\"2338\" data-end=\"2393\">???? <strong data-start=\"2345\" data-end=\"2391\">Niestandardowy branding i mo\u017cliwo\u015b\u0107 stosowania marek w\u0142asnych<\/strong><\/h3>\n<ul data-start=\"2394\" data-end=\"2861\">\n<li data-start=\"2394\" data-end=\"2515\">\n<p data-start=\"2396\" data-end=\"2515\">Dost\u0119pne dla <strong data-start=\"2410\" data-end=\"2435\">OEM i marki w\u0142asne<\/strong> zam\u00f3wienia z niestandardowymi paletami kolor\u00f3w (granatowy, szary, czarny, wielb\u0142\u0105dzi, oliwkowy, bordowy)<\/p>\n<\/li>\n<li data-start=\"2516\" data-end=\"2617\">\n<p data-start=\"2518\" data-end=\"2617\">Opcje logo obejmuj\u0105 nadruk sublimacyjny, haft lub naszywk\u0119 (na nadgarstku, palcu lub w strefie backhandu).<\/p>\n<\/li>\n<li data-start=\"2618\" data-end=\"2693\">\n<p data-start=\"2620\" data-end=\"2693\">Niestandardowe tabele rozmiar\u00f3w oparte na wymiarach d\u0142oni w UE, Wielkiej Brytanii lub na Bliskim Wschodzie<\/p>\n<\/li>\n<li data-start=\"2694\" data-end=\"2792\">\n<p data-start=\"2696\" data-end=\"2792\">Dost\u0119pne opakowania detaliczne: woreczki z zamkiem b\u0142yskawicznym, pude\u0142ka kraft, ekologiczne opakowania rolkowe i \u015bwi\u0105teczne zestawy upominkowe.<\/p>\n<\/li>\n<li data-start=\"2793\" data-end=\"2861\">\n<p data-start=\"2795\" data-end=\"2861\">Przyjazny dla MOQ - od pr\u00f3bkowania ma\u0142ych ilo\u015bci do produkcji na pe\u0142n\u0105 skal\u0119<\/p>\n<\/li>\n<\/ul>\n<hr data-start=\"2863\" data-end=\"2866\" \/>\n<h3 data-start=\"2868\" data-end=\"2919\">???? <strong data-start=\"2875\" data-end=\"2917\">Idealny dla nabywc\u00f3w B2B na r\u00f3\u017cnych rynkach:<\/strong><\/h3>\n<ul data-start=\"2920\" data-end=\"3409\">\n<li data-start=\"2920\" data-end=\"3003\">\n<p data-start=\"2922\" data-end=\"3003\"><strong data-start=\"2922\" data-end=\"2943\">Butiki z mod\u0105<\/strong> Szukasz stylowych akcesori\u00f3w zimowych o luksusowym wygl\u0105dzie?<\/p>\n<\/li>\n<li data-start=\"3004\" data-end=\"3072\">\n<p data-start=\"3006\" data-end=\"3072\"><strong data-start=\"3006\" data-end=\"3027\">Marki je\u017adzieckie<\/strong> eleganckie r\u0119kawiczki je\u017adzieckie na zimn\u0105 pogod\u0119<\/p>\n<\/li>\n<li data-start=\"3073\" data-end=\"3155\">\n<p data-start=\"3075\" data-end=\"3155\"><strong data-start=\"3075\" data-end=\"3101\">O\u015brodki narciarskie i alpejskie<\/strong> poszukiwanie gotowych do sprzeda\u017cy detalicznej r\u0119kawic kompatybilnych z ekranami dotykowymi<\/p>\n<\/li>\n<li data-start=\"3156\" data-end=\"3247\">\n<p data-start=\"3158\" data-end=\"3247\"><strong data-start=\"3158\" data-end=\"3194\">Dystrybutorzy produkt\u00f3w promocyjnych<\/strong> poszukiwanie eleganckich, neutralnych pod wzgl\u0119dem p\u0142ci prezent\u00f3w zimowych<\/p>\n<\/li>\n<li data-start=\"3248\" data-end=\"3344\">\n<p data-start=\"3250\" data-end=\"3344\"><strong data-start=\"3250\" data-end=\"3277\">Internetowe sklepy lifestyle'owe<\/strong> i dropshipperzy potrzebuj\u0105cy gotowych do sprzeda\u017cy, wysokomar\u017cowych produkt\u00f3w sezonowych<\/p>\n<\/li>\n<li data-start=\"3345\" data-end=\"3409\">\n<p data-start=\"3347\" data-end=\"3409\"><strong data-start=\"3347\" data-end=\"3377\">Programy prezent\u00f3w korporacyjnych<\/strong> lub prezenty VIP na zimowe wydarzenia<\/p>\n<\/li>\n<\/ul>\n<hr data-start=\"3411\" data-end=\"3414\" \/>\n<h3 data-start=\"3416\" data-end=\"3460\">???? <strong data-start=\"3423\" data-end=\"3458\">Dlaczego warto wybra\u0107 r\u0119kawice zimowe RYINZ?<\/strong><\/h3>\n<p data-start=\"3461\" data-end=\"3825\">Produkcja odbywa si\u0119 w Azji, a obs\u0142uga klienta w Czechach, <strong data-start=\"3542\" data-end=\"3551\">RYINZ<\/strong> zapewnia wysokiej jako\u015bci produkcj\u0119 r\u0119kawic, wydajn\u0105 realizacj\u0119 zam\u00f3wie\u0144 w UE i obs\u0142ug\u0119 klienta dostosowan\u0105 do marki. Nasze r\u0119kawice s\u0105 zaprojektowane z my\u015bl\u0105 o <strong data-start=\"3688\" data-end=\"3709\">forma i funkcja<\/strong> \u0142\u0105cz\u0105c stylowe wyko\u0144czenia z praktycznym ciep\u0142em oraz gotowe do sprzeda\u017cy projekty z potencja\u0142em personalizacji.<\/p>\n<p data-start=\"3827\" data-end=\"4026\"><strong data-start=\"3827\" data-end=\"3876\">Od pierwszych mroz\u00f3w do ostatnich opad\u00f3w \u015bniegu<\/strong>, w <strong data-start=\"3882\" data-end=\"3906\">R\u0119kawiczki pikowane RYINZ<\/strong> s\u0105 najlepszym wyborem dla produkt\u00f3w B2B, kt\u00f3re spe\u0142niaj\u0105 oczekiwania mody, utrzymuj\u0105 ciep\u0142o r\u0105k i wspieraj\u0105 rozw\u00f3j biznesu.<\/p>","protected":false},"excerpt":{"rendered":"<p>Zachowaj wygod\u0119 i pewno\u015b\u0107 siebie na \u015bniegu dzi\u0119ki <strong data-start=\"4018\" data-end=\"4057\">R\u0119kawice \u015bniegowe i narciarskie RYINZ na ka\u017cd\u0105 pogod\u0119<\/strong> - Gotowe na zim\u0119 r\u0119kawice stworzone z my\u015bl\u0105 o powa\u017cnej wydajno\u015bci w ekstremalnych warunkach. R\u0119kawice te \u0142\u0105cz\u0105 wytrzyma\u0142\u0105 pow\u0142ok\u0119 zewn\u0119trzn\u0105 z izolacj\u0105 termiczn\u0105 i wygodn\u0105 podszewk\u0105, zapewniaj\u0105c niezawodn\u0105 ochron\u0119 przed wiatrem, \u015bniegiem i wilgoci\u0105. D\u0142ugi mankiet zapewnia dodatkow\u0105 os\u0142on\u0119, a regulowany pasek i zacisk na nadgarstek utrzymuj\u0105 je bezpiecznie na miejscu. Wzmocniona d\u0142o\u0144 poprawia przyczepno\u015b\u0107, a wy\u015bcie\u0142ane obszary i wst\u0119pnie zakrzywione palce zwi\u0119kszaj\u0105 elastyczno\u015b\u0107 i ochron\u0119. Idealne do jazdy na nartach, snowboardzie, skuterach \u015bnie\u017cnych i pracy w niskich temperaturach, r\u0119kawice te s\u0105 przeznaczone dla m\u0119\u017cczyzn i kobiet, kt\u00f3rzy potrzebuj\u0105 zar\u00f3wno stylu, jak i wydajno\u015bci w jednym.<\/p>","protected":false},"featured_media":9358,"comment_status":"closed","ping_status":"closed","template":"","meta":[],"product_brand":[35],"product_cat":[57],"product_tag":[304,305,306,307,308,309,310,311,312,313,314,315,316,317,318],"class_list":{"0":"post-9163","1":"product","2":"type-product","3":"status-publish","4":"has-post-thumbnail","6":"product_brand-ryinz","8":"product_tag-brown-and-white-stitched-thermal-gloves","9":"product_tag-cold-weather-accessories-for-gifting","10":"product_tag-designer-inspired-winter-gloves-for-branding","11":"product_tag-fashion-gloves-for-urban-winter-outfits","12":"product_tag-insulated-quilt-gloves-for-winter-sports","13":"product_tag-luxury-gloves-for-fashion-retailers","14":"product_tag-oem-touchscreen-gloves-with-fleece","15":"product_tag-premium-driving-gloves-for-winter-use","16":"product_tag-quilted-winter-gloves-with-zipper","17":"product_tag-ryinz-gloves-for-private-label-winterwear","18":"product_tag-soft-lined-gloves-for-snow-and-frost","19":"product_tag-thermal-gloves-for-equestrian-apparel","20":"product_tag-touchscreen-compatible-outdoor-gloves","21":"product_tag-wholesale-fur-lined-gloves-for-boutiques","22":"product_tag-womens-touchscreen-cold-weather-gloves","24":"first","25":"instock","26":"taxable","27":"shipping-taxable","28":"purchasable","29":"product-type-simple"},"_links":{"self":[{"href":"https:\/\/ryinz.cz\/velkoobchod\/pl\/wp-json\/wp\/v2\/product\/9163","targetHints":{"allow":["GET"]}}],"collection":[{"href":"https:\/\/ryinz.cz\/velkoobchod\/pl\/wp-json\/wp\/v2\/product"}],"about":[{"href":"https:\/\/ryinz.cz\/velkoobchod\/pl\/wp-json\/wp\/v2\/types\/product"}],"replies":[{"embeddable":true,"href":"https:\/\/ryinz.cz\/velkoobchod\/pl\/wp-json\/wp\/v2\/comments?post=9163"}],"wp:featuredmedia":[{"embeddable":true,"href":"https:\/\/ryinz.cz\/velkoobchod\/pl\/wp-json\/wp\/v2\/media\/9358"}],"wp:attachment":[{"href":"https:\/\/ryinz.cz\/velkoobchod\/pl\/wp-json\/wp\/v2\/media?parent=9163"}],"wp:term":[{"taxonomy":"product_brand","embeddable":true,"href":"https:\/\/ryinz.cz\/velkoobchod\/pl\/wp-json\/wp\/v2\/product_brand?post=9163"},{"taxonomy":"product_cat","embeddable":true,"href":"https:\/\/ryinz.cz\/velkoobchod\/pl\/wp-json\/wp\/v2\/product_cat?post=9163"},{"taxonomy":"product_tag","embeddable":true,"href":"https:\/\/ryinz.cz\/velkoobchod\/pl\/wp-json\/wp\/v2\/product_tag?post=9163"}],"curies":[{"name":"wp","href":"https:\/\/api.w.org\/{rel}","templated":true}]}}