{"id":9085,"date":"2025-06-22T15:28:04","date_gmt":"2025-06-22T15:28:04","guid":{"rendered":"https:\/\/ryinz.cz\/velkoobchod\/?post_type=product&#038;p=9085"},"modified":"2026-01-18T20:17:40","modified_gmt":"2026-01-18T20:17:40","slug":"meski-dres-retro-granatowy-bialy-przez-ryinz-dwukolorowy-zamek-blyskawiczny-kurtka-joggery-zestaw-niestandardowa-odziez-sportowa-athleisure-hurtownia","status":"publish","type":"product","link":"https:\/\/ryinz.cz\/velkoobchod\/pl\/product\/mens-retro-navy-blue-white-tracksuit-by-ryinz-two-tone-zip-jacket-joggers-set-custom-athleisure-sportswear-wholesale\/","title":{"rendered":"M\u0119skie dresy w stylu retro w kolorze granatowo-bia\u0142ym marki RYINZ | Dwukolorowy zestaw kurtka z zamkiem b\u0142yskawicznym i joggery | Niestandardowa sportowa odzie\u017c rekreacyjna Hurtownia"},"content":{"rendered":"","protected":false},"excerpt":{"rendered":"<p data-start=\"354\" data-end=\"719\"><span class=\"_fadeIn_m1hgl_8\">Przynie\u015b\u0107 <\/span><span class=\"_fadeIn_m1hgl_8\">ponadczasowy <\/span><span class=\"_fadeIn_m1hgl_8\">sportowy <\/span><span class=\"_fadeIn_m1hgl_8\">styl <\/span><span class=\"_fadeIn_m1hgl_8\">do <\/span><span class=\"_fadeIn_m1hgl_8\">tw\u00f3j <\/span><span class=\"_fadeIn_m1hgl_8\">szafa <\/span><span class=\"_fadeIn_m1hgl_8\">z <\/span><span class=\"_fadeIn_m1hgl_8\">w <\/span><strong data-start=\"410\" data-end=\"465\"><span class=\"_fadeIn_m1hgl_8\">RYINZ <\/span><span class=\"_fadeIn_m1hgl_8\">Retro <\/span><span class=\"_fadeIn_m1hgl_8\">Marynarka wojenna <\/span><span class=\"_fadeIn_m1hgl_8\">Niebieski &amp; <\/span><span class=\"_fadeIn_m1hgl_8\">Bia\u0142y <\/span><span class=\"_fadeIn_m1hgl_8\">Dres <\/span><span class=\"_fadeIn_m1hgl_8\">Zestaw <\/span><span class=\"_fadeIn_m1hgl_8\">dla <\/span><span class=\"_fadeIn_m1hgl_8\">M\u0119\u017cczy\u017ani<\/span><\/strong><span class=\"_fadeIn_m1hgl_8\"> - <\/span><span class=\"_fadeIn_m1hgl_8\">a <\/span><span class=\"_fadeIn_m1hgl_8\">elegancki, <\/span><span class=\"_fadeIn_m1hgl_8\">dwa<\/span><span class=\"_fadeIn_m1hgl_8\">ton <\/span><span class=\"_fadeIn_m1hgl_8\">athleisure <\/span><span class=\"_fadeIn_m1hgl_8\">combo <\/span><span class=\"_fadeIn_m1hgl_8\">\u017ce <\/span><span class=\"_fadeIn_m1hgl_8\">bezpieczniki <\/span><span class=\"_fadeIn_m1hgl_8\">rocznik <\/span><span class=\"_fadeIn_m1hgl_8\">estetyka <\/span><span class=\"_fadeIn_m1hgl_8\">z <\/span><span class=\"_fadeIn_m1hgl_8\">nowoczesny <\/span><span class=\"_fadeIn_m1hgl_8\">komfort. <\/span><span class=\"_fadeIn_m1hgl_8\">To <\/span><span class=\"_fadeIn_m1hgl_8\">lekki, <\/span><span class=\"_fadeIn_m1hgl_8\">wysoki<\/span><span class=\"_fadeIn_m1hgl_8\">wydajno\u015b\u0107 <\/span><span class=\"_fadeIn_m1hgl_8\">zestaw <\/span><span class=\"_fadeIn_m1hgl_8\">cechy <\/span><span class=\"_fadeIn_m1hgl_8\">a <\/span><span class=\"_fadeIn_m1hgl_8\">zip-<\/span><span class=\"_fadeIn_m1hgl_8\">w g\u00f3r\u0119 <\/span><span class=\"_fadeIn_m1hgl_8\">bombowiec-<\/span><span class=\"_fadeIn_m1hgl_8\">styl <\/span><span class=\"_fadeIn_m1hgl_8\">kurtka <\/span><span class=\"_fadeIn_m1hgl_8\">oraz <\/span><span class=\"_fadeIn_m1hgl_8\">dopasowanie <\/span><span class=\"_fadeIn_m1hgl_8\">biegacz <\/span><span class=\"_fadeIn_m1hgl_8\">spodnie, <\/span><span class=\"_fadeIn_m1hgl_8\">idealny <\/span><span class=\"_fadeIn_m1hgl_8\">dla <\/span><span class=\"_fadeIn_m1hgl_8\">si\u0142ownia <\/span><span class=\"_fadeIn_m1hgl_8\">sesje, <\/span><span class=\"_fadeIn_m1hgl_8\">swobodny <\/span><span class=\"_fadeIn_m1hgl_8\">wydarzenia, <\/span><span class=\"_fadeIn_m1hgl_8\">lub <\/span><span class=\"_fadeIn_m1hgl_8\">streetwear <\/span><span class=\"_fadeIn_m1hgl_8\">stylizacja.<\/span><\/p>\n<p data-start=\"721\" data-end=\"1054\"><span class=\"_fadeIn_m1hgl_8\">The <\/span><span class=\"_fadeIn_m1hgl_8\">kurtka <\/span><span class=\"_fadeIn_m1hgl_8\">przechwa\u0142ki <\/span><span class=\"_fadeIn_m1hgl_8\">a <\/span><span class=\"_fadeIn_m1hgl_8\">czysty <\/span><span class=\"_fadeIn_m1hgl_8\">marynarka <\/span><span class=\"_fadeIn_m1hgl_8\">oraz <\/span><span class=\"_fadeIn_m1hgl_8\">bia\u0142y <\/span><span class=\"_fadeIn_m1hgl_8\">blok <\/span><span class=\"_fadeIn_m1hgl_8\">projekt, <\/span><span class=\"_fadeIn_m1hgl_8\">echo <\/span><span class=\"_fadeIn_m1hgl_8\">klasyczny <\/span><span class=\"_fadeIn_m1hgl_8\">odzie\u017c sportowa <\/span><span class=\"_fadeIn_m1hgl_8\">wibracje. <\/span><span class=\"_fadeIn_m1hgl_8\">Z <\/span><span class=\"_fadeIn_m1hgl_8\">a <\/span><span class=\"_fadeIn_m1hgl_8\">pe\u0142ny <\/span><span class=\"_fadeIn_m1hgl_8\">prz\u00f3d <\/span><span class=\"_fadeIn_m1hgl_8\">zamek b\u0142yskawiczny, <\/span><span class=\"_fadeIn_m1hgl_8\">\u017cebrowany <\/span><span class=\"_fadeIn_m1hgl_8\">mankiety <\/span><span class=\"_fadeIn_m1hgl_8\">oraz <\/span><span class=\"_fadeIn_m1hgl_8\">r\u0105bek <\/span><span class=\"_fadeIn_m1hgl_8\">z <\/span><span class=\"_fadeIn_m1hgl_8\">pasek <\/span><span class=\"_fadeIn_m1hgl_8\">szczeg\u00f3\u0142y, <\/span><span class=\"_fadeIn_m1hgl_8\">oraz <\/span><span class=\"_fadeIn_m1hgl_8\">minimalny <\/span><span class=\"_fadeIn_m1hgl_8\">RYINZ <\/span><span class=\"_fadeIn_m1hgl_8\">logo <\/span><span class=\"_fadeIn_m1hgl_8\">branding <\/span><span class=\"_fadeIn_m1hgl_8\">na <\/span><span class=\"_fadeIn_m1hgl_8\">w <\/span><span class=\"_fadeIn_m1hgl_8\">skrzynia, <\/span><span class=\"_fadeIn_m1hgl_8\">to <\/span><span class=\"_fadeIn_m1hgl_8\">a <\/span><span class=\"_fadeIn_m1hgl_8\">inteligentny <\/span><span class=\"_fadeIn_m1hgl_8\">odzie\u017c wierzchnia <\/span><span class=\"_fadeIn_m1hgl_8\">kawa\u0142ek <\/span><span class=\"_fadeIn_m1hgl_8\">\u017ce <\/span><span class=\"_fadeIn_m1hgl_8\">podnosi <\/span><span class=\"_fadeIn_m1hgl_8\">tw\u00f3j <\/span><span class=\"_fadeIn_m1hgl_8\">swobodny <\/span><span class=\"_fadeIn_m1hgl_8\">wygl\u0105d. <\/span><span class=\"_fadeIn_m1hgl_8\">The <\/span><span class=\"_fadeIn_m1hgl_8\">wysoki<\/span><span class=\"_fadeIn_m1hgl_8\">ko\u0142nierz <\/span><span class=\"_fadeIn_m1hgl_8\">projekt <\/span><span class=\"_fadeIn_m1hgl_8\">oferty <\/span><span class=\"_fadeIn_m1hgl_8\">wiatr <\/span><span class=\"_fadeIn_m1hgl_8\">ochrona <\/span><span class=\"_fadeIn_m1hgl_8\">oraz <\/span><span class=\"_fadeIn_m1hgl_8\">a <\/span><span class=\"_fadeIn_m1hgl_8\">uporz\u0105dkowany <\/span><span class=\"_fadeIn_m1hgl_8\">dopasowanie.<\/span><\/p>\n<p data-start=\"1056\" data-end=\"1372\"><span class=\"_fadeIn_m1hgl_8\">The <\/span><span class=\"_fadeIn_m1hgl_8\">biegacz <\/span><span class=\"_fadeIn_m1hgl_8\">spodnie <\/span><span class=\"_fadeIn_m1hgl_8\">\u015bledzi\u0107 <\/span><span class=\"_fadeIn_m1hgl_8\">a <\/span><span class=\"_fadeIn_m1hgl_8\">usprawniony, <\/span><span class=\"_fadeIn_m1hgl_8\">sto\u017ckowy <\/span><span class=\"_fadeIn_m1hgl_8\">dopasowanie <\/span><span class=\"_fadeIn_m1hgl_8\">w <\/span><span class=\"_fadeIn_m1hgl_8\">solidny <\/span><span class=\"_fadeIn_m1hgl_8\">marynarka <\/span><span class=\"_fadeIn_m1hgl_8\">niebieski, <\/span><span class=\"_fadeIn_m1hgl_8\">wyposa\u017cony <\/span><span class=\"_fadeIn_m1hgl_8\">z <\/span><span class=\"_fadeIn_m1hgl_8\">i <\/span><span class=\"_fadeIn_m1hgl_8\">elastyczny <\/span><span class=\"_fadeIn_m1hgl_8\">pas, <\/span><span class=\"_fadeIn_m1hgl_8\">sznurek <\/span><span class=\"_fadeIn_m1hgl_8\">zamkni\u0119cie, <\/span><span class=\"_fadeIn_m1hgl_8\">oraz <\/span><span class=\"_fadeIn_m1hgl_8\">subtelny <\/span><span class=\"_fadeIn_m1hgl_8\">RYINZ <\/span><span class=\"_fadeIn_m1hgl_8\">logo <\/span><span class=\"_fadeIn_m1hgl_8\">szczeg\u00f3\u0142y <\/span><span class=\"_fadeIn_m1hgl_8\">dla <\/span><span class=\"_fadeIn_m1hgl_8\">marka <\/span><span class=\"_fadeIn_m1hgl_8\">sp\u00f3jno\u015b\u0107. <\/span><span class=\"_fadeIn_m1hgl_8\">The <\/span><span class=\"_fadeIn_m1hgl_8\">g\u0142adki <\/span><span class=\"_fadeIn_m1hgl_8\">poli-<\/span><span class=\"_fadeIn_m1hgl_8\">mieszanka <\/span><span class=\"_fadeIn_m1hgl_8\">materia\u0142 <\/span><span class=\"_fadeIn_m1hgl_8\">odczucia <\/span><span class=\"_fadeIn_m1hgl_8\">mi\u0119kki <\/span><span class=\"_fadeIn_m1hgl_8\">na <\/span><span class=\"_fadeIn_m1hgl_8\">w <\/span><span class=\"_fadeIn_m1hgl_8\">sk\u00f3ra, <\/span><span class=\"_fadeIn_m1hgl_8\">jest <\/span><span class=\"_fadeIn_m1hgl_8\">oddychaj\u0105cy <\/span><span class=\"_fadeIn_m1hgl_8\">dla <\/span><span class=\"_fadeIn_m1hgl_8\">treningi, <\/span><span class=\"_fadeIn_m1hgl_8\">oraz <\/span><span class=\"_fadeIn_m1hgl_8\">stylowy <\/span><span class=\"_fadeIn_m1hgl_8\">wystarczaj\u0105co <\/span><span class=\"_fadeIn_m1hgl_8\">dla <\/span><span class=\"_fadeIn_m1hgl_8\">post-<\/span><span class=\"_fadeIn_m1hgl_8\">si\u0142ownia <\/span><span class=\"_fadeIn_m1hgl_8\">hangouty <\/span><span class=\"_fadeIn_m1hgl_8\">lub <\/span><span class=\"_fadeIn_m1hgl_8\">podr\u00f3\u017ce.<\/span><\/p>\n<p data-start=\"1374\" data-end=\"1682\"><span class=\"_fadeIn_m1hgl_8\">To <\/span><span class=\"_fadeIn_m1hgl_8\">dres <\/span><span class=\"_fadeIn_m1hgl_8\">puszka <\/span><span class=\"_fadeIn_m1hgl_8\">by\u0107 <\/span><span class=\"_fadeIn_m1hgl_8\">w pe\u0142ni <\/span><span class=\"_fadeIn_m1hgl_8\">dostosowany <\/span><span class=\"_fadeIn_m1hgl_8\">dla <\/span><span class=\"_fadeIn_m1hgl_8\">marki <\/span><span class=\"_fadeIn_m1hgl_8\">oraz <\/span><span class=\"_fadeIn_m1hgl_8\">detali\u015bci - <\/span><span class=\"_fadeIn_m1hgl_8\">logo <\/span><span class=\"_fadeIn_m1hgl_8\">sta\u017ce, <\/span><span class=\"_fadeIn_m1hgl_8\">etykiety, <\/span><span class=\"_fadeIn_m1hgl_8\">opakowanie, <\/span><span class=\"_fadeIn_m1hgl_8\">oraz <\/span><span class=\"_fadeIn_m1hgl_8\">rozmiar <\/span><span class=\"_fadeIn_m1hgl_8\">wykresy <\/span><span class=\"_fadeIn_m1hgl_8\">dostosowany <\/span><span class=\"_fadeIn_m1hgl_8\">do <\/span><span class=\"_fadeIn_m1hgl_8\">tw\u00f3j <\/span><span class=\"_fadeIn_m1hgl_8\">potrzeby. <\/span><span class=\"_fadeIn_m1hgl_8\">Czy <\/span><span class=\"_fadeIn_m1hgl_8\">ty <\/span><span class=\"_fadeIn_m1hgl_8\">s\u0105 <\/span><span class=\"_fadeIn_m1hgl_8\">uruchomienie <\/span><span class=\"_fadeIn_m1hgl_8\">tw\u00f3j <\/span><span class=\"_fadeIn_m1hgl_8\">w\u0142asny <\/span><span class=\"_fadeIn_m1hgl_8\">moda <\/span><span class=\"_fadeIn_m1hgl_8\">linia <\/span><span class=\"_fadeIn_m1hgl_8\">lub <\/span><span class=\"_fadeIn_m1hgl_8\">zaopatrzenie <\/span><span class=\"_fadeIn_m1hgl_8\">dla <\/span><span class=\"_fadeIn_m1hgl_8\">a <\/span><span class=\"_fadeIn_m1hgl_8\">hurtowy <\/span><span class=\"_fadeIn_m1hgl_8\">klient, <\/span><span class=\"_fadeIn_m1hgl_8\">RYINZ <\/span><span class=\"_fadeIn_m1hgl_8\">oferty <\/span><span class=\"_fadeIn_m1hgl_8\">premia <\/span><span class=\"_fadeIn_m1hgl_8\">produkcja, <\/span><span class=\"_fadeIn_m1hgl_8\">EU-.<\/span><span class=\"_fadeIn_m1hgl_8\">oparty <\/span><span class=\"_fadeIn_m1hgl_8\">komunikacja, <\/span><span class=\"_fadeIn_m1hgl_8\">oraz <\/span><span class=\"_fadeIn_m1hgl_8\">B2B <\/span><span class=\"_fadeIn_m1hgl_8\">wsparcie <\/span><span class=\"_fadeIn_m1hgl_8\">na <\/span><span class=\"_fadeIn_m1hgl_8\">skala.<\/span><\/p>\n<p data-start=\"1684\" data-end=\"1802\"><span class=\"_fadeIn_m1hgl_8\">Od <\/span><span class=\"_fadeIn_m1hgl_8\">sport <\/span><span class=\"_fadeIn_m1hgl_8\">do <\/span><span class=\"_fadeIn_m1hgl_8\">ul, <\/span><span class=\"_fadeIn_m1hgl_8\">to <\/span><span class=\"_fadeIn_m1hgl_8\">navy-<\/span><span class=\"_fadeIn_m1hgl_8\">bia\u0142y <\/span><span class=\"_fadeIn_m1hgl_8\">zestaw <\/span><span class=\"_fadeIn_m1hgl_8\">jest <\/span><span class=\"_fadeIn_m1hgl_8\">a <\/span><span class=\"_fadeIn_m1hgl_8\">wyr\u00f3\u017cnia\u0107 si\u0119 <\/span><span class=\"_fadeIn_m1hgl_8\">pozycja <\/span><span class=\"_fadeIn_m1hgl_8\">gotowy <\/span><span class=\"_fadeIn_m1hgl_8\">do <\/span><span class=\"_fadeIn_m1hgl_8\">reprezentowa\u0107 <\/span><span class=\"_fadeIn_m1hgl_8\">tw\u00f3j <\/span><span class=\"_fadeIn_m1hgl_8\">marka <\/span><span class=\"_fadeIn_m1hgl_8\">z <\/span><span class=\"_fadeIn_m1hgl_8\">zaufanie <\/span><span class=\"_fadeIn_m1hgl_8\">oraz <\/span><span class=\"_fadeIn_m1hgl_8\">klasa.<\/span><\/p>","protected":false},"featured_media":9344,"comment_status":"closed","ping_status":"closed","template":"","meta":[],"product_brand":[35],"product_cat":[68,69],"product_tag":[],"class_list":{"0":"post-9085","1":"product","2":"type-product","3":"status-publish","4":"has-post-thumbnail","6":"product_brand-ryinz","7":"product_cat-ryinz","8":"product_cat-tracksuits","10":"first","11":"instock","12":"taxable","13":"shipping-taxable","14":"purchasable","15":"product-type-simple"},"_links":{"self":[{"href":"https:\/\/ryinz.cz\/velkoobchod\/pl\/wp-json\/wp\/v2\/product\/9085","targetHints":{"allow":["GET"]}}],"collection":[{"href":"https:\/\/ryinz.cz\/velkoobchod\/pl\/wp-json\/wp\/v2\/product"}],"about":[{"href":"https:\/\/ryinz.cz\/velkoobchod\/pl\/wp-json\/wp\/v2\/types\/product"}],"replies":[{"embeddable":true,"href":"https:\/\/ryinz.cz\/velkoobchod\/pl\/wp-json\/wp\/v2\/comments?post=9085"}],"wp:featuredmedia":[{"embeddable":true,"href":"https:\/\/ryinz.cz\/velkoobchod\/pl\/wp-json\/wp\/v2\/media\/9344"}],"wp:attachment":[{"href":"https:\/\/ryinz.cz\/velkoobchod\/pl\/wp-json\/wp\/v2\/media?parent=9085"}],"wp:term":[{"taxonomy":"product_brand","embeddable":true,"href":"https:\/\/ryinz.cz\/velkoobchod\/pl\/wp-json\/wp\/v2\/product_brand?post=9085"},{"taxonomy":"product_cat","embeddable":true,"href":"https:\/\/ryinz.cz\/velkoobchod\/pl\/wp-json\/wp\/v2\/product_cat?post=9085"},{"taxonomy":"product_tag","embeddable":true,"href":"https:\/\/ryinz.cz\/velkoobchod\/pl\/wp-json\/wp\/v2\/product_tag?post=9085"}],"curies":[{"name":"wp","href":"https:\/\/api.w.org\/{rel}","templated":true}]}}