{"id":9068,"date":"2025-06-22T15:27:35","date_gmt":"2025-06-22T15:27:35","guid":{"rendered":"https:\/\/ryinz.cz\/velkoobchod\/?post_type=product&#038;p=9068"},"modified":"2026-01-18T20:17:33","modified_gmt":"2026-01-18T20:17:33","slug":"meski-czarno-zolty-dres-w-stylu-varsity-casualowa-kurtka-bejsbolowa-i-joggery-stylowa-sportowa-odziez-uliczna-marki-ryinz-copy","status":"publish","type":"product","link":"https:\/\/ryinz.cz\/velkoobchod\/pl\/product\/mens-varsity-style-black-and-yellow-tracksuit-casual-baseball-jacket-and-jogger-set-stylish-athletic-streetwear-by-ryinz-copy\/","title":{"rendered":"M\u0119ski czarno-\u017c\u00f3\u0142ty dres w stylu Varsity - codzienna kurtka baseballowa i zestaw jogger\u00f3w - stylowa sportowa odzie\u017c uliczna RYINZ (kopia)"},"content":{"rendered":"<p data-start=\"1309\" data-end=\"1647\"><span class=\"_fadeIn_m1hgl_8\">The <\/span><span class=\"_fadeIn_m1hgl_8\">RYINZ <\/span><span class=\"_fadeIn_m1hgl_8\">Premium <\/span><span class=\"_fadeIn_m1hgl_8\">Varsity <\/span><span class=\"_fadeIn_m1hgl_8\">Dres <\/span><span class=\"_fadeIn_m1hgl_8\">Zestaw (<\/span><span class=\"_fadeIn_m1hgl_8\">Czerwony &amp; <\/span><span class=\"_fadeIn_m1hgl_8\">Navy) <\/span><span class=\"_fadeIn_m1hgl_8\">jest <\/span><span class=\"_fadeIn_m1hgl_8\">zaprojektowany <\/span><span class=\"_fadeIn_m1hgl_8\">dla <\/span><span class=\"_fadeIn_m1hgl_8\">nowoczesny <\/span><span class=\"_fadeIn_m1hgl_8\">m\u0119\u017cczy\u017ani <\/span><span class=\"_fadeIn_m1hgl_8\">oraz <\/span><span class=\"_fadeIn_m1hgl_8\">m\u0142odzie\u017c <\/span><span class=\"_fadeIn_m1hgl_8\">kto <\/span><span class=\"_fadeIn_m1hgl_8\">poszukiwanie <\/span><span class=\"_fadeIn_m1hgl_8\">w <\/span><span class=\"_fadeIn_m1hgl_8\">doskona\u0142y <\/span><span class=\"_fadeIn_m1hgl_8\">mieszanka <\/span><span class=\"_fadeIn_m1hgl_8\">z <\/span><span class=\"_fadeIn_m1hgl_8\">retro <\/span><span class=\"_fadeIn_m1hgl_8\">inspiracja <\/span><span class=\"_fadeIn_m1hgl_8\">oraz <\/span><span class=\"_fadeIn_m1hgl_8\">wsp\u00f3\u0142czesny <\/span><span class=\"_fadeIn_m1hgl_8\">funkcjonalno\u015b\u0107. <\/span><span class=\"_fadeIn_m1hgl_8\">Czy <\/span><span class=\"_fadeIn_m1hgl_8\">dla <\/span><span class=\"_fadeIn_m1hgl_8\">hurtowy <\/span><span class=\"_fadeIn_m1hgl_8\">dystrybucja, <\/span><span class=\"_fadeIn_m1hgl_8\">detaliczny <\/span><span class=\"_fadeIn_m1hgl_8\">p\u00f3\u0142ki, <\/span><span class=\"_fadeIn_m1hgl_8\">lub <\/span><span class=\"_fadeIn_m1hgl_8\">prywatny <\/span><span class=\"_fadeIn_m1hgl_8\">etykieta <\/span><span class=\"_fadeIn_m1hgl_8\">branding, <\/span><span class=\"_fadeIn_m1hgl_8\">to <\/span><span class=\"_fadeIn_m1hgl_8\">dres <\/span><span class=\"_fadeIn_m1hgl_8\">stojaki <\/span><span class=\"_fadeIn_m1hgl_8\">na zewn\u0105trz <\/span><span class=\"_fadeIn_m1hgl_8\">jak <\/span><span class=\"_fadeIn_m1hgl_8\">a <\/span><span class=\"_fadeIn_m1hgl_8\">okr\u0119t flagowy <\/span><span class=\"_fadeIn_m1hgl_8\">odzie\u017c <\/span><span class=\"_fadeIn_m1hgl_8\">w <\/span><span class=\"_fadeIn_m1hgl_8\">streetwear <\/span><span class=\"_fadeIn_m1hgl_8\">oraz <\/span><span class=\"_fadeIn_m1hgl_8\">odzie\u017c sportowa <\/span><span class=\"_fadeIn_m1hgl_8\">kolekcje.<\/span><\/p>\n<p data-start=\"1649\" data-end=\"1669\"><strong data-start=\"1649\" data-end=\"1669\"><span class=\"_fadeIn_m1hgl_8\">Kurtka <\/span><span class=\"_fadeIn_m1hgl_8\">Cechy:<\/span><\/strong><\/p>\n<ul data-start=\"1670\" data-end=\"2233\">\n<li data-start=\"1670\" data-end=\"1791\">\n<p data-start=\"1672\" data-end=\"1791\"><span class=\"_fadeIn_m1hgl_8\">Wykonane <\/span><span class=\"_fadeIn_m1hgl_8\">w <\/span><span class=\"_fadeIn_m1hgl_8\">a <\/span><span class=\"_fadeIn_m1hgl_8\">wysoki<\/span><span class=\"_fadeIn_m1hgl_8\">g\u0119sto\u015b\u0107 <\/span><span class=\"_fadeIn_m1hgl_8\">bawe\u0142na\/<\/span><span class=\"_fadeIn_m1hgl_8\">poliester <\/span><span class=\"_fadeIn_m1hgl_8\">mieszanka <\/span><span class=\"_fadeIn_m1hgl_8\">\u017ce <\/span><span class=\"_fadeIn_m1hgl_8\">odporny <\/span><span class=\"_fadeIn_m1hgl_8\">zanikanie <\/span><span class=\"_fadeIn_m1hgl_8\">oraz <\/span><span class=\"_fadeIn_m1hgl_8\">utrzymuje <\/span><span class=\"_fadeIn_m1hgl_8\">jego <\/span><span class=\"_fadeIn_m1hgl_8\">struktura <\/span><span class=\"_fadeIn_m1hgl_8\">po <\/span><span class=\"_fadeIn_m1hgl_8\">powt\u00f3rzony <\/span><span class=\"_fadeIn_m1hgl_8\">myje.<\/span><\/p>\n<\/li>\n<li data-start=\"1792\" data-end=\"1935\">\n<p data-start=\"1794\" data-end=\"1935\"><span class=\"_fadeIn_m1hgl_8\">The <\/span><span class=\"_fadeIn_m1hgl_8\">zawody <\/span><span class=\"_fadeIn_m1hgl_8\">kurtka <\/span><span class=\"_fadeIn_m1hgl_8\">projekt <\/span><span class=\"_fadeIn_m1hgl_8\">obejmuje <\/span><span class=\"_fadeIn_m1hgl_8\">kontrast <\/span><span class=\"_fadeIn_m1hgl_8\">raglan <\/span><span class=\"_fadeIn_m1hgl_8\">r\u0119kawy <\/span><span class=\"_fadeIn_m1hgl_8\">w <\/span><span class=\"_fadeIn_m1hgl_8\">marynarka <\/span><span class=\"_fadeIn_m1hgl_8\">z <\/span><span class=\"_fadeIn_m1hgl_8\">\u017cebrowany <\/span><span class=\"_fadeIn_m1hgl_8\">mankiety, <\/span><span class=\"_fadeIn_m1hgl_8\">w paski <\/span><span class=\"_fadeIn_m1hgl_8\">ko\u0142nierz, <\/span><span class=\"_fadeIn_m1hgl_8\">oraz <\/span><span class=\"_fadeIn_m1hgl_8\">pas <\/span><span class=\"_fadeIn_m1hgl_8\">w <\/span><span class=\"_fadeIn_m1hgl_8\">dopasowanie <\/span><span class=\"_fadeIn_m1hgl_8\">marynarka <\/span><span class=\"_fadeIn_m1hgl_8\">oraz <\/span><span class=\"_fadeIn_m1hgl_8\">czerwony.<\/span><\/p>\n<\/li>\n<li data-start=\"1936\" data-end=\"2044\">\n<p data-start=\"1938\" data-end=\"2044\"><span class=\"_fadeIn_m1hgl_8\">Snap <\/span><span class=\"_fadeIn_m1hgl_8\">przycisk <\/span><span class=\"_fadeIn_m1hgl_8\">zamkni\u0119cie <\/span><span class=\"_fadeIn_m1hgl_8\">zapewnia <\/span><span class=\"_fadeIn_m1hgl_8\">\u0142atwo\u015b\u0107 <\/span><span class=\"_fadeIn_m1hgl_8\">z <\/span><span class=\"_fadeIn_m1hgl_8\">u\u017cycie <\/span><span class=\"_fadeIn_m1hgl_8\">oraz <\/span><span class=\"_fadeIn_m1hgl_8\">trwa\u0142o\u015b\u0107, <\/span><span class=\"_fadeIn_m1hgl_8\">idealny <\/span><span class=\"_fadeIn_m1hgl_8\">dla <\/span><span class=\"_fadeIn_m1hgl_8\">oba <\/span><span class=\"_fadeIn_m1hgl_8\">sport <\/span><span class=\"_fadeIn_m1hgl_8\">zespo\u0142y <\/span><span class=\"_fadeIn_m1hgl_8\">oraz <\/span><span class=\"_fadeIn_m1hgl_8\">styl \u017cycia <\/span><span class=\"_fadeIn_m1hgl_8\">moda.<\/span><\/p>\n<\/li>\n<li data-start=\"2045\" data-end=\"2158\">\n<p data-start=\"2047\" data-end=\"2158\"><span class=\"_fadeIn_m1hgl_8\">RYINZ <\/span><span class=\"_fadeIn_m1hgl_8\">branding <\/span><span class=\"_fadeIn_m1hgl_8\">lub <\/span><span class=\"_fadeIn_m1hgl_8\">prywatny <\/span><span class=\"_fadeIn_m1hgl_8\">etykieta <\/span><span class=\"_fadeIn_m1hgl_8\">opcje <\/span><span class=\"_fadeIn_m1hgl_8\">dost\u0119pny <\/span><span class=\"_fadeIn_m1hgl_8\">na <\/span><span class=\"_fadeIn_m1hgl_8\">w <\/span><span class=\"_fadeIn_m1hgl_8\">skrzynia <\/span><span class=\"_fadeIn_m1hgl_8\">oraz <\/span><span class=\"_fadeIn_m1hgl_8\">z powrotem <\/span><span class=\"_fadeIn_m1hgl_8\">panel, <\/span><span class=\"_fadeIn_m1hgl_8\">z <\/span><span class=\"_fadeIn_m1hgl_8\">pe\u0142ny <\/span><span class=\"_fadeIn_m1hgl_8\">personalizacja <\/span><span class=\"_fadeIn_m1hgl_8\">wsparcie.<\/span><\/p>\n<\/li>\n<li data-start=\"2159\" data-end=\"2233\">\n<p data-start=\"2161\" data-end=\"2233\"><span class=\"_fadeIn_m1hgl_8\">Wewn\u0119trzny <\/span><span class=\"_fadeIn_m1hgl_8\">mi\u0119kki <\/span><span class=\"_fadeIn_m1hgl_8\">podszewka <\/span><span class=\"_fadeIn_m1hgl_8\">zapewnia <\/span><span class=\"_fadeIn_m1hgl_8\">ciep\u0142o <\/span><span class=\"_fadeIn_m1hgl_8\">bez <\/span><span class=\"_fadeIn_m1hgl_8\">luzem, <\/span><span class=\"_fadeIn_m1hgl_8\">odpowiedni <\/span><span class=\"_fadeIn_m1hgl_8\">dla <\/span><span class=\"_fadeIn_m1hgl_8\">wszystko <\/span><span class=\"_fadeIn_m1hgl_8\">sezony.<\/span><\/p>\n<\/li>\n<\/ul>\n<p data-start=\"2235\" data-end=\"2254\"><strong data-start=\"2235\" data-end=\"2254\"><span class=\"_fadeIn_m1hgl_8\">Spodnie <\/span><span class=\"_fadeIn_m1hgl_8\">Cechy:<\/span><\/strong><\/p>\n<ul data-start=\"2255\" data-end=\"2595\">\n<li data-start=\"2255\" data-end=\"2390\">\n<p data-start=\"2257\" data-end=\"2390\"><span class=\"_fadeIn_m1hgl_8\">Marynarka wojenna <\/span><span class=\"_fadeIn_m1hgl_8\">biegacz-<\/span><span class=\"_fadeIn_m1hgl_8\">styl <\/span><span class=\"_fadeIn_m1hgl_8\">spody <\/span><span class=\"_fadeIn_m1hgl_8\">wykonany <\/span><span class=\"_fadeIn_m1hgl_8\">z <\/span><span class=\"_fadeIn_m1hgl_8\">a <\/span><span class=\"_fadeIn_m1hgl_8\">wygodny <\/span><span class=\"_fadeIn_m1hgl_8\">stretch-<\/span><span class=\"_fadeIn_m1hgl_8\">dzianina <\/span><span class=\"_fadeIn_m1hgl_8\">tkanina <\/span><span class=\"_fadeIn_m1hgl_8\">\u017ce <\/span><span class=\"_fadeIn_m1hgl_8\">oferty <\/span><span class=\"_fadeIn_m1hgl_8\">elastyczno\u015b\u0107 <\/span><span class=\"_fadeIn_m1hgl_8\">dla <\/span><span class=\"_fadeIn_m1hgl_8\">aktywny <\/span><span class=\"_fadeIn_m1hgl_8\">ruch <\/span><span class=\"_fadeIn_m1hgl_8\">lub <\/span><span class=\"_fadeIn_m1hgl_8\">swobodny <\/span><span class=\"_fadeIn_m1hgl_8\">wylegiwanie si\u0119.<\/span><\/p>\n<\/li>\n<li data-start=\"2391\" data-end=\"2484\">\n<p data-start=\"2393\" data-end=\"2484\"><span class=\"_fadeIn_m1hgl_8\">Regulowany <\/span><span class=\"_fadeIn_m1hgl_8\">sznurek <\/span><span class=\"_fadeIn_m1hgl_8\">pas <\/span><span class=\"_fadeIn_m1hgl_8\">oraz <\/span><span class=\"_fadeIn_m1hgl_8\">elastyczny <\/span><span class=\"_fadeIn_m1hgl_8\">mankiety <\/span><span class=\"_fadeIn_m1hgl_8\">zapewnia\u0107 <\/span><span class=\"_fadeIn_m1hgl_8\">dostosowany <\/span><span class=\"_fadeIn_m1hgl_8\">dopasowanie <\/span><span class=\"_fadeIn_m1hgl_8\">dla <\/span><span class=\"_fadeIn_m1hgl_8\">ka\u017cdy <\/span><span class=\"_fadeIn_m1hgl_8\">cia\u0142o <\/span><span class=\"_fadeIn_m1hgl_8\">typ.<\/span><\/p>\n<\/li>\n<li data-start=\"2485\" data-end=\"2595\">\n<p data-start=\"2487\" data-end=\"2595\"><span class=\"_fadeIn_m1hgl_8\">Minimalistyczny <\/span><span class=\"_fadeIn_m1hgl_8\">kontrast <\/span><span class=\"_fadeIn_m1hgl_8\">wyko\u0144czenie <\/span><span class=\"_fadeIn_m1hgl_8\">oraz <\/span><span class=\"_fadeIn_m1hgl_8\">haftowany <\/span><span class=\"_fadeIn_m1hgl_8\">R <\/span><span class=\"_fadeIn_m1hgl_8\">logo <\/span><span class=\"_fadeIn_m1hgl_8\">doda\u0107 <\/span><span class=\"_fadeIn_m1hgl_8\">styl <\/span><span class=\"_fadeIn_m1hgl_8\">bez <\/span><span class=\"_fadeIn_m1hgl_8\">przyt\u0142aczaj\u0105cy <\/span><span class=\"_fadeIn_m1hgl_8\">w <\/span><span class=\"_fadeIn_m1hgl_8\">prostota <\/span><span class=\"_fadeIn_m1hgl_8\">z <\/span><span class=\"_fadeIn_m1hgl_8\">w <\/span><span class=\"_fadeIn_m1hgl_8\">projekt.<\/span><\/p>\n<\/li>\n<\/ul>\n<p data-start=\"2597\" data-end=\"2977\"><strong data-start=\"2597\" data-end=\"2626\"><span class=\"_fadeIn_m1hgl_8\">Niestandardowe <\/span><span class=\"_fadeIn_m1hgl_8\">Sprzeda\u017c hurtowa <\/span><span class=\"_fadeIn_m1hgl_8\">Opcje:<\/span><\/strong><\/p>\n<p><span class=\"_fadeIn_m1hgl_8\">RYINZ <\/span><span class=\"_fadeIn_m1hgl_8\">oferty <\/span><span class=\"_fadeIn_m1hgl_8\">dostosowany <\/span><span class=\"_fadeIn_m1hgl_8\">rozwi\u0105zania <\/span><span class=\"_fadeIn_m1hgl_8\">dla <\/span><span class=\"_fadeIn_m1hgl_8\">tw\u00f3j <\/span><span class=\"_fadeIn_m1hgl_8\">biznes - <\/span><span class=\"_fadeIn_m1hgl_8\">to <\/span><span class=\"_fadeIn_m1hgl_8\">dres <\/span><span class=\"_fadeIn_m1hgl_8\">puszka <\/span><span class=\"_fadeIn_m1hgl_8\">by\u0107 <\/span><span class=\"_fadeIn_m1hgl_8\">wyprodukowany <\/span><span class=\"_fadeIn_m1hgl_8\">z <\/span><span class=\"_fadeIn_m1hgl_8\">tw\u00f3j <\/span><span class=\"_fadeIn_m1hgl_8\">w\u0142asny <\/span><span class=\"_fadeIn_m1hgl_8\">kolory, <\/span><span class=\"_fadeIn_m1hgl_8\">zesp\u00f3\u0142 <\/span><span class=\"_fadeIn_m1hgl_8\">logo, <\/span><span class=\"_fadeIn_m1hgl_8\">wymiarowanie <\/span><span class=\"_fadeIn_m1hgl_8\">przewodniki, <\/span><span class=\"_fadeIn_m1hgl_8\">oraz <\/span><span class=\"_fadeIn_m1hgl_8\">opakowanie <\/span><span class=\"_fadeIn_m1hgl_8\">preferencje. <\/span><span class=\"_fadeIn_m1hgl_8\">Niski <\/span><span class=\"_fadeIn_m1hgl_8\">minimum <\/span><span class=\"_fadeIn_m1hgl_8\">porz\u0105dek <\/span><span class=\"_fadeIn_m1hgl_8\">ilo\u015bci (<\/span><span class=\"_fadeIn_m1hgl_8\">MOQ) <\/span><span class=\"_fadeIn_m1hgl_8\">oraz <\/span><span class=\"_fadeIn_m1hgl_8\">ekspresowy <\/span><span class=\"_fadeIn_m1hgl_8\">globalny <\/span><span class=\"_fadeIn_m1hgl_8\">wysy\u0142ka <\/span><span class=\"_fadeIn_m1hgl_8\">zapewni\u0107 <\/span><span class=\"_fadeIn_m1hgl_8\">a <\/span><span class=\"_fadeIn_m1hgl_8\">szybki <\/span><span class=\"_fadeIn_m1hgl_8\">zwrot. <\/span><span class=\"_fadeIn_m1hgl_8\">Nasz <\/span><span class=\"_fadeIn_m1hgl_8\">produkcja <\/span><span class=\"_fadeIn_m1hgl_8\">jest <\/span><span class=\"_fadeIn_m1hgl_8\">poparty <\/span><span class=\"_fadeIn_m1hgl_8\">przez <\/span><span class=\"_fadeIn_m1hgl_8\">ISO-<\/span><span class=\"_fadeIn_m1hgl_8\">certyfikowany <\/span><span class=\"_fadeIn_m1hgl_8\">procesy, <\/span><span class=\"_fadeIn_m1hgl_8\">do\u015bwiadczony <\/span><span class=\"_fadeIn_m1hgl_8\">krawc\u00f3w, <\/span><span class=\"_fadeIn_m1hgl_8\">oraz <\/span><span class=\"_fadeIn_m1hgl_8\">surowy <\/span><span class=\"_fadeIn_m1hgl_8\">jako\u015b\u0107 <\/span><span class=\"_fadeIn_m1hgl_8\">kontrola.<\/span><\/p>\n<p data-start=\"2979\" data-end=\"2993\"><strong data-start=\"2979\" data-end=\"2993\"><span class=\"_fadeIn_m1hgl_8\">Idealny <\/span><span class=\"_fadeIn_m1hgl_8\">Dla:<\/span><\/strong><\/p>\n<ul data-start=\"2994\" data-end=\"3158\">\n<li data-start=\"2994\" data-end=\"3034\">\n<p data-start=\"2996\" data-end=\"3034\"><span class=\"_fadeIn_m1hgl_8\">Uniwersytet <\/span><span class=\"_fadeIn_m1hgl_8\">zespo\u0142y, <\/span><span class=\"_fadeIn_m1hgl_8\">kluby, <\/span><span class=\"_fadeIn_m1hgl_8\">oraz <\/span><span class=\"_fadeIn_m1hgl_8\">akademie<\/span><\/p>\n<\/li>\n<li data-start=\"3035\" data-end=\"3070\">\n<p data-start=\"3037\" data-end=\"3070\"><span class=\"_fadeIn_m1hgl_8\">Prywatny-<\/span><span class=\"_fadeIn_m1hgl_8\">etykieta <\/span><span class=\"_fadeIn_m1hgl_8\">moda <\/span><span class=\"_fadeIn_m1hgl_8\">kolekcje<\/span><\/p>\n<\/li>\n<li data-start=\"3071\" data-end=\"3096\">\n<p data-start=\"3073\" data-end=\"3096\"><span class=\"_fadeIn_m1hgl_8\">Miejski <\/span><span class=\"_fadeIn_m1hgl_8\">streetwear <\/span><span class=\"_fadeIn_m1hgl_8\">sklepy<\/span><\/p>\n<\/li>\n<li data-start=\"3097\" data-end=\"3124\">\n<p data-start=\"3099\" data-end=\"3124\"><span class=\"_fadeIn_m1hgl_8\">Fitness <\/span><span class=\"_fadeIn_m1hgl_8\">odzie\u017c <\/span><span class=\"_fadeIn_m1hgl_8\">detali\u015bci<\/span><\/p>\n<\/li>\n<li data-start=\"3125\" data-end=\"3158\">\n<p data-start=\"3127\" data-end=\"3158\"><span class=\"_fadeIn_m1hgl_8\">Wydarzenie <\/span><span class=\"_fadeIn_m1hgl_8\">prezenty <\/span><span class=\"_fadeIn_m1hgl_8\">oraz <\/span><span class=\"_fadeIn_m1hgl_8\">towar<\/span><\/p>\n<\/li>\n<\/ul>\n<p data-start=\"3160\" data-end=\"3425\"><strong data-start=\"3160\" data-end=\"3195\"><span class=\"_fadeIn_m1hgl_8\">Zr\u00f3wnowa\u017cony rozw\u00f3j i <\/span><span class=\"_fadeIn_m1hgl_8\">Jako\u015b\u0107 wykonania:<\/span><\/strong><\/p>\n<p><span class=\"_fadeIn_m1hgl_8\">Wszystkie <\/span><span class=\"_fadeIn_m1hgl_8\">RYINZ <\/span><span class=\"_fadeIn_m1hgl_8\">odzie\u017c <\/span><span class=\"_fadeIn_m1hgl_8\">s\u0105 <\/span><span class=\"_fadeIn_m1hgl_8\">wyprodukowany <\/span><span class=\"_fadeIn_m1hgl_8\">pod <\/span><span class=\"_fadeIn_m1hgl_8\">etyczny <\/span><span class=\"_fadeIn_m1hgl_8\">praca <\/span><span class=\"_fadeIn_m1hgl_8\">polityki <\/span><span class=\"_fadeIn_m1hgl_8\">oraz <\/span><span class=\"_fadeIn_m1hgl_8\">\u015brodowiskowo <\/span><span class=\"_fadeIn_m1hgl_8\">przyjazny <\/span><span class=\"_fadeIn_m1hgl_8\">standardy. <\/span><span class=\"_fadeIn_m1hgl_8\">Nasz <\/span><span class=\"_fadeIn_m1hgl_8\">projekty <\/span><span class=\"_fadeIn_m1hgl_8\">cel <\/span><span class=\"_fadeIn_m1hgl_8\">do <\/span><span class=\"_fadeIn_m1hgl_8\">r\u00f3wnowaga <\/span><span class=\"_fadeIn_m1hgl_8\">wydajno\u015b\u0107, <\/span><span class=\"_fadeIn_m1hgl_8\">komfort, <\/span><span class=\"_fadeIn_m1hgl_8\">oraz <\/span><span class=\"_fadeIn_m1hgl_8\">ponadczasowy <\/span><span class=\"_fadeIn_m1hgl_8\">styl <\/span><span class=\"_fadeIn_m1hgl_8\">podczas gdy <\/span><span class=\"_fadeIn_m1hgl_8\">wspieraj\u0105cy <\/span><span class=\"_fadeIn_m1hgl_8\">partner <\/span><span class=\"_fadeIn_m1hgl_8\">marki <\/span><span class=\"_fadeIn_m1hgl_8\">z <\/span><span class=\"_fadeIn_m1hgl_8\">sp\u00f3jny <\/span><span class=\"_fadeIn_m1hgl_8\">jako\u015b\u0107.<\/span><\/p>\n<p data-start=\"3427\" data-end=\"3557\"><span class=\"_fadeIn_m1hgl_8\">Krok <\/span><span class=\"_fadeIn_m1hgl_8\">w g\u00f3r\u0119 <\/span><span class=\"_fadeIn_m1hgl_8\">tw\u00f3j <\/span><span class=\"_fadeIn_m1hgl_8\">produkt <\/span><span class=\"_fadeIn_m1hgl_8\">oferta <\/span><span class=\"_fadeIn_m1hgl_8\">z <\/span><span class=\"_fadeIn_m1hgl_8\">to <\/span><span class=\"_fadeIn_m1hgl_8\">bestselling <\/span><span class=\"_fadeIn_m1hgl_8\">dres <\/span><span class=\"_fadeIn_m1hgl_8\">styl <\/span><span class=\"_fadeIn_m1hgl_8\">to <\/span><span class=\"_fadeIn_m1hgl_8\">sta\u0107 si\u0119 <\/span><span class=\"_fadeIn_m1hgl_8\">a <\/span><span class=\"_fadeIn_m1hgl_8\">zszywka <\/span><span class=\"_fadeIn_m1hgl_8\">w poprzek <\/span><span class=\"_fadeIn_m1hgl_8\">moda <\/span><span class=\"_fadeIn_m1hgl_8\">oraz <\/span><span class=\"_fadeIn_m1hgl_8\">wydajno\u015b\u0107 <\/span><span class=\"_fadeIn_m1hgl_8\">rynki.<\/span><\/p>","protected":false},"excerpt":{"rendered":"<p data-start=\"305\" data-end=\"740\"><span class=\"_fadeIn_m1hgl_8\">Krok <\/span><span class=\"_fadeIn_m1hgl_8\">do <\/span><span class=\"_fadeIn_m1hgl_8\">ponadczasowy <\/span><span class=\"_fadeIn_m1hgl_8\">styl <\/span><span class=\"_fadeIn_m1hgl_8\">oraz <\/span><span class=\"_fadeIn_m1hgl_8\">wydajno\u015b\u0107 <\/span><span class=\"_fadeIn_m1hgl_8\">z <\/span><span class=\"_fadeIn_m1hgl_8\">w <\/span><span class=\"_fadeIn_m1hgl_8\">RYINZ <\/span><span class=\"_fadeIn_m1hgl_8\">Premium <\/span><span class=\"_fadeIn_m1hgl_8\">Varsity <\/span><span class=\"_fadeIn_m1hgl_8\">Dres <\/span><span class=\"_fadeIn_m1hgl_8\">Zestaw <\/span><span class=\"_fadeIn_m1hgl_8\">w <\/span><span class=\"_fadeIn_m1hgl_8\">pogrubiony <\/span><span class=\"_fadeIn_m1hgl_8\">czerwony <\/span><span class=\"_fadeIn_m1hgl_8\">oraz <\/span><span class=\"_fadeIn_m1hgl_8\">marynarka wojenna. <\/span><span class=\"_fadeIn_m1hgl_8\">Zaprojektowany <\/span><span class=\"_fadeIn_m1hgl_8\">dla <\/span><span class=\"_fadeIn_m1hgl_8\">oba <\/span><span class=\"_fadeIn_m1hgl_8\">komfort <\/span><span class=\"_fadeIn_m1hgl_8\">oraz <\/span><span class=\"_fadeIn_m1hgl_8\">o\u015bwiadczenie-<\/span><span class=\"_fadeIn_m1hgl_8\">tworzenie <\/span><span class=\"_fadeIn_m1hgl_8\">moda, <\/span><span class=\"_fadeIn_m1hgl_8\">to <\/span><span class=\"_fadeIn_m1hgl_8\">dwa<\/span><span class=\"_fadeIn_m1hgl_8\">kawa\u0142ek <\/span><span class=\"_fadeIn_m1hgl_8\">zestaw <\/span><span class=\"_fadeIn_m1hgl_8\">kombajny <\/span><span class=\"_fadeIn_m1hgl_8\">a <\/span><span class=\"_fadeIn_m1hgl_8\">klasyczny <\/span><span class=\"_fadeIn_m1hgl_8\">letterman-<\/span><span class=\"_fadeIn_m1hgl_8\">styl <\/span><span class=\"_fadeIn_m1hgl_8\">kurtka <\/span><span class=\"_fadeIn_m1hgl_8\">z <\/span><span class=\"_fadeIn_m1hgl_8\">nowoczesny <\/span><span class=\"_fadeIn_m1hgl_8\">sto\u017ckowy <\/span><span class=\"_fadeIn_m1hgl_8\">biegacz <\/span><span class=\"_fadeIn_m1hgl_8\">spodnie. <\/span><span class=\"_fadeIn_m1hgl_8\">Wykonane <\/span><span class=\"_fadeIn_m1hgl_8\">z <\/span><span class=\"_fadeIn_m1hgl_8\">wysoki<\/span><span class=\"_fadeIn_m1hgl_8\">jako\u015b\u0107 <\/span><span class=\"_fadeIn_m1hgl_8\">oddychaj\u0105cy <\/span><span class=\"_fadeIn_m1hgl_8\">bawe\u0142na-<\/span><span class=\"_fadeIn_m1hgl_8\">poliester <\/span><span class=\"_fadeIn_m1hgl_8\">mieszanka, <\/span><span class=\"_fadeIn_m1hgl_8\">to <\/span><span class=\"_fadeIn_m1hgl_8\">oferty <\/span><span class=\"_fadeIn_m1hgl_8\">wyj\u0105tkowy <\/span><span class=\"_fadeIn_m1hgl_8\">trwa\u0142o\u015b\u0107, <\/span><span class=\"_fadeIn_m1hgl_8\">mi\u0119kko\u015b\u0107, <\/span><span class=\"_fadeIn_m1hgl_8\">oraz <\/span><span class=\"_fadeIn_m1hgl_8\">a <\/span><span class=\"_fadeIn_m1hgl_8\">doskona\u0142y <\/span><span class=\"_fadeIn_m1hgl_8\">dopasowanie <\/span><span class=\"_fadeIn_m1hgl_8\">dla <\/span><span class=\"_fadeIn_m1hgl_8\">codzienny <\/span><span class=\"_fadeIn_m1hgl_8\">zu\u017cycie, <\/span><span class=\"_fadeIn_m1hgl_8\">atletyczny <\/span><span class=\"_fadeIn_m1hgl_8\">szkolenie, <\/span><span class=\"_fadeIn_m1hgl_8\">lub <\/span><span class=\"_fadeIn_m1hgl_8\">branding <\/span><span class=\"_fadeIn_m1hgl_8\">potrzeby.<\/span><\/p>\n<p data-start=\"742\" data-end=\"1073\"><span class=\"_fadeIn_m1hgl_8\">The <\/span><span class=\"_fadeIn_m1hgl_8\">\u017cebrowany <\/span><span class=\"_fadeIn_m1hgl_8\">mankiety <\/span><span class=\"_fadeIn_m1hgl_8\">oraz <\/span><span class=\"_fadeIn_m1hgl_8\">pas <\/span><span class=\"_fadeIn_m1hgl_8\">dostarcza\u0107 <\/span><span class=\"_fadeIn_m1hgl_8\">a <\/span><span class=\"_fadeIn_m1hgl_8\">przytulny <\/span><span class=\"_fadeIn_m1hgl_8\">dopasowanie, <\/span><span class=\"_fadeIn_m1hgl_8\">podczas gdy <\/span><span class=\"_fadeIn_m1hgl_8\">kontrast <\/span><span class=\"_fadeIn_m1hgl_8\">r\u0119kawy <\/span><span class=\"_fadeIn_m1hgl_8\">oraz <\/span><span class=\"_fadeIn_m1hgl_8\">paski <\/span><span class=\"_fadeIn_m1hgl_8\">podnie\u015b\u0107 <\/span><span class=\"_fadeIn_m1hgl_8\">tw\u00f3j <\/span><span class=\"_fadeIn_m1hgl_8\">atletyczny <\/span><span class=\"_fadeIn_m1hgl_8\">wygl\u0105d. <\/span><span class=\"_fadeIn_m1hgl_8\">Czy <\/span><span class=\"_fadeIn_m1hgl_8\">jeste\u015b <\/span><span class=\"_fadeIn_m1hgl_8\">reprezentuj\u0105cy <\/span><span class=\"_fadeIn_m1hgl_8\">a <\/span><span class=\"_fadeIn_m1hgl_8\">zesp\u00f3\u0142, <\/span><span class=\"_fadeIn_m1hgl_8\">uruchomienie <\/span><span class=\"_fadeIn_m1hgl_8\">a <\/span><span class=\"_fadeIn_m1hgl_8\">marka, <\/span><span class=\"_fadeIn_m1hgl_8\">lub <\/span><span class=\"_fadeIn_m1hgl_8\">po\u0144czocha <\/span><span class=\"_fadeIn_m1hgl_8\">a <\/span><span class=\"_fadeIn_m1hgl_8\">moda <\/span><span class=\"_fadeIn_m1hgl_8\">sklep, <\/span><span class=\"_fadeIn_m1hgl_8\">to <\/span><span class=\"_fadeIn_m1hgl_8\">dres <\/span><span class=\"_fadeIn_m1hgl_8\">dodaje <\/span><span class=\"_fadeIn_m1hgl_8\">wszechstronno\u015b\u0107 <\/span><span class=\"_fadeIn_m1hgl_8\">oraz <\/span><span class=\"_fadeIn_m1hgl_8\">a <\/span><span class=\"_fadeIn_m1hgl_8\">premia <\/span><span class=\"_fadeIn_m1hgl_8\">odczucie <\/span><span class=\"_fadeIn_m1hgl_8\">do <\/span><span class=\"_fadeIn_m1hgl_8\">tw\u00f3j <\/span><span class=\"_fadeIn_m1hgl_8\">sk\u0142ad. <\/span><span class=\"_fadeIn_m1hgl_8\">W pe\u0142ni <\/span><span class=\"_fadeIn_m1hgl_8\">konfigurowalny <\/span><span class=\"_fadeIn_m1hgl_8\">dla <\/span><span class=\"_fadeIn_m1hgl_8\">logo, <\/span><span class=\"_fadeIn_m1hgl_8\">zesp\u00f3\u0142 <\/span><span class=\"_fadeIn_m1hgl_8\">nazwy, <\/span><span class=\"_fadeIn_m1hgl_8\">lub <\/span><span class=\"_fadeIn_m1hgl_8\">sezonowy <\/span><span class=\"_fadeIn_m1hgl_8\">kolekcje.<\/span><\/p>\n<p data-start=\"1075\" data-end=\"1253\"><span class=\"_fadeIn_m1hgl_8\">Idealny <\/span><span class=\"_fadeIn_m1hgl_8\">dla <\/span><span class=\"_fadeIn_m1hgl_8\">sport <\/span><span class=\"_fadeIn_m1hgl_8\">kluby, <\/span><span class=\"_fadeIn_m1hgl_8\">miejski <\/span><span class=\"_fadeIn_m1hgl_8\">zu\u017cycie <\/span><span class=\"_fadeIn_m1hgl_8\">sklepy, <\/span><span class=\"_fadeIn_m1hgl_8\">start-<\/span><span class=\"_fadeIn_m1hgl_8\">w g\u00f3r\u0119, <\/span><span class=\"_fadeIn_m1hgl_8\">oraz <\/span><span class=\"_fadeIn_m1hgl_8\">moda-<\/span><span class=\"_fadeIn_m1hgl_8\">do przodu <\/span><span class=\"_fadeIn_m1hgl_8\">hurtownik\u00f3w. <\/span><span class=\"_fadeIn_m1hgl_8\">Zam\u00f3wienie <\/span><span class=\"_fadeIn_m1hgl_8\">z <\/span><span class=\"_fadeIn_m1hgl_8\">zaufanie - <\/span><span class=\"_fadeIn_m1hgl_8\">dost\u0119pny <\/span><span class=\"_fadeIn_m1hgl_8\">w <\/span><span class=\"_fadeIn_m1hgl_8\">ma\u0142y <\/span><span class=\"_fadeIn_m1hgl_8\">do <\/span><span class=\"_fadeIn_m1hgl_8\">luzem <\/span><span class=\"_fadeIn_m1hgl_8\">ilo\u015bci <\/span><span class=\"_fadeIn_m1hgl_8\">z <\/span><span class=\"_fadeIn_m1hgl_8\">prywatny <\/span><span class=\"_fadeIn_m1hgl_8\">etykieta <\/span><span class=\"_fadeIn_m1hgl_8\">wsparcie.<\/span><\/p>","protected":false},"featured_media":9351,"comment_status":"closed","ping_status":"closed","template":"","meta":[],"product_brand":[35],"product_cat":[68,69],"product_tag":[],"class_list":{"0":"post-9068","1":"product","2":"type-product","3":"status-publish","4":"has-post-thumbnail","6":"product_brand-ryinz","7":"product_cat-ryinz","8":"product_cat-tracksuits","10":"first","11":"instock","12":"taxable","13":"shipping-taxable","14":"purchasable","15":"product-type-simple"},"_links":{"self":[{"href":"https:\/\/ryinz.cz\/velkoobchod\/pl\/wp-json\/wp\/v2\/product\/9068","targetHints":{"allow":["GET"]}}],"collection":[{"href":"https:\/\/ryinz.cz\/velkoobchod\/pl\/wp-json\/wp\/v2\/product"}],"about":[{"href":"https:\/\/ryinz.cz\/velkoobchod\/pl\/wp-json\/wp\/v2\/types\/product"}],"replies":[{"embeddable":true,"href":"https:\/\/ryinz.cz\/velkoobchod\/pl\/wp-json\/wp\/v2\/comments?post=9068"}],"wp:featuredmedia":[{"embeddable":true,"href":"https:\/\/ryinz.cz\/velkoobchod\/pl\/wp-json\/wp\/v2\/media\/9351"}],"wp:attachment":[{"href":"https:\/\/ryinz.cz\/velkoobchod\/pl\/wp-json\/wp\/v2\/media?parent=9068"}],"wp:term":[{"taxonomy":"product_brand","embeddable":true,"href":"https:\/\/ryinz.cz\/velkoobchod\/pl\/wp-json\/wp\/v2\/product_brand?post=9068"},{"taxonomy":"product_cat","embeddable":true,"href":"https:\/\/ryinz.cz\/velkoobchod\/pl\/wp-json\/wp\/v2\/product_cat?post=9068"},{"taxonomy":"product_tag","embeddable":true,"href":"https:\/\/ryinz.cz\/velkoobchod\/pl\/wp-json\/wp\/v2\/product_tag?post=9068"}],"curies":[{"name":"wp","href":"https:\/\/api.w.org\/{rel}","templated":true}]}}