{"id":9066,"date":"2025-06-22T15:27:35","date_gmt":"2025-06-22T15:27:35","guid":{"rendered":"https:\/\/ryinz.cz\/velkoobchod\/?post_type=product&#038;p=9066"},"modified":"2026-01-18T20:17:32","modified_gmt":"2026-01-18T20:17:32","slug":"skorzane-rekawice-narciarskie-ryinz-premium-wodoodporne-wiatroszczelne-ocieplane-rekawice-zimowe-do-jazdy-na-nartach-i-snowboardzie","status":"publish","type":"product","link":"https:\/\/ryinz.cz\/velkoobchod\/pl\/product\/ryinz-premium-leather-ski-mittens-waterproof-windproof-thermal-insulated-winter-gloves-for-skiing-snowboarding\/","title":{"rendered":"Sk\u00f3rzane r\u0119kawice narciarskie RYINZ Premium - wodoodporne, wiatroszczelne, izolowane termicznie r\u0119kawice zimowe do jazdy na nartach i snowboardzie"},"content":{"rendered":"<p class=\"\" data-start=\"307\" data-end=\"711\">Gdy ekstremalne zimno spotyka si\u0119 z surow\u0105 przygod\u0105, to <strong data-start=\"353\" data-end=\"399\">R\u0119kawice narciarskie RYINZ MSG-0065 Premium Leather<\/strong> to najlepszy wyb\u00f3r pod wzgl\u0119dem wydajno\u015bci, trwa\u0142o\u015bci i ciep\u0142a. Zaprojektowane specjalnie z my\u015bl\u0105 o trudnych warunkach zimowych, r\u0119kawice te zapewniaj\u0105 doskona\u0142e zatrzymywanie ciep\u0142a, wyj\u0105tkow\u0105 ochron\u0119 przed wiatrem i \u015bniegiem oraz ponadczasow\u0105 estetyk\u0119, kt\u00f3ra przemawia zar\u00f3wno do wyczynowych sportowc\u00f3w, przewodnik\u00f3w alpejskich, jak i mi\u0142o\u015bnik\u00f3w \u015bniegu.<\/p>\n<p class=\"\" data-start=\"713\" data-end=\"1069\">Wykonane z <strong data-start=\"726\" data-end=\"756\">Najwy\u017cszej jako\u015bci sk\u00f3ra licowa<\/strong>, Zewn\u0119trzna pow\u0142oka MSG-0065 zapewnia naturaln\u0105 wodoodporno\u015b\u0107, d\u0142ugotrwa\u0142e zu\u017cycie i wysok\u0105 ochron\u0119 przed \u015bcieraniem. Ta elastyczna sk\u00f3ra dopasowuje si\u0119 do d\u0142oni, zapewniaj\u0105c doskona\u0142\u0105 elastyczno\u015b\u0107 bez po\u015bwi\u0119cania izolacji lub wytrzyma\u0142o\u015bci. Ka\u017cdy szew jest precyzyjnie zaprojektowany do aktywno\u015bci zimowych na du\u017cych wysoko\u015bciach i poni\u017cej zera.<\/p>\n<p class=\"\" data-start=\"1071\" data-end=\"1420\">Wewn\u0105trz r\u0119kawicy znajduje si\u0119 <strong data-start=\"1100\" data-end=\"1129\">Dwuwarstwowy system termiczny<\/strong> \u0142\u0105czenie <strong data-start=\"1140\" data-end=\"1170\">Izolacja 3M\u2122 Thinsulate<\/strong> oraz <strong data-start=\"1177\" data-end=\"1204\">Mi\u0119kka podszewka z mikropolaru<\/strong> kt\u00f3ra zatrzymuje ciep\u0142o cia\u0142a, jednocze\u015bnie pozwalaj\u0105c na odparowanie potu. Rezultatem s\u0105 suche, przytulne d\u0142onie w ujemnych temperaturach, dzi\u0119ki czemu r\u0119kawice te s\u0105 idealne do d\u0142ugotrwa\u0142ego u\u017cytkowania na snowboardzie, nartach, skuterach \u015bnie\u017cnych i wspinaczce g\u00f3rskiej.<\/p>\n<p class=\"\" data-start=\"1422\" data-end=\"1780\">Klasyczny <strong data-start=\"1434\" data-end=\"1449\">mitt design<\/strong> Zmniejsza ekspozycj\u0119 powierzchni i utrzymuje palce razem, zwi\u0119kszaj\u0105c og\u00f3lne ciep\u0142o. A <strong data-start=\"1536\" data-end=\"1562\">wzmocniony panel na kciuk<\/strong> zapewnia lepsz\u0105 przyczepno\u015b\u0107 i kontrol\u0119 nad kijkami narciarskimi, kierownic\u0105 i innym sprz\u0119tem. Opaska <strong data-start=\"1644\" data-end=\"1672\">zintegrowana kiesze\u0144 na zamek b\u0142yskawiczny<\/strong> to wygodna funkcja, kt\u00f3ra pomie\u015bci ogrzewacze do r\u0105k, przepustki RFID lub ma\u0142e niezb\u0119dne rzeczy bez uszczerbku dla dopasowania.<\/p>\n<p class=\"\" data-start=\"1782\" data-end=\"2065\">The <strong data-start=\"1786\" data-end=\"1812\">elastyczny obszar nadgarstka<\/strong> oraz <strong data-start=\"1817\" data-end=\"1842\">przed\u0142u\u017cony sk\u00f3rzany mankiet<\/strong> zapewniaj\u0105 bezpieczne uszczelnienie przeciw\u015bnie\u017cne pod lub na r\u0119kawie kurtki, podczas gdy <strong data-start=\"1913\" data-end=\"1938\">regulowana zak\u0142adka na rzep<\/strong> na mankiecie zapewnia dostosowywan\u0105 szczelno\u015b\u0107. W zestawie <strong data-start=\"1996\" data-end=\"2021\">Odpinana smycz na nadgarstek<\/strong> zapobiega utracie r\u0119kawic na stokach lub wyci\u0105gach.<\/p>\n<p class=\"\" data-start=\"2067\" data-end=\"2337\">R\u0119kawice te s\u0105 odpowiednie dla profesjonalnych narciarzy, pracownik\u00f3w outdoorowych i podr\u00f3\u017cnik\u00f3w odwiedzaj\u0105cych wysokog\u00f3rskie regiony \u015bnie\u017cne. Minimalistyczny design w kolorze naturalnej sk\u00f3ry, z gustownym brandingiem RYINZ, przemawia do klient\u00f3w poszukuj\u0105cych funkcjonalno\u015bci z subteln\u0105 elegancj\u0105.<\/p>\n<p class=\"\" data-start=\"2339\" data-end=\"2532\">Trwa\u0142e, oddychaj\u0105ce, wiatroszczelne i stylowe - buty <strong data-start=\"2389\" data-end=\"2427\">Sk\u00f3rzane r\u0119kawice narciarskie RYINZ MSG-0065<\/strong> s\u0105 wyr\u00f3\u017cniaj\u0105cym si\u0119 zimowym niezb\u0119dnikiem dla elitarnych nabywc\u00f3w i sprzedawc\u00f3w w ca\u0142ej Europie, Ameryce P\u00f3\u0142nocnej i poza ni\u0105.<\/p>\n<hr class=\"\" data-start=\"2534\" data-end=\"2537\" \/>\n<h3 class=\"\" data-start=\"2539\" data-end=\"2566\"><strong data-start=\"2543\" data-end=\"2566\">Najwa\u017cniejsze cechy produktu:<\/strong><\/h3>\n<ul data-start=\"2568\" data-end=\"3222\">\n<li class=\"\" data-start=\"2568\" data-end=\"2659\">\n<p class=\"\" data-start=\"2570\" data-end=\"2659\">Wysokiej jako\u015bci, pe\u0142noziarnista pow\u0142oka ze sk\u00f3ry bydl\u0119cej zapewnia doskona\u0142\u0105 trwa\u0142o\u015b\u0107 i odporno\u015b\u0107 na warunki atmosferyczne<\/p>\n<\/li>\n<li class=\"\" data-start=\"2660\" data-end=\"2731\">\n<p class=\"\" data-start=\"2662\" data-end=\"2731\">Podw\u00f3jna izolacja termiczna: 3M\u2122 Thinsulate\u2122 + oddychaj\u0105ca podszewka z polaru<\/p>\n<\/li>\n<li class=\"\" data-start=\"2732\" data-end=\"2789\">\n<p class=\"\" data-start=\"2734\" data-end=\"2789\">Konstrukcja r\u0119kawicy utrzymuje palce razem, zapewniaj\u0105c maksymalne ciep\u0142o<\/p>\n<\/li>\n<li class=\"\" data-start=\"2790\" data-end=\"2842\">\n<p class=\"\" data-start=\"2792\" data-end=\"2842\">Zintegrowana kiesze\u0144 na zamek b\u0142yskawiczny na karnety lub ogrzewacze d\u0142oni<\/p>\n<\/li>\n<li class=\"\" data-start=\"2843\" data-end=\"2907\">\n<p class=\"\" data-start=\"2845\" data-end=\"2907\">Wiatroszczelne i wodoodporne wyko\u0144czenie dla ochrony w g\u00f3rach<\/p>\n<\/li>\n<li class=\"\" data-start=\"2908\" data-end=\"2974\">\n<p class=\"\" data-start=\"2910\" data-end=\"2974\">D\u0142ugi sk\u00f3rzany mankiet z regulowanym paskiem na rzep dla idealnego dopasowania<\/p>\n<\/li>\n<li class=\"\" data-start=\"2975\" data-end=\"3030\">\n<p class=\"\" data-start=\"2977\" data-end=\"3030\">Wzmocniona strefa kciuka dla dodatkowej przyczepno\u015bci i trwa\u0142o\u015bci<\/p>\n<\/li>\n<li class=\"\" data-start=\"3031\" data-end=\"3077\">\n<p class=\"\" data-start=\"3033\" data-end=\"3077\">Do\u0142\u0105czona smycz na nadgarstek zapobiega zgubieniu r\u0119kawicy<\/p>\n<\/li>\n<li class=\"\" data-start=\"3078\" data-end=\"3159\">\n<p class=\"\" data-start=\"3080\" data-end=\"3159\">Idealny do jazdy na nartach, snowboardzie, wspinaczki lodowej, trekkingu alpejskiego lub podr\u00f3\u017cy \u015bnie\u017cnych<\/p>\n<\/li>\n<li class=\"\" data-start=\"3160\" data-end=\"3222\">\n<p class=\"\" data-start=\"3162\" data-end=\"3222\">Dost\u0119pne w kolorze naturalnej opalenizny z czarnymi akcentami brandingu<\/p>\n<\/li>\n<\/ul>\n<hr class=\"\" data-start=\"3224\" data-end=\"3227\" \/>\n<h3 class=\"\" data-start=\"3229\" data-end=\"3250\"><strong data-start=\"3233\" data-end=\"3250\">Zastosowania:<\/strong><\/h3>\n<ul data-start=\"3252\" data-end=\"3561\">\n<li class=\"\" data-start=\"3252\" data-end=\"3286\">\n<p class=\"\" data-start=\"3254\" data-end=\"3286\">Narciarstwo alpejskie i snowboard<\/p>\n<\/li>\n<li class=\"\" data-start=\"3287\" data-end=\"3330\">\n<p class=\"\" data-start=\"3289\" data-end=\"3330\">Treningi i zawody w sportach zimowych<\/p>\n<\/li>\n<li class=\"\" data-start=\"3331\" data-end=\"3376\">\n<p class=\"\" data-start=\"3333\" data-end=\"3376\">Jazda skuterem \u015bnie\u017cnym i ATV w zimnym terenie<\/p>\n<\/li>\n<li class=\"\" data-start=\"3377\" data-end=\"3418\">\n<p class=\"\" data-start=\"3379\" data-end=\"3418\">W\u0119dr\u00f3wki wysokog\u00f3rskie i wspinaczka lodowa<\/p>\n<\/li>\n<li class=\"\" data-start=\"3419\" data-end=\"3450\">\n<p class=\"\" data-start=\"3421\" data-end=\"3450\">Zespo\u0142y ratownicze i patrole narciarskie<\/p>\n<\/li>\n<li class=\"\" data-start=\"3451\" data-end=\"3492\">\n<p class=\"\" data-start=\"3453\" data-end=\"3492\">Zimowe dojazdy do pracy lub praca w ch\u0142odni<\/p>\n<\/li>\n<li class=\"\" data-start=\"3493\" data-end=\"3525\">\n<p class=\"\" data-start=\"3495\" data-end=\"3525\">Arktyczne wycieczki i wyprawy<\/p>\n<\/li>\n<li class=\"\" data-start=\"3526\" data-end=\"3561\">\n<p class=\"\" data-start=\"3528\" data-end=\"3561\">Sprzeda\u017c detaliczna i promocyjna odzie\u017cy zimowej<\/p>\n<\/li>\n<\/ul>\n<hr class=\"\" data-start=\"3563\" data-end=\"3566\" \/>\n<h3 class=\"\" data-start=\"3568\" data-end=\"3591\"><strong data-start=\"3572\" data-end=\"3591\">Specyfikacje:<\/strong><\/h3>\n<ul data-start=\"3593\" data-end=\"4048\">\n<li class=\"\" data-start=\"3593\" data-end=\"3612\">\n<p class=\"\" data-start=\"3595\" data-end=\"3612\">Model: MSG-0065<\/p>\n<\/li>\n<li class=\"\" data-start=\"3613\" data-end=\"3693\">\n<p class=\"\" data-start=\"3615\" data-end=\"3693\">Materia\u0142y: Prawdziwa pe\u0142noziarnista sk\u00f3ra bydl\u0119ca, 3M\u2122 Thinsulate\u2122, wn\u0119trze z polaru<\/p>\n<\/li>\n<li class=\"\" data-start=\"3694\" data-end=\"3721\">\n<p class=\"\" data-start=\"3696\" data-end=\"3721\">Rozmiary: S, M, L, XL, XXL<\/p>\n<\/li>\n<li class=\"\" data-start=\"3722\" data-end=\"3778\">\n<p class=\"\" data-start=\"3724\" data-end=\"3778\">Zapi\u0119cie: Zak\u0142adka na rzep ze smycz\u0105 na nadgarstek i elastyczny nadgarstek<\/p>\n<\/li>\n<li class=\"\" data-start=\"3779\" data-end=\"3833\">\n<p class=\"\" data-start=\"3781\" data-end=\"3833\">Kolory: Sk\u00f3ra br\u0105zowa (mo\u017cliwo\u015b\u0107 dostosowania przy zam\u00f3wieniach zbiorczych)<\/p>\n<\/li>\n<li class=\"\" data-start=\"3834\" data-end=\"3891\">\n<p class=\"\" data-start=\"3836\" data-end=\"3891\">Branding: RYINZ (dost\u0119pne opcje marki w\u0142asnej OEM)<\/p>\n<\/li>\n<li class=\"\" data-start=\"3892\" data-end=\"3944\">\n<p class=\"\" data-start=\"3894\" data-end=\"3944\">Minimalne zam\u00f3wienie: 300 par (dost\u0119pne opcje OEM)<\/p>\n<\/li>\n<li class=\"\" data-start=\"3945\" data-end=\"4003\">\n<p class=\"\" data-start=\"3947\" data-end=\"4003\">Opakowanie: Pojedyncza torebka foliowa lub niestandardowe pude\u0142ko detaliczne<\/p>\n<\/li>\n<li class=\"\" data-start=\"4004\" data-end=\"4048\">\n<p class=\"\" data-start=\"4006\" data-end=\"4048\">Certyfikaty: CE EN388, EN511 opcjonalnie<\/p>\n<\/li>\n<\/ul>","protected":false},"excerpt":{"rendered":"<p>Poradzisz sobie ze \u015bniegiem jak profesjonalista dzi\u0119ki <strong data-start=\"4143\" data-end=\"4181\">Sk\u00f3rzane r\u0119kawice narciarskie RYINZ MSG-0065<\/strong>, stworzone dla tych, kt\u00f3rzy nie uznaj\u0105 kompromis\u00f3w mi\u0119dzy wytrzyma\u0142o\u015bci\u0105 a wyrafinowanym stylem. Te r\u0119kawiczki maj\u0105 wytrzyma\u0142\u0105, pe\u0142noziarnist\u0105 sk\u00f3rzan\u0105 pow\u0142ok\u0119 ze zintegrowan\u0105 izolacj\u0105 termiczn\u0105, kt\u00f3ra sprawdzi si\u0119 w najtrudniejszych warunkach pogodowych. Konstrukcja r\u0119kawic zwi\u0119ksza ciep\u0142o, utrzymuj\u0105c palce razem, a tylna kiesze\u0144 zapinana na zamek zwi\u0119ksza funkcjonalno\u015b\u0107. Dzi\u0119ki mi\u0119kkiej wewn\u0119trznej wy\u015bci\u00f3\u0142ce, wodoodporno\u015bci i przed\u0142u\u017conemu mankietowi, kt\u00f3ry chroni przed \u015bniegiem, s\u0105 idealne dla narciarzy, snowboardzist\u00f3w i skuter\u00f3w \u015bnie\u017cnych. Niezale\u017cnie od tego, czy wybierasz si\u0119 w Alpy, czy uzupe\u0142niasz swoj\u0105 zimow\u0105 lini\u0119 detaliczn\u0105, te r\u0119kawiczki zapewniaj\u0105 wygod\u0119, wytrzyma\u0142o\u015b\u0107 i klasyczn\u0105 g\u00f3rsk\u0105 mod\u0119 - a wszystko to pod zaufan\u0105 mark\u0105 Ryinz.<\/p>","protected":false},"featured_media":8949,"comment_status":"closed","ping_status":"closed","template":"","meta":[],"product_brand":[35],"product_cat":[57],"product_tag":[297,298,299,300,301],"class_list":{"0":"post-9066","1":"product","2":"type-product","3":"status-publish","4":"has-post-thumbnail","6":"product_brand-ryinz","7":"product_cat-ski-snowboarding-gloves","8":"product_tag-cold-weather-mittens","9":"product_tag-cowhide-snow-gloves","10":"product_tag-customizable-ski-mittens","11":"product_tag-insulated-mittens","12":"product_tag-ski-mittens","14":"first","15":"instock","16":"taxable","17":"shipping-taxable","18":"purchasable","19":"product-type-simple"},"_links":{"self":[{"href":"https:\/\/ryinz.cz\/velkoobchod\/pl\/wp-json\/wp\/v2\/product\/9066","targetHints":{"allow":["GET"]}}],"collection":[{"href":"https:\/\/ryinz.cz\/velkoobchod\/pl\/wp-json\/wp\/v2\/product"}],"about":[{"href":"https:\/\/ryinz.cz\/velkoobchod\/pl\/wp-json\/wp\/v2\/types\/product"}],"replies":[{"embeddable":true,"href":"https:\/\/ryinz.cz\/velkoobchod\/pl\/wp-json\/wp\/v2\/comments?post=9066"}],"wp:featuredmedia":[{"embeddable":true,"href":"https:\/\/ryinz.cz\/velkoobchod\/pl\/wp-json\/wp\/v2\/media\/8949"}],"wp:attachment":[{"href":"https:\/\/ryinz.cz\/velkoobchod\/pl\/wp-json\/wp\/v2\/media?parent=9066"}],"wp:term":[{"taxonomy":"product_brand","embeddable":true,"href":"https:\/\/ryinz.cz\/velkoobchod\/pl\/wp-json\/wp\/v2\/product_brand?post=9066"},{"taxonomy":"product_cat","embeddable":true,"href":"https:\/\/ryinz.cz\/velkoobchod\/pl\/wp-json\/wp\/v2\/product_cat?post=9066"},{"taxonomy":"product_tag","embeddable":true,"href":"https:\/\/ryinz.cz\/velkoobchod\/pl\/wp-json\/wp\/v2\/product_tag?post=9066"}],"curies":[{"name":"wp","href":"https:\/\/api.w.org\/{rel}","templated":true}]}}