{"id":9054,"date":"2025-06-22T15:27:04","date_gmt":"2025-06-22T15:27:04","guid":{"rendered":"https:\/\/ryinz.cz\/velkoobchod\/?post_type=product&#038;p=9054"},"modified":"2026-01-18T20:17:31","modified_gmt":"2026-01-18T20:17:31","slug":"skorzana-torba-na-ramie-hurtownia-ryinz-crossbody-torba-na-ramie-moda-miejska-producent-eu-projekty-dostawca-marek-wlasnych","status":"publish","type":"product","link":"https:\/\/ryinz.cz\/velkoobchod\/pl\/product\/leather-sling-bag-wholesale-ryinz-crossbody-chest-bag-urban-fashion-manufacturer-eu-designs-private-label-supplier\/","title":{"rendered":"Sk\u00f3rzana torba na rami\u0119 hurtowo | Ryinz | Torba na rami\u0119 | Moda miejska | Producent, projekty UE, dostawca marek w\u0142asnych"},"content":{"rendered":"<p class=\"\" data-start=\"197\" data-end=\"325\"><strong data-start=\"197\" data-end=\"325\">Sk\u00f3rzana torba na rami\u0119 hurtowo | Ryinz | Torba na rami\u0119 | Moda miejska | Producent, projekty UE, dostawca marek w\u0142asnych<\/strong><\/p>\n<p class=\"\" data-start=\"327\" data-end=\"604\">Przy <strong data-start=\"330\" data-end=\"339\">Ryinz<\/strong>, jeste\u015bmy <strong data-start=\"352\" data-end=\"399\">Niewidzialny silnik stoj\u0105cy za handlem mi\u0119dzynarodowym<\/strong>, \u0142\u0105cz\u0105c zaufanych producent\u00f3w, nowoczesne marki i dynamicznych nabywc\u00f3w w Europie, USA i Azji.<br data-start=\"499\" data-end=\"502\" \/>U\u0142atwiamy firmom ekspansj\u0119, sprzeda\u017c i rozw\u00f3j. <strong data-start=\"563\" data-end=\"603\">Otwieramy drzwi, aby\u015b m\u00f3g\u0142 zamkn\u0105\u0107 sprzeda\u017c<\/strong>.<\/p>\n<p class=\"\" data-start=\"606\" data-end=\"752\">Przedstawiamy <strong data-start=\"622\" data-end=\"649\">Sk\u00f3rzana torba na rami\u0119 Ryinz<\/strong> - Elegancka, stylowa i niezwykle funkcjonalna torba crossbody, idealna do wsp\u00f3\u0142czesnego miejskiego stylu \u017cycia.<\/p>\n<hr class=\"\" data-start=\"754\" data-end=\"757\" \/>\n<h3 class=\"\" data-start=\"759\" data-end=\"786\"><strong data-start=\"763\" data-end=\"785\">Najwa\u017cniejsze cechy produktu<\/strong>:<\/h3>\n<p class=\"\" data-start=\"788\" data-end=\"1287\">\u2705 <strong data-start=\"790\" data-end=\"806\">Nazwa produktu<\/strong>: Ryinz Urban Leather Crossbody Sling Bag<br data-start=\"847\" data-end=\"850\" \/>\u2705 <strong data-start=\"852\" data-end=\"864\">Materia\u0142<\/strong>: Najwy\u017cszej jako\u015bci sk\u00f3ra syntetyczna (wyko\u0144czenie wodoodporne)<br data-start=\"916\" data-end=\"919\" \/>\u2705 <strong data-start=\"921\" data-end=\"930\">Kolor<\/strong>: Klasyczny ciemnoniebieski z br\u0105zowymi paskami (dost\u0119pne kolory niestandardowe)<br data-start=\"993\" data-end=\"996\" \/>\u2705 <strong data-start=\"998\" data-end=\"1014\">Opcje logo<\/strong>: Pusta, haftowana, metalowa p\u0142ytka, nadruk niestandardowy<br data-start=\"1061\" data-end=\"1064\" \/>\u2705 <strong data-start=\"1066\" data-end=\"1085\">Cechy konstrukcyjne<\/strong>:<br data-start=\"1086\" data-end=\"1089\" \/>- Przednia pionowa kiesze\u0144 na zamek b\u0142yskawiczny zapewnia szybki dost\u0119p<br data-start=\"1135\" data-end=\"1138\" \/>- G\u0142\u00f3wna komora na zamek b\u0142yskawiczny na niezb\u0119dne rzeczy<br data-start=\"1178\" data-end=\"1181\" \/>- Regulowany szeroki pasek na rami\u0119<br data-start=\"1213\" data-end=\"1216\" \/>- Bezpieczny pasek z klamr\u0105 dla dodatkowej stabilno\u015bci<br data-start=\"1257\" data-end=\"1260\" \/>- Wewn\u0119trzna kiesze\u0144 antykradzie\u017cowa<\/p>\n<p class=\"\" data-start=\"1289\" data-end=\"1302\">\u2705 <strong data-start=\"1291\" data-end=\"1299\">Rozmiar<\/strong>:<\/p>\n<ul data-start=\"1303\" data-end=\"1384\">\n<li class=\"\" data-start=\"1303\" data-end=\"1320\">\n<p class=\"\" data-start=\"1305\" data-end=\"1320\">Wysoko\u015b\u0107: 32 cm<\/p>\n<\/li>\n<li class=\"\" data-start=\"1321\" data-end=\"1337\">\n<p class=\"\" data-start=\"1323\" data-end=\"1337\">Szeroko\u015b\u0107: 17 cm<\/p>\n<\/li>\n<li class=\"\" data-start=\"1338\" data-end=\"1353\">\n<p class=\"\" data-start=\"1340\" data-end=\"1353\">G\u0142\u0119boko\u015b\u0107: 8 cm<\/p>\n<\/li>\n<li class=\"\" data-start=\"1354\" data-end=\"1384\">\n<p class=\"\" data-start=\"1356\" data-end=\"1384\">Pojemno\u015b\u0107: Oko\u0142o 5-7 litr\u00f3w<\/p>\n<\/li>\n<\/ul>\n<p class=\"\" data-start=\"1386\" data-end=\"1594\">\u2705 <strong data-start=\"1388\" data-end=\"1395\">Dopasowanie<\/strong>: Ergonomiczny, lekki, do noszenia na prawym lub lewym ramieniu<br data-start=\"1448\" data-end=\"1451\" \/>\u2705 <strong data-start=\"1453\" data-end=\"1460\">U\u017cycie<\/strong>: Podr\u00f3\u017ce, Codzienne dojazdy do pracy, Zakupy, Zwiedzanie miasta, Wydarzenia<br data-start=\"1523\" data-end=\"1526\" \/>\u2705 <strong data-start=\"1528\" data-end=\"1535\">MOQ<\/strong>: Elastyczne niskie minima dla zam\u00f3wie\u0144 hurtowych i niestandardowych<\/p>\n<hr class=\"\" data-start=\"1596\" data-end=\"1599\" \/>\n<h3 class=\"\" data-start=\"1601\" data-end=\"1630\"><strong data-start=\"1605\" data-end=\"1629\">Szczeg\u00f3\u0142owy opis<\/strong>:<\/h3>\n<p class=\"\" data-start=\"1632\" data-end=\"1898\">Elegancki, mocny i praktyczny - model <strong data-start=\"1669\" data-end=\"1696\">Sk\u00f3rzana torba na rami\u0119 Ryinz<\/strong> jest stworzony dla wsp\u00f3\u0142czesnego miejskiego odkrywcy.<br data-start=\"1735\" data-end=\"1738\" \/>Wykonane z <strong data-start=\"1751\" data-end=\"1785\">wysokiej jako\u015bci sk\u00f3ra syntetyczna<\/strong>, Ta torba \u0142\u0105czy klasyczny styl z nowoczesn\u0105 funkcjonalno\u015bci\u0105, oferuj\u0105c lekko\u015b\u0107 i wodoodporno\u015b\u0107.<\/p>\n<p class=\"\" data-start=\"1900\" data-end=\"2186\">The <strong data-start=\"1904\" data-end=\"1938\">pionowa przednia kiesze\u0144 zapinana na zamek<\/strong> zapewnia szybki dost\u0119p do niezb\u0119dnych rzeczy, takich jak smartfon, portfel czy klucze, podczas gdy <strong data-start=\"2020\" data-end=\"2040\">komora g\u0142\u00f3wna<\/strong> Bezpiecznie przenosi tablety, notebooki, okulary przeciws\u0142oneczne, \u0142adowarki i inne cenne przedmioty.<br data-start=\"2118\" data-end=\"2121\" \/>Wewn\u0119trzna ukryta kiesze\u0144 zabezpiecza karty, paszporty lub got\u00f3wk\u0119.<\/p>\n<p class=\"\" data-start=\"2188\" data-end=\"2350\">The <strong data-start=\"2192\" data-end=\"2226\">regulowany szeroki pasek na rami\u0119<\/strong> zapewnia ergonomiczne noszenie, a <strong data-start=\"2259\" data-end=\"2277\">wytrzyma\u0142a klamra<\/strong> Zapewnia dodatkow\u0105 stabilno\u015b\u0107 podczas podr\u00f3\u017cy, spacer\u00f3w po mie\u015bcie, zakup\u00f3w lub imprez.<\/p>\n<p class=\"\" data-start=\"2352\" data-end=\"2574\">Idealny dla <strong data-start=\"2362\" data-end=\"2388\">projekty marek w\u0142asnych<\/strong>, <strong data-start=\"2390\" data-end=\"2409\">upominki firmowe<\/strong>, <strong data-start=\"2411\" data-end=\"2432\">detali\u015bci modowi<\/strong>, oraz <strong data-start=\"2438\" data-end=\"2460\">wydarzenia promocyjne<\/strong>, Sk\u00f3rzane torby crossbody Ryinz s\u0105 dost\u0119pne w nast\u0119puj\u0105cych wersjach <strong data-start=\"2510\" data-end=\"2534\">niestandardowy branding logo<\/strong> aby idealnie dopasowa\u0107 si\u0119 do to\u017csamo\u015bci marki.<\/p>\n<hr class=\"\" data-start=\"2576\" data-end=\"2579\" \/>\n<h3 class=\"\" data-start=\"2581\" data-end=\"2634\"><strong data-start=\"2585\" data-end=\"2633\">Kluczowe funkcje dla nabywc\u00f3w hurtowych i detalicznych<\/strong>:<\/h3>\n<p class=\"\" data-start=\"2636\" data-end=\"3153\">???? <strong data-start=\"2639\" data-end=\"2673\">Projekt urbanistyczny inspirowany Europ\u0105<\/strong>: Elegancki, modny i wysoce funkcjonalny.<br data-start=\"2717\" data-end=\"2720\" \/>???? <strong data-start=\"2723\" data-end=\"2754\">Bezpo\u015brednie ceny producenta<\/strong>: Konkurencyjne stawki i wysoka jako\u015b\u0107.<br data-start=\"2796\" data-end=\"2799\" \/>???? <strong data-start=\"2802\" data-end=\"2823\">Niestandardowe logo gotowe<\/strong>: Opcje znakowania za pomoc\u0105 haftu, niestandardowej naszywki, metalowej p\u0142ytki.<br data-start=\"2884\" data-end=\"2887\" \/>???? <strong data-start=\"2890\" data-end=\"2917\">Atrakcyjno\u015b\u0107 dla rynku wielofunkcyjnego<\/strong>: Marki modowe, sprz\u0119t podr\u00f3\u017cny, e-commerce, upominki firmowe, towary eventowe.<br data-start=\"2995\" data-end=\"2998\" \/>???? <strong data-start=\"3001\" data-end=\"3040\">Szybka produkcja i globalna wysy\u0142ka<\/strong>: Efektywna obs\u0142uga Europy, USA i Azji.<br data-start=\"3088\" data-end=\"3091\" \/>???? <strong data-start=\"3094\" data-end=\"3121\">Wytrzyma\u0142y i lekki<\/strong>: Stworzony do nowoczesnego codziennego u\u017cytku.<\/p>\n<hr class=\"\" data-start=\"3155\" data-end=\"3158\" \/>\n<h3 class=\"\" data-start=\"3160\" data-end=\"3186\"><strong data-start=\"3164\" data-end=\"3185\">Pomys\u0142y na aplikacje<\/strong>:<\/h3>\n<p class=\"\" data-start=\"3188\" data-end=\"3478\">- Butiki z mod\u0105 miejsk\u0105<br data-start=\"3213\" data-end=\"3216\" \/>- Sprzeda\u017c detaliczna sprz\u0119tu i akcesori\u00f3w turystycznych<br data-start=\"3252\" data-end=\"3255\" \/>- Marki lifestylowe i sprzedawcy e-commerce<br data-start=\"3296\" data-end=\"3299\" \/>- Agencje prezent\u00f3w korporacyjnych i promocyjnych<br data-start=\"3340\" data-end=\"3343\" \/>- Linie mody m\u0119skiej i damskiej<br data-start=\"3376\" data-end=\"3379\" \/>- Towary na imprezy plenerowe i festiwalowe<br data-start=\"3419\" data-end=\"3422\" \/>- Marki w\u0142asne koncentruj\u0105ce si\u0119 na stylu miejskim i ulicznym<\/p>\n<hr class=\"\" data-start=\"3480\" data-end=\"3483\" \/>\n<h3 class=\"\" data-start=\"3485\" data-end=\"3522\"><strong data-start=\"3489\" data-end=\"3521\">Idealny rozmiar i dopasowanie<\/strong>:<\/h3>\n<div class=\"group pointer-events-none relative flex justify-center *:pointer-events-auto\"><button class=\"hover:bg-token-main-surface-secondary text-token-text-secondary pointer-events-auto rounded-lg px-1 py-1 opacity-0 transition-opacity duration-200 group-focus-within:opacity-100 group-hover:opacity-100\"><\/button><\/p>\n<div class=\"tableContainer horzScrollShadows relative\">\n<table class=\"min-w-full\" data-start=\"3524\" data-end=\"3701\">\n<thead data-start=\"3524\" data-end=\"3592\">\n<tr data-start=\"3524\" data-end=\"3592\">\n<th data-start=\"3524\" data-end=\"3531\">Rozmiar<\/th>\n<th data-start=\"3531\" data-end=\"3545\">Wysoko\u015b\u0107 (cm)<\/th>\n<th data-start=\"3545\" data-end=\"3558\">Szeroko\u015b\u0107 (cm)<\/th>\n<th data-start=\"3558\" data-end=\"3571\">G\u0142\u0119boko\u015b\u0107 (cm)<\/th>\n<th data-start=\"3571\" data-end=\"3592\">Pojemno\u015b\u0107 (litry)<\/th>\n<\/tr>\n<\/thead>\n<tbody data-start=\"3662\" data-end=\"3701\">\n<tr data-start=\"3662\" data-end=\"3701\">\n<td class=\"max-w-[calc(var(--thread-content-max-width)*2\/3)]\" data-start=\"3662\" data-end=\"3673\">Jeden rozmiar<\/td>\n<td class=\"max-w-[calc(var(--thread-content-max-width)*2\/3)]\" data-start=\"3673\" data-end=\"3678\">32<\/td>\n<td class=\"max-w-[calc(var(--thread-content-max-width)*2\/3)]\" data-start=\"3678\" data-end=\"3683\">17<\/td>\n<td class=\"max-w-[calc(var(--thread-content-max-width)*2\/3)]\" data-start=\"3683\" data-end=\"3687\">8<\/td>\n<td class=\"max-w-[calc(var(--thread-content-max-width)*2\/3)]\" data-start=\"3687\" data-end=\"3701\">5-7 litr\u00f3w<\/td>\n<\/tr>\n<\/tbody>\n<\/table>\n<\/div>\n<\/div>","protected":false},"excerpt":{"rendered":"<div class=\"flex-shrink-0 flex flex-col relative items-end\">\n<div class=\"pt-0\">\n<div class=\"gizmo-bot-avatar flex h-8 w-8 items-center justify-center overflow-hidden rounded-full\">\n<div class=\"relative p-1 rounded-sm flex items-center justify-center bg-token-main-surface-primary text-token-text-primary h-8 w-8\">\n<h3 class=\"\" data-start=\"2581\" data-end=\"2634\"><strong data-start=\"2585\" data-end=\"2633\">Kluczowe funkcje dla nabywc\u00f3w hurtowych i detalicznych<\/strong>:<\/h3>\n<p class=\"\" data-start=\"2636\" data-end=\"3153\">???? <strong data-start=\"2639\" data-end=\"2673\">Projekt urbanistyczny inspirowany Europ\u0105<\/strong>: Elegancki, modny i wysoce funkcjonalny.<br data-start=\"2717\" data-end=\"2720\" \/>???? <strong data-start=\"2723\" data-end=\"2754\">Bezpo\u015brednie ceny producenta<\/strong>: Konkurencyjne stawki i wysoka jako\u015b\u0107.<br data-start=\"2796\" data-end=\"2799\" \/>???? <strong data-start=\"2802\" data-end=\"2823\">Niestandardowe logo gotowe<\/strong>: Opcje znakowania za pomoc\u0105 haftu, niestandardowej naszywki, metalowej p\u0142ytki.<br data-start=\"2884\" data-end=\"2887\" \/>???? <strong data-start=\"2890\" data-end=\"2917\">Atrakcyjno\u015b\u0107 dla rynku wielofunkcyjnego<\/strong>: Marki modowe, sprz\u0119t podr\u00f3\u017cny, e-commerce, upominki firmowe, towary eventowe.<br data-start=\"2995\" data-end=\"2998\" \/>???? <strong data-start=\"3001\" data-end=\"3040\">Szybka produkcja i globalna wysy\u0142ka<\/strong>: Efektywna obs\u0142uga Europy, USA i Azji.<br data-start=\"3088\" data-end=\"3091\" \/>???? <strong data-start=\"3094\" data-end=\"3121\">Wytrzyma\u0142y i lekki<\/strong>: Stworzony do nowoczesnego codziennego u\u017cytku.<\/p>\n<\/div>\n<\/div>\n<\/div>\n<\/div>","protected":false},"featured_media":9142,"comment_status":"closed","ping_status":"closed","template":"","meta":[],"product_brand":[35],"product_cat":[233],"product_tag":[289,290,291,292,293,294,295,296,288],"class_list":{"0":"post-9054","1":"product","2":"type-product","3":"status-publish","4":"has-post-thumbnail","6":"product_brand-ryinz","7":"product_cat-bags","8":"product_tag-cowhide-leather-bag","9":"product_tag-custom-logo-leather-bag","10":"product_tag-gillani-leather-pack","11":"product_tag-leather-sling-bag","12":"product_tag-luxury-leather-bag","13":"product_tag-premium-leather-bag","14":"product_tag-real-leather-sling-pack","15":"product_tag-stylish-leather-shoulder-bag","16":"product_tag-urban-sling-bag","18":"first","19":"instock","20":"taxable","21":"shipping-taxable","22":"purchasable","23":"product-type-simple"},"_links":{"self":[{"href":"https:\/\/ryinz.cz\/velkoobchod\/pl\/wp-json\/wp\/v2\/product\/9054","targetHints":{"allow":["GET"]}}],"collection":[{"href":"https:\/\/ryinz.cz\/velkoobchod\/pl\/wp-json\/wp\/v2\/product"}],"about":[{"href":"https:\/\/ryinz.cz\/velkoobchod\/pl\/wp-json\/wp\/v2\/types\/product"}],"replies":[{"embeddable":true,"href":"https:\/\/ryinz.cz\/velkoobchod\/pl\/wp-json\/wp\/v2\/comments?post=9054"}],"wp:featuredmedia":[{"embeddable":true,"href":"https:\/\/ryinz.cz\/velkoobchod\/pl\/wp-json\/wp\/v2\/media\/9142"}],"wp:attachment":[{"href":"https:\/\/ryinz.cz\/velkoobchod\/pl\/wp-json\/wp\/v2\/media?parent=9054"}],"wp:term":[{"taxonomy":"product_brand","embeddable":true,"href":"https:\/\/ryinz.cz\/velkoobchod\/pl\/wp-json\/wp\/v2\/product_brand?post=9054"},{"taxonomy":"product_cat","embeddable":true,"href":"https:\/\/ryinz.cz\/velkoobchod\/pl\/wp-json\/wp\/v2\/product_cat?post=9054"},{"taxonomy":"product_tag","embeddable":true,"href":"https:\/\/ryinz.cz\/velkoobchod\/pl\/wp-json\/wp\/v2\/product_tag?post=9054"}],"curies":[{"name":"wp","href":"https:\/\/api.w.org\/{rel}","templated":true}]}}