{"id":9048,"date":"2025-06-22T15:27:02","date_gmt":"2025-06-22T15:27:02","guid":{"rendered":"https:\/\/ryinz.cz\/velkoobchod\/?post_type=product&#038;p=9048"},"modified":"2026-01-18T20:17:28","modified_gmt":"2026-01-18T20:17:28","slug":"podrozna-torba-podrozna-hurtownia-ryinz-torba-podrozna-i-sportowa-projekty-eu-producent-dostawca-marek-wlasnych","status":"publish","type":"product","link":"https:\/\/ryinz.cz\/velkoobchod\/pl\/product\/travel-duffel-bag-wholesale-ryinz-gym-travel-and-sports-bag-eu-designs-manufacturer-private-label-supplier\/","title":{"rendered":"Torba podr\u00f3\u017cna Duffel Wholesale | Ryinz | Torba na si\u0142owni\u0119, podr\u00f3\u017cna i sportowa | EU Designs | Producent i dostawca marek w\u0142asnych"},"content":{"rendered":"<div class=\"flex-shrink-0 flex flex-col relative items-end\">\n<div class=\"pt-0\">\n<div class=\"gizmo-bot-avatar flex h-8 w-8 items-center justify-center overflow-hidden rounded-full\">\n<div class=\"relative p-1 rounded-sm flex items-center justify-center bg-token-main-surface-primary text-token-text-primary h-8 w-8\">\n<p class=\"\" data-start=\"218\" data-end=\"340\"><strong data-start=\"218\" data-end=\"340\">Torba podr\u00f3\u017cna Duffel Wholesale | Ryinz | Torba na si\u0142owni\u0119, podr\u00f3\u017cna i sportowa | EU Designs | Producent i dostawca marek w\u0142asnych<\/strong><\/p>\n<p class=\"\" data-start=\"342\" data-end=\"647\">Przy <strong data-start=\"345\" data-end=\"354\">Ryinz<\/strong>, zasilamy marki za pomoc\u0105 <strong data-start=\"377\" data-end=\"422\">produkty o wysokim popycie i globalnej atrakcyjno\u015bci<\/strong>.<br data-start=\"423\" data-end=\"426\" \/>Jeste\u015bmy <strong data-start=\"437\" data-end=\"484\">Niewidzialny silnik stoj\u0105cy za handlem mi\u0119dzynarodowym<\/strong>, \u0142\u0105cz\u0105c producent\u00f3w, marki i nabywc\u00f3w w Europie, USA i Azji.<br data-start=\"564\" data-end=\"567\" \/>Nasza misja: <strong data-start=\"580\" data-end=\"620\">Otwieramy drzwi, aby\u015b m\u00f3g\u0142 zamkn\u0105\u0107 sprzeda\u017c<\/strong> - M\u0105drzej, szybciej, lepiej.<\/p>\n<p class=\"\" data-start=\"649\" data-end=\"782\">Przedstawiamy <strong data-start=\"665\" data-end=\"692\">Torba podr\u00f3\u017cna Ryinz<\/strong> - Wszechstronne, stylowe i wytrzyma\u0142e rozwi\u0105zanie do podr\u00f3\u017cy, si\u0142owni, uprawiania sportu i codziennego noszenia.<\/p>\n<hr class=\"\" data-start=\"784\" data-end=\"787\" \/>\n<h3 class=\"\" data-start=\"789\" data-end=\"816\"><strong data-start=\"793\" data-end=\"815\">Najwa\u017cniejsze cechy produktu<\/strong>:<\/h3>\n<p class=\"\" data-start=\"818\" data-end=\"1330\">\u2705 <strong data-start=\"820\" data-end=\"836\">Nazwa produktu<\/strong>: Wielofunkcyjna torba podr\u00f3\u017cna Ryinz<br data-start=\"874\" data-end=\"877\" \/>\u2705 <strong data-start=\"879\" data-end=\"891\">Materia\u0142<\/strong>: Wytrzyma\u0142y poliester (pow\u0142oka wodoodporna)<br data-start=\"939\" data-end=\"942\" \/>\u2705 <strong data-start=\"944\" data-end=\"953\">Kolor<\/strong>: Klasyczny br\u0105z z czarnymi akcentami (dost\u0119pne kolory niestandardowe)<br data-start=\"1017\" data-end=\"1020\" \/>\u2705 <strong data-start=\"1022\" data-end=\"1038\">Opcje logo<\/strong>: Puste, niestandardowy sitodruk, haft, gumowa naszywka<br data-start=\"1092\" data-end=\"1095\" \/>\u2705 <strong data-start=\"1097\" data-end=\"1116\">Cechy konstrukcyjne<\/strong>:<br data-start=\"1117\" data-end=\"1120\" \/>- Przestronna komora g\u0142\u00f3wna<br data-start=\"1147\" data-end=\"1150\" \/>- Przednia kiesze\u0144 na suwak na niezb\u0119dne drobiazgi<br data-start=\"1192\" data-end=\"1195\" \/>- Boczna kiesze\u0144 na suwak (idealna na buty lub mokry sprz\u0119t)<br data-start=\"1245\" data-end=\"1248\" \/>- Odpinany, regulowany pasek na rami\u0119<br data-start=\"1286\" data-end=\"1289\" \/>- Wy\u015bcie\u0142ane podw\u00f3jne uchwyty do przenoszenia dla wygody<\/p>\n<p class=\"\" data-start=\"1332\" data-end=\"1345\">\u2705 <strong data-start=\"1334\" data-end=\"1342\">Rozmiar<\/strong>:<\/p>\n<ul data-start=\"1346\" data-end=\"1428\">\n<li class=\"\" data-start=\"1346\" data-end=\"1363\">\n<p class=\"\" data-start=\"1348\" data-end=\"1363\">D\u0142ugo\u015b\u0107: 52 cm<\/p>\n<\/li>\n<li class=\"\" data-start=\"1364\" data-end=\"1380\">\n<p class=\"\" data-start=\"1366\" data-end=\"1380\">Szeroko\u015b\u0107: 28 cm<\/p>\n<\/li>\n<li class=\"\" data-start=\"1381\" data-end=\"1398\">\n<p class=\"\" data-start=\"1383\" data-end=\"1398\">Wysoko\u015b\u0107: 28 cm<\/p>\n<\/li>\n<li class=\"\" data-start=\"1399\" data-end=\"1428\">\n<p class=\"\" data-start=\"1401\" data-end=\"1428\">Pojemno\u015b\u0107: Oko\u0142o 40 litr\u00f3w<\/p>\n<\/li>\n<\/ul>\n<p class=\"\" data-start=\"1430\" data-end=\"1638\">\u2705 <strong data-start=\"1432\" data-end=\"1439\">Dopasowanie<\/strong>: Lekki, ergonomiczny, dopuszczony do noszenia w baga\u017cu podr\u0119cznym<br data-start=\"1487\" data-end=\"1490\" \/>\u2705 <strong data-start=\"1492\" data-end=\"1499\">U\u017cycie<\/strong>: Si\u0142ownia, Podr\u00f3\u017ce, Sport, Trening, Wyjazdy weekendowe, Wydarzenia<br data-start=\"1553\" data-end=\"1556\" \/>\u2705 <strong data-start=\"1558\" data-end=\"1565\">MOQ<\/strong>: Elastyczne niskie minima dla sprzeda\u017cy hurtowej, detalicznej i marek w\u0142asnych<\/p>\n<hr class=\"\" data-start=\"1640\" data-end=\"1643\" \/>\n<h3 class=\"\" data-start=\"1645\" data-end=\"1674\"><strong data-start=\"1649\" data-end=\"1673\">Szczeg\u00f3\u0142owy opis<\/strong>:<\/h3>\n<p class=\"\" data-start=\"1676\" data-end=\"1839\">The <strong data-start=\"1680\" data-end=\"1707\">Torba podr\u00f3\u017cna Ryinz<\/strong> jest stworzony do ruchu - niezale\u017cnie od tego, czy wybierasz si\u0119 na si\u0142owni\u0119, podr\u00f3\u017cujesz na weekendowy wypad, czy nosisz sprz\u0119t na sesj\u0119 sportow\u0105.<\/p>\n<p class=\"\" data-start=\"1841\" data-end=\"2284\">Wykonane z <strong data-start=\"1854\" data-end=\"1894\">wodoodporny, wytrzyma\u0142y poliester<\/strong>, ta torba zapewnia <strong data-start=\"1917\" data-end=\"1968\">wytrzyma\u0142o\u015b\u0107, lekko\u015b\u0107 i niezawodna ochrona<\/strong> przed warunkami atmosferycznymi i zu\u017cyciem.<br data-start=\"1994\" data-end=\"1997\" \/>The <strong data-start=\"2001\" data-end=\"2027\">du\u017ca komora g\u0142\u00f3wna<\/strong> Oferuje wystarczaj\u0105co du\u017co miejsca na odzie\u017c gimnastyczn\u0105, buty, akcesoria techniczne, r\u0119czniki i codzienne drobiazgi.<br data-start=\"2119\" data-end=\"2122\" \/>A <strong data-start=\"2124\" data-end=\"2149\">boczny schowek na buty<\/strong> oddziela czyste ubrania od brudnego lub mokrego sprz\u0119tu, podczas gdy <strong data-start=\"2206\" data-end=\"2229\">przednia kiesze\u0144 na suwak<\/strong> zapewnia szybki dost\u0119p do kluczy, portfela lub paszportu.<\/p>\n<p class=\"\" data-start=\"2286\" data-end=\"2455\">The <strong data-start=\"2290\" data-end=\"2326\">regulowany wy\u015bcie\u0142any pasek na rami\u0119<\/strong> oraz <strong data-start=\"2331\" data-end=\"2360\">Wygodne uchwyty do przenoszenia<\/strong> oferuj\u0105 \u0142atwe opcje przenoszenia, niezale\u017cnie od tego, czy doje\u017cd\u017casz do pracy, trenujesz, czy podr\u00f3\u017cujesz za granic\u0119.<\/p>\n<p class=\"\" data-start=\"2457\" data-end=\"2643\">Mo\u017cliwo\u015b\u0107 dostosowania za pomoc\u0105 <strong data-start=\"2475\" data-end=\"2494\">logo marki<\/strong>, Torba podr\u00f3\u017cna Ryinz jest idealna dla sieci si\u0142owni, marek turystycznych, imprez promocyjnych, upomink\u00f3w firmowych, klub\u00f3w sportowych i sklep\u00f3w internetowych.<\/p>\n<hr class=\"\" data-start=\"2645\" data-end=\"2648\" \/>\n<h3 class=\"\" data-start=\"2650\" data-end=\"2703\"><strong data-start=\"2654\" data-end=\"2702\">Kluczowe funkcje dla nabywc\u00f3w hurtowych i detalicznych<\/strong>:<\/h3>\n<p class=\"\" data-start=\"2705\" data-end=\"3215\">???? <strong data-start=\"2708\" data-end=\"2734\">Europejski design<\/strong>: Stylowy, praktyczny i najwy\u017cszej jako\u015bci.<br data-start=\"2776\" data-end=\"2779\" \/>???? <strong data-start=\"2782\" data-end=\"2813\">Ustalanie cen bezpo\u015brednio przez producenta<\/strong>: Maksymalizacja zysk\u00f3w i warto\u015bci produktu.<br data-start=\"2855\" data-end=\"2858\" \/>???? <strong data-start=\"2861\" data-end=\"2888\">Niestandardowe opcje brandingu<\/strong>: Haft, gumowe naszywki lub sitodruk sprawi\u0105, \u017ce stanie si\u0119 ona Twoj\u0105 w\u0142asno\u015bci\u0105.<br data-start=\"2956\" data-end=\"2959\" \/>???? <strong data-start=\"2962\" data-end=\"2982\">Dopasowanie do wielu rynk\u00f3w<\/strong>: Fitness, podr\u00f3\u017ce, sport, moda detaliczna, prezenty korporacyjne.<br data-start=\"3043\" data-end=\"3046\" \/>???? <strong data-start=\"3049\" data-end=\"3087\">Szybka produkcja i szybka dostawa<\/strong>: Zam\u00f3wienia masowe wysy\u0142ane niezawodnie na ca\u0142ym \u015bwiecie.<br data-start=\"3128\" data-end=\"3131\" \/>???? <strong data-start=\"3134\" data-end=\"3156\">Koncentracja na trwa\u0142o\u015bci<\/strong>: Wytrzyma\u0142e zamki b\u0142yskawiczne, mocne szwy, wzmocnione uchwyty.<\/p>\n<hr class=\"\" data-start=\"3217\" data-end=\"3220\" \/>\n<h3 class=\"\" data-start=\"3222\" data-end=\"3248\"><strong data-start=\"3226\" data-end=\"3247\">Pomys\u0142y na aplikacje<\/strong>:<\/h3>\n<p class=\"\" data-start=\"3250\" data-end=\"3521\">- Sieci si\u0142owni i kluby fitness<br data-start=\"3280\" data-end=\"3283\" \/>- Sprzedawcy sprz\u0119tu podr\u00f3\u017cnego i baga\u017cu<br data-start=\"3318\" data-end=\"3321\" \/>- Kluby sportowe i o\u015brodki szkoleniowe<br data-start=\"3356\" data-end=\"3359\" \/>- Towary i promocje zwi\u0105zane z wydarzeniami<br data-start=\"3393\" data-end=\"3396\" \/>- Marki modowe i sprzedawcy internetowi<br data-start=\"3437\" data-end=\"3440\" \/>- Marki Outdoor Adventure<br data-start=\"3466\" data-end=\"3469\" \/>- Startupy marek w\u0142asnych koncentruj\u0105ce si\u0119 na podr\u00f3\u017cach lub sporcie<\/p>\n<hr class=\"\" data-start=\"3523\" data-end=\"3526\" \/>\n<h3 class=\"\" data-start=\"3528\" data-end=\"3565\"><strong data-start=\"3532\" data-end=\"3564\">Idealny rozmiar i dopasowanie<\/strong>:<\/h3>\n<div class=\"group pointer-events-none relative flex justify-center *:pointer-events-auto\"><button class=\"hover:bg-token-main-surface-secondary text-token-text-secondary pointer-events-auto rounded-lg px-1 py-1 opacity-0 transition-opacity duration-200 group-focus-within:opacity-100 group-hover:opacity-100\"><\/button><\/p>\n<div class=\"tableContainer horzScrollShadows relative\">\n<table class=\"min-w-full\" data-start=\"3567\" data-end=\"3746\">\n<thead data-start=\"3567\" data-end=\"3636\">\n<tr data-start=\"3567\" data-end=\"3636\">\n<th data-start=\"3567\" data-end=\"3574\">Rozmiar<\/th>\n<th data-start=\"3574\" data-end=\"3588\">D\u0142ugo\u015b\u0107 (cm)<\/th>\n<th data-start=\"3588\" data-end=\"3601\">Szeroko\u015b\u0107 (cm)<\/th>\n<th data-start=\"3601\" data-end=\"3615\">Wysoko\u015b\u0107 (cm)<\/th>\n<th data-start=\"3615\" data-end=\"3636\">Pojemno\u015b\u0107 (litry)<\/th>\n<\/tr>\n<\/thead>\n<tbody data-start=\"3707\" data-end=\"3746\">\n<tr data-start=\"3707\" data-end=\"3746\">\n<td class=\"max-w-[calc(var(--thread-content-max-width)*2\/3)]\" data-start=\"3707\" data-end=\"3718\">Jeden rozmiar<\/td>\n<td class=\"max-w-[calc(var(--thread-content-max-width)*2\/3)]\" data-start=\"3718\" data-end=\"3723\">52<\/td>\n<td class=\"max-w-[calc(var(--thread-content-max-width)*2\/3)]\" data-start=\"3723\" data-end=\"3728\">28<\/td>\n<td class=\"max-w-[calc(var(--thread-content-max-width)*2\/3)]\" data-start=\"3728\" data-end=\"3733\">28<\/td>\n<td class=\"max-w-[calc(var(--thread-content-max-width)*2\/3)]\" data-start=\"3733\" data-end=\"3746\">40 litr\u00f3w<\/td>\n<\/tr>\n<\/tbody>\n<\/table>\n<\/div>\n<\/div>\n<p class=\"\" data-start=\"3748\" data-end=\"3837\">(Rozmiar zatwierdzony przez linie lotnicze, z \u0142atwo\u015bci\u0105 mie\u015bci pe\u0142ny zestaw gimnastyczny lub weekendowy sprz\u0119t podr\u00f3\u017cny).<\/p>\n<\/div>\n<\/div>\n<\/div>\n<\/div>","protected":false},"excerpt":{"rendered":"<div class=\"flex-shrink-0 flex flex-col relative items-end\">\n<div class=\"pt-0\">\n<div class=\"gizmo-bot-avatar flex h-8 w-8 items-center justify-center overflow-hidden rounded-full\">\n<div class=\"relative p-1 rounded-sm flex items-center justify-center bg-token-main-surface-primary text-token-text-primary h-8 w-8\">\n<h3 class=\"\" data-start=\"2650\" data-end=\"2703\"><strong data-start=\"2654\" data-end=\"2702\">Kluczowe funkcje dla nabywc\u00f3w hurtowych i detalicznych<\/strong>:<\/h3>\n<p class=\"\" data-start=\"2705\" data-end=\"3215\">???? <strong data-start=\"2708\" data-end=\"2734\">Europejski design<\/strong>: Stylowy, praktyczny i najwy\u017cszej jako\u015bci.<br data-start=\"2776\" data-end=\"2779\" \/>???? <strong data-start=\"2782\" data-end=\"2813\">Ustalanie cen bezpo\u015brednio przez producenta<\/strong>: Maksymalizacja zysk\u00f3w i warto\u015bci produktu.<br data-start=\"2855\" data-end=\"2858\" \/>???? <strong data-start=\"2861\" data-end=\"2888\">Niestandardowe opcje brandingu<\/strong>: Haft, gumowe naszywki lub sitodruk sprawi\u0105, \u017ce stanie si\u0119 ona Twoj\u0105 w\u0142asno\u015bci\u0105.<br data-start=\"2956\" data-end=\"2959\" \/>???? <strong data-start=\"2962\" data-end=\"2982\">Dopasowanie do wielu rynk\u00f3w<\/strong>: Fitness, podr\u00f3\u017ce, sport, moda detaliczna, prezenty korporacyjne.<br data-start=\"3043\" data-end=\"3046\" \/>???? <strong data-start=\"3049\" data-end=\"3087\">Szybka produkcja i szybka dostawa<\/strong>: Zam\u00f3wienia masowe wysy\u0142ane niezawodnie na ca\u0142ym \u015bwiecie.<br data-start=\"3128\" data-end=\"3131\" \/>???? <strong data-start=\"3134\" data-end=\"3156\">Koncentracja na trwa\u0142o\u015bci<\/strong>: Wytrzyma\u0142e zamki b\u0142yskawiczne, mocne szwy, wzmocnione uchwyty.<\/p>\n<\/div>\n<\/div>\n<\/div>\n<\/div>","protected":false},"featured_media":9130,"comment_status":"closed","ping_status":"closed","template":"","meta":[],"product_brand":[35],"product_cat":[233],"product_tag":[256,257,258,259,260,261,262,263,264,265],"class_list":{"0":"post-9048","1":"product","2":"type-product","3":"status-publish","4":"has-post-thumbnail","6":"product_brand-ryinz","7":"product_cat-bags","8":"product_tag-custom-logo-bag","9":"product_tag-duffel-bag","10":"product_tag-durable-travel-bag","11":"product_tag-gillani-bag","12":"product_tag-gym-bag","13":"product_tag-large-storage-bag","14":"product_tag-sports-bag","15":"product_tag-travel-duffel","16":"product_tag-water-resistant-duffel","17":"product_tag-weekend-bag","19":"first","20":"instock","21":"taxable","22":"shipping-taxable","23":"purchasable","24":"product-type-simple"},"_links":{"self":[{"href":"https:\/\/ryinz.cz\/velkoobchod\/pl\/wp-json\/wp\/v2\/product\/9048","targetHints":{"allow":["GET"]}}],"collection":[{"href":"https:\/\/ryinz.cz\/velkoobchod\/pl\/wp-json\/wp\/v2\/product"}],"about":[{"href":"https:\/\/ryinz.cz\/velkoobchod\/pl\/wp-json\/wp\/v2\/types\/product"}],"replies":[{"embeddable":true,"href":"https:\/\/ryinz.cz\/velkoobchod\/pl\/wp-json\/wp\/v2\/comments?post=9048"}],"wp:featuredmedia":[{"embeddable":true,"href":"https:\/\/ryinz.cz\/velkoobchod\/pl\/wp-json\/wp\/v2\/media\/9130"}],"wp:attachment":[{"href":"https:\/\/ryinz.cz\/velkoobchod\/pl\/wp-json\/wp\/v2\/media?parent=9048"}],"wp:term":[{"taxonomy":"product_brand","embeddable":true,"href":"https:\/\/ryinz.cz\/velkoobchod\/pl\/wp-json\/wp\/v2\/product_brand?post=9048"},{"taxonomy":"product_cat","embeddable":true,"href":"https:\/\/ryinz.cz\/velkoobchod\/pl\/wp-json\/wp\/v2\/product_cat?post=9048"},{"taxonomy":"product_tag","embeddable":true,"href":"https:\/\/ryinz.cz\/velkoobchod\/pl\/wp-json\/wp\/v2\/product_tag?post=9048"}],"curies":[{"name":"wp","href":"https:\/\/api.w.org\/{rel}","templated":true}]}}