{"id":9037,"date":"2025-06-22T15:26:33","date_gmt":"2025-06-22T15:26:33","guid":{"rendered":"https:\/\/ryinz.cz\/velkoobchod\/?post_type=product&#038;p=9037"},"modified":"2026-01-18T20:17:27","modified_gmt":"2026-01-18T20:17:27","slug":"outdoorowy-plecak-taktyczny-hurtownia-ryinz-plecak-kamuflazowy-niestandardowe-logo-producent-eu-design","status":"publish","type":"product","link":"https:\/\/ryinz.cz\/velkoobchod\/pl\/product\/outdoor-tactical-backpack-wholesale-ryinz-camouflage-backpack-custom-logo-manufacturer-eu-design\/","title":{"rendered":"Outdoorowy plecak taktyczny hurtowo | Plecak kamufla\u017cowy Ryinz | Niestandardowe logo, producent, projekt UE"},"content":{"rendered":"<div class=\"flex-shrink-0 flex flex-col relative items-end\">\n<div class=\"pt-0\">\n<div class=\"gizmo-bot-avatar flex h-8 w-8 items-center justify-center overflow-hidden rounded-full\">\n<div class=\"relative p-1 rounded-sm flex items-center justify-center bg-token-main-surface-primary text-token-text-primary h-8 w-8\">\n<p>Outdoorowy plecak taktyczny hurtowo | Plecak kamufla\u017cowy Ryinz | Niestandardowe logo, producent, projekt UE<\/p>\n<p>W Ryinz specjalizujemy si\u0119 w \u0142\u0105czeniu producent\u00f3w, marek i nabywc\u00f3w o wysokim potencjale w Europie, USA i Azji.<\/p>\n<p>Jeste\u015bmy niewidzialnym motorem handlu mi\u0119dzynarodowego - otwieramy drzwi, aby\u015b m\u00f3g\u0142 zamkn\u0105\u0107 sprzeda\u017c dzi\u0119ki wysokiej jako\u015bci produktom i zaufanym \u0142a\u0144cuchom dostaw.<\/p>\n<p>Plecak outdoorowy Ryinz Camouflage \u0142\u0105czy w sobie wytrzyma\u0142o\u015b\u0107, stylowe wzory kamufla\u017cu i inteligentn\u0105 funkcjonalno\u015b\u0107 - dzi\u0119ki czemu idealnie nadaje si\u0119 do przyg\u00f3d na \u015bwie\u017cym powietrzu, mody w stylu militarnym, sprz\u0119tu podr\u00f3\u017cnego i artyku\u0142\u00f3w promocyjnych.<\/p>\n<p>Najwa\u017cniejsze cechy produktu:<\/p>\n<p>Nazwa produktu: Taktyczny plecak kamufla\u017cowy Ryinz<\/p>\n<p>Materia\u0142: Wodoodporny poliester o wysokiej g\u0119sto\u015bci<\/p>\n<p>Kolor: czarny i br\u0105zowy camo (dost\u0119pne niestandardowe kolory\/wzory)<\/p>\n<p>Opcje logo: Puste, niestandardowy haft, sitodruk, naszywki<\/p>\n<p>Przedzia\u0142y:<\/p>\n<p>- Du\u017cy g\u0142\u00f3wny schowek<\/p>\n<p>- Przednia pionowa kiesze\u0144 na suwak<\/p>\n<p>- G\u00f3rna kiesze\u0144 z klapk\u0105 na niezb\u0119dne drobiazgi<\/p>\n<p>- Dwa boczne paski do przenoszenia sprz\u0119tu<\/p>\n<p>Rozmiar:<\/p>\n<p>Wysoko\u015b\u0107: 55 cm<\/p>\n<p>Szeroko\u015b\u0107: 35 cm<\/p>\n<p>G\u0142\u0119boko\u015b\u0107: 20 cm<\/p>\n<p>Pojemno\u015b\u0107: Oko\u0142o 35-40 litr\u00f3w<\/p>\n<p>Dopasowanie: wytrzyma\u0142e, lekkie, oddychaj\u0105ce paski<\/p>\n<p>Zastosowanie: turystyka piesza, wojsko, aktywno\u015b\u0107 na \u015bwie\u017cym powietrzu, podr\u00f3\u017ce, sprz\u0119t roboczy<\/p>\n<p>MOQ: Elastyczne niskie minima dla zam\u00f3wie\u0144 hurtowych i niestandardowych<\/p>\n<p>Szczeg\u00f3\u0142owy opis:<\/p>\n<p>Przenie\u015b sw\u00f3j sprz\u0119t przygodowy na wy\u017cszy poziom dzi\u0119ki plecakowi Ryinz Tactical Camouflage, zaprojektowanemu dla odkrywc\u00f3w, pracownik\u00f3w i modnych sprzedawc\u00f3w detalicznych, kt\u00f3rzy wymagaj\u0105 zar\u00f3wno funkcjonalno\u015bci, jak i stylu.<\/p>\n<p>Zbudowany z wodoodpornego poliestru o wysokiej g\u0119sto\u015bci, plecak ten wytrzymuje trudne warunki zewn\u0119trzne - deszcz, kurz i nier\u00f3wny teren.<\/p>\n<p>Inteligentna konstrukcja z wieloma przegrodami zapewnia maksymalne przechowywanie i \u0142atw\u0105 organizacj\u0119 wszystkich niezb\u0119dnych rzeczy, w tym laptop\u00f3w, sprz\u0119tu taktycznego, akcesori\u00f3w podr\u00f3\u017cnych, sprz\u0119tu sportowego i narz\u0119dzi roboczych.<\/p>\n<p>Regulowane, wy\u015bcie\u0142ane paski na ramiona, wzmocniony uchwyt i wytrzyma\u0142e zamki b\u0142yskawiczne zwi\u0119kszaj\u0105 komfort u\u017cytkowania i niezawodno\u015b\u0107 podczas jednodniowych w\u0119dr\u00f3wek, weekendowych wypad\u00f3w, misji taktycznych lub codziennych dojazd\u00f3w do pracy.<\/p>\n<p>Dzi\u0119ki odwa\u017cnemu czarno-br\u0105zowemu wzornictwu kamufla\u017cowemu plecak Ryinz jest idealny zar\u00f3wno na rynek taktyczny, jak i lifestyle'owy, oferuj\u0105c ostry wygl\u0105d dla modnych marek.<\/p>\n<p>Dzi\u0119ki niestandardowym us\u0142ugom logo mo\u017cesz spersonalizowa\u0107 ten plecak, aby pasowa\u0142 do to\u017csamo\u015bci Twojej marki - poprzez haft, naszywki lub niestandardowe kolory.<\/p>\n<p>Kluczowe funkcje dla nabywc\u00f3w hurtowych i marek w\u0142asnych:<\/p>\n<p>???? Wzornictwo taktyczne inspirowane UE: Wytrzyma\u0142y styl outdoorowy z europejskim dopasowaniem i estetyk\u0105.<\/p>\n<p>???? Bezpo\u015brednie ceny producenta: Najlepsze ceny hurtowe bez utraty jako\u015bci.<\/p>\n<p>???? Dost\u0119pny niestandardowy branding: Idealne dla marek w\u0142asnych, upomink\u00f3w promocyjnych lub marek sklepowych.<\/p>\n<p>???? Zaprojektowany dla wszystkich rynk\u00f3w: Moda, sporty outdoorowe, zaopatrzenie taktyczne, sprz\u0119t podr\u00f3\u017cny, turystyka przygodowa, wydarzenia i promocje.<\/p>\n<p>???? Szybka dostawa na ca\u0142y \u015bwiat: Usprawniona wysy\u0142ka na terenie Europy, USA i Azji.<\/p>\n<p>???? Wytrzyma\u0142a do u\u017cytku na zewn\u0105trz i na co dzie\u0144: Trwa\u0142a konstrukcja zaprojektowana do intensywnego u\u017cytkowania.<\/p>\n<p>Pomys\u0142y na zastosowanie:<\/p>\n<p>- Sklepy z zaopatrzeniem taktycznym<\/p>\n<p>- Sprzedawcy sprz\u0119tu outdoorowego i turystycznego<\/p>\n<p>- Marki e-commerce (Amazon, eBay, Shopify)<\/p>\n<p>- Firmy zajmuj\u0105ce si\u0119 turystyk\u0105 przygodow\u0105<\/p>\n<p>- Agencje promocyjne dla upomink\u00f3w korporacyjnych<\/p>\n<p>- Marki odzie\u017cy sportowej i mody outdoorowej<\/p>\n<p>- Wprowadzenie marki w\u0142asnej dla linii Travel\/Outdoor<\/p>\n<p>Idealny rozmiar i dopasowanie:<\/p>\n<p>Rozmiar Wysoko\u015b\u0107 (cm) Szeroko\u015b\u0107 (cm) G\u0142\u0119boko\u015b\u0107 (cm) Pojemno\u015b\u0107 (litry)<\/p>\n<p>Jeden rozmiar 55 35 20 35-40 litr\u00f3w<\/p>\n<p>(Wystarczaj\u0105co przestronny na 17-calowy laptop, plecak nawadniaj\u0105cy, sprz\u0119t weekendowy lub akcesoria taktyczne).<\/p>\n<p>&nbsp;<\/p>\n<p>Dlaczego warto wybra\u0107 Ryinz?<\/p>\n<p>???? Ryinz \u0142\u0105czy wiod\u0105cych producent\u00f3w ze sprzedawcami detalicznymi, markami i dystrybutorami w Europie, USA i Azji.<\/p>\n<p>???? Oferujemy najlepsze projekty UE, bezpo\u015brednie ceny fabryczne, us\u0142ugi dostosowywania i niezawodn\u0105 logistyk\u0119 - dzi\u0119ki czemu Twoja firma rozwija si\u0119 szybko i profesjonalnie.<\/p>\n<p>Od sklep\u00f3w z zaopatrzeniem taktycznym, przez firmy zajmuj\u0105ce si\u0119 turystyk\u0105 przygodow\u0105, po sprzedawc\u00f3w detalicznych, nasze plecaki Ryinz ciesz\u0105 si\u0119 zaufaniem w r\u00f3\u017cnych bran\u017cach ze wzgl\u0119du na jako\u015b\u0107, styl i trwa\u0142o\u015b\u0107.<\/p>\n<p>Otwieramy drzwi, aby\u015b m\u00f3g\u0142 zamkn\u0105\u0107 sprzeda\u017c.<\/p>\n<p>Skontaktuj si\u0119 z Ryinz w sprawie zam\u00f3wie\u0144 hurtowych i projekt\u00f3w niestandardowych<\/p>\n<p>Czy jeste\u015b gotowy, aby wzbogaci\u0107 swoj\u0105 ofert\u0119 produkt\u00f3w o wytrzyma\u0142e, stylowe plecaki, kt\u00f3re sprzedaj\u0105 si\u0119 same?<\/p>\n<p>???? Strona internetowa: www.ryinz.com<\/p>\n<p>???? E-mail: lavie@ryinz.cz<\/p>\n<p>???? Telefon\/WhatsApp: +420 604 413 141<\/p>\n<p>Ryinz - Tw\u00f3j globalny partner w zakresie zaopatrzenia zapewniaj\u0105cy doskona\u0142o\u015b\u0107 taktyczn\u0105.<\/p>\n<\/div>\n<\/div>\n<\/div>\n<\/div>","protected":false},"excerpt":{"rendered":"<div class=\"flex-shrink-0 flex flex-col relative items-end\">\n<div class=\"pt-0\">\n<div class=\"gizmo-bot-avatar flex h-8 w-8 items-center justify-center overflow-hidden rounded-full\">\n<div class=\"relative p-1 rounded-sm flex items-center justify-center bg-token-main-surface-primary text-token-text-primary h-8 w-8\">\n<p>Kluczowe funkcje dla nabywc\u00f3w hurtowych i marek w\u0142asnych:<\/p>\n<p>???? Wzornictwo taktyczne inspirowane UE: Wytrzyma\u0142y styl outdoorowy z europejskim dopasowaniem i estetyk\u0105.<\/p>\n<p>???? Bezpo\u015brednie ceny producenta: Najlepsze ceny hurtowe bez utraty jako\u015bci.<\/p>\n<p>???? Dost\u0119pny niestandardowy branding: Idealne dla marek w\u0142asnych, upomink\u00f3w promocyjnych lub marek sklepowych.<\/p>\n<p>???? Zaprojektowany dla wszystkich rynk\u00f3w: Moda, sporty outdoorowe, zaopatrzenie taktyczne, sprz\u0119t podr\u00f3\u017cny, turystyka przygodowa, wydarzenia i promocje.<\/p>\n<p>???? Szybka dostawa na ca\u0142y \u015bwiat: Usprawniona wysy\u0142ka na terenie Europy, USA i Azji.<\/p>\n<p>???? Wytrzyma\u0142a do u\u017cytku na zewn\u0105trz i na co dzie\u0144: Trwa\u0142a konstrukcja zaprojektowana do intensywnego u\u017cytkowania.<\/p>\n<\/div>\n<\/div>\n<\/div>\n<\/div>","protected":false},"featured_media":9118,"comment_status":"closed","ping_status":"closed","template":"","meta":[],"product_brand":[35],"product_cat":[233],"product_tag":[242,243,244,235,236,245,246,247,248],"class_list":{"0":"post-9037","1":"product","2":"type-product","3":"status-publish","4":"has-post-thumbnail","6":"product_brand-ryinz","7":"product_cat-bags","8":"product_tag-adventure-backpack","9":"product_tag-cadura-fabric","10":"product_tag-camouflage-backpack","11":"product_tag-custom-logo-backpack","12":"product_tag-durable-backpack","13":"product_tag-military-style-backpack","14":"product_tag-outdoor-backpack","15":"product_tag-travel-bag","16":"product_tag-urban-camo-bag","18":"first","19":"instock","20":"taxable","21":"shipping-taxable","22":"purchasable","23":"product-type-simple"},"_links":{"self":[{"href":"https:\/\/ryinz.cz\/velkoobchod\/pl\/wp-json\/wp\/v2\/product\/9037","targetHints":{"allow":["GET"]}}],"collection":[{"href":"https:\/\/ryinz.cz\/velkoobchod\/pl\/wp-json\/wp\/v2\/product"}],"about":[{"href":"https:\/\/ryinz.cz\/velkoobchod\/pl\/wp-json\/wp\/v2\/types\/product"}],"replies":[{"embeddable":true,"href":"https:\/\/ryinz.cz\/velkoobchod\/pl\/wp-json\/wp\/v2\/comments?post=9037"}],"wp:featuredmedia":[{"embeddable":true,"href":"https:\/\/ryinz.cz\/velkoobchod\/pl\/wp-json\/wp\/v2\/media\/9118"}],"wp:attachment":[{"href":"https:\/\/ryinz.cz\/velkoobchod\/pl\/wp-json\/wp\/v2\/media?parent=9037"}],"wp:term":[{"taxonomy":"product_brand","embeddable":true,"href":"https:\/\/ryinz.cz\/velkoobchod\/pl\/wp-json\/wp\/v2\/product_brand?post=9037"},{"taxonomy":"product_cat","embeddable":true,"href":"https:\/\/ryinz.cz\/velkoobchod\/pl\/wp-json\/wp\/v2\/product_cat?post=9037"},{"taxonomy":"product_tag","embeddable":true,"href":"https:\/\/ryinz.cz\/velkoobchod\/pl\/wp-json\/wp\/v2\/product_tag?post=9037"}],"curies":[{"name":"wp","href":"https:\/\/api.w.org\/{rel}","templated":true}]}}