{"id":9036,"date":"2025-06-22T15:26:33","date_gmt":"2025-06-22T15:26:33","guid":{"rendered":"https:\/\/ryinz.cz\/velkoobchod\/?post_type=product&#038;p=9036"},"modified":"2026-01-18T20:17:26","modified_gmt":"2026-01-18T20:17:26","slug":"plecak-premium-hurtownia-niestandardowe-torby-z-logo-ryinz-eu-producent-projekt-detaliczny-dostawca-hurtowy","status":"publish","type":"product","link":"https:\/\/ryinz.cz\/velkoobchod\/pl\/product\/premium-backpack-wholesale-custom-logo-bags-ryinz-eu-design-manufacturer-retail-bulk-supplier\/","title":{"rendered":"Hurtownia plecak\u00f3w premium | Niestandardowe torby z logo | Ryinz EU Design | Producent, sprzedawca detaliczny, dostawca hurtowy"},"content":{"rendered":"<div class=\"flex-shrink-0 flex flex-col relative items-end\">\n<div class=\"pt-0\">\n<div class=\"gizmo-bot-avatar flex h-8 w-8 items-center justify-center overflow-hidden rounded-full\">\n<div class=\"relative p-1 rounded-sm flex items-center justify-center bg-token-main-surface-primary text-token-text-primary h-8 w-8\">\n<p><strong>Hurtownia plecak\u00f3w premium | Niestandardowe torby z logo | Ryinz EU Design | Producent, sprzedawca detaliczny, dostawca hurtowy<\/strong><\/p>\n<p><strong>W Ryinz \u0142\u0105czymy producent\u00f3w, marki i nabywc\u00f3w o wysokim potencjale w Europie, USA i Azji, s\u0142u\u017c\u0105c jako niewidzialny silnik handlu mi\u0119dzynarodowego. Nasza misja jest prosta: otwieramy drzwi, aby\u015b m\u00f3g\u0142 zamkn\u0105\u0107 sprzeda\u017c.<\/strong><\/p>\n<p><strong>Ten plecak Premium Ryinz jest wizyt\u00f3wk\u0105 naszego zaanga\u017cowania w europejsk\u0105 jako\u015b\u0107 projektowania, przyst\u0119pne ceny hurtowe i niestandardowe opcje brandingu logo. To doskona\u0142y wyb\u00f3r dla firm, sprzedawc\u00f3w detalicznych, dystrybutor\u00f3w, nabywc\u00f3w korporacyjnych, szk\u00f3\u0142 i os\u00f3b planuj\u0105cych kampanie promocyjne.<\/strong><\/p>\n<p><strong>Najwa\u017cniejsze cechy produktu:<\/strong><\/p>\n<p><strong>Nazwa produktu: Wielofunkcyjny plecak Ryinz Premium<\/strong><\/p>\n<p><strong>Materia\u0142: Wysokiej jako\u015bci wodoodporna tkanina poliestrowa<\/strong><\/p>\n<p><strong>Kolor: granatowy z bia\u0142ymi i czerwonymi akcentami (mo\u017cliwo\u015b\u0107 dostosowania)<\/strong><\/p>\n<p><strong>Opcje logo: Puste lub niestandardowe (haft, sitodruk, naszywki)<\/strong><\/p>\n<p><strong>Przedzia\u0142y:<\/strong><\/p>\n<p><strong>- Przestronna komora g\u0142\u00f3wna<\/strong><\/p>\n<p><strong>- Przednia pionowa kiesze\u0144 na suwak<\/strong><\/p>\n<p><strong>- Dwie boczne kieszenie na butelki z wod\u0105\/akcesoria<\/strong><\/p>\n<p><strong>- Wiele wewn\u0119trznych kieszeni organizacyjnych<\/strong><\/p>\n<p><strong>Rozmiar:<\/strong><\/p>\n<p><strong>Wysoko\u015b\u0107: 48 cm<\/strong><\/p>\n<p><strong>Szeroko\u015b\u0107: 33 cm<\/strong><\/p>\n<p><strong>G\u0142\u0119boko\u015b\u0107: 18 cm<\/strong><\/p>\n<p><strong>Pojemno\u015b\u0107: Oko\u0142o 28-30 litr\u00f3w<\/strong><\/p>\n<p><strong>Dopasowanie: Ergonomiczny, Lekki, Trwa\u0142y<\/strong><\/p>\n<p><strong>Zastosowanie: biznes, szko\u0142a, outdoor, podr\u00f3\u017ce, praca, upominki reklamowe<\/strong><\/p>\n<p><strong>MOQ: Niskie minima dla hurtowych zam\u00f3wie\u0144 hurtowych<\/strong><\/p>\n<p><strong>Szczeg\u00f3\u0142owy opis:<\/strong><\/p>\n<p><strong>Ulepsz swoj\u0105 kolekcj\u0119 dzi\u0119ki wielofunkcyjnemu plecakowi Ryinz Premium - po\u0142\u0105czeniu trwa\u0142o\u015bci, stylu i funkcjonalno\u015bci zaprojektowanemu z my\u015bl\u0105 o nowoczesnych potrzebach. Idealna dla zespo\u0142\u00f3w korporacyjnych, grup szkolnych, sprzedawc\u00f3w detalicznych i upomink\u00f3w promocyjnych, ta torba przemawia profesjonalizmem i praktyczno\u015bci\u0105 na ka\u017cdym poziomie.<\/strong><\/p>\n<p><strong>Wykonany z wysokiej jako\u015bci wodoodpornego poliestru plecak zapewnia d\u0142ugotrwa\u0142\u0105 wydajno\u015b\u0107 w ka\u017cdych warunkach pogodowych. Przestronna komora g\u0142\u00f3wna z \u0142atwo\u015bci\u0105 pomie\u015bci laptopa, ksi\u0105\u017cki, dokumenty lub sprz\u0119t do \u0107wicze\u0144. Liczne kieszenie organizacyjne pozwalaj\u0105 uporz\u0105dkowa\u0107 niezb\u0119dne przedmioty. Wy\u015bcie\u0142ane paski na ramiona i wzmocniony uchwyt zapewniaj\u0105 maksymalny komfort i wytrzyma\u0142o\u015b\u0107 podczas d\u0142ugich podr\u00f3\u017cy lub codziennych dojazd\u00f3w do pracy.<\/strong><\/p>\n<p><strong>Dzi\u0119ki efektownemu wzornictwu inspirowanemu Europ\u0105, ten plecak przyci\u0105ga wzrok - elegancki, nowoczesny i idealny do personalizacji. Odwa\u017cne logo RYINZ mo\u017cna zast\u0105pi\u0107 niestandardowym logo, dzi\u0119ki czemu marki mog\u0105 b\u0142yszcze\u0107 dzi\u0119ki spersonalizowanym towarom lub mundurom.<\/strong><\/p>\n<p><strong>Niezale\u017cnie od tego, czy potrzebujesz plecak\u00f3w do sprzeda\u017cy hurtowej, produkcji marek w\u0142asnych czy upomink\u00f3w firmowych, Ryinz sprawia, \u017ce globalne zaopatrzenie jest proste, profesjonalne i niezawodne.<\/strong><\/p>\n<p><strong>Kluczowe funkcje dla nabywc\u00f3w hurtowych i sprzedawc\u00f3w detalicznych:<\/strong><\/p>\n<p><strong>???? Zaprojektowany w Europie: Nowoczesne, minimalistyczne wzornictwo zgodne z europejskim gustem i trendami.<\/strong><\/p>\n<p><strong>???? Bezpo\u015brednia sprzeda\u017c hurtowa: Konkurencyjne ceny bez uszczerbku dla jako\u015bci.<\/strong><\/p>\n<p><strong>???? Private Label Ready: Specjalizujemy si\u0119 w niestandardowym drukowaniu logo, haftowaniu i us\u0142ugach pakowania.<\/strong><\/p>\n<p><strong>???? Idealny do zam\u00f3wie\u0144 masowych: Idealny dla sprzedawc\u00f3w detalicznych, szk\u00f3\u0142, firm, uniwersytet\u00f3w, biur podr\u00f3\u017cy i program\u00f3w upomink\u00f3w promocyjnych.<\/strong><\/p>\n<p><strong>???? Elastyczne opcje B2B: Wybierz opakowania zbiorcze, wersje markowe lub stw\u00f3rz w pe\u0142ni spersonalizowane linie toreb ze swoim brandingiem.<\/strong><\/p>\n<p><strong>???? Szybki czas realizacji: Oferujemy usprawnione procesy produkcji i wysy\u0142ki do Europy, USA i Azji.<\/strong><\/p>\n<p><strong>???? Zaanga\u017cowanie w zr\u00f3wnowa\u017cony rozw\u00f3j: Opcje materia\u0142\u00f3w przyjaznych dla \u015brodowiska dost\u0119pne dla zam\u00f3wie\u0144 prywatnych.<\/strong><\/p>\n<p><strong>Pomys\u0142y na zastosowanie:<\/strong><\/p>\n<p><strong>- Sklepy detaliczne (odzie\u017c sportowa, sprz\u0119t turystyczny, moda codzienna)<\/strong><\/p>\n<p><strong>- Agencje upomink\u00f3w promocyjnych<\/strong><\/p>\n<p><strong>- Programy plecak\u00f3w dla szk\u00f3\u0142 i uczelni<\/strong><\/p>\n<p><strong>- Upominki firmowe i markowe towary<\/strong><\/p>\n<p><strong>- Dystrybutorzy sprz\u0119tu turystycznego i outdoorowego<\/strong><\/p>\n<p><strong>- Sprzedawcy e-commerce online (Amazon, eBay, Shopify itp.)<\/strong><\/p>\n<p><strong>- Startupy uruchamiaj\u0105ce w\u0142asne marki torebek<\/strong><\/p>\n<p><strong>Idealny rozmiar i dopasowanie:<\/strong><\/p>\n<p><strong>Rozmiar Wysoko\u015b\u0107 (cm) Szeroko\u015b\u0107 (cm) G\u0142\u0119boko\u015b\u0107 (cm) Pojemno\u015b\u0107 (litry)<\/strong><\/p>\n<p><strong>Jeden rozmiar 48 33 18 28-30 litr\u00f3w<\/strong><\/p>\n<p><strong>(Konstrukcja wygodnie mie\u015bci laptopy 15,6\u201d, dokumenty A4, butelki z wod\u0105, gad\u017cety techniczne i akcesoria codziennego u\u017cytku).<\/strong><\/p>\n<p><strong>Mo\u017cemy dostosowa\u0107 rozmiar do potrzeb rynku - skontaktuj si\u0119 z nami, aby uzyska\u0107 opcje dostosowane do indywidualnych potrzeb!<\/strong><\/p>\n<p><strong>Dlaczego warto wybra\u0107 Ryinz?<\/strong><\/p>\n<p><strong>???? Ryinz to niezawodny europejski partner w zakresie zaopatrzenia, oferuj\u0105cy rozwi\u0105zania hurtowe, detaliczne i produkcyjne dostosowane do Twojego rynku.<\/strong><\/p>\n<p><strong>???? Wsp\u00f3\u0142pracujemy z zaufanymi fabrykami, zapewniaj\u0105c, \u017ce ka\u017cdy produkt Ryinz spe\u0142nia wysokie europejskie standardy jako\u015bci.<\/strong><\/p>\n<p><strong>???? Pomagamy markom szybciej wprowadza\u0107 na rynek, oferowa\u0107 najnowsze projekty i maksymalizowa\u0107 mar\u017ce zysku dzi\u0119ki wysokiej jako\u015bci, ale przyst\u0119pnym cenowo produktom.<\/strong><\/p>\n<p><strong>Dzia\u0142amy jako niewidzialny motor Twojego sukcesu, zapewniaj\u0105c Ci odpowiednie produkty, branding i wsparcie \u0142a\u0144cucha dostaw, aby\u015b m\u00f3g\u0142 rozwija\u0107 swoj\u0105 dzia\u0142alno\u015b\u0107 w Europie, USA i Azji.<\/strong><\/p>\n<p><strong>Skontaktuj si\u0119 z Ryinz w sprawie sprzeda\u017cy hurtowej i niestandardowego brandingu<\/strong><\/p>\n<p><strong>Je\u015bli jeste\u015b gotowy na rozw\u00f3j swojej firmy dzi\u0119ki wysokiej jako\u015bci plecakom i bezkonkurencyjnej obs\u0142udze, skontaktuj si\u0119 z Ryinz ju\u017c dzi\u015b:<\/strong><\/p>\n<p><strong>???? Strona internetowa: www.ryinz.com<\/strong><\/p>\n<p><strong>???? E-mail: lavie@ryinz.cz<\/strong><\/p>\n<p><strong>???? Telefon\/WhatsApp: +420 604 413 141<\/strong><\/p>\n<p><strong>Ryinz - Wspieranie globalnego handlu, jeden plecak na raz.<\/strong><\/p>\n<\/div>\n<\/div>\n<\/div>\n<\/div>","protected":false},"excerpt":{"rendered":"<div class=\"flex-shrink-0 flex flex-col relative items-end\">\n<div class=\"pt-0\">\n<div class=\"gizmo-bot-avatar flex h-8 w-8 items-center justify-center overflow-hidden rounded-full\">\n<div class=\"relative p-1 rounded-sm flex items-center justify-center bg-token-main-surface-primary text-token-text-primary h-8 w-8\">\n<p>Kluczowe funkcje dla nabywc\u00f3w hurtowych i sprzedawc\u00f3w detalicznych:<\/p>\n<p>???? Zaprojektowany w Europie: Nowoczesne, minimalistyczne wzornictwo zgodne z europejskim gustem i trendami.<\/p>\n<p>???? Bezpo\u015brednia sprzeda\u017c hurtowa: Konkurencyjne ceny bez uszczerbku dla jako\u015bci.<\/p>\n<p>???? Private Label Ready: Specjalizujemy si\u0119 w niestandardowym drukowaniu logo, haftowaniu i us\u0142ugach pakowania.<\/p>\n<p>???? Idealny do zam\u00f3wie\u0144 masowych: Idealny dla sprzedawc\u00f3w detalicznych, szk\u00f3\u0142, firm, uniwersytet\u00f3w, biur podr\u00f3\u017cy i program\u00f3w upomink\u00f3w promocyjnych.<\/p>\n<p>???? Elastyczne opcje B2B: Wybierz opakowania zbiorcze, wersje markowe lub stw\u00f3rz w pe\u0142ni spersonalizowane linie toreb ze swoim brandingiem.<\/p>\n<p>???? Szybki czas realizacji: Oferujemy usprawnione procesy produkcji i wysy\u0142ki do Europy, USA i Azji.<\/p>\n<p>???? Zaanga\u017cowanie w zr\u00f3wnowa\u017cony rozw\u00f3j: Opcje materia\u0142\u00f3w przyjaznych dla \u015brodowiska dost\u0119pne dla zam\u00f3wie\u0144 prywatnych.<\/p>\n<p>Pomys\u0142y na zastosowanie:<\/p>\n<p>- Sklepy detaliczne (odzie\u017c sportowa, sprz\u0119t turystyczny, moda codzienna)<\/p>\n<p>- Agencje upomink\u00f3w promocyjnych<\/p>\n<p>- Programy plecak\u00f3w dla szk\u00f3\u0142 i uczelni<\/p>\n<p>- Upominki firmowe i markowe towary<\/p>\n<p>- Dystrybutorzy sprz\u0119tu turystycznego i outdoorowego<\/p>\n<p>- Sprzedawcy e-commerce online (Amazon, eBay, Shopify itp.)<\/p>\n<p>- Startupy uruchamiaj\u0105ce w\u0142asne marki torebek<\/p>\n<\/div>\n<\/div>\n<\/div>\n<\/div>","protected":false},"featured_media":9104,"comment_status":"closed","ping_status":"closed","template":"","meta":[],"product_brand":[35],"product_cat":[233],"product_tag":[232,234,235,236,237,238,239,240,241],"class_list":{"0":"post-9036","1":"product","2":"type-product","3":"status-publish","4":"has-post-thumbnail","6":"product_brand-ryinz","7":"product_cat-bags","8":"product_tag-backpack","9":"product_tag-cadura-backpack","10":"product_tag-custom-logo-backpack","11":"product_tag-durable-backpack","12":"product_tag-ergonomic-backpack","13":"product_tag-laptop-backpack","14":"product_tag-multi-compartment-bag","15":"product_tag-school-bag","16":"product_tag-travel-backpack","18":"first","19":"instock","20":"taxable","21":"shipping-taxable","22":"purchasable","23":"product-type-simple"},"_links":{"self":[{"href":"https:\/\/ryinz.cz\/velkoobchod\/pl\/wp-json\/wp\/v2\/product\/9036","targetHints":{"allow":["GET"]}}],"collection":[{"href":"https:\/\/ryinz.cz\/velkoobchod\/pl\/wp-json\/wp\/v2\/product"}],"about":[{"href":"https:\/\/ryinz.cz\/velkoobchod\/pl\/wp-json\/wp\/v2\/types\/product"}],"replies":[{"embeddable":true,"href":"https:\/\/ryinz.cz\/velkoobchod\/pl\/wp-json\/wp\/v2\/comments?post=9036"}],"wp:featuredmedia":[{"embeddable":true,"href":"https:\/\/ryinz.cz\/velkoobchod\/pl\/wp-json\/wp\/v2\/media\/9104"}],"wp:attachment":[{"href":"https:\/\/ryinz.cz\/velkoobchod\/pl\/wp-json\/wp\/v2\/media?parent=9036"}],"wp:term":[{"taxonomy":"product_brand","embeddable":true,"href":"https:\/\/ryinz.cz\/velkoobchod\/pl\/wp-json\/wp\/v2\/product_brand?post=9036"},{"taxonomy":"product_cat","embeddable":true,"href":"https:\/\/ryinz.cz\/velkoobchod\/pl\/wp-json\/wp\/v2\/product_cat?post=9036"},{"taxonomy":"product_tag","embeddable":true,"href":"https:\/\/ryinz.cz\/velkoobchod\/pl\/wp-json\/wp\/v2\/product_tag?post=9036"}],"curies":[{"name":"wp","href":"https:\/\/api.w.org\/{rel}","templated":true}]}}