{"id":9035,"date":"2025-06-22T15:26:33","date_gmt":"2025-06-22T15:26:33","guid":{"rendered":"https:\/\/ryinz.cz\/velkoobchod\/?post_type=product&#038;p=9035"},"modified":"2026-01-18T20:17:26","modified_gmt":"2026-01-18T20:17:26","slug":"hurtowa-kamizelka-polarowa-sherpa-niestandardowe-logo-kamizelka-polarowa-ryinz-europejski-projekt-b2b-producent","status":"publish","type":"product","link":"https:\/\/ryinz.cz\/velkoobchod\/pl\/product\/wholesale-sherpa-fleece-vest-custom-logo-fleece-gilet-ryinz-european-design-b2b-manufacturer\/","title":{"rendered":"Hurtowa kamizelka polarowa Sherpa | Kamizelka polarowa z logo | Ryinz - Europejski projekt | Producent B2B"},"content":{"rendered":"<div class=\"flex-shrink-0 flex flex-col relative items-end\">\n<div class=\"pt-0\">\n<div class=\"gizmo-bot-avatar flex h-8 w-8 items-center justify-center overflow-hidden rounded-full\">\n<div class=\"relative p-1 rounded-sm flex items-center justify-center bg-token-main-surface-primary text-token-text-primary h-8 w-8\">\n<p>Hurtowa kamizelka polarowa Sherpa | Kamizelka polarowa z logo | Ryinz - Europejski projekt | Producent B2B<\/p>\n<p>W Ryinz specjalizujemy si\u0119 w dostarczaniu najwy\u017cszej jako\u015bci, funkcjonalnej i stylowej odzie\u017cy bezpo\u015brednio od producent\u00f3w o du\u017cym potencjale na kwitn\u0105ce rynki hurtowe i detaliczne w Europie, USA i Azji. Ta wysokiej jako\u015bci kamizelka polarowa Sherpa jest doskona\u0142ym przyk\u0142adem kunsztu, trwa\u0142o\u015bci i wszechstronno\u015bci, kt\u00f3re reprezentuje nasza marka.<\/p>\n<p>Zaprojektowana z najwy\u017csz\u0105 dba\u0142o\u015bci\u0105 o szczeg\u00f3\u0142y, ta m\u0119ska i damska kamizelka polarowa oferuje ciep\u0142e, oddychaj\u0105ce i lekkie rozwi\u0105zanie do aktywno\u015bci na \u015bwie\u017cym powietrzu, odzie\u017cy roboczej, prezent\u00f3w firmowych lub codziennej odzie\u017cy ulicznej. Dzi\u0119ki nowoczesnemu wzornictwu inspirowanemu UE, jest to niezb\u0119dny element warstwowy, idealny dla firm poszukuj\u0105cych wysokiej jako\u015bci odzie\u017cy do sprzeda\u017cy hurtowej, detalicznej lub marek w\u0142asnych.<\/p>\n<p>Najwa\u017cniejsze cechy produktu:<\/p>\n<p>Nazwa produktu: Ryinz Sherpa Fleece Vest - Premium European Cut<\/p>\n<p>Materia\u0142: Wysokiej jako\u015bci poliester Sherpa Fleece 100%<\/p>\n<p>Kolor: kremowo-be\u017cowy (kolory niestandardowe dost\u0119pne dla zam\u00f3wie\u0144 hurtowych)<\/p>\n<p>Wyko\u0144czenia: kontrastowe granatowe wi\u0105zanie z czerwonymi zamkami b\u0142yskawicznymi<\/p>\n<p>Dost\u0119pne rozmiary: S, M, L, XL, XXL, 3XL (niestandardowe rozmiary dost\u0119pne dla zam\u00f3wie\u0144 hurtowych B2B)<\/p>\n<p>Opcje logo: Puste lub niestandardowe (haft, naszywki, nadrukowane logo)<\/p>\n<p>Kieszenie:<\/p>\n<p>- 2 przednie kieszenie zapinane na zamek<\/p>\n<p>- 1 pionowa kiesze\u0144 na piersi zapinana na zamek<\/p>\n<p>Kr\u00f3j: Nowoczesny europejski kr\u00f3j Slim Fit - Lekko dopasowany, aby schlebia\u0107 bez ograniczania ruch\u00f3w<\/p>\n<p>Sezon: Idealny do kolekcji jesiennych, zimowych i wiosennych<\/p>\n<p>MOQ: Niskie minima dost\u0119pne dla niestandardowych projekt\u00f3w brandingowych<\/p>\n<p>Szczeg\u00f3\u0142owy opis:<\/p>\n<p>Podnie\u015b swoj\u0105 kolekcj\u0119 odzie\u017cy dzi\u0119ki kamizelce polarowej Ryinz Premium Sherpa. Wykonana z my\u015bl\u0105 o maksymalnym komforcie i bezwysi\u0142kowym stylu, ta kamizelka \u0142\u0105czy wydajno\u015b\u0107 i mod\u0119 w wyj\u0105tkowy europejski spos\u00f3b.<\/p>\n<p>Luksusowy polar 100% z poliestru sherpa zapewnia doskona\u0142\u0105 izolacj\u0119, utrzymuj\u0105c ciep\u0142o bez zb\u0119dnych kilogram\u00f3w. Zamek b\u0142yskawiczny z przodu i st\u00f3jka pomagaj\u0105 utrzyma\u0107 ciep\u0142o i blokuj\u0105 zimne wiatry, dzi\u0119ki czemu jest to idealna warstwa zewn\u0119trzna na ch\u0142odne dni lub warstwa po\u015brednia pod ci\u0119\u017cszymi kurtkami w trudniejszych warunkach.<\/p>\n<p>Kontrastowe granatowe wi\u0105zanie i odwa\u017cne czerwone detale zamka b\u0142yskawicznego nie tylko zapewniaj\u0105 trwa\u0142o\u015b\u0107, ale dodaj\u0105 pop koloru, kt\u00f3ry przyci\u0105ga wzrok - idealny dla marek, kt\u00f3re chc\u0105 si\u0119 wyr\u00f3\u017cni\u0107 na zat\u0142oczonym rynku. Niezale\u017cnie od tego, czy wyposa\u017casz pracownik\u00f3w, uruchamiasz w\u0142asn\u0105 mark\u0119, czy rozszerzasz ofert\u0119 detaliczn\u0105, ta kamizelka pasuje do codziennego noszenia, uniform\u00f3w roboczych, imprez plenerowych lub kampanii promocyjnych.<\/p>\n<p>Kluczowe cechy dla nabywc\u00f3w hurtowych:<\/p>\n<p>???? Zaprojektowane w Europie: Wsp\u00f3\u0142czesne europejskie dopasowania, style i standardy.<\/p>\n<p>???? Bezpo\u015brednie ceny producenta: Oszcz\u0119dno\u015b\u0107 koszt\u00f3w bez utraty jako\u015bci.<\/p>\n<p>???? Us\u0142uga niestandardowego logo: \u0141atwe dodawanie to\u017csamo\u015bci marki - dost\u0119pne haftowane logo, naszywki lub specjalne wyko\u0144czenia.<\/p>\n<p>???? Idealny do zam\u00f3wie\u0144 hurtowych: Dost\u0119pne dla sprzedawc\u00f3w detalicznych, klient\u00f3w korporacyjnych, potrzeb promocyjnych, zaopatrzenia w odzie\u017c robocz\u0105, marek outdoorowych i nie tylko.<\/p>\n<p>???? Elastyczne opcje marek w\u0142asnych: Mo\u017cliwo\u015b\u0107 dostosowania etykiet, metek i opakowa\u0144.<\/p>\n<p>???? Szybki czas produkcji: Rozumiemy, \u017ce szybko\u015b\u0107 ma kluczowe znaczenie w handlu mi\u0119dzynarodowym.<\/p>\n<p>Dlaczego warto wybra\u0107 Ryinz?<\/p>\n<p>???? Jeste\u015bmy niewidzialnym motorem handlu mi\u0119dzynarodowego, \u0142\u0105cz\u0105cym najlepszych producent\u00f3w, marki i nabywc\u00f3w w Europie, USA i Azji.<\/p>\n<p>???? Nasz\u0105 misj\u0105 jest otwieranie przed Tob\u0105 drzwi, aby\u015b m\u00f3g\u0142 zamyka\u0107 sprzeda\u017c, rozwija\u0107 sw\u00f3j biznes i budowa\u0107 zaufan\u0105 mark\u0119.<\/p>\n<p>???? Od sourcingu po sampling, od produkcji po wysy\u0142k\u0119, Ryinz oferuje pe\u0142ne wsparcie i us\u0142ugi B2B. Specjalizujemy si\u0119 w odzie\u017cy zaprojektowanej w UE, zapewniaj\u0105c, \u017ce Twoja marka zawsze spe\u0142nia europejskie standardy jako\u015bci, zr\u00f3wnowa\u017conego rozwoju i stylu.<\/p>\n<p>Pomys\u0142y na zastosowanie:<\/p>\n<p>- Sklepy detaliczne na \u015bwie\u017cym powietrzu<\/p>\n<p>- Uniformy korporacyjne<\/p>\n<p>- Upominki w ramach kampanii promocyjnych<\/p>\n<p>- Sprzedawcy sprz\u0119tu turystycznego i przygodowego<\/p>\n<p>- Sklepy e-commerce poszukuj\u0105ce modnej odzie\u017cy zimowej<\/p>\n<p>- Marki modowe poszerzaj\u0105 swoj\u0105 kolekcj\u0119 jesie\u0144\/zima<\/p>\n<p>- Niestandardowy branding dla klub\u00f3w, stowarzysze\u0144 i uniwersytet\u00f3w<\/p>\n<p>Idealny rozmiar i dopasowanie:<\/p>\n<p>Rozmiar Klatka piersiowa (cm) D\u0142ugo\u015b\u0107 (cm) Ramiona (cm)<\/p>\n<p>S 52 66 41<\/p>\n<p>M 55 68 43<\/p>\n<p>L 58 70 45<\/p>\n<p>XL 61 72 47<\/p>\n<p>XXL 64 74 49<\/p>\n<p>3XL 67 76 51<\/p>\n<p>(W przypadku niestandardowych tabel rozmiar\u00f3w i regulacji dopasowania prosimy o kontakt. Mo\u017cemy dostosowa\u0107 rozmiary w zale\u017cno\u015bci od rynku).<\/p>\n<p>hurtowa kamizelka polarowa Europa, producent kamizelek polarowych z niestandardowym logo, dostawca odzie\u017cy outdoorowej pod mark\u0105 w\u0142asn\u0105, hurtownia kamizelek polarowych zaprojektowanych w UE, kamizelka premium sherpa dla sprzedawc\u00f3w detalicznych, firmowe kamizelki zimowe na zam\u00f3wienie, hurtowa odzie\u017c zimowa na zewn\u0105trz UE, hurtowy dystrybutor kamizelek polarowych Ryinz, producent niestandardowych kurtek polarowych, wysokiej jako\u015bci kamizelka polarowa hurtowy dostawca, europejska moda hurtowa odzie\u017c wierzchnia, kamizelka zimowa bezpo\u015brednie zaopatrzenie fabryczne, dostawca odzie\u017cy outdoorowej w Europie, niedrogie kamizelki polarowe kupowane hurtowo, niestandardowa kamizelka robocza dla firm, dostawca promocyjnej odzie\u017cy zimowej, oddychaj\u0105ca kamizelka polarowa cena hurtowa, lekka kamizelka sherpa dla m\u0119\u017cczyzn i kobiet, hurtowa kurtka polarowa sherpa w UE, hurtowy dostawca odzie\u017cy zimowej w Europie, hurtowy ocieplacz na cia\u0142o w UE, dostawca kamizelek polarowych Ryinz B2B, kamizelka polarowa do promocji marki, niestandardowa kamizelka polarowa z haftem,<\/p>\n<\/div>\n<\/div>\n<\/div>\n<\/div>","protected":false},"excerpt":{"rendered":"<div class=\"flex-shrink-0 flex flex-col relative items-end\">\n<div class=\"pt-0\">\n<div class=\"gizmo-bot-avatar flex h-8 w-8 items-center justify-center overflow-hidden rounded-full\">\n<div class=\"relative p-1 rounded-sm flex items-center justify-center bg-token-main-surface-primary text-token-text-primary h-8 w-8\">\n<p>Kluczowe cechy dla nabywc\u00f3w hurtowych:<\/p>\n<p>???? Zaprojektowane w Europie: Wsp\u00f3\u0142czesne europejskie dopasowania, style i standardy.<\/p>\n<p>???? Bezpo\u015brednie ceny producenta: Oszcz\u0119dno\u015b\u0107 koszt\u00f3w bez utraty jako\u015bci.<\/p>\n<p>???? Us\u0142uga niestandardowego logo: \u0141atwe dodawanie to\u017csamo\u015bci marki - dost\u0119pne haftowane logo, naszywki lub specjalne wyko\u0144czenia.<\/p>\n<p>???? Idealny do zam\u00f3wie\u0144 hurtowych: Dost\u0119pne dla sprzedawc\u00f3w detalicznych, klient\u00f3w korporacyjnych, potrzeb promocyjnych, zaopatrzenia w odzie\u017c robocz\u0105, marek outdoorowych i nie tylko.<\/p>\n<p>???? Elastyczne opcje marek w\u0142asnych: Mo\u017cliwo\u015b\u0107 dostosowania etykiet, metek i opakowa\u0144.<\/p>\n<p>???? Szybki czas produkcji: Rozumiemy, \u017ce szybko\u015b\u0107 ma kluczowe znaczenie w handlu mi\u0119dzynarodowym.<\/p>\n<\/div>\n<\/div>\n<\/div>\n<\/div>","protected":false},"featured_media":9093,"comment_status":"closed","ping_status":"closed","template":"","meta":[],"product_brand":[35],"product_cat":[202],"product_tag":[224,225,226,227,228,229,230,231],"class_list":{"0":"post-9035","1":"product","2":"type-product","3":"status-publish","4":"has-post-thumbnail","6":"product_brand-ryinz","7":"product_cat-apparels","8":"product_tag-casual-vest","9":"product_tag-custom-logo-vest","10":"product_tag-lightweight-vest","11":"product_tag-outdoor-vest","12":"product_tag-quilted-vest","13":"product_tag-sleeveless-jacket","14":"product_tag-stylish-outerwear","15":"product_tag-zippered-vest","17":"first","18":"instock","19":"taxable","20":"shipping-taxable","21":"purchasable","22":"product-type-simple"},"_links":{"self":[{"href":"https:\/\/ryinz.cz\/velkoobchod\/pl\/wp-json\/wp\/v2\/product\/9035","targetHints":{"allow":["GET"]}}],"collection":[{"href":"https:\/\/ryinz.cz\/velkoobchod\/pl\/wp-json\/wp\/v2\/product"}],"about":[{"href":"https:\/\/ryinz.cz\/velkoobchod\/pl\/wp-json\/wp\/v2\/types\/product"}],"replies":[{"embeddable":true,"href":"https:\/\/ryinz.cz\/velkoobchod\/pl\/wp-json\/wp\/v2\/comments?post=9035"}],"wp:featuredmedia":[{"embeddable":true,"href":"https:\/\/ryinz.cz\/velkoobchod\/pl\/wp-json\/wp\/v2\/media\/9093"}],"wp:attachment":[{"href":"https:\/\/ryinz.cz\/velkoobchod\/pl\/wp-json\/wp\/v2\/media?parent=9035"}],"wp:term":[{"taxonomy":"product_brand","embeddable":true,"href":"https:\/\/ryinz.cz\/velkoobchod\/pl\/wp-json\/wp\/v2\/product_brand?post=9035"},{"taxonomy":"product_cat","embeddable":true,"href":"https:\/\/ryinz.cz\/velkoobchod\/pl\/wp-json\/wp\/v2\/product_cat?post=9035"},{"taxonomy":"product_tag","embeddable":true,"href":"https:\/\/ryinz.cz\/velkoobchod\/pl\/wp-json\/wp\/v2\/product_tag?post=9035"}],"curies":[{"name":"wp","href":"https:\/\/api.w.org\/{rel}","templated":true}]}}