{"id":9034,"date":"2025-06-22T15:26:33","date_gmt":"2025-06-22T15:26:33","guid":{"rendered":"https:\/\/ryinz.cz\/velkoobchod\/?post_type=product&#038;p=9034"},"modified":"2026-01-18T20:17:25","modified_gmt":"2026-01-18T20:17:25","slug":"lekka-pikowana-kamizelka","status":"publish","type":"product","link":"https:\/\/ryinz.cz\/velkoobchod\/pl\/product\/lightweight-quilted-vest\/","title":{"rendered":"Lekka pikowana kamizelka"},"content":{"rendered":"<div class=\"flex-shrink-0 flex flex-col relative items-end\">\n<div class=\"pt-0\">\n<div class=\"gizmo-bot-avatar flex h-8 w-8 items-center justify-center overflow-hidden rounded-full\">\n<div class=\"relative p-1 rounded-sm flex items-center justify-center bg-token-main-surface-primary text-token-text-primary h-8 w-8\">\n<p data-start=\"121\" data-end=\"138\"><strong data-start=\"121\" data-end=\"138\">Kluczowe cechy:<\/strong><\/p>\n<ul data-start=\"140\" data-end=\"483\">\n<li data-start=\"140\" data-end=\"224\">\n<p data-start=\"142\" data-end=\"224\"><strong data-start=\"142\" data-end=\"158\">Pow\u0142oka zewn\u0119trzna:<\/strong> Lekki materia\u0142 z pikowan\u0105 konstrukcj\u0105 dla optymalnego ciep\u0142a<\/p>\n<\/li>\n<li data-start=\"225\" data-end=\"291\">\n<p data-start=\"227\" data-end=\"291\"><strong data-start=\"227\" data-end=\"238\">Podszewka:<\/strong> Wn\u0119trze bez podszewki dla czystego, minimalistycznego profilu<\/p>\n<\/li>\n<li data-start=\"292\" data-end=\"372\">\n<p data-start=\"294\" data-end=\"372\"><strong data-start=\"294\" data-end=\"315\">Kieszenie zapinane na zamek:<\/strong> Bezpieczne i funkcjonalne przechowywanie dzi\u0119ki nowoczesnym zamkom b\u0142yskawicznym<\/p>\n<\/li>\n<li data-start=\"373\" data-end=\"483\">\n<p data-start=\"375\" data-end=\"483\"><strong data-start=\"375\" data-end=\"386\">Projekt:<\/strong> Elegancka czarna kamizelka z kontrastowym zamkiem b\u0142yskawicznym, z dum\u0105 prezentuj\u0105ca <strong data-start=\"456\" data-end=\"465\">Ryinz<\/strong> logo na piersi<\/p>\n<\/li>\n<\/ul>\n<hr data-start=\"485\" data-end=\"488\" \/>\n<p data-start=\"490\" data-end=\"514\"><strong data-start=\"490\" data-end=\"514\">Opis produktu:<\/strong><\/p>\n<p data-start=\"516\" data-end=\"1062\">The <strong data-start=\"520\" data-end=\"554\">Lekka pikowana kamizelka Ryinz<\/strong> to wszechstronna kurtka zaprojektowana z my\u015bl\u0105 zar\u00f3wno o komforcie, jak i wydajno\u015bci. Wykonana z oddychaj\u0105cej, pikowanej pow\u0142oki, zapewnia skuteczn\u0105 izolacj\u0119 bez zb\u0119dnej obj\u0119to\u015bci - idealna do nak\u0142adania warstw podczas ch\u0142odnych dni lub aktywno\u015bci na \u015bwie\u017cym powietrzu. Jego minimalistyczny design jest wzmocniony przez odwa\u017cne kontrastowe zamki b\u0142yskawiczne i podpis <strong data-start=\"860\" data-end=\"878\">Branding Ryinz<\/strong>, dzi\u0119ki czemu nadaje si\u0119 do codziennego noszenia, odzie\u017cy roboczej lub odzie\u017cy zespo\u0142owej. Liczne kieszenie zapinane na zamek zapewniaj\u0105 praktyczne przechowywanie, a konstrukcja bez podszewki sprawia, \u017ce kamizelka jest lekka i op\u0142ywowa.<\/p>\n<hr data-start=\"1064\" data-end=\"1067\" \/>\n<p data-start=\"1069\" data-end=\"1093\"><strong data-start=\"1069\" data-end=\"1093\">Oferta personalizacji:<\/strong><\/p>\n<p data-start=\"1095\" data-end=\"1331\">Spersonalizuj t\u0119 kamizelk\u0119 za pomoc\u0105 <strong data-start=\"1127\" data-end=\"1171\">logo marki, nazwa zespo\u0142u lub niestandardowa grafika<\/strong>. Niezale\u017cnie od tego, czy chodzi o wyposa\u017cenie pracownik\u00f3w, sportowc\u00f3w czy klient\u00f3w detalicznych, <strong data-start=\"1237\" data-end=\"1246\">Ryinz<\/strong> oferuje elastyczne opcje dostosowywania i pr\u00f3bkowania B2B, aby urzeczywistni\u0107 Twoj\u0105 wizj\u0119.<\/p>\n<\/div>\n<\/div>\n<\/div>\n<\/div>","protected":false},"excerpt":{"rendered":"<div class=\"flex-shrink-0 flex flex-col relative items-end\">\n<div class=\"pt-0\">\n<div class=\"gizmo-bot-avatar flex h-8 w-8 items-center justify-center overflow-hidden rounded-full\">\n<div class=\"relative p-1 rounded-sm flex items-center justify-center bg-token-main-surface-primary text-token-text-primary h-8 w-8\">\n<p><strong>Kluczowe cechy:<\/strong><\/p>\n<ul>\n<li><strong>Pow\u0142oka zewn\u0119trzna:<\/strong> <strong>Lekki materia\u0142<\/strong> z pikowan\u0105 konstrukcj\u0105 zapewniaj\u0105c\u0105 optymalne ciep\u0142o.<\/li>\n<li><strong>Podszewka:<\/strong> <strong>Bez podszewki<\/strong>, zapewniaj\u0105c elegancki, minimalistyczny wygl\u0105d.<\/li>\n<li><strong>Kieszenie zapinane na zamek:<\/strong> Wygodnie umieszczone kieszenie zapinane na suwak do przechowywania.<\/li>\n<li><strong>Projekt:<\/strong> Stylowa czarna kamizelka z kontrastowym zamkiem b\u0142yskawicznym, wyposa\u017cona w kultow\u0105 grafik\u0119 <strong>Logo Gillani<\/strong> na klatce piersiowej.<\/li>\n<\/ul>\n<hr \/>\n<p><strong>Opis produktu:<\/strong><\/p>\n<p>The <strong>Lekka pikowana kamizelka Gillani (GMSJ-0031)<\/strong> to idealny dodatek do garderoby outdoorowej. Wykonane z <strong>lekki pikowany materia\u0142<\/strong>, Ta kamizelka zapewnia ciep\u0142o bez zb\u0119dnych kilogram\u00f3w, dzi\u0119ki czemu idealnie nadaje si\u0119 do noszenia warstwowego podczas przej\u015bciowej pogody. Kamizelka zosta\u0142a zaprojektowana bez podszewki dla czystego, nowoczesnego dopasowania i posiada wiele zapinanych na zamek kieszeni dla \u0142atwego dost\u0119pu do niezb\u0119dnych rzeczy. Elegancki wygl\u0105d, wzmocniony kontrastowymi zamkami b\u0142yskawicznymi i <strong>Logo Gillani<\/strong>, Zapewnia stylowy wygl\u0105d niezale\u017cnie od tego, czy jeste\u015b na swobodnej wycieczce, czy na \u015bwie\u017cym powietrzu.<\/p>\n<hr \/>\n<p><strong>Oferta personalizacji:<\/strong><\/p>\n<p>Dodaj w\u0142asne <strong>niestandardowe logo<\/strong> lub <strong>projekt<\/strong> aby ta kamizelka by\u0142a wyj\u0105tkowa dla Twojej marki lub zespo\u0142u.<\/p>\n<\/div>\n<\/div>\n<\/div>\n<\/div>","protected":false},"featured_media":9101,"comment_status":"closed","ping_status":"closed","template":"","meta":[],"product_brand":[35],"product_cat":[202],"product_tag":[224,225,226,227,228,229,230,231],"class_list":{"0":"post-9034","1":"product","2":"type-product","3":"status-publish","4":"has-post-thumbnail","6":"product_brand-ryinz","7":"product_cat-apparels","8":"product_tag-casual-vest","9":"product_tag-custom-logo-vest","10":"product_tag-lightweight-vest","11":"product_tag-outdoor-vest","12":"product_tag-quilted-vest","13":"product_tag-sleeveless-jacket","14":"product_tag-stylish-outerwear","15":"product_tag-zippered-vest","17":"first","18":"instock","19":"taxable","20":"shipping-taxable","21":"purchasable","22":"product-type-simple"},"_links":{"self":[{"href":"https:\/\/ryinz.cz\/velkoobchod\/pl\/wp-json\/wp\/v2\/product\/9034","targetHints":{"allow":["GET"]}}],"collection":[{"href":"https:\/\/ryinz.cz\/velkoobchod\/pl\/wp-json\/wp\/v2\/product"}],"about":[{"href":"https:\/\/ryinz.cz\/velkoobchod\/pl\/wp-json\/wp\/v2\/types\/product"}],"replies":[{"embeddable":true,"href":"https:\/\/ryinz.cz\/velkoobchod\/pl\/wp-json\/wp\/v2\/comments?post=9034"}],"wp:featuredmedia":[{"embeddable":true,"href":"https:\/\/ryinz.cz\/velkoobchod\/pl\/wp-json\/wp\/v2\/media\/9101"}],"wp:attachment":[{"href":"https:\/\/ryinz.cz\/velkoobchod\/pl\/wp-json\/wp\/v2\/media?parent=9034"}],"wp:term":[{"taxonomy":"product_brand","embeddable":true,"href":"https:\/\/ryinz.cz\/velkoobchod\/pl\/wp-json\/wp\/v2\/product_brand?post=9034"},{"taxonomy":"product_cat","embeddable":true,"href":"https:\/\/ryinz.cz\/velkoobchod\/pl\/wp-json\/wp\/v2\/product_cat?post=9034"},{"taxonomy":"product_tag","embeddable":true,"href":"https:\/\/ryinz.cz\/velkoobchod\/pl\/wp-json\/wp\/v2\/product_tag?post=9034"}],"curies":[{"name":"wp","href":"https:\/\/api.w.org\/{rel}","templated":true}]}}