{"id":9033,"date":"2025-06-22T15:26:32","date_gmt":"2025-06-22T15:26:32","guid":{"rendered":"https:\/\/ryinz.cz\/velkoobchod\/?post_type=product&#038;p=9033"},"modified":"2026-01-18T20:17:24","modified_gmt":"2026-01-18T20:17:24","slug":"ryinz-meski-czarno-musztardowy-dres-sportowy-slim-fit-dwuczesciowy-stroj-sportowy-na-silownie-styl-uliczny","status":"publish","type":"product","link":"https:\/\/ryinz.cz\/velkoobchod\/pl\/product\/ryinz-mens-black-and-mustard-color-block-tracksuit-slim-fit-two-piece-athletic-wear-for-sports-gym-street-style\/","title":{"rendered":"M\u0119ski dres RYINZ w kolorze czarnym i musztardowym - dwucz\u0119\u015bciowa odzie\u017c sportowa o w\u0105skim kroju do uprawiania sportu, na si\u0142owni\u0119 i do stylu ulicznego"},"content":{"rendered":"<div class=\"flex-shrink-0 flex flex-col relative items-end\">\n<div class=\"pt-0\">\n<div class=\"gizmo-bot-avatar flex h-8 w-8 items-center justify-center overflow-hidden rounded-full\">\n<div class=\"relative p-1 rounded-sm flex items-center justify-center bg-token-main-surface-primary text-token-text-primary h-8 w-8\">\n<p class=\"\" data-start=\"1879\" data-end=\"2258\">The <strong data-start=\"1883\" data-end=\"1932\">Czarno-musztardowy dres RYINZ w kolorowe paski<\/strong> na nowo definiuje, co to znaczy nosi\u0107 styl sportowy z pewno\u015bci\u0105 siebie, celem i oryginalno\u015bci\u0105. Stworzony dla nowoczesnych m\u0119\u017cczyzn, kt\u00f3rzy wymagaj\u0105 zar\u00f3wno wydajno\u015bci, jak i prezencji, ten zestaw to co\u015b wi\u0119cej ni\u017c tylko odzie\u017c sportowa - to deklaracja stylu \u017cycia. Po\u0142\u0105czenie kurtki i spodni typu jogger zapewnia pe\u0142n\u0105 swobod\u0119 ruch\u00f3w, elegancki wygl\u0105d i niezr\u00f3wnan\u0105 funkcjonalno\u015b\u0107.<\/p>\n<p class=\"\" data-start=\"2260\" data-end=\"2708\"><strong data-start=\"2260\" data-end=\"2284\">Design i estetyka:<\/strong><br data-start=\"2284\" data-end=\"2287\" \/>RYINZ \u0142\u0105czy funkcjonalno\u015b\u0107 z polotem w tej odwa\u017cnej musztardowo-czarnej stylizacji. Zapinana na zamek kurtka prezentuje wyrazist\u0105, podzielon\u0105 kolorystyk\u0119, w kt\u00f3rej musztardowa g\u00f3rna po\u0142owa p\u0142ynnie przechodzi w klasyczny czarny d\u00f3\u0142. Minimalistyczne logo RYINZ jest gustownie umieszczone na piersi i joggerach, wzmacniaj\u0105c obecno\u015b\u0107 marki bez przyt\u0142aczania projektu. Dopasowane joggery s\u0105 zgodne z tym samym motywem - nowoczesne, zw\u0119\u017cane i stworzone do aktywno\u015bci.<\/p>\n<p class=\"\" data-start=\"2710\" data-end=\"3135\"><strong data-start=\"2710\" data-end=\"2732\">Materia\u0142 i tkanina:<\/strong><br data-start=\"2732\" data-end=\"2735\" \/>Wykonany z wysokiej jako\u015bci mieszanki poliestru i bawe\u0142ny, ten dres zapewnia oddychalno\u015b\u0107, kontrol\u0119 wilgoci i mi\u0119kko\u015b\u0107 w dotyku. Oferuje idealn\u0105 wag\u0119 - wystarczaj\u0105co lekk\u0105 do ruchu, a jednocze\u015bnie wystarczaj\u0105co ciep\u0142\u0105 na wczesne poranki lub ch\u0142odne wieczory. Niezale\u017cnie od tego, czy jest noszony na si\u0142owni\u0119, czy do stylizacji streetwear, ten kombinezon zapewnia zar\u00f3wno komfort, jak i kompresj\u0119 we w\u0142a\u015bciwych obszarach. Jego rozci\u0105gliwy charakter dopasowuje si\u0119 do ka\u017cdego typu sylwetki.<\/p>\n<p class=\"\" data-start=\"3137\" data-end=\"3513\"><strong data-start=\"3137\" data-end=\"3165\">Komfort i funkcjonalno\u015b\u0107:<\/strong><br data-start=\"3165\" data-end=\"3168\" \/>Komfort jest najwa\u017cniejszy. Zamek b\u0142yskawiczny na ca\u0142ej d\u0142ugo\u015bci u\u0142atwia zak\u0142adanie przed lub po treningu, a pr\u0105\u017ckowane mankiety i d\u00f3\u0142 utrzymuj\u0105 kszta\u0142t podczas noszenia. Spodnie maj\u0105 elastyczny pas z zewn\u0119trznymi sznurkami, co zapewnia precyzyjn\u0105 kontrol\u0119 nad dopasowaniem. Kr\u00f3j slim fit dopasowuje si\u0119 do sylwetki, ale nie jest zbyt obcis\u0142y, idealny do noszenia warstwowego lub solo.<\/p>\n<p class=\"\" data-start=\"3515\" data-end=\"3852\"><strong data-start=\"3515\" data-end=\"3541\">Przechowywanie i wszechstronno\u015b\u0107:<\/strong><br data-start=\"3541\" data-end=\"3544\" \/>Dwie przestronne kieszenie boczne na kurtce i spodniach do biegania u\u0142atwiaj\u0105 przechowywanie codziennych drobiazg\u00f3w. Nie ma potrzeby noszenia torby podczas szybkiego spaceru, sesji na si\u0142owni, a nawet niezobowi\u0105zuj\u0105cego spotkania. Kieszenie s\u0105 wystarczaj\u0105co g\u0142\u0119bokie, aby bezpiecznie pomie\u015bci\u0107 smartfony, a zamki b\u0142yskawiczne (opcjonalne w wybranych wariantach) zapewniaj\u0105 dodatkowy spok\u00f3j ducha.<\/p>\n<p class=\"\" data-start=\"3854\" data-end=\"4185\"><strong data-start=\"3854\" data-end=\"3871\">Wskaz\u00f3wki dotycz\u0105ce stylizacji:<\/strong><br data-start=\"3871\" data-end=\"3874\" \/>No\u015b go jako kompletny zestaw, aby uzyska\u0107 czysty, sportowy wygl\u0105d lub mieszaj i dopasowuj elementy - sparuj kurtk\u0119 z d\u017cinsami lub joggerami z graficzn\u0105 koszulk\u0105. Dodaj buty sportowe lub zwyk\u0142e trampki, a otrzymasz wszechstronny str\u00f3j, kt\u00f3ry sprawdzi si\u0119 zar\u00f3wno na si\u0142owni, jak i na ulicy. Nadaje si\u0119 na wszystkie pory roku z wyj\u0105tkiem ekstremalnych upa\u0142\u00f3w.<\/p>\n<p class=\"\" data-start=\"4187\" data-end=\"4209\"><strong data-start=\"4187\" data-end=\"4207\">Idealne przypadki u\u017cycia:<\/strong><\/p>\n<ul data-start=\"4210\" data-end=\"4399\">\n<li class=\"\" data-start=\"4210\" data-end=\"4226\">\n<p class=\"\" data-start=\"4212\" data-end=\"4226\">Treningi na si\u0142owni<\/p>\n<\/li>\n<li class=\"\" data-start=\"4227\" data-end=\"4246\">\n<p class=\"\" data-start=\"4229\" data-end=\"4246\">Bieganie\/jogging<\/p>\n<\/li>\n<li class=\"\" data-start=\"4247\" data-end=\"4270\">\n<p class=\"\" data-start=\"4249\" data-end=\"4270\">Swobodny str\u00f3j weekendowy<\/p>\n<\/li>\n<li class=\"\" data-start=\"4271\" data-end=\"4299\">\n<p class=\"\" data-start=\"4273\" data-end=\"4299\">Stroje podr\u00f3\u017cne i lotniskowe<\/p>\n<\/li>\n<li class=\"\" data-start=\"4300\" data-end=\"4319\">\n<p class=\"\" data-start=\"4302\" data-end=\"4319\">Stroje domowe<\/p>\n<\/li>\n<li class=\"\" data-start=\"4320\" data-end=\"4353\">\n<p class=\"\" data-start=\"4322\" data-end=\"4353\">Zak\u0142adane pod p\u0142aszcze w zimie<\/p>\n<\/li>\n<li class=\"\" data-start=\"4354\" data-end=\"4399\">\n<p class=\"\" data-start=\"4356\" data-end=\"4399\">Stroje grupowe\/zespo\u0142owe (dost\u0119pne niestandardowe logo)<\/p>\n<\/li>\n<\/ul>\n<p class=\"\" data-start=\"4401\" data-end=\"4651\"><strong data-start=\"4401\" data-end=\"4416\">Trwa\u0142o\u015b\u0107:<\/strong><br data-start=\"4416\" data-end=\"4419\" \/>Dzi\u0119ki wzmocnionym szwom i odpornej na blakni\u0119cie tkaninie, ten dres zosta\u0142 zaprojektowany tak, aby wytrzyma\u0107 wielokrotne pranie i aktywne u\u017cytkowanie. Zachowuje kszta\u0142t, jest odporny na mechacenie si\u0119 i wygl\u0105da jak nowy d\u0142u\u017cej ni\u017c typowe, modne alternatywy.<\/p>\n<\/div>\n<\/div>\n<\/div>\n<\/div>","protected":false},"excerpt":{"rendered":"<div class=\"flex-shrink-0 flex flex-col relative items-end\">\n<div class=\"pt-0\">\n<div class=\"gizmo-bot-avatar flex h-8 w-8 items-center justify-center overflow-hidden rounded-full\">\n<div class=\"relative p-1 rounded-sm flex items-center justify-center bg-token-main-surface-primary text-token-text-primary h-8 w-8\">\n<p class=\"\" data-start=\"379\" data-end=\"834\">Podnie\u015b sw\u00f3j sportowy styl dzi\u0119ki czarno-musztardowemu dresowi RYINZ - nowoczesnemu dwucz\u0119\u015bciowemu zestawowi \u0142\u0105cz\u0105cemu wygod\u0119, wydajno\u015b\u0107 i mod\u0119. Zaprojektowany dla aktywnych m\u0119\u017cczyzn, kt\u00f3rzy wymagaj\u0105 wszechstronno\u015bci, zestaw ten obejmuje zapinan\u0105 na zamek kurtk\u0119 z efektown\u0105 musztardow\u0105 g\u00f3rn\u0105 po\u0142ow\u0105 i g\u0142\u0119bok\u0105 czarn\u0105 podstaw\u0105, w po\u0142\u0105czeniu z dopasowanymi czarnymi spodniami jogger. Czyste linie, odwa\u017cne blokowanie kolor\u00f3w i subtelne logo RYINZ nadaj\u0105 mu uliczny, ale wyrafinowany charakter, kt\u00f3ry wyr\u00f3\u017cnia si\u0119 w ka\u017cdym t\u0142umie.<\/p>\n<p class=\"\" data-start=\"836\" data-end=\"1275\">Wykonany z oddychaj\u0105cego, rozci\u0105gliwego materia\u0142u, ten dres porusza si\u0119 wraz z cia\u0142em, zapewniaj\u0105c wygod\u0119 podczas trening\u00f3w, codziennych sprawunk\u00f3w lub relaksuj\u0105cych wieczor\u00f3w. Zapinana na zamek b\u0142yskawiczny kurtka ma pr\u0105\u017ckowane mankiety i d\u00f3\u0142 dla lepszego dopasowania, a zw\u0119\u017cane spodnie jogger maj\u0105 elastyczny pas ze sznurkami do regulacji. Dwie boczne kieszenie na kurtce i spodniach oferuj\u0105 praktyczne miejsce do przechowywania niezb\u0119dnych rzeczy, takich jak klucze, telefony lub portfele.<\/p>\n<p class=\"\" data-start=\"1277\" data-end=\"1685\">Niezale\u017cnie od tego, czy chodzisz na si\u0142owni\u0119, biegasz na \u015bwie\u017cym powietrzu, czy po prostu chcesz wyr\u00f3\u017cni\u0107 si\u0119 swobodnym strojem, dres RYINZ zapewnia wysok\u0105 wydajno\u015b\u0107 i elegancki wygl\u0105d. Trwa\u0142e szwy i wysokiej jako\u015bci materia\u0142y sprawiaj\u0105, \u017ce ten kombinezon jest trwa\u0142ym elementem garderoby. Za\u0142\u00f3\u017c go do sneakers\u00f3w i czapki lub na koszulk\u0119, aby uzyska\u0107 swobodny wygl\u0105d. Kurtk\u0119 mo\u017cna r\u00f3wnie\u017c nosi\u0107 osobno z d\u017cinsami lub szortami, aby uzyska\u0107 \u015bwie\u017cy uliczny klimat.<\/p>\n<p class=\"\" data-start=\"1687\" data-end=\"1822\">Od zimnych porannych jogging\u00f3w po potreningowe biegi na kaw\u0119, dwucz\u0119\u015bciowy dres RYINZ dostosowuje si\u0119 do Twojego stylu \u017cycia i zapewnia \u015bwietny wygl\u0105d.<\/p>\n<\/div>\n<\/div>\n<\/div>\n<\/div>","protected":false},"featured_media":9077,"comment_status":"closed","ping_status":"closed","template":"","meta":[],"product_brand":[35],"product_cat":[202,68],"product_tag":[217,218,213,208,219,220,221,222,223,210],"class_list":{"0":"post-9033","1":"product","2":"type-product","3":"status-publish","4":"has-post-thumbnail","6":"product_brand-ryinz","7":"product_cat-apparels","8":"product_cat-ryinz","9":"product_tag-activewear","10":"product_tag-breathable-jacket","11":"product_tag-casual-jacket","12":"product_tag-custom-logo-jacket","13":"product_tag-hi-vis-jacket","14":"product_tag-jacket-and-trouser-set","15":"product_tag-polyester-jacket","16":"product_tag-soft-shell-jacket","17":"product_tag-soft-shell-trousers","18":"product_tag-sportswear","20":"first","21":"instock","22":"taxable","23":"shipping-taxable","24":"purchasable","25":"product-type-simple"},"_links":{"self":[{"href":"https:\/\/ryinz.cz\/velkoobchod\/pl\/wp-json\/wp\/v2\/product\/9033","targetHints":{"allow":["GET"]}}],"collection":[{"href":"https:\/\/ryinz.cz\/velkoobchod\/pl\/wp-json\/wp\/v2\/product"}],"about":[{"href":"https:\/\/ryinz.cz\/velkoobchod\/pl\/wp-json\/wp\/v2\/types\/product"}],"replies":[{"embeddable":true,"href":"https:\/\/ryinz.cz\/velkoobchod\/pl\/wp-json\/wp\/v2\/comments?post=9033"}],"wp:featuredmedia":[{"embeddable":true,"href":"https:\/\/ryinz.cz\/velkoobchod\/pl\/wp-json\/wp\/v2\/media\/9077"}],"wp:attachment":[{"href":"https:\/\/ryinz.cz\/velkoobchod\/pl\/wp-json\/wp\/v2\/media?parent=9033"}],"wp:term":[{"taxonomy":"product_brand","embeddable":true,"href":"https:\/\/ryinz.cz\/velkoobchod\/pl\/wp-json\/wp\/v2\/product_brand?post=9033"},{"taxonomy":"product_cat","embeddable":true,"href":"https:\/\/ryinz.cz\/velkoobchod\/pl\/wp-json\/wp\/v2\/product_cat?post=9033"},{"taxonomy":"product_tag","embeddable":true,"href":"https:\/\/ryinz.cz\/velkoobchod\/pl\/wp-json\/wp\/v2\/product_tag?post=9033"}],"curies":[{"name":"wp","href":"https:\/\/api.w.org\/{rel}","templated":true}]}}