{"id":9032,"date":"2025-06-22T15:26:32","date_gmt":"2025-06-22T15:26:32","guid":{"rendered":"https:\/\/ryinz.cz\/velkoobchod\/?post_type=product&#038;p=9032"},"modified":"2026-01-18T20:17:24","modified_gmt":"2026-01-18T20:17:24","slug":"odblaskowa-kurtka-robocza-ryinz-z-kieszeniami-na-zamek-blyskawiczny-do-zastosowan-przemyslowych-w-budownictwie","status":"publish","type":"product","link":"https:\/\/ryinz.cz\/velkoobchod\/pl\/product\/ryinz-high-visibility-work-jacket-reflective-safety-outerwear-with-zip-pockets-for-construction-industrial-use\/","title":{"rendered":"Kurtka robocza RYINZ o wysokiej widoczno\u015bci - odblaskowa odzie\u017c ochronna z kieszeniami na zamek b\u0142yskawiczny do zastosowa\u0144 budowlanych i przemys\u0142owych"},"content":{"rendered":"<div class=\"flex-shrink-0 flex flex-col relative items-end\">\n<div class=\"pt-0\">\n<div class=\"gizmo-bot-avatar flex h-8 w-8 items-center justify-center overflow-hidden rounded-full\">\n<div class=\"relative p-1 rounded-sm flex items-center justify-center bg-token-main-surface-primary text-token-text-primary h-8 w-8\">\n<p class=\"\" data-start=\"1890\" data-end=\"2322\"><strong data-start=\"1890\" data-end=\"1954\">Przedstawiamy odblaskow\u0105 kurtk\u0119 robocz\u0105 RYINZ o wysokiej widoczno\u015bci<\/strong>-to mocna deklaracja w ochronnej odzie\u017cy roboczej zaprojektowanej, aby zapewni\u0107, \u017ce Twoje bezpiecze\u0144stwo nigdy nie pozostanie niezauwa\u017cone. W \u015bwiecie niebezpiecznych zawod\u00f3w wysokiego ryzyka bycie widocznym nie jest opcj\u0105 - to wym\u00f3g. RYINZ wychodzi temu naprzeciw dzi\u0119ki najnowocze\u015bniejszej konstrukcji, kt\u00f3ra \u0142\u0105czy bezpiecze\u0144stwo, wygod\u0119 i niezawodno\u015b\u0107 w jednej funkcjonalnej kurtce zaprojektowanej z my\u015bl\u0105 o wymagaj\u0105cych \u015brodowiskach pracy.<\/p>\n<p class=\"\" data-start=\"2324\" data-end=\"2837\"><strong data-start=\"2324\" data-end=\"2372\">Maksymalna widoczno\u015b\u0107 - bezpiecze\u0144stwo, kt\u00f3re m\u00f3wi g\u0142o\u015bno<\/strong><br data-start=\"2372\" data-end=\"2375\" \/>Wyr\u00f3\u017cniaj\u0105c\u0105 cech\u0105 tej kurtki jest jej <strong data-start=\"2418\" data-end=\"2465\">fluorescencyjne \u017c\u00f3\u0142te pasy o wysokiej widoczno\u015bci<\/strong>, strategicznie rozmieszczone na ciele i ramionach, aby stworzy\u0107 maksymalny kontrast z czarn\u0105 tkanin\u0105 softshell. Uzupe\u0142nione przez <strong data-start=\"2592\" data-end=\"2622\">szerokie ta\u015bmy odblaskowe<\/strong> Ta kurtka, kt\u00f3ra owija si\u0119 wok\u00f3\u0142 klatki piersiowej, plec\u00f3w i r\u0119kaw\u00f3w, zapewnia dobr\u0105 widoczno\u015b\u0107 dla wsp\u00f3\u0142pracownik\u00f3w, pieszych i kierowc\u00f3w ze wszystkich kierunk\u00f3w - co jest niezb\u0119dne podczas nocnych zmian, w warunkach s\u0142abego o\u015bwietlenia lub przy niesprzyjaj\u0105cej pogodzie.<\/p>\n<p class=\"\" data-start=\"2839\" data-end=\"3178\">Niezale\u017cnie od tego, czy pracujesz w \u015bwietle reflektor\u00f3w, \u015bwiate\u0142 budowlanych, czy o\u015bwietlenia miejskiego, odblaskowe akcenty zwi\u0119kszaj\u0105 widoczno\u015b\u0107, zapewniaj\u0105c lepsz\u0105 \u015bwiadomo\u015b\u0107 i zmniejszaj\u0105c liczb\u0119 wypadk\u00f3w. Ta bezpieczna konstrukcja jest zgodna z og\u00f3lnymi standardami widoczno\u015bci stosowanymi w budownictwie, logistyce, konserwacji przemys\u0142owej i ratownictwie.<\/p>\n<p class=\"\" data-start=\"3180\" data-end=\"3603\"><strong data-start=\"3180\" data-end=\"3233\">Wytrzyma\u0142a konstrukcja Softshell - stworzona do dzia\u0142ania<\/strong><br data-start=\"3233\" data-end=\"3236\" \/>Wykonane z odpornego na \u015bcieranie <strong data-start=\"3268\" data-end=\"3288\">Tkanina softshell<\/strong>, Kurtka ochronna RYINZ jest idealna do zada\u0144 fizycznych. Jest odporna na kurz, t\u0142uszcz, lekki deszcz i codzienne zu\u017cycie, a jednocze\u015bnie wystarczaj\u0105co oddychaj\u0105ca do pracy w pomieszczeniach i na zewn\u0105trz. Kurtka jest skrojona tak, aby przylega\u0107 do cia\u0142a bez ograniczania ruch\u00f3w, dzi\u0119ki czemu jest idealnym towarzyszem podczas schylania si\u0119, podnoszenia lub przenoszenia sprz\u0119tu.<\/p>\n<ul data-start=\"3605\" data-end=\"4004\">\n<li class=\"\" data-start=\"3605\" data-end=\"3697\">\n<p class=\"\" data-start=\"3607\" data-end=\"3697\"><strong data-start=\"3607\" data-end=\"3623\">Wysoki ko\u0142nierz:<\/strong> Zapewnia ochron\u0119 przed wiatrem i nadaje profesjonalny wygl\u0105d.<\/p>\n<\/li>\n<li class=\"\" data-start=\"3698\" data-end=\"3780\">\n<p class=\"\" data-start=\"3700\" data-end=\"3780\"><strong data-start=\"3700\" data-end=\"3723\">Zamek b\u0142yskawiczny na ca\u0142ej d\u0142ugo\u015bci:<\/strong> \u0141atwe otwieranie i zamykanie w r\u0119kawiczkach; zapewnia ciep\u0142o.<\/p>\n<\/li>\n<li class=\"\" data-start=\"3781\" data-end=\"3847\">\n<p class=\"\" data-start=\"3783\" data-end=\"3847\"><strong data-start=\"3783\" data-end=\"3801\">Elastyczne mankiety:<\/strong> Utrzymuj\u0105 r\u0119kawy na miejscu i zapobiegaj\u0105 zaczepianiu.<\/p>\n<\/li>\n<li class=\"\" data-start=\"3848\" data-end=\"3933\">\n<p class=\"\" data-start=\"3850\" data-end=\"3933\"><strong data-start=\"3850\" data-end=\"3871\">Lekko\u015b\u0107 w dotyku:<\/strong> Idealna r\u00f3wnowaga izolacji i przep\u0142ywu powietrza dla ca\u0142odziennego noszenia.<\/p>\n<\/li>\n<li class=\"\" data-start=\"3934\" data-end=\"4004\">\n<p class=\"\" data-start=\"3936\" data-end=\"4004\"><strong data-start=\"3936\" data-end=\"3958\">Trwa\u0142e szwy:<\/strong> Wzmocnione szwy wytrzymuj\u0105 trudne warunki.<\/p>\n<\/li>\n<\/ul>\n<p class=\"\" data-start=\"4006\" data-end=\"4122\"><strong data-start=\"4006\" data-end=\"4050\">Inteligentne przechowywanie - wszystko ma swoje miejsce<\/strong><br data-start=\"4050\" data-end=\"4053\" \/>Ta kurtka jest nie tylko odblaskowa - jest praktyczna. Wyposa\u017cenie:<\/p>\n<ul data-start=\"4123\" data-end=\"4445\">\n<li class=\"\" data-start=\"4123\" data-end=\"4194\">\n<p class=\"\" data-start=\"4125\" data-end=\"4194\"><strong data-start=\"4125\" data-end=\"4147\">1 kiesze\u0144 na suwak na piersi<\/strong> - Idealny na narz\u0119dzia, d\u0142ugopisy, dowody osobiste lub radia<\/p>\n<\/li>\n<li class=\"\" data-start=\"4195\" data-end=\"4264\">\n<p class=\"\" data-start=\"4197\" data-end=\"4264\"><strong data-start=\"4197\" data-end=\"4221\">2 du\u017ce kieszenie boczne<\/strong> - Przechowywanie r\u0119kawic, notatnik\u00f3w lub narz\u0119dzi r\u0119cznych<\/p>\n<\/li>\n<li class=\"\" data-start=\"4265\" data-end=\"4445\">\n<p class=\"\" data-start=\"4267\" data-end=\"4445\"><strong data-start=\"4267\" data-end=\"4286\">Bezpieczne zamki b\u0142yskawiczne:<\/strong> Blokowanie przedmiot\u00f3w podczas aktywnych zmian<br data-start=\"4326\" data-end=\"4329\" \/>Z my\u015bl\u0105 o miejscach pracy o du\u017cym nat\u0119\u017ceniu ruchu, wszystkie kieszenie zosta\u0142y umieszczone tak, aby zapewni\u0107 \u0142atwy dost\u0119p podczas noszenia uprz\u0119\u017cy lub pas\u00f3w bezpiecze\u0144stwa.<\/p>\n<\/li>\n<\/ul>\n<p class=\"\" data-start=\"4447\" data-end=\"4787\"><strong data-start=\"4447\" data-end=\"4475\">Komfort \u0142\u0105czy si\u0119 z ochron\u0105<\/strong><br data-start=\"4475\" data-end=\"4478\" \/>RYINZ rozumie, \u017ce d\u0142ugie godziny sp\u0119dzone w terenie wymagaj\u0105 odzie\u017cy, kt\u00f3ra pracuje z Tob\u0105 - a nie przeciwko Tobie. Oddychaj\u0105ca wewn\u0119trzna podszewka zapobiega przegrzaniu, a odporna na wiatr zewn\u0119trzna pow\u0142oka chroni przed ch\u0142odnymi przeci\u0105gami. Wystarczaj\u0105co elastyczna do podnoszenia nad g\u0142ow\u0105 lub kucania, ta kurtka wspiera Ci\u0119 w ka\u017cdym zadaniu.<\/p>\n<p class=\"\" data-start=\"4789\" data-end=\"4814\"><strong data-start=\"4789\" data-end=\"4812\">Idealne zastosowania:<\/strong><\/p>\n<ul data-start=\"4815\" data-end=\"5018\">\n<li class=\"\" data-start=\"4815\" data-end=\"4843\">\n<p class=\"\" data-start=\"4817\" data-end=\"4843\">Roboty budowlane i drogowe<\/p>\n<\/li>\n<li class=\"\" data-start=\"4844\" data-end=\"4884\">\n<p class=\"\" data-start=\"4846\" data-end=\"4884\">Us\u0142ugi elektryczne i u\u017cyteczno\u015bci publicznej<\/p>\n<\/li>\n<li class=\"\" data-start=\"4885\" data-end=\"4921\">\n<p class=\"\" data-start=\"4887\" data-end=\"4921\">Magazynierzy i operatorzy w\u00f3zk\u00f3w wid\u0142owych<\/p>\n<\/li>\n<li class=\"\" data-start=\"4922\" data-end=\"4953\">\n<p class=\"\" data-start=\"4924\" data-end=\"4953\">Geodeci i kierownicy budowy<\/p>\n<\/li>\n<li class=\"\" data-start=\"4954\" data-end=\"4981\">\n<p class=\"\" data-start=\"4956\" data-end=\"4981\">Personel ds. parkowania i ruchu drogowego<\/p>\n<\/li>\n<li class=\"\" data-start=\"4982\" data-end=\"5018\">\n<p class=\"\" data-start=\"4984\" data-end=\"5018\">Ekipy reagowania na sytuacje awaryjne i zdarzenia<\/p>\n<\/li>\n<\/ul>\n<p class=\"\" data-start=\"5020\" data-end=\"5378\"><strong data-start=\"5020\" data-end=\"5058\">Profesjonalny wygl\u0105d, stworzony dla zespo\u0142\u00f3w<\/strong><br data-start=\"5058\" data-end=\"5061\" \/>Elegancka czarna podstawa kontrastuj\u0105ca z fluorescencyjnymi i odblaskowymi detalami nadaje tej kurtce <strong data-start=\"5153\" data-end=\"5186\">Profesjonalny wygl\u0105d<\/strong> kt\u00f3ry pasuje do marki firmy, identyfikacji za\u0142ogi i standard\u00f3w mundurowych. Jest to \u015bwietna opcja dla odzie\u017cy zespo\u0142owej w miejscach pracy, zw\u0142aszcza w po\u0142\u0105czeniu z pasuj\u0105cymi spodniami lub kamizelkami odblaskowymi.<\/p>\n<p class=\"\" data-start=\"5380\" data-end=\"5414\"><strong data-start=\"5380\" data-end=\"5412\">Instrukcje prania i piel\u0119gnacji:<\/strong><\/p>\n<ul data-start=\"5415\" data-end=\"5584\">\n<li class=\"\" data-start=\"5415\" data-end=\"5450\">\n<p class=\"\" data-start=\"5417\" data-end=\"5450\">Pra\u0107 w pralce na zimno, delikatny cykl<\/p>\n<\/li>\n<li class=\"\" data-start=\"5451\" data-end=\"5482\">\n<p class=\"\" data-start=\"5453\" data-end=\"5482\">Do d\u0142ugotrwa\u0142ego noszenia w stanie rozwieszonym<\/p>\n<\/li>\n<li class=\"\" data-start=\"5483\" data-end=\"5500\">\n<p class=\"\" data-start=\"5485\" data-end=\"5500\">Nie wybiela\u0107<\/p>\n<\/li>\n<li class=\"\" data-start=\"5501\" data-end=\"5558\">\n<p class=\"\" data-start=\"5503\" data-end=\"5558\">Unikaj suszenia w wysokiej temperaturze, aby chroni\u0107 materia\u0142 odblaskowy.<\/p>\n<\/li>\n<li class=\"\" data-start=\"5559\" data-end=\"5584\">\n<p class=\"\" data-start=\"5561\" data-end=\"5584\">Nie zaleca si\u0119 prasowania<\/p>\n<\/li>\n<\/ul>\n<\/div>\n<\/div>\n<\/div>\n<\/div>","protected":false},"excerpt":{"rendered":"<div class=\"flex-shrink-0 flex flex-col relative items-end\">\n<div class=\"pt-0\">\n<div class=\"gizmo-bot-avatar flex h-8 w-8 items-center justify-center overflow-hidden rounded-full\">\n<div class=\"relative p-1 rounded-sm flex items-center justify-center bg-token-main-surface-primary text-token-text-primary h-8 w-8\">\n<p class=\"\" data-start=\"384\" data-end=\"772\">B\u0105d\u017a bezpieczny, widoczny i w pe\u0142ni wyposa\u017cony w niebezpiecznych \u015brodowiskach pracy dzi\u0119ki <strong data-start=\"460\" data-end=\"497\">Kurtka robocza RYINZ o wysokiej widoczno\u015bci<\/strong>, zaprojektowana specjalnie dla profesjonalist\u00f3w, kt\u00f3rzy wymagaj\u0105 zar\u00f3wno widoczno\u015bci, jak i wydajno\u015bci. Zaprojektowana z my\u015bl\u0105 o pracownikach budowlanych, ekipach komunalnych, ekipach drogowych, magazynierach i pracownikach przemys\u0142owych, ta kurtka ochronna \u0142\u0105czy ochron\u0119, praktyczno\u015b\u0107 i wygod\u0119 w jednym efektownym elemencie.<\/p>\n<p class=\"\" data-start=\"774\" data-end=\"1188\">Wyposa\u017cona w \u017cywe fluorescencyjne \u017c\u00f3\u0142te paski na g\u0142\u0119bokiej czarnej podstawie, w po\u0142\u0105czeniu z szerokim <strong data-start=\"865\" data-end=\"890\">Opaski odblaskowe 360<\/strong> na klatce piersiowej, plecach i ramionach, ta kurtka zapewnia, \u017ce jeste\u015b dobrze widoczny pod ka\u017cdym k\u0105tem - czy to w zaciemnionych magazynach, mglistych poboczach dr\u00f3g, czy w nocnych miejscach pracy. Konstrukcja o wysokim kontra\u015bcie maksymalizuje odbicie \u015bwiat\u0142a z reflektor\u00f3w i reflektor\u00f3w, znacznie zmniejszaj\u0105c ryzyko wypadk\u00f3w na miejscu.<\/p>\n<p class=\"\" data-start=\"1190\" data-end=\"1550\">Wytrzyma\u0142y zamek b\u0142yskawiczny z przodu zapewnia \u0142atwy dost\u0119p, a wysoki ko\u0142nierz chroni szyj\u0119 przed wiatrem i kurzem. G\u00f3rna kiesze\u0144 na zamek b\u0142yskawiczny na piersi i podw\u00f3jne kieszenie boczne zapewniaj\u0105 bezpieczne przechowywanie niezb\u0119dnych przedmiot\u00f3w, takich jak d\u0142ugopisy, notatniki, dowody osobiste, r\u0119kawiczki lub urz\u0105dzenia mobilne. Elastyczne mankiety i wyprofilowany kr\u00f3j zapobiegaj\u0105 kr\u0119powaniu ruch\u00f3w podczas pracy.<\/p>\n<p class=\"\" data-start=\"1552\" data-end=\"1833\">Wykonana z wytrzyma\u0142ego, oddychaj\u0105cego materia\u0142u softshell, kurtka ta zapewnia ciep\u0142o bez przegrzania podczas aktywnej pracy. Niezale\u017cnie od tego, czy zarz\u0105dzasz kontrol\u0105 ruchu, podnosisz materia\u0142y, czy sprawdzasz infrastruktur\u0119, RYINZ zapewnia doskona\u0142\u0105 widoczno\u015b\u0107 bez uszczerbku dla u\u017cyteczno\u015bci i komfortu.<\/p>\n<\/div>\n<\/div>\n<\/div>\n<\/div>","protected":false},"featured_media":9088,"comment_status":"closed","ping_status":"closed","template":"","meta":[],"product_brand":[35],"product_cat":[202],"product_tag":[215,216],"class_list":{"0":"post-9032","1":"product","2":"type-product","3":"status-publish","4":"has-post-thumbnail","6":"product_brand-ryinz","7":"product_cat-apparels","8":"product_tag-hi-visibility-jacket","9":"product_tag-reflective-jacket","11":"first","12":"instock","13":"taxable","14":"shipping-taxable","15":"purchasable","16":"product-type-simple"},"_links":{"self":[{"href":"https:\/\/ryinz.cz\/velkoobchod\/pl\/wp-json\/wp\/v2\/product\/9032","targetHints":{"allow":["GET"]}}],"collection":[{"href":"https:\/\/ryinz.cz\/velkoobchod\/pl\/wp-json\/wp\/v2\/product"}],"about":[{"href":"https:\/\/ryinz.cz\/velkoobchod\/pl\/wp-json\/wp\/v2\/types\/product"}],"replies":[{"embeddable":true,"href":"https:\/\/ryinz.cz\/velkoobchod\/pl\/wp-json\/wp\/v2\/comments?post=9032"}],"wp:featuredmedia":[{"embeddable":true,"href":"https:\/\/ryinz.cz\/velkoobchod\/pl\/wp-json\/wp\/v2\/media\/9088"}],"wp:attachment":[{"href":"https:\/\/ryinz.cz\/velkoobchod\/pl\/wp-json\/wp\/v2\/media?parent=9032"}],"wp:term":[{"taxonomy":"product_brand","embeddable":true,"href":"https:\/\/ryinz.cz\/velkoobchod\/pl\/wp-json\/wp\/v2\/product_brand?post=9032"},{"taxonomy":"product_cat","embeddable":true,"href":"https:\/\/ryinz.cz\/velkoobchod\/pl\/wp-json\/wp\/v2\/product_cat?post=9032"},{"taxonomy":"product_tag","embeddable":true,"href":"https:\/\/ryinz.cz\/velkoobchod\/pl\/wp-json\/wp\/v2\/product_tag?post=9032"}],"curies":[{"name":"wp","href":"https:\/\/api.w.org\/{rel}","templated":true}]}}