{"id":9031,"date":"2025-06-22T15:26:32","date_gmt":"2025-06-22T15:26:32","guid":{"rendered":"https:\/\/ryinz.cz\/velkoobchod\/?post_type=product&#038;p=9031"},"modified":"2026-01-18T20:17:23","modified_gmt":"2026-01-18T20:17:23","slug":"meska-kurtka-polarowa-premium-sherpa-z-zamkiem-blyskawicznym-i-kieszenia-na-piersi","status":"publish","type":"product","link":"https:\/\/ryinz.cz\/velkoobchod\/pl\/product\/mens-premium-sherpa-fleece-jacket-full-zip-with-chest-pocket\/","title":{"rendered":"M\u0119ska kurtka polarowa Premium Sherpa - zamek b\u0142yskawiczny z kieszeni\u0105 na piersi"},"content":{"rendered":"<div class=\"flex-shrink-0 flex flex-col relative items-end\">\n<div class=\"pt-0\">\n<div class=\"gizmo-bot-avatar flex h-8 w-8 items-center justify-center overflow-hidden rounded-full\">\n<div class=\"relative p-1 rounded-sm flex items-center justify-center bg-token-main-surface-primary text-token-text-primary h-8 w-8\">\n<p class=\"\" data-start=\"1696\" data-end=\"2155\">The <strong data-start=\"1700\" data-end=\"1730\">Kurtka polarowa RYINZ Sherpa<\/strong> na nowo definiuje komfort, ciep\u0142o i trwa\u0142o\u015b\u0107 odzie\u017cy wierzchniej. Zaprojektowana z dba\u0142o\u015bci\u0105 o szczeg\u00f3\u0142y, kurtka ta \u0142\u0105czy klasyczn\u0105 stylistyk\u0119 polaru z nowoczesn\u0105 u\u017cyteczno\u015bci\u0105, dzi\u0119ki czemu jest niezawodnym wyborem do ca\u0142odziennego noszenia w ch\u0142odne dni. Wykonana z bardzo mi\u0119kkiego, grubego polaru Sherpa o wysokiej g\u0119sto\u015bci, oferuje doskona\u0142\u0105 izolacj\u0119, kt\u00f3ra zatrzymuje ciep\u0142o cia\u0142a, a jednocze\u015bnie pozostaje oddychaj\u0105ca, zapewniaj\u0105c idealn\u0105 r\u00f3wnowag\u0119 mi\u0119dzy ciep\u0142em a wentylacj\u0105.<\/p>\n<p class=\"\" data-start=\"2157\" data-end=\"2679\">Idealna na jesie\u0144, zim\u0119 i wczesn\u0105 wiosn\u0119, ta wszechstronna odzie\u017c wierzchnia ma strukturaln\u0105, ale wygodn\u0105 sylwetk\u0119. Posiada zamek b\u0142yskawiczny na ca\u0142ej d\u0142ugo\u015bci z przodu dla \u0142atwego noszenia, st\u00f3jk\u0119, kt\u00f3ra chroni szyj\u0119 przed zimnem, oraz trzy funkcjonalne kieszenie zapinane na zamek - dwie boczne kieszenie na r\u0119kawiczki i jedn\u0105 kiesze\u0144 na piersi do bezpiecznego przechowywania niezb\u0119dnych rzeczy, takich jak klucze, telefon lub portfel. Zamki b\u0142yskawiczne zosta\u0142y zaprojektowane z wysokiej jako\u015bci metalowych oku\u0107 i wyko\u0144czone eleganckimi zak\u0142adkami ze sztucznej sk\u00f3ry dla dodatkowej przyczepno\u015bci i stylu.<\/p>\n<p class=\"\" data-start=\"2681\" data-end=\"3170\">Wewn\u0119trzne szwy s\u0105 wzmocnione i podszyte dla dodatkowej trwa\u0142o\u015bci i zmniejszenia tarcia. Polar jest podw\u00f3jnie szyty w punktach napr\u0119\u017cenia, aby zapewni\u0107 d\u0142ugotrwa\u0142\u0105 wydajno\u015b\u0107 zar\u00f3wno w \u015brodowisku miejskim, jak i trudnym. Mankiety i d\u00f3\u0142 zosta\u0142y zaprojektowane tak, aby zachowa\u0107 ciep\u0142o, jednocze\u015bnie zapewniaj\u0105c elastyczno\u015b\u0107, a lekko zw\u0119\u017cany kr\u00f3j zapewnia dopasowanie zar\u00f3wno dla m\u0119\u017cczyzn, jak i kobiet. Neutralny szary odcie\u0144 zapewnia ponadczasowy wygl\u0105d i \u0142atwe \u0142\u0105czenie z d\u017cinsami, odzie\u017c\u0105 robocz\u0105, spodniami cargo lub termicznymi warstwami podstawowymi.<\/p>\n<p class=\"\" data-start=\"3172\" data-end=\"3573\">RYINZ stworzy\u0142 t\u0119 kurtk\u0119 nie tylko z my\u015bl\u0105 o codziennym komforcie, ale tak\u017ce o funkcjonalnym noszeniu. Niezale\u017cnie od tego, czy w\u0119drujesz po le\u015bnych szlakach, od\u015bnie\u017casz, doje\u017cd\u017casz do pracy w ch\u0142odne dni, czy po prostu relaksujesz si\u0119 na \u015bwie\u017cym powietrzu z przyjaci\u00f3\u0142mi, ta kurtka Ci\u0119 wspiera. Jest to r\u00f3wnie\u017c doskona\u0142a warstwa zewn\u0119trzna do biwakowania i podr\u00f3\u017cy ze wzgl\u0119du na \u015bci\u015bliw\u0105 konstrukcj\u0119 - wystarczaj\u0105co lekk\u0105, aby mo\u017cna j\u0105 by\u0142o spakowa\u0107 bez utraty loft lub wydajno\u015bci.<\/p>\n<p class=\"\" data-start=\"3575\" data-end=\"4026\">Ta polarowa kurtka Sherpa nadaje si\u0119 do prania w pralce i zachowuje sw\u00f3j kszta\u0142t po praniu, zachowuj\u0105c swoj\u0105 pluszow\u0105 tekstur\u0119 i w\u0142a\u015bciwo\u015bci izolacyjne przez d\u0142ugi czas. Dzi\u0119ki etycznemu pozyskiwaniu, dba\u0142o\u015bci o zr\u00f3wnowa\u017cony rozw\u00f3j materia\u0142\u00f3w i skupieniu si\u0119 na zadowoleniu u\u017cytkownika, RYINZ nadal wyr\u00f3\u017cnia si\u0119 jako zaufana marka w produkcji r\u0119kawic i odzie\u017cy wierzchniej. Jeste\u015bmy dumni z dostarczania profesjonalnych produkt\u00f3w do u\u017cytku osobistego, p\u00f3\u0142ek sklepowych i partnerstw z markami prywatnymi.<\/p>\n<p class=\"\" data-start=\"4028\" data-end=\"4313\">Dla firm ta kurtka jest dost\u0119pna w sprzeda\u017cy hurtowej i niestandardowym brandingu. Niezale\u017cnie od tego, czy budujesz w\u0142asn\u0105 lini\u0119 odzie\u017cy wierzchniej, wyposa\u017casz pracownik\u00f3w do zada\u0144 zimowych, czy pozyskujesz kurtki polarowe do sprzeda\u017cy detalicznej, RYINZ oferuje dostosowane rozwi\u0105zania z niskim MOQ i skalowaln\u0105 zdolno\u015bci\u0105 produkcyjn\u0105.<\/p>\n<\/div>\n<\/div>\n<\/div>\n<\/div>","protected":false},"excerpt":{"rendered":"<div class=\"flex-shrink-0 flex flex-col relative items-end\">\n<div class=\"pt-0\">\n<div class=\"gizmo-bot-avatar flex h-8 w-8 items-center justify-center overflow-hidden rounded-full\">\n<div class=\"relative p-1 rounded-sm flex items-center justify-center bg-token-main-surface-primary text-token-text-primary h-8 w-8\">\n<p>Ciesz si\u0119 trwa\u0142ym ciep\u0142em i stylem dzi\u0119ki tej wysokiej jako\u015bci kurtce polarowej Sherpa, stworzonej z my\u015bl\u0105 o zimnym klimacie i aktywnym stylu \u017cycia. Zaprojektowana z mi\u0119kkiego w dotyku polaru termicznego, posiada zamek b\u0142yskawiczny z przodu, bezpieczne zapinane na zamek kieszenie na piersi i kieszenie boczne oraz wzmocnione szwy dla zwi\u0119kszenia trwa\u0142o\u015bci. Idealna do pracy na \u015bwie\u017cym powietrzu, w\u0119dr\u00f3wek lub codziennego noszenia zim\u0105. Kurtka zapewnia doskona\u0142\u0105 izolacj\u0119, pozostaj\u0105c jednocze\u015bnie oddychaj\u0105c\u0105 i lekk\u0105. Dost\u0119pna dla niestandardowego brandingu i zam\u00f3wie\u0144 hurtowych.<\/p>\n<\/div>\n<\/div>\n<\/div>\n<\/div>","protected":false},"featured_media":9089,"comment_status":"closed","ping_status":"closed","template":"","meta":[],"product_brand":[35],"product_cat":[202],"product_tag":[213,214],"class_list":{"0":"post-9031","1":"product","2":"type-product","3":"status-publish","4":"has-post-thumbnail","6":"product_brand-ryinz","7":"product_cat-apparels","8":"product_tag-casual-jacket","9":"product_tag-mens-fleece-jacket","11":"first","12":"instock","13":"taxable","14":"shipping-taxable","15":"purchasable","16":"product-type-simple"},"_links":{"self":[{"href":"https:\/\/ryinz.cz\/velkoobchod\/pl\/wp-json\/wp\/v2\/product\/9031","targetHints":{"allow":["GET"]}}],"collection":[{"href":"https:\/\/ryinz.cz\/velkoobchod\/pl\/wp-json\/wp\/v2\/product"}],"about":[{"href":"https:\/\/ryinz.cz\/velkoobchod\/pl\/wp-json\/wp\/v2\/types\/product"}],"replies":[{"embeddable":true,"href":"https:\/\/ryinz.cz\/velkoobchod\/pl\/wp-json\/wp\/v2\/comments?post=9031"}],"wp:featuredmedia":[{"embeddable":true,"href":"https:\/\/ryinz.cz\/velkoobchod\/pl\/wp-json\/wp\/v2\/media\/9089"}],"wp:attachment":[{"href":"https:\/\/ryinz.cz\/velkoobchod\/pl\/wp-json\/wp\/v2\/media?parent=9031"}],"wp:term":[{"taxonomy":"product_brand","embeddable":true,"href":"https:\/\/ryinz.cz\/velkoobchod\/pl\/wp-json\/wp\/v2\/product_brand?post=9031"},{"taxonomy":"product_cat","embeddable":true,"href":"https:\/\/ryinz.cz\/velkoobchod\/pl\/wp-json\/wp\/v2\/product_cat?post=9031"},{"taxonomy":"product_tag","embeddable":true,"href":"https:\/\/ryinz.cz\/velkoobchod\/pl\/wp-json\/wp\/v2\/product_tag?post=9031"}],"curies":[{"name":"wp","href":"https:\/\/api.w.org\/{rel}","templated":true}]}}