{"id":9030,"date":"2025-06-22T15:26:32","date_gmt":"2025-06-22T15:26:32","guid":{"rendered":"https:\/\/ryinz.cz\/velkoobchod\/?post_type=product&#038;p=9030"},"modified":"2026-01-18T20:17:23","modified_gmt":"2026-01-18T20:17:23","slug":"ryinz-meska-klasyczna-czarna-kurtka-dzinsowa-wytrzymala-odziez-wierzchnia-slim-fit-do-swobodnego-miejskiego-stylu-streetwear","status":"publish","type":"product","link":"https:\/\/ryinz.cz\/velkoobchod\/pl\/product\/ryinz-mens-classic-black-denim-jacket-rugged-slim-fit-outerwear-for-casual-urban-streetwear-style\/","title":{"rendered":"RYINZ M\u0119ska klasyczna czarna kurtka d\u017cinsowa - wytrzyma\u0142a odzie\u017c wierzchnia o kroju slim fit dla stylu casualowego, miejskiego i streetwearowego"},"content":{"rendered":"<div class=\"flex-shrink-0 flex flex-col relative items-end\">\n<div class=\"pt-0\">\n<div class=\"gizmo-bot-avatar flex h-8 w-8 items-center justify-center overflow-hidden rounded-full\">\n<div class=\"relative p-1 rounded-sm flex items-center justify-center bg-token-main-surface-primary text-token-text-primary h-8 w-8\">\n<p class=\"\" data-start=\"1603\" data-end=\"2044\">The <strong data-start=\"1607\" data-end=\"1651\">RYINZ Klasyczna czarna kurtka d\u017cinsowa dla m\u0119\u017cczyzn<\/strong> to co\u015b wi\u0119cej ni\u017c tylko element odzie\u017cy - to kamie\u0144 w\u0119gielny ponadczasowej mody, zapewniaj\u0105cy niezr\u00f3wnan\u0105 wszechstronno\u015b\u0107 i pewno\u015b\u0107 siebie w jednym wytrzyma\u0142ym opakowaniu. Idealna na ka\u017cd\u0105 por\u0119 roku i do noszenia przez ca\u0142y dzie\u0144, ta d\u017cinsowa kurtka zapewnia idealn\u0105 r\u00f3wnowag\u0119 mi\u0119dzy funkcjonalnymi warstwami a ekskluzywn\u0105 odzie\u017c\u0105 uliczn\u0105. Ka\u017cdy szew, kiesze\u0144 i guzik zosta\u0142y zaprojektowane tak, aby zapewni\u0107 m\u0119sk\u0105 sylwetk\u0119 i bezkompromisowy komfort.<\/p>\n<p class=\"\" data-start=\"2046\" data-end=\"2445\"><strong data-start=\"2046\" data-end=\"2062\">Konstrukcja i dopasowanie<\/strong><br data-start=\"2062\" data-end=\"2065\" \/>W\u0105ski profil jest nowoczesny i pochlebny, lekko zw\u0119\u017caj\u0105cy si\u0119 w talii, zapewniaj\u0105c ostry zarys, kt\u00f3ry nie ogranicza ruch\u00f3w. Rozkloszowany ko\u0142nierz i ustrukturyzowana konstrukcja ramion podkre\u015blaj\u0105 m\u0119sk\u0105 sylwetk\u0119, czyni\u0105c j\u0105 idealn\u0105 dla m\u0119\u017cczyzn, kt\u00f3rzy chc\u0105 stylu bez po\u015bwi\u0119cania komfortu. Podw\u00f3jne szwy wzd\u0142u\u017c r\u0119kaw\u00f3w i bok\u00f3w zwi\u0119kszaj\u0105 trwa\u0142o\u015b\u0107, jednocze\u015bnie podkre\u015blaj\u0105c miejsk\u0105 estetyk\u0119 kurtki.<\/p>\n<p class=\"\" data-start=\"2447\" data-end=\"2701\">G\u0142\u0119boka czer\u0144 z delikatnym blakni\u0119ciem i postarzanym wygl\u0105dem sprawia, \u017ce kurtka ta jest \u0142atwa do sparowania z niemal wszystkim - d\u017cinsami, chinosami, spodniami cargo, joggerami. Minimalistyczne, ale odwa\u017cne logo RYINZ znajduje si\u0119 subtelnie wewn\u0105trz ko\u0142nierza, pozostawiaj\u0105c czysty i elegancki wygl\u0105d zewn\u0119trzny.<\/p>\n<p class=\"\" data-start=\"2703\" data-end=\"2756\"><strong data-start=\"2703\" data-end=\"2725\">Kieszenie i zamkni\u0119cia<\/strong><br data-start=\"2725\" data-end=\"2728\" \/>Kurtka jest wyposa\u017cona w:<\/p>\n<ul data-start=\"2757\" data-end=\"2951\">\n<li class=\"\" data-start=\"2757\" data-end=\"2814\">\n<p class=\"\" data-start=\"2759\" data-end=\"2814\">2 bezpieczne kieszenie z klapk\u0105 i metalowymi guzikami na piersi<\/p>\n<\/li>\n<li class=\"\" data-start=\"2815\" data-end=\"2847\">\n<p class=\"\" data-start=\"2817\" data-end=\"2847\">2 przestronne kieszenie boczne<\/p>\n<\/li>\n<li class=\"\" data-start=\"2848\" data-end=\"2893\">\n<p class=\"\" data-start=\"2850\" data-end=\"2893\">Wewn\u0119trzna kiesze\u0144 na portfel lub telefon<\/p>\n<\/li>\n<li class=\"\" data-start=\"2894\" data-end=\"2951\">\n<p class=\"\" data-start=\"2896\" data-end=\"2951\">Wzmocniona plisa guzikowa z markowymi okuciami RYINZ<\/p>\n<\/li>\n<\/ul>\n<p class=\"\" data-start=\"2953\" data-end=\"3109\">Niezale\u017cnie od tego, czy wybierasz si\u0119 na swobodny spacer, czy potrzebujesz dodatkowej warstwy na koszul\u0119 robocz\u0105, kieszenie zapewniaj\u0105 zar\u00f3wno u\u017cyteczno\u015b\u0107, jak i symetri\u0119 ca\u0142ego wygl\u0105du.<\/p>\n<p class=\"\" data-start=\"3111\" data-end=\"3457\"><strong data-start=\"3111\" data-end=\"3136\">Materia\u0142 i trwa\u0142o\u015b\u0107<\/strong><br data-start=\"3136\" data-end=\"3139\" \/>Wykonana z wysokiej jako\u015bci mieszanki bawe\u0142ny i denimu, kurtka ta jest zar\u00f3wno oddychaj\u0105ca, jak i wytrzyma\u0142a. Ma wystarczaj\u0105c\u0105 struktur\u0119, aby zachowa\u0107 sw\u00f3j kszta\u0142t przez lata noszenia, ale wystarczaj\u0105co du\u017co elastyczno\u015bci, aby dostosowa\u0107 si\u0119 do ruch\u00f3w cia\u0142a. Wn\u0119trze jest lekko podszyte, dzi\u0119ki czemu nadaje si\u0119 do u\u017cytku przez wiele sezon\u00f3w - od wczesnej jesieni do p\u00f3\u017anej wiosny.<\/p>\n<p class=\"\" data-start=\"3459\" data-end=\"3682\">Tkanina jest odporna na blakni\u0119cie i strz\u0119pienie, a wszystkie obszary nara\u017cone na du\u017ce obci\u0105\u017cenia (takie jak \u0142okcie i pachy) s\u0105 podw\u00f3jnie szyte dla zwi\u0119kszenia trwa\u0142o\u015bci. Jest to kurtka stworzona do starzenia si\u0119 z wdzi\u0119kiem, staj\u0105c si\u0119 bardziej mi\u0119kka i lepsza z ka\u017cdym praniem i noszeniem.<\/p>\n<p class=\"\" data-start=\"3684\" data-end=\"3749\"><strong data-start=\"3684\" data-end=\"3703\">Opcje stylizacji<\/strong><br data-start=\"3703\" data-end=\"3706\" \/>Kurtka d\u017cinsowa RYINZ mo\u017ce by\u0107 nak\u0142adana warstwowo:<\/p>\n<ul data-start=\"3750\" data-end=\"3913\">\n<li class=\"\" data-start=\"3750\" data-end=\"3779\">\n<p class=\"\" data-start=\"3752\" data-end=\"3779\">T-shirty na co dzie\u0144<\/p>\n<\/li>\n<li class=\"\" data-start=\"3780\" data-end=\"3817\">\n<p class=\"\" data-start=\"3782\" data-end=\"3817\">Bluzy z kapturem zapewniaj\u0105ce nowoczesny, warstwowy wygl\u0105d<\/p>\n<\/li>\n<li class=\"\" data-start=\"3818\" data-end=\"3857\">\n<p class=\"\" data-start=\"3820\" data-end=\"3857\">Golfy w stylu smart casual<\/p>\n<\/li>\n<li class=\"\" data-start=\"3858\" data-end=\"3913\">\n<p class=\"\" data-start=\"3860\" data-end=\"3913\">Koszule zapinane na guziki zapewniaj\u0105 solidny, biurowy wygl\u0105d.<\/p>\n<\/li>\n<\/ul>\n<p class=\"\" data-start=\"3915\" data-end=\"4068\">W zale\u017cno\u015bci od okazji mo\u017cna j\u0105 \u0142\u0105czy\u0107 z trampkami, botkami lub sk\u00f3rzanymi butami. Jego wszechstronno\u015b\u0107 sprawia, \u017ce jest to podstawa w podr\u00f3\u017cy, pracy, weekendy lub imprezy towarzyskie.<\/p>\n<p class=\"\" data-start=\"4070\" data-end=\"4088\"><strong data-start=\"4070\" data-end=\"4086\">Idealne dla:<\/strong><\/p>\n<ul data-start=\"4089\" data-end=\"4279\">\n<li class=\"\" data-start=\"4089\" data-end=\"4110\">\n<p class=\"\" data-start=\"4091\" data-end=\"4110\">Codzienne noszenie na co dzie\u0144<\/p>\n<\/li>\n<li class=\"\" data-start=\"4111\" data-end=\"4139\">\n<p class=\"\" data-start=\"4113\" data-end=\"4139\">Moda miejska<\/p>\n<\/li>\n<li class=\"\" data-start=\"4140\" data-end=\"4177\">\n<p class=\"\" data-start=\"4142\" data-end=\"4177\">Stroje motocyklowe lub w stylu motocyklowym<\/p>\n<\/li>\n<li class=\"\" data-start=\"4178\" data-end=\"4209\">\n<p class=\"\" data-start=\"4180\" data-end=\"4209\">Jesienna i wiosenna odzie\u017c wierzchnia<\/p>\n<\/li>\n<li class=\"\" data-start=\"4210\" data-end=\"4234\">\n<p class=\"\" data-start=\"4212\" data-end=\"4234\">Ch\u0142odne letnie noce<\/p>\n<\/li>\n<li class=\"\" data-start=\"4235\" data-end=\"4279\">\n<p class=\"\" data-start=\"4237\" data-end=\"4279\">Lekkie warstwy pod p\u0142aszczami zim\u0105<\/p>\n<\/li>\n<\/ul>\n<p class=\"\" data-start=\"4281\" data-end=\"4495\"><strong data-start=\"4281\" data-end=\"4303\">Instrukcje dotycz\u0105ce piel\u0119gnacji:<\/strong><br data-start=\"4303\" data-end=\"4306\" \/>Mo\u017cna pra\u0107 w pralce w zimnej wodzie. Suszy\u0107 w stanie rozwieszonym lub w suszarce b\u0119bnowej. Unikaj wybielaczy i zmi\u0119kczaczy do tkanin. D\u017cins zmi\u0119knie z czasem i po praniu, ale zachowa sw\u00f3j kszta\u0142t dzi\u0119ki wysokiej jako\u015bci tkaniny.<\/p>\n<\/div>\n<\/div>\n<\/div>\n<\/div>","protected":false},"excerpt":{"rendered":"<div class=\"flex-shrink-0 flex flex-col relative items-end\">\n<div class=\"pt-0\">\n<div class=\"gizmo-bot-avatar flex h-8 w-8 items-center justify-center overflow-hidden rounded-full\">\n<div class=\"relative p-1 rounded-sm flex items-center justify-center bg-token-main-surface-primary text-token-text-primary h-8 w-8\">\n<p class=\"\" data-start=\"370\" data-end=\"820\">Podkr\u0119\u0107 sw\u00f3j uliczny styl dzi\u0119ki klasycznej czarnej kurtce d\u017cinsowej RYINZ - ponadczasowemu elementowi, kt\u00f3ry \u0142\u0105czy w sobie surowy urok i nowoczesny styl. Stworzona dla m\u0119\u017cczyzn, kt\u00f3rzy ceni\u0105 sobie trwa\u0142\u0105 mod\u0119 i codzienny komfort, ta w\u0105ska d\u017cinsowa kurtka \u0142\u0105czy w sobie ostre krawiectwo z miejskim stylem. G\u0142\u0119boka czer\u0144 z subtelnym blakni\u0119ciem nadaje jej wygl\u0105d, kt\u00f3ry nigdy nie wyjdzie z mody, a strukturalne szwy i zapi\u0119cie na guziki sprawiaj\u0105, \u017ce jest czysta i klasyczna.<\/p>\n<p class=\"\" data-start=\"822\" data-end=\"1162\">Ta kurtka ma dwie kieszenie na piersi z klapkami na guziki, dwie kieszenie boczne na d\u0142onie lub ma\u0142e akcesoria oraz mankiety zapinane na guziki, kt\u00f3re mo\u017cna zapi\u0105\u0107 lub rozpi\u0105\u0107 w zale\u017cno\u015bci od stylizacji. Jest to wszechstronna warstwa zewn\u0119trzna, kt\u00f3ra sprawdza si\u0119 przez ca\u0142y rok - mo\u017cna j\u0105 nosi\u0107 na bluz\u0119 z kapturem zim\u0105, koszulk\u0119 wiosn\u0105 lub jesieni\u0105, a nawet na tank w letnie wieczory.<\/p>\n<p class=\"\" data-start=\"1164\" data-end=\"1392\">Wykonane z wysokiej jako\u015bci, wytrzyma\u0142ego denimu z lekkim streczem, z czasem dopasowuj\u0105 si\u0119 do cia\u0142a, zachowuj\u0105c sw\u00f3j kszta\u0142t. Idealny dla m\u0119\u017cczyzn, kt\u00f3rzy szukaj\u0105 idealnego stroju na swobodne wyj\u015bcia, spotkania, wycieczki, a nawet pi\u0105tki w biurze.<\/p>\n<p class=\"\" data-start=\"1394\" data-end=\"1546\">Ubierz j\u0105 do but\u00f3w i ciemnych d\u017cins\u00f3w lub do jogger\u00f3w i trampek - tak czy inaczej, kurtka d\u017cinsowa RYINZ dope\u0142ni Tw\u00f3j str\u00f3j bez wysi\u0142ku.<\/p>\n<\/div>\n<\/div>\n<\/div>\n<\/div>","protected":false},"featured_media":9078,"comment_status":"closed","ping_status":"closed","template":"","meta":[],"product_brand":[35],"product_cat":[202],"product_tag":[212,213],"class_list":{"0":"post-9030","1":"product","2":"type-product","3":"status-publish","4":"has-post-thumbnail","6":"product_brand-ryinz","7":"product_cat-apparels","8":"product_tag-all-season-jacket","9":"product_tag-casual-jacket","11":"first","12":"instock","13":"taxable","14":"shipping-taxable","15":"purchasable","16":"product-type-simple"},"_links":{"self":[{"href":"https:\/\/ryinz.cz\/velkoobchod\/pl\/wp-json\/wp\/v2\/product\/9030","targetHints":{"allow":["GET"]}}],"collection":[{"href":"https:\/\/ryinz.cz\/velkoobchod\/pl\/wp-json\/wp\/v2\/product"}],"about":[{"href":"https:\/\/ryinz.cz\/velkoobchod\/pl\/wp-json\/wp\/v2\/types\/product"}],"replies":[{"embeddable":true,"href":"https:\/\/ryinz.cz\/velkoobchod\/pl\/wp-json\/wp\/v2\/comments?post=9030"}],"wp:featuredmedia":[{"embeddable":true,"href":"https:\/\/ryinz.cz\/velkoobchod\/pl\/wp-json\/wp\/v2\/media\/9078"}],"wp:attachment":[{"href":"https:\/\/ryinz.cz\/velkoobchod\/pl\/wp-json\/wp\/v2\/media?parent=9030"}],"wp:term":[{"taxonomy":"product_brand","embeddable":true,"href":"https:\/\/ryinz.cz\/velkoobchod\/pl\/wp-json\/wp\/v2\/product_brand?post=9030"},{"taxonomy":"product_cat","embeddable":true,"href":"https:\/\/ryinz.cz\/velkoobchod\/pl\/wp-json\/wp\/v2\/product_cat?post=9030"},{"taxonomy":"product_tag","embeddable":true,"href":"https:\/\/ryinz.cz\/velkoobchod\/pl\/wp-json\/wp\/v2\/product_tag?post=9030"}],"curies":[{"name":"wp","href":"https:\/\/api.w.org\/{rel}","templated":true}]}}