{"id":9029,"date":"2025-06-22T15:26:32","date_gmt":"2025-06-22T15:26:32","guid":{"rendered":"https:\/\/ryinz.cz\/velkoobchod\/?post_type=product&#038;p=9029"},"modified":"2026-01-18T20:17:22","modified_gmt":"2026-01-18T20:17:22","slug":"ryinz-varsity-streetwear-bluza-z-kapturem-klasyczna-bomberka-z-kapturem-ze-sztucznej-skory-dla-mezczyzn","status":"publish","type":"product","link":"https:\/\/ryinz.cz\/velkoobchod\/pl\/product\/ryinz-varsity-style-streetwear-hoodie-jacket-classic-bomber-look-with-faux-leather-sleeves-hood-for-men\/","title":{"rendered":"M\u0119ska kurtka z kapturem RYINZ Varsity-Style Streetwear - klasyczny wygl\u0105d bomberki z r\u0119kawami i kapturem ze sztucznej sk\u00f3ry"},"content":{"rendered":"<p class=\"\" data-start=\"355\" data-end=\"715\">Wejd\u017a w ponadczasowy styl z <strong data-start=\"389\" data-end=\"437\">Bluza z kapturem RYINZ Varsity-Style Streetwear<\/strong>, to idealne po\u0142\u0105czenie sportowej mody i miejskiego komfortu. Zainspirowany klasyczn\u0105 ameryka\u0144sk\u0105 kurtk\u0105 varsity, ten element zosta\u0142 wzbogacony o nowoczesne materia\u0142y i praktyczne funkcje streetwearowe, dzi\u0119ki czemu jest wyr\u00f3\u017cniaj\u0105cym si\u0119 elementem odzie\u017cy codziennej, uniform\u00f3w roboczych, niestandardowego brandingu lub stroj\u00f3w dru\u017cynowych.<\/p>\n<p class=\"\" data-start=\"717\" data-end=\"1178\">Ta kurtka jest zdefiniowana przez jej <strong data-start=\"747\" data-end=\"798\">kontrastuj\u0105ce czarne r\u0119kawy i kaptur ze sztucznej sk\u00f3ry<\/strong>, W po\u0142\u0105czeniu z odwa\u017cnym korpusem z tkaniny w kolorze turkusowym, czyni go zar\u00f3wno modnym, jak i wszechstronnym. Model <strong data-start=\"883\" data-end=\"904\">prz\u00f3d zapinany na zatrzaski<\/strong>, Pr\u0105\u017ckowane mankiety i d\u00f3\u0142 oraz podw\u00f3jne kieszenie boczne utrzymuj\u0105 tradycyjn\u0105 sylwetk\u0119, jednocze\u015bnie zwi\u0119kszaj\u0105c ciep\u0142o i wygod\u0119. Do\u0142\u0105czony kaptur ze sznurkami zapewnia dodatkow\u0105 ochron\u0119 przed wiatrem i lekkim deszczem, dzi\u0119ki czemu idealnie nadaje si\u0119 na ch\u0142odne dni i przej\u015bciow\u0105 pogod\u0119.<\/p>\n<p class=\"\" data-start=\"1180\" data-end=\"1499\">The <strong data-start=\"1184\" data-end=\"1244\">Korpus wykonany z wytrzyma\u0142ego polaru z domieszk\u0105 poliestru<\/strong>, oferuj\u0105c ciep\u0142o bez zb\u0119dnych kilogram\u00f3w. R\u0119kawy na\u015bladuj\u0105 odwa\u017cn\u0105 estetyk\u0119 sk\u00f3ry, ale s\u0105 wykonane z materia\u0142\u00f3w syntetycznych, aby zapewni\u0107 elastyczne dopasowanie bez okrucie\u0144stwa. Wn\u0119trze jest mi\u0119kkie i oddychaj\u0105ce, co pozwala na ca\u0142odzienne noszenie, niezale\u017cnie od tego, czy jeste\u015b w mie\u015bcie, czy pozostajesz aktywny.<\/p>\n<p class=\"\" data-start=\"1501\" data-end=\"1808\">Bluza z kapturem RYINZ varsity nie jest tylko na pokaz. <strong data-start=\"1552\" data-end=\"1623\">w pe\u0142ni funkcjonalny dla klub\u00f3w, szk\u00f3\u0142, firm i osobistego stylu<\/strong>. Dzi\u0119ki du\u017cej przestrzeni na personalizacj\u0119 mo\u017cna \u0142atwo doda\u0107 nazw\u0119 marki, logo lub naszywki z przodu, z ty\u0142u lub na r\u0119kawach. Jest to idealny wyb\u00f3r dla zam\u00f3wie\u0144 hurtowych, towar\u00f3w lub mundur\u00f3w.<\/p>\n<p class=\"\" data-start=\"1810\" data-end=\"1998\">Niezale\u017cnie od tego, czy chodzisz po ulicach, wybierasz si\u0119 na uczelni\u0119, pracujesz na zewn\u0105trz, czy reprezentujesz swoj\u0105 mark\u0119, ta bluza z kapturem zapewnia \u015bwie\u017cy, sportowy klimat, zapewniaj\u0105c ciep\u0142o i pewno\u015b\u0107 siebie.<\/p>\n<hr class=\"\" data-start=\"2000\" data-end=\"2003\" \/>\n<h3 class=\"\" data-start=\"2005\" data-end=\"2032\"><strong data-start=\"2009\" data-end=\"2032\">Najwa\u017cniejsze cechy produktu:<\/strong><\/h3>\n<ul data-start=\"2034\" data-end=\"2497\">\n<li class=\"\" data-start=\"2034\" data-end=\"2095\">\n<p class=\"\" data-start=\"2036\" data-end=\"2095\">Stylowa kurtka inspirowana stylem varsity z nowoczesnym kapturem<\/p>\n<\/li>\n<li class=\"\" data-start=\"2096\" data-end=\"2140\">\n<p class=\"\" data-start=\"2098\" data-end=\"2140\">R\u0119kawy ze sztucznej sk\u00f3ry i kaptur ze sznurkiem<\/p>\n<\/li>\n<li class=\"\" data-start=\"2141\" data-end=\"2198\">\n<p class=\"\" data-start=\"2143\" data-end=\"2198\">Grube pr\u0105\u017ckowane mankiety i d\u00f3\u0142 z odwa\u017cnymi kontrastowymi paskami<\/p>\n<\/li>\n<li class=\"\" data-start=\"2199\" data-end=\"2243\">\n<p class=\"\" data-start=\"2201\" data-end=\"2243\">Trwa\u0142e zapi\u0119cie na zatrzaski z przodu<\/p>\n<\/li>\n<li class=\"\" data-start=\"2244\" data-end=\"2297\">\n<p class=\"\" data-start=\"2246\" data-end=\"2297\">Wn\u0119trze wy\u015bcie\u0142ane mi\u0119kkim polarem zapewnia ciep\u0142o i wygod\u0119<\/p>\n<\/li>\n<li class=\"\" data-start=\"2298\" data-end=\"2346\">\n<p class=\"\" data-start=\"2300\" data-end=\"2346\">Podw\u00f3jne kieszenie na d\u0142onie dla wygody i ciep\u0142a<\/p>\n<\/li>\n<li class=\"\" data-start=\"2347\" data-end=\"2387\">\n<p class=\"\" data-start=\"2349\" data-end=\"2387\">Niestandardowy branding i gotowo\u015b\u0107 do haftu<\/p>\n<\/li>\n<li class=\"\" data-start=\"2388\" data-end=\"2436\">\n<p class=\"\" data-start=\"2390\" data-end=\"2436\">Kr\u00f3j unisex, odpowiedni dla m\u0119\u017cczyzn i starszej m\u0142odzie\u017cy<\/p>\n<\/li>\n<li class=\"\" data-start=\"2437\" data-end=\"2497\">\n<p class=\"\" data-start=\"2439\" data-end=\"2497\">Idealny dla szk\u00f3\u0142, dru\u017cyn sportowych, startup\u00f3w, linii handlowych<\/p>\n<\/li>\n<\/ul>\n<hr class=\"\" data-start=\"2499\" data-end=\"2502\" \/>\n<h3 class=\"\" data-start=\"2504\" data-end=\"2525\"><strong data-start=\"2508\" data-end=\"2525\">Zastosowania:<\/strong><\/h3>\n<ul data-start=\"2527\" data-end=\"2797\">\n<li class=\"\" data-start=\"2527\" data-end=\"2548\">\n<p class=\"\" data-start=\"2529\" data-end=\"2548\">Odzie\u017c codzienna<\/p>\n<\/li>\n<li class=\"\" data-start=\"2549\" data-end=\"2580\">\n<p class=\"\" data-start=\"2551\" data-end=\"2580\">Kurtka mundurowa dru\u017cyny lub klubu<\/p>\n<\/li>\n<li class=\"\" data-start=\"2581\" data-end=\"2613\">\n<p class=\"\" data-start=\"2583\" data-end=\"2613\">Odzie\u017c promocyjna lub reklamowa<\/p>\n<\/li>\n<li class=\"\" data-start=\"2614\" data-end=\"2651\">\n<p class=\"\" data-start=\"2616\" data-end=\"2651\">Moda kampusowa i stroje szkolne<\/p>\n<\/li>\n<li class=\"\" data-start=\"2652\" data-end=\"2692\">\n<p class=\"\" data-start=\"2654\" data-end=\"2692\">Lekka odzie\u017c robocza na jesie\u0144\/wiosn\u0119<\/p>\n<\/li>\n<li class=\"\" data-start=\"2693\" data-end=\"2723\">\n<p class=\"\" data-start=\"2695\" data-end=\"2723\">Projekty dostosowywania B2B<\/p>\n<\/li>\n<li class=\"\" data-start=\"2724\" data-end=\"2769\">\n<p class=\"\" data-start=\"2726\" data-end=\"2769\">Prezenty firmowe lub kampanie brandingowe<\/p>\n<\/li>\n<li class=\"\" data-start=\"2770\" data-end=\"2797\">\n<p class=\"\" data-start=\"2772\" data-end=\"2797\">Detali\u015bci mody miejskiej<\/p>\n<\/li>\n<\/ul>\n<hr class=\"\" data-start=\"2799\" data-end=\"2802\" \/>\n<h3 class=\"\" data-start=\"2804\" data-end=\"2827\"><strong data-start=\"2808\" data-end=\"2827\">Specyfikacje:<\/strong><\/h3>\n<ul data-start=\"2829\" data-end=\"3246\">\n<li class=\"\" data-start=\"2829\" data-end=\"2897\">\n<p class=\"\" data-start=\"2831\" data-end=\"2897\">Materia\u0142 zewn\u0119trzny: Polar poliestrowy (korpus) + sztuczna sk\u00f3ra (r\u0119kawy)<\/p>\n<\/li>\n<li class=\"\" data-start=\"2898\" data-end=\"2929\">\n<p class=\"\" data-start=\"2900\" data-end=\"2929\">Podszewka: Mi\u0119kka szczotkowana tkanina<\/p>\n<\/li>\n<li class=\"\" data-start=\"2930\" data-end=\"2955\">\n<p class=\"\" data-start=\"2932\" data-end=\"2955\">Zapi\u0119cie: guziki zatrzaskowe<\/p>\n<\/li>\n<li class=\"\" data-start=\"2956\" data-end=\"2999\">\n<p class=\"\" data-start=\"2958\" data-end=\"2999\">Kolor: turkusowy korpus \/ czarne r\u0119kawy i kaptur<\/p>\n<\/li>\n<li class=\"\" data-start=\"3000\" data-end=\"3053\">\n<p class=\"\" data-start=\"3002\" data-end=\"3053\">Rozmiary: S, M, L, XL, XXL (dost\u0119pne rozmiary niestandardowe)<\/p>\n<\/li>\n<li class=\"\" data-start=\"3054\" data-end=\"3125\">\n<p class=\"\" data-start=\"3056\" data-end=\"3125\">Cechy: Kaptur ze sznurkiem, elastyczne mankiety w paski, 2 kieszenie boczne<\/p>\n<\/li>\n<li class=\"\" data-start=\"3126\" data-end=\"3188\">\n<p class=\"\" data-start=\"3128\" data-end=\"3188\">Personalizacja: Nadruk logo, haft, prywatne etykietowanie<\/p>\n<\/li>\n<li class=\"\" data-start=\"3189\" data-end=\"3205\">\n<p class=\"\" data-start=\"3191\" data-end=\"3205\">MOQ: 100 szt.<\/p>\n<\/li>\n<li class=\"\" data-start=\"3206\" data-end=\"3246\">\n<p class=\"\" data-start=\"3208\" data-end=\"3246\">P\u0142e\u0107: Unisex (g\u0142\u00f3wny cel: m\u0119\u017cczy\u017ani)<\/p>\n<\/li>\n<\/ul>","protected":false},"excerpt":{"rendered":"<div class=\"flex-shrink-0 flex flex-col relative items-end\">\n<div class=\"pt-0\">\n<div class=\"gizmo-bot-avatar flex h-8 w-8 items-center justify-center overflow-hidden rounded-full\">\n<div class=\"relative p-1 rounded-sm flex items-center justify-center bg-token-main-surface-primary text-token-text-primary h-8 w-8\">\n<p class=\"\" data-start=\"3305\" data-end=\"3924\">Bluza RYINZ Varsity Hoodie \u0142\u0105czy ponadczasow\u0105 mod\u0119 college'ow\u0105 z nowoczesn\u0105 praktyczno\u015bci\u0105. Zaprojektowana z zapi\u0119ciem na zatrzaski z przodu, pr\u0105\u017ckowanymi mankietami i czarnymi r\u0119kawami ze sztucznej sk\u00f3ry, oferuje odwa\u017cn\u0105, sportow\u0105 estetyk\u0119. Kaptur ze sznurkiem i polarowe wn\u0119trze zapewniaj\u0105 wygod\u0119 i ciep\u0142o, dzi\u0119ki czemu idealnie nadaje si\u0119 do odzie\u017cy ulicznej, projekt\u00f3w brandingowych lub stroj\u00f3w dru\u017cynowych. Ta kurtka jest w pe\u0142ni konfigurowalna z miejscem na logo i haft, dzi\u0119ki czemu jest idealna dla klub\u00f3w, ekip roboczych, promocji i sprzedawc\u00f3w detalicznych. Stylowa, wygodna i wysoce elastyczna, jest to niezb\u0119dna kurtka \u015bredniej wagi, kt\u00f3ra bez wysi\u0142ku r\u00f3wnowa\u017cy mod\u0119 i funkcjonalno\u015b\u0107.<\/p>\n<\/div>\n<\/div>\n<\/div>\n<\/div>","protected":false},"featured_media":9081,"comment_status":"closed","ping_status":"closed","template":"","meta":[],"product_brand":[35],"product_cat":[202],"product_tag":[209,210,211],"class_list":{"0":"post-9029","1":"product","2":"type-product","3":"status-publish","4":"has-post-thumbnail","6":"product_brand-ryinz","7":"product_cat-apparels","8":"product_tag-mens-hoodie-jacket","9":"product_tag-sportswear","10":"product_tag-varsity-jacket","12":"first","13":"instock","14":"taxable","15":"shipping-taxable","16":"purchasable","17":"product-type-simple"},"_links":{"self":[{"href":"https:\/\/ryinz.cz\/velkoobchod\/pl\/wp-json\/wp\/v2\/product\/9029","targetHints":{"allow":["GET"]}}],"collection":[{"href":"https:\/\/ryinz.cz\/velkoobchod\/pl\/wp-json\/wp\/v2\/product"}],"about":[{"href":"https:\/\/ryinz.cz\/velkoobchod\/pl\/wp-json\/wp\/v2\/types\/product"}],"replies":[{"embeddable":true,"href":"https:\/\/ryinz.cz\/velkoobchod\/pl\/wp-json\/wp\/v2\/comments?post=9029"}],"wp:featuredmedia":[{"embeddable":true,"href":"https:\/\/ryinz.cz\/velkoobchod\/pl\/wp-json\/wp\/v2\/media\/9081"}],"wp:attachment":[{"href":"https:\/\/ryinz.cz\/velkoobchod\/pl\/wp-json\/wp\/v2\/media?parent=9029"}],"wp:term":[{"taxonomy":"product_brand","embeddable":true,"href":"https:\/\/ryinz.cz\/velkoobchod\/pl\/wp-json\/wp\/v2\/product_brand?post=9029"},{"taxonomy":"product_cat","embeddable":true,"href":"https:\/\/ryinz.cz\/velkoobchod\/pl\/wp-json\/wp\/v2\/product_cat?post=9029"},{"taxonomy":"product_tag","embeddable":true,"href":"https:\/\/ryinz.cz\/velkoobchod\/pl\/wp-json\/wp\/v2\/product_tag?post=9029"}],"curies":[{"name":"wp","href":"https:\/\/api.w.org\/{rel}","templated":true}]}}