{"id":9028,"date":"2025-06-22T15:26:32","date_gmt":"2025-06-22T15:26:32","guid":{"rendered":"https:\/\/ryinz.cz\/velkoobchod\/?post_type=product&#038;p=9028"},"modified":"2026-01-18T20:17:22","modified_gmt":"2026-01-18T20:17:22","slug":"ryinz-kurtka-taktyczna-meska-czarna-kurtka-polowa-z-wieloma-kieszeniami-wiatrowka-z-kapturem-do-pracy-na-zewnatrz-streetwear","status":"publish","type":"product","link":"https:\/\/ryinz.cz\/velkoobchod\/pl\/product\/ryinz-mens-all-black-tactical-field-jacket-multi-pocket-windbreaker-with-hood-for-outdoor-work-streetwear\/","title":{"rendered":"M\u0119ska kurtka taktyczna RYINZ Tactical Field Jacket - wiatr\u00f3wka z wieloma kieszeniami i kapturem do outdooru, pracy i streetwearu"},"content":{"rendered":"<div class=\"flex-shrink-0 flex flex-col relative items-end\">\n<div class=\"pt-0\">\n<div class=\"gizmo-bot-avatar flex h-8 w-8 items-center justify-center overflow-hidden rounded-full\">\n<div class=\"relative p-1 rounded-sm flex items-center justify-center bg-token-main-surface-primary text-token-text-primary h-8 w-8\">\n<p class=\"\" data-start=\"1647\" data-end=\"2003\"><strong data-start=\"1647\" data-end=\"1694\">M\u0119ska kurtka taktyczna RYINZ w kolorze czarnym<\/strong> zosta\u0142a stworzona dla os\u00f3b, kt\u00f3re wymagaj\u0105 wi\u0119cej od swojej odzie\u017cy wierzchniej - wi\u0119cej kieszeni, wi\u0119cej ochrony i wi\u0119cej prezencji. Zaprojektowana z my\u015bl\u0105 o ca\u0142orocznej wszechstronno\u015bci i wydajno\u015bci taktycznej, kurtka ta \u0142\u0105czy w sobie najlepsze elementy p\u0142aszcza w stylu wojskowym, wiatr\u00f3wki i zimowej kurtki roboczej w jednym miejskim projekcie.<\/p>\n<p class=\"\" data-start=\"2005\" data-end=\"2420\"><strong data-start=\"2005\" data-end=\"2040\">Miejska kraw\u0119d\u017a spotyka si\u0119 z wytrzyma\u0142\u0105 u\u017cyteczno\u015bci\u0105<\/strong><br data-start=\"2040\" data-end=\"2043\" \/>Ta kurtka polowa robi natychmiastowe wra\u017cenie dzi\u0119ki ca\u0142kowicie czarnej estetyce. W przeciwie\u0144stwie do typowej odzie\u017cy outdoorowej, kt\u00f3ra preferuje neonowe lub ziemiste odcienie, ten element wybiera <strong data-start=\"2201\" data-end=\"2222\">nowoczesny minimalizm<\/strong>-Eleganckie, odwa\u017cne i wyrafinowane. G\u0142\u0119boka czer\u0144 zapewnia \u0142atwe \u0142\u0105czenie ze wszystkimi codziennymi stylizacjami, niezale\u017cnie od tego, czy wybierasz si\u0119 na zakupy, na wycieczk\u0119, czy do pracy.<\/p>\n<p class=\"\" data-start=\"2422\" data-end=\"2529\"><strong data-start=\"2422\" data-end=\"2466\">Wbudowana funkcjonalno\u015b\u0107, kiesze\u0144 po kieszeni<\/strong><br data-start=\"2466\" data-end=\"2469\" \/>Nie kr\u0119puj r\u0105k i b\u0105d\u017a gotowy na wszystko. Kurtka zawiera:<\/p>\n<ul data-start=\"2531\" data-end=\"2949\">\n<li class=\"\" data-start=\"2531\" data-end=\"2625\">\n<p class=\"\" data-start=\"2533\" data-end=\"2625\"><strong data-start=\"2533\" data-end=\"2563\">2 du\u017ce kieszenie na piersi z klapk\u0105<\/strong> z zapi\u0119ciem na guzik - idealne na identyfikator, notatnik lub ma\u0142e narz\u0119dzia<\/p>\n<\/li>\n<li class=\"\" data-start=\"2626\" data-end=\"2707\">\n<p class=\"\" data-start=\"2628\" data-end=\"2707\"><strong data-start=\"2628\" data-end=\"2659\">2 pionowe kieszenie zapinane na zamek<\/strong> bezpieczny dost\u0119p do got\u00f3wki, telefonu lub \u0142adowarek<\/p>\n<\/li>\n<li class=\"\" data-start=\"2708\" data-end=\"2771\">\n<p class=\"\" data-start=\"2710\" data-end=\"2771\"><strong data-start=\"2710\" data-end=\"2738\">2 przestronne kieszenie w talii<\/strong> na r\u0119kawiczki, mapy lub notatniki<\/p>\n<\/li>\n<li class=\"\" data-start=\"2772\" data-end=\"2949\">\n<p class=\"\" data-start=\"2774\" data-end=\"2949\"><strong data-start=\"2774\" data-end=\"2793\">Kiesze\u0144 wewn\u0119trzna<\/strong> na kosztowno\u015bci lub portfel<br data-start=\"2817\" data-end=\"2820\" \/>Z sze\u015bcioma przegrodami zewn\u0119trznymi i jedn\u0105 ukryt\u0105 wewn\u0105trz, kurtka ta mo\u017ce s\u0142u\u017cy\u0107 jako system no\u015bny dla profesjonalist\u00f3w lub codziennych odkrywc\u00f3w.<\/p>\n<\/li>\n<\/ul>\n<p class=\"\" data-start=\"2951\" data-end=\"2985\"><strong data-start=\"2951\" data-end=\"2983\">Mo\u017cliwo\u015b\u0107 dostosowania do ka\u017cdej misji<\/strong><\/p>\n<ul data-start=\"2986\" data-end=\"3375\">\n<li class=\"\" data-start=\"2986\" data-end=\"3093\">\n<p class=\"\" data-start=\"2988\" data-end=\"3093\"><strong data-start=\"2988\" data-end=\"3008\">Kaptur ze sznurkiem:<\/strong> Os\u0142o\u0144 g\u0142ow\u0119 przed nag\u0142ymi ulewami lub zdejmij j\u0105 ca\u0142kowicie, aby uzyska\u0107 czystszy profil<\/p>\n<\/li>\n<li class=\"\" data-start=\"3094\" data-end=\"3178\">\n<p class=\"\" data-start=\"3096\" data-end=\"3178\"><strong data-start=\"3096\" data-end=\"3134\">Regulowane mankiety z zak\u0142adkami na guziki:<\/strong> Uszczelnij ciep\u0142o lub rozlu\u017anij podczas nak\u0142adania warstw<\/p>\n<\/li>\n<li class=\"\" data-start=\"3179\" data-end=\"3279\">\n<p class=\"\" data-start=\"3181\" data-end=\"3279\"><strong data-start=\"3181\" data-end=\"3212\">Sznurek biodrowy (ukryty wewn\u0105trz):<\/strong> Dostosuj dopasowanie - zapnij na wiatr lub zrelaksuj si\u0119 podczas noszenia na co dzie\u0144<\/p>\n<\/li>\n<li class=\"\" data-start=\"3280\" data-end=\"3375\">\n<p class=\"\" data-start=\"3282\" data-end=\"3375\"><strong data-start=\"3282\" data-end=\"3318\">Zamek b\u0142yskawiczny z przodu z klapk\u0105 na zatrzask:<\/strong> Mocno zabezpiecza przed zimnym wiatrem, jednocze\u015bnie dodaj\u0105c solidne detale<\/p>\n<\/li>\n<\/ul>\n<p class=\"\" data-start=\"3377\" data-end=\"3799\"><strong data-start=\"3377\" data-end=\"3426\">Komfortowa izolacja i odporno\u015b\u0107 na warunki atmosferyczne<\/strong><br data-start=\"3426\" data-end=\"3429\" \/>Wewn\u0105trz kurtki znajduje si\u0119 <strong data-start=\"3450\" data-end=\"3472\">Mi\u0119kka polarowa podszewka<\/strong> Skutecznie zatrzymuje ciep\u0142o bez zwi\u0119kszania wagi. Jest idealny na rze\u015bkie poranki, jesienne wieczory lub przej\u015bciowe okresy zimowe. Na zewn\u0105trz materia\u0142 pow\u0142oki jest <strong data-start=\"3646\" data-end=\"3690\">odporno\u015b\u0107 na lekki deszcz i silny wiatr<\/strong>, dzi\u0119ki czemu jest to solidny wyb\u00f3r dla os\u00f3b doje\u017cd\u017caj\u0105cych do pracy, podr\u00f3\u017cuj\u0105cych lub pracuj\u0105cych na zewn\u0105trz w nieprzewidywalnych warunkach.<\/p>\n<p class=\"\" data-start=\"3801\" data-end=\"3839\"><strong data-start=\"3801\" data-end=\"3837\">Sprawdzony w terenie - idealny dla:<\/strong><\/p>\n<ul data-start=\"3840\" data-end=\"4018\">\n<li class=\"\" data-start=\"3840\" data-end=\"3868\">\n<p class=\"\" data-start=\"3842\" data-end=\"3868\">Moda miejska i taktyczna<\/p>\n<\/li>\n<li class=\"\" data-start=\"3869\" data-end=\"3901\">\n<p class=\"\" data-start=\"3871\" data-end=\"3901\">U\u017cytkowanie w budownictwie i magazynach<\/p>\n<\/li>\n<li class=\"\" data-start=\"3902\" data-end=\"3932\">\n<p class=\"\" data-start=\"3904\" data-end=\"3932\">Prace zwi\u0105zane z bezpiecze\u0144stwem i dostaw\u0105<\/p>\n<\/li>\n<li class=\"\" data-start=\"3933\" data-end=\"3970\">\n<p class=\"\" data-start=\"3935\" data-end=\"3970\">Fotografia plenerowa lub praca w terenie<\/p>\n<\/li>\n<li class=\"\" data-start=\"3971\" data-end=\"3993\">\n<p class=\"\" data-start=\"3973\" data-end=\"3993\">Podr\u00f3\u017ce i dojazdy do pracy<\/p>\n<\/li>\n<li class=\"\" data-start=\"3994\" data-end=\"4018\">\n<p class=\"\" data-start=\"3996\" data-end=\"4018\">Codzienna odzie\u017c zimowa<\/p>\n<\/li>\n<\/ul>\n<p class=\"\" data-start=\"4020\" data-end=\"4141\">Niezale\u017cnie od tego, czy wspinasz si\u0119 po rusztowaniach, czy spacerujesz po ulicach miasta, kurtka poradzi sobie ze wszystkim, zachowuj\u0105c ostry wygl\u0105d.<\/p>\n<p class=\"\" data-start=\"4143\" data-end=\"4364\"><strong data-start=\"4143\" data-end=\"4161\">Dopasowanie i nak\u0142adanie warstw<\/strong><br data-start=\"4161\" data-end=\"4164\" \/>Dopasowany, strukturalny kr\u00f3j zapewnia wystarczaj\u0105co du\u017co miejsca, aby nosi\u0107 sweter lub bluz\u0119 z kapturem pod spodem, nie wygl\u0105daj\u0105c na niepor\u0119czn\u0105. Wzmocnione szwy i wytrzyma\u0142e zamki b\u0142yskawiczne zapewniaj\u0105 d\u0142ugotrwa\u0142e u\u017cytkowanie, nawet w trudnych warunkach.<\/p>\n<p class=\"\" data-start=\"4366\" data-end=\"4582\"><strong data-start=\"4366\" data-end=\"4380\">Wskaz\u00f3wki dotycz\u0105ce stylu<\/strong><br data-start=\"4380\" data-end=\"4383\" \/>Sparuj z butami taktycznymi, aby uzyska\u0107 wygl\u0105d inspirowany wojskiem, lub za\u0142\u00f3\u017c na w\u0105skie d\u017cinsy i trampki, aby uzyska\u0107 styl uliczny. R\u00f3wnie dobrze pasuje do spodni cargo, jogger\u00f3w lub chinos\u00f3w - RYINZ dostosowuje si\u0119 do Twojego stylu.<\/p>\n<p class=\"\" data-start=\"4584\" data-end=\"4608\"><strong data-start=\"4584\" data-end=\"4606\">Instrukcje dotycz\u0105ce piel\u0119gnacji:<\/strong><\/p>\n<ul data-start=\"4609\" data-end=\"4755\">\n<li class=\"\" data-start=\"4609\" data-end=\"4630\">\n<p class=\"\" data-start=\"4611\" data-end=\"4630\">Pra\u0107 w pralce na zimno<\/p>\n<\/li>\n<li class=\"\" data-start=\"4631\" data-end=\"4679\">\n<p class=\"\" data-start=\"4633\" data-end=\"4679\">Powiesi\u0107 do wyschni\u0119cia, aby zachowa\u0107 kszta\u0142t i polarow\u0105 podszewk\u0119<\/p>\n<\/li>\n<li class=\"\" data-start=\"4680\" data-end=\"4710\">\n<p class=\"\" data-start=\"4682\" data-end=\"4710\">Unikaj wybielaczy i gor\u0105cych suszarek<\/p>\n<\/li>\n<li class=\"\" data-start=\"4711\" data-end=\"4755\">\n<p class=\"\" data-start=\"4713\" data-end=\"4755\">W razie potrzeby wyczy\u015b\u0107 zamki b\u0142yskawiczne i guziki<\/p>\n<\/li>\n<\/ul>\n<p class=\"\" data-start=\"4757\" data-end=\"4842\">Ta kurtka jest <strong data-start=\"4772\" data-end=\"4799\">wi\u0119cej ni\u017c tylko odzie\u017c<\/strong>-To zestaw narz\u0119dzi, tarcza i o\u015bwiadczenie.<\/p>\n<\/div>\n<\/div>\n<\/div>\n<\/div>","protected":false},"excerpt":{"rendered":"<div class=\"flex-shrink-0 flex flex-col relative items-end\">\n<div class=\"pt-0\">\n<div class=\"gizmo-bot-avatar flex h-8 w-8 items-center justify-center overflow-hidden rounded-full\">\n<div class=\"relative p-1 rounded-sm flex items-center justify-center bg-token-main-surface-primary text-token-text-primary h-8 w-8\">\n<p class=\"\" data-start=\"386\" data-end=\"739\">Pewny styl i u\u017cyteczno\u015b\u0107 dzi\u0119ki <strong data-start=\"433\" data-end=\"474\">Taktyczna kurtka polowa RYINZ w kolorze czarnym<\/strong>, to odwa\u017cne po\u0142\u0105czenie wytrzyma\u0142ej odzie\u017cy ulicznej, trwa\u0142o\u015bci outdoorowej i funkcjonalnej odzie\u017cy roboczej. Stworzona dla m\u0119\u017cczyzn, kt\u00f3rzy ceni\u0105 sobie zar\u00f3wno mod\u0119, jak i funkcjonalno\u015b\u0107, kurtka ta jest codziennym towarzyszem w zmiennym klimacie, eksploracji miast, operacjach terenowych i zimowych dojazdach do pracy.<\/p>\n<p class=\"\" data-start=\"741\" data-end=\"1132\">Wyr\u00f3\u017cniaj\u0105ca si\u0119 czarn\u0105 stylistyk\u0105 kurtka ma strukturaln\u0105 sylwetk\u0119 z mieszank\u0105 bezpiecznych kieszeni z klapami zapinanymi na guziki i pionowymi przegrodami na suwak - umo\u017cliwiaj\u0105c \u0142atwe przenoszenie narz\u0119dzi, gad\u017cet\u00f3w, kart lub niezb\u0119dnych rzeczy. Zaprojektowana z odpinanym kapturem, regulowanymi sznurkami i trwa\u0142ymi szwami, kurtka polowa RYINZ dostosowuje si\u0119 do Twoich potrzeb w nieprzewidywalnych warunkach.<\/p>\n<p class=\"\" data-start=\"1134\" data-end=\"1398\">Wewn\u0119trzna polarowa podszewka zapewnia ciep\u0142o w ch\u0142odne dni, a odporna na wiatr tkanina zewn\u0119trzna chroni przed ostrymi podmuchami i lekkim deszczem. Bez wzgl\u0119du na to, czy jest zak\u0142adana na bluz\u0119 z kapturem, czy noszona samodzielnie, kurtka zapewnia elegancki wygl\u0105d bez uszczerbku dla wygody i swobody ruch\u00f3w.<\/p>\n<p class=\"\" data-start=\"1400\" data-end=\"1590\">Dzi\u0119ki czystym liniom, inspirowanemu wojskiem krojowi i nowoczesnemu wyko\u0144czeniu w kolorze czarnym na czarnym, ten element idealnie komponuje si\u0119 z ka\u017cd\u0105 garderob\u0105 - od kolekcji streetwear po sprz\u0119t outdoorowy i codzienne mundury.<\/p>\n<\/div>\n<\/div>\n<\/div>\n<\/div>","protected":false},"featured_media":9076,"comment_status":"closed","ping_status":"closed","template":"","meta":[],"product_brand":[35],"product_cat":[202],"product_tag":[207,208],"class_list":{"0":"post-9028","1":"product","2":"type-product","3":"status-publish","4":"has-post-thumbnail","6":"product_brand-ryinz","7":"product_cat-apparels","8":"product_tag-casual-black-jacket","9":"product_tag-custom-logo-jacket","11":"first","12":"instock","13":"taxable","14":"shipping-taxable","15":"purchasable","16":"product-type-simple"},"_links":{"self":[{"href":"https:\/\/ryinz.cz\/velkoobchod\/pl\/wp-json\/wp\/v2\/product\/9028","targetHints":{"allow":["GET"]}}],"collection":[{"href":"https:\/\/ryinz.cz\/velkoobchod\/pl\/wp-json\/wp\/v2\/product"}],"about":[{"href":"https:\/\/ryinz.cz\/velkoobchod\/pl\/wp-json\/wp\/v2\/types\/product"}],"replies":[{"embeddable":true,"href":"https:\/\/ryinz.cz\/velkoobchod\/pl\/wp-json\/wp\/v2\/comments?post=9028"}],"wp:featuredmedia":[{"embeddable":true,"href":"https:\/\/ryinz.cz\/velkoobchod\/pl\/wp-json\/wp\/v2\/media\/9076"}],"wp:attachment":[{"href":"https:\/\/ryinz.cz\/velkoobchod\/pl\/wp-json\/wp\/v2\/media?parent=9028"}],"wp:term":[{"taxonomy":"product_brand","embeddable":true,"href":"https:\/\/ryinz.cz\/velkoobchod\/pl\/wp-json\/wp\/v2\/product_brand?post=9028"},{"taxonomy":"product_cat","embeddable":true,"href":"https:\/\/ryinz.cz\/velkoobchod\/pl\/wp-json\/wp\/v2\/product_cat?post=9028"},{"taxonomy":"product_tag","embeddable":true,"href":"https:\/\/ryinz.cz\/velkoobchod\/pl\/wp-json\/wp\/v2\/product_tag?post=9028"}],"curies":[{"name":"wp","href":"https:\/\/api.w.org\/{rel}","templated":true}]}}