{"id":9027,"date":"2025-06-22T15:26:31","date_gmt":"2025-06-22T15:26:31","guid":{"rendered":"https:\/\/ryinz.cz\/velkoobchod\/?post_type=product&#038;p=9027"},"modified":"2026-01-18T20:17:21","modified_gmt":"2026-01-18T20:17:21","slug":"ryinz-kurtka-wojskowa-z-wieloma-kieszeniami-dla-mezczyzn-wytrzymala-odziez-wierzchnia-z-wyjmowana-warstwa-wewnetrzna","status":"publish","type":"product","link":"https:\/\/ryinz.cz\/velkoobchod\/pl\/product\/ryinz-multi-pocket-military-style-jacket-for-men-heavy-duty-outdoor-outerwear-with-removable-inner-layer\/","title":{"rendered":"M\u0119ska kurtka wojskowa RYINZ z wieloma kieszeniami - wytrzyma\u0142a odzie\u017c wierzchnia z wyjmowan\u0105 warstw\u0105 wewn\u0119trzn\u0105"},"content":{"rendered":"<div class=\"flex-shrink-0 flex flex-col relative items-end\">\n<div class=\"pt-0\">\n<div class=\"gizmo-bot-avatar flex h-8 w-8 items-center justify-center overflow-hidden rounded-full\">\n<div class=\"relative p-1 rounded-sm flex items-center justify-center bg-token-main-surface-primary text-token-text-primary h-8 w-8\">\n<p class=\"\" data-start=\"1650\" data-end=\"2041\">Poznaj <strong data-start=\"1659\" data-end=\"1714\">M\u0119ska kurtka wojskowa RYINZ z wieloma kieszeniami do du\u017cych obci\u0105\u017ce\u0144<\/strong>-Najwy\u017cszej klasy odzie\u017c wierzchnia stworzona z my\u015bl\u0105 o akcji, przygodzie i codziennej dominacji. Czerpi\u0105c inspiracj\u0119 z wojskowego stylu surplus, kurtka ta stoi na przeci\u0119ciu taktycznej u\u017cyteczno\u015bci i wsp\u00f3\u0142czesnej mody. To nie tylko odzie\u017c wierzchnia; to narz\u0119dzie do odporno\u015bci, moda i os\u0142ona przed \u017cywio\u0142ami.<\/p>\n<p class=\"\" data-start=\"2043\" data-end=\"2133\"><strong data-start=\"2043\" data-end=\"2076\">Wszechstronny system warstw 2 w 1<\/strong><br data-start=\"2076\" data-end=\"2079\" \/>Ta kurtka ma unikaln\u0105 konstrukcj\u0119 2 w 1:<\/p>\n<ul data-start=\"2134\" data-end=\"2246\">\n<li class=\"\" data-start=\"2134\" data-end=\"2174\">\n<p class=\"\" data-start=\"2136\" data-end=\"2174\">Wytrzyma\u0142a, wodoodporna pow\u0142oka zewn\u0119trzna<\/p>\n<\/li>\n<li class=\"\" data-start=\"2175\" data-end=\"2246\">\n<p class=\"\" data-start=\"2177\" data-end=\"2246\">W pe\u0142ni wyjmowana pikowana podszewka w przyci\u0105gaj\u0105cym wzrok kolorze pomara\u0144czowym<\/p>\n<\/li>\n<\/ul>\n<p class=\"\" data-start=\"2248\" data-end=\"2490\">No\u015b pe\u0142n\u0105 kurtk\u0119, aby uzyska\u0107 dodatkowe ciep\u0142o w g\u0142\u0119bi zimy lub od\u0142\u0105cz warstw\u0119 wewn\u0119trzn\u0105 na przej\u015bciow\u0105 pogod\u0119. To inteligentne podej\u015bcie do warstw zapewnia swobod\u0119 w r\u00f3\u017cnych porach roku - idealne do podr\u00f3\u017cy, w\u0119dr\u00f3wek, dojazd\u00f3w do pracy w mie\u015bcie lub codziennego noszenia.<\/p>\n<p class=\"\" data-start=\"2492\" data-end=\"2880\"><strong data-start=\"2492\" data-end=\"2520\">Materia\u0142 i wykonanie<\/strong><br data-start=\"2520\" data-end=\"2523\" \/>Wykonana z wysokiej jako\u015bci bawe\u0142nianego p\u0142\u00f3tna i wzmocnionego poliestru kurtka jest odporna na zu\u017cycie, rozdarcia i trudne warunki pogodowe. Wytrzyma\u0142y przedni zamek b\u0142yskawiczny jest po\u0142\u0105czony z zapinan\u0105 na guziki klap\u0105 sztormow\u0105, aby chroni\u0107 rdze\u0144 przed ostrym wiatrem. Ko\u0142nierz ma wysok\u0105 st\u00f3jk\u0119 z zatrzaskiem na guziki, kt\u00f3ry mo\u017cna zapi\u0105\u0107, aby ogrza\u0107 szyj\u0119, lub pozostawi\u0107 otwarty, aby uzyska\u0107 swobodny wygl\u0105d.<\/p>\n<p class=\"\" data-start=\"2882\" data-end=\"3060\">Ka\u017cdy szew, kiesze\u0144 i naszywka s\u0105 wzmocnione trwa\u0142ymi szwami. R\u0119kawy s\u0105 przegubowe, aby poprawi\u0107 mobilno\u015b\u0107 ramion. Wewn\u0105trz znajduje si\u0119 wyjmowana, wy\u015bcie\u0142ana wk\u0142adka, kt\u00f3ra zapewnia komfort bez zb\u0119dnych kilogram\u00f3w.<\/p>\n<p class=\"\" data-start=\"3062\" data-end=\"3107\"><strong data-start=\"3062\" data-end=\"3105\">Funkcjonalna konstrukcja z mo\u017cliwo\u015bci\u0105 przechowywania<\/strong><\/p>\n<ul data-start=\"3108\" data-end=\"3321\">\n<li class=\"\" data-start=\"3108\" data-end=\"3152\">\n<p class=\"\" data-start=\"3110\" data-end=\"3152\">2 kieszenie na piersi z klapk\u0105 i zapi\u0119ciem na guzik<\/p>\n<\/li>\n<li class=\"\" data-start=\"3153\" data-end=\"3197\">\n<p class=\"\" data-start=\"3155\" data-end=\"3197\">2 du\u017ce dolne kieszenie z klapk\u0105 i guzikiem<\/p>\n<\/li>\n<li class=\"\" data-start=\"3198\" data-end=\"3230\">\n<p class=\"\" data-start=\"3200\" data-end=\"3230\">Pionowa kiesze\u0144 na suwak na piersi<\/p>\n<\/li>\n<li class=\"\" data-start=\"3231\" data-end=\"3281\">\n<p class=\"\" data-start=\"3233\" data-end=\"3281\">Wiele wewn\u0119trznych przegr\u00f3dek do bezpiecznego przechowywania<\/p>\n<\/li>\n<li class=\"\" data-start=\"3282\" data-end=\"3321\">\n<p class=\"\" data-start=\"3284\" data-end=\"3321\">Naszywana kiesze\u0144 na ramieniu zapewnia solidny wygl\u0105d<\/p>\n<\/li>\n<\/ul>\n<p class=\"\" data-start=\"3323\" data-end=\"3518\">Ta kurtka zosta\u0142a zaprojektowana nie tylko po to, aby zapewni\u0107 Ci ciep\u0142o - zosta\u0142a stworzona, aby zapewni\u0107 Ci porz\u0105dek. Niezale\u017cnie od tego, czy nosisz paszport, narz\u0119dzia, gad\u017cety czy r\u0119kawiczki, kurtka RYINZ trzyma wszystko blisko i bezpiecznie.<\/p>\n<p class=\"\" data-start=\"3520\" data-end=\"3835\"><strong data-start=\"3520\" data-end=\"3542\">Odporno\u015b\u0107 na warunki atmosferyczne<\/strong><br data-start=\"3542\" data-end=\"3545\" \/>Zewn\u0119trzna pow\u0142oka jest odporna na wod\u0119, plamy i wiatr, dzi\u0119ki czemu jest idealna na nieprzewidywaln\u0105 pogod\u0119. Deszcz sp\u0142ywa z powierzchni, podczas gdy wewn\u0119trzna wy\u015bci\u00f3\u0142ka zatrzymuje ciep\u0142o, zapewniaj\u0105c maksymaln\u0105 izolacj\u0119. Elastyczne sznurki u do\u0142u i regulowane mankiety pozwalaj\u0105 na precyzyjne dopasowanie, chroni\u0105c przed zimnymi przeci\u0105gami.<\/p>\n<p class=\"\" data-start=\"3837\" data-end=\"4148\"><strong data-start=\"3837\" data-end=\"3854\">Styl i kolor<\/strong><br data-start=\"3854\" data-end=\"3857\" \/>G\u0142\u0119boki ziemisty odcie\u0144 \u0142\u0105cz\u0105cy czer\u0144 i wojskowy br\u0105z jest podkre\u015blony mosi\u0119\u017cnymi guzikami w stylu vintage, wytrzyma\u0142ymi br\u0105zowymi detalami i charakterystycznym pomara\u0144czowym wn\u0119trzem. Idealnie pasuje do d\u017cins\u00f3w, spodni cargo lub spodni taktycznych. Odwa\u017cne wewn\u0119trzne logo RYINZ dodaje charakteru, nie przyt\u0142aczaj\u0105c wygl\u0105du.<\/p>\n<p class=\"\" data-start=\"4150\" data-end=\"4166\"><strong data-start=\"4150\" data-end=\"4164\">Idealny dla:<\/strong><\/p>\n<ul data-start=\"4167\" data-end=\"4342\">\n<li class=\"\" data-start=\"4167\" data-end=\"4194\">\n<p class=\"\" data-start=\"4169\" data-end=\"4194\">Ochrona przed zimnem<\/p>\n<\/li>\n<li class=\"\" data-start=\"4195\" data-end=\"4225\">\n<p class=\"\" data-start=\"4197\" data-end=\"4225\">W\u0119dr\u00f3wki i biwakowanie na \u015bwie\u017cym powietrzu<\/p>\n<\/li>\n<li class=\"\" data-start=\"4226\" data-end=\"4253\">\n<p class=\"\" data-start=\"4228\" data-end=\"4253\">Odzie\u017c miejska i dojazdy do pracy<\/p>\n<\/li>\n<li class=\"\" data-start=\"4254\" data-end=\"4273\">\n<p class=\"\" data-start=\"4256\" data-end=\"4273\">Warstwy podr\u00f3\u017cne<\/p>\n<\/li>\n<li class=\"\" data-start=\"4274\" data-end=\"4303\">\n<p class=\"\" data-start=\"4276\" data-end=\"4303\">Motocykl i wycieczki samochodowe<\/p>\n<\/li>\n<li class=\"\" data-start=\"4304\" data-end=\"4342\">\n<p class=\"\" data-start=\"4306\" data-end=\"4342\">Zastosowanie taktyczne i ci\u0119\u017cka odzie\u017c robocza<\/p>\n<\/li>\n<\/ul>\n<p class=\"\" data-start=\"4344\" data-end=\"4547\"><strong data-start=\"4344\" data-end=\"4360\">Rozmiary i dopasowanie<\/strong><br data-start=\"4360\" data-end=\"4363\" \/>Dopasowany rozmiar dla dopasowanego wygl\u0105du. W przypadku lu\u017aniejszego dopasowania lub zak\u0142adania na obszerne swetry nale\u017cy rozwa\u017cy\u0107 zwi\u0119kszenie rozmiaru. Zaprojektowany z wystarczaj\u0105c\u0105 ilo\u015bci\u0105 miejsca na ramionach i klatce piersiowej, aby umo\u017cliwi\u0107 elastyczny ruch.<\/p>\n<p class=\"\" data-start=\"4549\" data-end=\"4702\"><strong data-start=\"4549\" data-end=\"4571\">Instrukcje dotycz\u0105ce piel\u0119gnacji:<\/strong><br data-start=\"4571\" data-end=\"4574\" \/>Pra\u0107 w pralce na zimno (najpierw wyj\u0105\u0107 wewn\u0119trzn\u0105 wk\u0142adk\u0119). Powiesi\u0107 do wyschni\u0119cia. Nie wybiela\u0107. U\u017cywa\u0107 \u0142agodnego detergentu. Warstw\u0119 wewn\u0119trzn\u0105 nale\u017cy pra\u0107 oddzielnie.<\/p>\n<\/div>\n<\/div>\n<\/div>\n<\/div>","protected":false},"excerpt":{"rendered":"<div class=\"flex-shrink-0 flex flex-col relative items-end\">\n<div class=\"pt-0\">\n<div class=\"gizmo-bot-avatar flex h-8 w-8 items-center justify-center overflow-hidden rounded-full\">\n<div class=\"relative p-1 rounded-sm flex items-center justify-center bg-token-main-surface-primary text-token-text-primary h-8 w-8\">\n<p class=\"\" data-start=\"368\" data-end=\"787\">Podnie\u015b swoj\u0105 garderob\u0119 na zimn\u0105 pogod\u0119 dzi\u0119ki wytrzyma\u0142emu, ale wyrafinowanemu <strong data-start=\"431\" data-end=\"475\">Kurtka wojskowa RYINZ z wieloma kieszeniami<\/strong> dla m\u0119\u017cczyzn. Zaprojektowana z my\u015bl\u0105 o zapewnieniu maksymalnej u\u017cyteczno\u015bci z odwa\u017cnym, modnym akcentem, kurtka ta \u0142\u0105czy taktyczn\u0105 funkcjonalno\u015b\u0107 z najwy\u017cszym komfortem. Stworzona na ka\u017cd\u0105 por\u0119 roku i teren, posiada wyjmowan\u0105 warstw\u0119 wewn\u0119trzn\u0105 z kontrastow\u0105 pomara\u0144czow\u0105 podszewk\u0105, dzi\u0119ki czemu mo\u017cna \u0142atwo dostosowa\u0107 si\u0119 do zmieniaj\u0105cych si\u0119 warunk\u00f3w pogodowych.<\/p>\n<p class=\"\" data-start=\"789\" data-end=\"1251\">Dzi\u0119ki czterem pojemnym kieszeniom zewn\u0119trznym i wielu przegrodom wewn\u0119trznym, kurtka ta oferuje idealne rozwi\u0105zanie do przechowywania wszystkiego, od telefonu i portfela po narz\u0119dzia i akcesoria podr\u00f3\u017cne. Przednie zapi\u0119cie na guziki i zamek b\u0142yskawiczny chroni przed wiatrem i zimnem, a regulowane mankiety i st\u00f3jka zapewniaj\u0105 ciep\u0142o bez ograniczania mobilno\u015bci. Wzmocnione szwy w strefach nacisku zapewniaj\u0105 d\u0142ugotrwa\u0142\u0105 wytrzyma\u0142o\u015b\u0107, nawet w trudnych warunkach zewn\u0119trznych.<\/p>\n<p class=\"\" data-start=\"1253\" data-end=\"1593\">Niezale\u017cnie od tego, czy wybierasz si\u0119 do miasta, czy na w\u0119dr\u00f3wk\u0119 poza sieci\u0105, ta kurtka zapewnia gotowo\u015b\u0107 i styl. Na\u0142\u00f3\u017c j\u0105 na bluz\u0119 z kapturem, aby uzyska\u0107 ciep\u0142o, lub za\u0142\u00f3\u017c j\u0105 solo, aby uzyska\u0107 odwa\u017cny, inspirowany wojskiem wygl\u0105d, kt\u00f3ry nigdy nie zawiedzie. Wytrzyma\u0142a czarno-br\u0105zowa pow\u0142oka zewn\u0119trzna jest uzupe\u0142niona o polerowane miedziane okucia i kontrastowe zamki b\u0142yskawiczne dla wyrafinowanego akcentu.<\/p>\n<\/div>\n<\/div>\n<\/div>\n<\/div>","protected":false},"featured_media":9075,"comment_status":"closed","ping_status":"closed","template":"","meta":[],"product_brand":[35],"product_cat":[202],"product_tag":[205,206],"class_list":{"0":"post-9027","1":"product","2":"type-product","3":"status-publish","4":"has-post-thumbnail","6":"product_brand-ryinz","7":"product_cat-apparels","8":"product_tag-custom-mens-jacket","9":"product_tag-durable-fabric-jacket","11":"first","12":"instock","13":"taxable","14":"shipping-taxable","15":"purchasable","16":"product-type-simple"},"_links":{"self":[{"href":"https:\/\/ryinz.cz\/velkoobchod\/pl\/wp-json\/wp\/v2\/product\/9027","targetHints":{"allow":["GET"]}}],"collection":[{"href":"https:\/\/ryinz.cz\/velkoobchod\/pl\/wp-json\/wp\/v2\/product"}],"about":[{"href":"https:\/\/ryinz.cz\/velkoobchod\/pl\/wp-json\/wp\/v2\/types\/product"}],"replies":[{"embeddable":true,"href":"https:\/\/ryinz.cz\/velkoobchod\/pl\/wp-json\/wp\/v2\/comments?post=9027"}],"wp:featuredmedia":[{"embeddable":true,"href":"https:\/\/ryinz.cz\/velkoobchod\/pl\/wp-json\/wp\/v2\/media\/9075"}],"wp:attachment":[{"href":"https:\/\/ryinz.cz\/velkoobchod\/pl\/wp-json\/wp\/v2\/media?parent=9027"}],"wp:term":[{"taxonomy":"product_brand","embeddable":true,"href":"https:\/\/ryinz.cz\/velkoobchod\/pl\/wp-json\/wp\/v2\/product_brand?post=9027"},{"taxonomy":"product_cat","embeddable":true,"href":"https:\/\/ryinz.cz\/velkoobchod\/pl\/wp-json\/wp\/v2\/product_cat?post=9027"},{"taxonomy":"product_tag","embeddable":true,"href":"https:\/\/ryinz.cz\/velkoobchod\/pl\/wp-json\/wp\/v2\/product_tag?post=9027"}],"curies":[{"name":"wp","href":"https:\/\/api.w.org\/{rel}","templated":true}]}}