{"id":9017,"date":"2025-06-22T15:25:50","date_gmt":"2025-06-22T15:25:50","guid":{"rendered":"https:\/\/ryinz.cz\/velkoobchod\/?post_type=product&#038;p=9017"},"modified":"2026-01-18T20:17:21","modified_gmt":"2026-01-18T20:17:21","slug":"ryinz-meska-brazowa-kurtka-bomberka-ze-sztucznej-skory-z-kapturem-w-stylu-streetwear-moto-z-kieszeniami-zapinanymi-na-zatrzaski","status":"publish","type":"product","link":"https:\/\/ryinz.cz\/velkoobchod\/pl\/product\/ryinz-mens-brown-faux-leather-bomber-jacket-with-hoodie-streetwear-moto-style-with-zipper-snap-pockets\/","title":{"rendered":"RYINZ Br\u0105zowa kurtka m\u0119ska ze sztucznej sk\u00f3ry z kapturem - styl Streetwear Moto z zamkiem b\u0142yskawicznym i kieszeniami na zatrzaski"},"content":{"rendered":"<div class=\"flex-shrink-0 flex flex-col relative items-end\">\n<div class=\"pt-0\">\n<div class=\"gizmo-bot-avatar flex h-8 w-8 items-center justify-center overflow-hidden rounded-full\">\n<p class=\"\" data-start=\"1250\" data-end=\"1547\">The <strong data-start=\"1254\" data-end=\"1303\">RYINZ Br\u0105zowa kurtka bomberka z kapturem ze sztucznej sk\u00f3ry<\/strong> to miejsce, w kt\u00f3rym ponadczasowa moda motocyklowa \u0142\u0105czy si\u0119 z wygodn\u0105, miejsk\u0105 funkcjonalno\u015bci\u0105. Stworzony dla nowoczesnych m\u0119\u017cczyzn, kt\u00f3rzy chc\u0105 ostrego wygl\u0105du sk\u00f3rzanej kurtki bez masywno\u015bci i produkt\u00f3w pochodzenia zwierz\u0119cego, ten element jest w pe\u0142ni syntetyczny, ale imponuj\u0105co elegancki i przekonuj\u0105cy.<\/p>\n<p class=\"\" data-start=\"1549\" data-end=\"1847\"><strong data-start=\"1549\" data-end=\"1579\">Bogaty, br\u0105zowy wygl\u0105d w stylu vintage<\/strong><br data-start=\"1579\" data-end=\"1582\" \/>Starannie obrobiona sztuczna sk\u00f3ra ma br\u0105zowy odcie\u0144, kt\u00f3ry staje si\u0119 lepszy wraz z noszeniem. Odzwierciedla klasyczny urok kurtek moto, a jednocze\u015bnie jest ekologiczna i \u0142atwiejsza w czyszczeniu. Powierzchnia jest wodoodporna i zaprojektowana tak, aby zachowa\u0107 sw\u00f3j kszta\u0142t przez lata noszenia.<\/p>\n<p class=\"\" data-start=\"1849\" data-end=\"2220\"><strong data-start=\"1849\" data-end=\"1897\">Ciep\u0142o \u0142\u0105czy si\u0119 z warstwami - z wbudowan\u0105 bluz\u0105 z kapturem<\/strong><br data-start=\"1897\" data-end=\"1900\" \/>Nie ma potrzeby zak\u0142adania dodatkowych warstw - wbudowany polarowy kaptur zapewnia ciep\u0142o i sportowy kontrast ze sk\u00f3r\u0105. Podszyta mi\u0119kkim w dotyku materia\u0142em, bluza z kapturem tworzy izolowan\u0105 barier\u0119 przed zimnym wiatrem, idealn\u0105 na jesienn\u0105 i zimow\u0105 pogod\u0119. No\u015b j\u0105 z podniesionym kapturem, aby uzyska\u0107 styl uliczny, lub rozpnij go, aby uzyska\u0107 l\u017cejszy, bardziej elegancki wygl\u0105d.<\/p>\n<p class=\"\" data-start=\"2222\" data-end=\"2276\"><strong data-start=\"2222\" data-end=\"2274\">Wszystkie szczeg\u00f3\u0142y zapewniaj\u0105ce codzienn\u0105 funkcjonalno\u015b\u0107<\/strong><\/p>\n<ul data-start=\"2277\" data-end=\"2584\">\n<li class=\"\" data-start=\"2277\" data-end=\"2310\">\n<p class=\"\" data-start=\"2279\" data-end=\"2310\"><strong data-start=\"2279\" data-end=\"2308\">Pe\u0142ny zamek b\u0142yskawiczny z przodu<\/strong><\/p>\n<\/li>\n<li class=\"\" data-start=\"2311\" data-end=\"2366\">\n<p class=\"\" data-start=\"2313\" data-end=\"2366\"><strong data-start=\"2313\" data-end=\"2339\">Kieszenie na piersi zapinane na zamek<\/strong> (pod k\u0105tem dla \u0142atwego dost\u0119pu)<\/p>\n<\/li>\n<li class=\"\" data-start=\"2367\" data-end=\"2423\">\n<p class=\"\" data-start=\"2369\" data-end=\"2423\"><strong data-start=\"2369\" data-end=\"2395\">Kiesze\u0144 na piersi z klapk\u0105 na zatrzask<\/strong> - bezpieczny dla kart lub identyfikator\u00f3w<\/p>\n<\/li>\n<li class=\"\" data-start=\"2424\" data-end=\"2468\">\n<p class=\"\" data-start=\"2426\" data-end=\"2468\"><strong data-start=\"2426\" data-end=\"2449\">Kieszenie na r\u0119kawiczki<\/strong> z mi\u0119kk\u0105 podszewk\u0105<\/p>\n<\/li>\n<li class=\"\" data-start=\"2469\" data-end=\"2513\">\n<p class=\"\" data-start=\"2471\" data-end=\"2513\"><strong data-start=\"2471\" data-end=\"2511\">Naramienniki z zapi\u0119ciem na klamr\u0119<\/strong><\/p>\n<\/li>\n<li class=\"\" data-start=\"2514\" data-end=\"2584\">\n<p class=\"\" data-start=\"2516\" data-end=\"2584\"><strong data-start=\"2516\" data-end=\"2552\">Elastyczne \u015bci\u0105gacze w mankietach i pasie<\/strong> - chroni przed wiatrem i nadaje kszta\u0142t<\/p>\n<\/li>\n<\/ul>\n<p class=\"\" data-start=\"2586\" data-end=\"2881\"><strong data-start=\"2586\" data-end=\"2607\">Codzienna wszechstronno\u015b\u0107<\/strong><br data-start=\"2607\" data-end=\"2610\" \/>Niezale\u017cnie od tego, czy po\u0142\u0105czysz j\u0105 z d\u017cinsami i trampkami, aby uzyska\u0107 str\u00f3j gotowy do pracy w mie\u015bcie, czy te\u017c narzucisz j\u0105 na odzie\u017c robocz\u0105 podczas dojazd\u00f3w do pracy, ta kurtka pasuje do r\u00f3\u017cnych sytuacji - od nocnych przeja\u017cd\u017cek po swobodne pi\u0105tki. Jest wystarczaj\u0105co wytrzyma\u0142a na weekendowe wypady, a jednocze\u015bnie wystarczaj\u0105co stylowa na swobodne spotkania biznesowe.<\/p>\n<p class=\"\" data-start=\"2883\" data-end=\"2904\"><strong data-start=\"2883\" data-end=\"2902\">Materia\u0142 i piel\u0119gnacja<\/strong><\/p>\n<ul data-start=\"2905\" data-end=\"3065\">\n<li class=\"\" data-start=\"2905\" data-end=\"2931\">\n<p class=\"\" data-start=\"2907\" data-end=\"2931\">Na zewn\u0105trz: PU Faux Leather<\/p>\n<\/li>\n<li class=\"\" data-start=\"2932\" data-end=\"2961\">\n<p class=\"\" data-start=\"2934\" data-end=\"2961\">Podszewka: Mi\u0119kki polar wewn\u0105trz<\/p>\n<\/li>\n<li class=\"\" data-start=\"2962\" data-end=\"2994\">\n<p class=\"\" data-start=\"2964\" data-end=\"2994\">Kaptur: mieszanka poliestru i bawe\u0142ny<\/p>\n<\/li>\n<li class=\"\" data-start=\"2995\" data-end=\"3027\">\n<p class=\"\" data-start=\"2997\" data-end=\"3027\">Przetrze\u0107 wilgotn\u0105 szmatk\u0105<\/p>\n<\/li>\n<li class=\"\" data-start=\"3028\" data-end=\"3065\">\n<p class=\"\" data-start=\"3030\" data-end=\"3065\">Nie pra\u0107 w pralce ani nie suszy\u0107 w suszarce b\u0119bnowej<\/p>\n<\/li>\n<\/ul>\n<p class=\"\" data-start=\"3067\" data-end=\"3341\"><strong data-start=\"3067\" data-end=\"3088\">Rozmiar i wskaz\u00f3wki dotycz\u0105ce dopasowania<\/strong><br data-start=\"3088\" data-end=\"3091\" \/>Kurtka ma dopasowany kr\u00f3j z miejscem na koszul\u0119 lub lekk\u0105 bluz\u0119 pod spodem. Wybierz sw\u00f3j normalny rozmiar, aby uzyska\u0107 dopasowany kr\u00f3j moto, lub jeden rozmiar wi\u0119kszy, aby uzyska\u0107 bardziej swobodny styl. Pr\u0105\u017ckowane mankiety i pasek w talii modeluj\u0105 sylwetk\u0119, nie kr\u0119puj\u0105c ruch\u00f3w.<\/p>\n<p class=\"\" data-start=\"3343\" data-end=\"3361\"><strong data-start=\"3343\" data-end=\"3359\">Idealne dla:<\/strong><\/p>\n<ul data-start=\"3362\" data-end=\"3496\">\n<li class=\"\" data-start=\"3362\" data-end=\"3390\">\n<p class=\"\" data-start=\"3364\" data-end=\"3390\">Odzie\u017c codzienna jesie\u0144\/zima<\/p>\n<\/li>\n<li class=\"\" data-start=\"3391\" data-end=\"3420\">\n<p class=\"\" data-start=\"3393\" data-end=\"3420\">Zwykli rowerzy\u015bci i osoby doje\u017cd\u017caj\u0105ce do pracy<\/p>\n<\/li>\n<li class=\"\" data-start=\"3421\" data-end=\"3446\">\n<p class=\"\" data-start=\"3423\" data-end=\"3446\">\u015awiadomi mody m\u0119\u017cczy\u017ani<\/p>\n<\/li>\n<li class=\"\" data-start=\"3447\" data-end=\"3472\">\n<p class=\"\" data-start=\"3449\" data-end=\"3472\">Prezenty \u015bwi\u0105teczne dla m\u0119\u017cczyzn<\/p>\n<\/li>\n<li class=\"\" data-start=\"3473\" data-end=\"3496\">\n<p class=\"\" data-start=\"3475\" data-end=\"3496\">Odzie\u017c uliczna warstwowa<\/p>\n<\/li>\n<\/ul>\n<p class=\"\" data-start=\"3498\" data-end=\"3611\">To <strong data-start=\"3503\" data-end=\"3519\">Kurtka RYINZ<\/strong> to nie tylko odzie\u017c wierzchnia - to <strong data-start=\"3548\" data-end=\"3575\">o\u015bwiadczenie o zaufaniu<\/strong>. Trwa\u0142e, dynamiczne i wyr\u00f3\u017cniaj\u0105ce si\u0119.<\/p>\n<\/div>\n<\/div>\n<\/div>","protected":false},"excerpt":{"rendered":"<p class=\"\" data-start=\"332\" data-end=\"653\">The <strong data-start=\"336\" data-end=\"396\">RYINZ M\u0119ska br\u0105zowa kurtka ze sztucznej sk\u00f3ry z kapturem<\/strong> \u0142\u0105czy surowy styl uliczny z codziennym komfortem. Zaprojektowana z my\u015bl\u0105 o odwa\u017cnych osobowo\u015bciach, kt\u00f3re poruszaj\u0105 si\u0119 mi\u0119dzy miejskimi scenami, swobodnymi nocami lub dojazdami do pracy w ch\u0142odne dni, ta kurtka zapewnia m\u0119sk\u0105 sylwetk\u0119 dzi\u0119ki krojowi bomberki, pr\u0105\u017ckowanemu \u015bci\u0105gaczowi i ostrym liniom szw\u00f3w.<\/p>\n<p class=\"\" data-start=\"655\" data-end=\"933\">Wykonany z wysokiej jako\u015bci sztucznej sk\u00f3ry, zapewnia doskona\u0142y wygl\u0105d prawdziwej sk\u00f3ry bez ci\u0119\u017caru i konserwacji. Do\u0142\u0105czony wewn\u0119trzny kaptur z bogatego br\u0105zowego polaru zapewnia ciep\u0142o, warstwowo\u015b\u0107 i uliczny klimat - idealny na nieprzewidywaln\u0105 pogod\u0119 lub po prostu poprawiaj\u0105cy styl.<\/p>\n<p class=\"\" data-start=\"935\" data-end=\"1193\">Konstrukcja obejmuje wiele bezpiecznych kieszeni: dwie zapinane na zamek kieszenie na piersi, dwie kieszenie na d\u0142onie i kiesze\u0144 na piersi z klapk\u0105 zapinan\u0105 na zatrzask. Metalowe zamki b\u0142yskawiczne, sprz\u0105czki na ramionach i mocne pr\u0105\u017ckowane mankiety dope\u0142niaj\u0105 trwa\u0142o\u015bci i stylu.<\/p>","protected":false},"featured_media":9074,"comment_status":"closed","ping_status":"closed","template":"","meta":[],"product_brand":[35],"product_cat":[202],"product_tag":[203,204],"class_list":{"0":"post-9017","1":"product","2":"type-product","3":"status-publish","4":"has-post-thumbnail","6":"product_brand-ryinz","7":"product_cat-apparels","8":"product_tag-branded-leather-jacket","9":"product_tag-casual-fashion-jacket","11":"first","12":"instock","13":"taxable","14":"shipping-taxable","15":"purchasable","16":"product-type-simple"},"_links":{"self":[{"href":"https:\/\/ryinz.cz\/velkoobchod\/pl\/wp-json\/wp\/v2\/product\/9017","targetHints":{"allow":["GET"]}}],"collection":[{"href":"https:\/\/ryinz.cz\/velkoobchod\/pl\/wp-json\/wp\/v2\/product"}],"about":[{"href":"https:\/\/ryinz.cz\/velkoobchod\/pl\/wp-json\/wp\/v2\/types\/product"}],"replies":[{"embeddable":true,"href":"https:\/\/ryinz.cz\/velkoobchod\/pl\/wp-json\/wp\/v2\/comments?post=9017"}],"wp:featuredmedia":[{"embeddable":true,"href":"https:\/\/ryinz.cz\/velkoobchod\/pl\/wp-json\/wp\/v2\/media\/9074"}],"wp:attachment":[{"href":"https:\/\/ryinz.cz\/velkoobchod\/pl\/wp-json\/wp\/v2\/media?parent=9017"}],"wp:term":[{"taxonomy":"product_brand","embeddable":true,"href":"https:\/\/ryinz.cz\/velkoobchod\/pl\/wp-json\/wp\/v2\/product_brand?post=9017"},{"taxonomy":"product_cat","embeddable":true,"href":"https:\/\/ryinz.cz\/velkoobchod\/pl\/wp-json\/wp\/v2\/product_cat?post=9017"},{"taxonomy":"product_tag","embeddable":true,"href":"https:\/\/ryinz.cz\/velkoobchod\/pl\/wp-json\/wp\/v2\/product_tag?post=9017"}],"curies":[{"name":"wp","href":"https:\/\/api.w.org\/{rel}","templated":true}]}}