{"id":9005,"date":"2025-06-22T15:25:20","date_gmt":"2025-06-22T15:25:20","guid":{"rendered":"https:\/\/ryinz.cz\/velkoobchod\/?post_type=product&#038;p=9005"},"modified":"2026-01-18T20:17:20","modified_gmt":"2026-01-18T20:17:20","slug":"ryinz-klasyczne-perforowane-skorzane-rekawice-do-jazdy-dla-mezczyzn-dwukolorowe-opalenizna-czarne-stylowe-rekawice-z-otworami-na-kostki-na-kazda-pore-roku","status":"publish","type":"product","link":"https:\/\/ryinz.cz\/velkoobchod\/pl\/product\/ryinz-classic-perforated-leather-driving-gloves-for-men-two-tone-tan-black-stylish-knuckle-vent-grip-gloves-for-all-seasons\/","title":{"rendered":"RYINZ Classic Perforated Leather Driving Gloves for Men - Two-Tone Tan &amp; Black, stylowe r\u0119kawiczki Knuckle Vent Grip na ka\u017cd\u0105 por\u0119 roku"},"content":{"rendered":"<p class=\"\" data-start=\"312\" data-end=\"696\">The <strong data-start=\"316\" data-end=\"367\">Klasyczne sk\u00f3rzane r\u0119kawice do jazdy RYINZ z perforacj\u0105<\/strong> to doskona\u0142e po\u0142\u0105czenie wydajno\u015bci, elegancji i funkcjonalno\u015bci. Zaprojektowane dla wymagaj\u0105cych kierowc\u00f3w, kt\u00f3rzy pragn\u0105 stylu vintage z nowoczesn\u0105 precyzj\u0105, r\u0119kawice te oferuj\u0105 niezr\u00f3wnane wra\u017cenia z jazdy zar\u00f3wno pod wzgl\u0119dem dotyku, jak i wygl\u0105du. Idealne dla entuzjast\u00f3w klasycznych samochod\u00f3w, codziennych kierowc\u00f3w lub ka\u017cdego, kto ceni ponadczasowy kunszt.<\/p>\n<p class=\"\" data-start=\"698\" data-end=\"1133\">Wykonane z wysokiej jako\u015bci sk\u00f3ry licowej, r\u0119kawice maj\u0105 g\u0142adk\u0105 i elastyczn\u0105 tekstur\u0119, kt\u00f3ra zwi\u0119ksza zar\u00f3wno komfort, jak i trwa\u0142o\u015b\u0107. Dwukolorowy design - uderzaj\u0105cy kontrast opalenizny na zewn\u0105trz i czerni po stronie d\u0142oni - emanuje odwa\u017cnym, ale wyrafinowanym wygl\u0105dem. Ta elegancka stylistyka jest po\u0142\u0105czona ze strategicznie rozmieszczonymi perforacjami, kt\u00f3re zapewniaj\u0105 optymaln\u0105 wentylacj\u0119 i oddychalno\u015b\u0107, dzi\u0119ki czemu nadaj\u0105 si\u0119 do noszenia przez ca\u0142y sezon.<\/p>\n<p class=\"\" data-start=\"1135\" data-end=\"1600\">Cech\u0105 wyr\u00f3\u017cniaj\u0105c\u0105 ten model jest zestaw wyci\u0119\u0107 na knykciach - cztery okr\u0105g\u0142e otwory wentylacyjne, kt\u00f3re nie tylko oferuj\u0105 dodatkow\u0105 oddychalno\u015b\u0107, ale tak\u017ce zapewniaj\u0105 klasyczny wygl\u0105d przypominaj\u0105cy kultur\u0119 jazdy z po\u0142owy wieku. Wyci\u0119cia te s\u0105 fachowo wyko\u0144czone i wzmocnione, aby zachowa\u0107 sw\u00f3j kszta\u0142t przez d\u0142ugi czas bez uszczerbku dla integralno\u015bci strukturalnej r\u0119kawic. R\u0119kawice s\u0105 wyko\u0144czone zapi\u0119ciem na zatrzask w nadgarstku, aby zapewni\u0107 dok\u0142adne, bezpieczne dopasowanie bez ucisku i dyskomfortu.<\/p>\n<p class=\"\" data-start=\"1602\" data-end=\"2004\">Niezale\u017cnie od tego, czy prowadzisz luksusowego sedana, kabriolet na autostradzie, czy manewrujesz w ruchu miejskim, te r\u0119kawice zapewniaj\u0105 lepsz\u0105 przyczepno\u015b\u0107, kt\u00f3ra utrzymuje d\u0142onie na kierownicy. Sk\u00f3rzane wn\u0119trze d\u0142oni bez podszewki z czasem dopasowuje si\u0119 do d\u0142oni, zapewniaj\u0105c indywidualne dopasowanie przy ka\u017cdym u\u017cyciu. Brak wewn\u0119trznej wy\u015bci\u00f3\u0142ki zapewnia r\u00f3wnie\u017c maksymaln\u0105 wra\u017cliwo\u015b\u0107 dotykow\u0105, daj\u0105c pe\u0142n\u0105 kontrol\u0119 nad ka\u017cdym ruchem.<\/p>\n<p class=\"\" data-start=\"2006\" data-end=\"2312\">Ka\u017cdy szew jest starannie umieszczony przez wykwalifikowanych rzemie\u015blnik\u00f3w, gwarantuj\u0105c precyzj\u0119 wykonania i wyj\u0105tkow\u0105 trwa\u0142o\u015b\u0107. Szwy s\u0105 celowo minimalne, umieszczone tak, aby unikn\u0105\u0107 stref tarcia o wysokim kontakcie, co zapewnia p\u0142ynniejsze i bardziej ergonomiczne noszenie. Te r\u0119kawice s\u0105 nie tylko stylowe - zosta\u0142y stworzone z my\u015bl\u0105 o wydajno\u015bci.<\/p>\n<p class=\"\" data-start=\"2314\" data-end=\"2705\">Od porannych dojazd\u00f3w do pracy po weekendowe wycieczki lub imprezy motoryzacyjne, r\u0119kawice do jazdy RYINZ dodaj\u0105 szyku, funkcjonalno\u015bci i komfortu ka\u017cdej podr\u00f3\u017cy. Zaprojektowane z my\u015bl\u0105 o noszeniu zar\u00f3wno w codziennych, jak i formalnych stylizacjach, pasuj\u0105 zar\u00f3wno do dopasowanego p\u0142aszcza, jak i sk\u00f3rzanej kurtki. Ich smuk\u0142y profil i wyrafinowane wyko\u0144czenie sprawiaj\u0105, \u017ce s\u0105 to idealne r\u0119kawice dla m\u0119\u017cczyzn dbaj\u0105cych o styl, kt\u00f3rzy nigdy nie id\u0105 na kompromis w kwestii jako\u015bci.<\/p>\n<p class=\"\" data-start=\"2707\" data-end=\"2863\">R\u0119kawiczki s\u0105 dost\u0119pne w r\u00f3\u017cnych rozmiarach i starannie zapakowane w ekologiczne opakowanie - idealne na prezent dla ojca, przyjaciela, m\u0119\u017ca lub mi\u0142o\u015bnika samochod\u00f3w.<\/p>\n<p class=\"\" data-start=\"2865\" data-end=\"3038\">Instrukcje dotycz\u0105ce piel\u0119gnacji: Delikatnie przetrze\u0107 wilgotn\u0105 szmatk\u0105 i okresowo piel\u0119gnowa\u0107 sk\u00f3r\u0119 balsamem do sk\u00f3ry naturalnej. Przechowywa\u0107 na p\u0142asko w ch\u0142odnym, suchym miejscu z dala od bezpo\u015bredniego \u015bwiat\u0142a s\u0142onecznego.<\/p>\n<p class=\"\" data-start=\"3040\" data-end=\"3131\">Do\u015bwiadcz drogi jak nigdy dot\u0105d - z niezr\u00f3wnan\u0105 przyczepno\u015bci\u0105, precyzj\u0105 i wyrafinowaniem.<\/p>","protected":false},"excerpt":{"rendered":"<p>R\u0119kawiczki RYINZ Classic Perforated Leather Driving Gloves dodadz\u0105 Twojej je\u017adzie odrobin\u0119 elegancji w stylu vintage. Te dwukolorowe r\u0119kawice, \u0142\u0105cz\u0105ce br\u0105zow\u0105 i czarn\u0105 sk\u00f3r\u0119, zosta\u0142y stworzone z my\u015bl\u0105 o stylu i kontroli. Kultowe wyci\u0119cia na kostkach i oddychaj\u0105ca perforowana cholewka zwi\u0119kszaj\u0105 przep\u0142yw powietrza i komfort, a bez podszewki d\u0142o\u0144 zapewnia doskona\u0142e wyczucie dotykowe. Zapi\u0119cie na zatrzask zapewnia bezpieczne dopasowanie, a elegancki profil uzupe\u0142nia zar\u00f3wno codzienne, jak i eleganckie stroje. Niezale\u017cnie od tego, czy jeste\u015b entuzjast\u0105 klasycznych samochod\u00f3w, czy po prostu kochasz ponadczasowe akcesoria, te r\u0119kawice zapewniaj\u0105 wygod\u0119, przyczepno\u015b\u0107 i niepowtarzalny charakter.<\/p>","protected":false},"featured_media":9072,"comment_status":"closed","ping_status":"closed","template":"","meta":[],"product_brand":[35],"product_cat":[193,99],"product_tag":[192,194,195,196],"class_list":{"0":"post-9005","1":"product","2":"type-product","3":"status-publish","4":"has-post-thumbnail","6":"product_brand-ryinz","7":"product_cat-driving-gloves","8":"product_cat-gloves","9":"product_tag-classic-car-gloves","10":"product_tag-driving-gloves","11":"product_tag-leather-strap-gloves","12":"product_tag-perforated-leather-gloves","14":"first","15":"instock","16":"taxable","17":"shipping-taxable","18":"purchasable","19":"product-type-simple"},"_links":{"self":[{"href":"https:\/\/ryinz.cz\/velkoobchod\/pl\/wp-json\/wp\/v2\/product\/9005","targetHints":{"allow":["GET"]}}],"collection":[{"href":"https:\/\/ryinz.cz\/velkoobchod\/pl\/wp-json\/wp\/v2\/product"}],"about":[{"href":"https:\/\/ryinz.cz\/velkoobchod\/pl\/wp-json\/wp\/v2\/types\/product"}],"replies":[{"embeddable":true,"href":"https:\/\/ryinz.cz\/velkoobchod\/pl\/wp-json\/wp\/v2\/comments?post=9005"}],"wp:featuredmedia":[{"embeddable":true,"href":"https:\/\/ryinz.cz\/velkoobchod\/pl\/wp-json\/wp\/v2\/media\/9072"}],"wp:attachment":[{"href":"https:\/\/ryinz.cz\/velkoobchod\/pl\/wp-json\/wp\/v2\/media?parent=9005"}],"wp:term":[{"taxonomy":"product_brand","embeddable":true,"href":"https:\/\/ryinz.cz\/velkoobchod\/pl\/wp-json\/wp\/v2\/product_brand?post=9005"},{"taxonomy":"product_cat","embeddable":true,"href":"https:\/\/ryinz.cz\/velkoobchod\/pl\/wp-json\/wp\/v2\/product_cat?post=9005"},{"taxonomy":"product_tag","embeddable":true,"href":"https:\/\/ryinz.cz\/velkoobchod\/pl\/wp-json\/wp\/v2\/product_tag?post=9005"}],"curies":[{"name":"wp","href":"https:\/\/api.w.org\/{rel}","templated":true}]}}