{"id":8995,"date":"2025-06-22T15:24:51","date_gmt":"2025-06-22T15:24:51","guid":{"rendered":"https:\/\/ryinz.cz\/velkoobchod\/?post_type=product&#038;p=8995"},"modified":"2026-01-18T20:17:19","modified_gmt":"2026-01-18T20:17:19","slug":"rekawiczki-rowerowe-street-hurtownia-ryinz-pro-rekawiczki-rowerowe-eu-producent-i-dostawca-marek-wlasnych","status":"publish","type":"product","link":"https:\/\/ryinz.cz\/velkoobchod\/pl\/product\/street-bike-gloves-wholesale-ryinz-pro-cycling-gym-gloves-eu-design-manufacturer-and-private-label-supplier\/","title":{"rendered":"R\u0119kawiczki Street Bike Wholesale | Ryinz | Pro Cycling &amp; Gym Gloves | EU Design | Producent i dostawca marek w\u0142asnych"},"content":{"rendered":"<p class=\"\" data-start=\"216\" data-end=\"337\"><strong data-start=\"216\" data-end=\"337\">R\u0119kawiczki Street Bike Wholesale | Ryinz | Pro Cycling &amp; Gym Gloves | EU Design | Producent i dostawca marek w\u0142asnych<\/strong><\/p>\n<p class=\"\" data-start=\"339\" data-end=\"585\">Przy <strong data-start=\"342\" data-end=\"351\">Ryinz<\/strong>, \u0142\u0105czymy <strong data-start=\"364\" data-end=\"401\">marki, producenci i nabywcy<\/strong> na ca\u0142ym \u015bwiecie <strong data-start=\"418\" data-end=\"465\">Niewidzialny silnik stoj\u0105cy za handlem mi\u0119dzynarodowym<\/strong>, otwieraj\u0105c nowe mo\u017cliwo\u015bci biznesowe w Europie, USA i Azji.<br data-start=\"531\" data-end=\"534\" \/>Nasz cel: <strong data-start=\"544\" data-end=\"585\">Otwieramy drzwi, aby\u015b m\u00f3g\u0142 zamkn\u0105\u0107 sprzeda\u017c.<\/strong><\/p>\n<p class=\"\" data-start=\"587\" data-end=\"768\">Przedstawiamy <strong data-start=\"603\" data-end=\"645\">Czarno-br\u0105zowe r\u0119kawiczki rowerowe Street Bike Ryinz<\/strong> - stworzone dla rowerzyst\u00f3w, sportowc\u00f3w i miejskich poszukiwaczy przyg\u00f3d, kt\u00f3rzy wymagaj\u0105 najwy\u017cszej wygody, niezr\u00f3wnanej przyczepno\u015bci i stylowego minimalizmu.<\/p>\n<hr class=\"\" data-start=\"770\" data-end=\"773\" \/>\n<h3 class=\"\" data-start=\"775\" data-end=\"802\"><strong data-start=\"779\" data-end=\"801\">Najwa\u017cniejsze cechy produktu<\/strong>:<\/h3>\n<p class=\"\" data-start=\"804\" data-end=\"1269\">\u2705 <strong data-start=\"806\" data-end=\"822\">Nazwa produktu<\/strong>: R\u0119kawiczki p\u00f3\u0142palczaste Ryinz Pro Street Bike<br data-start=\"864\" data-end=\"867\" \/>\u2705 <strong data-start=\"869\" data-end=\"881\">Materia\u0142<\/strong>: Sk\u00f3ra z mikrofibry + siatkowe panele wentylacyjne<br data-start=\"927\" data-end=\"930\" \/>\u2705 <strong data-start=\"932\" data-end=\"941\">Kolor<\/strong>: Czarna podstawa z br\u0105zowymi akcentami na palcach<br data-start=\"979\" data-end=\"982\" \/>\u2705 <strong data-start=\"984\" data-end=\"1000\">Opcje logo<\/strong>: Puste, Haftowane, Sitodruk, Logo silikonowe<br data-start=\"1049\" data-end=\"1052\" \/>\u2705 <strong data-start=\"1054\" data-end=\"1073\">Cechy konstrukcyjne<\/strong>:<br data-start=\"1074\" data-end=\"1077\" \/>- Oddychaj\u0105ce perforacje wentylacyjne<br data-start=\"1114\" data-end=\"1117\" \/>- Wy\u015bcie\u0142ane strefy d\u0142oni absorbuj\u0105ce wstrz\u0105sy<br data-start=\"1152\" data-end=\"1155\" \/>- Ci\u0119cie na p\u00f3\u0142 palca dla maksymalnej kontroli nad kierownic\u0105<br data-start=\"1202\" data-end=\"1205\" \/>- Powierzchnia antypo\u015blizgowa<br data-start=\"1229\" data-end=\"1232\" \/>- Szybkie zapi\u0119cie na rzep na nadgarstku<\/p>\n<p class=\"\" data-start=\"1271\" data-end=\"1335\">\u2705 <strong data-start=\"1273\" data-end=\"1292\">Dost\u0119pne rozmiary<\/strong>: S, M, L, XL (dost\u0119pne rozmiary niestandardowe)<\/p>\n<p class=\"\" data-start=\"1337\" data-end=\"1545\">\u2705 <strong data-start=\"1339\" data-end=\"1346\">Dopasowanie<\/strong>: Ergonomia, wysoka wydajno\u015b\u0107, rozci\u0105gliwy komfort<br data-start=\"1392\" data-end=\"1395\" \/>\u2705 <strong data-start=\"1397\" data-end=\"1404\">U\u017cycie<\/strong>: Kolarstwo uliczne, trening na si\u0142owni, kolarstwo szosowe, sporty na \u015bwie\u017cym powietrzu, e-rower<br data-start=\"1473\" data-end=\"1476\" \/>\u2705 <strong data-start=\"1478\" data-end=\"1485\">MOQ<\/strong>: Niskie minima dla sprzeda\u017cy hurtowej, marki w\u0142asnej, niestandardowego brandingu<\/p>\n<hr class=\"\" data-start=\"1547\" data-end=\"1550\" \/>\n<h3 class=\"\" data-start=\"1552\" data-end=\"1581\"><strong data-start=\"1556\" data-end=\"1580\">Szczeg\u00f3\u0142owy opis<\/strong>:<\/h3>\n<p class=\"\" data-start=\"1583\" data-end=\"1730\">Zaprojektowany z my\u015bl\u0105 o wytrzyma\u0142o\u015bci i szybko\u015bci. <strong data-start=\"1635\" data-end=\"1677\">Czarno-br\u0105zowe r\u0119kawiczki rowerowe Street Bike Ryinz<\/strong> s\u0105 zbudowane tak, aby sprosta\u0107 najtrudniejszym przeja\u017cd\u017ckom i treningom.<\/p>\n<p class=\"\" data-start=\"1732\" data-end=\"2035\">R\u0119kawice te posiadaj\u0105 <strong data-start=\"1753\" data-end=\"1783\">Wysokiej jako\u015bci sk\u00f3ra z mikrofibry<\/strong> dla trwa\u0142o\u015bci i mi\u0119kkiej elastyczno\u015bci, w po\u0142\u0105czeniu z <strong data-start=\"1835\" data-end=\"1863\">perforacje wentylacyjne<\/strong> dla doskona\u0142ego przep\u0142ywu powietrza.<br data-start=\"1885\" data-end=\"1888\" \/>The <strong data-start=\"1892\" data-end=\"1929\">Strategicznie rozmieszczona wy\u015bci\u00f3\u0142ka d\u0142oni<\/strong> poch\u0142ania wstrz\u0105sy i chroni przed \u015bcieraniem, zapewniaj\u0105c doskona\u0142\u0105 przyczepno\u015b\u0107 i komfort d\u0142oni podczas d\u0142ugich sesji.<\/p>\n<p class=\"\" data-start=\"2037\" data-end=\"2229\">The <strong data-start=\"2041\" data-end=\"2063\">Konstrukcja na p\u00f3\u0142 palca<\/strong> umo\u017cliwia maksymaln\u0105 kontrol\u0119 nad kierownic\u0105, biegami i ekranami dotykowymi, dzi\u0119ki czemu r\u0119kawice te s\u0105 idealne do jazdy na rowerze ulicznym, trening\u00f3w na si\u0142owni, jazdy na hulajnodze elektrycznej i treningu na \u015bwie\u017cym powietrzu.<\/p>\n<p class=\"\" data-start=\"2231\" data-end=\"2421\">Idealny dla <strong data-start=\"2241\" data-end=\"2272\">prywatne marki sportowe<\/strong>, <strong data-start=\"2274\" data-end=\"2295\">firmy fitness<\/strong>, <strong data-start=\"2297\" data-end=\"2314\">sklepy rowerowe<\/strong>, <strong data-start=\"2316\" data-end=\"2344\">linie mody streetwear<\/strong>, oraz <strong data-start=\"2350\" data-end=\"2370\">sprzedawcy internetowi<\/strong> kt\u00f3rzy szukaj\u0105 nowoczesnej, dobrze sprzedaj\u0105cej si\u0119 r\u0119kawicy.<\/p>\n<hr class=\"\" data-start=\"2423\" data-end=\"2426\" \/>\n<h3 class=\"\" data-start=\"2428\" data-end=\"2481\"><strong data-start=\"2432\" data-end=\"2480\">Kluczowe funkcje dla nabywc\u00f3w hurtowych i detalicznych<\/strong>:<\/h3>\n<p class=\"\" data-start=\"2483\" data-end=\"3001\">???? <strong data-start=\"2486\" data-end=\"2523\">Nowoczesny europejski minimalistyczny design<\/strong>: Elegancki, odwa\u017cny i skoncentrowany na wydajno\u015bci.<br data-start=\"2562\" data-end=\"2565\" \/>???? <strong data-start=\"2568\" data-end=\"2602\">Przewaga cenowa producenta<\/strong>: Zwi\u0119ksz mar\u017ce zysku dzi\u0119ki bezpo\u015brednim dostawom fabrycznym.<br data-start=\"2652\" data-end=\"2655\" \/>???? <strong data-start=\"2658\" data-end=\"2693\">Dost\u0119pne pe\u0142ne opcje brandingu<\/strong>: Sitodruk, haft, gumowe naszywki, silikonowe logo.<br data-start=\"2752\" data-end=\"2755\" \/>???? <strong data-start=\"2758\" data-end=\"2780\">Szeroki popyt rynkowy<\/strong>: Marki rowerowe, fitness, si\u0142ownia, streetwear, activewear.<br data-start=\"2834\" data-end=\"2837\" \/>???? <strong data-start=\"2840\" data-end=\"2881\">Szybka produkcja i niezawodna wysy\u0142ka<\/strong>: Globalna dostawa do Europy, USA i Azji.<br data-start=\"2924\" data-end=\"2927\" \/>???? <strong data-start=\"2930\" data-end=\"2952\">Stworzony do intensywnego u\u017cytkowania<\/strong>: Trwa\u0142o\u015b\u0107, oddychalno\u015b\u0107, ochrona w po\u0142\u0105czeniu.<\/p>\n<hr class=\"\" data-start=\"3003\" data-end=\"3006\" \/>\n<h3 class=\"\" data-start=\"3008\" data-end=\"3034\"><strong data-start=\"3012\" data-end=\"3033\">Pomys\u0142y na aplikacje<\/strong>:<\/h3>\n<p class=\"\" data-start=\"3036\" data-end=\"3289\">- Sklepy ze sprz\u0119tem rowerowym<br data-start=\"3055\" data-end=\"3058\" \/>- Sprzedawcy sprz\u0119tu do si\u0142owni i fitness<br data-start=\"3093\" data-end=\"3096\" \/>- Marki rowerowe i fitness marek w\u0142asnych<br data-start=\"3138\" data-end=\"3141\" \/>- Przygoda na \u015bwie\u017cym powietrzu i sklepy sportowe<br data-start=\"3178\" data-end=\"3181\" \/>- Sprzedawcy akcesori\u00f3w do skuter\u00f3w i rower\u00f3w elektrycznych<br data-start=\"3219\" data-end=\"3222\" \/>- Agencje produkt\u00f3w promocyjnych<br data-start=\"3253\" data-end=\"3256\" \/>- Startupy zajmuj\u0105ce si\u0119 mod\u0105 i odzie\u017c\u0105 uliczn\u0105<\/p>\n<hr class=\"\" data-start=\"3291\" data-end=\"3294\" \/>\n<h3 class=\"\" data-start=\"3296\" data-end=\"3333\"><strong data-start=\"3300\" data-end=\"3332\">Idealny rozmiar i dopasowanie<\/strong>:<\/h3>\n<div class=\"group pointer-events-none relative flex justify-center *:pointer-events-auto\">\n<p>&nbsp;<\/p>\n<div class=\"tableContainer horzScrollShadows relative\">\n<table class=\"min-w-full\" data-start=\"3335\" data-end=\"3526\">\n<thead data-start=\"3335\" data-end=\"3387\">\n<tr data-start=\"3335\" data-end=\"3387\">\n<th data-start=\"3335\" data-end=\"3342\">Rozmiar<\/th>\n<th data-start=\"3342\" data-end=\"3360\">Szeroko\u015b\u0107 d\u0142oni (cm)<\/th>\n<th data-start=\"3360\" data-end=\"3387\">Obw\u00f3d d\u0142oni (cm)<\/th>\n<\/tr>\n<\/thead>\n<tbody data-start=\"3441\" data-end=\"3526\">\n<tr data-start=\"3441\" data-end=\"3460\">\n<td class=\"max-w-[calc(var(--thread-content-max-width)*2\/3)]\" data-start=\"3441\" data-end=\"3445\">S<\/td>\n<td class=\"max-w-[calc(var(--thread-content-max-width)*2\/3)]\" data-start=\"3445\" data-end=\"3451\">7.5<\/td>\n<td class=\"max-w-[calc(var(--thread-content-max-width)*2\/3)]\" data-start=\"3451\" data-end=\"3460\">17-18<\/td>\n<\/tr>\n<tr data-start=\"3461\" data-end=\"3482\">\n<td class=\"max-w-[calc(var(--thread-content-max-width)*2\/3)]\" data-start=\"3461\" data-end=\"3465\">M<\/td>\n<td class=\"max-w-[calc(var(--thread-content-max-width)*2\/3)]\" data-start=\"3465\" data-end=\"3471\">8.5<\/td>\n<td class=\"max-w-[calc(var(--thread-content-max-width)*2\/3)]\" data-start=\"3471\" data-end=\"3482\">18-19.5<\/td>\n<\/tr>\n<tr data-start=\"3483\" data-end=\"3504\">\n<td class=\"max-w-[calc(var(--thread-content-max-width)*2\/3)]\" data-start=\"3483\" data-end=\"3487\">L<\/td>\n<td class=\"max-w-[calc(var(--thread-content-max-width)*2\/3)]\" data-start=\"3487\" data-end=\"3493\">9.5<\/td>\n<td class=\"max-w-[calc(var(--thread-content-max-width)*2\/3)]\" data-start=\"3493\" data-end=\"3504\">19.5-21<\/td>\n<\/tr>\n<tr data-start=\"3505\" data-end=\"3526\">\n<td class=\"max-w-[calc(var(--thread-content-max-width)*2\/3)]\" data-start=\"3505\" data-end=\"3510\">XL<\/td>\n<td class=\"max-w-[calc(var(--thread-content-max-width)*2\/3)]\" data-start=\"3510\" data-end=\"3517\">10.5<\/td>\n<td class=\"max-w-[calc(var(--thread-content-max-width)*2\/3)]\" data-start=\"3517\" data-end=\"3526\">21-23<\/td>\n<\/tr>\n<\/tbody>\n<\/table>\n<\/div>\n<\/div>\n<p class=\"\" data-start=\"3528\" data-end=\"3575\">(Zaprojektowany z my\u015bl\u0105 o bezpiecznym, swobodnym dopasowaniu).<\/p>","protected":false},"excerpt":{"rendered":"<h3 class=\"\" data-start=\"2428\" data-end=\"2481\"><strong data-start=\"2432\" data-end=\"2480\">Kluczowe funkcje dla nabywc\u00f3w hurtowych i detalicznych<\/strong>:<\/h3>\n<p class=\"\" data-start=\"2483\" data-end=\"3001\">???? <strong data-start=\"2486\" data-end=\"2523\">Nowoczesny europejski minimalistyczny design<\/strong>: Elegancki, odwa\u017cny i skoncentrowany na wydajno\u015bci.<br data-start=\"2562\" data-end=\"2565\" \/>???? <strong data-start=\"2568\" data-end=\"2602\">Przewaga cenowa producenta<\/strong>: Zwi\u0119ksz mar\u017ce zysku dzi\u0119ki bezpo\u015brednim dostawom fabrycznym.<br data-start=\"2652\" data-end=\"2655\" \/>???? <strong data-start=\"2658\" data-end=\"2693\">Dost\u0119pne pe\u0142ne opcje brandingu<\/strong>: Sitodruk, haft, gumowe naszywki, silikonowe logo.<br data-start=\"2752\" data-end=\"2755\" \/>???? <strong data-start=\"2758\" data-end=\"2780\">Szeroki popyt rynkowy<\/strong>: Marki rowerowe, fitness, si\u0142ownia, streetwear, activewear.<br data-start=\"2834\" data-end=\"2837\" \/>???? <strong data-start=\"2840\" data-end=\"2881\">Szybka produkcja i niezawodna wysy\u0142ka<\/strong>: Globalna dostawa do Europy, USA i Azji.<br data-start=\"2924\" data-end=\"2927\" \/>???? <strong data-start=\"2930\" data-end=\"2952\">Stworzony do intensywnego u\u017cytkowania<\/strong>: Trwa\u0142o\u015b\u0107, oddychalno\u015b\u0107, ochrona w po\u0142\u0105czeniu.<\/p>","protected":false},"featured_media":9043,"comment_status":"closed","ping_status":"closed","template":"","meta":[],"product_brand":[35],"product_cat":[152],"product_tag":[185,46,186,180,187,188,189,153,190,191],"class_list":{"0":"post-8995","1":"product","2":"type-product","3":"status-publish","4":"has-post-thumbnail","6":"product_brand-ryinz","7":"product_cat-street-bike-gloves","8":"product_tag-biking-gloves-for-street-riders","9":"product_tag-breathable-mesh-gloves","10":"product_tag-customizable-bike-gloves","11":"product_tag-ergonomic-street-bike-gloves","12":"product_tag-fingerless-street-bike-gloves","13":"product_tag-lycra-fourchettes-gloves","14":"product_tag-serino-palm-bike-gloves","15":"product_tag-street-bike-gloves","16":"product_tag-towel-thumb-bike-gloves","17":"product_tag-urban-biking-gloves","19":"first","20":"instock","21":"taxable","22":"shipping-taxable","23":"purchasable","24":"product-type-simple"},"_links":{"self":[{"href":"https:\/\/ryinz.cz\/velkoobchod\/pl\/wp-json\/wp\/v2\/product\/8995","targetHints":{"allow":["GET"]}}],"collection":[{"href":"https:\/\/ryinz.cz\/velkoobchod\/pl\/wp-json\/wp\/v2\/product"}],"about":[{"href":"https:\/\/ryinz.cz\/velkoobchod\/pl\/wp-json\/wp\/v2\/types\/product"}],"replies":[{"embeddable":true,"href":"https:\/\/ryinz.cz\/velkoobchod\/pl\/wp-json\/wp\/v2\/comments?post=8995"}],"wp:featuredmedia":[{"embeddable":true,"href":"https:\/\/ryinz.cz\/velkoobchod\/pl\/wp-json\/wp\/v2\/media\/9043"}],"wp:attachment":[{"href":"https:\/\/ryinz.cz\/velkoobchod\/pl\/wp-json\/wp\/v2\/media?parent=8995"}],"wp:term":[{"taxonomy":"product_brand","embeddable":true,"href":"https:\/\/ryinz.cz\/velkoobchod\/pl\/wp-json\/wp\/v2\/product_brand?post=8995"},{"taxonomy":"product_cat","embeddable":true,"href":"https:\/\/ryinz.cz\/velkoobchod\/pl\/wp-json\/wp\/v2\/product_cat?post=8995"},{"taxonomy":"product_tag","embeddable":true,"href":"https:\/\/ryinz.cz\/velkoobchod\/pl\/wp-json\/wp\/v2\/product_tag?post=8995"}],"curies":[{"name":"wp","href":"https:\/\/api.w.org\/{rel}","templated":true}]}}