{"id":8994,"date":"2025-06-22T15:24:50","date_gmt":"2025-06-22T15:24:50","guid":{"rendered":"https:\/\/ryinz.cz\/velkoobchod\/?post_type=product&#038;p=8994"},"modified":"2026-01-18T20:17:19","modified_gmt":"2026-01-18T20:17:19","slug":"ryinz-rekawiczki-miejskie-z-polpalcami-komfort-premium-do-jazdy-na-rowerze-ulicznym-trening-fitness-silownia-sprzedaz-hurtowa-i-pod-marka-wlasna","status":"publish","type":"product","link":"https:\/\/ryinz.cz\/velkoobchod\/pl\/product\/ryinz-half-finger-urban-performance-gloves-premium-comfort-for-street-biking-gym-fitness-training-wholesale-and-private-label\/","title":{"rendered":"R\u0119kawiczki p\u00f3\u0142palczaste Ryinz Urban Performance Gloves | Najwy\u017cszy komfort do jazdy na rowerze ulicznym, si\u0142owni, treningu fitness - sprzeda\u017c hurtowa i pod mark\u0105 w\u0142asn\u0105"},"content":{"rendered":"<p class=\"\" data-start=\"480\" data-end=\"727\">Przy <strong data-start=\"483\" data-end=\"492\">Ryinz<\/strong>, Jeste\u015bmy dumni z dostarczania najwy\u017cszej jako\u015bci produkt\u00f3w, kt\u00f3re wzmacniaj\u0105 marki, podnosz\u0105 rang\u0119 sprzedawc\u00f3w detalicznych i zachwycaj\u0105 u\u017cytkownik\u00f3w ko\u0144cowych w Europie, USA i Azji.<br data-start=\"630\" data-end=\"633\" \/>Jeste\u015bmy niewidzialnym motorem handlu mi\u0119dzynarodowego - otwieramy drzwi, aby\u015b m\u00f3g\u0142 zamkn\u0105\u0107 sprzeda\u017c.<\/p>\n<p class=\"\" data-start=\"729\" data-end=\"1045\">Przedstawiamy najnowsze <strong data-start=\"752\" data-end=\"798\">R\u0119kawiczki miejskie z p\u00f3\u0142palcami Ryinz<\/strong> - doskona\u0142e po\u0142\u0105czenie funkcjonalno\u015bci, wygody i nowoczesnego designu. R\u0119kawice te zosta\u0142y profesjonalnie zaprojektowane dla rowerzyst\u00f3w, sportowc\u00f3w, os\u00f3b doje\u017cd\u017caj\u0105cych do pracy i entuzjast\u00f3w si\u0142owni, kt\u00f3rzy wymagaj\u0105 maksymalnej zr\u0119czno\u015bci, przyczepno\u015bci i oddychalno\u015bci podczas wyczynowych aktywno\u015bci.<\/p>\n<p class=\"\" data-start=\"1047\" data-end=\"1482\">Wykonane z doskona\u0142ej mieszanki elastycznych i wytrzyma\u0142ych materia\u0142\u00f3w, r\u0119kawice te oferuj\u0105 idealne ergonomiczne dopasowanie, kt\u00f3re porusza si\u0119 naturalnie wraz z d\u0142o\u0144mi. Konstrukcja zapewnia pe\u0142n\u0105 wentylacj\u0119 w tylnej cz\u0119\u015bci d\u0142oni, oferuj\u0105c jednocze\u015bnie bardzo trwa\u0142\u0105 zamszow\u0105 tekstur\u0119 d\u0142oni zapewniaj\u0105c\u0105 pewny chwyt w ka\u017cdych warunkach. Niezale\u017cnie od tego, czy chwytasz kierownic\u0119, podnosisz ci\u0119\u017cary, czy obs\u0142ugujesz sprz\u0119t taktyczny, r\u0119kawice te zapewniaj\u0105 precyzyjn\u0105 kontrol\u0119 i wygod\u0119 przez ca\u0142y dzie\u0144.<\/p>\n<p class=\"\" data-start=\"1484\" data-end=\"1796\">Elegancka, minimalistyczna stylistyka sprawia, \u017ce s\u0105 one idealne nie tylko do u\u017cytku wyczynowego, ale tak\u017ce dla entuzjast\u00f3w mody miejskiej poszukuj\u0105cych sportowego charakteru. Ich lekka i oddychaj\u0105ca konstrukcja sprawia, \u017ce s\u0105 to najlepsze r\u0119kawice do aktywno\u015bci w ciep\u0142e dni, trening\u00f3w fitness, dojazd\u00f3w do pracy w mie\u015bcie lub swobodnych przyg\u00f3d na \u015bwie\u017cym powietrzu.<\/p>\n<p class=\"\" data-start=\"1798\" data-end=\"2163\">Ryinz oferuje marki w\u0142asne, niestandardowe logo, produkcj\u0119 OEM i us\u0142ugi dystrybucji hurtowej, pomagaj\u0105c w \u0142atwym skalowaniu marki na rynkach europejskich i ameryka\u0144skich.<br data-start=\"1980\" data-end=\"1983\" \/>Od ma\u0142ych startup\u00f3w po du\u017cych dystrybutor\u00f3w, Ryinz jest zaanga\u017cowany w dostarczanie skalowalnych, wysokiej jako\u015bci rozwi\u0105za\u0144 z elastycznymi minimalnymi ilo\u015bciami zam\u00f3wie\u0144 (MOQ) i kr\u00f3tkim czasem produkcji.<\/p>\n<p class=\"\" data-start=\"2165\" data-end=\"2303\">Wybierz r\u0119kawice Ryinz Half-Finger Urban Performance, aby zapewni\u0107 swoim klientom najwy\u017csz\u0105 jako\u015b\u0107, nowoczesny design i najwy\u017csz\u0105 wydajno\u015b\u0107.<\/p>\n<hr class=\"\" data-start=\"2305\" data-end=\"2308\" \/>\n<h1 class=\"\" data-start=\"2310\" data-end=\"2344\">???? <strong data-start=\"2315\" data-end=\"2344\">Kluczowe cechy i korzy\u015bci<\/strong><\/h1>\n<p class=\"\" data-start=\"2346\" data-end=\"2513\">???? <strong data-start=\"2349\" data-end=\"2380\">Konstrukcja z wysokiej jako\u015bci tkaniny<\/strong><br data-start=\"2380\" data-end=\"2383\" \/>Wykonane z lekkich materia\u0142\u00f3w o wysokiej rozci\u0105gliwo\u015bci, aby zapewni\u0107 \u015bcis\u0142e, naturalne dopasowanie, kt\u00f3re zapewnia pe\u0142n\u0105 mobilno\u015b\u0107 d\u0142oni bez ogranicze\u0144.<\/p>\n<p class=\"\" data-start=\"2515\" data-end=\"2679\">???? <strong data-start=\"2518\" data-end=\"2552\">Wzmocniona zamszowa d\u0142o\u0144<\/strong><br data-start=\"2552\" data-end=\"2555\" \/>Zapewnia wyj\u0105tkow\u0105 przyczepno\u015b\u0107 i ochron\u0119 przed otarciami, daj\u0105c rowerzystom, sportowcom i osobom doje\u017cd\u017caj\u0105cym do pracy dodatkow\u0105 kontrol\u0119 i bezpiecze\u0144stwo.<\/p>\n<p class=\"\" data-start=\"2681\" data-end=\"2828\">???? <strong data-start=\"2684\" data-end=\"2714\">Oddychaj\u0105ce panele na plecach<\/strong><br data-start=\"2714\" data-end=\"2717\" \/>Maksymalizuje przep\u0142yw powietrza, zmniejsza gromadzenie si\u0119 potu i utrzymuje d\u0142onie w ch\u0142odzie podczas trening\u00f3w, przeja\u017cd\u017cek lub aktywno\u015bci na \u015bwie\u017cym powietrzu.<\/p>\n<p class=\"\" data-start=\"2830\" data-end=\"3011\">???? <strong data-start=\"2833\" data-end=\"2877\">Konstrukcja z po\u0142ow\u0105 palca dla maksymalnej zr\u0119czno\u015bci<\/strong><br data-start=\"2877\" data-end=\"2880\" \/>Zapewnia u\u017cytkownikom wi\u0119ksz\u0105 swobod\u0119 i dotykowe sprz\u0119\u017cenie zwrotne, idealne do precyzyjnego sterowania kierownic\u0105, korzystania ze smartfona lub obs\u0142ugi sprz\u0119tu na si\u0142owni.<\/p>\n<p class=\"\" data-start=\"3013\" data-end=\"3193\">???? <strong data-start=\"3016\" data-end=\"3046\">Minimalistyczny styl miejski<\/strong><br data-start=\"3046\" data-end=\"3049\" \/>Nowoczesna, czysta estetyka zapewnia, \u017ce r\u0119kawice te s\u0105 nie tylko funkcjonalne, ale tak\u017ce wystarczaj\u0105co stylowe do noszenia na co dzie\u0144, odzie\u017cy sportowej i codziennej mody miejskiej.<\/p>\n<p class=\"\" data-start=\"3195\" data-end=\"3321\">???? <strong data-start=\"3198\" data-end=\"3239\">Szybkoschn\u0105ca i odprowadzaj\u0105ca wilgo\u0107 podszewka<\/strong><br data-start=\"3239\" data-end=\"3242\" \/>Zapewnia sucho\u015b\u0107 i wygod\u0119 d\u0142oni nawet podczas intensywnej aktywno\u015bci fizycznej.<\/p>\n<p class=\"\" data-start=\"3323\" data-end=\"3471\">???? <strong data-start=\"3326\" data-end=\"3357\">Bezpieczne zapi\u0119cie na rzep na nadgarstku<\/strong><br data-start=\"3357\" data-end=\"3360\" \/>Regulowany pasek na nadgarstek zapewnia spersonalizowane, bezpieczne dopasowanie, dzi\u0119ki czemu r\u0119kawice pozostaj\u0105 na miejscu podczas intensywnego u\u017cytkowania.<\/p>\n<p class=\"\" data-start=\"3473\" data-end=\"3626\">???? <strong data-start=\"3476\" data-end=\"3508\">Idealny do u\u017cytku w ciep\u0142e dni<\/strong><br data-start=\"3508\" data-end=\"3511\" \/>Lekka konstrukcja sprawia, \u017ce r\u0119kawice te s\u0105 idealne na wiosenn\u0105 i letni\u0105 jazd\u0119, treningi na si\u0142owni i trening fitness.<\/p>\n<p class=\"\" data-start=\"3628\" data-end=\"3824\">???? <strong data-start=\"3631\" data-end=\"3683\">Dost\u0119pne niestandardowe logo i us\u0142ugi marek w\u0142asnych<\/strong><br data-start=\"3683\" data-end=\"3686\" \/>Ryinz oferuje dostosowane rozwi\u0105zania brandingowe, kt\u00f3re pomagaj\u0105 promowa\u0107 to\u017csamo\u015b\u0107, oferuj\u0105c niestandardowe logo, opakowania i personalizacj\u0119 produkt\u00f3w.<\/p>\n<p class=\"\" data-start=\"3826\" data-end=\"3990\">???? <strong data-start=\"3829\" data-end=\"3870\">Elastyczne rozwi\u0105zania w zakresie MOQ i zam\u00f3wie\u0144 zbiorczych<\/strong><br data-start=\"3870\" data-end=\"3873\" \/>Zacznij od ma\u0142ej skali lub zwi\u0119ksz skal\u0119 szybko dzi\u0119ki naszym elastycznym minimalnym wymaganiom dotycz\u0105cym zam\u00f3wie\u0144 i wydajnym mi\u0119dzynarodowym us\u0142ugom wysy\u0142kowym.<\/p>\n<hr class=\"\" data-start=\"3992\" data-end=\"3995\" \/>\n<h1 class=\"\" data-start=\"3997\" data-end=\"4028\">???? <strong data-start=\"4002\" data-end=\"4028\">Specyfikacja produktu<\/strong><\/h1>\n<p class=\"\" data-start=\"4030\" data-end=\"4513\">- <strong data-start=\"4032\" data-end=\"4044\">Materia\u0142<\/strong>: Tkanina o wysokiej rozci\u0105gliwo\u015bci + wzmocniona zamszem d\u0142o\u0144<br data-start=\"4107\" data-end=\"4110\" \/>- <strong data-start=\"4112\" data-end=\"4121\">Kolor<\/strong>: Urban Grey i Black (dost\u0119pne kolory niestandardowe)<br data-start=\"4169\" data-end=\"4172\" \/>- <strong data-start=\"4174\" data-end=\"4183\">Rozmiary<\/strong>: S, M, L, XL, XXL<br data-start=\"4201\" data-end=\"4204\" \/>- <strong data-start=\"4206\" data-end=\"4221\">Sezonowo\u015b\u0107<\/strong>: Idealny na wiosn\u0119, lato i \u0142agodn\u0105 pogod\u0119<br data-start=\"4265\" data-end=\"4268\" \/>- <strong data-start=\"4270\" data-end=\"4280\">Projekt<\/strong>: Ergonomiczne dopasowanie do po\u0142owy palca<br data-start=\"4307\" data-end=\"4310\" \/>- <strong data-start=\"4312\" data-end=\"4323\">Zamkni\u0119cie<\/strong>: Regulowany pasek na nadgarstek na rzep<br data-start=\"4354\" data-end=\"4357\" \/>- <strong data-start=\"4359\" data-end=\"4376\">Personalizacja<\/strong>: Drukowanie logo, marka w\u0142asna, dost\u0119pna produkcja OEM<br data-start=\"4432\" data-end=\"4435\" \/>- <strong data-start=\"4437\" data-end=\"4444\">MOQ<\/strong>: Pocz\u0105wszy od niskich kwot minimalnych - idealne dla ma\u0142ych marek i nabywc\u00f3w hurtowych<\/p>\n<hr class=\"\" data-start=\"4515\" data-end=\"4518\" \/>\n<h1 class=\"\" data-start=\"4520\" data-end=\"4558\">???? <strong data-start=\"4525\" data-end=\"4558\">Zastosowania i idealni nabywcy<\/strong><\/h1>\n<p class=\"\" data-start=\"4560\" data-end=\"4873\">- Rowerzy\u015bci uliczni<br data-start=\"4580\" data-end=\"4583\" \/>- Osoby doje\u017cd\u017caj\u0105ce do pracy na motocyklach i skuterach<br data-start=\"4617\" data-end=\"4620\" \/>- Entuzja\u015bci fitnessu i si\u0142owni<br data-start=\"4649\" data-end=\"4652\" \/>- Fani przyg\u00f3d i sport\u00f3w na \u015bwie\u017cym powietrzu<br data-start=\"4687\" data-end=\"4690\" \/>- CrossFit i podnoszenie ci\u0119\u017car\u00f3w dla sportowc\u00f3w<br data-start=\"4727\" data-end=\"4730\" \/>- Marki mody miejskiej<br data-start=\"4752\" data-end=\"4755\" \/>- Dostawcy sprz\u0119tu taktycznego<br data-start=\"4780\" data-end=\"4783\" \/>- Sprzedawcy e-commerce i dropshipperzy<br data-start=\"4820\" data-end=\"4823\" \/>- Sklepy ze sprz\u0119tem motocyklowym<br data-start=\"4846\" data-end=\"4849\" \/>- Startupy marek w\u0142asnych<\/p>\n<hr class=\"\" data-start=\"4875\" data-end=\"4878\" \/>\n<h1 class=\"\" data-start=\"4880\" data-end=\"4946\">???? <strong data-start=\"4885\" data-end=\"4946\">Dlaczego warto wybra\u0107 Ryinz do produkcji i dostawy r\u0119kawic?<\/strong><\/h1>\n<p class=\"\" data-start=\"4948\" data-end=\"5245\">- Zaufany dostawca OEM\/ODM dla UE i USA<br data-start=\"4989\" data-end=\"4992\" \/>- Nowoczesne wzornictwo zgodne z europejskimi trendami<br data-start=\"5035\" data-end=\"5038\" \/>- Hurtowe rabaty hurtowe i niskie MOQ<br data-start=\"5076\" data-end=\"5079\" \/>- Pe\u0142ne wsparcie w zakresie marek w\u0142asnych i brandingu<br data-start=\"5120\" data-end=\"5123\" \/>- Dedykowany zesp\u00f3\u0142 wsparcia dla kupuj\u0105cych<br data-start=\"5153\" data-end=\"5156\" \/>- Szybka produkcja i wysy\u0142ka mi\u0119dzynarodowa<br data-start=\"5200\" data-end=\"5203\" \/>- Sp\u00f3jna kontrola jako\u015bci i standardy<\/p>","protected":false},"excerpt":{"rendered":"<p class=\"\" data-start=\"2346\" data-end=\"2513\">???? <strong data-start=\"2349\" data-end=\"2380\">Konstrukcja z wysokiej jako\u015bci tkaniny<\/strong><br data-start=\"2380\" data-end=\"2383\" \/>Wykonane z lekkich materia\u0142\u00f3w o wysokiej rozci\u0105gliwo\u015bci, aby zapewni\u0107 \u015bcis\u0142e, naturalne dopasowanie, kt\u00f3re zapewnia pe\u0142n\u0105 mobilno\u015b\u0107 d\u0142oni bez ogranicze\u0144.<\/p>\n<p class=\"\" data-start=\"2515\" data-end=\"2679\">???? <strong data-start=\"2518\" data-end=\"2552\">Wzmocniona zamszowa d\u0142o\u0144<\/strong><br data-start=\"2552\" data-end=\"2555\" \/>Zapewnia wyj\u0105tkow\u0105 przyczepno\u015b\u0107 i ochron\u0119 przed otarciami, daj\u0105c rowerzystom, sportowcom i osobom doje\u017cd\u017caj\u0105cym do pracy dodatkow\u0105 kontrol\u0119 i bezpiecze\u0144stwo.<\/p>\n<p class=\"\" data-start=\"2681\" data-end=\"2828\">???? <strong data-start=\"2684\" data-end=\"2714\">Oddychaj\u0105ce panele na plecach<\/strong><\/p>","protected":false},"featured_media":9056,"comment_status":"closed","ping_status":"closed","template":"","meta":[],"product_brand":[35],"product_cat":[152],"product_tag":[185,46,186,180,187,188,189,153,190,191],"class_list":{"0":"post-8994","1":"product","2":"type-product","3":"status-publish","4":"has-post-thumbnail","6":"product_brand-ryinz","7":"product_cat-street-bike-gloves","8":"product_tag-biking-gloves-for-street-riders","9":"product_tag-breathable-mesh-gloves","10":"product_tag-customizable-bike-gloves","11":"product_tag-ergonomic-street-bike-gloves","12":"product_tag-fingerless-street-bike-gloves","13":"product_tag-lycra-fourchettes-gloves","14":"product_tag-serino-palm-bike-gloves","15":"product_tag-street-bike-gloves","16":"product_tag-towel-thumb-bike-gloves","17":"product_tag-urban-biking-gloves","19":"first","20":"instock","21":"taxable","22":"shipping-taxable","23":"purchasable","24":"product-type-simple"},"_links":{"self":[{"href":"https:\/\/ryinz.cz\/velkoobchod\/pl\/wp-json\/wp\/v2\/product\/8994","targetHints":{"allow":["GET"]}}],"collection":[{"href":"https:\/\/ryinz.cz\/velkoobchod\/pl\/wp-json\/wp\/v2\/product"}],"about":[{"href":"https:\/\/ryinz.cz\/velkoobchod\/pl\/wp-json\/wp\/v2\/types\/product"}],"replies":[{"embeddable":true,"href":"https:\/\/ryinz.cz\/velkoobchod\/pl\/wp-json\/wp\/v2\/comments?post=8994"}],"wp:featuredmedia":[{"embeddable":true,"href":"https:\/\/ryinz.cz\/velkoobchod\/pl\/wp-json\/wp\/v2\/media\/9056"}],"wp:attachment":[{"href":"https:\/\/ryinz.cz\/velkoobchod\/pl\/wp-json\/wp\/v2\/media?parent=8994"}],"wp:term":[{"taxonomy":"product_brand","embeddable":true,"href":"https:\/\/ryinz.cz\/velkoobchod\/pl\/wp-json\/wp\/v2\/product_brand?post=8994"},{"taxonomy":"product_cat","embeddable":true,"href":"https:\/\/ryinz.cz\/velkoobchod\/pl\/wp-json\/wp\/v2\/product_cat?post=8994"},{"taxonomy":"product_tag","embeddable":true,"href":"https:\/\/ryinz.cz\/velkoobchod\/pl\/wp-json\/wp\/v2\/product_tag?post=8994"}],"curies":[{"name":"wp","href":"https:\/\/api.w.org\/{rel}","templated":true}]}}