{"id":8993,"date":"2025-06-22T15:24:50","date_gmt":"2025-06-22T15:24:50","guid":{"rendered":"https:\/\/ryinz.cz\/velkoobchod\/?post_type=product&#038;p=8993"},"modified":"2026-01-18T20:17:18","modified_gmt":"2026-01-18T20:17:18","slug":"rekawice-rowerowe-street-hurtownia-ryinz-lekka-ochrona-wzory-eu-producent-i-dostawca-niestandardowych-logo","status":"publish","type":"product","link":"https:\/\/ryinz.cz\/velkoobchod\/pl\/product\/street-bike-gloves-wholesale-ryinz-lightweight-protection-eu-designs-manufacturer-and-custom-logo-supplier\/","title":{"rendered":"R\u0119kawiczki Street Bike Wholesale | Ryinz | Lekka ochrona | Wzory UE | Producent i dostawca niestandardowych logo"},"content":{"rendered":"<p class=\"\" data-start=\"267\" data-end=\"385\"><strong data-start=\"267\" data-end=\"385\">R\u0119kawiczki Street Bike Wholesale | Ryinz | Lekka ochrona | Wzory UE | Producent i dostawca niestandardowych logo<\/strong><\/p>\n<p class=\"\" data-start=\"387\" data-end=\"737\">Przy <strong data-start=\"390\" data-end=\"399\">Ryinz<\/strong>, Wspieramy marki i firmy na ca\u0142ym \u015bwiecie, oferuj\u0105c wysokowydajne produkty zaprojektowane zgodnie z europejskimi standardami jako\u015bci.<br data-start=\"521\" data-end=\"524\" \/>Jeste\u015bmy <strong data-start=\"535\" data-end=\"582\">Niewidzialny silnik stoj\u0105cy za handlem mi\u0119dzynarodowym<\/strong>, \u0142\u0105cz\u0105c producent\u00f3w, marki i nabywc\u00f3w z Europy, USA i Azji.<br data-start=\"670\" data-end=\"673\" \/>Nasza misja jest prosta: <strong data-start=\"696\" data-end=\"737\">Otwieramy drzwi, aby\u015b m\u00f3g\u0142 zamkn\u0105\u0107 sprzeda\u017c.<\/strong><\/p>\n<p class=\"\" data-start=\"739\" data-end=\"919\">Przedstawiamy <strong data-start=\"755\" data-end=\"783\">R\u0119kawiczki rowerowe Ryinz Street Bike<\/strong> - Najlepsze po\u0142\u0105czenie komfortu, ochrony, stylu i wydajno\u015bci. Idealny dla rowerzyst\u00f3w, kt\u00f3rzy wymagaj\u0105 sprz\u0119tu, kt\u00f3ry dzia\u0142a tak ci\u0119\u017cko, jak oni.<\/p>\n<hr class=\"\" data-start=\"921\" data-end=\"924\" \/>\n<h3 class=\"\" data-start=\"926\" data-end=\"953\"><strong data-start=\"930\" data-end=\"952\">Najwa\u017cniejsze cechy produktu<\/strong>:<\/h3>\n<p class=\"\" data-start=\"955\" data-end=\"1402\">\u2705 <strong data-start=\"957\" data-end=\"973\">Nazwa produktu<\/strong>: R\u0119kawiczki do jazdy na rowerze ulicznym Ryinz<br data-start=\"1006\" data-end=\"1009\" \/>\u2705 <strong data-start=\"1011\" data-end=\"1023\">Materia\u0142<\/strong>: Oddychaj\u0105ca tkanina siatkowa + wzmocniona d\u0142o\u0144 PU<br data-start=\"1068\" data-end=\"1071\" \/>\u2705 <strong data-start=\"1073\" data-end=\"1082\">Kolor<\/strong>: Niebieski\/czarny (dost\u0119pne kolory niestandardowe)<br data-start=\"1124\" data-end=\"1127\" \/>\u2705 <strong data-start=\"1129\" data-end=\"1145\">Opcje logo<\/strong>: Puste, niestandardowy sitodruk, gumowa naszywka, haft<br data-start=\"1202\" data-end=\"1205\" \/>\u2705 <strong data-start=\"1207\" data-end=\"1217\">Projekt<\/strong>:<br data-start=\"1218\" data-end=\"1221\" \/>- Konstrukcja z po\u0142ow\u0105 palca dla maksymalnej kontroli<br data-start=\"1261\" data-end=\"1264\" \/>- Wy\u015bcie\u0142ana d\u0142o\u0144 poch\u0142aniaj\u0105ca wstrz\u0105sy<br data-start=\"1298\" data-end=\"1301\" \/>- Regulowany pasek na nadgarstek dla bezpiecznego dopasowania<br data-start=\"1340\" data-end=\"1343\" \/>- Ulepszenia uchwytu antypo\u015blizgowego<br data-start=\"1372\" data-end=\"1375\" \/>- Oddychaj\u0105ca siateczka Airflow<\/p>\n<p class=\"\" data-start=\"1404\" data-end=\"1464\">\u2705 <strong data-start=\"1406\" data-end=\"1425\">Dost\u0119pne rozmiary<\/strong>: S, M, L, XL (dost\u0119pne rozmiary niestandardowe)<\/p>\n<p class=\"\" data-start=\"1466\" data-end=\"1681\">\u2705 <strong data-start=\"1468\" data-end=\"1475\">Dopasowanie<\/strong>: Lekki, ergonomiczny i wydajny kr\u00f3j<br data-start=\"1521\" data-end=\"1524\" \/>\u2705 <strong data-start=\"1526\" data-end=\"1533\">U\u017cycie<\/strong>: Kolarstwo uliczne, kolarstwo szosowe, fitness, zaj\u0119cia na \u015bwie\u017cym powietrzu, jazda na hulajnodze elektrycznej<br data-start=\"1609\" data-end=\"1612\" \/>\u2705 <strong data-start=\"1614\" data-end=\"1621\">MOQ<\/strong>: Niskie minima dla sprzeda\u017cy hurtowej i personalizacji marki w\u0142asnej<\/p>\n<hr class=\"\" data-start=\"1683\" data-end=\"1686\" \/>\n<h3 class=\"\" data-start=\"1688\" data-end=\"1717\"><strong data-start=\"1692\" data-end=\"1716\">Szczeg\u00f3\u0142owy opis<\/strong>:<\/h3>\n<p class=\"\" data-start=\"1719\" data-end=\"1872\">Je\u017adzij mocniej, d\u0142u\u017cej i m\u0105drzej dzi\u0119ki <strong data-start=\"1761\" data-end=\"1789\">R\u0119kawiczki rowerowe Ryinz Street Bike<\/strong> - Stworzony dla miejskich wojownik\u00f3w, entuzjast\u00f3w fitnessu i rowerzyst\u00f3w nastawionych na osi\u0105gi.<\/p>\n<p class=\"\" data-start=\"1874\" data-end=\"2175\">R\u0119kawice te \u0142\u0105cz\u0105 w sobie <strong data-start=\"1895\" data-end=\"1926\">Lekka, oddychaj\u0105ca siateczka<\/strong> z <strong data-start=\"1932\" data-end=\"1962\">wzmocnione d\u0142onie wy\u015bcie\u0142ane PU<\/strong>, zapewniaj\u0105c pot\u0119\u017cne po\u0142\u0105czenie komfortu, wentylacji i przyczepno\u015bci.<br data-start=\"2024\" data-end=\"2027\" \/>Konstrukcja z po\u0142ow\u0105 palca oferuje <strong data-start=\"2057\" data-end=\"2081\">Pe\u0142na kontrola dotykowa<\/strong>, Dzi\u0119ki temu kierowcy mog\u0105 pewnie i precyzyjnie chwyta\u0107 kierownic\u0119, hamulce i przepustnice.<\/p>\n<p class=\"\" data-start=\"2177\" data-end=\"2472\">An <strong data-start=\"2180\" data-end=\"2206\">regulowany pasek na nadgarstek<\/strong> zapewnia spersonalizowane dopasowanie, a antypo\u015blizgowe wzmocnienia d\u0142oni zapewniaj\u0105 stabilno\u015b\u0107 w mokrych i suchych warunkach.<br data-start=\"2323\" data-end=\"2326\" \/>Idealny dla <strong data-start=\"2338\" data-end=\"2355\">motocykli\u015bci uliczni<\/strong>, <strong data-start=\"2357\" data-end=\"2374\">rowerzy\u015bci szosowi<\/strong>, <strong data-start=\"2376\" data-end=\"2393\">Rowerzy\u015bci elektryczni<\/strong>, a nawet <strong data-start=\"2404\" data-end=\"2417\">bywalcy si\u0142owni<\/strong> szukaj\u0105cych dodatkowej przyczepno\u015bci podczas trening\u00f3w o wysokiej intensywno\u015bci.<\/p>\n<p class=\"\" data-start=\"2474\" data-end=\"2647\">Dost\u0119pne z <strong data-start=\"2489\" data-end=\"2516\">Niestandardowe opcje brandingu<\/strong>, R\u0119kawice Ryinz to fantastyczne produkty promocyjne, dodatki do linii detalicznej lub markowe towary na imprezy, dla zespo\u0142\u00f3w i firm.<\/p>\n<hr class=\"\" data-start=\"2649\" data-end=\"2652\" \/>\n<h3 class=\"\" data-start=\"2654\" data-end=\"2707\"><strong data-start=\"2658\" data-end=\"2706\">Kluczowe funkcje dla nabywc\u00f3w hurtowych i detalicznych<\/strong>:<\/h3>\n<p><strong data-start=\"2712\" data-end=\"2736\">Konstrukcja zaprojektowana przez UE<\/strong>: \u0141\u0105czy w sobie funkcjonalno\u015b\u0107, dopasowanie i \u015bwie\u017cy styl dostosowany do rynk\u00f3w europejskich i \u015bwiatowych.<br data-start=\"2816\" data-end=\"2819\" \/><strong data-start=\"2822\" data-end=\"2853\">Bezpo\u015brednie ceny producenta<\/strong>: Najlepsza warto\u015b\u0107 bez po\u015brednik\u00f3w.<br data-start=\"2884\" data-end=\"2887\" \/><strong data-start=\"2890\" data-end=\"2911\">Niestandardowe logo gotowe<\/strong>: Dodaj swoj\u0105 mark\u0119 za pomoc\u0105 sitodruku, haftu lub gumowych naszywek z logo.<br data-start=\"2981\" data-end=\"2984\" \/><strong data-start=\"2987\" data-end=\"3010\">Szeroka atrakcyjno\u015b\u0107 rynkowa<\/strong>: Idealny dla rowerzyst\u00f3w miejskich, sklep\u00f3w rowerowych, marek sportowych, si\u0142owni i sprzedawc\u00f3w internetowych.<br data-start=\"3095\" data-end=\"3098\" \/><strong data-start=\"3101\" data-end=\"3133\">Szybka produkcja i dostawa<\/strong>: Pe\u0142ne wsparcie dla nabywc\u00f3w B2B z ca\u0142ego \u015bwiata.<strong data-start=\"3179\" data-end=\"3207\">Trwa\u0142o\u015b\u0107 \u0142\u0105czy si\u0119 z komfortem<\/strong>: Wzmocnione szwy, bezpieczne strefy chwytu, wysokiej jako\u015bci oddychaj\u0105ce materia\u0142y.<\/p>\n<hr class=\"\" data-start=\"3281\" data-end=\"3284\" \/>\n<h3 class=\"\" data-start=\"3286\" data-end=\"3312\"><strong data-start=\"3290\" data-end=\"3311\">Pomys\u0142y na aplikacje<\/strong>:<\/h3>\n<p class=\"\" data-start=\"3314\" data-end=\"3555\">- Street Bike i sprzedawcy sprz\u0119tu motocyklowego<br data-start=\"3357\" data-end=\"3360\" \/>- Sklepy z rowerami i hulajnogami elektrycznymi<br data-start=\"3389\" data-end=\"3392\" \/>- Marki fitness i si\u0142owni<br data-start=\"3416\" data-end=\"3419\" \/>- Outdoor Adventure Retailers<br data-start=\"3448\" data-end=\"3451\" \/>- Startupy zajmuj\u0105ce si\u0119 miejsk\u0105 odzie\u017c\u0105 sportow\u0105<br data-start=\"3478\" data-end=\"3481\" \/>- Marki w\u0142asne odzie\u017cy ulicznej<br data-start=\"3514\" data-end=\"3517\" \/>- Prezenty na imprezy i promocje marki<\/p>\n<hr class=\"\" data-start=\"3557\" data-end=\"3560\" \/>\n<h3 class=\"\" data-start=\"3562\" data-end=\"3599\"><strong data-start=\"3566\" data-end=\"3598\">Idealny rozmiar i dopasowanie<\/strong>:<\/h3>\n<div class=\"group pointer-events-none relative flex justify-center *:pointer-events-auto\">\n<p>&nbsp;<\/p>\n<div class=\"tableContainer horzScrollShadows relative\">\n<table class=\"min-w-full\" data-start=\"3601\" data-end=\"3792\">\n<thead data-start=\"3601\" data-end=\"3653\">\n<tr data-start=\"3601\" data-end=\"3653\">\n<th data-start=\"3601\" data-end=\"3608\">Rozmiar<\/th>\n<th data-start=\"3608\" data-end=\"3626\">Szeroko\u015b\u0107 d\u0142oni (cm)<\/th>\n<th data-start=\"3626\" data-end=\"3653\">Obw\u00f3d d\u0142oni (cm)<\/th>\n<\/tr>\n<\/thead>\n<tbody data-start=\"3707\" data-end=\"3792\">\n<tr data-start=\"3707\" data-end=\"3726\">\n<td class=\"max-w-[calc(var(--thread-content-max-width)*2\/3)]\" data-start=\"3707\" data-end=\"3711\">S<\/td>\n<td class=\"max-w-[calc(var(--thread-content-max-width)*2\/3)]\" data-start=\"3711\" data-end=\"3717\">7.5<\/td>\n<td class=\"max-w-[calc(var(--thread-content-max-width)*2\/3)]\" data-start=\"3717\" data-end=\"3726\">17-18<\/td>\n<\/tr>\n<tr data-start=\"3727\" data-end=\"3748\">\n<td class=\"max-w-[calc(var(--thread-content-max-width)*2\/3)]\" data-start=\"3727\" data-end=\"3731\">M<\/td>\n<td class=\"max-w-[calc(var(--thread-content-max-width)*2\/3)]\" data-start=\"3731\" data-end=\"3737\">8.5<\/td>\n<td class=\"max-w-[calc(var(--thread-content-max-width)*2\/3)]\" data-start=\"3737\" data-end=\"3748\">18-19.5<\/td>\n<\/tr>\n<tr data-start=\"3749\" data-end=\"3770\">\n<td class=\"max-w-[calc(var(--thread-content-max-width)*2\/3)]\" data-start=\"3749\" data-end=\"3753\">L<\/td>\n<td class=\"max-w-[calc(var(--thread-content-max-width)*2\/3)]\" data-start=\"3753\" data-end=\"3759\">9.5<\/td>\n<td class=\"max-w-[calc(var(--thread-content-max-width)*2\/3)]\" data-start=\"3759\" data-end=\"3770\">19.5-21<\/td>\n<\/tr>\n<tr data-start=\"3771\" data-end=\"3792\">\n<td class=\"max-w-[calc(var(--thread-content-max-width)*2\/3)]\" data-start=\"3771\" data-end=\"3776\">XL<\/td>\n<td class=\"max-w-[calc(var(--thread-content-max-width)*2\/3)]\" data-start=\"3776\" data-end=\"3783\">10.5<\/td>\n<td class=\"max-w-[calc(var(--thread-content-max-width)*2\/3)]\" data-start=\"3783\" data-end=\"3792\">21-23<\/td>\n<\/tr>\n<\/tbody>\n<\/table>\n<\/div>\n<\/div>\n<p class=\"\" data-start=\"3794\" data-end=\"3868\">(Rozmiar zapewniaj\u0105cy bezpieczne, poprawiaj\u0105ce wydajno\u015b\u0107 dopasowanie do r\u00f3\u017cnych rozmiar\u00f3w d\u0142oni).<\/p>\n<hr class=\"\" data-start=\"3870\" data-end=\"3873\" \/>\n<h3 class=\"\" data-start=\"3875\" data-end=\"3919\"><strong data-start=\"3879\" data-end=\"3918\">S\u0142owa kluczowe bogate w SEO (oddzielone przecinkami)<\/strong>:<\/h3>\n<p class=\"\" data-start=\"3921\" data-end=\"4558\">hurtownia r\u0119kawiczek rowerowych, dostawca r\u0119kawiczek rowerowych Ryinz, producent r\u0119kawiczek rowerowych z p\u00f3\u0142palcami, niestandardowe r\u0119kawiczki rowerowe z logo, hurtownia lekkich r\u0119kawiczek motocyklowych, dostawca r\u0119kawiczek rowerowych z logo UE, oddychaj\u0105ce r\u0119kawiczki do jazdy ulicznej, hurtownia r\u0119kawiczek ze wzmocnionymi d\u0142o\u0144mi, dostawca antypo\u015blizgowych r\u0119kawiczek rowerowych, r\u0119kawiczki rowerowe pod mark\u0105 w\u0142asn\u0105 w Europie, r\u0119kawiczki fitness do jazdy miejskiej, hurtownia r\u0119kawiczek rowerowych, niestandardowe r\u0119kawiczki brandingowe dla marek sportowych, hurtownia r\u0119kawiczek motocyklowych, outdoorowe r\u0119kawiczki sportowe w Europie, trwa\u0142e r\u0119kawiczki je\u017adzieckie do sprzeda\u017cy detalicznej, r\u0119kawiczki do kolarstwa szosowego luzem, producent r\u0119kawiczek do sport\u00f3w ulicznych, miejskie r\u0119kawiczki rowerowe dla e-commerce<\/p>\n<hr class=\"\" data-start=\"4560\" data-end=\"4563\" \/>\n<h3 class=\"\" data-start=\"4565\" data-end=\"4590\"><strong data-start=\"4569\" data-end=\"4590\">Dlaczego warto wybra\u0107 Ryinz?<\/strong><\/h3>\n<p class=\"\" data-start=\"4592\" data-end=\"4898\"><strong data-start=\"4595\" data-end=\"4604\">Ryinz<\/strong> zapewnia sprzedawcom detalicznym, markom i firmom bezpo\u015bredni dost\u0119p do wysokiej jako\u015bci produkt\u00f3w o wysokim popycie.<br data-start=\"4708\" data-end=\"4711\" \/>\u00a0Dzi\u0119ki Ryinz otrzymujesz szybk\u0105 personalizacj\u0119, wysokiej jako\u015bci produkcj\u0119 i inteligentne rozwi\u0105zania brandingowe, kt\u00f3re pomog\u0105 Ci si\u0119 wyr\u00f3\u017cni\u0107 i szybko rozwija\u0107 - niezale\u017cnie od tego, czy sprzedajesz online, w sklepach, czy na wydarzeniach.<\/p>\n<p class=\"\" data-start=\"4900\" data-end=\"5006\">Wybieraj\u0105c Ryinz, wybierasz innowacyjno\u015b\u0107, partnerstwo i przysz\u0142o\u015bciowe podej\u015bcie do biznesu.<\/p>\n<hr class=\"\" data-start=\"5008\" data-end=\"5011\" \/>\n<h3 class=\"\" data-start=\"5013\" data-end=\"5073\"><strong data-start=\"5017\" data-end=\"5073\">Skontaktuj si\u0119 z Ryinz w sprawie zam\u00f3wie\u0144 hurtowych i zam\u00f3wie\u0144 marek w\u0142asnych<\/strong><\/h3>\n<p class=\"\" data-start=\"5075\" data-end=\"5152\">Czy jeste\u015b gotowy oferowa\u0107 wysokiej jako\u015bci r\u0119kawiczki rowerowe, kt\u00f3re pokochaj\u0105 Twoi klienci?<\/p>\n<p class=\"\" data-start=\"5154\" data-end=\"5282\"><strong data-start=\"5157\" data-end=\"5168\">Strona internetowa<\/strong>: <a class=\"\" href=\"https:\/\/ryinz.cz\/velkoobchod\/pl\/\" target=\"_new\" rel=\"noopener\" data-start=\"5170\" data-end=\"5208\">www.ryinz.com<\/a><br data-start=\"5208\" data-end=\"5211\" \/><strong data-start=\"5214\" data-end=\"5223\">E-mail<\/strong>: <a class=\"cursor-pointer\" rel=\"noopener\" data-start=\"5225\" data-end=\"5240\">lavie@ryinz.cz<\/a><br data-start=\"5240\" data-end=\"5243\" \/><strong data-start=\"5246\" data-end=\"5264\">Telefon\/WhatsApp<\/strong>: +420 604 413 141<\/p>\n<p class=\"\" data-start=\"5284\" data-end=\"5329\"><strong data-start=\"5284\" data-end=\"5329\">Ryinz - Grip Your Ride, Power Your Brand.<\/strong><\/p>","protected":false},"excerpt":{"rendered":"<p class=\"\" data-start=\"955\" data-end=\"1402\">\u2705 <strong data-start=\"957\" data-end=\"973\">Nazwa produktu<\/strong>: R\u0119kawiczki do jazdy na rowerze ulicznym Ryinz<br data-start=\"1006\" data-end=\"1009\" \/>\u2705 <strong data-start=\"1011\" data-end=\"1023\">Materia\u0142<\/strong>: Oddychaj\u0105ca tkanina siatkowa + wzmocniona d\u0142o\u0144 PU<br data-start=\"1068\" data-end=\"1071\" \/>\u2705 <strong data-start=\"1073\" data-end=\"1082\">Kolor<\/strong>: Niebieski\/czarny (dost\u0119pne kolory niestandardowe)<br data-start=\"1124\" data-end=\"1127\" \/>\u2705 <strong data-start=\"1129\" data-end=\"1145\">Opcje logo<\/strong>: Puste, niestandardowy sitodruk, gumowa naszywka, haft<br data-start=\"1202\" data-end=\"1205\" \/>\u2705 <strong data-start=\"1207\" data-end=\"1217\">Projekt<\/strong>:<br data-start=\"1218\" data-end=\"1221\" \/>- Konstrukcja z po\u0142ow\u0105 palca dla maksymalnej kontroli<br data-start=\"1261\" data-end=\"1264\" \/>- Wy\u015bcie\u0142ana d\u0142o\u0144 poch\u0142aniaj\u0105ca wstrz\u0105sy<br data-start=\"1298\" data-end=\"1301\" \/>- Regulowany pasek na nadgarstek dla bezpiecznego dopasowania<br data-start=\"1340\" data-end=\"1343\" \/>- Ulepszenia uchwytu antypo\u015blizgowego<br data-start=\"1372\" data-end=\"1375\" \/>- Oddychaj\u0105ca siateczka Airflow<\/p>\n<p class=\"\" data-start=\"1404\" data-end=\"1464\">\u2705 <strong data-start=\"1406\" data-end=\"1425\">Dost\u0119pne rozmiary<\/strong>: S, M, L, XL (dost\u0119pne rozmiary niestandardowe)<\/p>\n<p class=\"\" data-start=\"1466\" data-end=\"1681\">\u2705 <strong data-start=\"1468\" data-end=\"1475\">Dopasowanie<\/strong>: Lekki, ergonomiczny i wydajny kr\u00f3j<br data-start=\"1521\" data-end=\"1524\" \/>\u2705 <strong data-start=\"1526\" data-end=\"1533\">U\u017cycie<\/strong>: Kolarstwo uliczne, kolarstwo szosowe, fitness, zaj\u0119cia na \u015bwie\u017cym powietrzu, jazda na hulajnodze elektrycznej<br data-start=\"1609\" data-end=\"1612\" \/>\u2705 <strong data-start=\"1614\" data-end=\"1621\">MOQ<\/strong>: Niskie minima dla sprzeda\u017cy hurtowej i personalizacji marki w\u0142asnej<\/p>","protected":false},"featured_media":9061,"comment_status":"closed","ping_status":"closed","template":"","meta":[],"product_brand":[35],"product_cat":[68,152],"product_tag":[185,46,186,180,187,188,189,153,190,191],"class_list":{"0":"post-8993","1":"product","2":"type-product","3":"status-publish","4":"has-post-thumbnail","6":"product_brand-ryinz","7":"product_cat-ryinz","8":"product_cat-street-bike-gloves","9":"product_tag-biking-gloves-for-street-riders","10":"product_tag-breathable-mesh-gloves","11":"product_tag-customizable-bike-gloves","12":"product_tag-ergonomic-street-bike-gloves","13":"product_tag-fingerless-street-bike-gloves","14":"product_tag-lycra-fourchettes-gloves","15":"product_tag-serino-palm-bike-gloves","16":"product_tag-street-bike-gloves","17":"product_tag-towel-thumb-bike-gloves","18":"product_tag-urban-biking-gloves","20":"first","21":"instock","22":"taxable","23":"shipping-taxable","24":"purchasable","25":"product-type-simple"},"_links":{"self":[{"href":"https:\/\/ryinz.cz\/velkoobchod\/pl\/wp-json\/wp\/v2\/product\/8993","targetHints":{"allow":["GET"]}}],"collection":[{"href":"https:\/\/ryinz.cz\/velkoobchod\/pl\/wp-json\/wp\/v2\/product"}],"about":[{"href":"https:\/\/ryinz.cz\/velkoobchod\/pl\/wp-json\/wp\/v2\/types\/product"}],"replies":[{"embeddable":true,"href":"https:\/\/ryinz.cz\/velkoobchod\/pl\/wp-json\/wp\/v2\/comments?post=8993"}],"wp:featuredmedia":[{"embeddable":true,"href":"https:\/\/ryinz.cz\/velkoobchod\/pl\/wp-json\/wp\/v2\/media\/9061"}],"wp:attachment":[{"href":"https:\/\/ryinz.cz\/velkoobchod\/pl\/wp-json\/wp\/v2\/media?parent=8993"}],"wp:term":[{"taxonomy":"product_brand","embeddable":true,"href":"https:\/\/ryinz.cz\/velkoobchod\/pl\/wp-json\/wp\/v2\/product_brand?post=8993"},{"taxonomy":"product_cat","embeddable":true,"href":"https:\/\/ryinz.cz\/velkoobchod\/pl\/wp-json\/wp\/v2\/product_cat?post=8993"},{"taxonomy":"product_tag","embeddable":true,"href":"https:\/\/ryinz.cz\/velkoobchod\/pl\/wp-json\/wp\/v2\/product_tag?post=8993"}],"curies":[{"name":"wp","href":"https:\/\/api.w.org\/{rel}","templated":true}]}}