{"id":8992,"date":"2025-06-22T15:24:50","date_gmt":"2025-06-22T15:24:50","guid":{"rendered":"https:\/\/ryinz.cz\/velkoobchod\/?post_type=product&#038;p=8992"},"modified":"2026-01-18T20:17:18","modified_gmt":"2026-01-18T20:17:18","slug":"ryinz-premium-polpalczaste-rekawice-motocyklowe-street-bike-gym-taktyczne-rekawice-jezdzieckie-hurtownia-marka-wlasna-producent-europa","status":"publish","type":"product","link":"https:\/\/ryinz.cz\/velkoobchod\/pl\/product\/ryinz-premium-half-finger-motorcycle-gloves-street-bike-gym-tactical-riding-gloves-wholesale-private-label-manufacturer-europe\/","title":{"rendered":"R\u0119kawiczki motocyklowe z p\u00f3\u0142palcami Ryinz Premium | Street Bike, Gym, Tactical Riding Gloves - Producent hurtowy i prywatny w Europie"},"content":{"rendered":"<p class=\"\" data-start=\"366\" data-end=\"594\">Przedstawiamy <strong data-start=\"382\" data-end=\"429\">R\u0119kawice motocyklowe z p\u00f3\u0142palcami Ryinz Premium<\/strong>, specjalnie zaprojektowany dla <strong data-start=\"454\" data-end=\"529\">rowerzy\u015bci uliczni, operatorzy taktyczni, entuzja\u015bci si\u0142owni i osoby doje\u017cd\u017caj\u0105ce do pracy w mie\u015bcie<\/strong> kt\u00f3rzy \u017c\u0105daj\u0105 <strong data-start=\"541\" data-end=\"579\">wydajno\u015b\u0107, trwa\u0142o\u015b\u0107 i styl<\/strong> w ka\u017cdym ruchu.<\/p>\n<p class=\"\" data-start=\"596\" data-end=\"836\">Przy <strong data-start=\"599\" data-end=\"608\">Ryinz<\/strong>, jeste\u015bmy <strong data-start=\"621\" data-end=\"668\">Niewidzialny silnik stoj\u0105cy za handlem mi\u0119dzynarodowym<\/strong>, \u0142\u0105czenie <strong data-start=\"681\" data-end=\"747\">nabywcy, marki i producenci w Europie, USA i Azji<\/strong>.<br data-start=\"748\" data-end=\"751\" \/>Nasze r\u0119kawice zosta\u0142y stworzone z my\u015bl\u0105 o wzmocnieniu pozycji firm: <strong data-start=\"795\" data-end=\"835\">Otwieramy drzwi, aby\u015b m\u00f3g\u0142 zamkn\u0105\u0107 sprzeda\u017c<\/strong>.<\/p>\n<p class=\"\" data-start=\"838\" data-end=\"1198\">R\u0119kawice te maj\u0105 zaawansowan\u0105 ergonomiczn\u0105 konstrukcj\u0119 z <strong data-start=\"893\" data-end=\"917\">pokrycie po\u0142owy palca<\/strong> aby zmaksymalizowa\u0107 elastyczno\u015b\u0107, wentylacj\u0119 i przyczepno\u015b\u0107. Wykonane z wysokowydajnych tkanin w po\u0142\u0105czeniu ze wzmocnionymi d\u0142o\u0144mi, oferuj\u0105 idealne po\u0142\u0105czenie <strong data-start=\"1069\" data-end=\"1106\">Komfort, ochrona i mobilno\u015b\u0107<\/strong>. Idealny dla <strong data-start=\"1120\" data-end=\"1197\">kolarstwo miejskie, wy\u015bcigi uliczne, treningi taktyczne i sesje treningowe na si\u0142owni<\/strong>.<\/p>\n<p class=\"\" data-start=\"1200\" data-end=\"1431\">Z opcjami dla <strong data-start=\"1217\" data-end=\"1275\">niestandardowe drukowanie logo, prywatne etykietowanie, produkcja OEM<\/strong>, oraz <strong data-start=\"1281\" data-end=\"1306\">hurtowe zam\u00f3wienia zbiorcze<\/strong>, Ryinz zapewnia skalowalne rozwi\u0105zania dla marek, dystrybutor\u00f3w i sprzedawc\u00f3w detalicznych, kt\u00f3rzy oczekuj\u0105 niezawodnej jako\u015bci w konkurencyjnych cenach.<\/p>\n<hr class=\"\" data-start=\"1433\" data-end=\"1436\" \/>\n<h1 class=\"\" data-start=\"1438\" data-end=\"1472\">???? <strong data-start=\"1443\" data-end=\"1472\">Kluczowe cechy i korzy\u015bci<\/strong><\/h1>\n<p class=\"\" data-start=\"1474\" data-end=\"1645\">???? <strong data-start=\"1477\" data-end=\"1517\">Wysokowydajna konstrukcja tkaniny<\/strong>:<br data-start=\"1518\" data-end=\"1521\" \/>Wytrzyma\u0142e, oddychaj\u0105ce materia\u0142y zapewniaj\u0105 maksymaln\u0105 wentylacj\u0119 przy zachowaniu d\u0142ugotrwa\u0142ego noszenia nawet podczas intensywnych aktywno\u015bci.<\/p>\n<p class=\"\" data-start=\"1647\" data-end=\"1816\">???? <strong data-start=\"1650\" data-end=\"1681\">Taktyczna konstrukcja na p\u00f3\u0142 palca<\/strong>:<br data-start=\"1682\" data-end=\"1685\" \/>Idealne dla rowerzyst\u00f3w, bywalc\u00f3w si\u0142owni i profesjonalist\u00f3w taktycznych, kt\u00f3rzy potrzebuj\u0105 precyzyjnej kontroli, elastycznego ruchu d\u0142oni i oddychaj\u0105cego komfortu.<\/p>\n<p class=\"\" data-start=\"1818\" data-end=\"1975\">???? <strong data-start=\"1821\" data-end=\"1855\">Wzmocniony antypo\u015blizgowy uchwyt d\u0142oni<\/strong>:<br data-start=\"1856\" data-end=\"1859\" \/>Dodatkowe strefy chwytu zapewniaj\u0105 pewny chwyt kierownicy, obci\u0105\u017cnik\u00f3w lub sprz\u0119tu, zmniejszaj\u0105c ryzyko po\u015blizgni\u0119\u0107 lub wypadk\u00f3w.<\/p>\n<p class=\"\" data-start=\"1977\" data-end=\"2131\">???? <strong data-start=\"1980\" data-end=\"2007\">Wy\u015bcie\u0142ane strefy ochronne<\/strong>:<br data-start=\"2008\" data-end=\"2011\" \/>Strategiczna wy\u015bci\u00f3\u0142ka z pianki w krytycznych punktach nacisku zwi\u0119ksza ochron\u0119 podczas d\u0142ugich przeja\u017cd\u017cek, trening\u00f3w lub miejskich przyg\u00f3d.<\/p>\n<p class=\"\" data-start=\"2133\" data-end=\"2251\">???? <strong data-start=\"2136\" data-end=\"2160\">Technologia Quick-Dry<\/strong>:<br data-start=\"2161\" data-end=\"2164\" \/>Tkaniny odprowadzaj\u0105ce wilgo\u0107 szybko schn\u0105, dzi\u0119ki czemu d\u0142onie pozostaj\u0105 suche i wygodne przez ca\u0142y czas u\u017cytkowania.<\/p>\n<p class=\"\" data-start=\"2253\" data-end=\"2397\">???? <strong data-start=\"2256\" data-end=\"2282\">Regulowany pasek na nadgarstek<\/strong>:<br data-start=\"2283\" data-end=\"2286\" \/>Bezpieczne dopasowanie dzi\u0119ki szybkiemu systemowi zapinania na rzep, kt\u00f3ry idealnie dopasowuje si\u0119 do r\u00f3\u017cnych rozmiar\u00f3w nadgarstk\u00f3w, zapewniaj\u0105c lepsze wsparcie.<\/p>\n<p class=\"\" data-start=\"2399\" data-end=\"2533\">???? <strong data-start=\"2402\" data-end=\"2431\">Stylowy dwukolorowy akcent<\/strong>:<br data-start=\"2432\" data-end=\"2435\" \/>Czarno-\u017c\u00f3\u0142ta stylistyka zapewnia przyci\u0105gaj\u0105cy wzrok, energetyczny wygl\u0105d - nowoczesny, taktyczny i gotowy na ulic\u0119.<\/p>\n<p class=\"\" data-start=\"2535\" data-end=\"2699\">???? <strong data-start=\"2538\" data-end=\"2574\">Niestandardowe logo i opcje brandingu<\/strong>:<br data-start=\"2575\" data-end=\"2578\" \/>Oferujemy niestandardowe logo, prywatny branding i pe\u0142ne rozwi\u0105zania OEM. Spersonalizuj r\u0119kawice dla swojej marki, klubu lub wydarze\u0144 specjalnych.<\/p>\n<p class=\"\" data-start=\"2701\" data-end=\"2861\">???? <strong data-start=\"2704\" data-end=\"2745\">Idealny do zam\u00f3wie\u0144 hurtowych i hurtowych<\/strong>:<br data-start=\"2746\" data-end=\"2749\" \/>Niskie wymagania dotycz\u0105ce MOQ, obni\u017cone ceny hurtowe i szybkie cykle produkcyjne dla marek rozszerzaj\u0105cych dzia\u0142alno\u015b\u0107 na nowe rynki.<\/p>\n<p class=\"\" data-start=\"2863\" data-end=\"3051\">???? <strong data-start=\"2866\" data-end=\"2934\">Idealny do sprzeda\u017cy krzy\u017cowej z rowerami, odzie\u017c\u0105 uliczn\u0105 i sprz\u0119tem fitness<\/strong>:<br data-start=\"2935\" data-end=\"2938\" \/>Idealnie pasuje do sklep\u00f3w ze sprz\u0119tem motocyklowym, sklep\u00f3w ze sprz\u0119tem fitness, marek taktycznych i kolekcji e-commerce.<\/p>\n<hr class=\"\" data-start=\"3053\" data-end=\"3056\" \/>\n<h1 class=\"\" data-start=\"3058\" data-end=\"3096\">???? <strong data-start=\"3063\" data-end=\"3096\">Zastosowania i idealni nabywcy<\/strong><\/h1>\n<p class=\"\" data-start=\"3098\" data-end=\"3664\">\u2705 <strong data-start=\"3100\" data-end=\"3122\">Rowerzy\u015bci uliczni<\/strong> - Letnia jazda, codzienne dojazdy do pracy<br data-start=\"3154\" data-end=\"3157\" \/>\u2705 <strong data-start=\"3159\" data-end=\"3179\">Kluby motocyklowe<\/strong> - R\u0119kawice marki klubowej dla cz\u0142onk\u00f3w<br data-start=\"3213\" data-end=\"3216\" \/>\u2705 <strong data-start=\"3218\" data-end=\"3250\">Obiekty szkolenia taktycznego<\/strong> - Wytrzyma\u0142e, elastyczne r\u0119kawice do zastosowa\u0144 profesjonalnych<br data-start=\"3296\" data-end=\"3299\" \/>\u2705 <strong data-start=\"3301\" data-end=\"3332\">Entuzja\u015bci fitnessu i si\u0142owni<\/strong> - Idealny do podnoszenia ci\u0119\u017car\u00f3w, CrossFit i treningu oporowego<br data-start=\"3387\" data-end=\"3390\" \/>\u2705 <strong data-start=\"3392\" data-end=\"3413\">Poszukiwacze przyg\u00f3d<\/strong> - Idealny dla miejskich poszukiwaczy przyg\u00f3d i w\u0119drowc\u00f3w<br data-start=\"3454\" data-end=\"3457\" \/>\u2705 <strong data-start=\"3459\" data-end=\"3480\">Marki odzie\u017cy ulicznej<\/strong> - Dodaj r\u0119kawiczki do kolekcji mody miejskiej<br data-start=\"3522\" data-end=\"3525\" \/>\u2705 <strong data-start=\"3527\" data-end=\"3559\">Marki OEM i marki w\u0142asne<\/strong> - Niestandardowe linie r\u0119kawic<br data-start=\"3589\" data-end=\"3592\" \/>\u2705 <strong data-start=\"3594\" data-end=\"3614\">Dystrybutorzy B2B<\/strong> - Rozszerzenie katalog\u00f3w produkt\u00f3w o sprz\u0119t ciesz\u0105cy si\u0119 du\u017cym popytem<\/p>\n<hr class=\"\" data-start=\"3666\" data-end=\"3669\" \/>\n<h1 class=\"\" data-start=\"3671\" data-end=\"3702\">???? <strong data-start=\"3676\" data-end=\"3702\">Specyfikacja produktu<\/strong><\/h1>\n<p class=\"\" data-start=\"3704\" data-end=\"4182\">- <strong data-start=\"3706\" data-end=\"3718\">Materia\u0142<\/strong>: Oddychaj\u0105ca tkanina o wysokiej wytrzyma\u0142o\u015bci + syntetycznie wzmocniona d\u0142o\u0144<br data-start=\"3781\" data-end=\"3784\" \/>- <strong data-start=\"3786\" data-end=\"3796\">Projekt<\/strong>: Taktyka na p\u00f3\u0142 palca i styl uliczny<br data-start=\"3833\" data-end=\"3836\" \/>- <strong data-start=\"3838\" data-end=\"3847\">Kolor<\/strong>: Czarny i \u017c\u00f3\u0142ty (inne kolory dost\u0119pne przy wi\u0119kszych zam\u00f3wieniach)<br data-start=\"3907\" data-end=\"3910\" \/>- <strong data-start=\"3912\" data-end=\"3921\">Rozmiary<\/strong>: S, M, L, XL, XXL<br data-start=\"3939\" data-end=\"3942\" \/>- <strong data-start=\"3944\" data-end=\"3951\">U\u017cycie<\/strong>: Kolarstwo uliczne, treningi na si\u0142owni, operacje taktyczne, jazda po mie\u015bcie<br data-start=\"4014\" data-end=\"4017\" \/>- <strong data-start=\"4019\" data-end=\"4030\">Zamkni\u0119cie<\/strong>: Regulowany pasek na rzep<br data-start=\"4055\" data-end=\"4058\" \/>- <strong data-start=\"4060\" data-end=\"4080\">Opcje brandingu<\/strong>: Niestandardowe logo, marka w\u0142asna, pe\u0142na dost\u0119pno\u015b\u0107 OEM<br data-start=\"4128\" data-end=\"4131\" \/>- <strong data-start=\"4133\" data-end=\"4140\">MOQ<\/strong>: Elastyczno\u015b\u0107 - pocz\u0105wszy od ma\u0142ych partii<\/p>\n<hr class=\"\" data-start=\"4184\" data-end=\"4187\" \/>\n<h1 class=\"\" data-start=\"4189\" data-end=\"4221\">???? <strong data-start=\"4194\" data-end=\"4221\">Dlaczego warto wsp\u00f3\u0142pracowa\u0107 z Ryinz?<\/strong><\/h1>\n<p class=\"\" data-start=\"4223\" data-end=\"4519\">- Ceny fabryczne - bez po\u015brednik\u00f3w<br data-start=\"4262\" data-end=\"4265\" \/>- Us\u0142ugi pe\u0142nej personalizacji (OEM i ODM)<br data-start=\"4306\" data-end=\"4309\" \/>- Zaprojektowany dla rynk\u00f3w europejskich i ameryka\u0144skich<br data-start=\"4347\" data-end=\"4350\" \/>- Niskie MOQ + rabaty na zam\u00f3wienia zbiorcze<br data-start=\"4382\" data-end=\"4385\" \/>- Szybszy czas realizacji i dostawy<br data-start=\"4423\" data-end=\"4426\" \/>- Dedykowane wsparcie dla budowania marki<br data-start=\"4464\" data-end=\"4467\" \/>- Zaufa\u0142o nam ponad 100 marek w Europie i Ameryce<\/p>","protected":false},"excerpt":{"rendered":"<p><strong>Opis produktu:<\/strong><\/p>\n<p>The <strong>R\u0119kawiczki rowerowe Gillani MBG-0019 Street Bike<\/strong> zosta\u0142y zaprojektowane z my\u015bl\u0105 zar\u00f3wno o wydajno\u015bci, jak i stylu. Te r\u0119kawice s\u0105 wyposa\u017cone w <strong>D\u0142o\u0144 z tkaniny Amara<\/strong>, zapewniaj\u0105c doskona\u0142\u0105 przyczepno\u015b\u0107 i d\u0142ugotrwa\u0142y komfort. W zestawie <strong>tkanina fourway<\/strong> z przodu zapewnia elastyczno\u015b\u0107 i oddychalno\u015b\u0107, dzi\u0119ki czemu d\u0142onie pozostaj\u0105 ch\u0142odne i wygodne podczas jazdy.<\/p>\n<p>Z <strong>silikonowe nadrukowane logo<\/strong> oraz <strong>r\u0119cznik frotte kciuk<\/strong> Dla dodatkowej wygody, r\u0119kawice te zapewniaj\u0105 koncentracj\u0119 na drodze bez po\u015bwi\u0119cania komfortu lub funkcjonalno\u015bci. Niezale\u017cnie od tego, czy jeste\u015b codziennym kierowc\u0105 ulicznym, czy weekendowym entuzjast\u0105, te r\u0119kawice s\u0105 doskona\u0142ym wyborem dla lepszej kontroli i ochrony.<\/p>\n<hr \/>\n<p><strong>Oferta personalizacji:<\/strong><\/p>\n<p>Oferujemy mo\u017cliwo\u015b\u0107 dostosowania tych r\u0119kawic do w\u0142asnych potrzeb. <strong>logo lub projekt<\/strong>, Dzi\u0119ki temu mo\u017cesz doda\u0107 osobisty charakter lub skutecznie promowa\u0107 swoj\u0105 mark\u0119.<\/p>","protected":false},"featured_media":9060,"comment_status":"closed","ping_status":"closed","template":"","meta":[],"product_brand":[35],"product_cat":[68,152],"product_tag":[185,46,186,180,187,188,189,153,190,191],"class_list":{"0":"post-8992","1":"product","2":"type-product","3":"status-publish","4":"has-post-thumbnail","6":"product_brand-ryinz","7":"product_cat-ryinz","8":"product_cat-street-bike-gloves","9":"product_tag-biking-gloves-for-street-riders","10":"product_tag-breathable-mesh-gloves","11":"product_tag-customizable-bike-gloves","12":"product_tag-ergonomic-street-bike-gloves","13":"product_tag-fingerless-street-bike-gloves","14":"product_tag-lycra-fourchettes-gloves","15":"product_tag-serino-palm-bike-gloves","16":"product_tag-street-bike-gloves","17":"product_tag-towel-thumb-bike-gloves","18":"product_tag-urban-biking-gloves","20":"first","21":"instock","22":"taxable","23":"shipping-taxable","24":"purchasable","25":"product-type-simple"},"_links":{"self":[{"href":"https:\/\/ryinz.cz\/velkoobchod\/pl\/wp-json\/wp\/v2\/product\/8992","targetHints":{"allow":["GET"]}}],"collection":[{"href":"https:\/\/ryinz.cz\/velkoobchod\/pl\/wp-json\/wp\/v2\/product"}],"about":[{"href":"https:\/\/ryinz.cz\/velkoobchod\/pl\/wp-json\/wp\/v2\/types\/product"}],"replies":[{"embeddable":true,"href":"https:\/\/ryinz.cz\/velkoobchod\/pl\/wp-json\/wp\/v2\/comments?post=8992"}],"wp:featuredmedia":[{"embeddable":true,"href":"https:\/\/ryinz.cz\/velkoobchod\/pl\/wp-json\/wp\/v2\/media\/9060"}],"wp:attachment":[{"href":"https:\/\/ryinz.cz\/velkoobchod\/pl\/wp-json\/wp\/v2\/media?parent=8992"}],"wp:term":[{"taxonomy":"product_brand","embeddable":true,"href":"https:\/\/ryinz.cz\/velkoobchod\/pl\/wp-json\/wp\/v2\/product_brand?post=8992"},{"taxonomy":"product_cat","embeddable":true,"href":"https:\/\/ryinz.cz\/velkoobchod\/pl\/wp-json\/wp\/v2\/product_cat?post=8992"},{"taxonomy":"product_tag","embeddable":true,"href":"https:\/\/ryinz.cz\/velkoobchod\/pl\/wp-json\/wp\/v2\/product_tag?post=8992"}],"curies":[{"name":"wp","href":"https:\/\/api.w.org\/{rel}","templated":true}]}}