{"id":8990,"date":"2025-08-26T11:48:33","date_gmt":"2025-08-26T11:48:33","guid":{"rendered":"https:\/\/ryinz.cz\/velkoobchod\/?post_type=product&#038;p=8990"},"modified":"2026-01-18T20:17:14","modified_gmt":"2026-01-18T20:17:14","slug":"ryinz-premium-skorzane-rekawiczki-do-prowadzenia-samochodu-z-polpalcami-i-klasycznym-wycieciem-dla-mezczyzn-jezdzacych-motocyklem-i-noszacych-je-na-co-dzien","status":"publish","type":"product","link":"https:\/\/ryinz.cz\/velkoobchod\/pl\/product\/ryinz-premium-leather-half-finger-driving-gloves-classic-cutout-design-for-men-biker-driving-and-casual-wear\/","title":{"rendered":"Sk\u00f3rzane r\u0119kawiczki do jazdy z p\u00f3\u0142palcami Ryinz Premium | Klasyczne wyci\u0119cie dla m\u0119\u017cczyzn - dla motocyklist\u00f3w, kierowc\u00f3w i do noszenia na co dzie\u0144"},"content":{"rendered":"<p class=\"\" data-start=\"431\" data-end=\"682\">Przy <strong data-start=\"434\" data-end=\"443\">Ryinz<\/strong>, Wierzymy, \u017ce styl, komfort i funkcjonalno\u015b\u0107 mog\u0105 harmonijnie wsp\u00f3\u0142istnie\u0107. Tworzymy wysokiej jako\u015bci, modne produkty zaprojektowane z my\u015bl\u0105 o wydajno\u015bci - p\u0142ynnie \u0142\u0105cz\u0105c producent\u00f3w, sprzedawc\u00f3w detalicznych i klient\u00f3w w Europie, USA i Azji.<\/p>\n<p class=\"\" data-start=\"684\" data-end=\"1053\">Przedstawiamy ponadczasowy styl <strong data-start=\"718\" data-end=\"770\">Sk\u00f3rzane r\u0119kawice do jazdy z p\u00f3\u0142palcami Ryinz Premium<\/strong>, zaprojektowane z my\u015bl\u0105 o wymagaj\u0105cych klientach, kt\u00f3rzy oczekuj\u0105 zar\u00f3wno elegancji, jak i wydajno\u015bci. R\u0119kawice te \u0142\u0105cz\u0105 klasyczn\u0105 estetyk\u0119 z nowoczesnym kunsztem, charakteryzuj\u0105c si\u0119 najwy\u017cszej jako\u015bci prawdziw\u0105 sk\u00f3r\u0105, precyzyjn\u0105 perforacj\u0105 zapewniaj\u0105c\u0105 oddychalno\u015b\u0107 oraz tradycyjnymi wyci\u0119ciami na kostkach zapewniaj\u0105cymi elastyczno\u015b\u0107 i styl.<\/p>\n<p class=\"\" data-start=\"1055\" data-end=\"1389\">Idealne dla kierowc\u00f3w, motocyklist\u00f3w, os\u00f3b zorientowanych na mod\u0119 i kolekcjoner\u00f3w luksusowych akcesori\u00f3w, r\u0119kawice te s\u0105 wystarczaj\u0105co wszechstronne zar\u00f3wno do jazdy, jak i codziennego noszenia w mie\u015bcie. Gi\u0119tka sk\u00f3ra zapewnia najwy\u017cszy komfort, mi\u0119kko\u015b\u0107 w dotyku i d\u0142ugotrwa\u0142\u0105 wytrzyma\u0142o\u015b\u0107, co czyni je niezb\u0119dnym elementem dla ka\u017cdego, kto ceni sobie doskona\u0142e rzemios\u0142o.<\/p>\n<p class=\"\" data-start=\"1391\" data-end=\"1680\">Ka\u017cda r\u0119kawica jest starannie wykonana z r\u0119cznie wyko\u0144czonym tradycyjnym zapi\u0119ciem na zatrzask w nadgarstku, oferuj\u0105c regulowane, dok\u0142adne dopasowanie.<br data-start=\"1525\" data-end=\"1528\" \/>Perforacje na palcach i grzbiecie d\u0142oni zapewniaj\u0105 doskona\u0142y przep\u0142yw powietrza, dzi\u0119ki czemu d\u0142onie pozostaj\u0105 ch\u0142odne podczas d\u0142ugich jazd, dojazd\u00f3w do pracy lub przeja\u017cd\u017cek motocyklowych.<\/p>\n<p class=\"\" data-start=\"1682\" data-end=\"1965\">Idealna dla marek w\u0142asnych, dystrybucji hurtowej lub sprzedawc\u00f3w detalicznych, kt\u00f3rzy chc\u0105 poszerzy\u0107 swoj\u0105 kolekcj\u0119 wysokiej klasy akcesori\u00f3w, Ryinz oferuje niestandardowe brandowanie, wyt\u0142aczanie logo, produkcj\u0119 OEM i elastyczne opcje zam\u00f3wie\u0144 hurtowych, aby pom\u00f3c Ci rozwin\u0105\u0107 dzia\u0142alno\u015b\u0107 na arenie mi\u0119dzynarodowej.<\/p>\n<p class=\"\" data-start=\"1967\" data-end=\"2143\">Wsp\u00f3\u0142pracuj\u0105c z firm\u0105 Ryinz, nie tylko pozyskujesz produkty - odblokowujesz rynki.<br data-start=\"2048\" data-end=\"2051\" \/>Jeste\u015bmy Twoim niewidzialnym partnerem w budowaniu globalnych po\u0142\u0105cze\u0144, kt\u00f3re pomog\u0105 Ci zamkn\u0105\u0107 prawdziw\u0105 sprzeda\u017c.<\/p>\n<hr class=\"\" data-start=\"2145\" data-end=\"2148\" \/>\n<h1 class=\"\" data-start=\"2150\" data-end=\"2184\">???? <strong data-start=\"2155\" data-end=\"2184\">Kluczowe cechy i korzy\u015bci<\/strong><\/h1>\n<p class=\"\" data-start=\"2186\" data-end=\"2364\">???? <strong data-start=\"2189\" data-end=\"2229\">Konstrukcja z najwy\u017cszej jako\u015bci sk\u00f3ry naturalnej<\/strong><br data-start=\"2229\" data-end=\"2232\" \/>Specjalnie garbowane i wyko\u0144czone, aby zapewni\u0107 mi\u0119kki, elastyczny dotyk, kt\u00f3ry naturalnie dopasowuje si\u0119 do kszta\u0142tu d\u0142oni podczas noszenia, oferuj\u0105c luksusowy komfort.<\/p>\n<p class=\"\" data-start=\"2366\" data-end=\"2515\">???? <strong data-start=\"2369\" data-end=\"2402\">Klasyczne wyci\u0119cie na kostk\u0119<\/strong><br data-start=\"2402\" data-end=\"2405\" \/>Ponadczasowe, inspirowane stylem vintage wyci\u0119cia poprawiaj\u0105 wentylacj\u0119, zapewniaj\u0105c jednocze\u015bnie niezr\u00f3wnan\u0105 elastyczno\u015b\u0107 i kultowy styl.<\/p>\n<p class=\"\" data-start=\"2517\" data-end=\"2680\">???? <strong data-start=\"2520\" data-end=\"2552\">Precyzyjny system perforacji<\/strong><br data-start=\"2552\" data-end=\"2555\" \/>Strategicznie rozmieszczone perforacje zapewniaj\u0105 optymaln\u0105 oddychalno\u015b\u0107, zapobiegaj\u0105c gromadzeniu si\u0119 potu podczas d\u0142ugich jazd samochodem lub rowerem.<\/p>\n<p class=\"\" data-start=\"2682\" data-end=\"2896\">???? <strong data-start=\"2685\" data-end=\"2730\">Swoboda po\u0142owy palca dla maksymalnej zr\u0119czno\u015bci<\/strong><br data-start=\"2730\" data-end=\"2733\" \/>Idealne dla tych, kt\u00f3rzy potrzebuj\u0105 pewnego chwytu na kierownicy, uchwytach motocykla lub podczas codziennych aktywno\u015bci na \u015bwie\u017cym powietrzu, zachowuj\u0105c przy tym pe\u0142ne wra\u017cenia dotykowe.<\/p>\n<p class=\"\" data-start=\"2898\" data-end=\"3056\">???? <strong data-start=\"2901\" data-end=\"2936\">Bezpieczne, regulowane zapi\u0119cie na nadgarstek<\/strong><br data-start=\"2936\" data-end=\"2939\" \/>Tradycyjna konstrukcja z guzikami zatrzaskowymi zapewnia klasyczne wyko\u0144czenie, umo\u017cliwiaj\u0105c jednocze\u015bnie wygodne i bezpieczne dopasowanie.<\/p>\n<p class=\"\" data-start=\"3058\" data-end=\"3210\">???? <strong data-start=\"3061\" data-end=\"3091\">Lekko\u015b\u0107 i oddychalno\u015b\u0107<\/strong><br data-start=\"3091\" data-end=\"3094\" \/>Zaprojektowany do jazdy w ciep\u0142e dni, oferuj\u0105c naturalny system ch\u0142odzenia bez uszczerbku dla ochrony.<\/p>\n<p class=\"\" data-start=\"3212\" data-end=\"3371\">???? <strong data-start=\"3215\" data-end=\"3235\">Uniwersalne zastosowanie<\/strong><br data-start=\"3235\" data-end=\"3238\" \/>Idealny do jazdy samochodem, motocyklem, klasycznym samochodem, miejskich dojazd\u00f3w do pracy, jazdy na rowerze, a nawet jako stylowy dodatek modowy do codziennego u\u017cytku.<\/p>\n<p class=\"\" data-start=\"3373\" data-end=\"3552\">???? <strong data-start=\"3376\" data-end=\"3410\">Elegancki i wyrafinowany wygl\u0105d<\/strong><br data-start=\"3410\" data-end=\"3413\" \/>Wysokiej jako\u015bci wykonanie w po\u0142\u0105czeniu z minimalistycznymi wyko\u0144czeniami tworzy r\u0119kawiczki, kt\u00f3re podnios\u0105 poziom ka\u017cdej garderoby, zar\u00f3wno codziennej, jak i formalnej.<\/p>\n<p class=\"\" data-start=\"3554\" data-end=\"3763\">???? <strong data-start=\"3557\" data-end=\"3602\">Dost\u0119pne marki w\u0142asne i niestandardowe<\/strong><br data-start=\"3602\" data-end=\"3605\" \/>Ryinz oferuje pe\u0142ne us\u0142ugi personalizacji, w tym wyt\u0142aczanie logo, dostosowywanie kolor\u00f3w, markowe opakowania i wiele innych, aby pom\u00f3c w budowaniu obecno\u015bci w\u0142asnej marki.<\/p>\n<p class=\"\" data-start=\"3765\" data-end=\"3918\">???? <strong data-start=\"3768\" data-end=\"3789\">Idealny prezent<\/strong><br data-start=\"3789\" data-end=\"3792\" \/>Luksusowy, praktyczny prezent dla mi\u0142o\u015bnik\u00f3w samochod\u00f3w, motocyklist\u00f3w i ka\u017cdego, kto ceni sobie po\u0142\u0105czenie funkcjonalno\u015bci i mody.<\/p>\n<hr class=\"\" data-start=\"3920\" data-end=\"3923\" \/>\n<h1 class=\"\" data-start=\"3925\" data-end=\"3956\">???? <strong data-start=\"3930\" data-end=\"3956\">Specyfikacja produktu<\/strong><\/h1>\n<p class=\"\" data-start=\"3958\" data-end=\"4421\">- <strong data-start=\"3960\" data-end=\"3972\">Materia\u0142<\/strong>: 100% Premium Genuine Leather<br data-start=\"4002\" data-end=\"4005\" \/>- <strong data-start=\"4007\" data-end=\"4016\">Kolor<\/strong>: Czarny z kontrastowym wyko\u0144czeniem (dost\u0119pne kolory niestandardowe)<br data-start=\"4068\" data-end=\"4071\" \/>- <strong data-start=\"4073\" data-end=\"4082\">Rozmiary<\/strong>: S, M, L, XL, XXL (klasyfikacja rozmiar\u00f3w UE i USA)<br data-start=\"4123\" data-end=\"4126\" \/>- <strong data-start=\"4128\" data-end=\"4143\">Sezonowo\u015b\u0107<\/strong>: Najlepsze na wiosn\u0119, lato, jesie\u0144<br data-start=\"4174\" data-end=\"4177\" \/>- <strong data-start=\"4179\" data-end=\"4189\">Projekt<\/strong>: Wyci\u0119cie na p\u00f3\u0142 palca w stylu vintage<br data-start=\"4224\" data-end=\"4227\" \/>- <strong data-start=\"4229\" data-end=\"4240\">Zamkni\u0119cie<\/strong>: Zapi\u0119cie na guzik zatrzaskowy<br data-start=\"4267\" data-end=\"4270\" \/>- <strong data-start=\"4272\" data-end=\"4289\">Personalizacja<\/strong>: Marka w\u0142asna, t\u0142oczenie logo, specjalne zam\u00f3wienia kolorystyczne<br data-start=\"4342\" data-end=\"4345\" \/>- <strong data-start=\"4347\" data-end=\"4354\">MOQ<\/strong>: Niskie minimalne ilo\u015bci zam\u00f3wie\u0144 dost\u0119pne dla startup\u00f3w i butik\u00f3w<\/p>\n<hr class=\"\" data-start=\"4423\" data-end=\"4426\" \/>\n<h1 class=\"\" data-start=\"4428\" data-end=\"4466\">???? <strong data-start=\"4433\" data-end=\"4466\">Zastosowania i idealni nabywcy<\/strong><\/h1>\n<p class=\"\" data-start=\"4468\" data-end=\"4779\">- Entuzja\u015bci klasycznych samochod\u00f3w<br data-start=\"4493\" data-end=\"4496\" \/>- Motocykli\u015bci<br data-start=\"4515\" data-end=\"4518\" \/>- Sprzedawcy detaliczni i butiki odzie\u017cowe<br data-start=\"4551\" data-end=\"4554\" \/>- Dystrybutorzy przek\u0142adni nap\u0119dowych<br data-start=\"4581\" data-end=\"4584\" \/>- Marki akcesori\u00f3w sk\u00f3rzanych<br data-start=\"4612\" data-end=\"4615\" \/>- Sprzedawcy handlu elektronicznego online<br data-start=\"4642\" data-end=\"4645\" \/>- Motoryzacyjne sklepy lifestyle'owe<br data-start=\"4673\" data-end=\"4676\" \/>- W\u0142a\u015bciciele marek w\u0142asnych<br data-start=\"4704\" data-end=\"4707\" \/>- Dostawcy luksusowych prezent\u00f3w korporacyjnych<br data-start=\"4743\" data-end=\"4746\" \/>- Rynki europejskie, ameryka\u0144skie i azjatyckie<\/p>\n<hr class=\"\" data-start=\"4781\" data-end=\"4784\" \/>\n<h1 class=\"\" data-start=\"4786\" data-end=\"4849\">???? <strong data-start=\"4791\" data-end=\"4849\">Dlaczego warto wybra\u0107 Ryinz do produkcji r\u0119kawic sk\u00f3rzanych?<\/strong><\/h1>\n<p class=\"\" data-start=\"4851\" data-end=\"5154\">- Dziesi\u0119ciolecia do\u015bwiadczenia w zaopatrywaniu Europy i USA<br data-start=\"4898\" data-end=\"4901\" \/>- Projekty i standardy produkcji zgodne z normami UE<br data-start=\"4948\" data-end=\"4951\" \/>- Elastyczne us\u0142ugi marek w\u0142asnych i OEM<br data-start=\"4992\" data-end=\"4995\" \/>- Pe\u0142na personalizacja i skalowalne opcje MOQ<br data-start=\"5040\" data-end=\"5043\" \/>- Du\u017cy nacisk na jako\u015b\u0107, styl i terminowo\u015b\u0107 dostaw.<br data-start=\"5099\" data-end=\"5102\" \/>- Dedykowane wsparcie i doradztwo w zakresie handlu mi\u0119dzynarodowego<\/p>","protected":false},"excerpt":{"rendered":"<p class=\"\" data-start=\"2186\" data-end=\"2364\">???? <strong data-start=\"2189\" data-end=\"2229\">Konstrukcja z najwy\u017cszej jako\u015bci sk\u00f3ry naturalnej<\/strong><br data-start=\"2229\" data-end=\"2232\" \/>Specjalnie garbowane i wyko\u0144czone, aby zapewni\u0107 mi\u0119kki, elastyczny dotyk, kt\u00f3ry naturalnie dopasowuje si\u0119 do kszta\u0142tu d\u0142oni podczas noszenia, oferuj\u0105c luksusowy komfort.<\/p>\n<p class=\"\" data-start=\"2366\" data-end=\"2515\">???? <strong data-start=\"2369\" data-end=\"2402\">Klasyczne wyci\u0119cie na kostk\u0119<\/strong><br data-start=\"2402\" data-end=\"2405\" \/>Ponadczasowe, inspirowane stylem vintage wyci\u0119cia poprawiaj\u0105 wentylacj\u0119, zapewniaj\u0105c jednocze\u015bnie niezr\u00f3wnan\u0105 elastyczno\u015b\u0107 i kultowy styl.<\/p>\n<p class=\"\" data-start=\"2517\" data-end=\"2680\">???? <strong data-start=\"2520\" data-end=\"2552\">Precyzyjny system perforacji<\/strong><br data-start=\"2552\" data-end=\"2555\" \/>Strategicznie rozmieszczone perforacje zapewniaj\u0105 optymaln\u0105 oddychalno\u015b\u0107, zapobiegaj\u0105c gromadzeniu si\u0119 potu podczas d\u0142ugich jazd samochodem lub rowerem.<\/p>\n<p class=\"\" data-start=\"2682\" data-end=\"2896\">???? <strong data-start=\"2685\" data-end=\"2730\">Swoboda po\u0142owy palca dla maksymalnej zr\u0119czno\u015bci<\/strong><br data-start=\"2730\" data-end=\"2733\" \/>Idealne dla tych, kt\u00f3rzy potrzebuj\u0105 pewnego chwytu na kierownicy, uchwytach motocykla lub podczas codziennych aktywno\u015bci na \u015bwie\u017cym powietrzu, zachowuj\u0105c przy tym pe\u0142ne wra\u017cenia dotykowe.<\/p>\n<p class=\"\" data-start=\"2898\" data-end=\"3056\">???? <strong data-start=\"2901\" data-end=\"2936\">Bezpieczne, regulowane zapi\u0119cie na nadgarstek<\/strong><br data-start=\"2936\" data-end=\"2939\" \/>Tradycyjna konstrukcja z guzikami zatrzaskowymi zapewnia klasyczne wyko\u0144czenie, umo\u017cliwiaj\u0105c jednocze\u015bnie wygodne i bezpieczne dopasowanie.<\/p>\n<p class=\"\" data-start=\"3058\" data-end=\"3210\">???? <strong data-start=\"3061\" data-end=\"3091\">Lekko\u015b\u0107 i oddychalno\u015b\u0107<\/strong><br data-start=\"3091\" data-end=\"3094\" \/>Zaprojektowany do jazdy w ciep\u0142e dni, oferuj\u0105c naturalny system ch\u0142odzenia bez uszczerbku dla ochrony.<\/p>\n<p class=\"\" data-start=\"3212\" data-end=\"3371\">???? <strong data-start=\"3215\" data-end=\"3235\">Uniwersalne zastosowanie<\/strong><br data-start=\"3235\" data-end=\"3238\" \/>Idealny do jazdy samochodem, motocyklem, klasycznym samochodem, miejskich dojazd\u00f3w do pracy, jazdy na rowerze, a nawet jako stylowy dodatek modowy do codziennego u\u017cytku.<\/p>","protected":false},"featured_media":9055,"comment_status":"closed","ping_status":"closed","template":"","meta":[],"product_brand":[35],"product_cat":[152],"product_tag":[167,168,169,170,171],"class_list":{"0":"post-8990","1":"product","2":"type-product","3":"status-publish","4":"has-post-thumbnail","6":"product_brand-ryinz","7":"product_cat-street-bike-gloves","8":"product_tag-breathable-street-bike-gloves","9":"product_tag-customizable-biker-gloves","10":"product_tag-half-finger-bike-gloves","11":"product_tag-leather-bike-gloves","12":"product_tag-secure-fit-street-gloves","14":"first","15":"instock","16":"taxable","17":"shipping-taxable","18":"purchasable","19":"product-type-simple"},"_links":{"self":[{"href":"https:\/\/ryinz.cz\/velkoobchod\/pl\/wp-json\/wp\/v2\/product\/8990","targetHints":{"allow":["GET"]}}],"collection":[{"href":"https:\/\/ryinz.cz\/velkoobchod\/pl\/wp-json\/wp\/v2\/product"}],"about":[{"href":"https:\/\/ryinz.cz\/velkoobchod\/pl\/wp-json\/wp\/v2\/types\/product"}],"replies":[{"embeddable":true,"href":"https:\/\/ryinz.cz\/velkoobchod\/pl\/wp-json\/wp\/v2\/comments?post=8990"}],"wp:featuredmedia":[{"embeddable":true,"href":"https:\/\/ryinz.cz\/velkoobchod\/pl\/wp-json\/wp\/v2\/media\/9055"}],"wp:attachment":[{"href":"https:\/\/ryinz.cz\/velkoobchod\/pl\/wp-json\/wp\/v2\/media?parent=8990"}],"wp:term":[{"taxonomy":"product_brand","embeddable":true,"href":"https:\/\/ryinz.cz\/velkoobchod\/pl\/wp-json\/wp\/v2\/product_brand?post=8990"},{"taxonomy":"product_cat","embeddable":true,"href":"https:\/\/ryinz.cz\/velkoobchod\/pl\/wp-json\/wp\/v2\/product_cat?post=8990"},{"taxonomy":"product_tag","embeddable":true,"href":"https:\/\/ryinz.cz\/velkoobchod\/pl\/wp-json\/wp\/v2\/product_tag?post=8990"}],"curies":[{"name":"wp","href":"https:\/\/api.w.org\/{rel}","templated":true}]}}