{"id":8989,"date":"2025-06-22T15:24:49","date_gmt":"2025-06-22T15:24:49","guid":{"rendered":"https:\/\/ryinz.cz\/velkoobchod\/?post_type=product&#038;p=8989"},"modified":"2026-01-18T20:17:14","modified_gmt":"2026-01-18T20:17:14","slug":"rekawice-motocyklowe-street-hurtownia-ryinz-rekawice-motocyklowe-z-pelnym-palcem-eu-producent-i-dostawca-marek-wlasnych","status":"publish","type":"product","link":"https:\/\/ryinz.cz\/velkoobchod\/pl\/product\/street-bike-gloves-wholesale-ryinz-full-finger-motorcycle-gloves-eu-designs-manufacturer-and-private-label-supplier\/","title":{"rendered":"R\u0119kawiczki Street Bike Wholesale | Ryinz | R\u0119kawiczki motocyklowe z pe\u0142nym palcem | EU Designs | Producent i dostawca marek w\u0142asnych"},"content":{"rendered":"<p class=\"\" data-start=\"209\" data-end=\"336\"><strong data-start=\"209\" data-end=\"336\">R\u0119kawiczki Street Bike Wholesale | Ryinz | R\u0119kawiczki motocyklowe z pe\u0142nym palcem | EU Designs | Producent i dostawca marek w\u0142asnych<\/strong><\/p>\n<p class=\"\" data-start=\"338\" data-end=\"609\">Przy <strong data-start=\"341\" data-end=\"350\">Ryinz<\/strong>, Wspieramy globalne marki, \u0142\u0105cz\u0105c <strong data-start=\"389\" data-end=\"456\">producenci premium, kreatywne marki i profesjonalni nabywcy<\/strong> w ca\u0142ej Europie, USA i Azji.<br data-start=\"490\" data-end=\"493\" \/>Jeste\u015bmy <strong data-start=\"504\" data-end=\"551\">Niewidzialny silnik stoj\u0105cy za handlem mi\u0119dzynarodowym<\/strong>.<br data-start=\"552\" data-end=\"555\" \/>Nasza misja: <strong data-start=\"568\" data-end=\"609\">Otwieramy drzwi, aby\u015b m\u00f3g\u0142 zamkn\u0105\u0107 sprzeda\u017c.<\/strong><\/p>\n<p class=\"\" data-start=\"611\" data-end=\"765\">Przedstawiamy <strong data-start=\"627\" data-end=\"667\">R\u0119kawiczki rowerowe Ryinz z pe\u0142nymi palcami<\/strong> - Zbudowany z my\u015bl\u0105 o hardkorowych motocyklistach, miejskich rowerzystach, poszukiwaczach przyg\u00f3d w terenie i odkrywcach kieruj\u0105cych si\u0119 stylem.<\/p>\n<hr class=\"\" data-start=\"767\" data-end=\"770\" \/>\n<h3 class=\"\" data-start=\"772\" data-end=\"799\"><strong data-start=\"776\" data-end=\"798\">Najwa\u017cniejsze cechy produktu<\/strong>:<\/h3>\n<p class=\"\" data-start=\"801\" data-end=\"1306\">\u2705 <strong data-start=\"803\" data-end=\"819\">Nazwa produktu<\/strong>: R\u0119kawiczki rowerowe Ryinz Tactical z pe\u0142nymi palcami<br data-start=\"866\" data-end=\"869\" \/>\u2705 <strong data-start=\"871\" data-end=\"883\">Materia\u0142<\/strong>: Wzmocniona mikrofibra + elastyczna siatka + gumowy pancerz ochronny<br data-start=\"947\" data-end=\"950\" \/>\u2705 <strong data-start=\"952\" data-end=\"961\">Kolor<\/strong>: Czarny kamufla\u017c Stealth z szarymi akcentami<br data-start=\"1005\" data-end=\"1008\" \/>\u2705 <strong data-start=\"1010\" data-end=\"1026\">Opcje logo<\/strong>: Pusty, nadrukowany, silikonowy, gumowy identyfikator, haftowany<br data-start=\"1079\" data-end=\"1082\" \/>\u2705 <strong data-start=\"1084\" data-end=\"1103\">Cechy konstrukcyjne<\/strong>:<br data-start=\"1104\" data-end=\"1107\" \/>- Amortyzuj\u0105ce wstrz\u0105sy ochraniacze kostek<br data-start=\"1143\" data-end=\"1146\" \/>- Oddychaj\u0105ca, elastyczna siateczka zapewnia wygod\u0119<br data-start=\"1183\" data-end=\"1186\" \/>- Antypo\u015blizgowe uchwyty na d\u0142onie dla maksymalnej kontroli<br data-start=\"1228\" data-end=\"1231\" \/>- Ergonomiczne dopasowanie do ca\u0142ego palca<br data-start=\"1258\" data-end=\"1261\" \/>- Regulowany pasek na nadgarstek dla bezpiecznego zapi\u0119cia<\/p>\n<p class=\"\" data-start=\"1308\" data-end=\"1373\">\u2705 <strong data-start=\"1310\" data-end=\"1329\">Dost\u0119pne rozmiary<\/strong>: S, M, L, XL, XXL (dost\u0119pne rozmiary niestandardowe)<\/p>\n<p class=\"\" data-start=\"1375\" data-end=\"1603\">\u2705 <strong data-start=\"1377\" data-end=\"1384\">Dopasowanie<\/strong>: Taktyczny, elastyczny, bezpieczny uchwyt<br data-start=\"1417\" data-end=\"1420\" \/>\u2705 <strong data-start=\"1422\" data-end=\"1429\">U\u017cycie<\/strong>: Kolarstwo uliczne, jazda motocyklem, kolarstwo g\u00f3rskie, trening taktyczny, sporty outdoorowe<br data-start=\"1515\" data-end=\"1518\" \/>\u2705 <strong data-start=\"1520\" data-end=\"1527\">MOQ<\/strong>: Niskie minima dla sprzeda\u017cy hurtowej, detalicznej i rozwoju marek w\u0142asnych<\/p>\n<hr class=\"\" data-start=\"1605\" data-end=\"1608\" \/>\n<h3 class=\"\" data-start=\"1610\" data-end=\"1639\"><strong data-start=\"1614\" data-end=\"1638\">Szczeg\u00f3\u0142owy opis<\/strong>:<\/h3>\n<p class=\"\" data-start=\"1641\" data-end=\"1670\"><strong data-start=\"1641\" data-end=\"1670\">Si\u0142a. Styl. Kontrola.<\/strong><\/p>\n<p class=\"\" data-start=\"1672\" data-end=\"1979\">The <strong data-start=\"1676\" data-end=\"1716\">R\u0119kawiczki rowerowe Ryinz z pe\u0142nymi palcami<\/strong> s\u0105 przeznaczone dla powa\u017cnych rowerzyst\u00f3w, kt\u00f3rzy wymagaj\u0105 wi\u0119cej od swojego sprz\u0119tu.<br data-start=\"1781\" data-end=\"1784\" \/>Zbudowany z <strong data-start=\"1795\" data-end=\"1828\">wzmocniona sk\u00f3ra z mikrofibry<\/strong>, <strong data-start=\"1830\" data-end=\"1863\">poch\u0142aniaj\u0105cy wstrz\u0105sy pancerz kostki<\/strong>, oraz <strong data-start=\"1869\" data-end=\"1892\">ergonomiczne nak\u0142adki na uchwyty<\/strong>, R\u0119kawice te zapewniaj\u0105 elitarn\u0105 ochron\u0119 bez po\u015bwi\u0119cania elastyczno\u015bci i wygody.<\/p>\n<p class=\"\" data-start=\"1981\" data-end=\"2177\">The <strong data-start=\"1985\" data-end=\"2008\">elastyczna tkanina siatkowa<\/strong> zapewnia oddychalno\u015b\u0107 nawet podczas d\u0142ugich przeja\u017cd\u017cek, podczas gdy <strong data-start=\"2065\" data-end=\"2084\">projekt taktyczny<\/strong> zapewnia zwi\u0119kszon\u0105 ochron\u0119 przed uderzeniami w warunkach ulicznych, terenowych lub taktycznych.<\/p>\n<p class=\"\" data-start=\"2179\" data-end=\"2315\"><strong data-start=\"2179\" data-end=\"2205\">Antypo\u015blizgowe wy\u015bcie\u0142ane d\u0142onie<\/strong> zwi\u0119kszaj\u0105 przyczepno\u015b\u0107 kierownicy i <strong data-start=\"2234\" data-end=\"2258\">pokrycie ca\u0142ego palca<\/strong> zapewnia lepsz\u0105 ochron\u0119 przed zanieczyszczeniami, wiatrem i zimnem.<\/p>\n<p class=\"\" data-start=\"2317\" data-end=\"2490\">Idealny dla <strong data-start=\"2327\" data-end=\"2362\">marki w\u0142asne motocykli<\/strong>, <strong data-start=\"2364\" data-end=\"2385\">marki streetwearowe<\/strong>, <strong data-start=\"2387\" data-end=\"2419\">Sprzedawcy rower\u00f3w elektrycznych i skuter\u00f3w<\/strong>, oraz <strong data-start=\"2425\" data-end=\"2453\">firmy zajmuj\u0105ce si\u0119 sportami outdoorowymi<\/strong> szukaj\u0105cych sprz\u0119tu nastawionego na wydajno\u015b\u0107.<\/p>\n<hr class=\"\" data-start=\"2492\" data-end=\"2495\" \/>\n<h3 class=\"\" data-start=\"2497\" data-end=\"2550\"><strong data-start=\"2501\" data-end=\"2549\">Kluczowe funkcje dla nabywc\u00f3w hurtowych i detalicznych<\/strong>:<\/h3>\n<p class=\"\" data-start=\"2552\" data-end=\"3022\">???? <strong data-start=\"2555\" data-end=\"2580\">Taktyczny projekt urbanistyczny<\/strong>: Nowoczesny, agresywny i wysoce funkcjonalny.<br data-start=\"2624\" data-end=\"2627\" \/>???? <strong data-start=\"2630\" data-end=\"2656\">Bezpo\u015brednie ceny fabryczne<\/strong>: Maksymalizacja mar\u017cy dzi\u0119ki warto\u015bci premium.<br data-start=\"2694\" data-end=\"2697\" \/>???? <strong data-start=\"2700\" data-end=\"2725\">Gotowy do niestandardowego brandingu<\/strong>: Sitodruk, haft, silikonowe naszywki dost\u0119pne.<br data-start=\"2779\" data-end=\"2782\" \/>???? <strong data-start=\"2785\" data-end=\"2814\">Segmenty u\u017cytkownik\u00f3w o wysokim popycie<\/strong>: Motocykli\u015bci uliczni, kolarze przygodowi, osoby doje\u017cd\u017caj\u0105ce do pracy w mie\u015bcie, u\u017cytkownicy taktyczni.<br data-start=\"2880\" data-end=\"2883\" \/>???? <strong data-start=\"2886\" data-end=\"2928\">Szybka, niezawodna produkcja i wysy\u0142ka<\/strong>: Bezpo\u015brednio do Europy, USA, Azji.<br data-start=\"2960\" data-end=\"2963\" \/>???? <strong data-start=\"2966\" data-end=\"2993\">Trwa\u0142o\u015b\u0107 i wygoda<\/strong>: Je\u017adzi\u0107 mocniej, d\u0142u\u017cej, bezpieczniej.<\/p>\n<hr class=\"\" data-start=\"3024\" data-end=\"3027\" \/>\n<h3 class=\"\" data-start=\"3029\" data-end=\"3055\"><strong data-start=\"3033\" data-end=\"3054\">Pomys\u0142y na aplikacje<\/strong>:<\/h3>\n<p class=\"\" data-start=\"3057\" data-end=\"3354\">- Sklepy z motocyklami ulicznymi i akcesoriami motocyklowymi<br data-start=\"3101\" data-end=\"3104\" \/>- Sprzedawcy skuter\u00f3w i rower\u00f3w elektrycznych<br data-start=\"3134\" data-end=\"3137\" \/>- Dostawcy sprz\u0119tu outdoorowego i sportowego<br data-start=\"3182\" data-end=\"3185\" \/>- Marki odzie\u017cy ulicznej i taktycznej marek w\u0142asnych<br data-start=\"3236\" data-end=\"3239\" \/>- Towary eventowe na pokazy motoryzacyjne i festiwale plenerowe<br data-start=\"3296\" data-end=\"3299\" \/>- Marki e-commerce sprzedaj\u0105ce sprz\u0119t fitness i motocyklowy<\/p>\n<hr class=\"\" data-start=\"3356\" data-end=\"3359\" \/>\n<h3 class=\"\" data-start=\"3361\" data-end=\"3396\"><strong data-start=\"3365\" data-end=\"3395\">Idealna tabela rozmiar\u00f3w i dopasowania<\/strong>:<\/h3>\n<div class=\"group pointer-events-none relative flex justify-center *:pointer-events-auto\"><button class=\"hover:bg-token-main-surface-secondary text-token-text-secondary pointer-events-auto rounded-lg px-1 py-1 opacity-0 transition-opacity duration-200 group-focus-within:opacity-100 group-hover:opacity-100\"><\/button><\/p>\n<div class=\"tableContainer horzScrollShadows relative\">\n<table class=\"min-w-full\" data-start=\"3398\" data-end=\"3612\">\n<thead data-start=\"3398\" data-end=\"3450\">\n<tr data-start=\"3398\" data-end=\"3450\">\n<th data-start=\"3398\" data-end=\"3405\">Rozmiar<\/th>\n<th data-start=\"3405\" data-end=\"3423\">Szeroko\u015b\u0107 d\u0142oni (cm)<\/th>\n<th data-start=\"3423\" data-end=\"3450\">Obw\u00f3d d\u0142oni (cm)<\/th>\n<\/tr>\n<\/thead>\n<tbody data-start=\"3504\" data-end=\"3612\">\n<tr data-start=\"3504\" data-end=\"3523\">\n<td class=\"max-w-[calc(var(--thread-content-max-width)*2\/3)]\" data-start=\"3504\" data-end=\"3508\">S<\/td>\n<td class=\"max-w-[calc(var(--thread-content-max-width)*2\/3)]\" data-start=\"3508\" data-end=\"3514\">7.5<\/td>\n<td class=\"max-w-[calc(var(--thread-content-max-width)*2\/3)]\" data-start=\"3514\" data-end=\"3523\">17-18<\/td>\n<\/tr>\n<tr data-start=\"3524\" data-end=\"3545\">\n<td class=\"max-w-[calc(var(--thread-content-max-width)*2\/3)]\" data-start=\"3524\" data-end=\"3528\">M<\/td>\n<td class=\"max-w-[calc(var(--thread-content-max-width)*2\/3)]\" data-start=\"3528\" data-end=\"3534\">8.5<\/td>\n<td class=\"max-w-[calc(var(--thread-content-max-width)*2\/3)]\" data-start=\"3534\" data-end=\"3545\">18-19.5<\/td>\n<\/tr>\n<tr data-start=\"3546\" data-end=\"3567\">\n<td class=\"max-w-[calc(var(--thread-content-max-width)*2\/3)]\" data-start=\"3546\" data-end=\"3550\">L<\/td>\n<td class=\"max-w-[calc(var(--thread-content-max-width)*2\/3)]\" data-start=\"3550\" data-end=\"3556\">9.5<\/td>\n<td class=\"max-w-[calc(var(--thread-content-max-width)*2\/3)]\" data-start=\"3556\" data-end=\"3567\">19.5-21<\/td>\n<\/tr>\n<tr data-start=\"3568\" data-end=\"3589\">\n<td class=\"max-w-[calc(var(--thread-content-max-width)*2\/3)]\" data-start=\"3568\" data-end=\"3573\">XL<\/td>\n<td class=\"max-w-[calc(var(--thread-content-max-width)*2\/3)]\" data-start=\"3573\" data-end=\"3580\">10.5<\/td>\n<td class=\"max-w-[calc(var(--thread-content-max-width)*2\/3)]\" data-start=\"3580\" data-end=\"3589\">21-23<\/td>\n<\/tr>\n<tr data-start=\"3590\" data-end=\"3612\">\n<td class=\"max-w-[calc(var(--thread-content-max-width)*2\/3)]\" data-start=\"3590\" data-end=\"3596\">XXL<\/td>\n<td class=\"max-w-[calc(var(--thread-content-max-width)*2\/3)]\" data-start=\"3596\" data-end=\"3603\">11.5<\/td>\n<td class=\"max-w-[calc(var(--thread-content-max-width)*2\/3)]\" data-start=\"3603\" data-end=\"3612\">23-25<\/td>\n<\/tr>\n<\/tbody>\n<\/table>\n<\/div>\n<\/div>\n<p class=\"\" data-start=\"3614\" data-end=\"3674\">(Zaprojektowany z my\u015bl\u0105 o ergonomicznym, sportowym, przyjaznym dla ruchu dopasowaniu).<\/p>","protected":false},"excerpt":{"rendered":"<h3 class=\"\" data-start=\"2497\" data-end=\"2550\"><strong data-start=\"2501\" data-end=\"2549\">Kluczowe funkcje dla nabywc\u00f3w hurtowych i detalicznych<\/strong>:<\/h3>\n<p class=\"\" data-start=\"2552\" data-end=\"3022\">???? <strong data-start=\"2555\" data-end=\"2580\">Taktyczny projekt urbanistyczny<\/strong>: Nowoczesny, agresywny i wysoce funkcjonalny.<br data-start=\"2624\" data-end=\"2627\" \/>???? <strong data-start=\"2630\" data-end=\"2656\">Bezpo\u015brednie ceny fabryczne<\/strong>: Maksymalizacja mar\u017cy dzi\u0119ki warto\u015bci premium.<br data-start=\"2694\" data-end=\"2697\" \/>???? <strong data-start=\"2700\" data-end=\"2725\">Gotowy do niestandardowego brandingu<\/strong>: Sitodruk, haft, silikonowe naszywki dost\u0119pne.<br data-start=\"2779\" data-end=\"2782\" \/>???? <strong data-start=\"2785\" data-end=\"2814\">Segmenty u\u017cytkownik\u00f3w o wysokim popycie<\/strong>: Motocykli\u015bci uliczni, kolarze przygodowi, osoby doje\u017cd\u017caj\u0105ce do pracy w mie\u015bcie, u\u017cytkownicy taktyczni.<br data-start=\"2880\" data-end=\"2883\" \/>???? <strong data-start=\"2886\" data-end=\"2928\">Szybka, niezawodna produkcja i wysy\u0142ka<\/strong>: Bezpo\u015brednio do Europy, USA, Azji.<br data-start=\"2960\" data-end=\"2963\" \/>???? <strong data-start=\"2966\" data-end=\"2993\">Trwa\u0142o\u015b\u0107 i wygoda<\/strong>: Je\u017adzi\u0107 mocniej, d\u0142u\u017cej, bezpieczniej.<\/p>","protected":false},"featured_media":9041,"comment_status":"closed","ping_status":"closed","template":"","meta":[],"product_brand":[35],"product_cat":[152],"product_tag":[163,159,164,165,166],"class_list":{"0":"post-8989","1":"product","2":"type-product","3":"status-publish","4":"has-post-thumbnail","6":"product_brand-ryinz","7":"product_cat-street-bike-gloves","8":"product_tag-carbon-protector-street-gloves","9":"product_tag-customizable-street-bike-gloves","10":"product_tag-reinforced-biking-gloves","11":"product_tag-safety-gloves-for-street-bikers","12":"product_tag-touchscreen-compatible-bike-gloves","14":"first","15":"instock","16":"taxable","17":"shipping-taxable","18":"purchasable","19":"product-type-simple"},"_links":{"self":[{"href":"https:\/\/ryinz.cz\/velkoobchod\/pl\/wp-json\/wp\/v2\/product\/8989","targetHints":{"allow":["GET"]}}],"collection":[{"href":"https:\/\/ryinz.cz\/velkoobchod\/pl\/wp-json\/wp\/v2\/product"}],"about":[{"href":"https:\/\/ryinz.cz\/velkoobchod\/pl\/wp-json\/wp\/v2\/types\/product"}],"replies":[{"embeddable":true,"href":"https:\/\/ryinz.cz\/velkoobchod\/pl\/wp-json\/wp\/v2\/comments?post=8989"}],"wp:featuredmedia":[{"embeddable":true,"href":"https:\/\/ryinz.cz\/velkoobchod\/pl\/wp-json\/wp\/v2\/media\/9041"}],"wp:attachment":[{"href":"https:\/\/ryinz.cz\/velkoobchod\/pl\/wp-json\/wp\/v2\/media?parent=8989"}],"wp:term":[{"taxonomy":"product_brand","embeddable":true,"href":"https:\/\/ryinz.cz\/velkoobchod\/pl\/wp-json\/wp\/v2\/product_brand?post=8989"},{"taxonomy":"product_cat","embeddable":true,"href":"https:\/\/ryinz.cz\/velkoobchod\/pl\/wp-json\/wp\/v2\/product_cat?post=8989"},{"taxonomy":"product_tag","embeddable":true,"href":"https:\/\/ryinz.cz\/velkoobchod\/pl\/wp-json\/wp\/v2\/product_tag?post=8989"}],"curies":[{"name":"wp","href":"https:\/\/api.w.org\/{rel}","templated":true}]}}