{"id":8988,"date":"2025-06-22T15:24:49","date_gmt":"2025-06-22T15:24:49","guid":{"rendered":"https:\/\/ryinz.cz\/velkoobchod\/?post_type=product&#038;p=8988"},"modified":"2026-01-18T20:17:13","modified_gmt":"2026-01-18T20:17:13","slug":"ryinz-hurtownia-premium-skorzane-rekawice-motocyklowe-street-bike-adventure-touring-tactical-riding-oem-private-label-producent-europa","status":"publish","type":"product","link":"https:\/\/ryinz.cz\/velkoobchod\/pl\/product\/ryinz-wholesale-premium-motorcycle-leather-gloves-street-bike-adventure-touring-tactical-riding-oem-private-label-manufacturer-europe\/","title":{"rendered":"Sk\u00f3rzane r\u0119kawice motocyklowe Ryinz Wholesale Premium - Street Bike, Adventure Touring, Tactical Riding - OEM\/Private Label Manufacturer Europe"},"content":{"rendered":"<h1 class=\"\" data-start=\"266\" data-end=\"341\"><strong data-start=\"271\" data-end=\"341\">Czarne sk\u00f3rzane r\u0119kawice motocyklowe Ryinz Premium<\/strong><\/h1>\n<p class=\"\" data-start=\"343\" data-end=\"829\">Przy <strong data-start=\"346\" data-end=\"355\">Ryinz<\/strong>, Wierzymy, \u017ce odpowiedni sprz\u0119t zmienia wra\u017cenia z jazdy. Nasza misja jest prosta, ale pot\u0119\u017cna: <strong data-start=\"453\" data-end=\"493\">Otwieramy drzwi, aby\u015b m\u00f3g\u0142 zamkn\u0105\u0107 sprzeda\u017c<\/strong>. Jako zaufane \u0142\u0105cze mi\u0119dzy <strong data-start=\"521\" data-end=\"587\">marki, nabywcy i producenci w Europie, USA i Azji<\/strong>, z dum\u0105 przedstawiamy <strong data-start=\"614\" data-end=\"663\">Czarne sk\u00f3rzane r\u0119kawice motocyklowe Ryinz Premium<\/strong> - doskona\u0142e po\u0142\u0105czenie <strong data-start=\"685\" data-end=\"724\">Luksus, ochrona i wydajno\u015b\u0107<\/strong> Zaprojektowany dla powa\u017cnych motocyklist\u00f3w, kolarzy ulicznych, taktycznych poszukiwaczy przyg\u00f3d i ka\u017cdego, kto ceni sobie najwy\u017csz\u0105 jako\u015b\u0107.<\/p>\n<p class=\"\" data-start=\"831\" data-end=\"1163\">Wykonane z najlepszych <strong data-start=\"852\" data-end=\"880\">czarna sk\u00f3ra licowa<\/strong>, Te r\u0119kawice oferuj\u0105 niezr\u00f3wnan\u0105 wytrzyma\u0142o\u015b\u0107, elastyczno\u015b\u0107 i styl. Ich ponadczasowy design, wzmocniony uchwyt d\u0142oni, ergonomiczne dopasowanie i odporne na warunki atmosferyczne wyko\u0144czenie sprawiaj\u0105, \u017ce s\u0105 one najlepszym wyborem dla <strong data-start=\"1069\" data-end=\"1162\">motocykli\u015bci uliczni, entuzja\u015bci turystyki motocyklowej, jednostki taktyczne i odkrywcy na \u015bwie\u017cym powietrzu<\/strong>.<\/p>\n<p class=\"\" data-start=\"1165\" data-end=\"1371\">Idealny zar\u00f3wno dla <strong data-start=\"1182\" data-end=\"1199\">marka w\u0142asna<\/strong> marki i <strong data-start=\"1211\" data-end=\"1231\">nabywcy hurtowi<\/strong>, R\u0119kawice te s\u0105 dost\u0119pne z <strong data-start=\"1265\" data-end=\"1307\">niestandardowe logo, opcje prywatnego brandingu<\/strong>, oraz <strong data-start=\"1313\" data-end=\"1332\">szybka produkcja<\/strong> mo\u017cliwo\u015bci w ca\u0142ej Europie i poza ni\u0105.<\/p>\n<hr class=\"\" data-start=\"1373\" data-end=\"1376\" \/>\n<h1 class=\"\" data-start=\"1378\" data-end=\"1412\">???? <strong data-start=\"1383\" data-end=\"1412\">Kluczowe cechy i korzy\u015bci<\/strong><\/h1>\n<p class=\"\" data-start=\"1414\" data-end=\"1667\">???? <strong data-start=\"1417\" data-end=\"1460\">Konstrukcja z najwy\u017cszej jako\u015bci sk\u00f3ry licowej<\/strong>:<br data-start=\"1461\" data-end=\"1464\" \/>Wykonane z bardzo wytrzyma\u0142ej, wysokiej jako\u015bci sk\u00f3ry, kt\u00f3ra zapewnia naturaln\u0105 odporno\u015b\u0107 na \u015bcieranie, a jednocze\u015bnie pozostaje elastyczna i elastyczna do codziennego noszenia. Zapewnia trwa\u0142o\u015b\u0107, wytrzyma\u0142o\u015b\u0107 i doskona\u0142\u0105 ochron\u0119.<\/p>\n<p class=\"\" data-start=\"1669\" data-end=\"1907\">???? <strong data-start=\"1672\" data-end=\"1705\">Ochrona podczas jazdy w ka\u017cdych warunkach pogodowych<\/strong>:<br data-start=\"1706\" data-end=\"1709\" \/>Zaprojektowane, aby radzi\u0107 sobie z deszczem, zimnem i wiatrem, dzi\u0119ki czemu r\u0119kawice te nadaj\u0105 si\u0119 na wszystkie pory roku. Niezale\u017cnie od tego, czy s\u0105 to ch\u0142odne poranki, czy deszczowe przeja\u017cd\u017cki, d\u0142onie pozostaj\u0105 wygodne, ciep\u0142e i chronione przed \u017cywio\u0142ami.<\/p>\n<p class=\"\" data-start=\"1909\" data-end=\"2110\">???? <strong data-start=\"1912\" data-end=\"1941\">Ergonomiczne dopasowanie do ca\u0142ego palca<\/strong>:<br data-start=\"1942\" data-end=\"1945\" \/>Anatomicznie ukszta\u0142towane palce zapewniaj\u0105 maksymaln\u0105 zr\u0119czno\u015b\u0107 i kontrol\u0119, umo\u017cliwiaj\u0105c pewny chwyt kierownicy, sprz\u0119g\u0142a i d\u017awigni hamulca. Wymagany minimalny czas docierania.<\/p>\n<p class=\"\" data-start=\"2112\" data-end=\"2312\">???? <strong data-start=\"2115\" data-end=\"2145\">Wzmocnione strefy chwytu d\u0142oni<\/strong>:<br data-start=\"2146\" data-end=\"2149\" \/>Dodatkowa warstwa sk\u00f3ry w krytycznych punktach nacisku zwi\u0119ksza si\u0142\u0119 chwytu, zmniejsza zm\u0119czenie d\u0142oni podczas d\u0142ugich przeja\u017cd\u017cek i zwi\u0119ksza trwa\u0142o\u015b\u0107 podczas intensywnego u\u017cytkowania.<\/p>\n<p class=\"\" data-start=\"2314\" data-end=\"2502\">???? <strong data-start=\"2317\" data-end=\"2369\">Elastyczny odcinek nadgarstka + regulowany pasek zapi\u0119cia<\/strong>:<br data-start=\"2370\" data-end=\"2373\" \/>Zapewnia bezpieczne, dok\u0142adne dopasowanie, kt\u00f3re zapobiega ze\u015blizgiwaniu si\u0119 lub skr\u0119caniu podczas jazdy. \u0141atwy dost\u0119p bez zdejmowania drugiej r\u0119kawicy.<\/p>\n<p class=\"\" data-start=\"2504\" data-end=\"2669\">???? <strong data-start=\"2507\" data-end=\"2531\">Mi\u0119kka wy\u015bci\u00f3\u0142ka wewn\u0119trzna<\/strong>:<br data-start=\"2532\" data-end=\"2535\" \/>Lekka wy\u015bci\u00f3\u0142ka wewn\u0105trz zwi\u0119ksza komfort podczas d\u0142ugotrwa\u0142ego noszenia bez pogorszenia czu\u0142o\u015bci sterowania. Poch\u0142ania wilgo\u0107, zapewniaj\u0105c sucho\u015b\u0107 d\u0142oni.<\/p>\n<p class=\"\" data-start=\"2671\" data-end=\"2856\">???? <strong data-start=\"2674\" data-end=\"2701\">Oddychaj\u0105ca i elastyczna<\/strong>:<br data-start=\"2702\" data-end=\"2705\" \/>Inteligentna konstrukcja wentylacji pozwala r\u0119kawicom oddycha\u0107, zapobiegaj\u0105c przegrzaniu podczas cieplejszych przeja\u017cd\u017cek bez po\u015bwi\u0119cania ochrony przed wiatrem w ch\u0142odniejszych miesi\u0105cach.<\/p>\n<p class=\"\" data-start=\"2858\" data-end=\"3053\">???? <strong data-start=\"2861\" data-end=\"2894\">Taktyczna estetyka odzie\u017cy ulicznej<\/strong>:<br data-start=\"2895\" data-end=\"2898\" \/>Matowe czarne wyko\u0144czenie ze z\u0142otym brandingiem Ryinz gwarantuje, \u017ce te r\u0119kawice uzupe\u0142ni\u0105 streetwear, sprz\u0119t taktyczny i stroje motocyklowe premium. Eleganckie, a jednocze\u015bnie agresywne.<\/p>\n<p class=\"\" data-start=\"3055\" data-end=\"3246\">???? <strong data-start=\"3058\" data-end=\"3101\">Niestandardowy branding i gotowe marki w\u0142asne<\/strong>:<br data-start=\"3102\" data-end=\"3105\" \/>Zaoferuj w\u0142asne logo lub to\u017csamo\u015b\u0107 marki dzi\u0119ki opcjom takim jak sitodruk, gumowe naszywki lub wyt\u0142aczanie. Idealne dla marek, klub\u00f3w i wydarze\u0144.<\/p>\n<p class=\"\" data-start=\"3248\" data-end=\"3429\">???? <strong data-start=\"3251\" data-end=\"3297\">Niskie minimalne zam\u00f3wienia + ceny z rabatem hurtowym<\/strong>:<br data-start=\"3298\" data-end=\"3301\" \/>Dost\u0119pne do dystrybucji hurtowej i sprzeda\u017cy detalicznej. Szybko wysy\u0142amy zam\u00f3wienia hurtowe na terenie Europy, USA, Bliskiego Wschodu i Azji.<\/p>\n<hr class=\"\" data-start=\"3431\" data-end=\"3434\" \/>\n<h1 class=\"\" data-start=\"3436\" data-end=\"3474\">???? <strong data-start=\"3441\" data-end=\"3474\">Zastosowania i idealni nabywcy<\/strong><\/h1>\n<p class=\"\" data-start=\"3476\" data-end=\"4044\">\u2705 <strong data-start=\"3478\" data-end=\"3495\">Street Bikers<\/strong> - Osoby doje\u017cd\u017caj\u0105ce do pracy w mie\u015bcie<br data-start=\"3529\" data-end=\"3532\" \/>\u2705 <strong data-start=\"3534\" data-end=\"3554\">Adventure Riders<\/strong> - D\u0142ugodystansowe podr\u00f3\u017ce motocyklowe<br data-start=\"3589\" data-end=\"3592\" \/>\u2705 <strong data-start=\"3594\" data-end=\"3612\">Jednostki taktyczne<\/strong> - Wojsko, bezpiecze\u0144stwo i egzekwowanie prawa<br data-start=\"3650\" data-end=\"3653\" \/>\u2705 <strong data-start=\"3655\" data-end=\"3675\">Hulajnogi elektryczne<\/strong> - Codzienni u\u017cytkownicy transportu miejskiego<br data-start=\"3709\" data-end=\"3712\" \/>\u2705 <strong data-start=\"3714\" data-end=\"3743\">Marki mody ulicznej<\/strong> - Dodawanie r\u0119kawic do kolekcji<br data-start=\"3774\" data-end=\"3777\" \/>\u2705 <strong data-start=\"3779\" data-end=\"3811\">Marki w\u0142asne i marki OEM<\/strong> - Wprowadzenie lub rozszerzenie asortymentu produkt\u00f3w<br data-start=\"3844\" data-end=\"3847\" \/>\u2705 <strong data-start=\"3849\" data-end=\"3874\">Sklepy ze sprz\u0119tem motocyklowym<\/strong> - Rozszerzenie oferty sprz\u0119tu premium<br data-start=\"3905\" data-end=\"3908\" \/>\u2705 <strong data-start=\"3910\" data-end=\"3932\">Sprzedawcy w handlu elektronicznym<\/strong> - Dodaj luksusowe r\u0119kawiczki do sklep\u00f3w internetowych<br data-start=\"3969\" data-end=\"3972\" \/>\u2705 <strong data-start=\"3974\" data-end=\"4002\">Sklepy Outdoor Adventure<\/strong> - Sprzeda\u017c dla poszukiwaczy przyg\u00f3d i podr\u00f3\u017cnik\u00f3w<\/p>\n<hr class=\"\" data-start=\"4046\" data-end=\"4049\" \/>\n<h1 class=\"\" data-start=\"4051\" data-end=\"4082\">???? <strong data-start=\"4056\" data-end=\"4082\">Specyfikacja produktu<\/strong><\/h1>\n<p class=\"\" data-start=\"4084\" data-end=\"4588\">- <strong data-start=\"4086\" data-end=\"4098\">Materia\u0142<\/strong>: 100% Czarna sk\u00f3ra licowa<br data-start=\"4129\" data-end=\"4132\" \/>- <strong data-start=\"4134\" data-end=\"4150\">Wewn\u0119trzna podszewka<\/strong>: Mi\u0119kka, wygodna siateczka + lekka wy\u015bci\u00f3\u0142ka<br data-start=\"4185\" data-end=\"4188\" \/>- <strong data-start=\"4190\" data-end=\"4199\">Kolor<\/strong>: Czarna sk\u00f3ra ze z\u0142otym logo Ryinz<br data-start=\"4237\" data-end=\"4240\" \/>- <strong data-start=\"4242\" data-end=\"4251\">Rozmiary<\/strong>: S, M, L, XL, XXL (dost\u0119pne rozmiary niestandardowe)<br data-start=\"4295\" data-end=\"4298\" \/>- <strong data-start=\"4300\" data-end=\"4322\">Odporno\u015b\u0107 na warunki atmosferyczne<\/strong>: Wiatroszczelno\u015b\u0107, odporno\u015b\u0107 na deszcz, ochrona przed zimnem<br data-start=\"4366\" data-end=\"4369\" \/>- <strong data-start=\"4371\" data-end=\"4393\">Wzmocnienie uchwytu<\/strong>: Wy\u015bcie\u0142ane cz\u0119\u015bci d\u0142oni zapewniaj\u0105ce kontrol\u0119 antypo\u015blizgow\u0105<br data-start=\"4437\" data-end=\"4440\" \/>- <strong data-start=\"4442\" data-end=\"4460\">System zamykania<\/strong>: Elastyczna opaska na nadgarstek + Regulowany pasek na rzep<br data-start=\"4506\" data-end=\"4509\" \/>- <strong data-start=\"4511\" data-end=\"4531\">Opcje brandingu<\/strong>: Prywatna marka, niestandardowy nadruk logo, dost\u0119pna us\u0142uga OEM<\/p>\n<hr class=\"\" data-start=\"4590\" data-end=\"4593\" \/>\n<h1 class=\"\" data-start=\"4595\" data-end=\"4649\">???? <strong data-start=\"4600\" data-end=\"4649\">Us\u0142ugi sprzeda\u017cy hurtowej i marki w\u0142asnej firmy Ryinz<\/strong><\/h1>\n<p class=\"\" data-start=\"4651\" data-end=\"4967\">Jako mi\u0119dzynarodowy dostawca us\u0142ug sourcingowych, Ryinz u\u0142atwia firmom <strong data-start=\"4731\" data-end=\"4799\">pozyskiwanie r\u0119kawic najwy\u017cszej jako\u015bci bezpo\u015brednio od do\u015bwiadczonych producent\u00f3w<\/strong> oszcz\u0119dzaj\u0105c czas i pieni\u0105dze.<br data-start=\"4828\" data-end=\"4831\" \/>Zapewniamy kompletne <strong data-start=\"4851\" data-end=\"4858\">OEM<\/strong>, <strong data-start=\"4860\" data-end=\"4877\">marka w\u0142asna<\/strong>, <strong data-start=\"4879\" data-end=\"4901\">produkcja masowa<\/strong>, oraz <strong data-start=\"4907\" data-end=\"4933\">us\u0142ugi dostosowywania<\/strong> w poprzek <strong data-start=\"4941\" data-end=\"4966\">Europa, USA i Azja<\/strong>.<\/p>\n<p class=\"\" data-start=\"4969\" data-end=\"5144\">Od projektowania, przez produkcj\u0119, a\u017c po dostaw\u0119, Ryinz zapewnia szybki czas realizacji, \u015bcis\u0142\u0105 kontrol\u0119 jako\u015bci i pot\u0119\u017cne wsparcie brandingowe zar\u00f3wno dla ma\u0142ych firm, jak i du\u017cych marek.<\/p>\n<p class=\"\" data-start=\"5146\" data-end=\"5285\">Niezale\u017cnie od tego, czy jeste\u015b butikowym startupem modowym, mark\u0105 motocyklow\u0105 premium, czy firm\u0105 zajmuj\u0105c\u0105 si\u0119 zaopatrzeniem taktycznym, <strong data-start=\"5247\" data-end=\"5285\">Ryinz jest Twoim partnerem w d\u0105\u017ceniu do sukcesu.<\/strong><\/p>\n<hr class=\"\" data-start=\"5287\" data-end=\"5290\" \/>\n<h1 class=\"\" data-start=\"5292\" data-end=\"5318\">???? <strong data-start=\"5297\" data-end=\"5318\">Dlaczego warto wybra\u0107 Ryinz?<\/strong><\/h1>\n<p class=\"\" data-start=\"5320\" data-end=\"5736\">- Bezpo\u015brednie ustalanie cen przez producenta - lepsze mar\u017ce<br data-start=\"5366\" data-end=\"5369\" \/>- Niestandardowe opcje logo - buduj to\u017csamo\u015b\u0107 marki<br data-start=\"5418\" data-end=\"5421\" \/>- Wzory zgodne z wymogami UE - atrakcyjne dla europejskich nabywc\u00f3w<br data-start=\"5471\" data-end=\"5474\" \/>- Niskie MOQ - idealne dla startup\u00f3w i rozwijaj\u0105cych si\u0119 marek<br data-start=\"5525\" data-end=\"5528\" \/>- Szybka globalna wysy\u0142ka - dostawa od drzwi do drzwi<br data-start=\"5574\" data-end=\"5577\" \/>- Dedykowani opiekunowie klienta - spersonalizowana obs\u0142uga<br data-start=\"5628\" data-end=\"5631\" \/>- Dost\u0119pne rabaty hurtowe - \u0142atwe skalowanie sprzeda\u017cy<br data-start=\"5683\" data-end=\"5686\" \/>- Zaufa\u0142o nam ponad 100 marek w Europie i Ameryce<\/p>","protected":false},"excerpt":{"rendered":"<p class=\"\" data-start=\"2477\" data-end=\"2668\">???? <strong data-start=\"2480\" data-end=\"2518\">Konstrukcja z czarnej sk\u00f3ry premium<\/strong>: Wykonane z prawdziwej sk\u00f3ry dla niezr\u00f3wnanej trwa\u0142o\u015bci, elastyczno\u015bci i stylu. Idealne na ka\u017cd\u0105 pogod\u0119, w tym zimne przeja\u017cd\u017cki i deszczowe dni.<\/p>\n<p class=\"\" data-start=\"2670\" data-end=\"2835\">???? <strong data-start=\"2673\" data-end=\"2701\">Komfortowe wn\u0119trze przez ca\u0142y dzie\u0144<\/strong>: Mi\u0119kka wewn\u0119trzna wy\u015bci\u00f3\u0142ka zapewnia ciep\u0142o i wygod\u0119 bez utraty zr\u0119czno\u015bci. D\u0142onie s\u0105 zrelaksowane i nie m\u0119cz\u0105 si\u0119 podczas d\u0142ugich przeja\u017cd\u017cek.<\/p>\n<p class=\"\" data-start=\"2837\" data-end=\"3000\">???? <strong data-start=\"2840\" data-end=\"2875\">Ochrona przed warunkami atmosferycznymi i \u015bcieraniem<\/strong>: Odporno\u015b\u0107 na wiatr, zimno i zanieczyszczenia drogowe. Zapewnia niezawodn\u0105 ochron\u0119 d\u0142oni przed codziennym zu\u017cyciem i nieoczekiwanymi wypadkami.<\/p>\n<p class=\"\" data-start=\"3002\" data-end=\"3153\">???? <strong data-start=\"3005\" data-end=\"3037\">Ergonomiczna konstrukcja na ca\u0142e palce<\/strong>: Starannie zaprojektowane krzywizny palc\u00f3w zapewniaj\u0105 doskona\u0142\u0105 kontrol\u0119 nad kierownic\u0105, hamulcami i sprz\u0119g\u0142ami bez sztywno\u015bci.<\/p>\n<p class=\"\" data-start=\"3155\" data-end=\"3312\">???? <strong data-start=\"3158\" data-end=\"3182\">Wzmocniony obszar d\u0142oni<\/strong>: Dodatkowe strefy ochronne zwi\u0119kszaj\u0105 przyczepno\u015b\u0107 i chroni\u0105 d\u0142onie podczas upadk\u00f3w lub nag\u0142ych zatrzyma\u0144. Utrzymuje doskona\u0142e tarcie dla bezpiecznej kontroli.<\/p>\n<p class=\"\" data-start=\"3314\" data-end=\"3478\">???? <strong data-start=\"3317\" data-end=\"3357\">Elastyczny mankiet z regulowanym zapi\u0119ciem<\/strong>: Indywidualne dopasowanie do nadgarstka zapobiega zsuwaniu si\u0119 i blokuje przedostawanie si\u0119 zimnego powietrza. \u0141atwe zak\u0142adanie i zdejmowanie nawet jedn\u0105 r\u0119k\u0105.<\/p>\n<p class=\"\" data-start=\"3480\" data-end=\"3634\">???? <strong data-start=\"3483\" data-end=\"3524\">Opcje marek w\u0142asnych i niestandardowych logo<\/strong>: Dost\u0119pne do sitodruku, t\u0142oczenia, gumowych naszywek i haftu - idealne do budowania w\u0142asnej marki.<\/p>\n<p class=\"\" data-start=\"3636\" data-end=\"3799\">???? <strong data-start=\"3639\" data-end=\"3673\">Inspiracja europejskim stylem ulicznym<\/strong>: Minimalistyczny, elegancki wygl\u0105d z taktyczn\u0105 funkcjonalno\u015bci\u0105 - pasuje do ka\u017cdego rodzaju stroju kolarskiego, od sk\u00f3rzanych kurtek po miejski casual.<\/p>\n<p class=\"\" data-start=\"3801\" data-end=\"3935\">???? <strong data-start=\"3804\" data-end=\"3828\">Szeroki zakres zastosowa\u0144<\/strong>: Idealny do jazdy ulicznej, zimowych przeja\u017cd\u017cek, miejskich dojazd\u00f3w do pracy, jazdy przygodowej, turystyki i treningu taktycznego.<\/p>\n<p class=\"\" data-start=\"3937\" data-end=\"4133\">???? <strong data-start=\"3940\" data-end=\"3973\">Przyjazny dla sprzeda\u017cy hurtowej i detalicznej<\/strong>: Niskie MOQ, szybka produkcja i niezawodna wysy\u0142ka na rynki UE, USA i Azji. Doskona\u0142e dla sklep\u00f3w e-commerce, sklep\u00f3w ze sprz\u0119tem motocyklowym i marek prywatnych.<\/p>","protected":false},"featured_media":9040,"comment_status":"closed","ping_status":"closed","template":"","meta":[],"product_brand":[35],"product_cat":[152],"product_tag":[139,159,160,161,162],"class_list":{"0":"post-8988","1":"product","2":"type-product","3":"status-publish","4":"has-post-thumbnail","6":"product_brand-ryinz","7":"product_cat-street-bike-gloves","8":"product_tag-all-weather-motorcycle-gloves","9":"product_tag-customizable-street-bike-gloves","10":"product_tag-fleece-lined-bike-gloves","11":"product_tag-leather-gloves-for-bikers","12":"product_tag-waterproof-street-bike-gloves","14":"first","15":"instock","16":"taxable","17":"shipping-taxable","18":"purchasable","19":"product-type-simple"},"_links":{"self":[{"href":"https:\/\/ryinz.cz\/velkoobchod\/pl\/wp-json\/wp\/v2\/product\/8988","targetHints":{"allow":["GET"]}}],"collection":[{"href":"https:\/\/ryinz.cz\/velkoobchod\/pl\/wp-json\/wp\/v2\/product"}],"about":[{"href":"https:\/\/ryinz.cz\/velkoobchod\/pl\/wp-json\/wp\/v2\/types\/product"}],"replies":[{"embeddable":true,"href":"https:\/\/ryinz.cz\/velkoobchod\/pl\/wp-json\/wp\/v2\/comments?post=8988"}],"wp:featuredmedia":[{"embeddable":true,"href":"https:\/\/ryinz.cz\/velkoobchod\/pl\/wp-json\/wp\/v2\/media\/9040"}],"wp:attachment":[{"href":"https:\/\/ryinz.cz\/velkoobchod\/pl\/wp-json\/wp\/v2\/media?parent=8988"}],"wp:term":[{"taxonomy":"product_brand","embeddable":true,"href":"https:\/\/ryinz.cz\/velkoobchod\/pl\/wp-json\/wp\/v2\/product_brand?post=8988"},{"taxonomy":"product_cat","embeddable":true,"href":"https:\/\/ryinz.cz\/velkoobchod\/pl\/wp-json\/wp\/v2\/product_cat?post=8988"},{"taxonomy":"product_tag","embeddable":true,"href":"https:\/\/ryinz.cz\/velkoobchod\/pl\/wp-json\/wp\/v2\/product_tag?post=8988"}],"curies":[{"name":"wp","href":"https:\/\/api.w.org\/{rel}","templated":true}]}}