{"id":8979,"date":"2025-06-22T15:24:11","date_gmt":"2025-06-22T15:24:11","guid":{"rendered":"https:\/\/ryinz.cz\/velkoobchod\/?post_type=product&#038;p=8979"},"modified":"2026-01-18T20:17:13","modified_gmt":"2026-01-18T20:17:13","slug":"ryinz-premium-czarne-skorzane-rekawice-motocyklowe-zebrowane-elastyczne-rekawice-motocyklowe-do-jazdy-ulicznej-i-przygodowej-hurtowo-dostepne-niestandardowe-marki","status":"publish","type":"product","link":"https:\/\/ryinz.cz\/velkoobchod\/pl\/product\/ryinz-premium-black-leather-motorcycle-gloves-ribbed-flex-design-biker-street-and-adventure-riding-gloves-wholesale-custom-branding-available\/","title":{"rendered":"Czarne sk\u00f3rzane r\u0119kawice motocyklowe Ryinz Premium | \u017bebrowana elastyczna konstrukcja | R\u0119kawice motocyklowe, uliczne i przygodowe - dost\u0119pna sprzeda\u017c hurtowa i niestandardowe marki"},"content":{"rendered":"<p class=\"\" data-start=\"424\" data-end=\"625\">Przy <strong data-start=\"427\" data-end=\"436\">Ryinz<\/strong>, \u0141\u0105czymy mi\u0119dzynarodowych nabywc\u00f3w, marki o wysokim potencjale i najlepszych producent\u00f3w w Europie, USA i Azji.<br data-start=\"545\" data-end=\"548\" \/>Nasza misja jest prosta, ale pot\u0119\u017cna: <strong data-start=\"584\" data-end=\"625\">Otwieramy drzwi, aby\u015b m\u00f3g\u0142 zamkn\u0105\u0107 sprzeda\u017c.<\/strong><\/p>\n<p class=\"\" data-start=\"627\" data-end=\"971\">Przedstawiamy <strong data-start=\"643\" data-end=\"692\">Czarne sk\u00f3rzane r\u0119kawice motocyklowe Ryinz Premium<\/strong> - odwa\u017cne po\u0142\u0105czenie <strong data-start=\"717\" data-end=\"793\">Luksusowa estetyka, taktyczna elastyczno\u015b\u0107 i doskona\u0142e w\u0142a\u015bciwo\u015bci jezdne<\/strong>. Zaprojektowane z my\u015bl\u0105 o nowoczesnych kolarzach, miejskich poszukiwaczach przyg\u00f3d, oddzia\u0142ach taktycznych i rowerzystach dbaj\u0105cych o styl, r\u0119kawice te zapewniaj\u0105 <strong data-start=\"907\" data-end=\"970\">Pe\u0142na ochrona, najwy\u017cszy komfort i niezr\u00f3wnana trwa\u0142o\u015b\u0107<\/strong>.<\/p>\n<p class=\"\" data-start=\"973\" data-end=\"1346\">Zbudowany z wysokiej jako\u015bci <strong data-start=\"997\" data-end=\"1022\">prawdziwa czarna sk\u00f3ra<\/strong>, R\u0119kawice te posiadaj\u0105 unikalny <strong data-start=\"1054\" data-end=\"1076\">\u017bebrowana, elastyczna konstrukcja<\/strong> W poprzek kostek zapewnia doskona\u0142\u0105 swobod\u0119 ruch\u00f3w, doskona\u0142\u0105 amortyzacj\u0119 i futurystyczny styl motocyklisty.<br data-start=\"1188\" data-end=\"1191\" \/>Niezale\u017cnie od tego, czy je\u017adzisz po ulicach miasta, \u015bcigasz si\u0119 po autostradach, czy wyruszasz na d\u0142ugie wycieczki motocyklowe, r\u0119kawice Ryinz zapewniaj\u0105 d\u0142oniom bezpiecze\u0144stwo, ochron\u0119 i styl.<\/p>\n<p class=\"\" data-start=\"1348\" data-end=\"1566\">Idealny dla <strong data-start=\"1358\" data-end=\"1375\">marka w\u0142asna<\/strong>, <strong data-start=\"1377\" data-end=\"1395\">Produkcja OEM<\/strong>, oraz <strong data-start=\"1401\" data-end=\"1427\">dystrybucja hurtowa<\/strong> W Europie, USA, na Bliskim Wschodzie i w Azji Ryinz oferuje <strong data-start=\"1484\" data-end=\"1508\">niestandardowe drukowanie logo<\/strong>, <strong data-start=\"1510\" data-end=\"1532\">szybka produkcja<\/strong>, oraz <strong data-start=\"1538\" data-end=\"1565\">Us\u0142ugi przyjazne dla marki<\/strong>.<\/p>\n<hr class=\"\" data-start=\"1568\" data-end=\"1571\" \/>\n<h1 class=\"\" data-start=\"1573\" data-end=\"1607\">???? <strong data-start=\"1578\" data-end=\"1607\">Kluczowe cechy i korzy\u015bci<\/strong><\/h1>\n<p class=\"\" data-start=\"1609\" data-end=\"1766\">???? <strong data-start=\"1612\" data-end=\"1652\">Konstrukcja z najwy\u017cszej jako\u015bci sk\u00f3ry naturalnej<\/strong>:<br data-start=\"1653\" data-end=\"1656\" \/>Najwy\u017cszej jako\u015bci sk\u00f3ra licowa zapewnia naturaln\u0105 trwa\u0142o\u015b\u0107, odporno\u015b\u0107 na \u015bcieranie i elegancki, profesjonalny wygl\u0105d.<\/p>\n<p class=\"\" data-start=\"1768\" data-end=\"1965\">???? <strong data-start=\"1771\" data-end=\"1811\">Charakterystyczna, \u017cebrowana konstrukcja Flex Knuckle<\/strong>:<br data-start=\"1812\" data-end=\"1815\" \/>Specjalnie zaprojektowane poziome \u017cebrowanie na kostkach umo\u017cliwia naturalny ruch d\u0142oni, doskona\u0142\u0105 elastyczno\u015b\u0107 i maksymalny komfort podczas d\u0142ugich przeja\u017cd\u017cek.<\/p>\n<p class=\"\" data-start=\"1967\" data-end=\"2105\">???? <strong data-start=\"1970\" data-end=\"1996\">Pe\u0142na ochrona palc\u00f3w<\/strong>:<br data-start=\"1997\" data-end=\"2000\" \/>Kompleksowa ochrona chroni palce i kostki przed wiatrem, gruzem, otarciami i niespodziewanymi uderzeniami.<\/p>\n<p class=\"\" data-start=\"2107\" data-end=\"2263\">???? <strong data-start=\"2110\" data-end=\"2136\">Strefy absorpcji wstrz\u0105s\u00f3w<\/strong>:<br data-start=\"2137\" data-end=\"2140\" \/>Zintegrowana wy\u015bci\u00f3\u0142ka w \u017cebrowanych sekcjach amortyzuje d\u0142onie przed wibracjami i wstrz\u0105sami drogowymi, zapewniaj\u0105c d\u0142u\u017csze i p\u0142ynniejsze przeja\u017cd\u017cki.<\/p>\n<p class=\"\" data-start=\"2265\" data-end=\"2444\">???? <strong data-start=\"2268\" data-end=\"2298\">Ergonomiczny uchwyt<\/strong>:<br data-start=\"2299\" data-end=\"2302\" \/>Precyzyjne dopasowanie poprawia kontrol\u0119 chwytu kierownicy, zapewniaj\u0105c bezpieczne hamowanie, zarz\u0105dzanie przepustnic\u0105 i obs\u0142ug\u0119 sprz\u0119g\u0142a nawet podczas d\u0142ugich podr\u00f3\u017cy.<\/p>\n<p class=\"\" data-start=\"2446\" data-end=\"2581\">???? <strong data-start=\"2449\" data-end=\"2478\">Mi\u0119kka, komfortowa wy\u015bci\u00f3\u0142ka wewn\u0119trzna<\/strong>:<br data-start=\"2479\" data-end=\"2482\" \/>Oddychaj\u0105ca podszewka sprawia, \u017ce d\u0142onie pozostaj\u0105 suche, nie poc\u0105 si\u0119 i s\u0105 wygodne bez wzgl\u0119du na intensywno\u015b\u0107 jazdy.<\/p>\n<p class=\"\" data-start=\"2583\" data-end=\"2737\">???? <strong data-start=\"2586\" data-end=\"2611\">Odporno\u015b\u0107 na warunki atmosferyczne<\/strong>:<br data-start=\"2612\" data-end=\"2615\" \/>Wodoodporne sk\u00f3rzane wyko\u0144czenie pomaga oprze\u0107 si\u0119 lekkiemu deszczowi i blokuje zimny wiatr, dzi\u0119ki czemu r\u0119kawice te s\u0105 idealne do u\u017cytku przez ca\u0142y sezon.<\/p>\n<p class=\"\" data-start=\"2739\" data-end=\"2904\">???? <strong data-start=\"2742\" data-end=\"2789\">Bezpieczny elastyczny nadgarstek z ukrytym zapi\u0119ciem<\/strong>:<br data-start=\"2790\" data-end=\"2793\" \/>Zapewnia czysty, minimalistyczny wygl\u0105d, a jednocze\u015bnie gwarantuje, \u017ce r\u0119kawice pozostan\u0105 na swoim miejscu nawet podczas szybkiej jazdy.<\/p>\n<p class=\"\" data-start=\"2906\" data-end=\"3137\">???? <strong data-start=\"2909\" data-end=\"2950\">Opcje niestandardowego logo i marki w\u0142asnej<\/strong>:<br data-start=\"2951\" data-end=\"2954\" \/>Spersonalizuj r\u0119kawice logo swojej marki za pomoc\u0105 haftu, t\u0142oczenia lub gumowej naszywki. Idealne dla marek sprz\u0119tu motocyklowego, sprzedawc\u00f3w e-commerce i firm zajmuj\u0105cych si\u0119 zaopatrzeniem taktycznym.<\/p>\n<p class=\"\" data-start=\"3139\" data-end=\"3282\">???? <strong data-start=\"3142\" data-end=\"3180\">Niskie minimalne ilo\u015bci zam\u00f3wienia (MOQ)<\/strong>:<br data-start=\"3181\" data-end=\"3184\" \/>Zacznij od ma\u0142ego i szybko skaluj. Idealny dla marek butikowych, nowych firm lub rozwijaj\u0105cych si\u0119 linii produkt\u00f3w.<\/p>\n<p class=\"\" data-start=\"3284\" data-end=\"3432\">???? <strong data-start=\"3287\" data-end=\"3330\">Szybka dostawa na terenie Europy i Ameryki<\/strong>:<br data-start=\"3331\" data-end=\"3334\" \/>Dost\u0119pne magazyny i wsparcie logistyczne zapewniaj\u0105ce szybki czas realizacji i wysy\u0142k\u0119 bezpo\u015brednio do klienta.<\/p>\n<hr class=\"\" data-start=\"3434\" data-end=\"3437\" \/>\n<h1 class=\"\" data-start=\"3439\" data-end=\"3477\">???? <strong data-start=\"3444\" data-end=\"3477\">Zastosowania i idealni nabywcy<\/strong><\/h1>\n<p class=\"\" data-start=\"3479\" data-end=\"4009\">\u2705 <strong data-start=\"3481\" data-end=\"3502\">Motocykli\u015bci<\/strong> - Motocykli\u015bci uliczni, motocykli\u015bci turystyczni, cafe racerzy<br data-start=\"3547\" data-end=\"3550\" \/>\u2705 <strong data-start=\"3552\" data-end=\"3572\">Adventure Riders<\/strong> - D\u0142ugodystansowi odkrywcy, podr\u00f3\u017cnicy l\u0105dowi<br data-start=\"3611\" data-end=\"3614\" \/>\u2705 <strong data-start=\"3616\" data-end=\"3646\">Osoby doje\u017cd\u017caj\u0105ce do pracy na skuterach i rowerach elektrycznych<\/strong> - Transport miejski i codzienni kierowcy<br data-start=\"3680\" data-end=\"3683\" \/>\u2705 <strong data-start=\"3685\" data-end=\"3707\">Sklepy ze sprz\u0119tem outdoorowym<\/strong> - Sklepy sportowe i taktyczne<br data-start=\"3746\" data-end=\"3749\" \/>\u2705 <strong data-start=\"3751\" data-end=\"3772\">Marki odzie\u017cy ulicznej<\/strong> - Marki mody miejskiej potrzebuj\u0105ce akcesori\u00f3w<br data-start=\"3815\" data-end=\"3818\" \/>\u2705 <strong data-start=\"3820\" data-end=\"3846\">Startupy marek w\u0142asnych<\/strong> - Uruchom w\u0142asn\u0105 lini\u0119 r\u0119kawic<br data-start=\"3875\" data-end=\"3878\" \/>\u2705 <strong data-start=\"3880\" data-end=\"3909\">Detali\u015bci i hurtownicy<\/strong> - Szybkie rozszerzanie katalogu produkt\u00f3w<br data-start=\"3942\" data-end=\"3945\" \/>\u2705 <strong data-start=\"3947\" data-end=\"3979\">Pokazy motoryzacyjne i imprezy dla motocyklist\u00f3w<\/strong> - Towary i upominki<\/p>\n<hr class=\"\" data-start=\"4011\" data-end=\"4014\" \/>\n<h1 class=\"\" data-start=\"4016\" data-end=\"4047\">???? <strong data-start=\"4021\" data-end=\"4047\">Specyfikacja produktu<\/strong><\/h1>\n<p class=\"\" data-start=\"4049\" data-end=\"4479\">- <strong data-start=\"4051\" data-end=\"4063\">Materia\u0142<\/strong>: Najwy\u017cszej jako\u015bci czarna sk\u00f3ra licowa<br data-start=\"4097\" data-end=\"4100\" \/>- <strong data-start=\"4102\" data-end=\"4112\">Projekt<\/strong>: \u017bebrowane panele Knuckle Flex + minimalistyczny korpus<br data-start=\"4158\" data-end=\"4161\" \/>- <strong data-start=\"4163\" data-end=\"4172\">Kolor<\/strong>: Czarny (kolory niestandardowe dost\u0119pne w sprzeda\u017cy hurtowej)<br data-start=\"4214\" data-end=\"4217\" \/>- <strong data-start=\"4219\" data-end=\"4228\">Rozmiary<\/strong>: S, M, L, XL, XXL<br data-start=\"4246\" data-end=\"4249\" \/>- <strong data-start=\"4251\" data-end=\"4273\">Odporno\u015b\u0107 na warunki atmosferyczne<\/strong>: Wiatroszczelna + wodoodporna sk\u00f3ra<br data-start=\"4310\" data-end=\"4313\" \/>- <strong data-start=\"4315\" data-end=\"4331\">Wewn\u0119trzna podszewka<\/strong>: Oddychaj\u0105ca, mi\u0119kka i wygodna siateczka<br data-start=\"4361\" data-end=\"4364\" \/>- <strong data-start=\"4366\" data-end=\"4382\">System nadgarstkowy<\/strong>: Elastyczne dopasowanie + ukryte zapi\u0119cie<br data-start=\"4415\" data-end=\"4418\" \/>- <strong data-start=\"4420\" data-end=\"4432\">Branding<\/strong>: Mo\u017cliwo\u015b\u0107 dostosowania za pomoc\u0105 logo, naszywek, wyt\u0142ocze\u0144<\/p>\n<hr class=\"\" data-start=\"4481\" data-end=\"4484\" \/>\n<h1 class=\"\" data-start=\"4486\" data-end=\"4536\">???? <strong data-start=\"4491\" data-end=\"4536\">Dlaczego warto wybra\u0107 sk\u00f3rzane r\u0119kawiczki Ryinz?<\/strong><\/h1>\n<p class=\"\" data-start=\"4538\" data-end=\"4854\">- Bezpo\u015brednie ceny fabryczne - lepsze mar\u017ce dla Ciebie<br data-start=\"4587\" data-end=\"4590\" \/>- Do\u015bwiadczenie na rynku europejskim - projekty, kt\u00f3re si\u0119 sprzedaj\u0105<br data-start=\"4637\" data-end=\"4640\" \/>- Us\u0142ugi OEM, ODM i marki w\u0142asnej<br data-start=\"4678\" data-end=\"4681\" \/>- Niskie MOQ - \u0142atwe wej\u015bcie dla nowych firm<br data-start=\"4722\" data-end=\"4725\" \/>- Globalna wysy\u0142ka - Europa, USA, Azja<br data-start=\"4762\" data-end=\"4765\" \/>- Pe\u0142na obs\u0142uga personalizacji - kolory, logo, etykiety<br data-start=\"4817\" data-end=\"4820\" \/>- Zaufany przez ponad 100 marek na ca\u0142ym \u015bwiecie<\/p>","protected":false},"excerpt":{"rendered":"<h1 class=\"\" data-start=\"4486\" data-end=\"4536\"><strong data-start=\"4491\" data-end=\"4536\">Dlaczego warto wybra\u0107 sk\u00f3rzane r\u0119kawiczki Ryinz?<\/strong><\/h1>\n<p class=\"\" data-start=\"4538\" data-end=\"4854\">- Bezpo\u015brednie ceny fabryczne - lepsze mar\u017ce dla Ciebie<br data-start=\"4587\" data-end=\"4590\" \/>- Do\u015bwiadczenie na rynku europejskim - projekty, kt\u00f3re si\u0119 sprzedaj\u0105<br data-start=\"4637\" data-end=\"4640\" \/>- Us\u0142ugi OEM, ODM i marki w\u0142asnej<br data-start=\"4678\" data-end=\"4681\" \/>- Niskie MOQ - \u0142atwe wej\u015bcie dla nowych firm<br data-start=\"4722\" data-end=\"4725\" \/>- Globalna wysy\u0142ka - Europa, USA, Azja<br data-start=\"4762\" data-end=\"4765\" \/>- Pe\u0142na obs\u0142uga personalizacji - kolory, logo, etykiety<br data-start=\"4817\" data-end=\"4820\" \/>- Zaufany przez ponad 100 marek na ca\u0142ym \u015bwiecie<\/p>","protected":false},"featured_media":9039,"comment_status":"closed","ping_status":"closed","template":"","meta":[],"product_brand":[35],"product_cat":[152],"product_tag":[138,139,140,141,142,143,144,145,146,147,148,149,150,151,153,154,155,156,157,158],"class_list":{"0":"post-8979","1":"product","2":"type-product","3":"status-publish","4":"has-post-thumbnail","6":"product_brand-ryinz","7":"product_cat-street-bike-gloves","8":"product_tag-adventure-rider-gloves","9":"product_tag-all-weather-motorcycle-gloves","10":"product_tag-black-motorcycle-gloves","11":"product_tag-city-rider-motorcycle-gloves","12":"product_tag-customizable-street-riding-gloves","13":"product_tag-durable-motorcycle-gloves","14":"product_tag-full-finger-motorbike-gloves","15":"product_tag-genuine-leather-biker-gloves","16":"product_tag-motorbike-touring-gloves","17":"product_tag-premium-street-riding-gloves","18":"product_tag-protective-riding-gloves","19":"product_tag-real-leather-gloves","20":"product_tag-ribbed-leather-biker-gloves","21":"product_tag-ryinz-biker-gloves","22":"product_tag-street-bike-gloves","23":"product_tag-stylish-leather-gloves-europe","24":"product_tag-tactical-leather-gloves","25":"product_tag-waterproof-biker-gloves-wholesale","26":"product_tag-winter-riding-gloves-europe","27":"product_tag-ykk-zipper-gloves","29":"first","30":"instock","31":"taxable","32":"shipping-taxable","33":"purchasable","34":"product-type-simple"},"_links":{"self":[{"href":"https:\/\/ryinz.cz\/velkoobchod\/pl\/wp-json\/wp\/v2\/product\/8979","targetHints":{"allow":["GET"]}}],"collection":[{"href":"https:\/\/ryinz.cz\/velkoobchod\/pl\/wp-json\/wp\/v2\/product"}],"about":[{"href":"https:\/\/ryinz.cz\/velkoobchod\/pl\/wp-json\/wp\/v2\/types\/product"}],"replies":[{"embeddable":true,"href":"https:\/\/ryinz.cz\/velkoobchod\/pl\/wp-json\/wp\/v2\/comments?post=8979"}],"wp:featuredmedia":[{"embeddable":true,"href":"https:\/\/ryinz.cz\/velkoobchod\/pl\/wp-json\/wp\/v2\/media\/9039"}],"wp:attachment":[{"href":"https:\/\/ryinz.cz\/velkoobchod\/pl\/wp-json\/wp\/v2\/media?parent=8979"}],"wp:term":[{"taxonomy":"product_brand","embeddable":true,"href":"https:\/\/ryinz.cz\/velkoobchod\/pl\/wp-json\/wp\/v2\/product_brand?post=8979"},{"taxonomy":"product_cat","embeddable":true,"href":"https:\/\/ryinz.cz\/velkoobchod\/pl\/wp-json\/wp\/v2\/product_cat?post=8979"},{"taxonomy":"product_tag","embeddable":true,"href":"https:\/\/ryinz.cz\/velkoobchod\/pl\/wp-json\/wp\/v2\/product_tag?post=8979"}],"curies":[{"name":"wp","href":"https:\/\/api.w.org\/{rel}","templated":true}]}}