{"id":8978,"date":"2025-08-26T11:48:33","date_gmt":"2025-08-26T11:48:33","guid":{"rendered":"https:\/\/ryinz.cz\/velkoobchod\/?post_type=product&#038;p=8978"},"modified":"2026-01-18T20:17:12","modified_gmt":"2026-01-18T20:17:12","slug":"rekawice-motocyklowe-ryinz-z-pelnoziarnistej-skory-zapewniaja-najwyzsza-ochrone-i-precyzje-wykonania","status":"publish","type":"product","link":"https:\/\/ryinz.cz\/velkoobchod\/pl\/product\/ryinz-full-grain-leather-motorbike-racing-gloves-ultimate-protection-meets-precision-engineering\/","title":{"rendered":"Sk\u00f3rzane r\u0119kawice wy\u015bcigowe Ryinz Full-Grain - najwy\u017csza ochrona i precyzja wykonania"},"content":{"rendered":"<p class=\"\" data-start=\"153\" data-end=\"375\"><strong data-start=\"153\" data-end=\"373\">Profesjonalne, sk\u00f3rzane r\u0119kawice motocyklowe Ryinz dla m\u0119\u017cczyzn i kobiet - najwy\u017cszej jako\u015bci r\u0119kawice motocyklowe z ochron\u0105 kostek, wsparciem nadgarstka i wieloma opcjami kolorystycznymi - czerwony, zielony, niebieski i czarny<\/strong><\/p>\n<p class=\"\" data-start=\"377\" data-end=\"954\">Do\u015bwiadcz najwy\u017cszej ochrony, stylu i wydajno\u015bci dzi\u0119ki <strong data-start=\"448\" data-end=\"514\">Profesjonalne sk\u00f3rzane r\u0119kawice wy\u015bcigowe Ryinz Full-Grain<\/strong>. Zaprojektowane specjalnie dla zapalonych kolarzy i profesjonalnych zawodnik\u00f3w, r\u0119kawice te \u0142\u0105cz\u0105 w sobie trwa\u0142o\u015b\u0107, wygod\u0119 i najnowocze\u015bniejsze funkcje ochronne. Wykonane z wysokiej jako\u015bci sk\u00f3ry licowej, oferuj\u0105 doskona\u0142\u0105 odporno\u015b\u0107 na \u015bcieranie, zachowuj\u0105c jednocze\u015bnie mi\u0119kkie i wygodne dopasowanie. Niezale\u017cnie od tego, czy je\u017adzisz po autostradzie, bierzesz udzia\u0142 w wy\u015bcigu, czy eksplorujesz trudny teren, te r\u0119kawice zapewniaj\u0105 idealn\u0105 r\u00f3wnowag\u0119 mi\u0119dzy bezpiecze\u0144stwem a stylem.<\/p>\n<p class=\"\" data-start=\"956\" data-end=\"1361\">R\u0119kawice motocyklowe Ryinz posiadaj\u0105 nast\u0119puj\u0105ce cechy <strong data-start=\"991\" data-end=\"1025\">Odporny na uderzenia pancerz stawu skokowego<\/strong> dla maksymalnej ochrony podczas kolizji lub wypadk\u00f3w. Ka\u017cda r\u0119kawica jest starannie wzmocniona formowanym ochraniaczem o wysokiej g\u0119sto\u015bci na kostkach i palcach, aby chroni\u0107 d\u0142onie przed uderzeniami, gruzem drogowym i otarciami. Konstrukcja obejmuje r\u00f3wnie\u017c dodatkow\u0105 wy\u015bci\u00f3\u0142k\u0119 na d\u0142oni i palcach w celu absorpcji wstrz\u0105s\u00f3w i zminimalizowania obra\u017ce\u0144.<\/p>\n<p class=\"\" data-start=\"1363\" data-end=\"1812\">R\u0119kawice zosta\u0142y zaprojektowane z my\u015bl\u0105 o profesjonalnych kolarzach. Posiadaj\u0105 przed\u0142u\u017cony mankiet chroni\u0105cy nadgarstek z regulowanym zapi\u0119ciem na pasek, zapewniaj\u0105c bezpieczne i indywidualne dopasowanie. D\u0142ugi mankiet idealnie zakrywa r\u0119kaw kurtki, zapobiegaj\u0105c przedostawaniu si\u0119 wiatru lub zanieczyszcze\u0144, co ma kluczowe znaczenie podczas szybkiej jazdy. Regulowane paski na rzepy zapewniaj\u0105 \u015bcis\u0142e i dopasowane dopasowanie, kt\u00f3re utrzymuje r\u0119kawice na miejscu, nawet podczas najbardziej intensywnych przeja\u017cd\u017cek.<\/p>\n<p class=\"\" data-start=\"1814\" data-end=\"2197\">Aby zwi\u0119kszy\u0107 wydajno\u015b\u0107, r\u0119kawice motocyklowe Ryinz oferuj\u0105 doskona\u0142\u0105 wentylacj\u0119. Strategiczne perforacje w sk\u00f3rze umo\u017cliwiaj\u0105 \u0142atwy przep\u0142yw powietrza, dzi\u0119ki czemu d\u0142onie pozostaj\u0105 ch\u0142odne i wolne od potu nawet w najgor\u0119tsze dni. Oddychaj\u0105ca konstrukcja zapewnia optymalne zarz\u0105dzanie wilgoci\u0105, dzi\u0119ki czemu r\u0119kawice te s\u0105 idealne do d\u0142ugodystansowych wycieczek, letnich wy\u015bcig\u00f3w lub ca\u0142orocznych przyg\u00f3d motocyklowych.<\/p>\n<p class=\"\" data-start=\"2199\" data-end=\"2522\">Dost\u0119pne w czterech uderzaj\u0105cych opcjach kolorystycznych - <strong data-start=\"2242\" data-end=\"2304\">klasyczna czer\u0144, odwa\u017cna czerwie\u0144, energetyczna ziele\u0144 i \u017cywy niebieski<\/strong> - R\u0119kawice Ryinz pozwalaj\u0105 dopasowa\u0107 sprz\u0119t do stylu motocyklisty. Kolorowe opcje maj\u0105 stylowe akcenty bez uszczerbku dla wytrzyma\u0142o\u015bci i solidnej konstrukcji, zapewniaj\u0105c agresywny wygl\u0105d, kt\u00f3ry uwielbia ka\u017cdy motocyklista.<\/p>\n<p class=\"\" data-start=\"2524\" data-end=\"2915\">Zaprojektowane dla wszystkich entuzjast\u00f3w motocykli, od codziennych dojazd\u00f3w do pracy po wy\u015bcigi torowe, r\u0119kawice Ryinz s\u0105 bardzo wszechstronne. S\u0105 idealne do u\u017cytku w <strong data-start=\"2666\" data-end=\"2766\">wy\u015bcigi motocyklowe, motocross, jazda na motocyklach terenowych, turystyka, jazda przygodowa i zwyk\u0142e przeja\u017cd\u017cki po mie\u015bcie<\/strong>. Niezale\u017cnie od tego, czy je\u017adzisz motocyklem sportowym, cruiserem, motocyklem turystycznym czy motocyklem przygodowym, r\u0119kawice te zapewniaj\u0105 wyj\u0105tkow\u0105 ochron\u0119, wygod\u0119 i przyczepno\u015b\u0107.<\/p>\n<p class=\"\" data-start=\"2917\" data-end=\"3339\">Dodatkowe funkcje obejmuj\u0105 <strong data-start=\"2947\" data-end=\"2981\">wst\u0119pnie zakrzywiona konstrukcja palc\u00f3w<\/strong> kt\u00f3ra zmniejsza zm\u0119czenie rowerzysty i zapewnia lepsz\u0105 kontrol\u0119 nad kierownic\u0105 i d\u017awigniami. Ergonomiczna konstrukcja zwi\u0119ksza zr\u0119czno\u015b\u0107, oferuj\u0105c naturalne dopasowanie i ruch, aby pom\u00f3c utrzyma\u0107 optymaln\u0105 kontrol\u0119 zar\u00f3wno podczas szybkiej, jak i technicznej jazdy. Wzmocnione szwy zwi\u0119kszaj\u0105 trwa\u0142o\u015b\u0107, dzi\u0119ki czemu r\u0119kawice te s\u0105 d\u0142ugotrwa\u0142\u0105 inwestycj\u0105 dla powa\u017cnych rowerzyst\u00f3w.<\/p>\n<p class=\"\" data-start=\"3341\" data-end=\"3648\">Bezpiecze\u0144stwo jest podstaw\u0105 marki Ryinz. Ka\u017cda r\u0119kawica jest rygorystycznie testowana w rzeczywistych warunkach, aby zapewni\u0107, \u017ce spe\u0142nia i przekracza najwy\u017csze standardy jako\u015bci i bezpiecze\u0144stwa. Niezale\u017cnie od tego, czy je\u017adzisz dla przyjemno\u015bci, codziennie doje\u017cd\u017casz do pracy, czy rywalizujesz zawodowo, zaufaj Ryinz, aby chroni\u0107 swoje najwa\u017cniejsze narz\u0119dzia - d\u0142onie.<\/p>\n<p class=\"\" data-start=\"3650\" data-end=\"4031\">Zaprojektowane z my\u015bl\u0105 o zapalonych motocyklistach, r\u0119kawice te zapewniaj\u0105 idealn\u0105 r\u00f3wnowag\u0119 mi\u0119dzy form\u0105 a funkcjonalno\u015bci\u0105. Wsu\u0144 d\u0142onie w par\u0119 r\u0119kawic motocyklowych Ryinz i poczuj r\u00f3\u017cnic\u0119, jak\u0105 zapewniaj\u0105 najwy\u017cszej jako\u015bci materia\u0142y, fachowe wykonanie i konstrukcja skoncentrowana na kierowcy. Je\u017adzij pewnie, wiedz\u0105c, \u017ce jeste\u015b wyposa\u017cony w najlepsze r\u0119kawice motocyklowe stworzone na drog\u0119, tor i nie tylko.<\/p>\n<p class=\"\" data-start=\"4033\" data-end=\"4052\"><strong data-start=\"4033\" data-end=\"4050\">Kluczowe cechy:<\/strong><\/p>\n<ul data-start=\"4053\" data-end=\"4690\">\n<li class=\"\" data-start=\"4053\" data-end=\"4119\">\n<p class=\"\" data-start=\"4055\" data-end=\"4119\">Konstrukcja z najwy\u017cszej jako\u015bci sk\u00f3ry licowej zapewnia maksymaln\u0105 trwa\u0142o\u015b\u0107<\/p>\n<\/li>\n<li class=\"\" data-start=\"4120\" data-end=\"4185\">\n<p class=\"\" data-start=\"4122\" data-end=\"4185\">Twarde, formowane ochraniacze kostek zapewniaj\u0105 doskona\u0142\u0105 odporno\u015b\u0107 na uderzenia<\/p>\n<\/li>\n<li class=\"\" data-start=\"4186\" data-end=\"4245\">\n<p class=\"\" data-start=\"4188\" data-end=\"4245\">Wzmocniona wy\u015bci\u00f3\u0142ka d\u0142oni dla dodatkowej absorpcji wstrz\u0105s\u00f3w<\/p>\n<\/li>\n<li class=\"\" data-start=\"4246\" data-end=\"4308\">\n<p class=\"\" data-start=\"4248\" data-end=\"4308\">Przed\u0142u\u017cony mankiet z zapi\u0119ciem na rzep dla bezpiecznego wsparcia nadgarstka<\/p>\n<\/li>\n<li class=\"\" data-start=\"4309\" data-end=\"4364\">\n<p class=\"\" data-start=\"4311\" data-end=\"4364\">Wiele opcji kolorystycznych: Czarny, Czerwony, Zielony i Niebieski<\/p>\n<\/li>\n<li class=\"\" data-start=\"4365\" data-end=\"4429\">\n<p class=\"\" data-start=\"4367\" data-end=\"4429\">Oddychaj\u0105ce perforacje zapewniaj\u0105 wentylacj\u0119 i odprowadzanie potu<\/p>\n<\/li>\n<li class=\"\" data-start=\"4430\" data-end=\"4496\">\n<p class=\"\" data-start=\"4432\" data-end=\"4496\">Wst\u0119pnie zakrzywiona konstrukcja palc\u00f3w zmniejsza zm\u0119czenie i poprawia kontrol\u0119<\/p>\n<\/li>\n<li class=\"\" data-start=\"4497\" data-end=\"4554\">\n<p class=\"\" data-start=\"4499\" data-end=\"4554\">Wytrzyma\u0142e szwy zapewniaj\u0105 d\u0142u\u017csz\u0105 \u017cywotno\u015b\u0107 i wytrzyma\u0142o\u015b\u0107<\/p>\n<\/li>\n<li class=\"\" data-start=\"4555\" data-end=\"4620\">\n<p class=\"\" data-start=\"4557\" data-end=\"4620\">Stylowy i agresywny design odpowiedni dla wszystkich typ\u00f3w rower\u00f3w<\/p>\n<\/li>\n<li class=\"\" data-start=\"4621\" data-end=\"4690\">\n<p class=\"\" data-start=\"4623\" data-end=\"4690\">Idealny do wy\u015bcig\u00f3w, jazdy turystycznej, dojazd\u00f3w do pracy w mie\u015bcie i jazdy przygodowej<\/p>\n<\/li>\n<\/ul>\n<p class=\"\" data-start=\"4692\" data-end=\"4723\"><strong data-start=\"4692\" data-end=\"4721\">Specyfikacja techniczna:<\/strong><\/p>\n<ul data-start=\"4724\" data-end=\"5061\">\n<li class=\"\" data-start=\"4724\" data-end=\"4769\">\n<p class=\"\" data-start=\"4726\" data-end=\"4769\">Materia\u0142: 100% Premium Full-Grain Leather<\/p>\n<\/li>\n<li class=\"\" data-start=\"4770\" data-end=\"4842\">\n<p class=\"\" data-start=\"4772\" data-end=\"4842\">Ochrona: Twardy ochraniacz kostek, wy\u015bcie\u0142ane d\u0142onie, wzmocnione palce<\/p>\n<\/li>\n<li class=\"\" data-start=\"4843\" data-end=\"4900\">\n<p class=\"\" data-start=\"4845\" data-end=\"4900\">Wentylacja: Strategiczne perforacje zapewniaj\u0105ce oddychalno\u015b\u0107<\/p>\n<\/li>\n<li class=\"\" data-start=\"4901\" data-end=\"4946\">\n<p class=\"\" data-start=\"4903\" data-end=\"4946\">Dost\u0119pne kolory: Czarny, Czerwony, Zielony, Niebieski<\/p>\n<\/li>\n<li class=\"\" data-start=\"4947\" data-end=\"4984\">\n<p class=\"\" data-start=\"4949\" data-end=\"4984\">Dost\u0119pne rozmiary: S, M, L, XL, XXL<\/p>\n<\/li>\n<li class=\"\" data-start=\"4985\" data-end=\"5026\">\n<p class=\"\" data-start=\"4987\" data-end=\"5026\">Typ zapi\u0119cia: Regulowany pasek na rzep<\/p>\n<\/li>\n<li class=\"\" data-start=\"5027\" data-end=\"5061\">\n<p class=\"\" data-start=\"5029\" data-end=\"5061\">P\u0142e\u0107: Unisex (m\u0119\u017cczy\u017ani i kobiety)<\/p>\n<\/li>\n<\/ul>\n<p class=\"\" data-start=\"5063\" data-end=\"5311\">Wybierz <strong data-start=\"5070\" data-end=\"5104\">Wy\u015bcigowe r\u0119kawice motocyklowe Ryinz<\/strong> aby poprawi\u0107 wra\u017cenia z jazdy dzi\u0119ki maksymalnemu bezpiecze\u0144stwu, najwy\u017cszemu komfortowi i niezr\u00f3wnanemu stylowi. Idealne dla zapalonych motocyklist\u00f3w, kt\u00f3rzy wymagaj\u0105 wi\u0119cej od swojego sprz\u0119tu. Ryinz - gdzie wydajno\u015b\u0107 \u0142\u0105czy si\u0119 z ochron\u0105.<\/p>","protected":false},"excerpt":{"rendered":"<h4><strong>Zaprojektowane z my\u015bl\u0105 o wydajno\u015bci i komforcie<\/strong><\/h4>\n<ul>\n<li>\n<p class=\"ds-markdown-paragraph\"><strong>Wst\u0119pnie zakrzywiony kszta\u0142t palc\u00f3w:<\/strong>\u00a0Anatomiczny kszta\u0142t zmniejsza zm\u0119czenie d\u0142oni, pozwalaj\u0105c na\u00a0<strong>naturalny chwyt kierownicy<\/strong>\u00a0bez wysi\u0142ku.<\/p>\n<\/li>\n<li>\n<p class=\"ds-markdown-paragraph\"><strong>Perforowane strefy Flex:<\/strong>\u00a0Laserowo wyci\u0119te panele wentylacyjne na palcach i d\u0142oni poprawiaj\u0105 przep\u0142yw powietrza, zapobiegaj\u0105c gromadzeniu si\u0119 potu podczas intensywnych przeja\u017cd\u017cek.<\/p>\n<\/li>\n<li>\n<p class=\"ds-markdown-paragraph\"><strong>Antypo\u015blizgowy uchwyt d\u0142oni:<\/strong>\u00a0<strong>Silikonowy mikrodruk lub wysokiej jako\u015bci zamszowe naszywki<\/strong>\u00a0Zwi\u0119kszaj\u0105 tarcie, zapewniaj\u0105c precyzyjne sterowanie przepustnic\u0105 i hamulcem, nawet w mokrych warunkach.<\/p>\n<\/li>\n<li>\n<p class=\"ds-markdown-paragraph\"><strong>Palec wskazuj\u0105cy i kciuk kompatybilne z ekranem dotykowym:<\/strong>\u00a0Pozosta\u0144 w kontakcie bez zdejmowania r\u0119kawic - idealne do nawigacji GPS lub szybkiego korzystania z telefonu.<\/p>\n<\/li>\n<li>\n<p class=\"ds-markdown-paragraph\"><strong>Regulowane zapi\u0119cie mankietu:<\/strong>\u00a0A\u00a0<strong>szeroki, bezpieczny pasek na nadgarstek<\/strong>\u00a0Wzmocnione szwy zapobiegaj\u0105 \u015blizganiu si\u0119, umo\u017cliwiaj\u0105c jednocze\u015bnie \u0142atwy dost\u0119p.<\/p>\n<\/li>\n<\/ul>","protected":false},"featured_media":9023,"comment_status":"closed","ping_status":"closed","template":"","meta":[],"product_brand":[35],"product_cat":[1111,122],"product_tag":[133],"class_list":{"0":"post-8978","1":"product","2":"type-product","3":"status-publish","4":"has-post-thumbnail","6":"product_brand-ryinz","7":"product_cat-motorbike","8":"product_cat-motorbike-racing-gloves","9":"product_tag-tpu-knuckle-protection","11":"first","12":"instock","13":"taxable","14":"shipping-taxable","15":"purchasable","16":"product-type-simple"},"_links":{"self":[{"href":"https:\/\/ryinz.cz\/velkoobchod\/pl\/wp-json\/wp\/v2\/product\/8978","targetHints":{"allow":["GET"]}}],"collection":[{"href":"https:\/\/ryinz.cz\/velkoobchod\/pl\/wp-json\/wp\/v2\/product"}],"about":[{"href":"https:\/\/ryinz.cz\/velkoobchod\/pl\/wp-json\/wp\/v2\/types\/product"}],"replies":[{"embeddable":true,"href":"https:\/\/ryinz.cz\/velkoobchod\/pl\/wp-json\/wp\/v2\/comments?post=8978"}],"wp:featuredmedia":[{"embeddable":true,"href":"https:\/\/ryinz.cz\/velkoobchod\/pl\/wp-json\/wp\/v2\/media\/9023"}],"wp:attachment":[{"href":"https:\/\/ryinz.cz\/velkoobchod\/pl\/wp-json\/wp\/v2\/media?parent=8978"}],"wp:term":[{"taxonomy":"product_brand","embeddable":true,"href":"https:\/\/ryinz.cz\/velkoobchod\/pl\/wp-json\/wp\/v2\/product_brand?post=8978"},{"taxonomy":"product_cat","embeddable":true,"href":"https:\/\/ryinz.cz\/velkoobchod\/pl\/wp-json\/wp\/v2\/product_cat?post=8978"},{"taxonomy":"product_tag","embeddable":true,"href":"https:\/\/ryinz.cz\/velkoobchod\/pl\/wp-json\/wp\/v2\/product_tag?post=8978"}],"curies":[{"name":"wp","href":"https:\/\/api.w.org\/{rel}","templated":true}]}}