{"id":8977,"date":"2025-08-26T11:48:33","date_gmt":"2025-08-26T11:48:33","guid":{"rendered":"https:\/\/ryinz.cz\/velkoobchod\/?post_type=product&#038;p=8977"},"modified":"2026-01-18T20:17:11","modified_gmt":"2026-01-18T20:17:11","slug":"ryinz-pelna-ochrona-rekawice-motocyklowe-z-wlokna-weglowego-producent-premium-i-dostawca-hurtowy","status":"publish","type":"product","link":"https:\/\/ryinz.cz\/velkoobchod\/pl\/product\/ryinz-full-protection-carbon-fiber-motorcycle-racing-gloves-premium-manufacturer-and-wholesale-supplier\/","title":{"rendered":"R\u0119kawice motocyklowe RYINZ z pe\u0142n\u0105 ochron\u0105 z w\u0142\u00f3kna w\u0119glowego - producent premium i dostawca hurtowy"},"content":{"rendered":"<p class=\"\" data-start=\"720\" data-end=\"1070\">Przedstawiamy <strong data-start=\"736\" data-end=\"799\">R\u0119kawice motocyklowe RYINZ z pe\u0142n\u0105 ochron\u0105 z w\u0142\u00f3kna w\u0119glowego<\/strong>, to najlepszy wyb\u00f3r dla entuzjast\u00f3w motocykli, kt\u00f3rzy wymagaj\u0105 najwy\u017cszego poziomu wydajno\u015bci, komfortu i bezpiecze\u0144stwa. Zbudowane przy u\u017cyciu najnowocze\u015bniejszych technologii i najwy\u017cszej jako\u015bci materia\u0142\u00f3w, r\u0119kawice te s\u0105 dostosowane do wy\u015bcig\u00f3w, jazdy sportowej, turystycznej i agresywnej jazdy ulicznej.<\/p>\n<p class=\"\" data-start=\"1072\" data-end=\"1443\">Wykonane z mieszanki najwy\u017cszej jako\u015bci prawdziwej sk\u00f3ry i wytrzyma\u0142ej tkaniny siatkowej, te r\u0119kawice motocyklowe zapewniaj\u0105 idealn\u0105 r\u00f3wnowag\u0119 mi\u0119dzy ochron\u0105 a oddychalno\u015bci\u0105. Ochraniacze kostek z w\u0142\u00f3kna w\u0119glowego zosta\u0142y zaprojektowane tak, aby chroni\u0107 d\u0142onie przed uderzeniami i otarciami podczas szybkiej jazdy, a wzmocnione obszary d\u0142oni zapewniaj\u0105 wyj\u0105tkow\u0105 przyczepno\u015b\u0107 i kontrol\u0119 nawet w mokrych warunkach.<\/p>\n<p class=\"\" data-start=\"1445\" data-end=\"1846\">R\u0119kawice maj\u0105 wst\u0119pnie zakrzywion\u0105 struktur\u0119 palc\u00f3w, zapewniaj\u0105c\u0105 naturaln\u0105 i niem\u0119cz\u0105c\u0105 pozycj\u0119 podczas jazdy. Dzi\u0119ki dodatkowej elastyczno\u015bci w stawach i dopasowanemu dopasowaniu, r\u0119kawice RYINZ Full Protection Racing Gloves umo\u017cliwiaj\u0105 nieograniczony ruch d\u0142oni w celu optymalnego prowadzenia roweru. Ka\u017cda r\u0119kawica ma strategicznie rozmieszczone panele wentylacyjne, kt\u00f3re zapewniaj\u0105 d\u0142oniom ch\u0142\u00f3d i sucho\u015b\u0107 podczas jazdy.<\/p>\n<p class=\"\" data-start=\"1848\" data-end=\"2215\">Zaawansowany pancerz z w\u0142\u00f3kna w\u0119glowego i ochraniacze palc\u00f3w chroni\u0105 krytyczne obszary bez uszczerbku dla elastyczno\u015bci. Wzmocniona wy\u015bci\u00f3\u0142ka na d\u0142oni i wzd\u0142u\u017c obszar\u00f3w o wysokim zu\u017cyciu zapewnia dodatkow\u0105 amortyzacj\u0119, zmniejszaj\u0105c zm\u0119czenie wibracjami podczas d\u0142ugich przeja\u017cd\u017cek. Podw\u00f3jne szwy zwi\u0119kszaj\u0105 trwa\u0142o\u015b\u0107, dzi\u0119ki czemu r\u0119kawice te s\u0105 inwestycj\u0105, kt\u00f3ra przetrwa sezon po sezonie.<\/p>\n<p class=\"\" data-start=\"2217\" data-end=\"2500\">Regulowany pasek na rzep na nadgarstku zapewnia bezpieczne dopasowanie, zapobiegaj\u0105c zsuwaniu si\u0119 lub poluzowaniu r\u0119kawic podczas agresywnych manewr\u00f3w. R\u0119kawice te s\u0105 r\u00f3wnie\u017c kompatybilne z ekranami dotykowymi, umo\u017cliwiaj\u0105c obs\u0142ug\u0119 smartfon\u00f3w, urz\u0105dze\u0144 GPS i urz\u0105dze\u0144 cyfrowych bez zdejmowania r\u0119kawic.<\/p>\n<p class=\"\" data-start=\"2502\" data-end=\"2778\">Przy <strong data-start=\"2505\" data-end=\"2514\">RYINZ<\/strong>, Jeste\u015bmy zaanga\u017cowani w dostarczanie wyj\u0105tkowej jako\u015bci i wydajno\u015bci. Nasze r\u0119kawice s\u0105 projektowane przez ekspert\u00f3w i produkowane zgodnie z rygorystycznymi standardami kontroli jako\u015bci, aby sprosta\u0107 wymaganiom profesjonalnych kolarzy, entuzjast\u00f3w wy\u015bcig\u00f3w, os\u00f3b doje\u017cd\u017caj\u0105cych do pracy i poszukiwaczy przyg\u00f3d.<\/p>\n<p class=\"\" data-start=\"2780\" data-end=\"3112\">Niezale\u017cnie od tego, czy je\u017adzisz po ulicach miasta, autostradach, polnych torach, czy profesjonalnych torach wy\u015bcigowych. <strong data-start=\"2879\" data-end=\"2942\">R\u0119kawice motocyklowe RYINZ z pe\u0142n\u0105 ochron\u0105 z w\u0142\u00f3kna w\u0119glowego<\/strong> s\u0105 stworzone do ochrony, wydajno\u015bci i imponowania. Zdominuj swoj\u0105 jazd\u0119 dzi\u0119ki doskona\u0142ej ochronie, ergonomicznemu komfortowi i stylowemu wy\u015bcigowemu wygl\u0105dowi, kt\u00f3ry wyr\u00f3\u017cnia Ci\u0119 z t\u0142umu.<\/p>\n<p class=\"\" data-start=\"3114\" data-end=\"3440\">Ta para r\u0119kawic motocyklowych jest idealna dla super motocyklist\u00f3w, zawodnik\u00f3w motocrossowych, poszukiwaczy przyg\u00f3d w terenie, motocyklist\u00f3w turystycznych i kaskader\u00f3w. S\u0105 idealne na letnie przeja\u017cd\u017cki, \u0142agodne zimowe dojazdy do pracy i konkurencyjne wy\u015bcigi. Ka\u017cdy szew, materia\u0142 i element projektu zosta\u0142 wykonany z my\u015bl\u0105 o do\u015bwiadczeniu i bezpiecze\u0144stwie motocyklisty.<\/p>\n<p class=\"\" data-start=\"3442\" data-end=\"3580\">Zaufaj RYINZ - preferowanemu wyborowi motocyklist\u00f3w na ca\u0142ym \u015bwiecie - aby zapewni\u0107 Ci r\u0119kawice, kt\u00f3re s\u0105 tak silne, jak Twoja pasja do otwartej drogi.<\/p>\n<hr class=\"\" data-start=\"3582\" data-end=\"3585\" \/>\n<h3 class=\"\" data-start=\"3587\" data-end=\"3610\"><strong data-start=\"3591\" data-end=\"3608\">Kluczowe cechy:<\/strong><\/h3>\n<ul data-start=\"3611\" data-end=\"4457\">\n<li class=\"\" data-start=\"3611\" data-end=\"3668\">\n<p class=\"\" data-start=\"3613\" data-end=\"3668\">Najwy\u017cszej jako\u015bci sk\u00f3ra naturalna w po\u0142\u0105czeniu z oddychaj\u0105c\u0105 siateczk\u0105<\/p>\n<\/li>\n<li class=\"\" data-start=\"3669\" data-end=\"3734\">\n<p class=\"\" data-start=\"3671\" data-end=\"3734\">Ochraniacze kostek z w\u0142\u00f3kna w\u0119glowego dla maksymalnej odporno\u015bci na uderzenia<\/p>\n<\/li>\n<li class=\"\" data-start=\"3735\" data-end=\"3795\">\n<p class=\"\" data-start=\"3737\" data-end=\"3795\">Wzmocniona sk\u00f3rzana d\u0142o\u0144 dla lepszej przyczepno\u015bci i trwa\u0142o\u015bci<\/p>\n<\/li>\n<li class=\"\" data-start=\"3796\" data-end=\"3844\">\n<p class=\"\" data-start=\"3798\" data-end=\"3844\">Wst\u0119pnie zakrzywiona konstrukcja palc\u00f3w dla zmniejszenia zm\u0119czenia<\/p>\n<\/li>\n<li class=\"\" data-start=\"3845\" data-end=\"3892\">\n<p class=\"\" data-start=\"3847\" data-end=\"3892\">Wentylowane panele siatkowe zapewniaj\u0105 doskona\u0142y przep\u0142yw powietrza<\/p>\n<\/li>\n<li class=\"\" data-start=\"3893\" data-end=\"3947\">\n<p class=\"\" data-start=\"3895\" data-end=\"3947\">Amortyzuj\u0105ca wstrz\u0105sy wy\u015bci\u00f3\u0142ka d\u0142oni minimalizuj\u0105ca wibracje<\/p>\n<\/li>\n<li class=\"\" data-start=\"3948\" data-end=\"4006\">\n<p class=\"\" data-start=\"3950\" data-end=\"4006\">Podw\u00f3jne szwy dla wi\u0119kszej wytrzyma\u0142o\u015bci i trwa\u0142o\u015bci<\/p>\n<\/li>\n<li class=\"\" data-start=\"4007\" data-end=\"4071\">\n<p class=\"\" data-start=\"4009\" data-end=\"4071\">Regulowany pasek na nadgarstek z rzepem dla bezpiecznego, spersonalizowanego dopasowania<\/p>\n<\/li>\n<li class=\"\" data-start=\"4072\" data-end=\"4125\">\n<p class=\"\" data-start=\"4074\" data-end=\"4125\">Wygodna obs\u0142uga za pomoc\u0105 ekranu dotykowego<\/p>\n<\/li>\n<li class=\"\" data-start=\"4126\" data-end=\"4169\">\n<p class=\"\" data-start=\"4128\" data-end=\"4169\">Lekka, ale wytrzyma\u0142a konstrukcja<\/p>\n<\/li>\n<li class=\"\" data-start=\"4170\" data-end=\"4224\">\n<p class=\"\" data-start=\"4172\" data-end=\"4224\">Zaprojektowany dla profesjonalnych kierowc\u00f3w wy\u015bcigowych i ulicznych<\/p>\n<\/li>\n<li class=\"\" data-start=\"4225\" data-end=\"4289\">\n<p class=\"\" data-start=\"4227\" data-end=\"4289\">Nadaje si\u0119 do jazdy motocrossowej, superbike, turystycznej i kaskaderskiej<\/p>\n<\/li>\n<li class=\"\" data-start=\"4290\" data-end=\"4338\">\n<p class=\"\" data-start=\"4292\" data-end=\"4338\">Wysoka odporno\u015b\u0107 na \u015bcieranie i ochrona przed rozdarciem<\/p>\n<\/li>\n<li class=\"\" data-start=\"4339\" data-end=\"4392\">\n<p class=\"\" data-start=\"4341\" data-end=\"4392\">Stylowa, agresywna konstrukcja zapewniaj\u0105ca wy\u015bcigowy wygl\u0105d klasy premium<\/p>\n<\/li>\n<li class=\"\" data-start=\"4393\" data-end=\"4457\">\n<p class=\"\" data-start=\"4395\" data-end=\"4457\">Produkowane z zachowaniem \u015bcis\u0142ej kontroli jako\u015bci w celu zapewnienia doskona\u0142o\u015bci<\/p>\n<\/li>\n<\/ul>","protected":false},"excerpt":{"rendered":"<h3 class=\"\" data-start=\"3587\" data-end=\"3610\"><strong data-start=\"3591\" data-end=\"3608\">Kluczowe cechy:<\/strong><\/h3>\n<ul data-start=\"3611\" data-end=\"4457\">\n<li class=\"\" data-start=\"3611\" data-end=\"3668\">\n<p class=\"\" data-start=\"3613\" data-end=\"3668\">Najwy\u017cszej jako\u015bci sk\u00f3ra naturalna w po\u0142\u0105czeniu z oddychaj\u0105c\u0105 siateczk\u0105<\/p>\n<\/li>\n<li class=\"\" data-start=\"3669\" data-end=\"3734\">\n<p class=\"\" data-start=\"3671\" data-end=\"3734\">Ochraniacze kostek z w\u0142\u00f3kna w\u0119glowego dla maksymalnej odporno\u015bci na uderzenia<\/p>\n<\/li>\n<li class=\"\" data-start=\"3735\" data-end=\"3795\">\n<p class=\"\" data-start=\"3737\" data-end=\"3795\">Wzmocniona sk\u00f3rzana d\u0142o\u0144 dla lepszej przyczepno\u015bci i trwa\u0142o\u015bci<\/p>\n<\/li>\n<li class=\"\" data-start=\"3796\" data-end=\"3844\">\n<p class=\"\" data-start=\"3798\" data-end=\"3844\">Wst\u0119pnie zakrzywiona konstrukcja palc\u00f3w dla zmniejszenia zm\u0119czenia<\/p>\n<\/li>\n<li class=\"\" data-start=\"3845\" data-end=\"3892\">\n<p class=\"\" data-start=\"3847\" data-end=\"3892\">Wentylowane panele siatkowe zapewniaj\u0105 doskona\u0142y przep\u0142yw powietrza<\/p>\n<\/li>\n<li class=\"\" data-start=\"3893\" data-end=\"3947\">\n<p class=\"\" data-start=\"3895\" data-end=\"3947\">Amortyzuj\u0105ca wstrz\u0105sy wy\u015bci\u00f3\u0142ka d\u0142oni minimalizuj\u0105ca wibracje<\/p>\n<\/li>\n<\/ul>","protected":false},"featured_media":9026,"comment_status":"closed","ping_status":"closed","template":"","meta":[],"product_brand":[35],"product_cat":[1111,122],"product_tag":[137,136,124],"class_list":{"0":"post-8977","1":"product","2":"type-product","3":"status-publish","4":"has-post-thumbnail","6":"product_brand-ryinz","7":"product_cat-motorbike","8":"product_cat-motorbike-racing-gloves","9":"product_tag-impact-resistant-gloves","10":"product_tag-leather-gloves","11":"product_tag-motorbike-racing-gloves","13":"first","14":"instock","15":"taxable","16":"shipping-taxable","17":"purchasable","18":"product-type-simple"},"_links":{"self":[{"href":"https:\/\/ryinz.cz\/velkoobchod\/pl\/wp-json\/wp\/v2\/product\/8977","targetHints":{"allow":["GET"]}}],"collection":[{"href":"https:\/\/ryinz.cz\/velkoobchod\/pl\/wp-json\/wp\/v2\/product"}],"about":[{"href":"https:\/\/ryinz.cz\/velkoobchod\/pl\/wp-json\/wp\/v2\/types\/product"}],"replies":[{"embeddable":true,"href":"https:\/\/ryinz.cz\/velkoobchod\/pl\/wp-json\/wp\/v2\/comments?post=8977"}],"wp:featuredmedia":[{"embeddable":true,"href":"https:\/\/ryinz.cz\/velkoobchod\/pl\/wp-json\/wp\/v2\/media\/9026"}],"wp:attachment":[{"href":"https:\/\/ryinz.cz\/velkoobchod\/pl\/wp-json\/wp\/v2\/media?parent=8977"}],"wp:term":[{"taxonomy":"product_brand","embeddable":true,"href":"https:\/\/ryinz.cz\/velkoobchod\/pl\/wp-json\/wp\/v2\/product_brand?post=8977"},{"taxonomy":"product_cat","embeddable":true,"href":"https:\/\/ryinz.cz\/velkoobchod\/pl\/wp-json\/wp\/v2\/product_cat?post=8977"},{"taxonomy":"product_tag","embeddable":true,"href":"https:\/\/ryinz.cz\/velkoobchod\/pl\/wp-json\/wp\/v2\/product_tag?post=8977"}],"curies":[{"name":"wp","href":"https:\/\/api.w.org\/{rel}","templated":true}]}}