{"id":8966,"date":"2025-08-26T11:48:33","date_gmt":"2025-08-26T11:48:33","guid":{"rendered":"https:\/\/ryinz.cz\/velkoobchod\/?post_type=product&#038;p=8966"},"modified":"2026-01-18T20:17:09","modified_gmt":"2026-01-18T20:17:09","slug":"ryinz-w-pelni-skorzane-rekawice-motocyklowe-wyscigowe-premium-rekawice-motocyklowe-dla-mezczyzn-i-kobiet-twarda-ochrona-kostek-wydajnosc-wyscigowa-dostepne-w-kolorze-czerwonym-czarnym-bialym-i-niebies","status":"publish","type":"product","link":"https:\/\/ryinz.cz\/velkoobchod\/pl\/product\/ryinz-full-leather-motorcycle-racing-gloves-premium-motorbike-gloves-for-men-and-women-hard-knuckle-protection-racing-performance-available-in-red-black-white-and-blue\/","title":{"rendered":"Pe\u0142ne sk\u00f3rzane r\u0119kawice motocyklowe Ryinz - wysokiej jako\u015bci r\u0119kawice motocyklowe dla m\u0119\u017cczyzn i kobiet - ochrona kostek, wydajno\u015b\u0107 wy\u015bcigowa, dost\u0119pne w kolorze czerwonym, czarnym, bia\u0142ym i niebieskim"},"content":{"rendered":"<p class=\"\" data-start=\"336\" data-end=\"738\">Przygotuj si\u0119 na najwy\u017csz\u0105 ochron\u0119 i niezr\u00f3wnany styl dzi\u0119ki <strong data-start=\"400\" data-end=\"447\">Pe\u0142ne sk\u00f3rzane r\u0119kawice motocyklowe Ryinz<\/strong>. Zaprojektowane z my\u015bl\u0105 o powa\u017cnych motocyklistach i profesjonalnych zawodnikach, r\u0119kawice te zapewniaj\u0105 wysok\u0105 wydajno\u015b\u0107, maksymaln\u0105 ochron\u0119 i najwy\u017cszy komfort. Niezale\u017cnie od tego, czy \u015bcigasz si\u0119 na torze, je\u017adzisz po autostradzie, czy je\u017adzisz w terenie, r\u0119kawice motocyklowe Ryinz zapewni\u0105 Twoim d\u0142oniom bezpiecze\u0144stwo, zwinno\u015b\u0107 i styl.<\/p>\n<p class=\"\" data-start=\"740\" data-end=\"1219\">Wyprodukowano z <strong data-start=\"758\" data-end=\"801\">100% najwy\u017cszej jako\u015bci sk\u00f3ra bydl\u0119ca licowa<\/strong>, R\u0119kawice te zapewniaj\u0105 wyj\u0105tkow\u0105 odporno\u015b\u0107 na \u015bcieranie i trwa\u0142o\u015b\u0107. Sk\u00f3rzana konstrukcja nie tylko gwarantuje d\u0142ug\u0105 \u017cywotno\u015b\u0107, ale tak\u017ce naturalnie dopasowuje si\u0119 do kszta\u0142tu d\u0142oni, zapewniaj\u0105c indywidualne dopasowanie przez d\u0142ugi czas. R\u0119kawice s\u0105 skrupulatnie szyte wytrzyma\u0142ymi ni\u0107mi, dzi\u0119ki czemu doskonale sprawdzaj\u0105 si\u0119 w najtrudniejszych warunkach jazdy. Ka\u017cdy centymetr r\u0119kawicy jest zbudowany tak, aby wytrzyma\u0107 ekstremalne warunki i chroni\u0107 Ci\u0119 w razie wypadku.<\/p>\n<p class=\"\" data-start=\"1221\" data-end=\"1602\">Aby zapewni\u0107 ochron\u0119, te r\u0119kawice wy\u015bcigowe Ryinz s\u0105 wyposa\u017cone w <strong data-start=\"1271\" data-end=\"1315\">Zaawansowany pancerz z w\u0142\u00f3kna w\u0119glowego<\/strong>. Karbonowe kostki chroni\u0105 d\u0142onie przed uderzeniami i kolizjami, a wzmocnione os\u0142ony palc\u00f3w zapewniaj\u0105 dodatkow\u0105 ochron\u0119 przed zagro\u017ceniami na drodze. R\u0119kawice posiadaj\u0105 r\u00f3wnie\u017c wy\u015bcie\u0142an\u0105 ochron\u0119 na d\u0142oniach, minimalizuj\u0105c wibracje z kierownicy i poch\u0142aniaj\u0105c wstrz\u0105sy w przypadku upadku.<\/p>\n<p class=\"\" data-start=\"1604\" data-end=\"1954\">Wy\u015bcigi wymagaj\u0105 precyzji i kontroli. Dlatego r\u0119kawice Ryinz oferuj\u0105 <strong data-start=\"1673\" data-end=\"1718\">wst\u0119pnie zakrzywione palce i ergonomiczne panele<\/strong>. Wst\u0119pnie zakrzywiona struktura zmniejsza zm\u0119czenie i umo\u017cliwia naturalny ruch palc\u00f3w, zapewniaj\u0105c optymalny chwyt przepustnicy, hamulca i sprz\u0119g\u0142a. Obszar d\u0142oni posiada dodatkowe silikonowe wzmocnienia, zapewniaj\u0105ce doskona\u0142\u0105 przyczepno\u015b\u0107 nawet w mokrych warunkach.<\/p>\n<p class=\"\" data-start=\"1956\" data-end=\"2332\">Dla wygody kierowcy r\u0119kawice motocyklowe Ryinz obejmuj\u0105 <strong data-start=\"2007\" data-end=\"2039\">strategiczne panele wentylacyjne<\/strong> na palcach i nadgarstkach, umo\u017cliwiaj\u0105c przep\u0142yw powietrza bez nara\u017cania bezpiecze\u0144stwa. Ta oddychaj\u0105ca konstrukcja pomaga utrzyma\u0107 d\u0142onie w ch\u0142odzie i sucho\u015bci, nawet podczas letnich wy\u015bcig\u00f3w lub d\u0142ugich przeja\u017cd\u017cek. Wewn\u0119trzna wy\u015bci\u00f3\u0142ka odprowadzaj\u0105ca pot dodaje dodatkow\u0105 warstw\u0119 komfortu, zapobiegaj\u0105c po\u015blizgowi spowodowanemu przez spocone d\u0142onie.<\/p>\n<p class=\"\" data-start=\"2334\" data-end=\"2654\">R\u0119kawice mog\u0105 pochwali\u0107 si\u0119 <strong data-start=\"2353\" data-end=\"2376\">D\u0142ugi, przed\u0142u\u017cony mankiet<\/strong> Konstrukcja z podw\u00f3jnym zapi\u0119ciem na rzep zapewnia maksymaln\u0105 ochron\u0119 nadgarstka i bezpieczne dopasowanie. Regulowane zapi\u0119cie gwarantuje, \u017ce r\u0119kawice pozostan\u0105 na swoim miejscu nawet podczas ekstremalnych manewr\u00f3w wy\u015bcigowych. To dodatkowe wsparcie nadgarstka ma kluczowe znaczenie dla zapobiegania urazom podczas wypadk\u00f3w z du\u017c\u0105 pr\u0119dko\u015bci\u0105.<\/p>\n<p class=\"\" data-start=\"2656\" data-end=\"3002\">Styl jest r\u00f3wnie wa\u017cny jak wydajno\u015b\u0107, a r\u0119kawice wy\u015bcigowe Ryinz nie zawodz\u0105. Dost\u0119pne w <strong data-start=\"2755\" data-end=\"2809\">cztery wyraziste kolory - czarny, bia\u0142y, czerwony i niebieski<\/strong> - R\u0119kawice te pozwalaj\u0105 rowerzystom na dopasowanie ich sprz\u0119tu lub kolor\u00f3w roweru. Odwa\u017cne wzornictwo w po\u0142\u0105czeniu z eleganckimi liniami i agresywnymi detalami sprawiaj\u0105, \u017ce r\u0119kawice te przyci\u0105gaj\u0105 wzrok zar\u00f3wno na torze, jak i poza nim.<\/p>\n<p class=\"\" data-start=\"3004\" data-end=\"3020\"><strong data-start=\"3004\" data-end=\"3018\">Idealny dla:<\/strong><\/p>\n<ul data-start=\"3021\" data-end=\"3186\">\n<li class=\"\" data-start=\"3021\" data-end=\"3042\">\n<p class=\"\" data-start=\"3023\" data-end=\"3042\">Wy\u015bcigi motocyklowe<\/p>\n<\/li>\n<li class=\"\" data-start=\"3043\" data-end=\"3063\">\n<p class=\"\" data-start=\"3045\" data-end=\"3063\">Jazda na motocyklu sportowym<\/p>\n<\/li>\n<li class=\"\" data-start=\"3064\" data-end=\"3084\">\n<p class=\"\" data-start=\"3066\" data-end=\"3084\">Jazda po autostradzie<\/p>\n<\/li>\n<li class=\"\" data-start=\"3085\" data-end=\"3106\">\n<p class=\"\" data-start=\"3087\" data-end=\"3106\">Wycieczka przygodowa<\/p>\n<\/li>\n<li class=\"\" data-start=\"3107\" data-end=\"3141\">\n<p class=\"\" data-start=\"3109\" data-end=\"3141\">Motocross i jazda na motocyklach terenowych<\/p>\n<\/li>\n<li class=\"\" data-start=\"3142\" data-end=\"3186\">\n<p class=\"\" data-start=\"3144\" data-end=\"3186\">Dni na torze i profesjonalne zawody<\/p>\n<\/li>\n<\/ul>\n<p class=\"\" data-start=\"3188\" data-end=\"3426\">Ka\u017cda r\u0119kawica Ryinz przechodzi rygorystyczn\u0105 kontrol\u0119 jako\u015bci i testy w terenie, aby zapewni\u0107, \u017ce spe\u0142nia najwy\u017csze standardy bezpiecze\u0144stwa. Riderzy na ca\u0142ym \u015bwiecie ufaj\u0105 Ryinz, kt\u00f3ry chroni ich d\u0142onie, zapewniaj\u0105c jednocze\u015bnie niezr\u00f3wnany styl, komfort i trwa\u0142o\u015b\u0107.<\/p>\n<p class=\"\" data-start=\"3428\" data-end=\"3592\">Kiedy jeste\u015b pasjonatem motocykli, nie uznajesz kompromis\u00f3w. Wybierz <strong data-start=\"3500\" data-end=\"3547\">Pe\u0142ne sk\u00f3rzane r\u0119kawice motocyklowe Ryinz<\/strong> - zaprojektowany dla zwyci\u0119zc\u00f3w, zbudowany dla mistrz\u00f3w.<\/p>\n<hr class=\"\" data-start=\"3594\" data-end=\"3597\" \/>\n<p class=\"\" data-start=\"3599\" data-end=\"3618\"><strong data-start=\"3599\" data-end=\"3616\">Kluczowe cechy:<\/strong><\/p>\n<ul data-start=\"3619\" data-end=\"4039\">\n<li class=\"\" data-start=\"3619\" data-end=\"3667\">\n<p class=\"\" data-start=\"3621\" data-end=\"3667\">100% Konstrukcja z pe\u0142noziarnistej sk\u00f3ry premium<\/p>\n<\/li>\n<li class=\"\" data-start=\"3668\" data-end=\"3703\">\n<p class=\"\" data-start=\"3670\" data-end=\"3703\">Ochrona zwrotnicy z w\u0142\u00f3kna w\u0119glowego<\/p>\n<\/li>\n<li class=\"\" data-start=\"3704\" data-end=\"3748\">\n<p class=\"\" data-start=\"3706\" data-end=\"3748\">Wzmocnione suwaki d\u0142oni dla wi\u0119kszego bezpiecze\u0144stwa<\/p>\n<\/li>\n<li class=\"\" data-start=\"3749\" data-end=\"3787\">\n<p class=\"\" data-start=\"3751\" data-end=\"3787\">Wst\u0119pnie zakrzywiona, ergonomiczna konstrukcja palc\u00f3w<\/p>\n<\/li>\n<li class=\"\" data-start=\"3788\" data-end=\"3833\">\n<p class=\"\" data-start=\"3790\" data-end=\"3833\">Oddychaj\u0105ce panele wentylacyjne zapewniaj\u0105ce ch\u0142odzenie<\/p>\n<\/li>\n<li class=\"\" data-start=\"3834\" data-end=\"3877\">\n<p class=\"\" data-start=\"3836\" data-end=\"3877\">D\u0142ugi mankiet dla pe\u0142nej ochrony nadgarstka<\/p>\n<\/li>\n<li class=\"\" data-start=\"3878\" data-end=\"3924\">\n<p class=\"\" data-start=\"3880\" data-end=\"3924\">Podw\u00f3jne zapi\u0119cia na rzep dla idealnego dopasowania<\/p>\n<\/li>\n<li class=\"\" data-start=\"3925\" data-end=\"3964\">\n<p class=\"\" data-start=\"3927\" data-end=\"3964\">Wytrzyma\u0142e szwy do intensywnego u\u017cytkowania<\/p>\n<\/li>\n<li class=\"\" data-start=\"3965\" data-end=\"3998\">\n<p class=\"\" data-start=\"3967\" data-end=\"3998\">Wewn\u0119trzna podszewka odprowadzaj\u0105ca wilgo\u0107<\/p>\n<\/li>\n<li class=\"\" data-start=\"3999\" data-end=\"4039\">\n<p class=\"\" data-start=\"4001\" data-end=\"4039\">Dost\u0119pne w kolorach: czarny, bia\u0142y, czerwony, niebieski<\/p>\n<\/li>\n<\/ul>\n<p class=\"\" data-start=\"4041\" data-end=\"4065\"><strong data-start=\"4041\" data-end=\"4063\">Szczeg\u00f3\u0142y techniczne:<\/strong><\/p>\n<ul data-start=\"4066\" data-end=\"4310\">\n<li class=\"\" data-start=\"4066\" data-end=\"4111\">\n<p class=\"\" data-start=\"4068\" data-end=\"4111\">Materia\u0142: 100% Full-Grain Cowhide Leather (sk\u00f3ra bydl\u0119ca licowa)<\/p>\n<\/li>\n<li class=\"\" data-start=\"4112\" data-end=\"4175\">\n<p class=\"\" data-start=\"4114\" data-end=\"4175\">Ochrona: Karbonowe kostki, wzmocnione d\u0142onie, pancerz palc\u00f3w<\/p>\n<\/li>\n<li class=\"\" data-start=\"4176\" data-end=\"4203\">\n<p class=\"\" data-start=\"4178\" data-end=\"4203\">Rozmiary: S, M, L, XL, XXL<\/p>\n<\/li>\n<li class=\"\" data-start=\"4204\" data-end=\"4238\">\n<p class=\"\" data-start=\"4206\" data-end=\"4238\">P\u0142e\u0107: Unisex (m\u0119\u017cczy\u017ani i kobiety)<\/p>\n<\/li>\n<li class=\"\" data-start=\"4239\" data-end=\"4274\">\n<p class=\"\" data-start=\"4241\" data-end=\"4274\">Zapi\u0119cie: Podw\u00f3jny regulowany rzep<\/p>\n<\/li>\n<li class=\"\" data-start=\"4275\" data-end=\"4310\">\n<p class=\"\" data-start=\"4277\" data-end=\"4310\">Kolory: Czarny, Czerwony, Bia\u0142y, Niebieski<\/p>\n<\/li>\n<\/ul>","protected":false},"excerpt":{"rendered":"<p>Przenie\u015b swoje do\u015bwiadczenie wy\u015bcigowe na wy\u017cszy poziom dzi\u0119ki r\u0119kawicom motocyklowym Ryinz Full Leather. Zaprojektowane z my\u015bl\u0105 o powa\u017cnych motocyklistach, r\u0119kawice te oferuj\u0105 ochron\u0119 karbonow\u0105, pe\u0142n\u0105 sk\u00f3rzan\u0105 konstrukcj\u0119, idealne dopasowanie i wydajno\u015b\u0107 gotow\u0105 do wy\u015bcig\u00f3w.<\/p>\n<p class=\"\" data-start=\"3599\" data-end=\"3618\"><strong data-start=\"3599\" data-end=\"3616\">Kluczowe cechy:<\/strong><\/p>\n<ul data-start=\"3619\" data-end=\"4039\">\n<li class=\"\" data-start=\"3619\" data-end=\"3667\">\n<p class=\"\" data-start=\"3621\" data-end=\"3667\">100% Konstrukcja z pe\u0142noziarnistej sk\u00f3ry premium<\/p>\n<\/li>\n<li class=\"\" data-start=\"3668\" data-end=\"3703\">\n<p class=\"\" data-start=\"3670\" data-end=\"3703\">Ochrona zwrotnicy z w\u0142\u00f3kna w\u0119glowego<\/p>\n<\/li>\n<li class=\"\" data-start=\"3704\" data-end=\"3748\">\n<p class=\"\" data-start=\"3706\" data-end=\"3748\">Wzmocnione suwaki d\u0142oni dla wi\u0119kszego bezpiecze\u0144stwa<\/p>\n<\/li>\n<li class=\"\" data-start=\"3749\" data-end=\"3787\">\n<p class=\"\" data-start=\"3751\" data-end=\"3787\">Wst\u0119pnie zakrzywiona, ergonomiczna konstrukcja palc\u00f3w<\/p>\n<\/li>\n<li class=\"\" data-start=\"3788\" data-end=\"3833\">\n<p class=\"\" data-start=\"3790\" data-end=\"3833\">Oddychaj\u0105ce panele wentylacyjne zapewniaj\u0105ce ch\u0142odzenie<\/p>\n<\/li>\n<li class=\"\" data-start=\"3834\" data-end=\"3877\">\n<p class=\"\" data-start=\"3836\" data-end=\"3877\">D\u0142ugi mankiet dla pe\u0142nej ochrony nadgarstka<\/p>\n<\/li>\n<\/ul>","protected":false},"featured_media":9021,"comment_status":"closed","ping_status":"closed","template":"","meta":[],"product_brand":[35],"product_cat":[1111,122],"product_tag":[125,126,127,123],"class_list":{"0":"post-8966","1":"product","2":"type-product","3":"status-publish","4":"has-post-thumbnail","6":"product_brand-ryinz","7":"product_cat-motorbike","8":"product_cat-motorbike-racing-gloves","9":"product_tag-environmentally-friendly-motorbike-gloves","10":"product_tag-gillani-gloves","11":"product_tag-knuckle-protection-gloves","12":"product_tag-racing-gloves","14":"first","15":"instock","16":"taxable","17":"shipping-taxable","18":"purchasable","19":"product-type-simple"},"_links":{"self":[{"href":"https:\/\/ryinz.cz\/velkoobchod\/pl\/wp-json\/wp\/v2\/product\/8966","targetHints":{"allow":["GET"]}}],"collection":[{"href":"https:\/\/ryinz.cz\/velkoobchod\/pl\/wp-json\/wp\/v2\/product"}],"about":[{"href":"https:\/\/ryinz.cz\/velkoobchod\/pl\/wp-json\/wp\/v2\/types\/product"}],"replies":[{"embeddable":true,"href":"https:\/\/ryinz.cz\/velkoobchod\/pl\/wp-json\/wp\/v2\/comments?post=8966"}],"wp:featuredmedia":[{"embeddable":true,"href":"https:\/\/ryinz.cz\/velkoobchod\/pl\/wp-json\/wp\/v2\/media\/9021"}],"wp:attachment":[{"href":"https:\/\/ryinz.cz\/velkoobchod\/pl\/wp-json\/wp\/v2\/media?parent=8966"}],"wp:term":[{"taxonomy":"product_brand","embeddable":true,"href":"https:\/\/ryinz.cz\/velkoobchod\/pl\/wp-json\/wp\/v2\/product_brand?post=8966"},{"taxonomy":"product_cat","embeddable":true,"href":"https:\/\/ryinz.cz\/velkoobchod\/pl\/wp-json\/wp\/v2\/product_cat?post=8966"},{"taxonomy":"product_tag","embeddable":true,"href":"https:\/\/ryinz.cz\/velkoobchod\/pl\/wp-json\/wp\/v2\/product_tag?post=8966"}],"curies":[{"name":"wp","href":"https:\/\/api.w.org\/{rel}","templated":true}]}}