{"id":8965,"date":"2025-08-26T11:48:32","date_gmt":"2025-08-26T11:48:32","guid":{"rendered":"https:\/\/ryinz.cz\/velkoobchod\/?post_type=product&#038;p=8965"},"modified":"2026-01-18T20:17:08","modified_gmt":"2026-01-18T20:17:08","slug":"wyscigowe-rekawice-motocyklowe-ryinz-premium-z-ochrona-z-wlokna-weglowego","status":"publish","type":"product","link":"https:\/\/ryinz.cz\/velkoobchod\/pl\/product\/ryinz-premium-motorbike-racing-gloves-with-carbon-fiber-protection\/","title":{"rendered":"R\u0119kawice motocyklowe RYINZ Premium z ochron\u0105 z w\u0142\u00f3kna w\u0119glowego"},"content":{"rendered":"<p class=\"\" data-start=\"592\" data-end=\"961\">Przedstawiamy <strong data-start=\"608\" data-end=\"678\">R\u0119kawice motocyklowe RYINZ Premium z ochron\u0105 z w\u0142\u00f3kna w\u0119glowego<\/strong>, rewolucyjny design, kt\u00f3ry \u0142\u0105czy wydajno\u015b\u0107, bezpiecze\u0144stwo i styl dla ka\u017cdego entuzjasty motocykli. R\u0119kawice te zosta\u0142y zaprojektowane z precyzj\u0105 zapewniaj\u0105c\u0105 maksymaln\u0105 kontrol\u0119, doskona\u0142\u0105 przyczepno\u015b\u0107 i niezr\u00f3wnan\u0105 ochron\u0119, dzi\u0119ki czemu s\u0105 idealnym towarzyszem wy\u015bcig\u00f3w, wycieczek i codziennych dojazd\u00f3w do pracy.<\/p>\n<p class=\"\" data-start=\"963\" data-end=\"1413\">Wykonane z wysokiej jako\u015bci prawdziwej sk\u00f3ry r\u0119kawice motocyklowe RYINZ oferuj\u0105 doskona\u0142\u0105 trwa\u0142o\u015b\u0107 i luksusowy wygl\u0105d. Ochrona kostek z w\u0142\u00f3kna w\u0119glowego zapewnia ochron\u0119 d\u0142oni przed uderzeniami, otarciami i urazami, zapewniaj\u0105c najwy\u017csze standardy bezpiecze\u0144stwa na torze lub na drodze. Innowacyjna konstrukcja z oddychaj\u0105cymi perforacjami zapewnia przep\u0142yw powietrza, utrzymuj\u0105c d\u0142onie w ch\u0142odzie i sucho\u015bci nawet podczas intensywnej jazdy.<\/p>\n<p class=\"\" data-start=\"1415\" data-end=\"1836\">R\u0119kawice te maj\u0105 ergonomiczn\u0105, wst\u0119pnie zakrzywion\u0105 konstrukcj\u0119 palc\u00f3w, kt\u00f3ra zmniejsza zm\u0119czenie i zwi\u0119ksza komfort podczas d\u0142ugich przeja\u017cd\u017cek. Wzmocniona wy\u015bci\u00f3\u0142ka d\u0142oni poprawia absorpcj\u0119 wstrz\u0105s\u00f3w i zapewnia doskona\u0142\u0105 kontrol\u0119 chwytu, zapewniaj\u0105c solidne trzymanie kierownicy bez wzgl\u0119du na warunki. Elastyczna konstrukcja pozwala na pe\u0142ny ruch palc\u00f3w bez ogranicze\u0144, zwi\u0119kszaj\u0105c zwinno\u015b\u0107 i czas reakcji na rowerze.<\/p>\n<p class=\"\" data-start=\"1838\" data-end=\"2172\">Zaprojektowane z my\u015bl\u0105 o nowoczesnych rowerzystach, r\u0119kawice RYINZ s\u0105 wyposa\u017cone w opuszki palc\u00f3w kompatybilne z ekranami dotykowymi, umo\u017cliwiaj\u0105c korzystanie ze smartfona, GPS lub innych urz\u0105dze\u0144 bez zdejmowania r\u0119kawic. Regulowane zapi\u0119cie na rzep zapewnia bezpieczne i spersonalizowane dopasowanie, zapewniaj\u0105c dodatkowe wsparcie nadgarstka i zapobiegaj\u0105c \u015blizganiu si\u0119 podczas jazdy.<\/p>\n<p class=\"\" data-start=\"2174\" data-end=\"2435\">Niezale\u017cnie od tego, czy je\u017adzisz po torze wy\u015bcigowym, po autostradzie, czy po ulicach miasta, te r\u0119kawice zapewniaj\u0105 najwy\u017csz\u0105 wydajno\u015b\u0107, koncentruj\u0105c si\u0119 na bezpiecze\u0144stwie i komforcie. Dzi\u0119ki eleganckiemu i agresywnemu wzornictwu nie tylko chroni\u0105, ale tak\u017ce poprawiaj\u0105 wygl\u0105d podczas jazdy.<\/p>\n<p class=\"\" data-start=\"2437\" data-end=\"2821\">Przy <strong data-start=\"2440\" data-end=\"2449\">RYINZ<\/strong>, Rozumiemy, \u017ce powa\u017cni motocykli\u015bci potrzebuj\u0105 powa\u017cnego sprz\u0119tu. Nasze wy\u015bcigowe r\u0119kawice motocyklowe s\u0105 starannie wykonane, aby zapewni\u0107 trwa\u0142o\u015b\u0107, elastyczno\u015b\u0107 i niezawodno\u015b\u0107, kt\u00f3rych potrzebujesz podczas ka\u017cdej przygody. Ka\u017cda para jest produkowana zgodnie z wymagaj\u0105cymi standardami przy u\u017cyciu najlepszych materia\u0142\u00f3w i najnowocze\u015bniejszych technik, zapewniaj\u0105c d\u0142ugotrwa\u0142\u0105 wydajno\u015b\u0107 nawet w najtrudniejszych warunkach.<\/p>\n<p class=\"\" data-start=\"2823\" data-end=\"3140\">R\u0119kawice te s\u0105 idealne do wy\u015bcig\u00f3w motocyklowych, wy\u015bcig\u00f3w ulicznych, motocrossu, supermoto, jazdy przygodowej, jazdy na motocyklach sportowych, cruiserach, jazdy kaskaderskiej i profesjonalnych wy\u015bcig\u00f3w. Zbudowane, aby wytrzyma\u0107 najtrudniejsze warunki, zapewniaj\u0105 odporno\u015b\u0107 na zu\u017cycie, od\u0142amki drogowe, uderzenia wiatru i przypadkowe upadki.<\/p>\n<p class=\"\" data-start=\"3142\" data-end=\"3445\">Dzi\u0119ki swojej uniwersalno\u015bci r\u0119kawice motocyklowe RYINZ s\u0105 uwielbiane przez zawodnik\u00f3w, hobbyst\u00f3w, profesjonalnych motocyklist\u00f3w, osoby doje\u017cd\u017caj\u0105ce do pracy i poszukiwaczy przyg\u00f3d motocyklowych na ca\u0142ym \u015bwiecie. Wybierz RYINZ, aby do\u015bwiadczy\u0107 jazdy, kt\u00f3ra obiecuje doskona\u0142o\u015b\u0107, precyzj\u0119 i ochron\u0119 - poniewa\u017c Twoje d\u0142onie zas\u0142uguj\u0105 tylko na to, co najlepsze.<\/p>\n<hr class=\"\" data-start=\"3447\" data-end=\"3450\" \/>\n<h3 class=\"\" data-start=\"3452\" data-end=\"3475\"><strong data-start=\"3456\" data-end=\"3473\">Kluczowe cechy:<\/strong><\/h3>\n<ul data-start=\"3476\" data-end=\"4342\">\n<li class=\"\" data-start=\"3476\" data-end=\"3526\">\n<p class=\"\" data-start=\"3478\" data-end=\"3526\">Najwy\u017cszej jako\u015bci sk\u00f3ra naturalna dla maksymalnej trwa\u0142o\u015bci<\/p>\n<\/li>\n<li class=\"\" data-start=\"3527\" data-end=\"3589\">\n<p class=\"\" data-start=\"3529\" data-end=\"3589\">Os\u0142ony przegub\u00f3w z w\u0142\u00f3kna w\u0119glowego zapewniaj\u0105 doskona\u0142\u0105 ochron\u0119 przed uderzeniami<\/p>\n<\/li>\n<li class=\"\" data-start=\"3590\" data-end=\"3646\">\n<p class=\"\" data-start=\"3592\" data-end=\"3646\">Oddychaj\u0105ca, perforowana konstrukcja dla optymalnej wentylacji<\/p>\n<\/li>\n<li class=\"\" data-start=\"3647\" data-end=\"3697\">\n<p class=\"\" data-start=\"3649\" data-end=\"3697\">Wst\u0119pnie zakrzywione ergonomiczne palce zmniejszaj\u0105ce zm\u0119czenie<\/p>\n<\/li>\n<li class=\"\" data-start=\"3698\" data-end=\"3760\">\n<p class=\"\" data-start=\"3700\" data-end=\"3760\">Amortyzuj\u0105ca wstrz\u0105sy wy\u015bci\u00f3\u0142ka d\u0142oni zapewnia lepsz\u0105 przyczepno\u015b\u0107 i wygod\u0119<\/p>\n<\/li>\n<li class=\"\" data-start=\"3761\" data-end=\"3821\">\n<p class=\"\" data-start=\"3763\" data-end=\"3821\">Regulowany pasek na nadgarstek z rzepem zapewnia bezpieczne, indywidualne dopasowanie<\/p>\n<\/li>\n<li class=\"\" data-start=\"3822\" data-end=\"3875\">\n<p class=\"\" data-start=\"3824\" data-end=\"3875\">Wygodna obs\u0142uga za pomoc\u0105 ekranu dotykowego<\/p>\n<\/li>\n<li class=\"\" data-start=\"3876\" data-end=\"3935\">\n<p class=\"\" data-start=\"3878\" data-end=\"3935\">Elegancki, agresywny design odpowiedni dla profesjonalnych kolarzy<\/p>\n<\/li>\n<li class=\"\" data-start=\"3936\" data-end=\"3995\">\n<p class=\"\" data-start=\"3938\" data-end=\"3995\">Wzmocnione szwy dla dodatkowej wytrzyma\u0142o\u015bci i niezawodno\u015bci<\/p>\n<\/li>\n<li class=\"\" data-start=\"3996\" data-end=\"4060\">\n<p class=\"\" data-start=\"3998\" data-end=\"4060\">Nadaje si\u0119 do wy\u015bcig\u00f3w, jazdy turystycznej, dojazd\u00f3w do pracy i jazdy przygodowej<\/p>\n<\/li>\n<li class=\"\" data-start=\"4061\" data-end=\"4116\">\n<p class=\"\" data-start=\"4063\" data-end=\"4116\">Odporno\u015b\u0107 na otarcia, zanieczyszczenia drogowe i ch\u0142\u00f3d wiatru<\/p>\n<\/li>\n<li class=\"\" data-start=\"4117\" data-end=\"4168\">\n<p class=\"\" data-start=\"4119\" data-end=\"4168\">Lekka, ale mocno ochronna konstrukcja<\/p>\n<\/li>\n<li class=\"\" data-start=\"4169\" data-end=\"4230\">\n<p class=\"\" data-start=\"4171\" data-end=\"4230\">Precyzyjnie wykonany dla profesjonalnych i zwyk\u0142ych rowerzyst\u00f3w<\/p>\n<\/li>\n<li class=\"\" data-start=\"4231\" data-end=\"4289\">\n<p class=\"\" data-start=\"4233\" data-end=\"4289\">Elastyczny i wysoce responsywny dla lepszej kontroli nad rowerem<\/p>\n<\/li>\n<li class=\"\" data-start=\"4290\" data-end=\"4342\">\n<p class=\"\" data-start=\"4292\" data-end=\"4342\">Idealny na wszystkie pory roku, w tym \u0142agodn\u0105 zim\u0119<\/p>\n<\/li>\n<\/ul>","protected":false},"excerpt":{"rendered":"<p>R\u0119kawice motocyklowe RYINZ Premium zapewniaj\u0105 niezr\u00f3wnan\u0105 ochron\u0119 i komfort. Zaprojektowane z os\u0142onami kostek z w\u0142\u00f3kna w\u0119glowego, wysokiej jako\u015bci sk\u00f3rzan\u0105 konstrukcj\u0105 i ergonomicznym dopasowaniem, r\u0119kawice te s\u0105 przeznaczone dla motocyklist\u00f3w, kt\u00f3rzy wymagaj\u0105 wydajno\u015bci, bezpiecze\u0144stwa i stylu. Idealne do wy\u015bcig\u00f3w, jazdy ulicznej, turystyki i codziennych przeja\u017cd\u017cek.<\/p>\n<h3 class=\"\" data-start=\"3452\" data-end=\"3475\"><strong data-start=\"3456\" data-end=\"3473\">Kluczowe cechy:<\/strong><\/h3>\n<ul data-start=\"3476\" data-end=\"4342\">\n<li class=\"\" data-start=\"3476\" data-end=\"3526\">\n<p class=\"\" data-start=\"3478\" data-end=\"3526\">Najwy\u017cszej jako\u015bci sk\u00f3ra naturalna dla maksymalnej trwa\u0142o\u015bci<\/p>\n<\/li>\n<li class=\"\" data-start=\"3476\" data-end=\"3526\">\n<p class=\"\" data-start=\"3478\" data-end=\"3526\">Os\u0142ony przegub\u00f3w z w\u0142\u00f3kna w\u0119glowego zapewniaj\u0105 doskona\u0142\u0105 ochron\u0119 przed uderzeniami<\/p>\n<\/li>\n<li class=\"\" data-start=\"3590\" data-end=\"3646\">\n<p class=\"\" data-start=\"3592\" data-end=\"3646\">Oddychaj\u0105ca, perforowana konstrukcja dla optymalnej wentylacji<\/p>\n<\/li>\n<li class=\"\" data-start=\"3647\" data-end=\"3697\">\n<p class=\"\" data-start=\"3649\" data-end=\"3697\">Wst\u0119pnie zakrzywione ergonomiczne palce zmniejszaj\u0105ce zm\u0119czenie<\/p>\n<\/li>\n<li class=\"\" data-start=\"3698\" data-end=\"3760\">\n<p class=\"\" data-start=\"3700\" data-end=\"3760\">Amortyzuj\u0105ca wstrz\u0105sy wy\u015bci\u00f3\u0142ka d\u0142oni zapewnia lepsz\u0105 przyczepno\u015b\u0107 i wygod\u0119<\/p>\n<\/li>\n<li class=\"\" data-start=\"3761\" data-end=\"3821\">\n<p class=\"\" data-start=\"3763\" data-end=\"3821\">Regulowany pasek na nadgarstek z rzepem zapewnia bezpieczne, indywidualne dopasowanie<\/p>\n<\/li>\n<\/ul>","protected":false},"featured_media":9026,"comment_status":"closed","ping_status":"closed","template":"","meta":[],"product_brand":[35],"product_cat":[1111,122],"product_tag":[124,123],"class_list":{"0":"post-8965","1":"product","2":"type-product","3":"status-publish","4":"has-post-thumbnail","6":"product_brand-ryinz","7":"product_cat-motorbike","8":"product_cat-motorbike-racing-gloves","9":"product_tag-motorbike-racing-gloves","10":"product_tag-racing-gloves","12":"first","13":"instock","14":"taxable","15":"shipping-taxable","16":"purchasable","17":"product-type-simple"},"_links":{"self":[{"href":"https:\/\/ryinz.cz\/velkoobchod\/pl\/wp-json\/wp\/v2\/product\/8965","targetHints":{"allow":["GET"]}}],"collection":[{"href":"https:\/\/ryinz.cz\/velkoobchod\/pl\/wp-json\/wp\/v2\/product"}],"about":[{"href":"https:\/\/ryinz.cz\/velkoobchod\/pl\/wp-json\/wp\/v2\/types\/product"}],"replies":[{"embeddable":true,"href":"https:\/\/ryinz.cz\/velkoobchod\/pl\/wp-json\/wp\/v2\/comments?post=8965"}],"wp:featuredmedia":[{"embeddable":true,"href":"https:\/\/ryinz.cz\/velkoobchod\/pl\/wp-json\/wp\/v2\/media\/9026"}],"wp:attachment":[{"href":"https:\/\/ryinz.cz\/velkoobchod\/pl\/wp-json\/wp\/v2\/media?parent=8965"}],"wp:term":[{"taxonomy":"product_brand","embeddable":true,"href":"https:\/\/ryinz.cz\/velkoobchod\/pl\/wp-json\/wp\/v2\/product_brand?post=8965"},{"taxonomy":"product_cat","embeddable":true,"href":"https:\/\/ryinz.cz\/velkoobchod\/pl\/wp-json\/wp\/v2\/product_cat?post=8965"},{"taxonomy":"product_tag","embeddable":true,"href":"https:\/\/ryinz.cz\/velkoobchod\/pl\/wp-json\/wp\/v2\/product_tag?post=8965"}],"curies":[{"name":"wp","href":"https:\/\/api.w.org\/{rel}","templated":true}]}}