{"id":8964,"date":"2025-08-26T11:48:32","date_gmt":"2025-08-26T11:48:32","guid":{"rendered":"https:\/\/ryinz.cz\/velkoobchod\/?post_type=product&#038;p=8964"},"modified":"2026-01-18T20:17:06","modified_gmt":"2026-01-18T20:17:06","slug":"ryinz-premium-skorzane-rekawice-motocyklowe-wyscigowe-pelna-ochrona-dloni-z-karbonowym-pancerzem-rekawice-motocyklowe-do-wyscigow-i-jazdy-przygodowej-dostepne-w-kolorze-czerwonym-czarnym","status":"publish","type":"product","link":"https:\/\/ryinz.cz\/velkoobchod\/pl\/product\/ryinz-premium-leather-motorcycle-racing-gloves-full-hand-protection-with-carbon-armor-motorbike-gloves-for-racing-cruising-and-adventure-riding-available-in-red-black\/","title":{"rendered":"Sk\u00f3rzane r\u0119kawice motocyklowe Ryinz Premium - pe\u0142na ochrona d\u0142oni z karbonowym pancerzem - r\u0119kawice motocyklowe do wy\u015bcig\u00f3w, cruisingu i jazdy przygodowej - dost\u0119pne w kolorach czerwonym, czarnym, bia\u0142ym i niebieskim"},"content":{"rendered":"<p class=\"\" data-start=\"338\" data-end=\"723\">R\u0119kawice motocyklowe Ryinz Premium Leather Racing Gloves zapewniaj\u0105 najwy\u017csz\u0105 jako\u015b\u0107 jazdy, \u0142\u0105cz\u0105c ochron\u0119 z wydajno\u015bci\u0105. Zaprojektowane dla powa\u017cnych motocyklist\u00f3w, kt\u00f3rzy wymagaj\u0105 trwa\u0142o\u015bci, stylu i niezr\u00f3wnanej ochrony d\u0142oni, r\u0119kawice te zosta\u0142y zaprojektowane tak, aby osi\u0105ga\u0107 lepsze wyniki w ka\u017cdych warunkach, niezale\u017cnie od tego, czy \u015bcigasz si\u0119, je\u017adzisz po autostradach, czy eksplorujesz trudny teren.<\/p>\n<p class=\"\" data-start=\"725\" data-end=\"1102\">Wykonane z najwy\u017cszej jako\u015bci sk\u00f3ry premium, r\u0119kawice te zapewniaj\u0105 wyj\u0105tkowe po\u0142\u0105czenie elastyczno\u015bci i wytrzyma\u0142o\u015bci, zapewniaj\u0105c najwy\u017cszy komfort bez po\u015bwi\u0119cania ochrony. R\u0119kawice maj\u0105 wzmocnion\u0105 konstrukcj\u0119 ca\u0142ej d\u0142oni, \u0142\u0105cz\u0105c najnowsz\u0105 technologi\u0119 poch\u0142aniania uderze\u0144 i odporno\u015bci na \u015bcieranie, aby chroni\u0107 d\u0142onie przed upadkami, kolizjami i zagro\u017ceniami na drodze.<\/p>\n<p class=\"\" data-start=\"1104\" data-end=\"1579\">Strategicznie rozmieszczone karbonowe ochraniacze kostek i palc\u00f3w zapewniaj\u0105 maksymaln\u0105 ochron\u0119 przed nag\u0142ymi uderzeniami, a inteligentna ergonomiczna konstrukcja zapewnia naturalne wygi\u0119cie d\u0142oni, zapobiegaj\u0105c zm\u0119czeniu d\u0142oni podczas d\u0142ugich przeja\u017cd\u017cek. Panele wentylacyjne s\u0105 fachowo zintegrowane, aby utrzyma\u0107 przep\u0142yw powietrza, utrzymuj\u0105c d\u0142onie w ch\u0142odzie i sucho\u015bci nawet podczas intensywnych letnich przeja\u017cd\u017cek. R\u0119kawice oferuj\u0105 regulowany system zapinania na nadgarstku, zapewniaj\u0105c dok\u0142adne, bezpieczne dopasowanie, kt\u00f3re chroni przed kurzem, zanieczyszczeniami i wod\u0105 deszczow\u0105.<\/p>\n<p class=\"\" data-start=\"1581\" data-end=\"1945\">Obszary d\u0142oni s\u0105 wzmocnione antypo\u015blizgowymi, wy\u015bcie\u0142anymi wzmocnieniami, aby zagwarantowa\u0107 doskona\u0142\u0105 przyczepno\u015b\u0107 do kierownicy, zwi\u0119kszaj\u0105c kontrol\u0119 przy du\u017cych pr\u0119dko\u015bciach lub w trudnym terenie. Niezale\u017cnie od tego, czy jeste\u015b profesjonalnym kierowc\u0105 wy\u015bcigowym, weekendowym poszukiwaczem przyg\u00f3d, czy te\u017c codziennie doje\u017cd\u017casz do pracy, r\u0119kawice motocyklowe Ryinz Racing Gloves zapewniaj\u0105 najlepsze po\u0142\u0105czenie bezpiecze\u0144stwa, funkcjonalno\u015bci i komfortu kierowcy.<\/p>\n<p class=\"\" data-start=\"1947\" data-end=\"2222\">Dzi\u0119ki wielu opcjom kolorystycznym - czerwonej, czarnej, bia\u0142ej i niebieskiej - r\u0119kawice te zosta\u0142y zaprojektowane tak, aby pasowa\u0142y do roweru, sprz\u0119tu i osobistego stylu. Subtelny znak firmowy Ryinz oznacza r\u0119kawiczki jako symbol najwy\u017cszej jako\u015bci i zaufania, dzi\u0119ki czemu wyr\u00f3\u017cnisz si\u0119 elegancj\u0105 i autorytetem.<\/p>\n<p class=\"\" data-start=\"2224\" data-end=\"2455\">Przetestowane pod k\u0105tem niezawodno\u015bci i ciesz\u0105ce si\u0119 zaufaniem motocyklist\u00f3w na ca\u0142ym \u015bwiecie, r\u0119kawice te s\u0105 niezb\u0119dne dla ka\u017cdego, kto powa\u017cnie my\u015bli o bezpiecze\u0144stwie i komforcie jazdy. Do\u015bwiadcz idealnego po\u0142\u0105czenia formy, funkcjonalno\u015bci i zaciek\u0142ej ochrony - tylko z Ryinz.<\/p>\n<hr class=\"\" data-start=\"2457\" data-end=\"2460\" \/>\n<p class=\"\" data-start=\"2462\" data-end=\"2481\"><strong data-start=\"2462\" data-end=\"2479\">Kluczowe cechy:<\/strong><\/p>\n<ul data-start=\"2482\" data-end=\"3500\">\n<li class=\"\" data-start=\"2482\" data-end=\"2587\">\n<p class=\"\" data-start=\"2484\" data-end=\"2587\"><strong data-start=\"2484\" data-end=\"2515\">Wysokiej jako\u015bci sk\u00f3ra licowa:<\/strong> Mi\u0119kka, ale wytrzyma\u0142a konstrukcja zapewnia maksymaln\u0105 ochron\u0119 i elastyczno\u015b\u0107.<\/p>\n<\/li>\n<li class=\"\" data-start=\"2588\" data-end=\"2685\">\n<p class=\"\" data-start=\"2590\" data-end=\"2685\"><strong data-start=\"2590\" data-end=\"2613\">Pancerz z w\u0142\u00f3kna w\u0119glowego:<\/strong> Wzmocnione kostki i os\u0142ony palc\u00f3w zapewniaj\u0105 doskona\u0142\u0105 odporno\u015b\u0107 na uderzenia.<\/p>\n<\/li>\n<li class=\"\" data-start=\"2686\" data-end=\"2795\">\n<p class=\"\" data-start=\"2688\" data-end=\"2795\"><strong data-start=\"2688\" data-end=\"2722\">Zaawansowana technologia Palm Grip:<\/strong> Antypo\u015blizgowa, wy\u015bcie\u0142ana konstrukcja d\u0142oni zapewnia lepsz\u0105 kontrol\u0119 i redukuje wibracje.<\/p>\n<\/li>\n<li class=\"\" data-start=\"2796\" data-end=\"2895\">\n<p class=\"\" data-start=\"2798\" data-end=\"2895\"><strong data-start=\"2798\" data-end=\"2832\">Oddychaj\u0105ce panele wentylacyjne:<\/strong> Zapewniaj\u0105 sucho\u015b\u0107 i wygod\u0119 d\u0142oni podczas letnich i d\u0142ugich przeja\u017cd\u017cek.<\/p>\n<\/li>\n<li class=\"\" data-start=\"2896\" data-end=\"2997\">\n<p class=\"\" data-start=\"2898\" data-end=\"2997\"><strong data-start=\"2898\" data-end=\"2916\">Ergonomiczne dopasowanie:<\/strong> Naturalny kszta\u0142t krzywizny zmniejsza zm\u0119czenie d\u0142oni i zapewnia lepsz\u0105 manewrowo\u015b\u0107.<\/p>\n<\/li>\n<li class=\"\" data-start=\"2998\" data-end=\"3093\">\n<p class=\"\" data-start=\"3000\" data-end=\"3093\"><strong data-start=\"3000\" data-end=\"3029\">Regulowane zapi\u0119cie na nadgarstek:<\/strong> Zapewnia bezpieczne, spersonalizowane dopasowanie do r\u00f3\u017cnych rozmiar\u00f3w nadgarstk\u00f3w.<\/p>\n<\/li>\n<li class=\"\" data-start=\"3094\" data-end=\"3188\">\n<p class=\"\" data-start=\"3096\" data-end=\"3188\"><strong data-start=\"3096\" data-end=\"3122\">Pianka poch\u0142aniaj\u0105ca wstrz\u0105sy:<\/strong> Dodatkowa amortyzacja w kluczowych strefach uderzenia dla dodatkowej ochrony d\u0142oni.<\/p>\n<\/li>\n<li class=\"\" data-start=\"3189\" data-end=\"3292\">\n<p class=\"\" data-start=\"3191\" data-end=\"3292\"><strong data-start=\"3191\" data-end=\"3220\">Multi-Color Dost\u0119pno\u015b\u0107:<\/strong> Oferowane w kolorze czerwonym, czarnym, bia\u0142ym i niebieskim, aby pasowa\u0142y do Twojego sprz\u0119tu motocyklowego.<\/p>\n<\/li>\n<li class=\"\" data-start=\"3293\" data-end=\"3404\">\n<p class=\"\" data-start=\"3295\" data-end=\"3404\"><strong data-start=\"3295\" data-end=\"3325\">Kompatybilno\u015b\u0107 z ekranami dotykowymi:<\/strong> Zaprojektowany do \u0142atwego korzystania z urz\u0105dzenia bez zdejmowania r\u0119kawic (wersja opcjonalna).<\/p>\n<\/li>\n<li class=\"\" data-start=\"3405\" data-end=\"3500\">\n<p class=\"\" data-start=\"3407\" data-end=\"3500\"><strong data-start=\"3407\" data-end=\"3439\">Profesjonalna jako\u015b\u0107 wy\u015bcigowa:<\/strong> Zaufany przez kierowc\u00f3w wy\u015bcigowych, cruiser\u00f3w i motocyklist\u00f3w na ca\u0142ym \u015bwiecie.<\/p>\n<\/li>\n<\/ul>","protected":false},"excerpt":{"rendered":"<p class=\"\" data-start=\"2462\" data-end=\"2481\"><strong data-start=\"2462\" data-end=\"2479\">Kluczowe cechy:<\/strong><\/p>\n<ul data-start=\"2482\" data-end=\"3500\">\n<li class=\"\" data-start=\"2482\" data-end=\"2587\">\n<p class=\"\" data-start=\"2484\" data-end=\"2587\"><strong data-start=\"2484\" data-end=\"2515\">Wysokiej jako\u015bci sk\u00f3ra licowa:<\/strong> Mi\u0119kka, ale wytrzyma\u0142a konstrukcja zapewnia maksymaln\u0105 ochron\u0119 i elastyczno\u015b\u0107.<\/p>\n<\/li>\n<li class=\"\" data-start=\"2588\" data-end=\"2685\">\n<p class=\"\" data-start=\"2590\" data-end=\"2685\"><strong data-start=\"2590\" data-end=\"2613\">Pancerz z w\u0142\u00f3kna w\u0119glowego:<\/strong> Wzmocnione kostki i os\u0142ony palc\u00f3w zapewniaj\u0105 doskona\u0142\u0105 odporno\u015b\u0107 na uderzenia.<\/p>\n<\/li>\n<li class=\"\" data-start=\"2686\" data-end=\"2795\">\n<p class=\"\" data-start=\"2688\" data-end=\"2795\"><strong data-start=\"2688\" data-end=\"2722\">Zaawansowana technologia Palm Grip:<\/strong> Antypo\u015blizgowa, wy\u015bcie\u0142ana konstrukcja d\u0142oni zapewnia lepsz\u0105 kontrol\u0119 i redukuje wibracje.<\/p>\n<\/li>\n<li class=\"\" data-start=\"2796\" data-end=\"2895\">\n<p class=\"\" data-start=\"2798\" data-end=\"2895\"><strong data-start=\"2798\" data-end=\"2832\">Oddychaj\u0105ce panele wentylacyjne:<\/strong> Zapewniaj\u0105 sucho\u015b\u0107 i wygod\u0119 d\u0142oni podczas letnich i d\u0142ugich przeja\u017cd\u017cek.<\/p>\n<\/li>\n<li class=\"\" data-start=\"2896\" data-end=\"2997\">\n<p class=\"\" data-start=\"2898\" data-end=\"2997\"><strong data-start=\"2898\" data-end=\"2916\">Ergonomiczne dopasowanie:<\/strong> Naturalny kszta\u0142t krzywizny zmniejsza zm\u0119czenie d\u0142oni i zapewnia lepsz\u0105 manewrowo\u015b\u0107.<\/p>\n<\/li>\n<li class=\"\" data-start=\"2998\" data-end=\"3093\">\n<p class=\"\" data-start=\"3000\" data-end=\"3093\"><strong data-start=\"3000\" data-end=\"3029\">Regulowane zapi\u0119cie na nadgarstek:<\/strong> Zapewnia bezpieczne, spersonalizowane dopasowanie do r\u00f3\u017cnych rozmiar\u00f3w nadgarstk\u00f3w.<\/p>\n<\/li>\n<\/ul>","protected":false},"featured_media":9020,"comment_status":"closed","ping_status":"closed","template":"","meta":[],"product_brand":[35],"product_cat":[1111,122],"product_tag":[124,123],"class_list":{"0":"post-8964","1":"product","2":"type-product","3":"status-publish","4":"has-post-thumbnail","6":"product_brand-ryinz","7":"product_cat-motorbike","8":"product_cat-motorbike-racing-gloves","9":"product_tag-motorbike-racing-gloves","10":"product_tag-racing-gloves","12":"first","13":"instock","14":"taxable","15":"shipping-taxable","16":"purchasable","17":"product-type-simple"},"_links":{"self":[{"href":"https:\/\/ryinz.cz\/velkoobchod\/pl\/wp-json\/wp\/v2\/product\/8964","targetHints":{"allow":["GET"]}}],"collection":[{"href":"https:\/\/ryinz.cz\/velkoobchod\/pl\/wp-json\/wp\/v2\/product"}],"about":[{"href":"https:\/\/ryinz.cz\/velkoobchod\/pl\/wp-json\/wp\/v2\/types\/product"}],"replies":[{"embeddable":true,"href":"https:\/\/ryinz.cz\/velkoobchod\/pl\/wp-json\/wp\/v2\/comments?post=8964"}],"wp:featuredmedia":[{"embeddable":true,"href":"https:\/\/ryinz.cz\/velkoobchod\/pl\/wp-json\/wp\/v2\/media\/9020"}],"wp:attachment":[{"href":"https:\/\/ryinz.cz\/velkoobchod\/pl\/wp-json\/wp\/v2\/media?parent=8964"}],"wp:term":[{"taxonomy":"product_brand","embeddable":true,"href":"https:\/\/ryinz.cz\/velkoobchod\/pl\/wp-json\/wp\/v2\/product_brand?post=8964"},{"taxonomy":"product_cat","embeddable":true,"href":"https:\/\/ryinz.cz\/velkoobchod\/pl\/wp-json\/wp\/v2\/product_cat?post=8964"},{"taxonomy":"product_tag","embeddable":true,"href":"https:\/\/ryinz.cz\/velkoobchod\/pl\/wp-json\/wp\/v2\/product_tag?post=8964"}],"curies":[{"name":"wp","href":"https:\/\/api.w.org\/{rel}","templated":true}]}}