{"id":8963,"date":"2025-08-26T11:48:32","date_gmt":"2025-08-26T11:48:32","guid":{"rendered":"https:\/\/ryinz.cz\/velkoobchod\/?post_type=product&#038;p=8963"},"modified":"2026-01-18T20:17:06","modified_gmt":"2026-01-18T20:17:06","slug":"ryinz-rekawice-motocyklowe-wyscigowe-producent-odziezy-ochronnej-na-motocykl-hurtownia","status":"publish","type":"product","link":"https:\/\/ryinz.cz\/velkoobchod\/pl\/product\/ryinz-motorcycle-racing-gloves-motorbike-protective-gear-manufacturer-wholesale\/","title":{"rendered":"R\u0119kawice motocyklowe RYINZ | Motocyklowy sprz\u0119t ochronny | Producent i sprzeda\u017c hurtowa"},"content":{"rendered":"<p class=\"\" data-start=\"274\" data-end=\"737\">Do\u015bwiadcz najwy\u017cszej ochrony i wydajno\u015bci dzi\u0119ki <strong data-start=\"330\" data-end=\"364\">R\u0119kawice motocyklowe RYINZ<\/strong>, Skrupulatnie wykonane r\u0119kawice dla profesjonalnych kierowc\u00f3w, zawodnik\u00f3w ulicznych i motocyklist\u00f3w. Zaprojektowane z my\u015bl\u0105 o szybkiej je\u017adzie i intensywnych warunkach wy\u015bcigowych, r\u0119kawice te zapewniaj\u0105 niezr\u00f3wnan\u0105 trwa\u0142o\u015b\u0107, ochron\u0119, wygod\u0119 i styl. Niezale\u017cnie od tego, czy jeste\u015b codziennym motocyklist\u0105 doje\u017cd\u017caj\u0105cym do pracy, czy entuzjast\u0105 jazdy na torze, r\u0119kawice <strong data-start=\"671\" data-end=\"694\">R\u0119kawice wy\u015bcigowe RYINZ<\/strong> s\u0105 najlepszym partnerem w podr\u00f3\u017cy.<\/p>\n<p class=\"\" data-start=\"739\" data-end=\"1178\">R\u0119kawice te s\u0105 wykonane z wysokiej jako\u015bci sk\u00f3ry syntetycznej i materia\u0142\u00f3w odpornych na \u015bcieranie, aby wytrzyma\u0107 uderzenia, po\u015blizgni\u0119cia i po\u015blizgni\u0119cia. Twardy pancerz kostek, wzmocniona wy\u015bci\u00f3\u0142ka d\u0142oni i elastyczna ochrona palc\u00f3w zapewniaj\u0105 pe\u0142ne bezpiecze\u0144stwo bez uszczerbku dla elastyczno\u015bci. Strategicznie rozmieszczona ochrona z w\u0142\u00f3kna w\u0119glowego zwi\u0119ksza wytrzyma\u0142o\u015b\u0107 w krytycznych punktach, zapewniaj\u0105c d\u0142oniom zaawansowan\u0105 ochron\u0119 przed zderzeniami i uderzeniami przy du\u017cych pr\u0119dko\u015bciach.<\/p>\n<p class=\"\" data-start=\"1180\" data-end=\"1567\">Ergonomicznie zaprojektowane, wst\u0119pnie zakrzywione palce zapewniaj\u0105 naturalny chwyt kierownicy, promuj\u0105c lepsz\u0105 kontrol\u0119 i zmniejszaj\u0105c zm\u0119czenie podczas d\u0142ugich przeja\u017cd\u017cek. Oddychaj\u0105ce panele z siateczki s\u0105 inteligentnie rozmieszczone, aby poprawi\u0107 przep\u0142yw powietrza, utrzymuj\u0105c d\u0142onie w ch\u0142odzie i bez potu nawet podczas gor\u0105cych letnich przeja\u017cd\u017cek. Regulowane zapi\u0119cie na nadgarstku zapewnia dok\u0142adne dopasowanie i sprawia, \u017ce zak\u0142adanie i zdejmowanie r\u0119kawic nie wymaga wysi\u0142ku.<\/p>\n<p class=\"\" data-start=\"1569\" data-end=\"1908\">Zaprojektowany, aby zaspokoi\u0107 potrzeby najbardziej wymagaj\u0105cych rowerzyst\u00f3w, <strong data-start=\"1626\" data-end=\"1652\">R\u0119kawice motocyklowe RYINZ<\/strong> zosta\u0142y przetestowane pod k\u0105tem warunk\u00f3w wy\u015bcigowych, oferuj\u0105c optymaln\u0105 wydajno\u015b\u0107 podczas agresywnej jazdy, dojazd\u00f3w do pracy w mie\u015bcie, wycieczek turystycznych i przyg\u00f3d w terenie. Od zwyk\u0142ej jazdy po wy\u015bcigi, r\u0119kawice te podnosz\u0105 jako\u015b\u0107 jazdy dzi\u0119ki profesjonalnej jako\u015bci.<\/p>\n<p class=\"\" data-start=\"1910\" data-end=\"2219\">The <strong data-start=\"1914\" data-end=\"1957\">Stylowy dwukolorowy czarno-br\u0105zowy design<\/strong> sprawia, \u017ce te r\u0119kawice to nie tylko sprz\u0119t ochronny, ale tak\u017ce moda dla motocyklist\u00f3w, kt\u00f3rzy nie uznaj\u0105 kompromis\u00f3w w kwestii wygl\u0105du. Wzmocnione szwy zapewniaj\u0105, \u017ce ka\u017cda para wytrzyma lata intensywnego u\u017cytkowania, od codziennych dojazd\u00f3w do pracy po trudny teren i wymagaj\u0105ce tory.<\/p>\n<p class=\"\" data-start=\"2221\" data-end=\"2499\"><strong data-start=\"2221\" data-end=\"2248\">R\u0119kawice motocyklowe RYINZ<\/strong> ciesz\u0105 si\u0119 zaufaniem zawodnik\u00f3w motocyklowych, w\u0142a\u015bcicieli superbike'\u00f3w, motocyklist\u00f3w turystycznych, motocyklist\u00f3w terenowych i profesjonalist\u00f3w kaskaderskich na ca\u0142ym \u015bwiecie. Niezale\u017cnie od tego, czy je\u017adzisz cruiserem, motocyklem sportowym czy motocyklem turystycznym, RYINZ gwarantuje najwy\u017cszy komfort, dopasowanie, przyczepno\u015b\u0107 i bezpiecze\u0144stwo.<\/p>\n<p class=\"\" data-start=\"2501\" data-end=\"2518\"><strong data-start=\"2501\" data-end=\"2518\">Kluczowe cechy:<\/strong><\/p>\n<ul data-start=\"2519\" data-end=\"4057\">\n<li class=\"\" data-start=\"2519\" data-end=\"2632\">\n<p class=\"\" data-start=\"2521\" data-end=\"2632\"><strong data-start=\"2521\" data-end=\"2544\">Ochrona Premium:<\/strong> Twardy pancerz kostek i wzmocnione os\u0142ony palc\u00f3w chroni\u0105 przed uderzeniami i otarciami.<\/p>\n<\/li>\n<li class=\"\" data-start=\"2633\" data-end=\"2743\">\n<p class=\"\" data-start=\"2635\" data-end=\"2743\"><strong data-start=\"2635\" data-end=\"2653\">Zaawansowany uchwyt:<\/strong> Antypo\u015blizgowe nak\u0142adki na d\u0142onie i ergonomiczna konstrukcja palc\u00f3w zapewniaj\u0105 doskona\u0142\u0105 kontrol\u0119 na kierownicy.<\/p>\n<\/li>\n<li class=\"\" data-start=\"2744\" data-end=\"2860\">\n<p class=\"\" data-start=\"2746\" data-end=\"2860\"><strong data-start=\"2746\" data-end=\"2769\">Materia\u0142y najwy\u017cszej jako\u015bci:<\/strong> Wykonane z wysokiej jako\u015bci, odpornej na \u015bcieranie sk\u00f3ry syntetycznej i oddychaj\u0105cej siateczki.<\/p>\n<\/li>\n<li class=\"\" data-start=\"2861\" data-end=\"2958\">\n<p class=\"\" data-start=\"2863\" data-end=\"2958\"><strong data-start=\"2863\" data-end=\"2881\">Komfort kierowcy:<\/strong> Wst\u0119pnie zakrzywiona konstrukcja zmniejsza zm\u0119czenie d\u0142oni i zapewnia naturaln\u0105 postaw\u0119 podczas jazdy.<\/p>\n<\/li>\n<li class=\"\" data-start=\"2959\" data-end=\"3057\">\n<p class=\"\" data-start=\"2961\" data-end=\"3057\"><strong data-start=\"2961\" data-end=\"2977\">Idealne dopasowanie:<\/strong> Regulowane paski na nadgarstki z zapi\u0119ciem na rzep zapewniaj\u0105 bezpieczne, indywidualne dopasowanie.<\/p>\n<\/li>\n<li class=\"\" data-start=\"3058\" data-end=\"3163\">\n<p class=\"\" data-start=\"3060\" data-end=\"3163\"><strong data-start=\"3060\" data-end=\"3087\">Oddychaj\u0105ca wentylacja:<\/strong> Strategicznie rozmieszczone panele z siateczki zwi\u0119kszaj\u0105 przep\u0142yw powietrza, idealne na letnie przeja\u017cd\u017cki.<\/p>\n<\/li>\n<li class=\"\" data-start=\"3164\" data-end=\"3249\">\n<p class=\"\" data-start=\"3166\" data-end=\"3249\"><strong data-start=\"3166\" data-end=\"3183\">Stylowy wygl\u0105d:<\/strong> Unikalne po\u0142\u0105czenie czerni i br\u0105zu z nowoczesn\u0105 estetyk\u0105 wy\u015bcigow\u0105.<\/p>\n<\/li>\n<li class=\"\" data-start=\"3250\" data-end=\"3355\">\n<p class=\"\" data-start=\"3252\" data-end=\"3355\"><strong data-start=\"3252\" data-end=\"3272\">Wszechstronne zastosowanie:<\/strong> Idealny do jazdy miejskiej, jazdy po autostradzie, profesjonalnych wy\u015bcig\u00f3w i jazdy terenowej.<\/p>\n<\/li>\n<li class=\"\" data-start=\"3356\" data-end=\"3451\">\n<p class=\"\" data-start=\"3358\" data-end=\"3451\"><strong data-start=\"3358\" data-end=\"3373\">Trwa\u0142o\u015b\u0107:<\/strong> Wzmocnione szwy i strefy uderzeniowe zapewniaj\u0105 d\u0142u\u017csz\u0105 \u017cywotno\u015b\u0107 nawet przy intensywnym u\u017cytkowaniu.<\/p>\n<\/li>\n<li class=\"\" data-start=\"3452\" data-end=\"3574\">\n<p class=\"\" data-start=\"3454\" data-end=\"3574\"><strong data-start=\"3454\" data-end=\"3477\">Odporno\u015b\u0107 na warunki atmosferyczne:<\/strong> Zaprojektowane z my\u015bl\u0105 o pracy w r\u00f3\u017cnych warunkach pogodowych, zapewniaj\u0105c ochron\u0119 d\u0142oni i wygod\u0119.<\/p>\n<\/li>\n<li class=\"\" data-start=\"3575\" data-end=\"3694\">\n<p class=\"\" data-start=\"3577\" data-end=\"3694\"><strong data-start=\"3577\" data-end=\"3608\">Kompatybilno\u015b\u0107 z ekranami dotykowymi:<\/strong> Specjalne ko\u0144c\u00f3wki palc\u00f3w umo\u017cliwiaj\u0105 korzystanie ze smartfon\u00f3w i urz\u0105dze\u0144 GPS bez zdejmowania r\u0119kawic.<\/p>\n<\/li>\n<li class=\"\" data-start=\"3695\" data-end=\"3806\">\n<p class=\"\" data-start=\"3697\" data-end=\"3806\"><strong data-start=\"3697\" data-end=\"3728\">Producent i sprzeda\u017c hurtowa:<\/strong> Dostawy hurtowe dost\u0119pne dla sprzedawc\u00f3w, zespo\u0142\u00f3w wy\u015bcigowych i sklep\u00f3w ze sprz\u0119tem motocyklowym.<\/p>\n<\/li>\n<li class=\"\" data-start=\"3807\" data-end=\"3893\">\n<p class=\"\" data-start=\"3809\" data-end=\"3893\"><strong data-start=\"3809\" data-end=\"3829\">Dost\u0119pne rozmiary:<\/strong> R\u00f3\u017cne rozmiary (S, M, L, XL, XXL) pasuj\u0105ce do wszystkich typ\u00f3w d\u0142oni.<\/p>\n<\/li>\n<li class=\"\" data-start=\"3894\" data-end=\"3974\">\n<p class=\"\" data-start=\"3896\" data-end=\"3974\"><strong data-start=\"3896\" data-end=\"3913\">Testowany przez kierowc\u0119:<\/strong> Zaufany przez profesjonalnych i amatorskich zawodnik\u00f3w na ca\u0142ym \u015bwiecie.<\/p>\n<\/li>\n<li class=\"\" data-start=\"3975\" data-end=\"4057\">\n<p class=\"\" data-start=\"3977\" data-end=\"4057\"><strong data-start=\"3977\" data-end=\"3999\">Oficjalny branding:<\/strong> Oficjalne logo RYINZ zapewnia oryginalno\u015b\u0107 i autentyczno\u015b\u0107.<\/p>\n<\/li>\n<\/ul>\n<p class=\"\" data-start=\"4059\" data-end=\"4227\"><strong data-start=\"4059\" data-end=\"4073\">Przypadki u\u017cycia:<\/strong><br data-start=\"4073\" data-end=\"4076\" \/>Wy\u015bcigi motocyklowe, superbike touring, jazda motocrossowa, adventure biking, rajdy terenowe, dojazdy motocyklem do pracy w mie\u015bcie, przeja\u017cd\u017cki skuterem i sporty ekstremalne.<\/p>\n<p class=\"\" data-start=\"4229\" data-end=\"4386\"><strong data-start=\"4229\" data-end=\"4251\">Instrukcje dotycz\u0105ce piel\u0119gnacji:<\/strong><br data-start=\"4251\" data-end=\"4254\" \/>Pra\u0107 r\u0119cznie tylko przy u\u017cyciu \u0142agodnego myd\u0142a. Suszy\u0107 w spos\u00f3b naturalny. Unikaj bezpo\u015bredniej ekspozycji na \u015bwiat\u0142o s\u0142oneczne przez d\u0142u\u017cszy czas, aby zachowa\u0107 integralno\u015b\u0107 materia\u0142u.<\/p>\n<p class=\"\" data-start=\"4388\" data-end=\"4656\"><strong data-start=\"4388\" data-end=\"4404\">O RYINZ:<\/strong><br data-start=\"4404\" data-end=\"4407\" \/>RYINZ to zaufana marka zajmuj\u0105ca si\u0119 produkcj\u0105 i hurtow\u0105 dostaw\u0105 najwy\u017cszej jako\u015bci r\u0119kawic motocyklowych i sprz\u0119tu ochronnego dla motocyklist\u00f3w. Nasza pasja do wydajno\u015bci, ochrony i innowacji nap\u0119dza nas do dostarczania \u015bwiatowej klasy produkt\u00f3w dla motocyklist\u00f3w na ca\u0142ym \u015bwiecie.<\/p>","protected":false},"excerpt":{"rendered":"<p class=\"\" data-start=\"2501\" data-end=\"2518\"><strong data-start=\"2501\" data-end=\"2518\">Kluczowe cechy:<\/strong><\/p>\n<ul data-start=\"2519\" data-end=\"4057\">\n<li class=\"\" data-start=\"2519\" data-end=\"2632\">\n<p class=\"\" data-start=\"2521\" data-end=\"2632\"><strong data-start=\"2521\" data-end=\"2544\">Ochrona Premium:<\/strong> Twardy pancerz kostek i wzmocnione os\u0142ony palc\u00f3w chroni\u0105 przed uderzeniami i otarciami.<\/p>\n<\/li>\n<li class=\"\" data-start=\"2633\" data-end=\"2743\">\n<p class=\"\" data-start=\"2635\" data-end=\"2743\"><strong data-start=\"2635\" data-end=\"2653\">Zaawansowany uchwyt:<\/strong> Antypo\u015blizgowe nak\u0142adki na d\u0142onie i ergonomiczna konstrukcja palc\u00f3w zapewniaj\u0105 doskona\u0142\u0105 kontrol\u0119 na kierownicy.<\/p>\n<\/li>\n<li class=\"\" data-start=\"2744\" data-end=\"2860\">\n<p class=\"\" data-start=\"2746\" data-end=\"2860\"><strong data-start=\"2746\" data-end=\"2769\">Materia\u0142y najwy\u017cszej jako\u015bci:<\/strong> Wykonane z wysokiej jako\u015bci, odpornej na \u015bcieranie sk\u00f3ry syntetycznej i oddychaj\u0105cej siateczki.<\/p>\n<\/li>\n<li class=\"\" data-start=\"2861\" data-end=\"2958\">\n<p class=\"\" data-start=\"2863\" data-end=\"2958\"><strong data-start=\"2863\" data-end=\"2881\">Komfort kierowcy:<\/strong> Wst\u0119pnie zakrzywiona konstrukcja zmniejsza zm\u0119czenie d\u0142oni i zapewnia naturaln\u0105 postaw\u0119 podczas jazdy.<\/p>\n<\/li>\n<li class=\"\" data-start=\"2959\" data-end=\"3057\">\n<p class=\"\" data-start=\"2961\" data-end=\"3057\"><strong data-start=\"2961\" data-end=\"2977\">Idealne dopasowanie:<\/strong> Regulowane paski na nadgarstki z zapi\u0119ciem na rzep zapewniaj\u0105 bezpieczne, indywidualne dopasowanie.<\/p>\n<\/li>\n<\/ul>","protected":false},"featured_media":9019,"comment_status":"closed","ping_status":"closed","template":"","meta":[],"product_brand":[35],"product_cat":[1111,122],"product_tag":[121,123],"class_list":{"0":"post-8963","1":"product","2":"type-product","3":"status-publish","4":"has-post-thumbnail","6":"product_brand-ryinz","7":"product_cat-motorbike","8":"product_cat-motorbike-racing-gloves","9":"product_tag-motorbike-gloves","10":"product_tag-racing-gloves","12":"first","13":"instock","14":"taxable","15":"shipping-taxable","16":"purchasable","17":"product-type-simple"},"_links":{"self":[{"href":"https:\/\/ryinz.cz\/velkoobchod\/pl\/wp-json\/wp\/v2\/product\/8963","targetHints":{"allow":["GET"]}}],"collection":[{"href":"https:\/\/ryinz.cz\/velkoobchod\/pl\/wp-json\/wp\/v2\/product"}],"about":[{"href":"https:\/\/ryinz.cz\/velkoobchod\/pl\/wp-json\/wp\/v2\/types\/product"}],"replies":[{"embeddable":true,"href":"https:\/\/ryinz.cz\/velkoobchod\/pl\/wp-json\/wp\/v2\/comments?post=8963"}],"wp:featuredmedia":[{"embeddable":true,"href":"https:\/\/ryinz.cz\/velkoobchod\/pl\/wp-json\/wp\/v2\/media\/9019"}],"wp:attachment":[{"href":"https:\/\/ryinz.cz\/velkoobchod\/pl\/wp-json\/wp\/v2\/media?parent=8963"}],"wp:term":[{"taxonomy":"product_brand","embeddable":true,"href":"https:\/\/ryinz.cz\/velkoobchod\/pl\/wp-json\/wp\/v2\/product_brand?post=8963"},{"taxonomy":"product_cat","embeddable":true,"href":"https:\/\/ryinz.cz\/velkoobchod\/pl\/wp-json\/wp\/v2\/product_cat?post=8963"},{"taxonomy":"product_tag","embeddable":true,"href":"https:\/\/ryinz.cz\/velkoobchod\/pl\/wp-json\/wp\/v2\/product_tag?post=8963"}],"curies":[{"name":"wp","href":"https:\/\/api.w.org\/{rel}","templated":true}]}}