{"id":8961,"date":"2025-06-22T15:23:28","date_gmt":"2025-06-22T15:23:28","guid":{"rendered":"https:\/\/ryinz.cz\/velkoobchod\/?post_type=product&#038;p=8961"},"modified":"2026-01-18T20:17:04","modified_gmt":"2026-01-18T20:17:04","slug":"taktyczne-rekawice-strzeleckie-ryinz-dla-policji-wojskowej-profesjonalny-producent-hurtowy-dostawca","status":"publish","type":"product","link":"https:\/\/ryinz.cz\/velkoobchod\/pl\/product\/ryinz-tactical-combat-shooting-gloves-for-military-police-law-enforcement-professional-manufacturer-wholesale-supplier\/","title":{"rendered":"Taktyczne r\u0119kawice strzeleckie Ryinz dla wojska, policji, organ\u00f3w \u015bcigania | Profesjonalny producent i dostawca hurtowy"},"content":{"rendered":"<p class=\"\" data-start=\"419\" data-end=\"848\">Odkryj najlepsze po\u0142\u0105czenie ochrony, precyzji i trwa\u0142o\u015bci dzi\u0119ki <strong data-start=\"497\" data-end=\"538\">Taktyczne r\u0119kawice strzeleckie Ryinz<\/strong>, Specjalnie zaprojektowane dla si\u0142 wojskowych, funkcjonariuszy policji, organ\u00f3w \u015bcigania, pracownik\u00f3w ochrony i entuzjast\u00f3w sport\u00f3w strzeleckich. Jako profesjonalny producent i hurtowy dostawca r\u0119kawic taktycznych w Europie, USA i Azji, <strong data-start=\"782\" data-end=\"791\">Ryinz<\/strong> zapewnia, \u017ce ka\u017cda para spe\u0142nia najwy\u017csze standardy bran\u017cowe.<\/p>\n<p class=\"\" data-start=\"850\" data-end=\"1187\">Wykonane z <strong data-start=\"860\" data-end=\"920\">Wysokiej jako\u015bci sk\u00f3ra syntetyczna i elastyczne materia\u0142y rozci\u0105gliwe<\/strong>, Te r\u0119kawice taktyczne zapewniaj\u0105 niezr\u00f3wnany komfort bez po\u015bwi\u0119cania ochrony. Zaprojektowane z my\u015bl\u0105 o wydajno\u015bci w ekstremalnych warunkach, taktyczne r\u0119kawice bojowe Ryinz s\u0105 idealne do treningu wojskowego, operacji policyjnych, obs\u0142ugi broni palnej i sesji na strzelnicy.<\/p>\n<p class=\"\" data-start=\"1189\" data-end=\"1446\">The <strong data-start=\"1193\" data-end=\"1231\">ergonomiczna, wst\u0119pnie zakrzywiona konstrukcja palc\u00f3w<\/strong> zapewnia naturalne u\u0142o\u017cenie d\u0142oni, zmniejszaj\u0105c zm\u0119czenie podczas d\u0142ugotrwa\u0142ego u\u017cytkowania. Wzmocnione uchwyty d\u0142oni zwi\u0119kszaj\u0105 kontrol\u0119 nad broni\u0105, minimalizuj\u0105 po\u015blizg i zapewniaj\u0105 absorpcj\u0119 wstrz\u0105s\u00f3w - co ma kluczowe znaczenie podczas misji taktycznych w warunkach wysokiego stresu.<\/p>\n<p class=\"\" data-start=\"1448\" data-end=\"1831\">R\u0119kawice te, stworzone do pracy w trudnych warunkach, posiadaj\u0105 nast\u0119puj\u0105ce cechy <strong data-start=\"1504\" data-end=\"1533\">Panele odporne na \u015bcieranie<\/strong>, wzmocnione szwy i <strong data-start=\"1563\" data-end=\"1612\">kompatybilny z ekranem dotykowym kciuk i palec wskazuj\u0105cy<\/strong>, umo\u017cliwiaj\u0105c u\u017cytkownikom obs\u0142ug\u0119 inteligentnych urz\u0105dze\u0144 bez zdejmowania r\u0119kawic. Niezale\u017cnie od tego, czy chodzi o rajdy wysokiego ryzyka, \u0107wiczenia taktyczne, czy codzienne patrole, r\u0119kawice Ryinz oferuj\u0105 wytrzyma\u0142o\u015b\u0107 i wszechstronno\u015b\u0107 potrzebn\u0105 do rzeczywistej wydajno\u015bci.<\/p>\n<p class=\"\" data-start=\"1833\" data-end=\"2087\">Regulowane zapi\u0119cie na rzep na nadgarstku gwarantuje dok\u0142adne dopasowanie, chroni\u0105c przed zanieczyszczeniami i wilgoci\u0105, jednocze\u015bnie umo\u017cliwiaj\u0105c szybkie zak\u0142adanie i zdejmowanie. Oddychaj\u0105ce wstawki z siateczki utrzymuj\u0105 cyrkulacj\u0119 powietrza, aby d\u0142onie by\u0142y suche i wygodne nawet podczas intensywnych aktywno\u015bci.<\/p>\n<p class=\"\" data-start=\"2089\" data-end=\"2465\"><strong data-start=\"2089\" data-end=\"2098\">Ryinz<\/strong> oferuje pe\u0142n\u0105 personalizacj\u0119 dla zam\u00f3wie\u0144 OEM, w tym us\u0142ugi marki w\u0142asnej, niestandardowe hafty logo i ekskluzywne projekty dostosowane do departament\u00f3w policji, jednostek wojskowych, klub\u00f3w strzeleckich i firm ochroniarskich. Dzi\u0119ki zaanga\u017cowaniu w jako\u015b\u0107 i innowacyjno\u015b\u0107, Ryinz jest zaufanym partnerem dla nabywc\u00f3w sprz\u0119tu taktycznego, dystrybutor\u00f3w i sprzedawc\u00f3w detalicznych w ca\u0142ej Europie i USA.<\/p>\n<p class=\"\" data-start=\"2467\" data-end=\"2479\">Idealny dla:<\/p>\n<ul data-start=\"2480\" data-end=\"2822\">\n<li class=\"\" data-start=\"2480\" data-end=\"2503\">\n<p class=\"\" data-start=\"2482\" data-end=\"2503\">Policyjne zespo\u0142y taktyczne<\/p>\n<\/li>\n<li class=\"\" data-start=\"2504\" data-end=\"2526\">\n<p class=\"\" data-start=\"2506\" data-end=\"2526\">Wojskowe jednostki polowe<\/p>\n<\/li>\n<li class=\"\" data-start=\"2527\" data-end=\"2554\">\n<p class=\"\" data-start=\"2529\" data-end=\"2554\">Si\u0142y operacji specjalnych<\/p>\n<\/li>\n<li class=\"\" data-start=\"2555\" data-end=\"2588\">\n<p class=\"\" data-start=\"2557\" data-end=\"2588\">Strzelcy taktyczni i sportowcy<\/p>\n<\/li>\n<li class=\"\" data-start=\"2589\" data-end=\"2632\">\n<p class=\"\" data-start=\"2591\" data-end=\"2632\">Entuzja\u015bci polowa\u0144 i przyg\u00f3d na \u015bwie\u017cym powietrzu<\/p>\n<\/li>\n<li class=\"\" data-start=\"2633\" data-end=\"2684\">\n<p class=\"\" data-start=\"2635\" data-end=\"2684\">Gracze airsoftowi, paintballowi i symulator\u00f3w walki<\/p>\n<\/li>\n<li class=\"\" data-start=\"2685\" data-end=\"2713\">\n<p class=\"\" data-start=\"2687\" data-end=\"2713\">Prywatne firmy ochroniarskie<\/p>\n<\/li>\n<li class=\"\" data-start=\"2714\" data-end=\"2748\">\n<p class=\"\" data-start=\"2716\" data-end=\"2748\">Sta\u017cy\u015bci akademii organ\u00f3w \u015bcigania<\/p>\n<\/li>\n<li class=\"\" data-start=\"2749\" data-end=\"2784\">\n<p class=\"\" data-start=\"2751\" data-end=\"2784\">Wykonawcy i dostawcy z bran\u017cy obronnej<\/p>\n<\/li>\n<li class=\"\" data-start=\"2785\" data-end=\"2822\">\n<p class=\"\" data-start=\"2787\" data-end=\"2822\">Sprzedawcy sprz\u0119tu outdoorowego i survivalowego<\/p>\n<\/li>\n<\/ul>\n<p class=\"\" data-start=\"2824\" data-end=\"2843\">\u2705 <strong data-start=\"2826\" data-end=\"2843\">Kluczowe cechy:<\/strong><\/p>\n<ul data-start=\"2844\" data-end=\"3597\">\n<li class=\"\" data-start=\"2844\" data-end=\"2889\">\n<p class=\"\" data-start=\"2846\" data-end=\"2889\">Profesjonalne taktyczne r\u0119kawice strzeleckie<\/p>\n<\/li>\n<li class=\"\" data-start=\"2890\" data-end=\"2953\">\n<p class=\"\" data-start=\"2892\" data-end=\"2953\">Wykonane z wysokiej jako\u015bci sk\u00f3ry syntetycznej i elastycznego materia\u0142u<\/p>\n<\/li>\n<li class=\"\" data-start=\"2954\" data-end=\"3010\">\n<p class=\"\" data-start=\"2956\" data-end=\"3010\">Wzmocniona d\u0142o\u0144 z doskona\u0142\u0105 przyczepno\u015bci\u0105 do przenoszenia broni<\/p>\n<\/li>\n<li class=\"\" data-start=\"3011\" data-end=\"3068\">\n<p class=\"\" data-start=\"3013\" data-end=\"3068\">Ko\u0144c\u00f3wki palc\u00f3w kompatybilne z ekranem dotykowym dla urz\u0105dze\u0144 mobilnych<\/p>\n<\/li>\n<li class=\"\" data-start=\"3069\" data-end=\"3114\">\n<p class=\"\" data-start=\"3071\" data-end=\"3114\">Oddychaj\u0105ce panele siatkowe dla kontroli wilgoci<\/p>\n<\/li>\n<li class=\"\" data-start=\"3115\" data-end=\"3157\">\n<p class=\"\" data-start=\"3117\" data-end=\"3157\">Ergonomiczna, wst\u0119pnie zakrzywiona konstrukcja palc\u00f3w<\/p>\n<\/li>\n<li class=\"\" data-start=\"3158\" data-end=\"3205\">\n<p class=\"\" data-start=\"3160\" data-end=\"3205\">Pasek na nadgarstek z rzepem dla bezpiecznego, regulowanego dopasowania<\/p>\n<\/li>\n<li class=\"\" data-start=\"3206\" data-end=\"3250\">\n<p class=\"\" data-start=\"3208\" data-end=\"3250\">Lekki, ale wytrzyma\u0142y dla d\u0142ugotrwa\u0142ego noszenia<\/p>\n<\/li>\n<li class=\"\" data-start=\"3251\" data-end=\"3289\">\n<p class=\"\" data-start=\"3253\" data-end=\"3289\">Konstrukcja odporna na \u015bcieranie i uderzenia<\/p>\n<\/li>\n<li class=\"\" data-start=\"3290\" data-end=\"3325\">\n<p class=\"\" data-start=\"3292\" data-end=\"3325\">\u0141atwa konserwacja i szybkie suszenie<\/p>\n<\/li>\n<li class=\"\" data-start=\"3326\" data-end=\"3369\">\n<p class=\"\" data-start=\"3328\" data-end=\"3369\">Produkcja zgodna ze standardami UE dla \u0142atwego importu<\/p>\n<\/li>\n<li class=\"\" data-start=\"3370\" data-end=\"3435\">\n<p class=\"\" data-start=\"3372\" data-end=\"3435\">Idealny do strzelectwa sportowego, treningu policyjnego, operacji taktycznych<\/p>\n<\/li>\n<li class=\"\" data-start=\"3436\" data-end=\"3485\">\n<p class=\"\" data-start=\"3438\" data-end=\"3485\">Produkcja OEM i niestandardowy branding dost\u0119pne<\/p>\n<\/li>\n<li class=\"\" data-start=\"3486\" data-end=\"3535\">\n<p class=\"\" data-start=\"3488\" data-end=\"3535\">Niezawodny dostawca hurtowych r\u0119kawic taktycznych<\/p>\n<\/li>\n<li class=\"\" data-start=\"3536\" data-end=\"3597\">\n<p class=\"\" data-start=\"3538\" data-end=\"3597\">Idealna r\u00f3wnowaga mi\u0119dzy elastyczno\u015bci\u0105, wytrzyma\u0142o\u015bci\u0105 i oddychalno\u015bci\u0105<\/p>\n<\/li>\n<\/ul>\n<p class=\"\" data-start=\"3599\" data-end=\"3854\">Wybierz <strong data-start=\"3606\" data-end=\"3647\">Taktyczne r\u0119kawice strzeleckie Ryinz<\/strong> i wyposa\u017c si\u0119 w sprz\u0119t, kt\u00f3remu profesjonali\u015bci ufaj\u0105 w terenie. Nasze zaanga\u017cowanie w precyzyjn\u0105 produkcj\u0119, zadowolenie klienta i najwy\u017cszej jako\u015bci materia\u0142y zapewnia, \u017ce ka\u017cda misja zaczyna si\u0119 od pewno\u015bci siebie.<\/p>\n<p class=\"\" data-start=\"3856\" data-end=\"4036\">W Ryinz otwieramy drzwi dla Twojej firmy, oferuj\u0105c wysokiej jako\u015bci, gotowe do dzia\u0142ania r\u0119kawice taktyczne, kt\u00f3re spe\u0142niaj\u0105 rzeczywiste potrzeby u\u017cytkownik\u00f3w wojskowych i organ\u00f3w \u015bcigania na ca\u0142ym \u015bwiecie.<\/p>","protected":false},"excerpt":{"rendered":"<p class=\"\" data-start=\"2824\" data-end=\"2843\">\u2705 <strong data-start=\"2826\" data-end=\"2843\">Kluczowe cechy:<\/strong><\/p>\n<ul data-start=\"2844\" data-end=\"3597\">\n<li class=\"\" data-start=\"2844\" data-end=\"2889\">\n<p class=\"\" data-start=\"2846\" data-end=\"2889\">Profesjonalne taktyczne r\u0119kawice strzeleckie<\/p>\n<\/li>\n<li class=\"\" data-start=\"2890\" data-end=\"2953\">\n<p class=\"\" data-start=\"2892\" data-end=\"2953\">Wykonane z wysokiej jako\u015bci sk\u00f3ry syntetycznej i elastycznego materia\u0142u<\/p>\n<\/li>\n<li class=\"\" data-start=\"2954\" data-end=\"3010\">\n<p class=\"\" data-start=\"2956\" data-end=\"3010\">Wzmocniona d\u0142o\u0144 z doskona\u0142\u0105 przyczepno\u015bci\u0105 do przenoszenia broni<\/p>\n<\/li>\n<li class=\"\" data-start=\"3011\" data-end=\"3068\">\n<p class=\"\" data-start=\"3013\" data-end=\"3068\">Ko\u0144c\u00f3wki palc\u00f3w kompatybilne z ekranem dotykowym dla urz\u0105dze\u0144 mobilnych<\/p>\n<\/li>\n<li class=\"\" data-start=\"3069\" data-end=\"3114\">\n<p class=\"\" data-start=\"3071\" data-end=\"3114\">Oddychaj\u0105ce panele siatkowe dla kontroli wilgoci<\/p>\n<\/li>\n<li class=\"\" data-start=\"3115\" data-end=\"3157\">\n<p class=\"\" data-start=\"3117\" data-end=\"3157\">Ergonomiczna, wst\u0119pnie zakrzywiona konstrukcja palc\u00f3w<\/p>\n<\/li>\n<li class=\"\" data-start=\"3158\" data-end=\"3205\">\n<p class=\"\" data-start=\"3160\" data-end=\"3205\">Pasek na nadgarstek z rzepem dla bezpiecznego, regulowanego dopasowania<\/p>\n<\/li>\n<li class=\"\" data-start=\"3206\" data-end=\"3250\">Produkcja zgodna ze standardami UE dla \u0142atwego importu<\/li>\n<\/ul>","protected":false},"featured_media":8984,"comment_status":"closed","ping_status":"closed","template":"","meta":[],"product_brand":[35],"product_cat":[99,100],"product_tag":[118,104],"class_list":{"0":"post-8961","1":"product","2":"type-product","3":"status-publish","4":"has-post-thumbnail","6":"product_brand-ryinz","7":"product_cat-gloves","8":"product_cat-police-gloves","9":"product_tag-police-gear","10":"product_tag-tactical-police-gloves","12":"first","13":"instock","14":"taxable","15":"shipping-taxable","16":"purchasable","17":"product-type-simple"},"_links":{"self":[{"href":"https:\/\/ryinz.cz\/velkoobchod\/pl\/wp-json\/wp\/v2\/product\/8961","targetHints":{"allow":["GET"]}}],"collection":[{"href":"https:\/\/ryinz.cz\/velkoobchod\/pl\/wp-json\/wp\/v2\/product"}],"about":[{"href":"https:\/\/ryinz.cz\/velkoobchod\/pl\/wp-json\/wp\/v2\/types\/product"}],"replies":[{"embeddable":true,"href":"https:\/\/ryinz.cz\/velkoobchod\/pl\/wp-json\/wp\/v2\/comments?post=8961"}],"wp:featuredmedia":[{"embeddable":true,"href":"https:\/\/ryinz.cz\/velkoobchod\/pl\/wp-json\/wp\/v2\/media\/8984"}],"wp:attachment":[{"href":"https:\/\/ryinz.cz\/velkoobchod\/pl\/wp-json\/wp\/v2\/media?parent=8961"}],"wp:term":[{"taxonomy":"product_brand","embeddable":true,"href":"https:\/\/ryinz.cz\/velkoobchod\/pl\/wp-json\/wp\/v2\/product_brand?post=8961"},{"taxonomy":"product_cat","embeddable":true,"href":"https:\/\/ryinz.cz\/velkoobchod\/pl\/wp-json\/wp\/v2\/product_cat?post=8961"},{"taxonomy":"product_tag","embeddable":true,"href":"https:\/\/ryinz.cz\/velkoobchod\/pl\/wp-json\/wp\/v2\/product_tag?post=8961"}],"curies":[{"name":"wp","href":"https:\/\/api.w.org\/{rel}","templated":true}]}}