{"id":8959,"date":"2025-06-22T15:23:05","date_gmt":"2025-06-22T15:23:05","guid":{"rendered":"https:\/\/ryinz.cz\/velkoobchod\/?post_type=product&#038;p=8959"},"modified":"2026-01-18T20:17:03","modified_gmt":"2026-01-18T20:17:03","slug":"ryinz-profesjonalne-rekawice-taktyczne-dla-policji-wojska-i-strzelectwa-o-wysokiej-zrecznosci-manualnej-producent-dostawca-hurtowy","status":"publish","type":"product","link":"https:\/\/ryinz.cz\/velkoobchod\/pl\/product\/ryinz-professional-tactical-law-enforcement-gloves-for-police-security-military-and-shooting-high-dexterity-duty-gloves-manufacturer-wholesale-supplier\/","title":{"rendered":"Profesjonalne r\u0119kawice taktyczne Ryinz dla policji, ochrony, wojska i strzelectwa - producent i dostawca hurtowy r\u0119kawic o wysokiej sprawno\u015bci manualnej"},"content":{"rendered":"<p class=\"\" data-start=\"404\" data-end=\"825\">Gdy obowi\u0105zki wzywaj\u0105, zaufaj najwy\u017cszej wydajno\u015bci <strong data-start=\"455\" data-end=\"509\">Profesjonalne r\u0119kawice taktyczne dla str\u00f3\u017c\u00f3w prawa Ryinz<\/strong>, zaprojektowany z my\u015bl\u0105 o intensywnych operacjach wykonywanych przez funkcjonariuszy policji, pracownik\u00f3w ochrony, \u017co\u0142nierzy armii, operator\u00f3w taktycznych i profesjonalnych strzelc\u00f3w. Jako dedykowany <strong data-start=\"667\" data-end=\"706\">Producent i dostawca hurtowy<\/strong>, Ryinz oferuje wyj\u0105tkowej jako\u015bci r\u0119kawice taktyczne zaprojektowane tak, aby zapewni\u0107 maksymaln\u0105 zr\u0119czno\u015b\u0107, ochron\u0119 i trwa\u0142o\u015b\u0107.<\/p>\n<p class=\"\" data-start=\"827\" data-end=\"1164\">Te <strong data-start=\"833\" data-end=\"859\">r\u0119kawice dla organ\u00f3w \u015bcigania<\/strong> Charakteryzuj\u0105 si\u0119 inteligentnym po\u0142\u0105czeniem najwy\u017cszej jako\u015bci materia\u0142\u00f3w - prawdziwej sk\u00f3ry na d\u0142onie zapewniaj\u0105cej wyj\u0105tkow\u0105 przyczepno\u015b\u0107, syntetycznych oddychaj\u0105cych materia\u0142\u00f3w na d\u0142onie zapewniaj\u0105cych elastyczno\u015b\u0107 ruch\u00f3w oraz wzmocnionych paneli chroni\u0105cych przed uderzeniami - dzi\u0119ki czemu idealnie nadaj\u0105 si\u0119 do misji taktycznych, patrolowania, aresztowa\u0144, dzia\u0142a\u0144 obronnych i operacji strzeleckich.<\/p>\n<p class=\"\" data-start=\"1166\" data-end=\"1475\">The <strong data-start=\"1170\" data-end=\"1201\">Ergonomicznie wyprofilowane dopasowanie<\/strong> zapewniaj\u0105 niezr\u00f3wnan\u0105 zr\u0119czno\u015b\u0107, zapewniaj\u0105c szybk\u0105 reakcj\u0119 na spust, obs\u0142ug\u0119 sprz\u0119tu i kontrol\u0119 broni. Niezale\u017cnie od tego, czy chodzi o kontrol\u0119 t\u0142umu, trening taktyczny, tajne zadania czy obron\u0119 osobist\u0105, r\u0119kawice taktyczne Ryinz zapewniaj\u0105 uczucie drugiej sk\u00f3ry, zapewniaj\u0105c jednocze\u015bnie przewag\u0119 taktyczn\u0105.<\/p>\n<p class=\"\" data-start=\"1477\" data-end=\"1854\">Strategicznie rozmieszczona wy\u015bci\u00f3\u0142ka na d\u0142oniach i kostkach zapewnia ochron\u0119 przed uderzeniami i otarciami bez uszczerbku dla wra\u017cliwo\u015bci palc\u00f3w. Zaawansowane szwy zapewniaj\u0105 d\u0142ugotrwa\u0142\u0105 wytrzyma\u0142o\u015b\u0107 nawet w trudnych warunkach pracy. Regulowany pasek na nadgarstek z zapi\u0119ciem na rzep zapewnia bezpieczne dopasowanie, u\u0142atwiaj\u0105c szybkie zak\u0142adanie i zdejmowanie r\u0119kawic pod presj\u0105.<\/p>\n<p class=\"\" data-start=\"1856\" data-end=\"2076\">Odprowadzaj\u0105ca wilgo\u0107 podszewka zapewnia sucho\u015b\u0107 i wygod\u0119 podczas d\u0142ugich misji, a lekka, oddychaj\u0105ca konstrukcja zapobiega przegrzaniu - co ma kluczowe znaczenie dla utrzymania maksymalnej wydajno\u015bci w ka\u017cdych warunkach pogodowych.<\/p>\n<p class=\"\" data-start=\"2078\" data-end=\"2341\">Niezale\u017cnie od tego, czy potrzebujesz niezawodnych r\u0119kawic taktycznych dla swojego departamentu egzekwowania prawa, prywatnej agencji ochrony, jednostki wojskowej czy sklepu sportowego, Ryinz oferuje produkcj\u0119 marek w\u0142asnych, us\u0142ugi OEM i opcje hurtowe dostosowane do Twojej marki i wymaga\u0144.<\/p>\n<p class=\"\" data-start=\"2343\" data-end=\"2362\">\u2705 <strong data-start=\"2345\" data-end=\"2362\">Kluczowe cechy:<\/strong><\/p>\n<ul data-start=\"2363\" data-end=\"3292\">\n<li class=\"\" data-start=\"2363\" data-end=\"2448\">\n<p class=\"\" data-start=\"2365\" data-end=\"2448\">R\u0119kawice taktyczne zaprojektowane specjalnie dla policji, wojska i s\u0142u\u017cb bezpiecze\u0144stwa<\/p>\n<\/li>\n<li class=\"\" data-start=\"2449\" data-end=\"2505\">\n<p class=\"\" data-start=\"2451\" data-end=\"2505\">D\u0142onie z prawdziwej sk\u00f3ry dla lepszej przyczepno\u015bci i trwa\u0142o\u015bci<\/p>\n<\/li>\n<li class=\"\" data-start=\"2506\" data-end=\"2560\">\n<p class=\"\" data-start=\"2508\" data-end=\"2560\">Syntetyczny, rozci\u0105gliwy backhand dla elastycznego ruchu<\/p>\n<\/li>\n<li class=\"\" data-start=\"2561\" data-end=\"2608\">\n<p class=\"\" data-start=\"2563\" data-end=\"2608\">Lekka i oddychaj\u0105ca do u\u017cytku przez ca\u0142y rok<\/p>\n<\/li>\n<li class=\"\" data-start=\"2609\" data-end=\"2645\">\n<p class=\"\" data-start=\"2611\" data-end=\"2645\">Wzmocnione strefy ochrony przed uderzeniami<\/p>\n<\/li>\n<li class=\"\" data-start=\"2646\" data-end=\"2703\">\n<p class=\"\" data-start=\"2648\" data-end=\"2703\">Ergonomiczna, wst\u0119pnie zakrzywiona konstrukcja palc\u00f3w dla naturalnego ruchu<\/p>\n<\/li>\n<li class=\"\" data-start=\"2704\" data-end=\"2750\">\n<p class=\"\" data-start=\"2706\" data-end=\"2750\">Regulowany na rzep pasek na nadgarstek zapewnia bezpieczne dopasowanie<\/p>\n<\/li>\n<li class=\"\" data-start=\"2751\" data-end=\"2805\">\n<p class=\"\" data-start=\"2753\" data-end=\"2805\">Wewn\u0119trzna podszewka odprowadzaj\u0105ca wilgo\u0107 zapewnia komfort przez ca\u0142y dzie\u0144<\/p>\n<\/li>\n<li class=\"\" data-start=\"2806\" data-end=\"2857\">\n<p class=\"\" data-start=\"2808\" data-end=\"2857\">Wytrzyma\u0142e szwy zapewniaj\u0105 doskona\u0142\u0105 odporno\u015b\u0107 na rozdarcia<\/p>\n<\/li>\n<li class=\"\" data-start=\"2858\" data-end=\"2944\">\n<p class=\"\" data-start=\"2860\" data-end=\"2944\">Optymalny do obs\u0142ugi broni palnej, obs\u0142ugi sprz\u0119tu taktycznego i obrony wr\u0119cz.<\/p>\n<\/li>\n<li class=\"\" data-start=\"2945\" data-end=\"3011\">\n<p class=\"\" data-start=\"2947\" data-end=\"3011\">Marki w\u0142asne i niestandardowe marki dost\u0119pne dla nabywc\u00f3w hurtowych<\/p>\n<\/li>\n<li class=\"\" data-start=\"3012\" data-end=\"3063\">\n<p class=\"\" data-start=\"3014\" data-end=\"3063\">Zaprojektowany zgodnie z mi\u0119dzynarodowymi standardami taktycznymi<\/p>\n<\/li>\n<li class=\"\" data-start=\"3064\" data-end=\"3175\">\n<p class=\"\" data-start=\"3066\" data-end=\"3175\">Nadaje si\u0119 do ochrony miejskiej, operacji SWAT, kontroli zamieszek, tajnych zada\u0144 taktycznych i treningu strzeleckiego.<\/p>\n<\/li>\n<li class=\"\" data-start=\"3176\" data-end=\"3292\">\n<p class=\"\" data-start=\"3178\" data-end=\"3292\">Profesjonalne r\u0119kawice taktyczne ciesz\u0105 si\u0119 zaufaniem kontrahent\u00f3w z bran\u017cy obronnej, dostawc\u00f3w sprz\u0119tu policyjnego i dostawc\u00f3w us\u0142ug bezpiecze\u0144stwa.<\/p>\n<\/li>\n<\/ul>\n<p class=\"\" data-start=\"3294\" data-end=\"3611\">Przy <strong data-start=\"3297\" data-end=\"3306\">Ryinz<\/strong>, Nasz\u0105 misj\u0105 jest wyposa\u017cenie wsp\u00f3\u0142czesnych wojownik\u00f3w w profesjonalny sprz\u0119t taktyczny, kt\u00f3ry spe\u0142nia najwy\u017csze standardy bran\u017cowe. Nasz <strong data-start=\"3427\" data-end=\"3466\">Profesjonalne r\u0119kawice dla str\u00f3\u017c\u00f3w prawa<\/strong> ciesz\u0105 si\u0119 zaufaniem czo\u0142owych zespo\u0142\u00f3w taktycznych w Europie i USA ze wzgl\u0119du na ich wydajno\u015b\u0107, ochron\u0119 i niezawodno\u015b\u0107 w najtrudniejszych warunkach.<\/p>\n<p class=\"\" data-start=\"3613\" data-end=\"3747\">Wyposa\u017c sw\u00f3j zesp\u00f3\u0142, ulepsz sw\u00f3j arsena\u0142 i chro\u0144 swoje d\u0142onie dzi\u0119ki Ryinz - gdzie doskona\u0142o\u015b\u0107 taktyczna \u0142\u0105czy si\u0119 z profesjonalnym kunsztem.<\/p>\n<p class=\"\" data-start=\"3749\" data-end=\"3856\"><strong data-start=\"3749\" data-end=\"3769\">Skontaktuj si\u0119 z nami ju\u017c dzi\u015b<\/strong> w przypadku zam\u00f3wie\u0144 hurtowych, zapyta\u0144 dotycz\u0105cych marki prywatnej i niestandardowych rozwi\u0105za\u0144 w zakresie r\u0119kawic taktycznych!<\/p>","protected":false},"excerpt":{"rendered":"<p class=\"\" data-start=\"2343\" data-end=\"2362\">\u2705 <strong data-start=\"2345\" data-end=\"2362\">Kluczowe cechy:<\/strong><\/p>\n<ul data-start=\"2363\" data-end=\"3292\">\n<li class=\"\" data-start=\"2363\" data-end=\"2448\">\n<p class=\"\" data-start=\"2365\" data-end=\"2448\">R\u0119kawice taktyczne zaprojektowane specjalnie dla policji, wojska i s\u0142u\u017cb bezpiecze\u0144stwa<\/p>\n<\/li>\n<li class=\"\" data-start=\"2449\" data-end=\"2505\">\n<p class=\"\" data-start=\"2451\" data-end=\"2505\">D\u0142onie z prawdziwej sk\u00f3ry dla lepszej przyczepno\u015bci i trwa\u0142o\u015bci<\/p>\n<\/li>\n<li class=\"\" data-start=\"2506\" data-end=\"2560\">\n<p class=\"\" data-start=\"2508\" data-end=\"2560\">Syntetyczny, rozci\u0105gliwy backhand dla elastycznego ruchu<\/p>\n<\/li>\n<li class=\"\" data-start=\"2561\" data-end=\"2608\">\n<p class=\"\" data-start=\"2563\" data-end=\"2608\">Lekka i oddychaj\u0105ca do u\u017cytku przez ca\u0142y rok<\/p>\n<\/li>\n<li class=\"\" data-start=\"2609\" data-end=\"2645\">\n<p class=\"\" data-start=\"2611\" data-end=\"2645\">Wzmocnione strefy ochrony przed uderzeniami<\/p>\n<\/li>\n<li class=\"\" data-start=\"2646\" data-end=\"2703\">\n<p class=\"\" data-start=\"2648\" data-end=\"2703\">Ergonomiczna, wst\u0119pnie zakrzywiona konstrukcja palc\u00f3w dla naturalnego ruchu<\/p>\n<\/li>\n<\/ul>","protected":false},"featured_media":8997,"comment_status":"closed","ping_status":"closed","template":"","meta":[],"product_brand":[35],"product_cat":[99,100],"product_tag":[117,104],"class_list":{"0":"post-8959","1":"product","2":"type-product","3":"status-publish","4":"has-post-thumbnail","6":"product_brand-ryinz","7":"product_cat-gloves","8":"product_cat-police-gloves","9":"product_tag-law-enforcement-gloves","10":"product_tag-tactical-police-gloves","12":"first","13":"instock","14":"taxable","15":"shipping-taxable","16":"purchasable","17":"product-type-simple"},"_links":{"self":[{"href":"https:\/\/ryinz.cz\/velkoobchod\/pl\/wp-json\/wp\/v2\/product\/8959","targetHints":{"allow":["GET"]}}],"collection":[{"href":"https:\/\/ryinz.cz\/velkoobchod\/pl\/wp-json\/wp\/v2\/product"}],"about":[{"href":"https:\/\/ryinz.cz\/velkoobchod\/pl\/wp-json\/wp\/v2\/types\/product"}],"replies":[{"embeddable":true,"href":"https:\/\/ryinz.cz\/velkoobchod\/pl\/wp-json\/wp\/v2\/comments?post=8959"}],"wp:featuredmedia":[{"embeddable":true,"href":"https:\/\/ryinz.cz\/velkoobchod\/pl\/wp-json\/wp\/v2\/media\/8997"}],"wp:attachment":[{"href":"https:\/\/ryinz.cz\/velkoobchod\/pl\/wp-json\/wp\/v2\/media?parent=8959"}],"wp:term":[{"taxonomy":"product_brand","embeddable":true,"href":"https:\/\/ryinz.cz\/velkoobchod\/pl\/wp-json\/wp\/v2\/product_brand?post=8959"},{"taxonomy":"product_cat","embeddable":true,"href":"https:\/\/ryinz.cz\/velkoobchod\/pl\/wp-json\/wp\/v2\/product_cat?post=8959"},{"taxonomy":"product_tag","embeddable":true,"href":"https:\/\/ryinz.cz\/velkoobchod\/pl\/wp-json\/wp\/v2\/product_tag?post=8959"}],"curies":[{"name":"wp","href":"https:\/\/api.w.org\/{rel}","templated":true}]}}