{"id":8958,"date":"2025-06-22T15:23:04","date_gmt":"2025-06-22T15:23:04","guid":{"rendered":"https:\/\/ryinz.cz\/velkoobchod\/?post_type=product&#038;p=8958"},"modified":"2026-01-18T20:17:03","modified_gmt":"2026-01-18T20:17:03","slug":"ryinz-wytrzymale-wojskowe-rekawice-taktyczne-do-strzelania-policyjnego-i-operacji-bezpieczenstwa-pelna-ochrona-dlugi-mankiet-rekawice-bojowe-producent-hurtownia","status":"publish","type":"product","link":"https:\/\/ryinz.cz\/velkoobchod\/pl\/product\/ryinz-heavy-duty-military-tactical-gloves-for-police-army-shooting-and-security-operations-full-protection-long-cuff-combat-gloves-manufacturer-wholesale\/","title":{"rendered":"Ryinz Wytrzyma\u0142e wojskowe r\u0119kawice taktyczne dla policji, wojska, strzelectwa i operacji bezpiecze\u0144stwa - pe\u0142na ochrona R\u0119kawice bojowe z d\u0142ugim mankietem Producent i sprzeda\u017c hurtowa"},"content":{"rendered":"<p class=\"\" data-start=\"404\" data-end=\"972\">Poznaj kolejny poziom taktycznej ochrony d\u0142oni dzi\u0119ki <strong data-start=\"467\" data-end=\"512\">Ci\u0119\u017ckie wojskowe r\u0119kawice taktyczne Ryinz<\/strong>, zaprojektowane specjalnie dla wojska, policji, si\u0142 bezpiecze\u0144stwa i profesjonalnych strzelc\u00f3w. Zaprojektowane z my\u015bl\u0105 o ekstremalnych warunkach, r\u0119kawice te zapewniaj\u0105 niezr\u00f3wnan\u0105 trwa\u0142o\u015b\u0107, wygod\u0119 i wysok\u0105 odporno\u015b\u0107 na uderzenia podczas zada\u0144 o krytycznym znaczeniu. Jako produkt premium <strong data-start=\"755\" data-end=\"794\">Producent i dostawca hurtowy<\/strong>, Ryinz dostarcza najwy\u017cszej jako\u015bci r\u0119kawice taktyczne, kt\u00f3re spe\u0142niaj\u0105 rygorystyczne wymagania organ\u00f3w \u015bcigania, dostawc\u00f3w wojskowych, kontrahent\u00f3w obronnych i sprzedawc\u00f3w sprz\u0119tu taktycznego na ca\u0142ym \u015bwiecie.<\/p>\n<p class=\"\" data-start=\"974\" data-end=\"1448\">Wykonane z najwy\u017cszej jako\u015bci pe\u0142noziarnistej sk\u00f3ry w po\u0142\u0105czeniu z syntetycznymi wzmocnieniami o wysokiej trwa\u0142o\u015bci. <strong data-start=\"1076\" data-end=\"1105\">R\u0119kawice taktyczne z d\u0142ugim mankietem<\/strong> oferuj\u0105 zaawansowan\u0105 ochron\u0119 d\u0142oni, kostek i nadgarstk\u00f3w. Mocno wy\u015bcie\u0142ane obszary i wzmocnione panele poch\u0142aniaj\u0105 wstrz\u0105sy i chroni\u0105 przed otarciami, skaleczeniami i uderzeniami o du\u017cej pr\u0119dko\u015bci, dzi\u0119ki czemu s\u0105 idealnym wyborem do kontroli zamieszek, misji SWAT, strzelania taktycznego, patrolowania bezpiecze\u0144stwa, jazdy motocyklem i \u0107wicze\u0144 wojskowych na \u015bwie\u017cym powietrzu.<\/p>\n<p class=\"\" data-start=\"1450\" data-end=\"1819\">The <strong data-start=\"1454\" data-end=\"1492\">ergonomiczna, wst\u0119pnie zakrzywiona konstrukcja palc\u00f3w<\/strong> poprawia naturalny ruch i zmniejsza zm\u0119czenie d\u0142oni podczas d\u0142ugotrwa\u0142ego u\u017cytkowania. Regulowane zapi\u0119cia na nadgarstkach gwarantuj\u0105 bezpieczne dopasowanie, zapewniaj\u0105c optymaln\u0105 elastyczno\u015b\u0107 bez uszczerbku dla bezpiecze\u0144stwa. Ponadto przed\u0142u\u017cone mankiety w stylu r\u0119kawic zapewniaj\u0105 doskona\u0142\u0105 ochron\u0119 przedramienia, idealn\u0105 do dzia\u0142a\u0144 wojennych w mie\u015bcie i ci\u0119\u017ckich operacji taktycznych.<\/p>\n<p class=\"\" data-start=\"1821\" data-end=\"2188\">Oddychaj\u0105ce materia\u0142y i odprowadzaj\u0105ca wilgo\u0107 podszewka zapewniaj\u0105 wygodne dopasowanie nawet w trudnych warunkach klimatycznych, a wytrzyma\u0142e szwy gwarantuj\u0105 d\u0142ugotrwa\u0142\u0105 niezawodno\u015b\u0107 podczas trudnych misji. Niezale\u017cnie od tego, czy chodzi o walk\u0119 w zwarciu, sesje trening\u00f3w taktycznych, czy wyprawy survivalowe w dziczy, wojskowe r\u0119kawice taktyczne Ryinz stanowi\u0105 najlepsz\u0105 os\u0142on\u0119 dla d\u0142oni.<\/p>\n<p class=\"\" data-start=\"2190\" data-end=\"2200\">Idealny dla:<\/p>\n<ul data-start=\"2201\" data-end=\"2682\">\n<li class=\"\" data-start=\"2201\" data-end=\"2244\">\n<p class=\"\" data-start=\"2203\" data-end=\"2244\">Zespo\u0142y taktyczne policji i organ\u00f3w \u015bcigania<\/p>\n<\/li>\n<li class=\"\" data-start=\"2245\" data-end=\"2282\">\n<p class=\"\" data-start=\"2247\" data-end=\"2282\">\u017bo\u0142nierze armii i personel obronny<\/p>\n<\/li>\n<li class=\"\" data-start=\"2283\" data-end=\"2318\">\n<p class=\"\" data-start=\"2285\" data-end=\"2318\">Operacje specjalne i jednostki SWAT<\/p>\n<\/li>\n<li class=\"\" data-start=\"2319\" data-end=\"2359\">\n<p class=\"\" data-start=\"2321\" data-end=\"2359\">Prywatne si\u0142y bezpiecze\u0144stwa i ochroniarze<\/p>\n<\/li>\n<li class=\"\" data-start=\"2360\" data-end=\"2400\">\n<p class=\"\" data-start=\"2362\" data-end=\"2400\">Profesjonalni i rekreacyjni strzelcy<\/p>\n<\/li>\n<li class=\"\" data-start=\"2401\" data-end=\"2440\">\n<p class=\"\" data-start=\"2403\" data-end=\"2440\">Kontrola zamieszek i s\u0142u\u017cby ratunkowe<\/p>\n<\/li>\n<li class=\"\" data-start=\"2441\" data-end=\"2482\">\n<p class=\"\" data-start=\"2443\" data-end=\"2482\">Przetrwanie na \u015bwie\u017cym powietrzu, polowanie i trekking<\/p>\n<\/li>\n<li class=\"\" data-start=\"2483\" data-end=\"2534\">\n<p class=\"\" data-start=\"2485\" data-end=\"2534\">Motocykli\u015bci szukaj\u0105cy maksymalnej ochrony d\u0142oni<\/p>\n<\/li>\n<li class=\"\" data-start=\"2535\" data-end=\"2594\">\n<p class=\"\" data-start=\"2537\" data-end=\"2594\">Hurtowi dystrybutorzy sprz\u0119tu wojskowego i taktycznego<\/p>\n<\/li>\n<li class=\"\" data-start=\"2595\" data-end=\"2637\">\n<p class=\"\" data-start=\"2597\" data-end=\"2637\">Zam\u00f3wienia rz\u0105dowe na sprz\u0119t taktyczny<\/p>\n<\/li>\n<li class=\"\" data-start=\"2638\" data-end=\"2682\">\n<p class=\"\" data-start=\"2640\" data-end=\"2682\">Sporty taktyczne, takie jak paintball i airsoft<\/p>\n<\/li>\n<\/ul>\n<p class=\"\" data-start=\"2684\" data-end=\"2703\">\u2705 <strong data-start=\"2686\" data-end=\"2703\">Kluczowe cechy:<\/strong><\/p>\n<ul data-start=\"2704\" data-end=\"3612\">\n<li class=\"\" data-start=\"2704\" data-end=\"2762\">\n<p class=\"\" data-start=\"2706\" data-end=\"2762\">R\u0119kawice wojskowe z pe\u0142nej sk\u00f3ry z d\u0142ugim mankietem<\/p>\n<\/li>\n<li class=\"\" data-start=\"2763\" data-end=\"2813\">\n<p class=\"\" data-start=\"2765\" data-end=\"2813\">Wytrzyma\u0142a ochrona kostek, palc\u00f3w i nadgarstk\u00f3w<\/p>\n<\/li>\n<li class=\"\" data-start=\"2814\" data-end=\"2856\">\n<p class=\"\" data-start=\"2816\" data-end=\"2856\">Wzmocniona wy\u015bci\u00f3\u0142ka zapewniaj\u0105ca odporno\u015b\u0107 na uderzenia<\/p>\n<\/li>\n<li class=\"\" data-start=\"2857\" data-end=\"2896\">\n<p class=\"\" data-start=\"2859\" data-end=\"2896\">Ergonomiczne dopasowanie z zakrzywionymi palcami<\/p>\n<\/li>\n<li class=\"\" data-start=\"2897\" data-end=\"2953\">\n<p class=\"\" data-start=\"2899\" data-end=\"2953\">Przed\u0142u\u017cone mankiety r\u0119kawic dla maksymalnej ochrony przedramienia<\/p>\n<\/li>\n<li class=\"\" data-start=\"2954\" data-end=\"3006\">\n<p class=\"\" data-start=\"2956\" data-end=\"3006\">Regulowane zapi\u0119cie na nadgarstku zapewnia dok\u0142adne i bezpieczne dopasowanie<\/p>\n<\/li>\n<li class=\"\" data-start=\"3007\" data-end=\"3053\">\n<p class=\"\" data-start=\"3009\" data-end=\"3053\">Oddychaj\u0105ca i odprowadzaj\u0105ca wilgo\u0107 wewn\u0119trzna podszewka<\/p>\n<\/li>\n<li class=\"\" data-start=\"3054\" data-end=\"3105\">\n<p class=\"\" data-start=\"3056\" data-end=\"3105\">Konstrukcja odporna na \u015bcieranie i przeci\u0119cia<\/p>\n<\/li>\n<li class=\"\" data-start=\"3106\" data-end=\"3180\">\n<p class=\"\" data-start=\"3108\" data-end=\"3180\">Profesjonalny sprz\u0119t taktyczny, kt\u00f3remu zaufa\u0142o wojsko i organy \u015bcigania<\/p>\n<\/li>\n<li class=\"\" data-start=\"3181\" data-end=\"3240\">\n<p class=\"\" data-start=\"3183\" data-end=\"3240\">Dost\u0119pna produkcja OEM, marek w\u0142asnych i hurtowa<\/p>\n<\/li>\n<li class=\"\" data-start=\"3241\" data-end=\"3294\">\n<p class=\"\" data-start=\"3243\" data-end=\"3294\">Zaprojektowany zgodnie z normami UE dla bezproblemowego globalnego eksportu<\/p>\n<\/li>\n<li class=\"\" data-start=\"3295\" data-end=\"3340\">\n<p class=\"\" data-start=\"3297\" data-end=\"3340\">Wytrzyma\u0142e szwy dla maksymalnej trwa\u0142o\u015bci<\/p>\n<\/li>\n<li class=\"\" data-start=\"3341\" data-end=\"3433\">\n<p class=\"\" data-start=\"3343\" data-end=\"3433\">Idealny do operacji bezpiecze\u0144stwa, strzelania taktycznego, \u0107wicze\u0144 wojskowych i misji na \u015bwie\u017cym powietrzu<\/p>\n<\/li>\n<li class=\"\" data-start=\"3434\" data-end=\"3532\">\n<p class=\"\" data-start=\"3436\" data-end=\"3532\">Zaufany przez dostawc\u00f3w sprz\u0119tu taktycznego, nabywc\u00f3w sprz\u0119tu policyjnego i hurtowych dystrybutor\u00f3w wojskowych.<\/p>\n<\/li>\n<li class=\"\" data-start=\"3533\" data-end=\"3612\">\n<p class=\"\" data-start=\"3535\" data-end=\"3612\">Wyprodukowany przez Ryinz - Tw\u00f3j partner w zakresie profesjonalnych rozwi\u0105za\u0144 taktycznych<\/p>\n<\/li>\n<\/ul>\n<p class=\"\" data-start=\"3614\" data-end=\"3981\">Przy <strong data-start=\"3617\" data-end=\"3626\">Ryinz<\/strong>, Rozumiemy wymagania pola walki stawiane operatorom taktycznym i specjalistom ds. bezpiecze\u0144stwa. Dlatego nasze r\u0119kawice s\u0105 czym\u015b wi\u0119cej ni\u017c tylko ochron\u0105 - s\u0105 rozszerzeniem Twoich mo\u017cliwo\u015bci. <strong data-start=\"3821\" data-end=\"3866\">Ci\u0119\u017ckie wojskowe r\u0119kawice taktyczne Ryinz<\/strong> \u0142\u0105cz\u0105 innowacyjno\u015b\u0107, kunszt i doskona\u0142o\u015b\u0107 taktyczn\u0105, aby dostarcza\u0107 produkty, kt\u00f3rym mo\u017cna zaufa\u0107, gdy ma to najwi\u0119ksze znaczenie.<\/p>\n<p class=\"\" data-start=\"3983\" data-end=\"4084\">Przejmij kontrol\u0119 nad ka\u017cd\u0105 misj\u0105 dzi\u0119ki niezr\u00f3wnanej sile i precyzji <strong data-start=\"4058\" data-end=\"4083\">R\u0119kawice taktyczne Ryinz<\/strong>.<\/p>","protected":false},"excerpt":{"rendered":"<p class=\"\" data-start=\"2684\" data-end=\"2703\">\u2705 <strong data-start=\"2686\" data-end=\"2703\">Kluczowe cechy:<\/strong><\/p>\n<ul data-start=\"2704\" data-end=\"3612\">\n<li class=\"\" data-start=\"2704\" data-end=\"2762\">\n<p class=\"\" data-start=\"2706\" data-end=\"2762\">R\u0119kawice wojskowe z pe\u0142nej sk\u00f3ry z d\u0142ugim mankietem<\/p>\n<\/li>\n<li class=\"\" data-start=\"2763\" data-end=\"2813\">\n<p class=\"\" data-start=\"2765\" data-end=\"2813\">Wytrzyma\u0142a ochrona kostek, palc\u00f3w i nadgarstk\u00f3w<\/p>\n<\/li>\n<li class=\"\" data-start=\"2814\" data-end=\"2856\">\n<p class=\"\" data-start=\"2816\" data-end=\"2856\">Wzmocniona wy\u015bci\u00f3\u0142ka zapewniaj\u0105ca odporno\u015b\u0107 na uderzenia<\/p>\n<\/li>\n<li class=\"\" data-start=\"2857\" data-end=\"2896\">\n<p class=\"\" data-start=\"2859\" data-end=\"2896\">Ergonomiczne dopasowanie z zakrzywionymi palcami<\/p>\n<\/li>\n<li class=\"\" data-start=\"2897\" data-end=\"2953\">\n<p class=\"\" data-start=\"2899\" data-end=\"2953\">Przed\u0142u\u017cone mankiety r\u0119kawic dla maksymalnej ochrony przedramienia<\/p>\n<\/li>\n<\/ul>","protected":false},"featured_media":9013,"comment_status":"closed","ping_status":"closed","template":"","meta":[],"product_brand":[35],"product_cat":[99,100],"product_tag":[116],"class_list":{"0":"post-8958","1":"product","2":"type-product","3":"status-publish","4":"has-post-thumbnail","6":"product_brand-ryinz","7":"product_cat-gloves","8":"product_cat-police-gloves","9":"product_tag-protective-gloves-for-law-enforcement","11":"first","12":"instock","13":"taxable","14":"shipping-taxable","15":"purchasable","16":"product-type-simple"},"_links":{"self":[{"href":"https:\/\/ryinz.cz\/velkoobchod\/pl\/wp-json\/wp\/v2\/product\/8958","targetHints":{"allow":["GET"]}}],"collection":[{"href":"https:\/\/ryinz.cz\/velkoobchod\/pl\/wp-json\/wp\/v2\/product"}],"about":[{"href":"https:\/\/ryinz.cz\/velkoobchod\/pl\/wp-json\/wp\/v2\/types\/product"}],"replies":[{"embeddable":true,"href":"https:\/\/ryinz.cz\/velkoobchod\/pl\/wp-json\/wp\/v2\/comments?post=8958"}],"wp:featuredmedia":[{"embeddable":true,"href":"https:\/\/ryinz.cz\/velkoobchod\/pl\/wp-json\/wp\/v2\/media\/9013"}],"wp:attachment":[{"href":"https:\/\/ryinz.cz\/velkoobchod\/pl\/wp-json\/wp\/v2\/media?parent=8958"}],"wp:term":[{"taxonomy":"product_brand","embeddable":true,"href":"https:\/\/ryinz.cz\/velkoobchod\/pl\/wp-json\/wp\/v2\/product_brand?post=8958"},{"taxonomy":"product_cat","embeddable":true,"href":"https:\/\/ryinz.cz\/velkoobchod\/pl\/wp-json\/wp\/v2\/product_cat?post=8958"},{"taxonomy":"product_tag","embeddable":true,"href":"https:\/\/ryinz.cz\/velkoobchod\/pl\/wp-json\/wp\/v2\/product_tag?post=8958"}],"curies":[{"name":"wp","href":"https:\/\/api.w.org\/{rel}","templated":true}]}}