{"id":8940,"date":"2025-08-26T11:48:32","date_gmt":"2025-08-26T11:48:32","guid":{"rendered":"https:\/\/ryinz.cz\/velkoobchod\/?post_type=product&#038;p=8940"},"modified":"2026-01-18T20:16:59","modified_gmt":"2026-01-18T20:16:59","slug":"taktyczne-rekawice-motocyklowe-ryinz-pancerne-rekawice-motocyklowe-premium-dla-mezczyzn","status":"publish","type":"product","link":"https:\/\/ryinz.cz\/velkoobchod\/pl\/product\/ryinz-tactical-motorbike-gloves-premium-armored-riding-gloves-for-men\/","title":{"rendered":"Taktyczne r\u0119kawice motocyklowe Ryinz - m\u0119skie opancerzone r\u0119kawice je\u017adzieckie klasy premium"},"content":{"rendered":"<p class=\"\" data-start=\"384\" data-end=\"866\">Przy <strong data-start=\"387\" data-end=\"396\">Ryinz<\/strong>, Wierzymy w tworzenie wysokowydajnych produkt\u00f3w, kt\u00f3re nie tylko spe\u0142niaj\u0105, ale przekraczaj\u0105 oczekiwania globalnej spo\u0142eczno\u015bci rowerzyst\u00f3w. Nasz\u0105 specjalno\u015bci\u0105 jest wspieranie handlu mi\u0119dzynarodowego poprzez \u0142\u0105czenie pe\u0142nych pasji producent\u00f3w, odwa\u017cnych marek i wymagaj\u0105cych nabywc\u00f3w w Europie, USA i Azji. Niezale\u017cnie od tego, czy budujesz mark\u0119 detaliczn\u0105, sprzedajesz hurtowo sprz\u0119t motocyklowy, czy rozwijasz mark\u0119 w\u0142asn\u0105, Ryinz otwiera drzwi do sukcesu - dzi\u0119ki czemu mo\u017cesz z pewno\u015bci\u0105 zamkn\u0105\u0107 sprzeda\u017c.<\/p>\n<p class=\"\" data-start=\"868\" data-end=\"1275\">Przedstawiamy <strong data-start=\"884\" data-end=\"919\">Taktyczne r\u0119kawice motocyklowe Ryinz<\/strong>, zaprojektowane dla nieustraszonych rowerzyst\u00f3w, kt\u00f3rzy wymagaj\u0105 doskona\u0142ej ochrony, maksymalnego komfortu i najnowocze\u015bniejszego stylu. Zbudowane z zaawansowanych materia\u0142\u00f3w, r\u0119kawice te \u0142\u0105cz\u0105 w sobie wytrzyma\u0142o\u015b\u0107 prawdziwej sk\u00f3ry, oddychalno\u015b\u0107 tkaniny siatkowej i odporno\u015b\u0107 na uderzenia wzmocnionych p\u0142yt pancernych - dostarczaj\u0105c produkt gotowy zar\u00f3wno na miejskie ulice, jak i ekstremalne przygody.<\/p>\n<p class=\"\" data-start=\"1277\" data-end=\"1649\">Wyposa\u017cone w formowane, twarde ochraniacze kostek, strategiczn\u0105 wy\u015bci\u00f3\u0142k\u0119 d\u0142oni i elastyczne panele palc\u00f3w, r\u0119kawice te s\u0105 stworzone do szybkiej jazdy, operacji taktycznych, turystyki motocyklowej, motocrossu i wyzwa\u0144 terenowych. Niezale\u017cnie od tego, czy jeste\u015b motocyklist\u0105 przygodowym, doje\u017cd\u017caj\u0105cym do pracy w mie\u015bcie, czy entuzjast\u0105 taktyki, taktyczne r\u0119kawice motocyklowe Ryinz zosta\u0142y zaprojektowane tak, aby podnie\u015b\u0107 poziom Twojej jazdy.<\/p>\n<p class=\"\" data-start=\"1651\" data-end=\"1982\">Specjalnie zaprojektowane otwory wentylacyjne i perforowane warstwy utrzymuj\u0105 d\u0142onie w ch\u0142odzie nawet podczas d\u0142ugich podr\u00f3\u017cy. Ergonomiczna konstrukcja r\u0119kawic zapewnia naturalny ruch, zwi\u0119kszon\u0105 zr\u0119czno\u015b\u0107 i doskona\u0142y chwyt kierownicy, broni, narz\u0119dzi lub sprz\u0119tu. Ponadto regulowane zapi\u0119cia na rzep na nadgarstkach zapewniaj\u0105 bezpieczne, indywidualne dopasowanie za ka\u017cdym razem, gdy zak\u0142adasz r\u0119kawice.<\/p>\n<p class=\"\" data-start=\"1984\" data-end=\"2206\">Ryinz oznacza kunszt, niezawodno\u015b\u0107 i globaln\u0105 \u0142\u0105czno\u015b\u0107. Oferujemy pe\u0142ne us\u0142ugi OEM, ODM i Private Label, niskie opcje MOQ, doskona\u0142e mo\u017cliwo\u015bci dostosowywania i bezkonkurencyjne wsparcie w zakresie wysy\u0142ki mi\u0119dzynarodowej.<\/p>\n<p class=\"\" data-start=\"2208\" data-end=\"2273\">Przygotuj si\u0119 na Ryinz - niewidzialn\u0105 si\u0142\u0119 stoj\u0105c\u0105 za markami, kt\u00f3re przewodz\u0105.<\/p>\n<hr class=\"\" data-start=\"2275\" data-end=\"2278\" \/>\n<h1 class=\"\" data-start=\"2280\" data-end=\"2314\">???? <strong data-start=\"2285\" data-end=\"2314\">Kluczowe cechy i korzy\u015bci<\/strong><\/h1>\n<p class=\"\" data-start=\"2316\" data-end=\"2483\">???? <strong data-start=\"2319\" data-end=\"2353\">Najwy\u017csza ochrona dla motocyklist\u00f3w<\/strong><br data-start=\"2353\" data-end=\"2356\" \/>Twardy, formowany pancerz kostek, os\u0142ony palc\u00f3w i strefy ochrony nadgarstk\u00f3w chroni\u0105 d\u0142onie przed uderzeniami, zadrapaniami i otarciami.<\/p>\n<p class=\"\" data-start=\"2485\" data-end=\"2633\">???? <strong data-start=\"2488\" data-end=\"2514\">Mieszanka materia\u0142\u00f3w premium<\/strong><br data-start=\"2514\" data-end=\"2517\" \/>Wykonane z wysokiej jako\u015bci sk\u00f3ry naturalnej, oddychaj\u0105cej siatki syntetycznej i wzmocnionych materia\u0142\u00f3w odpornych na \u015bcieranie.<\/p>\n<p class=\"\" data-start=\"2635\" data-end=\"2799\">???? <strong data-start=\"2638\" data-end=\"2667\">Taktyczne wzmocnienie uchwytu<\/strong><br data-start=\"2667\" data-end=\"2670\" \/>Antypo\u015blizgowe wzmocnienie d\u0142oni zapewnia doskona\u0142\u0105 kontrol\u0119 nad motocyklami, broni\u0105 taktyczn\u0105, narz\u0119dziami przygodowymi i codzienn\u0105 obs\u0142ug\u0105.<\/p>\n<p class=\"\" data-start=\"2801\" data-end=\"2945\">???? <strong data-start=\"2804\" data-end=\"2837\">Ergonomiczne dopasowanie i elastyczno\u015b\u0107<\/strong><br data-start=\"2837\" data-end=\"2840\" \/>Wst\u0119pnie zakrzywione palce i elastyczne wstawki w krytycznych strefach zapewniaj\u0105 wygod\u0119, elastyczno\u015b\u0107 i naturalny ruch.<\/p>\n<p class=\"\" data-start=\"2947\" data-end=\"3081\">???? <strong data-start=\"2950\" data-end=\"2976\">Wszechstronno\u015b\u0107 przez ca\u0142y sezon<\/strong><br data-start=\"2976\" data-end=\"2979\" \/>Idealne na wiosenne, letnie i jesienne przeja\u017cd\u017cki dzi\u0119ki panelom wentylacyjnym, kt\u00f3re zapewniaj\u0105 \u015bwie\u017co\u015b\u0107 i sucho\u015b\u0107 d\u0142oni.<\/p>\n<p class=\"\" data-start=\"3083\" data-end=\"3218\">???? <strong data-start=\"3086\" data-end=\"3112\">Mo\u017cliwo\u015bci ekranu dotykowego<\/strong><br data-start=\"3112\" data-end=\"3115\" \/>Wygodne opuszki palc\u00f3w wra\u017cliwe na dotyk ekranu umo\u017cliwiaj\u0105 korzystanie z urz\u0105dze\u0144 bez zdejmowania r\u0119kawic.<\/p>\n<p class=\"\" data-start=\"3220\" data-end=\"3363\">???? <strong data-start=\"3223\" data-end=\"3252\">Bezpieczne, regulowane zapi\u0119cie<\/strong><br data-start=\"3252\" data-end=\"3255\" \/>Pasek na nadgarstek zapinany na rzep zapewnia mocne dopasowanie, kt\u00f3re pozostaje na swoim miejscu nawet podczas energicznych ruch\u00f3w.<\/p>\n<p class=\"\" data-start=\"3365\" data-end=\"3533\">???? <strong data-start=\"3368\" data-end=\"3398\">Profesjonalny wygl\u0105d taktyczny<\/strong><br data-start=\"3398\" data-end=\"3401\" \/>Matowoczarny, wytrzyma\u0142y design z minimalistycznym brandingiem Ryinz - idealny dla taktycznych je\u017ad\u017ac\u00f3w, inspirowanych stylem wojskowym lub miejskich wojownik\u00f3w.<\/p>\n<p class=\"\" data-start=\"3535\" data-end=\"3699\">???? <strong data-start=\"3538\" data-end=\"3569\">OEM i Private Label Ready<\/strong><br data-start=\"3569\" data-end=\"3572\" \/>Ryinz oferuje elastyczne rozwi\u0105zania w zakresie niestandardowego brandingu, dopasowanych projekt\u00f3w i rozwi\u0105za\u0144 opakowaniowych, aby zwi\u0119kszy\u0107 obecno\u015b\u0107 na rynku.<\/p>\n<p class=\"\" data-start=\"3701\" data-end=\"3854\">???? <strong data-start=\"3704\" data-end=\"3730\">Normy certyfikowane przez UE<\/strong><br data-start=\"3730\" data-end=\"3733\" \/>Produkty spe\u0142niaj\u0105ce lub przewy\u017cszaj\u0105ce rygorystyczne europejskie standardy jako\u015bci, ciesz\u0105ce si\u0119 zaufaniem zar\u00f3wno profesjonalist\u00f3w, jak i entuzjast\u00f3w.<\/p>\n<hr class=\"\" data-start=\"3856\" data-end=\"3859\" \/>\n<h1 class=\"\" data-start=\"3861\" data-end=\"3892\">???? <strong data-start=\"3866\" data-end=\"3892\">Specyfikacja produktu<\/strong><\/h1>\n<p class=\"\" data-start=\"3894\" data-end=\"4340\">- <strong data-start=\"3896\" data-end=\"3909\">Materia\u0142y<\/strong>: Sk\u00f3ra + Oddychaj\u0105ca siatka + Pancerz TPU na kostki<br data-start=\"3956\" data-end=\"3959\" \/>- <strong data-start=\"3961\" data-end=\"3970\">Kolor<\/strong>: Tactical Matte Black<br data-start=\"3992\" data-end=\"3995\" \/>- <strong data-start=\"3997\" data-end=\"4006\">Rozmiary<\/strong>: S, M, L, XL, XXL (europejski standard rozmiar\u00f3w)<br data-start=\"4051\" data-end=\"4054\" \/>- <strong data-start=\"4056\" data-end=\"4075\">Zalecane u\u017cycie<\/strong>: Jazda motocyklem, motocross, misje taktyczne, kolarstwo przygodowe, dojazdy do pracy w mie\u015bcie, trening wojskowy, kolarstwo, my\u015blistwo<br data-start=\"4196\" data-end=\"4199\" \/>- <strong data-start=\"4201\" data-end=\"4212\">Zamkni\u0119cie<\/strong>: Regulowany pasek na nadgarstek na rzep<br data-start=\"4243\" data-end=\"4246\" \/>- <strong data-start=\"4248\" data-end=\"4271\">Funkcja ekranu dotykowego<\/strong>: Tak<br data-start=\"4276\" data-end=\"4279\" \/>- <strong data-start=\"4281\" data-end=\"4304\">Personalizacja marki<\/strong>: Dost\u0119pne (MOQ ju\u017c od 50 par)<\/p>\n<hr class=\"\" data-start=\"4342\" data-end=\"4345\" \/>\n<h1 class=\"\" data-start=\"4347\" data-end=\"4380\">???? <strong data-start=\"4352\" data-end=\"4380\">Idealne rynki i nabywcy<\/strong><\/h1>\n<p class=\"\" data-start=\"4382\" data-end=\"4642\">- Dystrybutorzy sprz\u0119tu motocyklowego<br data-start=\"4412\" data-end=\"4415\" \/>- Sprzedawcy detaliczni sprz\u0119tu taktycznego<br data-start=\"4445\" data-end=\"4448\" \/>- Sklepy ze sportami przygodowymi<br data-start=\"4472\" data-end=\"4475\" \/>- Miejskie marki odzie\u017cy ulicznej<br data-start=\"4500\" data-end=\"4503\" \/>- Marki taktyczne marek w\u0142asnych<br data-start=\"4534\" data-end=\"4537\" \/>- Sprzedawcy Amazon i eBay<br data-start=\"4562\" data-end=\"4565\" \/>- Europejscy nabywcy B2B i hurtownicy<br data-start=\"4602\" data-end=\"4605\" \/>- Rynki outdoorowe i przygodowe w USA<\/p>\n<hr class=\"\" data-start=\"4644\" data-end=\"4647\" \/>\n<h1 class=\"\" data-start=\"4649\" data-end=\"4675\">???? <strong data-start=\"4654\" data-end=\"4675\">Dlaczego warto wybra\u0107 Ryinz?<\/strong><\/h1>\n<p class=\"\" data-start=\"4677\" data-end=\"4959\">- Bezpo\u015brednie ceny producenta - bez po\u015brednik\u00f3w<br data-start=\"4721\" data-end=\"4724\" \/>- Elastyczne MOQ - od ma\u0142ych partii po \u0142adunki kontenerowe<br data-start=\"4778\" data-end=\"4781\" \/>- Pe\u0142ne us\u0142ugi dostosowywania OEM\/ODM<br data-start=\"4818\" data-end=\"4821\" \/>- Szybka produkcja i wysy\u0142ka na ca\u0142y \u015bwiat<br data-start=\"4861\" data-end=\"4864\" \/>- Profesjonalny wieloj\u0119zyczny zesp\u00f3\u0142 wsparcia<br data-start=\"4904\" data-end=\"4907\" \/>- Ponad 20 lat do\u015bwiadczenia w eksporcie wysokiej jako\u015bci sprz\u0119tu<\/p>\n<p class=\"\" data-start=\"4961\" data-end=\"5121\">Ryinz to zaufany partner, dzi\u0119ki kt\u00f3remu mo\u017cesz pewnie porusza\u0107 si\u0119 na rynkach mi\u0119dzynarodowych, skaluj\u0105c swoj\u0105 mark\u0119 za pomoc\u0105 produkt\u00f3w stworzonych z my\u015bl\u0105 o wydajno\u015bci, stylu i trwa\u0142o\u015bci.<\/p>","protected":false},"excerpt":{"rendered":"<p><strong>Kluczowe cechy:<\/strong><\/p>\n<ul>\n<li><strong>Opcje materia\u0142owe<\/strong>: Dost\u0119pne w wersji ze sk\u00f3ry bydl\u0119cej, koziej lub owczej, zapewniaj\u0105cej doskona\u0142\u0105 trwa\u0142o\u015b\u0107 i wygod\u0119.<\/li>\n<li><strong>Wentylacja<\/strong>: Siatkowe wstawki wentylacyjne zapewniaj\u0105 ch\u0142odzenie d\u0142oni podczas d\u0142ugotrwa\u0142ych operacji, idealne dla funkcjonariuszy organ\u00f3w \u015bcigania w intensywnych sytuacjach.<\/li>\n<li><strong>Ochrona kostek<\/strong>: Twarda ochrona knykci zapewnia dodatkow\u0105 ochron\u0119 przed uderzeniami, zapewniaj\u0105c bezpiecze\u0144stwo podczas misji taktycznych.<\/li>\n<li><strong>Ochrona palc\u00f3w<\/strong>: Ochronne ko\u0144c\u00f3wki na palcach zapewniaj\u0105 dodatkow\u0105 trwa\u0142o\u015b\u0107 i wzmocnienie.<\/li>\n<li><strong>Podszewka<\/strong>: Opcje podszewki z polaru, Playboy lub trykotu zapewniaj\u0105 komfort i izolacj\u0119, odpowiednie do szerokiego zakresu \u015brodowisk.<\/li>\n<\/ul>\n<p><strong>Opis produktu:<\/strong><\/p>\n<p>The <strong>R\u0119kawice policyjne Gillani - ochrona kostek i siatkowa wentylacja (JPTG-0289)<\/strong> zosta\u0142y zaprojektowane z my\u015bl\u0105 o zapewnieniu maksymalnej ochrony, trwa\u0142o\u015bci i wygody pracownikom organ\u00f3w \u015bcigania. Wykonane z najwy\u017cszej jako\u015bci sk\u00f3ry bydl\u0119cej, koziej lub owczej, r\u0119kawice te zapewniaj\u0105 trwa\u0142o\u015b\u0107 i d\u0142ugotrwa\u0142e u\u017cytkowanie. Wstawki wentylacyjne z siatki zapewniaj\u0105 oddychalno\u015b\u0107 podczas intensywnych sytuacji, a twarda ochrona knykci chroni przed uderzeniami. Wzmocnione ko\u0144c\u00f3wki ochronne na palcach zwi\u0119kszaj\u0105 trwa\u0142o\u015b\u0107, a wygodna podszewka z polaru, Playboy lub Tricot zapewnia optymalny komfort w r\u00f3\u017cnych warunkach pogodowych. R\u0119kawice te s\u0105 idealne dla funkcjonariuszy policji poszukuj\u0105cych doskona\u0142ej ochrony i wydajno\u015bci.<\/p>","protected":false},"featured_media":9018,"comment_status":"closed","ping_status":"closed","template":"","meta":[],"product_brand":[35],"product_cat":[99,100],"product_tag":[116],"class_list":{"0":"post-8940","1":"product","2":"type-product","3":"status-publish","4":"has-post-thumbnail","6":"product_brand-ryinz","7":"product_cat-gloves","8":"product_cat-police-gloves","9":"product_tag-protective-gloves-for-law-enforcement","11":"first","12":"instock","13":"taxable","14":"shipping-taxable","15":"purchasable","16":"product-type-simple"},"_links":{"self":[{"href":"https:\/\/ryinz.cz\/velkoobchod\/pl\/wp-json\/wp\/v2\/product\/8940","targetHints":{"allow":["GET"]}}],"collection":[{"href":"https:\/\/ryinz.cz\/velkoobchod\/pl\/wp-json\/wp\/v2\/product"}],"about":[{"href":"https:\/\/ryinz.cz\/velkoobchod\/pl\/wp-json\/wp\/v2\/types\/product"}],"replies":[{"embeddable":true,"href":"https:\/\/ryinz.cz\/velkoobchod\/pl\/wp-json\/wp\/v2\/comments?post=8940"}],"wp:featuredmedia":[{"embeddable":true,"href":"https:\/\/ryinz.cz\/velkoobchod\/pl\/wp-json\/wp\/v2\/media\/9018"}],"wp:attachment":[{"href":"https:\/\/ryinz.cz\/velkoobchod\/pl\/wp-json\/wp\/v2\/media?parent=8940"}],"wp:term":[{"taxonomy":"product_brand","embeddable":true,"href":"https:\/\/ryinz.cz\/velkoobchod\/pl\/wp-json\/wp\/v2\/product_brand?post=8940"},{"taxonomy":"product_cat","embeddable":true,"href":"https:\/\/ryinz.cz\/velkoobchod\/pl\/wp-json\/wp\/v2\/product_cat?post=8940"},{"taxonomy":"product_tag","embeddable":true,"href":"https:\/\/ryinz.cz\/velkoobchod\/pl\/wp-json\/wp\/v2\/product_tag?post=8940"}],"curies":[{"name":"wp","href":"https:\/\/api.w.org\/{rel}","templated":true}]}}