{"id":8939,"date":"2025-06-22T15:22:05","date_gmt":"2025-06-22T15:22:05","guid":{"rendered":"https:\/\/ryinz.cz\/velkoobchod\/?post_type=product&#038;p=8939"},"modified":"2026-01-18T20:16:59","modified_gmt":"2026-01-18T20:16:59","slug":"ryinz-urban-rider-gloves-lekkie-oddychajace-rekawice-motocyklowe-dla-mezczyzn","status":"publish","type":"product","link":"https:\/\/ryinz.cz\/velkoobchod\/pl\/product\/ryinz-urban-rider-gloves-lightweight-breathable-motorcycle-adventure-gloves-for-men\/","title":{"rendered":"R\u0119kawice Ryinz Urban Rider - lekkie, oddychaj\u0105ce r\u0119kawice motocyklowe i przygodowe dla m\u0119\u017cczyzn"},"content":{"rendered":"<p class=\"\" data-start=\"605\" data-end=\"954\">Przy <strong data-start=\"608\" data-end=\"617\">Ryinz<\/strong>, jeste\u015bmy zaanga\u017cowani w redefiniowanie doskona\u0142o\u015bci w najwy\u017cszej jako\u015bci r\u0119kawicach je\u017adzieckich do sprzeda\u017cy hurtowej, detalicznej, marek w\u0142asnych i dystrybucji marek. Specjalizujemy si\u0119 w wype\u0142nianiu luki mi\u0119dzy producentami o wysokim potencjale a my\u015bl\u0105cymi przysz\u0142o\u015bciowo nabywcami w Europie, USA i Azji. Nasza misja jest prosta: otwiera\u0107 drzwi, aby\u015b m\u00f3g\u0142 zamkn\u0105\u0107 sprzeda\u017c z pewno\u015bci\u0105 siebie.<\/p>\n<p class=\"\" data-start=\"956\" data-end=\"1288\">Przedstawiamy najnowocze\u015bniejsze <strong data-start=\"985\" data-end=\"1013\">R\u0119kawiczki Ryinz Urban Rider<\/strong> - najlepsze po\u0142\u0105czenie lekkiej konstrukcji, oddychalno\u015bci i solidnej ochrony. Stworzone z my\u015bl\u0105 o rowerzystach, kt\u00f3rzy wymagaj\u0105 stylu bez kompromis\u00f3w w zakresie komfortu i bezpiecze\u0144stwa, r\u0119kawice te zosta\u0142y skrupulatnie zaprojektowane, aby zapewni\u0107 doskona\u0142e wyniki zar\u00f3wno na drodze, jak i poza ni\u0105.<\/p>\n<p class=\"\" data-start=\"1290\" data-end=\"1696\">R\u0119kawiczki Ryinz Urban Rider s\u0105 wykonane z mieszanki najwy\u017cszej jako\u015bci tkanin syntetycznych i wzmocnionych mikrow\u0142\u00f3kien, oferuj\u0105c doskona\u0142\u0105 odporno\u015b\u0107 na \u015bcieranie i rozdarcia. Ergonomiczna, wst\u0119pnie zakrzywiona konstrukcja zapewnia maksymaln\u0105 elastyczno\u015b\u0107, minimalizuj\u0105c zm\u0119czenie d\u0142oni podczas d\u0142ugich przeja\u017cd\u017cek. Niezale\u017cnie od tego, czy je\u017adzisz po ulicach miasta, \u015bcigasz si\u0119 na torach, czy eksplorujesz trudny teren, te r\u0119kawice s\u0105 Twoim niezawodnym partnerem.<\/p>\n<p class=\"\" data-start=\"1698\" data-end=\"2019\">Wentylowane panele na knykciach, strategicznie rozmieszczone oddychaj\u0105ce wstawki z siateczki i ko\u0144c\u00f3wki palc\u00f3w kompatybilne z ekranami dotykowymi sprawiaj\u0105, \u017ce r\u0119kawice te s\u0105 nie tylko trwa\u0142e, ale tak\u017ce niezwykle wygodne dla nowoczesnego rowerzysty. Ulepszone strefy chwytu na d\u0142oni zapewniaj\u0105 niezr\u00f3wnan\u0105 kontrol\u0119 nad kierownic\u0105 i elementami steruj\u0105cymi, nawet w trudnych warunkach jazdy.<\/p>\n<p class=\"\" data-start=\"2021\" data-end=\"2343\">Idealne do ca\u0142orocznej jazdy, miejskich dojazd\u00f3w do pracy, turystyki przygodowej i codziennego noszenia, r\u0119kawice te zapewniaj\u0105 idealn\u0105 r\u00f3wnowag\u0119 mi\u0119dzy stylowym wygl\u0105dem a solidn\u0105 funkcjonalno\u015bci\u0105. Lekkie, ale wytrzyma\u0142e r\u0119kawice Ryinz Urban Rider Gloves oferuj\u0105 zar\u00f3wno ochron\u0119, kt\u00f3rej potrzebuj\u0105 powa\u017cni rowerzy\u015bci, jak i oddychalno\u015b\u0107, kt\u00f3rej pragn\u0105 aktywni doje\u017cd\u017caj\u0105cy do pracy.<\/p>\n<p class=\"\" data-start=\"2345\" data-end=\"2550\">Wybieraj\u0105c Ryinz, wsp\u00f3\u0142pracujesz z mark\u0105, kt\u00f3ra oferuje niestandardow\u0105 produkcj\u0119 logo, dostosowane us\u0142ugi OEM i elastyczne ilo\u015bci zam\u00f3wie\u0144, co daje Ci przewag\u0119 na wysoce konkurencyjnych rynkach globalnych.<\/p>\n<hr class=\"\" data-start=\"2552\" data-end=\"2555\" \/>\n<h1 class=\"\" data-start=\"2557\" data-end=\"2591\">???? <strong data-start=\"2562\" data-end=\"2591\">Kluczowe cechy i korzy\u015bci<\/strong><\/h1>\n<p class=\"\" data-start=\"2593\" data-end=\"2759\">???? <strong data-start=\"2596\" data-end=\"2639\">Lekka i oddychaj\u0105ca konstrukcja<\/strong><br data-start=\"2639\" data-end=\"2642\" \/>Zaprojektowany z zaawansowanych materia\u0142\u00f3w, aby zmaksymalizowa\u0107 przep\u0142yw powietrza i zminimalizowa\u0107 pocenie si\u0119 podczas d\u0142ugich przeja\u017cd\u017cek, nawet w ciep\u0142e dni.<\/p>\n<p class=\"\" data-start=\"2761\" data-end=\"2890\">???? <strong data-start=\"2764\" data-end=\"2795\">Ergonomiczna, zakrzywiona konstrukcja<\/strong><br data-start=\"2795\" data-end=\"2798\" \/>Naturalny, wst\u0119pnie zakrzywiony kszta\u0142t zmniejsza zm\u0119czenie d\u0142oni i zwi\u0119ksza og\u00f3lny komfort podczas d\u0142ugotrwa\u0142ego u\u017cytkowania.<\/p>\n<p class=\"\" data-start=\"2892\" data-end=\"3056\">???? <strong data-start=\"2895\" data-end=\"2929\">Wzmocniona ochrona przed \u015bcieraniem<\/strong><br data-start=\"2929\" data-end=\"2932\" \/>D\u0142o\u0144, kciuk i palce s\u0105 wzmocnione wytrzyma\u0142ymi mikrow\u0142\u00f3knami dla lepszej ochrony przed otarciami i uderzeniami.<\/p>\n<p class=\"\" data-start=\"3058\" data-end=\"3191\">???? <strong data-start=\"3061\" data-end=\"3094\">Wentylowana ochrona kostek<\/strong><br data-start=\"3094\" data-end=\"3097\" \/>Elastyczne panele na kostkach z otworami wentylacyjnymi zapewniaj\u0105 po\u0142\u0105czenie ochrony i doskona\u0142ej oddychalno\u015bci.<\/p>\n<p class=\"\" data-start=\"3193\" data-end=\"3321\">???? <strong data-start=\"3196\" data-end=\"3233\">Opuszki kompatybilne z ekranem dotykowym<\/strong><br data-start=\"3233\" data-end=\"3236\" \/>Pozosta\u0144 w kontakcie w podr\u00f3\u017cy - odbieraj po\u0142\u0105czenia lub nawiguj GPS bez zdejmowania r\u0119kawiczek.<\/p>\n<p class=\"\" data-start=\"3323\" data-end=\"3472\">???? <strong data-start=\"3326\" data-end=\"3364\">Bezpieczne i regulowane zapi\u0119cie mankietu<\/strong><br data-start=\"3364\" data-end=\"3367\" \/>Pasek na nadgarstek zapinany na rzep zapewnia dok\u0142adne, indywidualne dopasowanie, kt\u00f3re utrzymuje r\u0119kawice na miejscu podczas jazdy.<\/p>\n<p class=\"\" data-start=\"3474\" data-end=\"3602\">???? <strong data-start=\"3477\" data-end=\"3501\">Antypo\u015blizgowe uchwyty na d\u0142onie<\/strong><br data-start=\"3501\" data-end=\"3504\" \/>Zoptymalizowane strefy chwytu zapewniaj\u0105 doskona\u0142\u0105 kontrol\u0119 nad kierownic\u0105 roweru, nawet w mokrych lub spoconych warunkach.<\/p>\n<p class=\"\" data-start=\"3604\" data-end=\"3755\">???? <strong data-start=\"3607\" data-end=\"3631\">Stylowy miejski design<\/strong><br data-start=\"3631\" data-end=\"3634\" \/>Atrakcyjna br\u0105zowa, czarna i bia\u0142a kolorystyka w po\u0142\u0105czeniu z minimalistycznym brandingiem pasuje do codziennej lub sportowej garderoby ka\u017cdego rowerzysty.<\/p>\n<p class=\"\" data-start=\"3757\" data-end=\"3890\">???? <strong data-start=\"3760\" data-end=\"3786\">Wszechstronno\u015b\u0107 przez ca\u0142y sezon<\/strong><br data-start=\"3786\" data-end=\"3789\" \/>Nadaje si\u0119 do jazdy wiosn\u0105, latem i wczesn\u0105 jesieni\u0105, zapewniaj\u0105c wystarczaj\u0105c\u0105 ochron\u0119 bez przegrzania.<\/p>\n<p class=\"\" data-start=\"3892\" data-end=\"4043\">???? <strong data-start=\"3895\" data-end=\"3947\">Dost\u0119pne niestandardowe logo i us\u0142ugi marek w\u0142asnych<\/strong><br data-start=\"3947\" data-end=\"3950\" \/>Skorzystaj z naszych pe\u0142nych us\u0142ug brandingowych, aby ustanowi\u0107 swoj\u0105 unikaln\u0105 to\u017csamo\u015b\u0107 na rynku.<\/p>\n<hr class=\"\" data-start=\"4045\" data-end=\"4048\" \/>\n<h1 class=\"\" data-start=\"4050\" data-end=\"4081\">???? <strong data-start=\"4055\" data-end=\"4081\">Specyfikacja produktu<\/strong><\/h1>\n<p class=\"\" data-start=\"4083\" data-end=\"4543\">- <strong data-start=\"4085\" data-end=\"4097\">Materia\u0142<\/strong>: Najwy\u017cszej jako\u015bci mieszanki syntetyczne, wzmocniona mikrofibra, oddychaj\u0105ce wstawki z siateczki<br data-start=\"4171\" data-end=\"4174\" \/>- <strong data-start=\"4176\" data-end=\"4196\">Dost\u0119pne kolory<\/strong>: Br\u0105zowy\/Bia\u0142y\/Czarny (kolory niestandardowe na \u017cyczenie)<br data-start=\"4241\" data-end=\"4244\" \/>- <strong data-start=\"4246\" data-end=\"4255\">Rozmiary<\/strong>: S, M, L, XL, XXL (standardy rozmiar\u00f3w UE)<br data-start=\"4295\" data-end=\"4298\" \/>- <strong data-start=\"4300\" data-end=\"4312\">Najlepsze dla<\/strong>: Dojazdy do pracy w mie\u015bcie, jazda przygodowa, zwyk\u0142a jazda na rowerze, aktywno\u015b\u0107 na \u015bwie\u017cym powietrzu<br data-start=\"4382\" data-end=\"4385\" \/>- <strong data-start=\"4387\" data-end=\"4403\">Typ zamkni\u0119cia<\/strong>: Regulowany pasek na rzep<br data-start=\"4428\" data-end=\"4431\" \/>- <strong data-start=\"4433\" data-end=\"4459\">Kompatybilny z ekranem dotykowym<\/strong>: Tak<br data-start=\"4464\" data-end=\"4467\" \/>- <strong data-start=\"4469\" data-end=\"4476\">MOQ<\/strong>: Dost\u0119pne niskie minima, idealne dla startup\u00f3w i uznanych marek<\/p>\n<hr class=\"\" data-start=\"4545\" data-end=\"4548\" \/>\n<h1 class=\"\" data-start=\"4550\" data-end=\"4588\">???? <strong data-start=\"4555\" data-end=\"4588\">Zastosowania i idealni nabywcy<\/strong><\/h1>\n<p class=\"\" data-start=\"4590\" data-end=\"4837\">- Sprzedawcy detaliczni i hurtowi motocykli<br data-start=\"4628\" data-end=\"4631\" \/>- Sklepy ze sprz\u0119tem przygodowym<br data-start=\"4653\" data-end=\"4656\" \/>- Sprzedawcy sprz\u0119tu outdoorowego w handlu elektronicznym<br data-start=\"4689\" data-end=\"4692\" \/>- Prywatne marki odzie\u017cy motocyklowej<br data-start=\"4733\" data-end=\"4736\" \/>- Butiki miejskiego stylu \u017cycia<br data-start=\"4763\" data-end=\"4766\" \/>- Marki akcesori\u00f3w do sport\u00f3w motorowych<br data-start=\"4795\" data-end=\"4798\" \/>- Europejscy, ameryka\u0144scy i azjatyccy importerzy B2B<\/p>\n<hr class=\"\" data-start=\"4839\" data-end=\"4842\" \/>\n<h1 class=\"\" data-start=\"4844\" data-end=\"4876\">???? <strong data-start=\"4849\" data-end=\"4876\">Dlaczego warto wsp\u00f3\u0142pracowa\u0107 z Ryinz?<\/strong><\/h1>\n<p class=\"\" data-start=\"4878\" data-end=\"5142\">- Nowoczesne projekty oparte na UE dostosowane do rynk\u00f3w globalnych<br data-start=\"4931\" data-end=\"4934\" \/>- Eksperci OEM i marek w\u0142asnych<br data-start=\"4965\" data-end=\"4968\" \/>- Ma\u0142e MOQ do zam\u00f3wie\u0144 wielkoseryjnych<br data-start=\"5001\" data-end=\"5004\" \/>- Zapewnienie jako\u015bci i terminowo\u015b\u0107 dostaw<br data-start=\"5045\" data-end=\"5048\" \/>- Kompleksowe wsparcie obs\u0142ugi klienta<br data-start=\"5083\" data-end=\"5086\" \/>- Ponad 20 lat do\u015bwiadczenia w bran\u017cy handlu mi\u0119dzynarodowego<\/p>\n<p class=\"\" data-start=\"5144\" data-end=\"5260\">Ryinz to nie tylko marka - to Tw\u00f3j partner w rozwoju, Tw\u00f3j niewidzialny silnik stoj\u0105cy za udan\u0105 sprzeda\u017c\u0105 mi\u0119dzynarodow\u0105.<\/p>","protected":false},"excerpt":{"rendered":"<p class=\"\" data-start=\"2593\" data-end=\"2759\"><strong data-start=\"2596\" data-end=\"2639\">Lekka i oddychaj\u0105ca konstrukcja<\/strong><br data-start=\"2639\" data-end=\"2642\" \/>Zaprojektowany z zaawansowanych materia\u0142\u00f3w, aby zmaksymalizowa\u0107 przep\u0142yw powietrza i zminimalizowa\u0107 pocenie si\u0119 podczas d\u0142ugich przeja\u017cd\u017cek, nawet w ciep\u0142e dni.<\/p>\n<p class=\"\" data-start=\"2761\" data-end=\"2890\">???? <strong data-start=\"2764\" data-end=\"2795\">Ergonomiczna, zakrzywiona konstrukcja<\/strong><br data-start=\"2795\" data-end=\"2798\" \/>Naturalny, wst\u0119pnie zakrzywiony kszta\u0142t zmniejsza zm\u0119czenie d\u0142oni i zwi\u0119ksza og\u00f3lny komfort podczas d\u0142ugotrwa\u0142ego u\u017cytkowania.<\/p>\n<p class=\"\" data-start=\"2892\" data-end=\"3056\">???? <strong data-start=\"2895\" data-end=\"2929\">Wzmocniona ochrona przed \u015bcieraniem<\/strong><br data-start=\"2929\" data-end=\"2932\" \/>D\u0142o\u0144, kciuk i palce s\u0105 wzmocnione wytrzyma\u0142ymi mikrow\u0142\u00f3knami dla lepszej ochrony przed otarciami i uderzeniami.<\/p>\n<p class=\"\" data-start=\"3058\" data-end=\"3191\">???? <strong data-start=\"3061\" data-end=\"3094\">Wentylowana ochrona kostek<\/strong><br data-start=\"3094\" data-end=\"3097\" \/>Elastyczne panele na kostkach z otworami wentylacyjnymi zapewniaj\u0105 po\u0142\u0105czenie ochrony i doskona\u0142ej oddychalno\u015bci.<\/p>\n<p class=\"\" data-start=\"3193\" data-end=\"3321\">???? <strong data-start=\"3196\" data-end=\"3233\">Opuszki kompatybilne z ekranem dotykowym<\/strong><br data-start=\"3233\" data-end=\"3236\" \/>Pozosta\u0144 w kontakcie w podr\u00f3\u017cy - odbieraj po\u0142\u0105czenia lub nawiguj GPS bez zdejmowania r\u0119kawiczek.<\/p>\n<p class=\"\" data-start=\"3323\" data-end=\"3472\">???? <strong data-start=\"3326\" data-end=\"3364\">Bezpieczne i regulowane zapi\u0119cie mankietu<\/strong><br data-start=\"3364\" data-end=\"3367\" \/>Pasek na nadgarstek zapinany na rzep zapewnia dok\u0142adne, indywidualne dopasowanie, kt\u00f3re utrzymuje r\u0119kawice na miejscu podczas jazdy.<\/p>","protected":false},"featured_media":9006,"comment_status":"closed","ping_status":"closed","template":"","meta":[],"product_brand":[35],"product_cat":[99,100],"product_tag":[116],"class_list":{"0":"post-8939","1":"product","2":"type-product","3":"status-publish","4":"has-post-thumbnail","6":"product_brand-ryinz","7":"product_cat-gloves","8":"product_cat-police-gloves","9":"product_tag-protective-gloves-for-law-enforcement","11":"first","12":"instock","13":"taxable","14":"shipping-taxable","15":"purchasable","16":"product-type-simple"},"_links":{"self":[{"href":"https:\/\/ryinz.cz\/velkoobchod\/pl\/wp-json\/wp\/v2\/product\/8939","targetHints":{"allow":["GET"]}}],"collection":[{"href":"https:\/\/ryinz.cz\/velkoobchod\/pl\/wp-json\/wp\/v2\/product"}],"about":[{"href":"https:\/\/ryinz.cz\/velkoobchod\/pl\/wp-json\/wp\/v2\/types\/product"}],"replies":[{"embeddable":true,"href":"https:\/\/ryinz.cz\/velkoobchod\/pl\/wp-json\/wp\/v2\/comments?post=8939"}],"wp:featuredmedia":[{"embeddable":true,"href":"https:\/\/ryinz.cz\/velkoobchod\/pl\/wp-json\/wp\/v2\/media\/9006"}],"wp:attachment":[{"href":"https:\/\/ryinz.cz\/velkoobchod\/pl\/wp-json\/wp\/v2\/media?parent=8939"}],"wp:term":[{"taxonomy":"product_brand","embeddable":true,"href":"https:\/\/ryinz.cz\/velkoobchod\/pl\/wp-json\/wp\/v2\/product_brand?post=8939"},{"taxonomy":"product_cat","embeddable":true,"href":"https:\/\/ryinz.cz\/velkoobchod\/pl\/wp-json\/wp\/v2\/product_cat?post=8939"},{"taxonomy":"product_tag","embeddable":true,"href":"https:\/\/ryinz.cz\/velkoobchod\/pl\/wp-json\/wp\/v2\/product_tag?post=8939"}],"curies":[{"name":"wp","href":"https:\/\/api.w.org\/{rel}","templated":true}]}}