{"id":8938,"date":"2025-06-22T15:22:04","date_gmt":"2025-06-22T15:22:04","guid":{"rendered":"https:\/\/ryinz.cz\/velkoobchod\/?post_type=product&#038;p=8938"},"modified":"2026-01-18T20:16:58","modified_gmt":"2026-01-18T20:16:58","slug":"ryinz-taktyczne-rekawice-wojskowe-policyjne-wytrzymala-ochrona-i-wydajnosc","status":"publish","type":"product","link":"https:\/\/ryinz.cz\/velkoobchod\/pl\/product\/ryinz-tactical-military-police-gloves-heavy-duty-protection-and-performance\/","title":{"rendered":"Taktyczne r\u0119kawice wojskowe i policyjne Ryinz - wytrzyma\u0142a ochrona i wydajno\u015b\u0107"},"content":{"rendered":"<p class=\"\" data-start=\"491\" data-end=\"753\">Przy <strong data-start=\"494\" data-end=\"503\">Ryinz<\/strong>, \u0141\u0105czymy elitarnych producent\u00f3w, marki, hurtownik\u00f3w i sprzedawc\u00f3w detalicznych w Europie, USA i Azji z najlepszym sprz\u0119tem taktycznym zaprojektowanym do rzeczywistych misji. Jako niewidzialna si\u0142a nap\u0119dowa handlu mi\u0119dzynarodowego, otwieramy drzwi - Ty zamykasz sprzeda\u017c.<\/p>\n<p class=\"\" data-start=\"755\" data-end=\"1065\">Przedstawiamy <strong data-start=\"771\" data-end=\"814\">Taktyczne r\u0119kawice wojskowe i policyjne Ryinz<\/strong>, stworzone do profesjonalnego u\u017cytku w wymagaj\u0105cych \u015brodowiskach. Niezale\u017cnie od tego, czy s\u0142u\u017cysz w wojsku, organach \u015bcigania, prywatnej ochronie, czy te\u017c jeste\u015b entuzjast\u0105 outdooru, kt\u00f3ry potrzebuje ekstremalnej ochrony, r\u0119kawice te zapewniaj\u0105 niezr\u00f3wnan\u0105 trwa\u0142o\u015b\u0107, precyzj\u0119 i wygod\u0119.<\/p>\n<p class=\"\" data-start=\"1067\" data-end=\"1441\">R\u0119kawice Ryinz Tactical Gloves, wykonane z po\u0142\u0105czenia wysokiej jako\u015bci wzmocnionej sk\u00f3ry syntetycznej, nylonu klasy wojskowej i wy\u015bci\u00f3\u0142ki EVA o du\u017cej g\u0119sto\u015bci, zosta\u0142y zaprojektowane z my\u015bl\u0105 o najtrudniejszych misjach. Ergonomiczny, twardy pancerz knykci zapewnia niezb\u0119dn\u0105 ochron\u0119 przed uderzeniami, otarciami i fizycznymi konfrontacjami, czyni\u0105c je istotn\u0105 cz\u0119\u015bci\u0105 zestawu wyposa\u017cenia ka\u017cdego oficera lub \u017co\u0142nierza.<\/p>\n<p class=\"\" data-start=\"1443\" data-end=\"1819\">Zaprojektowane z my\u015bl\u0105 o elastyczno\u015bci taktycznej, r\u0119kawice te maj\u0105 precyzyjnie dopasowane palce, ulepszon\u0105 technologi\u0119 chwytania, wzmocnione strefy d\u0142oni i regulowane zapi\u0119cia na nadgarstkach, aby zapewni\u0107 maksymaln\u0105 zwinno\u015b\u0107 bez po\u015bwi\u0119cania ochrony. Niezale\u017cnie od tego, czy obs\u0142ugujesz bro\u0144, anga\u017cujesz si\u0119 w walk\u0119 wr\u0119cz, czy wykonujesz operacje wysokiego ryzyka, r\u0119kawice te zapewniaj\u0105 najwy\u017csz\u0105 kontrol\u0119 i czu\u0142o\u015b\u0107.<\/p>\n<p class=\"\" data-start=\"1821\" data-end=\"2043\">Oddychaj\u0105ce tkaniny zmniejszaj\u0105 zm\u0119czenie d\u0142oni i zapewniaj\u0105 ch\u0142\u00f3d podczas d\u0142ugotrwa\u0142ego u\u017cytkowania, a wytrzyma\u0142e, odporne na zarysowania materia\u0142y zewn\u0119trzne s\u0105 gotowe do ci\u0119\u017ckich zada\u0144 w ka\u017cdym \u015brodowisku - na pustyni, w d\u017cungli, na \u015bniegu lub w mie\u015bcie.<\/p>\n<p class=\"\" data-start=\"2045\" data-end=\"2302\"><strong data-start=\"2045\" data-end=\"2070\">R\u0119kawice taktyczne Ryinz<\/strong> s\u0105 dost\u0119pne w sprzeda\u017cy hurtowej, detalicznej, brandingu OEM\/ODM i projektach private labeling dla agencji bezpiecze\u0144stwa, dostawc\u00f3w sprz\u0119tu wojskowego, sklep\u00f3w my\u015bliwskich, sprzedawc\u00f3w detalicznych sport\u00f3w outdoorowych i firm e-commerce w ca\u0142ej Europie i USA.<\/p>\n<p class=\"\" data-start=\"2304\" data-end=\"2456\">Wsp\u00f3\u0142pracuj z Ryinz, aby zapewni\u0107 swoim klientom elitarn\u0105 wydajno\u015b\u0107 taktyczn\u0105 - poniewa\u017c gdy liczy si\u0119 bezpiecze\u0144stwo, si\u0142a i wydajno\u015b\u0107, tylko najlepsi mog\u0105 to zrobi\u0107.<\/p>\n<hr class=\"\" data-start=\"2458\" data-end=\"2461\" \/>\n<h1 class=\"\" data-start=\"2463\" data-end=\"2497\">???? <strong data-start=\"2468\" data-end=\"2497\">Kluczowe cechy i korzy\u015bci<\/strong><\/h1>\n<p class=\"\" data-start=\"2499\" data-end=\"2643\">???? <strong data-start=\"2502\" data-end=\"2535\">Twardy pancerz ochronny na kostki<\/strong><br data-start=\"2535\" data-end=\"2538\" \/>Formowane wtryskowo os\u0142ony kostek chroni\u0105 przed uderzeniami, otarciami i urazami podczas intensywnych operacji.<\/p>\n<p class=\"\" data-start=\"2645\" data-end=\"2781\">???? <strong data-start=\"2648\" data-end=\"2683\">Wzmocniona technologia uchwytu d\u0142oni<\/strong><br data-start=\"2683\" data-end=\"2686\" \/>Teksturowany materia\u0142 antypo\u015blizgowy poprawia kontrol\u0119 nad broni\u0105, obs\u0142ug\u0119 pojazdu i obs\u0142ug\u0119 sprz\u0119tu.<\/p>\n<p class=\"\" data-start=\"2783\" data-end=\"2890\">???? <strong data-start=\"2786\" data-end=\"2814\">Wy\u015bci\u00f3\u0142ka EVA o wysokiej g\u0119sto\u015bci<\/strong><br data-start=\"2814\" data-end=\"2817\" \/>Zapewnia dodatkow\u0105 amortyzacj\u0119 uderze\u0144 d\u0142oni i odrzutu broni palnej.<\/p>\n<p class=\"\" data-start=\"2892\" data-end=\"3033\">???? <strong data-start=\"2895\" data-end=\"2928\">Oddychaj\u0105cy i trwa\u0142y materia\u0142<\/strong><br data-start=\"2928\" data-end=\"2931\" \/>Tkaniny klasy taktycznej zapewniaj\u0105 wysok\u0105 odporno\u015b\u0107 na \u015bcieranie, umo\u017cliwiaj\u0105c jednocze\u015bnie wentylacj\u0119 dla wi\u0119kszego komfortu.<\/p>\n<p class=\"\" data-start=\"3035\" data-end=\"3152\">???? <strong data-start=\"3038\" data-end=\"3063\">Regulowane, bezpieczne dopasowanie<\/strong><br data-start=\"3063\" data-end=\"3066\" \/>Paski na nadgarstki zapinane na rzep zapewniaj\u0105 dok\u0142adne, indywidualne dopasowanie, kt\u00f3re pozostaje na miejscu podczas akcji.<\/p>\n<p class=\"\" data-start=\"3154\" data-end=\"3285\">???? <strong data-start=\"3157\" data-end=\"3189\">Profesjonalny projekt taktyczny<\/strong><br data-start=\"3189\" data-end=\"3192\" \/>Wst\u0119pnie zakrzywione palce zapewniaj\u0105 naturalne ruchy d\u0142oni podczas strzelania, jazdy, wspinaczki i walki.<\/p>\n<p class=\"\" data-start=\"3287\" data-end=\"3405\">???? <strong data-start=\"3290\" data-end=\"3323\">Wydajno\u015b\u0107 w wielu \u015brodowiskach<\/strong><br data-start=\"3323\" data-end=\"3326\" \/>Zbudowany, aby wytrzyma\u0107 trudne warunki pustynne, zimowe, d\u017cunglowe i miejskie.<\/p>\n<p class=\"\" data-start=\"3407\" data-end=\"3542\">???? <strong data-start=\"3410\" data-end=\"3443\">Opcje OEM i personalizacji<\/strong><br data-start=\"3443\" data-end=\"3446\" \/>Oferujemy niestandardowe rozwi\u0105zania w zakresie umieszczania logo, opakowa\u0144 i marek w\u0142asnych dla Twojej marki lub agencji.<\/p>\n<p class=\"\" data-start=\"3544\" data-end=\"3670\">???? <strong data-start=\"3547\" data-end=\"3575\">Standardy klasy wojskowej<\/strong><br data-start=\"3575\" data-end=\"3578\" \/>Spe\u0142nia profesjonalne specyfikacje dla potrzeb wojska, organ\u00f3w \u015bcigania i ochrony prywatnej.<\/p>\n<p class=\"\" data-start=\"3672\" data-end=\"3793\">???? <strong data-start=\"3675\" data-end=\"3702\">Gotowo\u015b\u0107 na rynek UE i USA<\/strong><br data-start=\"3702\" data-end=\"3705\" \/>Idealny dla europejskich dystrybutor\u00f3w, ameryka\u0144skich dostawc\u00f3w sprz\u0119tu taktycznego i mi\u0119dzynarodowych nabywc\u00f3w.<\/p>\n<hr class=\"\" data-start=\"3795\" data-end=\"3798\" \/>\n<h1 class=\"\" data-start=\"3800\" data-end=\"3831\">???? <strong data-start=\"3805\" data-end=\"3831\">Specyfikacja produktu<\/strong><\/h1>\n<p class=\"\" data-start=\"3833\" data-end=\"4267\">- <strong data-start=\"3835\" data-end=\"3847\">Materia\u0142<\/strong>: Wzmocniona sk\u00f3ra syntetyczna + nylon klasy wojskowej + pancerz EVA<br data-start=\"3912\" data-end=\"3915\" \/>- <strong data-start=\"3917\" data-end=\"3926\">Kolor<\/strong>: Po\u0142\u0105czenie zieleni wojskowej i czerni<br data-start=\"3960\" data-end=\"3963\" \/>- <strong data-start=\"3965\" data-end=\"3984\">Dost\u0119pne rozmiary<\/strong>: S, M, L, XL, XXL<br data-start=\"4002\" data-end=\"4005\" \/>- <strong data-start=\"4007\" data-end=\"4022\">Zastosowanie<\/strong>: Wojsko, Egzekwowanie prawa, Operacje taktyczne, Bezpiecze\u0144stwo, Polowanie, Sporty na \u015bwie\u017cym powietrzu<br data-start=\"4105\" data-end=\"4108\" \/>- <strong data-start=\"4110\" data-end=\"4130\">Obszary ochrony<\/strong>: Kostki, d\u0142onie, palce<br data-start=\"4156\" data-end=\"4159\" \/>- <strong data-start=\"4161\" data-end=\"4177\">Typ zamkni\u0119cia<\/strong>: Regulowany pasek na rzep<br data-start=\"4202\" data-end=\"4205\" \/>- <strong data-start=\"4207\" data-end=\"4234\">Dost\u0119pna personalizacja<\/strong>: Tak (OEM\/ODM, prywatne etykietowanie)<\/p>\n<hr class=\"\" data-start=\"4269\" data-end=\"4272\" \/>\n<h1 class=\"\" data-start=\"4274\" data-end=\"4309\">???? <strong data-start=\"4279\" data-end=\"4309\">Idealni nabywcy i rynki<\/strong><\/h1>\n<p class=\"\" data-start=\"4311\" data-end=\"4617\">- Wojskowe \u0142a\u0144cuchy dostaw<br data-start=\"4335\" data-end=\"4338\" \/>- Dystrybutorzy sprz\u0119tu dla organ\u00f3w \u015bcigania<br data-start=\"4378\" data-end=\"4381\" \/>- Prywatne firmy ochroniarskie<br data-start=\"4409\" data-end=\"4412\" \/>- Outdoor Adventure Retailers<br data-start=\"4441\" data-end=\"4444\" \/>- Sklepy ze sprz\u0119tem taktycznym<br data-start=\"4465\" data-end=\"4468\" \/>- Punkty sprzeda\u017cy sport\u00f3w strzeleckich<br data-start=\"4493\" data-end=\"4496\" \/>- Dostawcy sprz\u0119tu my\u015bliwskiego i survivalowego<br data-start=\"4533\" data-end=\"4536\" \/>- Amazon, eBay, Shopify Taktyczni sprzedawcy<br data-start=\"4576\" data-end=\"4579\" \/>- Katalogi produkt\u00f3w wojskowych Europages<\/p>","protected":false},"excerpt":{"rendered":"<p class=\"\" data-start=\"2499\" data-end=\"2643\">???? <strong data-start=\"2502\" data-end=\"2535\">Twardy pancerz ochronny na kostki<\/strong><br data-start=\"2535\" data-end=\"2538\" \/>Formowane wtryskowo os\u0142ony kostek chroni\u0105 przed uderzeniami, otarciami i urazami podczas intensywnych operacji.<\/p>\n<p class=\"\" data-start=\"2645\" data-end=\"2781\">???? <strong data-start=\"2648\" data-end=\"2683\">Wzmocniona technologia uchwytu d\u0142oni<\/strong><br data-start=\"2683\" data-end=\"2686\" \/>Teksturowany materia\u0142 antypo\u015blizgowy poprawia kontrol\u0119 nad broni\u0105, obs\u0142ug\u0119 pojazdu i obs\u0142ug\u0119 sprz\u0119tu.<\/p>\n<p class=\"\" data-start=\"2783\" data-end=\"2890\">???? <strong data-start=\"2786\" data-end=\"2814\">Wy\u015bci\u00f3\u0142ka EVA o wysokiej g\u0119sto\u015bci<\/strong><br data-start=\"2814\" data-end=\"2817\" \/>Zapewnia dodatkow\u0105 amortyzacj\u0119 uderze\u0144 d\u0142oni i odrzutu broni palnej.<\/p>\n<p class=\"\" data-start=\"2892\" data-end=\"3033\">???? <strong data-start=\"2895\" data-end=\"2928\">Oddychaj\u0105cy i trwa\u0142y materia\u0142<\/strong><br data-start=\"2928\" data-end=\"2931\" \/>Tkaniny klasy taktycznej zapewniaj\u0105 wysok\u0105 odporno\u015b\u0107 na \u015bcieranie, umo\u017cliwiaj\u0105c jednocze\u015bnie wentylacj\u0119 dla wi\u0119kszego komfortu.<\/p>","protected":false},"featured_media":8998,"comment_status":"closed","ping_status":"closed","template":"","meta":[],"product_brand":[35],"product_cat":[99,100],"product_tag":[116],"class_list":{"0":"post-8938","1":"product","2":"type-product","3":"status-publish","4":"has-post-thumbnail","6":"product_brand-ryinz","7":"product_cat-gloves","8":"product_cat-police-gloves","9":"product_tag-protective-gloves-for-law-enforcement","11":"first","12":"instock","13":"taxable","14":"shipping-taxable","15":"purchasable","16":"product-type-simple"},"_links":{"self":[{"href":"https:\/\/ryinz.cz\/velkoobchod\/pl\/wp-json\/wp\/v2\/product\/8938","targetHints":{"allow":["GET"]}}],"collection":[{"href":"https:\/\/ryinz.cz\/velkoobchod\/pl\/wp-json\/wp\/v2\/product"}],"about":[{"href":"https:\/\/ryinz.cz\/velkoobchod\/pl\/wp-json\/wp\/v2\/types\/product"}],"replies":[{"embeddable":true,"href":"https:\/\/ryinz.cz\/velkoobchod\/pl\/wp-json\/wp\/v2\/comments?post=8938"}],"wp:featuredmedia":[{"embeddable":true,"href":"https:\/\/ryinz.cz\/velkoobchod\/pl\/wp-json\/wp\/v2\/media\/8998"}],"wp:attachment":[{"href":"https:\/\/ryinz.cz\/velkoobchod\/pl\/wp-json\/wp\/v2\/media?parent=8938"}],"wp:term":[{"taxonomy":"product_brand","embeddable":true,"href":"https:\/\/ryinz.cz\/velkoobchod\/pl\/wp-json\/wp\/v2\/product_brand?post=8938"},{"taxonomy":"product_cat","embeddable":true,"href":"https:\/\/ryinz.cz\/velkoobchod\/pl\/wp-json\/wp\/v2\/product_cat?post=8938"},{"taxonomy":"product_tag","embeddable":true,"href":"https:\/\/ryinz.cz\/velkoobchod\/pl\/wp-json\/wp\/v2\/product_tag?post=8938"}],"curies":[{"name":"wp","href":"https:\/\/api.w.org\/{rel}","templated":true}]}}