{"id":8937,"date":"2025-08-26T11:48:32","date_gmt":"2025-08-26T11:48:32","guid":{"rendered":"https:\/\/ryinz.cz\/velkoobchod\/?post_type=product&#038;p=8937"},"modified":"2026-01-18T20:16:58","modified_gmt":"2026-01-18T20:16:58","slug":"taktyczne-rekawice-strzeleckie-ryinz-outdoorowe-wojskowe-rekawice-bojowe-dla-profesjonalistow","status":"publish","type":"product","link":"https:\/\/ryinz.cz\/velkoobchod\/pl\/product\/ryinz-tactical-shooting-gloves-outdoor-military-combat-gloves-for-professionals\/","title":{"rendered":"Taktyczne r\u0119kawice strzeleckie Ryinz - outdoorowe wojskowe r\u0119kawice bojowe dla profesjonalist\u00f3w"},"content":{"rendered":"<p class=\"\" data-start=\"377\" data-end=\"832\">Przy <strong data-start=\"380\" data-end=\"389\">Ryinz<\/strong>, Jeste\u015bmy czym\u015b wi\u0119cej ni\u017c tylko mark\u0105 - jeste\u015bmy niewidzialnym motorem nap\u0119dzaj\u0105cym handel mi\u0119dzynarodowy w Europie, USA i Azji. \u0141\u0105czymy producent\u00f3w o wysokim potencjale, globalne marki i powa\u017cnych nabywc\u00f3w, otwieraj\u0105c drzwi, aby\u015b m\u00f3g\u0142 zawiera\u0107 transakcje. Niezale\u017cnie od tego, czy jeste\u015b hurtownikiem, detalist\u0105, tw\u00f3rc\u0105 marki czy dystrybutorem sprz\u0119tu taktycznego, <strong data-start=\"718\" data-end=\"727\">Ryinz<\/strong> stoi po Twojej stronie, aby dostarcza\u0107 doskona\u0142e produkty stworzone z my\u015bl\u0105 o wydajno\u015bci, wytrzyma\u0142o\u015bci i globalnym sukcesie.<\/p>\n<p class=\"\" data-start=\"834\" data-end=\"1189\">Przedstawiamy <strong data-start=\"850\" data-end=\"884\">Taktyczne r\u0119kawice strzeleckie Ryinz<\/strong>, to najlepsze po\u0142\u0105czenie wytrzyma\u0142ej ochrony, lekkiej zwinno\u015bci i sprawdzonej na polu bitwy wydajno\u015bci. Zaprojektowane dla operator\u00f3w taktycznych, personelu wojskowego, funkcjonariuszy organ\u00f3w \u015bcigania, motocyklist\u00f3w, strzelc\u00f3w, entuzjast\u00f3w airsoftu i poszukiwaczy przyg\u00f3d na \u015bwie\u017cym powietrzu, r\u0119kawice te wyznaczaj\u0105 nowy standard w sprz\u0119cie taktycznym.<\/p>\n<p class=\"\" data-start=\"1191\" data-end=\"1619\">Zbudowane z wytrzyma\u0142ego po\u0142\u0105czenia wzmocnionych tkanin syntetycznych, oddychaj\u0105cej siatki i wysokiej jako\u015bci sk\u00f3rzanych wstawek, r\u0119kawice te zapewniaj\u0105 niezr\u00f3wnan\u0105 zr\u0119czno\u015b\u0107 i odporno\u015b\u0107 na uderzenia. Strategicznie rozmieszczone formowane ochraniacze na kostkach i palcach poch\u0142aniaj\u0105 wstrz\u0105sy i chroni\u0105 d\u0142onie podczas operacji wysokiego ryzyka. Antypo\u015blizgowa konstrukcja d\u0142oni zapewnia doskona\u0142\u0105 przyczepno\u015b\u0107 broni, narz\u0119dzi, kierownicy i sprz\u0119tu w ka\u017cdych warunkach pogodowych.<\/p>\n<p class=\"\" data-start=\"1621\" data-end=\"2042\">Elastyczno\u015b\u0107 \u0142\u0105czy si\u0119 z wytrzyma\u0142o\u015bci\u0105 - taktyczne r\u0119kawice strzeleckie Ryinz maj\u0105 elastyczne strefy rozci\u0105gania, precyzyjnie wyci\u0119te ergonomiczne wzory i wzmocnione szwy, aby zmaksymalizowa\u0107 mobilno\u015b\u0107 d\u0142oni bez po\u015bwi\u0119cania ochrony. Zaprojektowane z my\u015bl\u0105 o intensywnych misjach taktycznych, sportach na \u015bwie\u017cym powietrzu, przeja\u017cd\u017ckach motocyklowych, polowaniach, zawodach strzeleckich, pieszych w\u0119dr\u00f3wkach, a nawet miejskich dojazdach do pracy - te r\u0119kawice s\u0105 Twoim lojalnym partnerem we wszystkim.<\/p>\n<p class=\"\" data-start=\"2044\" data-end=\"2269\">Dzi\u0119ki opuszkom palc\u00f3w kompatybilnym z ekranem dotykowym mo\u017cesz pozosta\u0107 w kontakcie bez zdejmowania r\u0119kawic. Regulowany pasek na nadgarstek z rzepem gwarantuje dok\u0142adne, spersonalizowane dopasowanie, utrzymuj\u0105c r\u0119kawice bezpiecznie nawet podczas agresywnej akcji.<\/p>\n<p class=\"\" data-start=\"2271\" data-end=\"2487\">Ryinz zapewnia r\u00f3wnie\u017c pe\u0142ne us\u0142ugi OEM\/ODM i Private Label dla firm w ca\u0142ej Europie i Ameryce. Pracujemy z elastycznymi MOQ, spersonalizowanymi projektami, niestandardowymi logo, rozwi\u0105zaniami w zakresie pakowania i szybk\u0105 wysy\u0142k\u0105 na ca\u0142y \u015bwiat.<\/p>\n<p class=\"\" data-start=\"2489\" data-end=\"2603\">Uwolnij sw\u00f3j pe\u0142ny potencja\u0142 dzi\u0119ki <strong data-start=\"2522\" data-end=\"2556\">Taktyczne r\u0119kawice strzeleckie Ryinz<\/strong> - Zaufany przez wojownik\u00f3w, zaprojektowany dla mistrz\u00f3w.<\/p>\n<hr class=\"\" data-start=\"2605\" data-end=\"2608\" \/>\n<h1 class=\"\" data-start=\"2610\" data-end=\"2644\">???? <strong data-start=\"2615\" data-end=\"2644\">Kluczowe cechy i korzy\u015bci<\/strong><\/h1>\n<p class=\"\" data-start=\"2646\" data-end=\"2778\">???? <strong data-start=\"2649\" data-end=\"2678\">Ochrona klasy wojskowej<\/strong><br data-start=\"2678\" data-end=\"2681\" \/>Zaawansowane, twarde ochraniacze kostek i palc\u00f3w chroni\u0105 przed uderzeniami, otarciami i urazami.<\/p>\n<p class=\"\" data-start=\"2780\" data-end=\"2916\">???? <strong data-start=\"2783\" data-end=\"2812\">Doskona\u0142a przyczepno\u015b\u0107<\/strong><br data-start=\"2812\" data-end=\"2815\" \/>Wzmocniona antypo\u015blizgowa d\u0142o\u0144 zapewnia lepsz\u0105 obs\u0142ug\u0119 broni, kontrol\u0119 nad narz\u0119dziami i pewny chwyt motocykla.<\/p>\n<p class=\"\" data-start=\"2918\" data-end=\"3058\">???? <strong data-start=\"2921\" data-end=\"2945\">Konstrukcja o wysokiej mobilno\u015bci<\/strong><br data-start=\"2945\" data-end=\"2948\" \/>Wst\u0119pnie zakrzywione palce i elastyczne panele umo\u017cliwiaj\u0105 pe\u0142ny zakres ruchu, zapewniaj\u0105c szybki refleks i precyzyjne ruchy.<\/p>\n<p class=\"\" data-start=\"3060\" data-end=\"3200\">???? <strong data-start=\"3063\" data-end=\"3093\">Taktyczna lekka konstrukcja<\/strong><br data-start=\"3093\" data-end=\"3096\" \/>Lekkie materia\u0142y r\u00f3wnowa\u017c\u0105 wytrzyma\u0142o\u015b\u0107 i oddychalno\u015b\u0107, zapewniaj\u0105c komfort podczas d\u0142ugich misji i przeja\u017cd\u017cek.<\/p>\n<p class=\"\" data-start=\"3202\" data-end=\"3334\">???? <strong data-start=\"3205\" data-end=\"3226\">Gotowy na ekran dotykowy<\/strong><br data-start=\"3226\" data-end=\"3229\" \/>Palec wskazuj\u0105cy i kciuk s\u0105 kompatybilne z ekranem dotykowym, umo\u017cliwiaj\u0105c korzystanie ze smartfon\u00f3w, GPS lub tablet\u00f3w bez konieczno\u015bci ich zdejmowania.<\/p>\n<p class=\"\" data-start=\"3336\" data-end=\"3465\">???? <strong data-start=\"3339\" data-end=\"3359\">Mo\u017cliwo\u015b\u0107 dostosowania dopasowania<\/strong><br data-start=\"3359\" data-end=\"3362\" \/>Regulowane zapi\u0119cie na rzep zapewnia idealne dopasowanie do nadgarstka, chroni\u0105c przed kurzem, zanieczyszczeniami i poprawiaj\u0105c komfort.<\/p>\n<p class=\"\" data-start=\"3467\" data-end=\"3616\">???? <strong data-start=\"3470\" data-end=\"3506\">Profesjonalna estetyka taktyczna<\/strong><br data-start=\"3506\" data-end=\"3509\" \/>Matowa ziele\u0144 wojskowa z taktycznymi czarnymi detalami i logo Ryinz - ostra, autorytatywna i stylowa.<\/p>\n<p class=\"\" data-start=\"3618\" data-end=\"3757\">???? <strong data-start=\"3621\" data-end=\"3651\">Dost\u0119pne us\u0142ugi OEM\/ODM<\/strong><br data-start=\"3651\" data-end=\"3654\" \/>Niestandardowe drukowanie logo, prywatne etykietowanie i specjalne opcje pakowania dla klient\u00f3w hurtowych i marek.<\/p>\n<p class=\"\" data-start=\"3759\" data-end=\"3907\">???? <strong data-start=\"3762\" data-end=\"3802\">Zgodno\u015b\u0107 z normami jako\u015bci UE<\/strong><br data-start=\"3802\" data-end=\"3805\" \/>Produkty zaprojektowane i wyprodukowane tak, aby przekracza\u0142y rygorystyczne europejskie przepisy dotycz\u0105ce \u015brodk\u00f3w ochrony indywidualnej.<\/p>\n<p class=\"\" data-start=\"3909\" data-end=\"4104\">???? <strong data-start=\"3912\" data-end=\"3938\">Wszechstronne zastosowania<\/strong><br data-start=\"3938\" data-end=\"3941\" \/>Idealny do treningu wojskowego, misji taktycznych, airsoftu, paintballu, strzelectwa sportowego, polowania, przetrwania na \u015bwie\u017cym powietrzu, jazdy konnej, jazdy na rowerze, biwakowania i operacji bezpiecze\u0144stwa.<\/p>\n<hr class=\"\" data-start=\"4106\" data-end=\"4109\" \/>\n<h1 class=\"\" data-start=\"4111\" data-end=\"4142\">???? <strong data-start=\"4116\" data-end=\"4142\">Specyfikacja produktu<\/strong><\/h1>\n<p class=\"\" data-start=\"4144\" data-end=\"4595\">- <strong data-start=\"4146\" data-end=\"4159\">Materia\u0142y<\/strong>: Wzmocniony materia\u0142 syntetyczny + wstawki z prawdziwej sk\u00f3ry + twardy pancerz na kostki<br data-start=\"4235\" data-end=\"4238\" \/>- <strong data-start=\"4240\" data-end=\"4249\">Kolor<\/strong>: Zielony wojskowy i czarny<br data-start=\"4271\" data-end=\"4274\" \/>- <strong data-start=\"4276\" data-end=\"4285\">Rozmiary<\/strong>: S, M, L, XL, XXL (europejskie rozmiary)<br data-start=\"4321\" data-end=\"4324\" \/>- <strong data-start=\"4326\" data-end=\"4345\">Zalecane u\u017cycie<\/strong>: Strzelectwo taktyczne, my\u015blistwo, przygoda na \u015bwie\u017cym powietrzu, Airsoft, Paintball, motocykle, survival<br data-start=\"4447\" data-end=\"4450\" \/>- <strong data-start=\"4452\" data-end=\"4468\">Typ zamkni\u0119cia<\/strong>: Regulowany pasek na rzep<br data-start=\"4493\" data-end=\"4496\" \/>- <strong data-start=\"4498\" data-end=\"4521\">Funkcja ekranu dotykowego<\/strong>: Tak<br data-start=\"4526\" data-end=\"4529\" \/>- <strong data-start=\"4531\" data-end=\"4554\">Personalizacja marki<\/strong>: Dost\u0119pne (niskie MOQ i szybka realizacja)<\/p>\n<hr class=\"\" data-start=\"4597\" data-end=\"4600\" \/>\n<h1 class=\"\" data-start=\"4602\" data-end=\"4635\">???? <strong data-start=\"4607\" data-end=\"4635\">Idealne rynki i nabywcy<\/strong><\/h1>\n<p class=\"\" data-start=\"4637\" data-end=\"4938\">- Hurtownie sprz\u0119tu taktycznego<br data-start=\"4664\" data-end=\"4667\" \/>- Sklepy ze sprz\u0119tem do przyg\u00f3d na \u015bwie\u017cym powietrzu<br data-start=\"4702\" data-end=\"4705\" \/>- Dostawcy wojskowi i bezpiecze\u0144stwa<br data-start=\"4738\" data-end=\"4741\" \/>- Sprzedawcy wyposa\u017cenia strzelnic<br data-start=\"4775\" data-end=\"4778\" \/>- Dystrybutorzy sprz\u0119tu my\u015bliwskiego<br data-start=\"4805\" data-end=\"4808\" \/>- Sprzedawcy Airsoft i Paintball<br data-start=\"4841\" data-end=\"4844\" \/>- Sprzedawcy detaliczni sport\u00f3w outdoorowych w Europie i USA<br data-start=\"4888\" data-end=\"4891\" \/>- Sprzedawcy e-commerce na Amazon, eBay, Alibaba<\/p>\n<hr class=\"\" data-start=\"4940\" data-end=\"4943\" \/>\n<h1 class=\"\" data-start=\"4945\" data-end=\"4964\">???? <strong data-start=\"4950\" data-end=\"4964\">Dlaczego Ryinz?<\/strong><\/h1>\n<p class=\"\" data-start=\"4966\" data-end=\"5308\">- Zalety bezpo\u015bredniego producenta - ceny fabryczne<br data-start=\"5022\" data-end=\"5025\" \/>- Pe\u0142ne mo\u017cliwo\u015bci OEM\/ODM - Twoja marka, Tw\u00f3j spos\u00f3b<br data-start=\"5075\" data-end=\"5078\" \/>- Niskie minimalne ilo\u015bci zam\u00f3wie\u0144 - skalowanie dzia\u0142alno\u015bci<br data-start=\"5130\" data-end=\"5133\" \/>- Szybka, globalna wysy\u0142ka - obejmuje Europ\u0119, USA i Azj\u0119<br data-start=\"5184\" data-end=\"5187\" \/>- Spersonalizowane wsparcie - wieloj\u0119zyczni eksperci na zawo\u0142anie<br data-start=\"5240\" data-end=\"5243\" \/>- Ponad 20 lat do\u015bwiadczenia w bran\u017cy - zaufany partner mi\u0119dzynarodowy<\/p>\n<hr class=\"\" data-start=\"5310\" data-end=\"5313\" \/>","protected":false},"excerpt":{"rendered":"<p class=\"\" data-start=\"2646\" data-end=\"2778\">???? <strong data-start=\"2649\" data-end=\"2678\">Ochrona klasy wojskowej<\/strong><br data-start=\"2678\" data-end=\"2681\" \/>Zaawansowane, twarde ochraniacze kostek i palc\u00f3w chroni\u0105 przed uderzeniami, otarciami i urazami.<\/p>\n<p class=\"\" data-start=\"2780\" data-end=\"2916\">???? <strong data-start=\"2783\" data-end=\"2812\">Doskona\u0142a przyczepno\u015b\u0107<\/strong><br data-start=\"2812\" data-end=\"2815\" \/>Wzmocniona antypo\u015blizgowa d\u0142o\u0144 zapewnia lepsz\u0105 obs\u0142ug\u0119 broni, kontrol\u0119 nad narz\u0119dziami i pewny chwyt motocykla.<\/p>\n<p class=\"\" data-start=\"2918\" data-end=\"3058\">???? <strong data-start=\"2921\" data-end=\"2945\">Konstrukcja o wysokiej mobilno\u015bci<\/strong><br data-start=\"2945\" data-end=\"2948\" \/>Wst\u0119pnie zakrzywione palce i elastyczne panele umo\u017cliwiaj\u0105 pe\u0142ny zakres ruchu, zapewniaj\u0105c szybki refleks i precyzyjne ruchy.<\/p>\n<p class=\"\" data-start=\"3060\" data-end=\"3200\">???? <strong data-start=\"3063\" data-end=\"3093\">Taktyczna lekka konstrukcja<\/strong><br data-start=\"3093\" data-end=\"3096\" \/>Lekkie materia\u0142y r\u00f3wnowa\u017c\u0105 wytrzyma\u0142o\u015b\u0107 i oddychalno\u015b\u0107, zapewniaj\u0105c komfort podczas d\u0142ugich misji i przeja\u017cd\u017cek.<\/p>\n<p class=\"\" data-start=\"3202\" data-end=\"3334\">???? <strong data-start=\"3205\" data-end=\"3226\">Gotowy na ekran dotykowy<\/strong><br data-start=\"3226\" data-end=\"3229\" \/>Palec wskazuj\u0105cy i kciuk s\u0105 kompatybilne z ekranem dotykowym, umo\u017cliwiaj\u0105c korzystanie ze smartfon\u00f3w, GPS lub tablet\u00f3w bez konieczno\u015bci ich zdejmowania.<\/p>","protected":false},"featured_media":9354,"comment_status":"closed","ping_status":"closed","template":"","meta":[],"product_brand":[35],"product_cat":[99,100],"product_tag":[116],"class_list":{"0":"post-8937","1":"product","2":"type-product","3":"status-publish","4":"has-post-thumbnail","6":"product_brand-ryinz","7":"product_cat-gloves","8":"product_cat-police-gloves","9":"product_tag-protective-gloves-for-law-enforcement","11":"first","12":"instock","13":"taxable","14":"shipping-taxable","15":"purchasable","16":"product-type-simple"},"_links":{"self":[{"href":"https:\/\/ryinz.cz\/velkoobchod\/pl\/wp-json\/wp\/v2\/product\/8937","targetHints":{"allow":["GET"]}}],"collection":[{"href":"https:\/\/ryinz.cz\/velkoobchod\/pl\/wp-json\/wp\/v2\/product"}],"about":[{"href":"https:\/\/ryinz.cz\/velkoobchod\/pl\/wp-json\/wp\/v2\/types\/product"}],"replies":[{"embeddable":true,"href":"https:\/\/ryinz.cz\/velkoobchod\/pl\/wp-json\/wp\/v2\/comments?post=8937"}],"wp:featuredmedia":[{"embeddable":true,"href":"https:\/\/ryinz.cz\/velkoobchod\/pl\/wp-json\/wp\/v2\/media\/9354"}],"wp:attachment":[{"href":"https:\/\/ryinz.cz\/velkoobchod\/pl\/wp-json\/wp\/v2\/media?parent=8937"}],"wp:term":[{"taxonomy":"product_brand","embeddable":true,"href":"https:\/\/ryinz.cz\/velkoobchod\/pl\/wp-json\/wp\/v2\/product_brand?post=8937"},{"taxonomy":"product_cat","embeddable":true,"href":"https:\/\/ryinz.cz\/velkoobchod\/pl\/wp-json\/wp\/v2\/product_cat?post=8937"},{"taxonomy":"product_tag","embeddable":true,"href":"https:\/\/ryinz.cz\/velkoobchod\/pl\/wp-json\/wp\/v2\/product_tag?post=8937"}],"curies":[{"name":"wp","href":"https:\/\/api.w.org\/{rel}","templated":true}]}}