{"id":8936,"date":"2025-08-26T11:48:32","date_gmt":"2025-08-26T11:48:32","guid":{"rendered":"https:\/\/ryinz.cz\/velkoobchod\/?post_type=product&#038;p=8936"},"modified":"2026-01-18T20:16:57","modified_gmt":"2026-01-18T20:16:57","slug":"taktyczne-rekawice-szturmowe-ryinz-ekstremalna-ochrona-podczas-sluzby","status":"publish","type":"product","link":"https:\/\/ryinz.cz\/velkoobchod\/pl\/product\/ryinz-military-tactical-assault-gloves-extreme-duty-protection\/","title":{"rendered":"Ryinz Military Tactical Assault Gloves - ochrona przed ekstremalnymi obci\u0105\u017ceniami"},"content":{"rendered":"<p class=\"\" data-start=\"377\" data-end=\"584\"><strong data-start=\"377\" data-end=\"386\">Ryinz<\/strong> jest si\u0142\u0105 nap\u0119dow\u0105 globalnego handlu, \u0142\u0105cz\u0105c\u0105 producent\u00f3w, marki i nabywc\u00f3w hurtowych o wysokim potencjale w Europie, USA i Azji. Nasza misja jest prosta: otwiera\u0107 drzwi do sukcesu.<\/p>\n<p class=\"\" data-start=\"586\" data-end=\"931\">Przedstawiamy <strong data-start=\"602\" data-end=\"644\">Wojskowe r\u0119kawice taktyczne Ryinz<\/strong> - Profesjonalne rozwi\u0105zanie dla \u017co\u0142nierzy, pracownik\u00f3w ochrony, operator\u00f3w taktycznych, graczy airsoftowych i wojownik\u00f3w outdoorowych, kt\u00f3rzy wymagaj\u0105 ekstremalnej wydajno\u015bci w ka\u017cdej sytuacji. R\u0119kawice te zosta\u0142y zaprojektowane tak, aby zapewni\u0107 pe\u0142n\u0105 ochron\u0119 d\u0142oni bez uszczerbku dla elastyczno\u015bci, przyczepno\u015bci i komfortu.<\/p>\n<p class=\"\" data-start=\"933\" data-end=\"1271\">Wykonane ze wzmocnionych tkanin syntetycznych o wysokiej wytrzyma\u0142o\u015bci i odpornego na uderzenia pancerza, r\u0119kawice te chroni\u0105 kostki, palce i d\u0142onie przed silnymi uderzeniami, oparzeniami ciernymi, przeci\u0119ciami i zu\u017cyciem ci\u0119\u017ckiego sprz\u0119tu. Wytrzyma\u0142a os\u0142ona knykci zapewnia ochron\u0119 d\u0142oni podczas walki, manewr\u00f3w taktycznych lub ekstremalnych aktywno\u015bci na \u015bwie\u017cym powietrzu.<\/p>\n<p class=\"\" data-start=\"1273\" data-end=\"1547\"><strong data-start=\"1273\" data-end=\"1316\">Wzmocniona antypo\u015blizgow\u0105 powierzchni\u0105 d\u0142oni<\/strong>, Dzi\u0119ki precyzyjnym szwom i oddychaj\u0105cym strefom materia\u0142u r\u0119kawice te zapewniaj\u0105 maksymaln\u0105 zr\u0119czno\u015b\u0107 i doskona\u0142\u0105 obs\u0142ug\u0119 broni. Niezale\u017cnie od tego, czy chodzi o kontrol\u0119 karabinu, wspinaczk\u0119, czy ci\u0119\u017ck\u0105 prac\u0119 w terenie, do\u015bwiadczysz wydajno\u015bci, na kt\u00f3r\u0105 mo\u017cesz liczy\u0107.<\/p>\n<p class=\"\" data-start=\"1549\" data-end=\"1837\">Zaprojektowany z my\u015bl\u0105 o adaptacji w wielu \u015brodowiskach, <strong data-start=\"1594\" data-end=\"1619\">R\u0119kawice taktyczne Ryinz<\/strong> Wytrzymuj\u0105 burze piaskowe, deszcz, niskie temperatury i najtrudniejsze warunki na polu bitwy, dzi\u0119ki czemu s\u0105 idealnym wyborem dla operacji wojskowych, misji organ\u00f3w \u015bcigania, survivalowc\u00f3w, rozgrywek airsoftowych i wypraw my\u015bliwskich.<\/p>\n<p class=\"\" data-start=\"1839\" data-end=\"2074\">Oferowane w ramach rozwi\u0105za\u0144 private-label i program\u00f3w hurtowych, r\u0119kawice te s\u0105 gotowe do natychmiastowej dystrybucji w ca\u0142ej Europie i USA. Dostosuj swoje logo, wybierz preferowane kolory i oznacz swoj\u0105 lini\u0119 taktyczn\u0105 mark\u0105 Ryinz.<\/p>\n<p class=\"\" data-start=\"2076\" data-end=\"2155\">Zaufaj Ryinz - gdzie ka\u017cdy produkt odzwierciedla si\u0142\u0119, odporno\u015b\u0107 i gotowo\u015b\u0107.<\/p>\n<hr class=\"\" data-start=\"2157\" data-end=\"2160\" \/>\n<h1 class=\"\" data-start=\"2162\" data-end=\"2196\"><strong data-start=\"2167\" data-end=\"2196\">Kluczowe cechy i korzy\u015bci<\/strong><\/h1>\n<p class=\"\" data-start=\"2198\" data-end=\"2336\"><strong data-start=\"2201\" data-end=\"2235\">Ochrona kostek klasy pancernej<\/strong><br data-start=\"2235\" data-end=\"2238\" \/>Sztywne, formowane os\u0142ony kostek zapewniaj\u0105 doskona\u0142\u0105 ochron\u0119 przed uderzeniami, \u015bcieraniem i zagro\u017ceniami taktycznymi.<\/p>\n<p class=\"\" data-start=\"2338\" data-end=\"2473\"><strong data-start=\"2341\" data-end=\"2370\">Zwi\u0119kszona przyczepno\u015b\u0107 i kontrola<\/strong><br data-start=\"2370\" data-end=\"2373\" \/>Technologia antypo\u015blizgowych d\u0142oni gwarantuje maksymaln\u0105 kontrol\u0119 nad broni\u0105, pojazdem i narz\u0119dziami w ka\u017cdych warunkach.<\/p>\n<p class=\"\" data-start=\"2475\" data-end=\"2621\"><strong data-start=\"2478\" data-end=\"2514\">Taktyczna oddychaj\u0105ca konstrukcja<\/strong><br data-start=\"2514\" data-end=\"2517\" \/>Odprowadzaj\u0105ca wilgo\u0107, lekka i oddychaj\u0105ca tkanina zapobiega zm\u0119czeniu d\u0142oni podczas d\u0142ugotrwa\u0142ej pracy.<\/p>\n<p class=\"\" data-start=\"2623\" data-end=\"2756\"><strong data-start=\"2626\" data-end=\"2650\">Wzmocnione szwy<\/strong><br data-start=\"2650\" data-end=\"2653\" \/>Podw\u00f3jnie wzmocnione szwy zwi\u0119kszaj\u0105 wytrzyma\u0142o\u015b\u0107 w krytycznych punktach napr\u0119\u017ce\u0144, zapewniaj\u0105c trwa\u0142o\u015b\u0107 i d\u0142ug\u0105 \u017cywotno\u015b\u0107.<\/p>\n<p class=\"\" data-start=\"2758\" data-end=\"2879\"><strong data-start=\"2761\" data-end=\"2796\">Regulowane, bezpieczne zapi\u0119cie na nadgarstek<\/strong><br data-start=\"2796\" data-end=\"2799\" \/>Opaski na nadgarstki z rzepem zapewniaj\u0105 indywidualne, \u015bcis\u0142e dopasowanie, dzi\u0119ki czemu r\u0119kawice pewnie trzymaj\u0105 si\u0119 na miejscu.<\/p>\n<p class=\"\" data-start=\"2881\" data-end=\"3017\"><strong data-start=\"2884\" data-end=\"2915\">Ergonomiczna, zakrzywiona konstrukcja<\/strong><br data-start=\"2915\" data-end=\"2918\" \/>Zoptymalizowany pod k\u0105tem naturalnej pozycji d\u0142oni, zapewnia komfort i elastyczno\u015b\u0107 podczas intensywnych aktywno\u015bci.<\/p>\n<p class=\"\" data-start=\"3019\" data-end=\"3145\"><strong data-start=\"3022\" data-end=\"3053\">Materia\u0142y odporne na warunki atmosferyczne<\/strong><br data-start=\"3053\" data-end=\"3056\" \/>Odporno\u015b\u0107 na deszcz, b\u0142oto i piasek zapewnia przyczepno\u015b\u0107 i wydajno\u015b\u0107 w trudnych warunkach.<\/p>\n<p class=\"\" data-start=\"3147\" data-end=\"3270\"><strong data-start=\"3150\" data-end=\"3186\">Niestandardowe logo i prywatne etykietowanie<\/strong><br data-start=\"3186\" data-end=\"3189\" \/>Ryinz oferuje pe\u0142ne rozwi\u0105zania brandingowe - logo, etykiet\u0119, lini\u0119 taktyczn\u0105.<\/p>\n<p class=\"\" data-start=\"3272\" data-end=\"3416\"><strong data-start=\"3275\" data-end=\"3305\">Gotowy na \u0142a\u0144cuch dostaw B2B<\/strong><br data-start=\"3305\" data-end=\"3308\" \/>Idealny dla hurtownik\u00f3w, departament\u00f3w policji, jednostek wojskowych, firm ochroniarskich i sprzedawc\u00f3w sprz\u0119tu outdoorowego.<\/p>\n<p class=\"\" data-start=\"3418\" data-end=\"3567\"><strong data-start=\"3421\" data-end=\"3461\">Zgodno\u015b\u0107 z normami taktycznymi UE<\/strong><br data-start=\"3461\" data-end=\"3464\" \/>Idealny dla europejskich dostawc\u00f3w wojskowych, sklep\u00f3w taktycznych, dystrybutor\u00f3w airsoftowych i ameryka\u0144skich sprzedawc\u00f3w outdoorowych.<\/p>\n<hr class=\"\" data-start=\"3569\" data-end=\"3572\" \/>\n<h1 class=\"\" data-start=\"3574\" data-end=\"3605\"><strong data-start=\"3579\" data-end=\"3605\">Specyfikacja produktu<\/strong><\/h1>\n<p class=\"\" data-start=\"3607\" data-end=\"4063\">- <strong data-start=\"3609\" data-end=\"3621\">Materia\u0142<\/strong>: Poliester o wysokiej wytrzyma\u0142o\u015bci + sk\u00f3ra syntetyczna + poliw\u0119glan pancerny<br data-start=\"3688\" data-end=\"3691\" \/>- <strong data-start=\"3693\" data-end=\"3702\">Kolor<\/strong>: Czarny (dost\u0119pne kolory niestandardowe)<br data-start=\"3735\" data-end=\"3738\" \/>- <strong data-start=\"3740\" data-end=\"3749\">Rozmiary<\/strong>: S, M, L, XL, XXL<br data-start=\"3767\" data-end=\"3770\" \/>- <strong data-start=\"3772\" data-end=\"3788\">Zastosowania<\/strong>: Wojsko, Egzekwowanie prawa, Airsoft, Trening taktyczny, Polowanie, Sprz\u0119t survivalowy, Motocykl<br data-start=\"3878\" data-end=\"3881\" \/>- <strong data-start=\"3883\" data-end=\"3899\">Typ zamkni\u0119cia<\/strong>: Regulowany pasek na rzep<br data-start=\"3924\" data-end=\"3927\" \/>- <strong data-start=\"3929\" data-end=\"3949\">Obszary ochrony<\/strong>: Kostki, d\u0142onie, palce, grzbiet d\u0142oni<br data-start=\"3989\" data-end=\"3992\" \/>- <strong data-start=\"3994\" data-end=\"4009\">Opcje OEM<\/strong>: Tak (marka w\u0142asna, niestandardowe kolory, niestandardowe opakowanie)<\/p>\n<hr class=\"\" data-start=\"4065\" data-end=\"4068\" \/>\n<h1 class=\"\" data-start=\"4070\" data-end=\"4108\"><strong data-start=\"4075\" data-end=\"4108\">Idealni nabywcy i bran\u017ce<\/strong><\/h1>\n<p class=\"\" data-start=\"4110\" data-end=\"4412\">- Dostawcy sprz\u0119tu taktycznego i wojskowego<br data-start=\"4148\" data-end=\"4151\" \/>- Dostawcy umundurowania ochronnego<br data-start=\"4179\" data-end=\"4182\" \/>- Sklepy ze sprz\u0119tem do airsoftu i paintballa<br data-start=\"4221\" data-end=\"4224\" \/>- Hurtownie sprz\u0119tu survivalowego<br data-start=\"4251\" data-end=\"4254\" \/>- Outdoor Adventure Retailers<br data-start=\"4283\" data-end=\"4286\" \/>- Dostawcy polowa\u0144 i sport\u00f3w strzeleckich<br data-start=\"4325\" data-end=\"4328\" \/>- Sklepy taktyczne e-commerce (Amazon, eBay, Shopify)<br data-start=\"4380\" data-end=\"4383\" \/>- Rynki B2B w UE i USA<\/p>","protected":false},"excerpt":{"rendered":"<p class=\"\" data-start=\"2198\" data-end=\"2336\"><strong data-start=\"2201\" data-end=\"2235\">Ochrona kostek klasy pancernej<\/strong><br data-start=\"2235\" data-end=\"2238\" \/>Sztywne, formowane os\u0142ony kostek zapewniaj\u0105 doskona\u0142\u0105 ochron\u0119 przed uderzeniami, \u015bcieraniem i zagro\u017ceniami taktycznymi.<\/p>\n<p class=\"\" data-start=\"2338\" data-end=\"2473\"><strong data-start=\"2341\" data-end=\"2370\">Zwi\u0119kszona przyczepno\u015b\u0107 i kontrola<\/strong><br data-start=\"2370\" data-end=\"2373\" \/>Technologia antypo\u015blizgowych d\u0142oni gwarantuje maksymaln\u0105 kontrol\u0119 nad broni\u0105, pojazdem i narz\u0119dziami w ka\u017cdych warunkach.<\/p>\n<p class=\"\" data-start=\"2475\" data-end=\"2621\"><strong data-start=\"2478\" data-end=\"2514\">Taktyczna oddychaj\u0105ca konstrukcja<\/strong><br data-start=\"2514\" data-end=\"2517\" \/>Odprowadzaj\u0105ca wilgo\u0107, lekka i oddychaj\u0105ca tkanina zapobiega zm\u0119czeniu d\u0142oni podczas d\u0142ugotrwa\u0142ej pracy.<\/p>\n<p class=\"\" data-start=\"2623\" data-end=\"2756\"><strong data-start=\"2626\" data-end=\"2650\">Wzmocnione szwy<\/strong><br data-start=\"2650\" data-end=\"2653\" \/>Podw\u00f3jnie wzmocnione szwy zwi\u0119kszaj\u0105 wytrzyma\u0142o\u015b\u0107 w krytycznych punktach napr\u0119\u017ce\u0144, zapewniaj\u0105c trwa\u0142o\u015b\u0107 i d\u0142ug\u0105 \u017cywotno\u015b\u0107.<\/p>","protected":false},"featured_media":8981,"comment_status":"closed","ping_status":"closed","template":"","meta":[],"product_brand":[35],"product_cat":[99,100],"product_tag":[116],"class_list":{"0":"post-8936","1":"product","2":"type-product","3":"status-publish","4":"has-post-thumbnail","6":"product_brand-ryinz","7":"product_cat-gloves","8":"product_cat-police-gloves","9":"product_tag-protective-gloves-for-law-enforcement","11":"first","12":"instock","13":"taxable","14":"shipping-taxable","15":"purchasable","16":"product-type-simple"},"_links":{"self":[{"href":"https:\/\/ryinz.cz\/velkoobchod\/pl\/wp-json\/wp\/v2\/product\/8936","targetHints":{"allow":["GET"]}}],"collection":[{"href":"https:\/\/ryinz.cz\/velkoobchod\/pl\/wp-json\/wp\/v2\/product"}],"about":[{"href":"https:\/\/ryinz.cz\/velkoobchod\/pl\/wp-json\/wp\/v2\/types\/product"}],"replies":[{"embeddable":true,"href":"https:\/\/ryinz.cz\/velkoobchod\/pl\/wp-json\/wp\/v2\/comments?post=8936"}],"wp:featuredmedia":[{"embeddable":true,"href":"https:\/\/ryinz.cz\/velkoobchod\/pl\/wp-json\/wp\/v2\/media\/8981"}],"wp:attachment":[{"href":"https:\/\/ryinz.cz\/velkoobchod\/pl\/wp-json\/wp\/v2\/media?parent=8936"}],"wp:term":[{"taxonomy":"product_brand","embeddable":true,"href":"https:\/\/ryinz.cz\/velkoobchod\/pl\/wp-json\/wp\/v2\/product_brand?post=8936"},{"taxonomy":"product_cat","embeddable":true,"href":"https:\/\/ryinz.cz\/velkoobchod\/pl\/wp-json\/wp\/v2\/product_cat?post=8936"},{"taxonomy":"product_tag","embeddable":true,"href":"https:\/\/ryinz.cz\/velkoobchod\/pl\/wp-json\/wp\/v2\/product_tag?post=8936"}],"curies":[{"name":"wp","href":"https:\/\/api.w.org\/{rel}","templated":true}]}}