{"id":8935,"date":"2025-06-22T15:22:03","date_gmt":"2025-06-22T15:22:03","guid":{"rendered":"https:\/\/ryinz.cz\/velkoobchod\/?post_type=product&#038;p=8935"},"modified":"2026-01-18T20:16:56","modified_gmt":"2026-01-18T20:16:56","slug":"ryinz-wysokoudarowe-rekawice-mechaniczne-tpr-antyprzecieciowe-olejoodporne-wzmocnione-rekawice-robocze-do-zastosowan-przemyslowych-w-motoryzacji","status":"publish","type":"product","link":"https:\/\/ryinz.cz\/velkoobchod\/pl\/product\/ryinz-high-impact-tpr-mechanics-gloves-anti-cut-oil-resistant-reinforced-grip-work-gloves-for-industrial-automotive-use\/","title":{"rendered":"R\u0119kawice mechaniczne RYINZ High-Impact TPR - antyprzeci\u0119ciowe, olejoodporne, wzmocnione r\u0119kawice robocze do zastosowa\u0144 przemys\u0142owych i motoryzacyjnych"},"content":{"rendered":"<p class=\"\" data-start=\"332\" data-end=\"700\">The <strong data-start=\"336\" data-end=\"378\">R\u0119kawice mechaniczne RYINZ TPR o wysokiej odporno\u015bci na uderzenia<\/strong> zosta\u0142y zaprojektowane z my\u015bl\u0105 o profesjonalistach, kt\u00f3rzy wymagaj\u0105 wydajnej ochrony d\u0142oni w najtrudniejszych warunkach pracy. R\u0119kawice te zosta\u0142y stworzone z my\u015bl\u0105 o rygorystycznych zadaniach w bran\u017cy motoryzacyjnej, przemys\u0142owej, naftowo-gazowej, g\u00f3rniczej i ci\u0119\u017ckich \u015brodowiskach mechanicznych - oferuj\u0105c idealne po\u0142\u0105czenie bezpiecze\u0144stwa, trwa\u0142o\u015bci, elastyczno\u015bci i widoczno\u015bci.<\/p>\n<p class=\"\" data-start=\"702\" data-end=\"1193\">Wykonane z neonowo\u017c\u00f3\u0142tych i czerwonych materia\u0142\u00f3w o wysokiej widoczno\u015bci, r\u0119kawice te zapewniaj\u0105, \u017ce d\u0142onie s\u0105 zawsze widoczne w warunkach s\u0142abego o\u015bwietlenia lub w niebezpiecznych warunkach. Grzbiety r\u0119kawic s\u0105 wyposa\u017cone w <strong data-start=\"898\" data-end=\"956\">os\u0142ony przeciwuderzeniowe TPR (guma termoplastyczna) z pe\u0142nym pokryciem<\/strong>, kt\u00f3re zapewniaj\u0105 solidn\u0105 ochron\u0119 kostek, palc\u00f3w i \u015br\u00f3dr\u0119cza. Ka\u017cdy segment TPR jest precyzyjnie uformowany i strategicznie rozmieszczony, aby poch\u0142ania\u0107 i odbija\u0107 wstrz\u0105sy, zmniejszaj\u0105c ryzyko zmia\u017cd\u017cenia, uszczypni\u0119cia i siniak\u00f3w.<\/p>\n<p class=\"\" data-start=\"1195\" data-end=\"1579\">D\u0142o\u0144 posiada <strong data-start=\"1215\" data-end=\"1252\">wzmocniona podstawa ze sk\u00f3ry syntetycznej<\/strong> z wytrzyma\u0142ymi szwami i warstwow\u0105 wy\u015bci\u00f3\u0142k\u0105 dla dodatkowej trwa\u0142o\u015bci. Strefy chwytu s\u0105 pokryte teksturowanymi materia\u0142ami, kt\u00f3re zapewniaj\u0105 pewny chwyt narz\u0119dzi, maszyn i \u015bliskich powierzchni - nawet w zaolejonych lub mokrych warunkach. A <strong data-start=\"1475\" data-end=\"1509\">podw\u00f3jnie szyta podszewka Kevlar\u00ae<\/strong> wzd\u0142u\u017c stref wysokiego zu\u017cycia zwi\u0119ksza odporno\u015b\u0107 na przeci\u0119cia i wyd\u0142u\u017ca \u017cywotno\u015b\u0107 r\u0119kawic.<\/p>\n<p class=\"\" data-start=\"1581\" data-end=\"1999\">Zaprojektowane z my\u015bl\u0105 o ergonomii r\u0119kawice oferuj\u0105 <strong data-start=\"1632\" data-end=\"1662\">doskona\u0142a zr\u0119czno\u015b\u0107 palc\u00f3w<\/strong>, u\u0142atwiaj\u0105c obs\u0142ug\u0119 ma\u0142ych cz\u0119\u015bci lub wykonywanie szczeg\u00f3\u0142owych zada\u0144 bez ich zdejmowania. Dopasowane mankiety nadgarstk\u00f3w s\u0105 wyposa\u017cone w zaczepy do \u015bci\u0105gania i regulowane zapi\u0119cia, aby zapewni\u0107 bezpieczne dopasowanie, jednocze\u015bnie chroni\u0105c przed zanieczyszczeniami. Oddychaj\u0105cy materia\u0142 na grzbiecie r\u0119kawic i rozci\u0105gliwe strefy wzd\u0142u\u017c palc\u00f3w zmniejszaj\u0105 zm\u0119czenie d\u0142oni podczas d\u0142ugich godzin pracy.<\/p>\n<p class=\"\" data-start=\"2001\" data-end=\"2185\">Niezale\u017cnie od tego, czy serwisujesz silniki, obs\u0142ugujesz elektronarz\u0119dzia, pracujesz na placach budowy, czy wykonujesz wymagaj\u0105ce zadania przemys\u0142owe, r\u0119kawice te zapewniaj\u0105 ochron\u0119 d\u0142oni i produktywno\u015b\u0107.<\/p>\n<p class=\"\" data-start=\"2187\" data-end=\"2204\"><strong data-start=\"2187\" data-end=\"2204\">Kluczowe cechy:<\/strong><\/p>\n<ul data-start=\"2205\" data-end=\"2550\">\n<li class=\"\" data-start=\"2205\" data-end=\"2246\">\n<p class=\"\" data-start=\"2207\" data-end=\"2246\">Ochrona przed uderzeniami TPR zgodna z ANSI\/ISEA<\/p>\n<\/li>\n<li class=\"\" data-start=\"2247\" data-end=\"2304\">\n<p class=\"\" data-start=\"2249\" data-end=\"2304\">Dobrze widoczna kombinacja kolor\u00f3w zapewniaj\u0105ca bezpiecze\u0144stwo w miejscu pracy<\/p>\n<\/li>\n<li class=\"\" data-start=\"2305\" data-end=\"2341\">\n<p class=\"\" data-start=\"2307\" data-end=\"2341\">D\u0142o\u0144 odporna na olej i \u015bcieranie<\/p>\n<\/li>\n<li class=\"\" data-start=\"2342\" data-end=\"2374\">\n<p class=\"\" data-start=\"2344\" data-end=\"2374\">Wzmocnione, wy\u015bcie\u0142ane strefy chwytu<\/p>\n<\/li>\n<li class=\"\" data-start=\"2375\" data-end=\"2421\">\n<p class=\"\" data-start=\"2377\" data-end=\"2421\">Doskona\u0142a zr\u0119czno\u015b\u0107 i wra\u017cliwo\u015b\u0107 dotykowa<\/p>\n<\/li>\n<li class=\"\" data-start=\"2422\" data-end=\"2460\">\n<p class=\"\" data-start=\"2424\" data-end=\"2460\">Bezpieczne zapi\u0119cie na nadgarstku z zak\u0142adk\u0105<\/p>\n<\/li>\n<li class=\"\" data-start=\"2461\" data-end=\"2505\">\n<p class=\"\" data-start=\"2463\" data-end=\"2505\">Podw\u00f3jne szwy dla dodatkowej wytrzyma\u0142o\u015bci<\/p>\n<\/li>\n<li class=\"\" data-start=\"2506\" data-end=\"2550\">\n<p class=\"\" data-start=\"2508\" data-end=\"2550\">Nadaje si\u0119 do u\u017cytku w ka\u017cdych warunkach pogodowych i przez ca\u0142y sezon<\/p>\n<\/li>\n<\/ul>\n<p class=\"\" data-start=\"2552\" data-end=\"2578\"><strong data-start=\"2552\" data-end=\"2578\">Zalecane przypadki u\u017cycia:<\/strong><\/p>\n<ul data-start=\"2579\" data-end=\"2783\">\n<li class=\"\" data-start=\"2579\" data-end=\"2617\">\n<p class=\"\" data-start=\"2581\" data-end=\"2617\">Mechanika i konserwacja samochod\u00f3w<\/p>\n<\/li>\n<li class=\"\" data-start=\"2618\" data-end=\"2640\">\n<p class=\"\" data-start=\"2620\" data-end=\"2640\">Przemys\u0142 naftowy i gazowy<\/p>\n<\/li>\n<li class=\"\" data-start=\"2641\" data-end=\"2669\">\n<p class=\"\" data-start=\"2643\" data-end=\"2669\">Budownictwo i ciesielstwo<\/p>\n<\/li>\n<li class=\"\" data-start=\"2670\" data-end=\"2698\">\n<p class=\"\" data-start=\"2672\" data-end=\"2698\">Obs\u0142uga ci\u0119\u017ckich maszyn<\/p>\n<\/li>\n<li class=\"\" data-start=\"2699\" data-end=\"2723\">\n<p class=\"\" data-start=\"2701\" data-end=\"2723\">Magazyn i wysy\u0142ka<\/p>\n<\/li>\n<li class=\"\" data-start=\"2724\" data-end=\"2759\">\n<p class=\"\" data-start=\"2726\" data-end=\"2759\">Ratownictwo i prace komunalne<\/p>\n<\/li>\n<li class=\"\" data-start=\"2760\" data-end=\"2783\">\n<p class=\"\" data-start=\"2762\" data-end=\"2783\">G\u00f3rnictwo i rozbi\u00f3rka<\/p>\n<\/li>\n<\/ul>\n<p class=\"\" data-start=\"2785\" data-end=\"3043\">Oferowane w wielu rozmiarach, aby zapewni\u0107 idealne dopasowanie, r\u0119kawice RYINZ Mechanics Gloves s\u0105 zaufanym towarzyszem bezpiecznej, pewnej i wydajnej pracy. Spe\u0142niaj\u0105 one mi\u0119dzynarodowe standardy jako\u015bci i mog\u0105 by\u0107 spersonalizowane za pomoc\u0105 logo marki dla partner\u00f3w OEM\/ODM.<\/p>\n<p class=\"\" data-start=\"3045\" data-end=\"3228\"><strong data-start=\"3045\" data-end=\"3067\">Instrukcje dotycz\u0105ce piel\u0119gnacji:<\/strong><br data-start=\"3067\" data-end=\"3070\" \/>Przetrze\u0107 wilgotn\u0105 szmatk\u0105. Nie pra\u0107 w pralce. Przechowywa\u0107 w ch\u0142odnym, suchym miejscu. W celu zapewnienia optymalnej ochrony r\u0119kawice nale\u017cy wymienia\u0107, gdy widoczne s\u0105 oznaki zu\u017cycia lub uszkodzenia.<\/p>\n<p class=\"\" data-start=\"3230\" data-end=\"3463\">Wspierany przez dziesi\u0119ciolecia do\u015bwiadczenia w produkcji i ciesz\u0105cy si\u0119 zaufaniem profesjonalist\u00f3w na ca\u0142ym \u015bwiecie, RYINZ zapewnia sta\u0142\u0105 jako\u015b\u0107 i wydajno\u015b\u0107. Skontaktuj si\u0119 z nami ju\u017c dzi\u015b, aby uzyska\u0107 zapytania dotycz\u0105ce sprzeda\u017cy hurtowej, niestandardowego rozwoju lub opcji etykietowania prywatnego.<\/p>","protected":false},"excerpt":{"rendered":"<p>R\u0119kawice dla mechanik\u00f3w RYINZ TPR, zaprojektowane z my\u015bl\u0105 o ekstremalnej ochronie i codziennym u\u017cytkowaniu, \u0142\u0105cz\u0105 w sobie wysok\u0105 odporno\u015b\u0107 na uderzenia, precyzj\u0119 chwytu i ca\u0142odzienny komfort w jednej wytrzyma\u0142ej konstrukcji. Niezale\u017cnie od tego, czy pracujesz na polach naftowych, naprawiasz silniki, czy obs\u0142ugujesz ci\u0119\u017cki sprz\u0119t, r\u0119kawice te zapewniaj\u0105 trwa\u0142o\u015b\u0107 i zr\u0119czno\u015b\u0107, kt\u00f3rych potrzebujesz. Pe\u0142ne os\u0142ony z TPR chroni\u0105 przed uderzeniami i siniakami, a teksturowane strefy chwytu na d\u0142oni zapewniaj\u0105, \u017ce nie stracisz kontroli nad narz\u0119dziami nawet w \u015bliskich warunkach. Dzi\u0119ki wzmocnionym szwom, wyra\u017anym kolorom i dopasowanemu, regulowanemu krojowi, r\u0119kawice te pomagaj\u0105 pracowa\u0107 m\u0105drzej i bezpieczniej - na ka\u017cdej zmianie, przy ka\u017cdym zadaniu.<\/p>","protected":false},"featured_media":8976,"comment_status":"closed","ping_status":"closed","template":"","meta":[],"product_brand":[35],"product_cat":[82,83],"product_tag":[97,98],"class_list":{"0":"post-8935","1":"product","2":"type-product","3":"status-publish","4":"has-post-thumbnail","6":"product_brand-ryinz","7":"product_cat-mechanic-industrial-gloves","8":"product_cat-mechanics-gloves","9":"product_tag-en388-certified-gloves","10":"product_tag-neoprene-cuff-mechanics-gloves","12":"first","13":"instock","14":"taxable","15":"shipping-taxable","16":"purchasable","17":"product-type-simple"},"_links":{"self":[{"href":"https:\/\/ryinz.cz\/velkoobchod\/pl\/wp-json\/wp\/v2\/product\/8935","targetHints":{"allow":["GET"]}}],"collection":[{"href":"https:\/\/ryinz.cz\/velkoobchod\/pl\/wp-json\/wp\/v2\/product"}],"about":[{"href":"https:\/\/ryinz.cz\/velkoobchod\/pl\/wp-json\/wp\/v2\/types\/product"}],"replies":[{"embeddable":true,"href":"https:\/\/ryinz.cz\/velkoobchod\/pl\/wp-json\/wp\/v2\/comments?post=8935"}],"wp:featuredmedia":[{"embeddable":true,"href":"https:\/\/ryinz.cz\/velkoobchod\/pl\/wp-json\/wp\/v2\/media\/8976"}],"wp:attachment":[{"href":"https:\/\/ryinz.cz\/velkoobchod\/pl\/wp-json\/wp\/v2\/media?parent=8935"}],"wp:term":[{"taxonomy":"product_brand","embeddable":true,"href":"https:\/\/ryinz.cz\/velkoobchod\/pl\/wp-json\/wp\/v2\/product_brand?post=8935"},{"taxonomy":"product_cat","embeddable":true,"href":"https:\/\/ryinz.cz\/velkoobchod\/pl\/wp-json\/wp\/v2\/product_cat?post=8935"},{"taxonomy":"product_tag","embeddable":true,"href":"https:\/\/ryinz.cz\/velkoobchod\/pl\/wp-json\/wp\/v2\/product_tag?post=8935"}],"curies":[{"name":"wp","href":"https:\/\/api.w.org\/{rel}","templated":true}]}}