{"id":8929,"date":"2025-06-22T15:21:37","date_gmt":"2025-06-22T15:21:37","guid":{"rendered":"https:\/\/ryinz.cz\/velkoobchod\/?post_type=product&#038;p=8929"},"modified":"2026-01-18T20:16:55","modified_gmt":"2026-01-18T20:16:55","slug":"odporne-na-uderzenia-rekawice-mechaniczne-ryinz-z-ochrona-tpr-antywibracyjne-odporne-na-przeciecia-i-o-podwyzszonej-widocznosci","status":"publish","type":"product","link":"https:\/\/ryinz.cz\/velkoobchod\/pl\/product\/ryinz-high-impact-resistant-mechanic-gloves-with-tpr-protection-anti-vibration-cut-resistant-and-hi-vis-safety-gloves\/","title":{"rendered":"Odporne na uderzenia r\u0119kawice mechaniczne RYINZ z ochron\u0105 TPR - antywibracyjne, odporne na przeci\u0119cia i odblaskowe r\u0119kawice ochronne"},"content":{"rendered":"<p class=\"\" data-start=\"281\" data-end=\"673\">The <strong data-start=\"285\" data-end=\"332\">Odporne na uderzenia r\u0119kawice mechaniczne RYINZ<\/strong> zosta\u0142y zaprojektowane z my\u015bl\u0105 o najbardziej wymagaj\u0105cych zadaniach przemys\u0142owych, mechanicznych i budowlanych, w kt\u00f3rych ochrona, komfort i precyzja musz\u0105 ze sob\u0105 p\u0142ynnie wsp\u00f3\u0142pracowa\u0107. Te r\u0119kawice to nie tylko odzie\u017c ochronna - to krytyczne narz\u0119dzie dla profesjonalist\u00f3w, kt\u00f3rzy s\u0105 nara\u017ceni na ryzyko uraz\u00f3w spowodowanych uderzeniami, wibracjami, otarciami i nara\u017ceniem na trudne warunki pracy.<\/p>\n<p class=\"\" data-start=\"675\" data-end=\"1058\">Wykonane z zaawansowanej tkaniny syntetycznej ze wzmocnion\u0105 d\u0142oni\u0105 i elastyczn\u0105 pow\u0142ok\u0105 ze spandexu, r\u0119kawice te zapewniaj\u0105 idealn\u0105 r\u00f3wnowag\u0119 mi\u0119dzy trwa\u0142o\u015bci\u0105 a komfortem. Ich wyr\u00f3\u017cniaj\u0105c\u0105 cech\u0105 jest <strong data-start=\"867\" data-end=\"908\">ochrona z gumy termoplastycznej (TPR)<\/strong> na grzbiecie d\u0142oni i palcach. Ten pancerz klasy przemys\u0142owej odbija silne uderzenia i chroni przed urazami spowodowanymi przez narz\u0119dzia, gruz lub maszyny.<\/p>\n<p class=\"\" data-start=\"1060\" data-end=\"1373\">Aby poprawi\u0107 widoczno\u015b\u0107 w miejscach s\u0142abo o\u015bwietlonych lub niebezpiecznych, r\u0119kawice zosta\u0142y zaprojektowane w nast\u0119puj\u0105cy spos\u00f3b <strong data-start=\"1144\" data-end=\"1174\">neonowa ziele\u0144 o wysokiej widoczno\u015bci<\/strong> z czarnymi akcentami i odblaskowymi detalami. Zapewnia to, \u017ce pracownicy s\u0105 dobrze widoczni, dodaj\u0105c dodatkow\u0105 warstw\u0119 bezpiecze\u0144stwa w \u015brodowiskach takich jak utrzymanie dr\u00f3g, strefy budowy i magazyny.<\/p>\n<p class=\"\" data-start=\"1375\" data-end=\"1794\">Obszar palmowy jest wyposa\u017cony w <strong data-start=\"1406\" data-end=\"1432\">Wy\u015bci\u00f3\u0142ka antywibracyjna<\/strong> i wzmocniony teksturowany wz\u00f3r uchwytu, aby poprawi\u0107 obs\u0142ug\u0119 i zmniejszy\u0107 zm\u0119czenie podczas d\u0142ugotrwa\u0142ego u\u017cytkowania. Wewn\u0119trzne strefy chwytne s\u0105 szyte nici\u0105 klasy przemys\u0142owej, oferuj\u0105c dodatkow\u0105 ochron\u0119 przed zu\u017cyciem podczas codziennych zada\u0144 mechanicznych. Niezale\u017cnie od tego, czy chodzi o podnoszenie, wbijanie, kluczenie czy monta\u017c cz\u0119\u015bci, r\u0119kawice te zapewniaj\u0105 pewny, kontrolowany chwyt przy ka\u017cdym ruchu.<\/p>\n<p class=\"\" data-start=\"1796\" data-end=\"2134\">Zaprojektowane do ca\u0142odziennego noszenia, r\u0119kawice te maj\u0105 dopasowany elastyczny nadgarstek z <strong data-start=\"1881\" data-end=\"1901\">\u0141atwe zak\u0142adanie<\/strong> dla szybkiego zak\u0142adania i zdejmowania, nawet spoconymi lub brudnymi d\u0142o\u0144mi. Oddychaj\u0105ca podszewka zapobiega gromadzeniu si\u0119 wilgoci i utrzymuje przep\u0142yw powietrza, a ergonomiczna konstrukcja zapewnia pe\u0142ny zakres ruch\u00f3w, wra\u017cliwo\u015b\u0107 dotykow\u0105 i precyzyjn\u0105 kontrol\u0119.<\/p>\n<p class=\"\" data-start=\"2136\" data-end=\"2153\"><strong data-start=\"2136\" data-end=\"2153\">Kluczowe cechy:<\/strong><\/p>\n<ul data-start=\"2155\" data-end=\"2988\">\n<li class=\"\" data-start=\"2155\" data-end=\"2256\">\n<p class=\"\" data-start=\"2157\" data-end=\"2256\"><strong data-start=\"2157\" data-end=\"2188\">Pe\u0142na ochrona przed uderzeniami TPR:<\/strong> Grzbiety palc\u00f3w, kostki i d\u0142o\u0144 chronione przed t\u0119pym uderzeniem<\/p>\n<\/li>\n<li class=\"\" data-start=\"2257\" data-end=\"2368\">\n<p class=\"\" data-start=\"2259\" data-end=\"2368\"><strong data-start=\"2259\" data-end=\"2282\">Hi-Vis Neon Design:<\/strong> Jasnozielony korpus z odblaskowymi akcentami zapewnia widoczno\u015b\u0107 w ciemnych lub zat\u0142oczonych miejscach pracy<\/p>\n<\/li>\n<li class=\"\" data-start=\"2369\" data-end=\"2468\">\n<p class=\"\" data-start=\"2371\" data-end=\"2468\"><strong data-start=\"2371\" data-end=\"2395\">D\u0142o\u0144 antywibracyjna:<\/strong> Amortyzuje powtarzaj\u0105ce si\u0119 wstrz\u0105sy i zmniejsza obci\u0105\u017cenie r\u0105k podczas u\u017cywania narz\u0119dzi<\/p>\n<\/li>\n<li class=\"\" data-start=\"2469\" data-end=\"2543\">\n<p class=\"\" data-start=\"2471\" data-end=\"2543\"><strong data-start=\"2471\" data-end=\"2504\">Wzmocnione strefy d\u0142oni i chwytu:<\/strong> Zwi\u0119kszona trwa\u0142o\u015b\u0107 i kontrola po\u015blizgu<\/p>\n<\/li>\n<li class=\"\" data-start=\"2544\" data-end=\"2619\">\n<p class=\"\" data-start=\"2546\" data-end=\"2619\"><strong data-start=\"2546\" data-end=\"2574\">Oddychaj\u0105ca wy\u015bci\u00f3\u0142ka wewn\u0119trzna:<\/strong> Zmniejsza pocenie si\u0119 i poprawia komfort przez ca\u0142y dzie\u0144<\/p>\n<\/li>\n<li class=\"\" data-start=\"2620\" data-end=\"2690\">\n<p class=\"\" data-start=\"2622\" data-end=\"2690\"><strong data-start=\"2622\" data-end=\"2655\">Elastyczny nadgarstek i \u015bci\u0105gacz:<\/strong> Bezpieczne dopasowanie i szybka aplikacja<\/p>\n<\/li>\n<li class=\"\" data-start=\"2691\" data-end=\"2764\">\n<p class=\"\" data-start=\"2693\" data-end=\"2764\"><strong data-start=\"2693\" data-end=\"2719\">Podw\u00f3jne szwy:<\/strong> Wysoka wytrzyma\u0142o\u015b\u0107 na rozci\u0105ganie w trudnych warunkach<\/p>\n<\/li>\n<li class=\"\" data-start=\"2765\" data-end=\"2842\">\n<p class=\"\" data-start=\"2767\" data-end=\"2842\"><strong data-start=\"2767\" data-end=\"2795\">Elastyczny materia\u0142 spandex:<\/strong> Umo\u017cliwia mobilno\u015b\u0107 bez uszczerbku dla bezpiecze\u0144stwa<\/p>\n<\/li>\n<li class=\"\" data-start=\"2843\" data-end=\"2907\">\n<p class=\"\" data-start=\"2845\" data-end=\"2907\"><strong data-start=\"2845\" data-end=\"2865\">Dost\u0119pne rozmiary:<\/strong> M, L, XL, XXL (rozmiary niestandardowe na \u017cyczenie)<\/p>\n<\/li>\n<li class=\"\" data-start=\"2908\" data-end=\"2988\">\n<p class=\"\" data-start=\"2910\" data-end=\"2988\"><strong data-start=\"2910\" data-end=\"2928\">Personalizacja:<\/strong> Logotypy, prywatne etykiety, opcje pakowania dla partner\u00f3w OEM<\/p>\n<\/li>\n<\/ul>\n<p class=\"\" data-start=\"2990\" data-end=\"3010\"><strong data-start=\"2990\" data-end=\"3010\">Zalecane dla:<\/strong><\/p>\n<ul data-start=\"3012\" data-end=\"3374\">\n<li class=\"\" data-start=\"3012\" data-end=\"3048\">\n<p class=\"\" data-start=\"3014\" data-end=\"3048\">Mechanicy i pracownicy bran\u017cy motoryzacyjnej<\/p>\n<\/li>\n<li class=\"\" data-start=\"3049\" data-end=\"3082\">\n<p class=\"\" data-start=\"3051\" data-end=\"3082\">Operacje w przemy\u015ble naftowym i gazowym<\/p>\n<\/li>\n<li class=\"\" data-start=\"3083\" data-end=\"3119\">\n<p class=\"\" data-start=\"3085\" data-end=\"3119\">G\u00f3rnictwo, wiercenie i wykopy<\/p>\n<\/li>\n<li class=\"\" data-start=\"3120\" data-end=\"3157\">\n<p class=\"\" data-start=\"3122\" data-end=\"3157\">Utrzymanie i budowa dr\u00f3g<\/p>\n<\/li>\n<li class=\"\" data-start=\"3158\" data-end=\"3192\">\n<p class=\"\" data-start=\"3160\" data-end=\"3192\">Personel ratunkowy i ratowniczy<\/p>\n<\/li>\n<li class=\"\" data-start=\"3193\" data-end=\"3228\">\n<p class=\"\" data-start=\"3195\" data-end=\"3228\">Za\u0142adunek i logistyka magazynowa<\/p>\n<\/li>\n<li class=\"\" data-start=\"3229\" data-end=\"3275\">\n<p class=\"\" data-start=\"3231\" data-end=\"3275\">Konserwacja linii energetycznych i sieci elektrycznej<\/p>\n<\/li>\n<li class=\"\" data-start=\"3276\" data-end=\"3333\">\n<p class=\"\" data-start=\"3278\" data-end=\"3333\">Monta\u017c i obs\u0142uga maszyn w jednostkach produkcyjnych<\/p>\n<\/li>\n<li class=\"\" data-start=\"3334\" data-end=\"3374\">\n<p class=\"\" data-start=\"3336\" data-end=\"3374\">Operatorzy ci\u0119\u017ckiego sprz\u0119tu i w\u00f3zk\u00f3w wid\u0142owych<\/p>\n<\/li>\n<\/ul>\n<p class=\"\" data-start=\"3376\" data-end=\"3408\"><strong data-start=\"3376\" data-end=\"3408\">Certyfikaty i zgodno\u015b\u0107:<\/strong><\/p>\n<ul data-start=\"3410\" data-end=\"3574\">\n<li class=\"\" data-start=\"3410\" data-end=\"3456\">\n<p class=\"\" data-start=\"3412\" data-end=\"3456\"><strong data-start=\"3412\" data-end=\"3454\">EN388 (norma ochrony mechanicznej)<\/strong><\/p>\n<\/li>\n<li class=\"\" data-start=\"3457\" data-end=\"3496\">\n<p class=\"\" data-start=\"3459\" data-end=\"3496\"><strong data-start=\"3459\" data-end=\"3494\">Odporno\u015b\u0107 na przeci\u0119cie ANSI (na \u017c\u0105danie)<\/strong><\/p>\n<\/li>\n<li class=\"\" data-start=\"3497\" data-end=\"3542\">\n<p class=\"\" data-start=\"3499\" data-end=\"3542\"><strong data-start=\"3499\" data-end=\"3540\">Certyfikat CE - odpowiedni dla rynku UE<\/strong><\/p>\n<\/li>\n<li class=\"\" data-start=\"3543\" data-end=\"3574\">\n<p class=\"\" data-start=\"3545\" data-end=\"3574\"><strong data-start=\"3545\" data-end=\"3574\">Materia\u0142y zgodne z REACH<\/strong><\/p>\n<\/li>\n<\/ul>\n<p class=\"\" data-start=\"3576\" data-end=\"3936\"><strong data-start=\"3576\" data-end=\"3599\">Eksport i sprzeda\u017c hurtowa:<\/strong><br data-start=\"3599\" data-end=\"3602\" \/>RYINZ oferuje rozwi\u0105zania dostosowane do potrzeb hurtownik\u00f3w i dystrybutor\u00f3w w Europie i USA. Dzi\u0119ki elastycznym minimalnym ilo\u015bciom zam\u00f3wie\u0144 (MOQ), dostosowywaniu produkt\u00f3w, prywatnym etykietom i opcjom szybkiej wysy\u0142ki, pomagamy partnerom skalowa\u0107 ich ofert\u0119 r\u0119kawic z pe\u0142nym wsparciem, dokumentacj\u0105 i wieloj\u0119zycznymi opakowaniami dost\u0119pnymi na \u017c\u0105danie.<\/p>","protected":false},"excerpt":{"rendered":"<p>Zaprojektowany dla profesjonalist\u00f3w <strong data-start=\"4034\" data-end=\"4071\">Wysokowydajne r\u0119kawice mechaniczne RYINZ<\/strong> zapewniaj\u0105 pe\u0142n\u0105 ochron\u0119 d\u0142oni dzi\u0119ki elastycznej konstrukcji. Ochrona z gumy termoplastycznej (TPR) na palcach i kostkach chroni przed uderzeniami, a wzmocniona d\u0142o\u0144 zmniejsza zm\u0119czenie wibracjami i poprawia chwyt narz\u0119dzia. R\u0119kawice te s\u0105 wykonane z wytrzyma\u0142ych, ale oddychaj\u0105cych materia\u0142\u00f3w, aby zmaksymalizowa\u0107 komfort i precyzj\u0119 podczas ci\u0119\u017ckich prac. Neonowy zielony kolor zapewnia bezpiecze\u0144stwo w miejscach pracy o du\u017cym nat\u0119\u017ceniu ruchu lub przy s\u0142abym o\u015bwietleniu. Idealne dla bran\u017cy mechanicznej, budowlanej, naftowo-gazowej i magazynowej, r\u0119kawice te s\u0105 stworzone do pracy pod presj\u0105.<\/p>","protected":false},"featured_media":8972,"comment_status":"closed","ping_status":"closed","template":"","meta":[],"product_brand":[35],"product_cat":[82,83],"product_tag":[96,85],"class_list":{"0":"post-8929","1":"product","2":"type-product","3":"status-publish","4":"has-post-thumbnail","6":"product_brand-ryinz","7":"product_cat-mechanic-industrial-gloves","8":"product_cat-mechanics-gloves","9":"product_tag-microfiber-mechanics-gloves","10":"product_tag-tpr-protection-gloves","12":"first","13":"instock","14":"taxable","15":"shipping-taxable","16":"purchasable","17":"product-type-simple"},"_links":{"self":[{"href":"https:\/\/ryinz.cz\/velkoobchod\/pl\/wp-json\/wp\/v2\/product\/8929","targetHints":{"allow":["GET"]}}],"collection":[{"href":"https:\/\/ryinz.cz\/velkoobchod\/pl\/wp-json\/wp\/v2\/product"}],"about":[{"href":"https:\/\/ryinz.cz\/velkoobchod\/pl\/wp-json\/wp\/v2\/types\/product"}],"replies":[{"embeddable":true,"href":"https:\/\/ryinz.cz\/velkoobchod\/pl\/wp-json\/wp\/v2\/comments?post=8929"}],"wp:featuredmedia":[{"embeddable":true,"href":"https:\/\/ryinz.cz\/velkoobchod\/pl\/wp-json\/wp\/v2\/media\/8972"}],"wp:attachment":[{"href":"https:\/\/ryinz.cz\/velkoobchod\/pl\/wp-json\/wp\/v2\/media?parent=8929"}],"wp:term":[{"taxonomy":"product_brand","embeddable":true,"href":"https:\/\/ryinz.cz\/velkoobchod\/pl\/wp-json\/wp\/v2\/product_brand?post=8929"},{"taxonomy":"product_cat","embeddable":true,"href":"https:\/\/ryinz.cz\/velkoobchod\/pl\/wp-json\/wp\/v2\/product_cat?post=8929"},{"taxonomy":"product_tag","embeddable":true,"href":"https:\/\/ryinz.cz\/velkoobchod\/pl\/wp-json\/wp\/v2\/product_tag?post=8929"}],"curies":[{"name":"wp","href":"https:\/\/api.w.org\/{rel}","templated":true}]}}