{"id":8919,"date":"2025-06-22T15:21:07","date_gmt":"2025-06-22T15:21:07","guid":{"rendered":"https:\/\/ryinz.cz\/velkoobchod\/?post_type=product&#038;p=8919"},"modified":"2026-01-18T20:16:52","modified_gmt":"2026-01-18T20:16:52","slug":"rekawice-robocze-ryinz-premium-z-dwoiny-bydlecej-wytrzymale-rekawice-ochronne-do-prac-spawalniczych-budowlanych-i-ogolnych","status":"publish","type":"product","link":"https:\/\/ryinz.cz\/velkoobchod\/pl\/product\/ryinz-premium-split-cowhide-leather-work-gloves-heavy-duty-safety-gloves-for-welding-construction-general-labor\/","title":{"rendered":"R\u0119kawice robocze RYINZ Premium z dwoiny bydl\u0119cej - wytrzyma\u0142e r\u0119kawice ochronne do spawania, prac budowlanych i prac og\u00f3lnych"},"content":{"rendered":"<p class=\"\" data-start=\"306\" data-end=\"652\">Niezr\u00f3wnana ochrona d\u0142oni i wytrzyma\u0142o\u015b\u0107 dzi\u0119ki <strong data-start=\"370\" data-end=\"421\">R\u0119kawice robocze RYINZ Premium z dwoiny bydl\u0119cej<\/strong>, zaprojektowane dla profesjonalist\u00f3w, kt\u00f3rzy wymagaj\u0105 niezawodno\u015bci i wytrzyma\u0142o\u015bci w ka\u017cdym zadaniu. Niezale\u017cnie od tego, czy spawasz, obs\u0142ugujesz narz\u0119dzia, pracujesz na budowie, czy wykonujesz og\u00f3lne prace przemys\u0142owe, te r\u0119kawice s\u0105 stworzone do wszystkiego.<\/p>\n<p class=\"\" data-start=\"654\" data-end=\"1010\">Wykonane z wysokiej jako\u015bci <strong data-start=\"680\" data-end=\"705\">dwoinowa sk\u00f3ra bydl\u0119ca<\/strong>, R\u0119kawice te zapewniaj\u0105 wyj\u0105tkow\u0105 trwa\u0142o\u015b\u0107, odporno\u015b\u0107 na przebicie i ochron\u0119 przed \u015bcieraniem. Zewn\u0119trzna pow\u0142oka ma dwukolorow\u0105 konstrukcj\u0119 z ci\u0119\u017ckim zamszem na zewn\u0105trz i wzmocnionymi bia\u0142ymi sk\u00f3rzanymi \u0142atami na d\u0142oni, opuszkach palc\u00f3w i kroczu kciuka, co zapewnia dodatkow\u0105 przyczepno\u015b\u0107 i odporno\u015b\u0107 na zu\u017cycie w obszarach nara\u017conych na du\u017ce obci\u0105\u017cenia.<\/p>\n<p class=\"\" data-start=\"1012\" data-end=\"1319\">Rozszerzony <strong data-start=\"1025\" data-end=\"1047\">Konstrukcja mankietu bezpiecze\u0144stwa<\/strong> Zapewnia nie tylko ochron\u0119 nadgarstka przed iskrami, gor\u0105cem i zanieczyszczeniami, ale tak\u017ce umo\u017cliwia \u0142atwe zak\u0142adanie i zdejmowanie. Wewn\u0119trzna wy\u015bci\u00f3\u0142ka zapewnia naturaln\u0105 oddychalno\u015b\u0107 dzi\u0119ki porowatej strukturze prawdziwej sk\u00f3ry, dzi\u0119ki czemu d\u0142onie s\u0105 ch\u0142odniejsze i wygodniejsze podczas d\u0142ugich godzin pracy.<\/p>\n<p class=\"\" data-start=\"1321\" data-end=\"1631\">An <strong data-start=\"1324\" data-end=\"1348\">elastyczny ty\u0142 z marszczeniem<\/strong> poprawia dopasowanie i elastyczno\u015b\u0107 bez uszczerbku dla bezpiecze\u0144stwa, a wzmocnione szwy zapewniaj\u0105 wi\u0119ksz\u0105 integralno\u015b\u0107 strukturaln\u0105 w przypadku powtarzalnych zada\u0144 o du\u017cym obci\u0105\u017ceniu. R\u0119kawice te s\u0105 przeznaczone dla tych, kt\u00f3rzy codziennie pracuj\u0105 r\u0119kami - od budowniczych i kowali po pracownik\u00f3w magazyn\u00f3w i architekt\u00f3w krajobrazu.<\/p>\n<p class=\"\" data-start=\"1633\" data-end=\"1972\">RYINZ rozumie kluczowe znaczenie bezpiecze\u0144stwa d\u0142oni. Dlatego te r\u0119kawice s\u0105 szyte przy u\u017cyciu <strong data-start=\"1733\" data-end=\"1751\">Ni\u0107 Kevlar\u00ae<\/strong> odporne na wysok\u0105 temperatur\u0119 i zu\u017cycie, szczeg\u00f3lnie podczas spawania i szlifowania. Ich wytrzyma\u0142a, a jednocze\u015bnie elastyczna konstrukcja sprawia, \u017ce s\u0105 r\u00f3wnie przydatne do wszystkiego, od ci\u0119cia drewna opa\u0142owego po obs\u0142ug\u0119 w\u00f3zk\u00f3w wid\u0142owych i palnik\u00f3w spawalniczych.<\/p>\n<p class=\"\" data-start=\"1974\" data-end=\"1995\"><strong data-start=\"1974\" data-end=\"1995\">Cechy produktu:<\/strong><\/p>\n<ul data-start=\"1997\" data-end=\"2921\">\n<li class=\"\" data-start=\"1997\" data-end=\"2100\">\n<p class=\"\" data-start=\"1999\" data-end=\"2100\"><strong data-start=\"1999\" data-end=\"2035\">Najwy\u017cszej jako\u015bci dzielona sk\u00f3ra bydl\u0119ca:<\/strong> Trwa\u0142e, grube i odporne na \u015bcieranie do pracy w trudnych warunkach<\/p>\n<\/li>\n<li class=\"\" data-start=\"2101\" data-end=\"2193\">\n<p class=\"\" data-start=\"2103\" data-end=\"2193\"><strong data-start=\"2103\" data-end=\"2133\">Wzmocniona d\u0142o\u0144 i palce:<\/strong> Dodatkowe \u0142aty w strefach wysokiego zu\u017cycia zwi\u0119kszaj\u0105 \u017cywotno\u015b\u0107 r\u0119kawic<\/p>\n<\/li>\n<li class=\"\" data-start=\"2194\" data-end=\"2289\">\n<p class=\"\" data-start=\"2196\" data-end=\"2289\"><strong data-start=\"2196\" data-end=\"2225\">Szwy odporne na wysok\u0105 temperatur\u0119:<\/strong> Kevlarowe szwy wytrzymuj\u0105 wysokie temperatury podczas spawania<\/p>\n<\/li>\n<li class=\"\" data-start=\"2290\" data-end=\"2383\">\n<p class=\"\" data-start=\"2292\" data-end=\"2383\"><strong data-start=\"2292\" data-end=\"2325\">Mankiet bezpiecze\u0144stwa (w stylu r\u0119kawicy):<\/strong> Dodatkowa ochrona nadgarstka przed gor\u0105cem, iskrami i otarciami<\/p>\n<\/li>\n<li class=\"\" data-start=\"2384\" data-end=\"2478\">\n<p class=\"\" data-start=\"2386\" data-end=\"2478\"><strong data-start=\"2386\" data-end=\"2403\">Elastyczny ty\u0142:<\/strong> Zapewnia \u015bcis\u0142e, ergonomiczne dopasowanie w celu zwi\u0119kszenia kontroli i zmniejszenia po\u015blizgu<\/p>\n<\/li>\n<li class=\"\" data-start=\"2479\" data-end=\"2573\">\n<p class=\"\" data-start=\"2481\" data-end=\"2573\"><strong data-start=\"2481\" data-end=\"2511\">Dwuwarstwowa d\u0142o\u0144 i kciuk:<\/strong> Ulepszony uchwyt i wy\u015bci\u00f3\u0142ka do przenoszenia ci\u0119\u017ckich lub ostrych narz\u0119dzi<\/p>\n<\/li>\n<li class=\"\" data-start=\"2574\" data-end=\"2673\">\n<p class=\"\" data-start=\"2576\" data-end=\"2673\"><strong data-start=\"2576\" data-end=\"2602\">Uniwersalne narz\u0119dzie:<\/strong> Nadaje si\u0119 do prac metalowych, budowlanych, motoryzacyjnych, rolniczych i innych<\/p>\n<\/li>\n<li class=\"\" data-start=\"2674\" data-end=\"2759\">\n<p class=\"\" data-start=\"2676\" data-end=\"2759\"><strong data-start=\"2676\" data-end=\"2697\">Wch\u0142anianie potu:<\/strong> Wn\u0119trze z naturalnej sk\u00f3ry poch\u0142ania pot i poprawia komfort u\u017cytkowania<\/p>\n<\/li>\n<li class=\"\" data-start=\"2760\" data-end=\"2851\">\n<p class=\"\" data-start=\"2762\" data-end=\"2851\"><strong data-start=\"2762\" data-end=\"2785\">Wytrzyma\u0142y, ale elastyczny:<\/strong> Utrzymuje dobry zakres ruchu bez po\u015bwi\u0119cania ochrony<\/p>\n<\/li>\n<li class=\"\" data-start=\"2852\" data-end=\"2921\">\n<p class=\"\" data-start=\"2854\" data-end=\"2921\"><strong data-start=\"2854\" data-end=\"2872\">Built to Last:<\/strong> Wytrzymuje ekstremalne zu\u017cycie podczas d\u0142ugotrwa\u0142ego u\u017cytkowania<\/p>\n<\/li>\n<\/ul>\n<p class=\"\" data-start=\"2923\" data-end=\"2948\"><strong data-start=\"2923\" data-end=\"2948\">Zastosowania obejmuj\u0105:<\/strong><\/p>\n<ul data-start=\"2950\" data-end=\"3196\">\n<li class=\"\" data-start=\"2950\" data-end=\"2976\">\n<p class=\"\" data-start=\"2952\" data-end=\"2976\">Spawanie i praca z palnikiem<\/p>\n<\/li>\n<li class=\"\" data-start=\"2977\" data-end=\"3004\">\n<p class=\"\" data-start=\"2979\" data-end=\"3004\">Murarstwo i prace murarskie<\/p>\n<\/li>\n<li class=\"\" data-start=\"3005\" data-end=\"3035\">\n<p class=\"\" data-start=\"3007\" data-end=\"3035\">Obs\u0142uga i ci\u0119cie stali<\/p>\n<\/li>\n<li class=\"\" data-start=\"3036\" data-end=\"3064\">\n<p class=\"\" data-start=\"3038\" data-end=\"3064\">Og\u00f3lne zadania przemys\u0142owe<\/p>\n<\/li>\n<li class=\"\" data-start=\"3065\" data-end=\"3099\">\n<p class=\"\" data-start=\"3067\" data-end=\"3099\">Rolnictwo i opieka nad zwierz\u0119tami<\/p>\n<\/li>\n<li class=\"\" data-start=\"3100\" data-end=\"3132\">\n<p class=\"\" data-start=\"3102\" data-end=\"3132\">Ci\u0119\u017ckie prace budowlane<\/p>\n<\/li>\n<li class=\"\" data-start=\"3133\" data-end=\"3161\">\n<p class=\"\" data-start=\"3135\" data-end=\"3161\">Le\u015bnictwo i architektura krajobrazu<\/p>\n<\/li>\n<li class=\"\" data-start=\"3162\" data-end=\"3196\">\n<p class=\"\" data-start=\"3164\" data-end=\"3196\">Majsterkowanie na zewn\u0105trz i ulepszanie domu<\/p>\n<\/li>\n<\/ul>\n<p class=\"\" data-start=\"3198\" data-end=\"3217\"><strong data-start=\"3198\" data-end=\"3217\">Specyfikacje:<\/strong><\/p>\n<ul data-start=\"3219\" data-end=\"3666\">\n<li class=\"\" data-start=\"3219\" data-end=\"3284\">\n<p class=\"\" data-start=\"3221\" data-end=\"3284\"><strong data-start=\"3221\" data-end=\"3234\">Materia\u0142:<\/strong> 100% sk\u00f3ra bydl\u0119ca dwoinowa ze wzmocnion\u0105 d\u0142oni\u0105<\/p>\n<\/li>\n<li class=\"\" data-start=\"3285\" data-end=\"3369\">\n<p class=\"\" data-start=\"3287\" data-end=\"3369\"><strong data-start=\"3287\" data-end=\"3297\">Kolor:<\/strong> \u017b\u00f3\u0142ty zamsz z naturaln\u0105 bia\u0142\u0105 d\u0142oni\u0105 (dost\u0119pne niestandardowe opcje kolorystyczne)<\/p>\n<\/li>\n<li class=\"\" data-start=\"3370\" data-end=\"3434\">\n<p class=\"\" data-start=\"3372\" data-end=\"3434\"><strong data-start=\"3372\" data-end=\"3382\">Rozmiary:<\/strong> M do XXL (niestandardowe rozmiary dost\u0119pne przy zam\u00f3wieniach hurtowych)<\/p>\n<\/li>\n<li class=\"\" data-start=\"3435\" data-end=\"3518\">\n<p class=\"\" data-start=\"3437\" data-end=\"3518\"><strong data-start=\"3437\" data-end=\"3455\">Personalizacja:<\/strong> Logo, rozmiar, opakowanie dost\u0119pne w MOQ ponad 300 par<\/p>\n<\/li>\n<li class=\"\" data-start=\"3519\" data-end=\"3576\">\n<p class=\"\" data-start=\"3521\" data-end=\"3576\"><strong data-start=\"3521\" data-end=\"3540\">Certyfikaty:<\/strong> EN388, znak CE, zgodno\u015b\u0107 z norm\u0105 Reach<\/p>\n<\/li>\n<li class=\"\" data-start=\"3577\" data-end=\"3666\">\n<p class=\"\" data-start=\"3579\" data-end=\"3666\"><strong data-start=\"3579\" data-end=\"3593\">Opakowanie:<\/strong> 1 para w torebce foliowej, 12 par w opakowaniu zbiorczym (pakowanie niestandardowe na \u017cyczenie)<\/p>\n<\/li>\n<\/ul>\n<p class=\"\" data-start=\"3668\" data-end=\"4033\"><strong data-start=\"3668\" data-end=\"3682\">Dlaczego RYINZ?<\/strong><br data-start=\"3682\" data-end=\"3685\" \/>Dzi\u0119ki wieloletniemu do\u015bwiadczeniu w pozyskiwaniu wysokiej jako\u015bci sprz\u0119tu ochronnego z Azji i dostarczaniu go w ca\u0142ej Europie, <strong data-start=\"3786\" data-end=\"3795\">RYINZ<\/strong> \u0142\u0105czy funkcjonalny design z komercyjn\u0105 skalowalno\u015bci\u0105. Nasze produkty s\u0105 testowane przez profesjonalist\u00f3w i u\u017cywane w ponad 28 krajach. Niezale\u017cnie od tego, czy jeste\u015b hurtownikiem, dystrybutorem, czy bezpo\u015brednim u\u017cytkownikiem, RYINZ zapewnia najwy\u017csz\u0105 wydajno\u015b\u0107 ka\u017cdej pary.<\/p>","protected":false},"excerpt":{"rendered":"<p><strong data-start=\"4095\" data-end=\"4132\">Sk\u00f3rzane r\u0119kawice robocze RYINZ Premium<\/strong> s\u0105 przeznaczone dla profesjonalist\u00f3w, kt\u00f3rzy potrzebuj\u0105 powa\u017cnej ochrony bez uszczerbku dla komfortu. Wykonane z wytrzyma\u0142ej dwoinowej sk\u00f3ry bydl\u0119cej i wzmocnione we wszystkich w\u0142a\u015bciwych miejscach, r\u0119kawice te s\u0105 odporne na zu\u017cycie, ciep\u0142o i \u015bcieranie. S\u0105 idealne dla spawaczy, pracownik\u00f3w budowlanych i wszystkich os\u00f3b obs\u0142uguj\u0105cych ci\u0119\u017ckie narz\u0119dzia lub materia\u0142y. Przed\u0142u\u017cony mankiet chroni nadgarstki przed iskrami i zanieczyszczeniami, a wzmocniona d\u0142o\u0144 zapewnia przyczepno\u015b\u0107 i trwa\u0142o\u015b\u0107. Elastyczne, oddychaj\u0105ce i przeszyte odporn\u0105 na ciep\u0142o nici\u0105 r\u0119kawice s\u0105 stworzone do ci\u0119\u017ckiej pracy.<\/p>","protected":false},"featured_media":8970,"comment_status":"closed","ping_status":"closed","template":"","meta":[],"product_brand":[35],"product_cat":[82,83],"product_tag":[94,95],"class_list":{"0":"post-8919","1":"product","2":"type-product","3":"status-publish","4":"has-post-thumbnail","6":"product_brand-ryinz","7":"product_cat-mechanic-industrial-gloves","8":"product_cat-mechanics-gloves","9":"product_tag-buffalo-leather-work-gloves","10":"product_tag-cotton-lined-industrial-gloves","12":"first","13":"instock","14":"taxable","15":"shipping-taxable","16":"purchasable","17":"product-type-simple"},"_links":{"self":[{"href":"https:\/\/ryinz.cz\/velkoobchod\/pl\/wp-json\/wp\/v2\/product\/8919","targetHints":{"allow":["GET"]}}],"collection":[{"href":"https:\/\/ryinz.cz\/velkoobchod\/pl\/wp-json\/wp\/v2\/product"}],"about":[{"href":"https:\/\/ryinz.cz\/velkoobchod\/pl\/wp-json\/wp\/v2\/types\/product"}],"replies":[{"embeddable":true,"href":"https:\/\/ryinz.cz\/velkoobchod\/pl\/wp-json\/wp\/v2\/comments?post=8919"}],"wp:featuredmedia":[{"embeddable":true,"href":"https:\/\/ryinz.cz\/velkoobchod\/pl\/wp-json\/wp\/v2\/media\/8970"}],"wp:attachment":[{"href":"https:\/\/ryinz.cz\/velkoobchod\/pl\/wp-json\/wp\/v2\/media?parent=8919"}],"wp:term":[{"taxonomy":"product_brand","embeddable":true,"href":"https:\/\/ryinz.cz\/velkoobchod\/pl\/wp-json\/wp\/v2\/product_brand?post=8919"},{"taxonomy":"product_cat","embeddable":true,"href":"https:\/\/ryinz.cz\/velkoobchod\/pl\/wp-json\/wp\/v2\/product_cat?post=8919"},{"taxonomy":"product_tag","embeddable":true,"href":"https:\/\/ryinz.cz\/velkoobchod\/pl\/wp-json\/wp\/v2\/product_tag?post=8919"}],"curies":[{"name":"wp","href":"https:\/\/api.w.org\/{rel}","templated":true}]}}