{"id":8918,"date":"2025-06-22T15:21:06","date_gmt":"2025-06-22T15:21:06","guid":{"rendered":"https:\/\/ryinz.cz\/velkoobchod\/?post_type=product&#038;p=8918"},"modified":"2026-01-18T20:16:51","modified_gmt":"2026-01-18T20:16:51","slug":"zimowe-skorzane-rekawice-robocze-ryinz-z-wodoodpornym-mankietem-i-izolacja-do-pracy-w-trudnych-warunkach-pogodowych","status":"publish","type":"product","link":"https:\/\/ryinz.cz\/velkoobchod\/pl\/product\/ryinz-winter-ready-heavy-duty-leather-work-gloves-with-waterproof-cuff-insulated-gloves-for-cold-weather-harsh-environments\/","title":{"rendered":"Sk\u00f3rzane r\u0119kawice robocze RYINZ Winter-Ready Heavy-Duty z wodoodpornym mankietem - izolowane r\u0119kawice na zimn\u0105 pogod\u0119 i trudne warunki \u015brodowiskowe"},"content":{"rendered":"<p class=\"\" data-start=\"307\" data-end=\"696\">Wykonuj najtrudniejsze zadania w najzimniejszych warunkach dzi\u0119ki <strong data-start=\"365\" data-end=\"418\">Wytrzyma\u0142e sk\u00f3rzane r\u0119kawice robocze RYINZ na zim\u0119<\/strong> - wysokowydajne rozwi\u0105zanie dla profesjonalist\u00f3w, kt\u00f3rzy pracuj\u0105 w \u015bniegu, deszczu lub temperaturach poni\u017cej zera. Niezale\u017cnie od tego, czy zajmujesz si\u0119 le\u015bnictwem, budownictwem, konserwacj\u0105 mechaniczn\u0105, czy pracami na zewn\u0105trz, r\u0119kawice te zosta\u0142y zaprojektowane z my\u015bl\u0105 o trwa\u0142o\u015bci, cieple i ochronie na ka\u017cd\u0105 pogod\u0119.<\/p>\n<p class=\"\" data-start=\"698\" data-end=\"1110\">R\u0119kawice s\u0105 wykonane z najwy\u017cszej jako\u015bci <strong data-start=\"734\" data-end=\"761\">Prawdziwa sk\u00f3ra bydl\u0119ca<\/strong>, znane z doskona\u0142ej odporno\u015bci na \u015bcieranie, przebicia i zu\u017cycie. Wzmocniony obszar d\u0142oni i ergonomiczny kszta\u0142t zapewniaj\u0105 zwi\u0119kszon\u0105 si\u0142\u0119 chwytu i trwa\u0142o\u015b\u0107 w obszarach o wysokim kontakcie. Naturalnie izoluj\u0105ce w\u0142a\u015bciwo\u015bci sk\u00f3ry w po\u0142\u0105czeniu z wewn\u0119trzn\u0105 podszewk\u0105 termiczn\u0105 zapewniaj\u0105 maksymalne zatrzymywanie ciep\u0142a, aby utrzyma\u0107 d\u0142onie w cieple nawet w mro\u017anym klimacie.<\/p>\n<p class=\"\" data-start=\"1112\" data-end=\"1528\">Jedn\u0105 z wyr\u00f3\u017cniaj\u0105cych si\u0119 cech tych r\u0119kawic jest <strong data-start=\"1164\" data-end=\"1192\">przed\u0142u\u017cony wodoodporny mankiet<\/strong>, wykonana z wiatroszczelnego i wodoodpornego materia\u0142u, kt\u00f3ry blokuje wilgo\u0107 i \u015bnieg. Zintegrowany <strong data-start=\"1286\" data-end=\"1314\">Zapi\u0119cie na nadgarstek ze sznurkiem<\/strong> umo\u017cliwia dok\u0142adne dopasowanie do ramienia, uszczelniaj\u0105c zimne powietrze i zapobiegaj\u0105c przedostawaniu si\u0119 \u015bniegu lub zanieczyszcze\u0144 do r\u0119kawicy. Elastyczny nadgarstek poprawia dopasowanie, komfort i elastyczno\u015b\u0107, zmniejszaj\u0105c zm\u0119czenie podczas d\u0142ugich godzin noszenia.<\/p>\n<p class=\"\" data-start=\"1530\" data-end=\"1871\">R\u0119kawice te s\u0105 idealne dla profesjonalist\u00f3w wymagaj\u0105cych zar\u00f3wno precyzji, jak i odporno\u015bci. Ustrukturyzowana konstrukcja zapewnia doskona\u0142\u0105 ruchomo\u015b\u0107 palc\u00f3w, u\u0142atwiaj\u0105c obs\u0142ug\u0119 narz\u0119dzi, przenoszenie ci\u0119\u017ckiego sprz\u0119tu lub prowadzenie maszyn w niesprzyjaj\u0105cych warunkach pogodowych. Podw\u00f3jne szwy zwi\u0119kszaj\u0105 ich integralno\u015b\u0107 strukturaln\u0105, zapewniaj\u0105c, \u017ce wytrzymaj\u0105 intensywne u\u017cytkowanie przez d\u0142ugi czas.<\/p>\n<p class=\"\" data-start=\"1873\" data-end=\"1894\"><strong data-start=\"1873\" data-end=\"1894\">Cechy produktu:<\/strong><\/p>\n<ul data-start=\"1896\" data-end=\"2869\">\n<li class=\"\" data-start=\"1896\" data-end=\"2012\">\n<p class=\"\" data-start=\"1898\" data-end=\"2012\"><strong data-start=\"1898\" data-end=\"1929\">Wysokiej jako\u015bci sk\u00f3ra bydl\u0119ca:<\/strong> Oferuje wytrzyma\u0142o\u015b\u0107, elastyczno\u015b\u0107 i odporno\u015b\u0107 na \u015bcieranie w trudnych warunkach pracy<\/p>\n<\/li>\n<li class=\"\" data-start=\"2013\" data-end=\"2109\">\n<p class=\"\" data-start=\"2015\" data-end=\"2109\"><strong data-start=\"2015\" data-end=\"2044\">Izolacja termiczna Podszewka:<\/strong> Utrzymuje d\u0142onie ciep\u0142e i suche nawet podczas opad\u00f3w \u015bniegu, deszczu lub oblodzenia.<\/p>\n<\/li>\n<li class=\"\" data-start=\"2110\" data-end=\"2206\">\n<p class=\"\" data-start=\"2112\" data-end=\"2206\"><strong data-start=\"2112\" data-end=\"2144\">Wzmocniona d\u0142o\u0144 i palce:<\/strong> Wy\u015bcie\u0142ane strefy chwytu zmniejszaj\u0105 nacisk i wyd\u0142u\u017caj\u0105 \u017cywotno\u015b\u0107 r\u0119kawic<\/p>\n<\/li>\n<li class=\"\" data-start=\"2207\" data-end=\"2308\">\n<p class=\"\" data-start=\"2209\" data-end=\"2308\"><strong data-start=\"2209\" data-end=\"2238\">Przed\u0142u\u017cony wodoodporny mankiet:<\/strong> Blokuje wiatr, wod\u0119 i zanieczyszczenia - idealna do prac w \u015bniegu lub b\u0142ocie<\/p>\n<\/li>\n<li class=\"\" data-start=\"2309\" data-end=\"2392\">\n<p class=\"\" data-start=\"2311\" data-end=\"2392\"><strong data-start=\"2311\" data-end=\"2334\">Zapi\u0119cie na sznurek:<\/strong> Dopasowane zapi\u0119cie na nadgarstku utrzymuje ciep\u0142o i ch\u0142\u00f3d na zewn\u0105trz<\/p>\n<\/li>\n<li class=\"\" data-start=\"2393\" data-end=\"2475\">\n<p class=\"\" data-start=\"2395\" data-end=\"2475\"><strong data-start=\"2395\" data-end=\"2416\">Ergonomiczna konstrukcja:<\/strong> Umo\u017cliwia naturalne ruchy d\u0142oni i doskona\u0142\u0105 obs\u0142ug\u0119 narz\u0119dzi<\/p>\n<\/li>\n<li class=\"\" data-start=\"2476\" data-end=\"2556\">\n<p class=\"\" data-start=\"2478\" data-end=\"2556\"><strong data-start=\"2478\" data-end=\"2505\">Wielowarstwowa ochrona:<\/strong> Idealny do wielosezonowego u\u017cytku na zewn\u0105trz lub w przemy\u015ble<\/p>\n<\/li>\n<li class=\"\" data-start=\"2557\" data-end=\"2634\">\n<p class=\"\" data-start=\"2559\" data-end=\"2634\"><strong data-start=\"2559\" data-end=\"2593\">Opcja szycia kevlarowego (MOQ):<\/strong> Dla wysokiej odporno\u015bci na p\u0142omienie i przeci\u0119cia<\/p>\n<\/li>\n<li class=\"\" data-start=\"2635\" data-end=\"2710\">\n<p class=\"\" data-start=\"2637\" data-end=\"2710\"><strong data-start=\"2637\" data-end=\"2657\">Dost\u0119pne rozmiary:<\/strong> M do XXL (niestandardowe rozmiary dost\u0119pne dla zam\u00f3wie\u0144 hurtowych)<\/p>\n<\/li>\n<li class=\"\" data-start=\"2711\" data-end=\"2786\">\n<p class=\"\" data-start=\"2713\" data-end=\"2786\"><strong data-start=\"2713\" data-end=\"2731\">Opcje kolor\u00f3w:<\/strong> \u017b\u00f3\u0142to-czarny, w pe\u0142ni czarny, br\u0105zowy i szary na zam\u00f3wienie<\/p>\n<\/li>\n<li class=\"\" data-start=\"2787\" data-end=\"2869\">\n<p class=\"\" data-start=\"2789\" data-end=\"2869\"><strong data-start=\"2789\" data-end=\"2807\">Personalizacja:<\/strong> Dost\u0119pny branding, haft i personalizacja opakowania<\/p>\n<\/li>\n<\/ul>\n<p class=\"\" data-start=\"2871\" data-end=\"2894\"><strong data-start=\"2871\" data-end=\"2894\">Idealne zastosowania:<\/strong><\/p>\n<ul data-start=\"2896\" data-end=\"3261\">\n<li class=\"\" data-start=\"2896\" data-end=\"2924\">\n<p class=\"\" data-start=\"2898\" data-end=\"2924\">Zimowe prace budowlane<\/p>\n<\/li>\n<li class=\"\" data-start=\"2925\" data-end=\"2959\">\n<p class=\"\" data-start=\"2927\" data-end=\"2959\">Le\u015bnictwo i dzia\u0142alno\u015b\u0107 zwi\u0105zana z drewnem<\/p>\n<\/li>\n<li class=\"\" data-start=\"2960\" data-end=\"2988\">\n<p class=\"\" data-start=\"2962\" data-end=\"2988\">Obs\u0142uga ci\u0119\u017ckich maszyn<\/p>\n<\/li>\n<li class=\"\" data-start=\"2989\" data-end=\"3030\">\n<p class=\"\" data-start=\"2991\" data-end=\"3030\">Od\u015bnie\u017canie i jazda w niskich temperaturach<\/p>\n<\/li>\n<li class=\"\" data-start=\"3031\" data-end=\"3066\">\n<p class=\"\" data-start=\"3033\" data-end=\"3066\">U\u017cyteczno\u015b\u0107 i konserwacja zewn\u0119trzna<\/p>\n<\/li>\n<li class=\"\" data-start=\"3067\" data-end=\"3098\">\n<p class=\"\" data-start=\"3069\" data-end=\"3098\">Logistyka i doki za\u0142adunkowe<\/p>\n<\/li>\n<li class=\"\" data-start=\"3099\" data-end=\"3136\">\n<p class=\"\" data-start=\"3101\" data-end=\"3136\">Ekipy ratunkowe i drogowe<\/p>\n<\/li>\n<li class=\"\" data-start=\"3137\" data-end=\"3178\">\n<p class=\"\" data-start=\"3139\" data-end=\"3178\">Rolnictwo, ranczowanie lub ogrodzenia na wolnym powietrzu<\/p>\n<\/li>\n<li class=\"\" data-start=\"3179\" data-end=\"3206\">\n<p class=\"\" data-start=\"3181\" data-end=\"3206\">Magazyny ch\u0142odnicze<\/p>\n<\/li>\n<li class=\"\" data-start=\"3207\" data-end=\"3261\">\n<p class=\"\" data-start=\"3209\" data-end=\"3261\">Polowanie, w\u0119dr\u00f3wki lub sporty zimowe (u\u017cytek niekomercyjny)<\/p>\n<\/li>\n<\/ul>\n<p class=\"\" data-start=\"3263\" data-end=\"3638\"><strong data-start=\"3263\" data-end=\"3298\">Bezpiecze\u0144stwo i komfort w jednym pakiecie<\/strong><br data-start=\"3298\" data-end=\"3301\" \/>W RYINZ sprz\u0119t ochronny to co\u015b wi\u0119cej ni\u017c tylko ochrona - chodzi o zapewnienie profesjonalistom pewno\u015bci siebie, aby mogli osi\u0105ga\u0107 jak najlepsze wyniki. Te r\u0119kawice zapewniaj\u0105 komfort, izolacj\u0119 i ochron\u0119 - wszystko w jednym wytrzyma\u0142ym i stylowym opakowaniu. R\u00f3wnowaga mi\u0119dzy ciep\u0142em, wytrzyma\u0142\u0105 konstrukcj\u0105 i \u0142atwo\u015bci\u0105 poruszania si\u0119 sprawia, \u017ce s\u0105 to idealne r\u0119kawice na mro\u017ane warunki.<\/p>\n<p class=\"\" data-start=\"3640\" data-end=\"3678\"><strong data-start=\"3640\" data-end=\"3678\">Certyfikaty i gotowo\u015b\u0107 eksportowa:<\/strong><\/p>\n<ul data-start=\"3680\" data-end=\"3843\">\n<li class=\"\" data-start=\"3680\" data-end=\"3722\">\n<p class=\"\" data-start=\"3682\" data-end=\"3722\"><strong data-start=\"3682\" data-end=\"3720\">EN388 (ochrona przed zagro\u017ceniami mechanicznymi)<\/strong><\/p>\n<\/li>\n<li class=\"\" data-start=\"3723\" data-end=\"3746\">\n<p class=\"\" data-start=\"3725\" data-end=\"3746\"><strong data-start=\"3725\" data-end=\"3744\">Zgodno\u015b\u0107 z zasi\u0119giem<\/strong><\/p>\n<\/li>\n<li class=\"\" data-start=\"3747\" data-end=\"3785\">\n<p class=\"\" data-start=\"3749\" data-end=\"3785\"><strong data-start=\"3749\" data-end=\"3783\">Oznaczenie CE dla rynk\u00f3w europejskich<\/strong><\/p>\n<\/li>\n<li class=\"\" data-start=\"3786\" data-end=\"3843\">\n<p class=\"\" data-start=\"3788\" data-end=\"3843\"><strong data-start=\"3788\" data-end=\"3843\">Niestandardowa dokumentacja dost\u0119pna dla nabywc\u00f3w z UE i USA<\/strong><\/p>\n<\/li>\n<\/ul>\n<p class=\"\" data-start=\"3845\" data-end=\"4108\"><strong data-start=\"3845\" data-end=\"3875\">Zam\u00f3wienia zbiorcze i us\u0142ugi OEM:<\/strong><br data-start=\"3875\" data-end=\"3878\" \/>Hurtownikom i dystrybutorom oferujemy elastyczne ilo\u015bci zam\u00f3wie\u0144, prywatne etykiety, wieloj\u0119zyczne opakowania i dokumenty eksportowe zgodne z wymogami UE. Dost\u0119pne do wysy\u0142ki w ca\u0142ej Europie, Wielkiej Brytanii i USA za po\u015brednictwem naszej sieci partnerskiej.<\/p>","protected":false},"excerpt":{"rendered":"<p><strong data-start=\"4170\" data-end=\"4212\">Sk\u00f3rzane r\u0119kawice robocze RYINZ na zim\u0119<\/strong> zosta\u0142y zaprojektowane z my\u015bl\u0105 o profesjonalistach pracuj\u0105cych w trudnych warunkach zimowych. Te r\u0119kawice \u0142\u0105cz\u0105 w sobie wysokiej jako\u015bci sk\u00f3r\u0119 bydl\u0119c\u0105 zapewniaj\u0105c\u0105 trwa\u0142o\u015b\u0107 i izolowan\u0105 termicznie podszewk\u0119, kt\u00f3ra utrzymuje ciep\u0142o w temperaturach poni\u017cej zera. Wodoodporny przed\u0142u\u017cony mankiet z regulowanym sznurkiem zapewnia maksymaln\u0105 ochron\u0119 przed warunkami atmosferycznymi, chroni\u0105c przed \u015bniegiem i wiatrem. Wzmocnione obszary d\u0142oni zwi\u0119kszaj\u0105 przyczepno\u015b\u0107 i odporno\u015b\u0107 na zu\u017cycie, a elastyczne dopasowanie zapewnia komfort podczas d\u0142ugich godzin pracy. Idealne do prac budowlanych, le\u015bnych, konserwacyjnych, od\u015bnie\u017cania i przechowywania w ch\u0142odniach, r\u0119kawice te s\u0105 niezawodnym partnerem w ka\u017cdym trudnym zimowym zadaniu.<\/p>","protected":false},"featured_media":8971,"comment_status":"closed","ping_status":"closed","template":"","meta":[],"product_brand":[35],"product_cat":[82,83],"product_tag":[58,92,93],"class_list":{"0":"post-8918","1":"product","2":"type-product","3":"status-publish","4":"has-post-thumbnail","6":"product_brand-ryinz","7":"product_cat-mechanic-industrial-gloves","8":"product_cat-mechanics-gloves","9":"product_tag-cowhide-leather-gloves","10":"product_tag-customizable-branded-work-gloves","11":"product_tag-goat-leather-insulated-gloves","13":"first","14":"instock","15":"taxable","16":"shipping-taxable","17":"purchasable","18":"product-type-simple"},"_links":{"self":[{"href":"https:\/\/ryinz.cz\/velkoobchod\/pl\/wp-json\/wp\/v2\/product\/8918","targetHints":{"allow":["GET"]}}],"collection":[{"href":"https:\/\/ryinz.cz\/velkoobchod\/pl\/wp-json\/wp\/v2\/product"}],"about":[{"href":"https:\/\/ryinz.cz\/velkoobchod\/pl\/wp-json\/wp\/v2\/types\/product"}],"replies":[{"embeddable":true,"href":"https:\/\/ryinz.cz\/velkoobchod\/pl\/wp-json\/wp\/v2\/comments?post=8918"}],"wp:featuredmedia":[{"embeddable":true,"href":"https:\/\/ryinz.cz\/velkoobchod\/pl\/wp-json\/wp\/v2\/media\/8971"}],"wp:attachment":[{"href":"https:\/\/ryinz.cz\/velkoobchod\/pl\/wp-json\/wp\/v2\/media?parent=8918"}],"wp:term":[{"taxonomy":"product_brand","embeddable":true,"href":"https:\/\/ryinz.cz\/velkoobchod\/pl\/wp-json\/wp\/v2\/product_brand?post=8918"},{"taxonomy":"product_cat","embeddable":true,"href":"https:\/\/ryinz.cz\/velkoobchod\/pl\/wp-json\/wp\/v2\/product_cat?post=8918"},{"taxonomy":"product_tag","embeddable":true,"href":"https:\/\/ryinz.cz\/velkoobchod\/pl\/wp-json\/wp\/v2\/product_tag?post=8918"}],"curies":[{"name":"wp","href":"https:\/\/api.w.org\/{rel}","templated":true}]}}