{"id":8917,"date":"2025-06-22T15:21:06","date_gmt":"2025-06-22T15:21:06","guid":{"rendered":"https:\/\/ryinz.cz\/velkoobchod\/?post_type=product&#038;p=8917"},"modified":"2026-01-18T20:16:51","modified_gmt":"2026-01-18T20:16:51","slug":"ryinz-premium-rekawice-mechaniczne-wzmocniona-antyposlizgowa-dlon-elastyczne-dopasowanie-trwale-rekawice-ochronne-dla-majsterkowiczow-w-warsztacie-samochodowym","status":"publish","type":"product","link":"https:\/\/ryinz.cz\/velkoobchod\/pl\/product\/ryinz-premium-mechanics-gloves-reinforced-anti-slip-palm-flexible-fit-durable-safety-gloves-for-automotive-workshop-diy\/","title":{"rendered":"R\u0119kawice dla mechanik\u00f3w RYINZ Premium - wzmocniona antypo\u015blizgowa d\u0142o\u0144, elastyczne dopasowanie, trwa\u0142e r\u0119kawice ochronne dla motoryzacji, warsztatu, majsterkowania"},"content":{"rendered":"<p class=\"\" data-start=\"314\" data-end=\"638\">Przedstawiamy <strong data-start=\"330\" data-end=\"364\">R\u0119kawice dla mechanik\u00f3w RYINZ Premium<\/strong>, stworzone dla tych, kt\u00f3rzy wymagaj\u0105 wytrzyma\u0142o\u015bci, precyzji i wygody w ochronie d\u0142oni. Niezale\u017cnie od tego, czy naprawiasz pojazdy, pracujesz na budowie, obs\u0142ugujesz narz\u0119dzia, czy zarz\u0105dzasz domowymi projektami DIY, r\u0119kawice te zosta\u0142y zaprojektowane tak, aby zapewni\u0107 wysok\u0105 wydajno\u015b\u0107 w ka\u017cdej sytuacji.<\/p>\n<p class=\"\" data-start=\"640\" data-end=\"1028\">Wn\u0119trze d\u0142oni r\u0119kawic zosta\u0142o wykonane ze wzmocnionej sk\u00f3ry syntetycznej, kt\u00f3ra zapewnia wyj\u0105tkow\u0105 odporno\u015b\u0107 na przetarcia, zu\u017cycie i przebicia. Specjalne teksturowane strefy i dodatkowa wy\u015bci\u00f3\u0142ka na d\u0142oni zwi\u0119kszaj\u0105 przyczepno\u015b\u0107 i zmniejszaj\u0105 zm\u0119czenie podczas d\u0142ugich godzin pracy. Obs\u0142uga \u015bliskich narz\u0119dzi, ma\u0142ych cz\u0119\u015bci mechanicznych lub elektronarz\u0119dzi staje si\u0119 bezpieczniejsza i bardziej wydajna dzi\u0119ki tym r\u0119kawicom.<\/p>\n<p class=\"\" data-start=\"1030\" data-end=\"1362\">Grzbiet r\u0119kawic wykonany jest z oddychaj\u0105cego i elastycznego materia\u0142u, kt\u00f3ry zapewnia doskona\u0142y przep\u0142yw powietrza, dzi\u0119ki czemu d\u0142onie pozostaj\u0105 ch\u0142odne i suche nawet podczas ci\u0119\u017ckich zada\u0144. Tkanina zgina si\u0119 naturalnie wraz z ruchami d\u0142oni, oferuj\u0105c doskona\u0142\u0105 zr\u0119czno\u015b\u0107 podczas szczeg\u00f3\u0142owych zada\u0144, takich jak naprawy silnika, okablowanie, prace monta\u017cowe lub obr\u00f3bka drewna.<\/p>\n<p class=\"\" data-start=\"1364\" data-end=\"1742\">Podw\u00f3jne szwy przebiegaj\u0105 przez obszary nara\u017cone na napr\u0119\u017cenia, aby zwi\u0119kszy\u0107 trwa\u0142o\u015b\u0107 i odporno\u015b\u0107 na rozdarcia, zapewniaj\u0105c r\u0119kawice, kt\u00f3re przetrwaj\u0105 wielokrotne u\u017cytkowanie bez uszkodzenia. Ergonomiczne, wst\u0119pnie zakrzywione palce odzwierciedlaj\u0105 naturaln\u0105 krzywizn\u0119 d\u0142oni, zmniejszaj\u0105c stres i zapewniaj\u0105c idealne dopasowanie. Dzi\u0119ki regulowanemu zapi\u0119ciu na nadgarstku r\u0119kawice s\u0105 dobrze dopasowane, a jednocze\u015bnie chroni\u0105 przed kurzem i zanieczyszczeniami.<\/p>\n<p class=\"\" data-start=\"1744\" data-end=\"1891\">Doskonale r\u00f3wnowa\u017c\u0105 si\u0142\u0119, elastyczno\u015b\u0107 i wygod\u0119. <strong data-start=\"1806\" data-end=\"1840\">R\u0119kawice dla mechanik\u00f3w RYINZ Premium<\/strong> to zaufany partner w codziennej pracy.<\/p>\n<p class=\"\" data-start=\"1893\" data-end=\"1910\"><strong data-start=\"1893\" data-end=\"1910\">Kluczowe cechy:<\/strong><\/p>\n<ul data-start=\"1911\" data-end=\"2741\">\n<li class=\"\" data-start=\"1911\" data-end=\"1994\">\n<p class=\"\" data-start=\"1913\" data-end=\"1994\"><strong data-start=\"1913\" data-end=\"1943\">Wzmocniona antypo\u015blizgowa d\u0142o\u0144:<\/strong> Zwi\u0119ksza przyczepno\u015b\u0107 i zapewnia stabiln\u0105 obs\u0142ug\u0119 narz\u0119dzi<\/p>\n<\/li>\n<li class=\"\" data-start=\"1995\" data-end=\"2065\">\n<p class=\"\" data-start=\"1997\" data-end=\"2065\"><strong data-start=\"1997\" data-end=\"2019\">Oddychaj\u0105cy materia\u0142:<\/strong> Utrzymuje komfort d\u0142oni i zmniejsza pocenie si\u0119<\/p>\n<\/li>\n<li class=\"\" data-start=\"2066\" data-end=\"2149\">\n<p class=\"\" data-start=\"2068\" data-end=\"2149\"><strong data-start=\"2068\" data-end=\"2089\">Ergonomiczna konstrukcja:<\/strong> Wst\u0119pnie zakrzywione palce i strefy rozci\u0105gania dla naturalnego ruchu<\/p>\n<\/li>\n<li class=\"\" data-start=\"2150\" data-end=\"2229\">\n<p class=\"\" data-start=\"2152\" data-end=\"2229\"><strong data-start=\"2152\" data-end=\"2167\">Trwa\u0142o\u015b\u0107:<\/strong> Podw\u00f3jne szwy zapewniaj\u0105 d\u0142ug\u0105 \u017cywotno\u015b\u0107 nawet przy intensywnym u\u017cytkowaniu<\/p>\n<\/li>\n<li class=\"\" data-start=\"2230\" data-end=\"2311\">\n<p class=\"\" data-start=\"2232\" data-end=\"2311\"><strong data-start=\"2232\" data-end=\"2259\">Elastyczne zapi\u0119cie na nadgarstek:<\/strong> Regulowane dopasowanie z ochron\u0105 przed kurzem i brudem<\/p>\n<\/li>\n<li class=\"\" data-start=\"2312\" data-end=\"2394\">\n<p class=\"\" data-start=\"2314\" data-end=\"2394\"><strong data-start=\"2314\" data-end=\"2344\">Lekko\u015b\u0107 i wygoda:<\/strong> Umo\u017cliwia ruch d\u0142oni w pe\u0142nym zakresie bez sztywno\u015bci<\/p>\n<\/li>\n<li class=\"\" data-start=\"2395\" data-end=\"2493\">\n<p class=\"\" data-start=\"2397\" data-end=\"2493\"><strong data-start=\"2397\" data-end=\"2415\">Wygl\u0105d taktyczny:<\/strong> Profesjonalna, dwukolorowa kolorystyka (br\u0105zowo-czarna) podkre\u015bla solidny styl.<\/p>\n<\/li>\n<li class=\"\" data-start=\"2494\" data-end=\"2594\">\n<p class=\"\" data-start=\"2496\" data-end=\"2594\"><strong data-start=\"2496\" data-end=\"2517\">Wielofunkcyjno\u015b\u0107:<\/strong> Idealny dla mechanik\u00f3w, technik\u00f3w, stolarzy, budowniczych i hobbyst\u00f3w DIY<\/p>\n<\/li>\n<li class=\"\" data-start=\"2595\" data-end=\"2657\">\n<p class=\"\" data-start=\"2597\" data-end=\"2657\"><strong data-start=\"2597\" data-end=\"2618\">Mo\u017cna pra\u0107 w pralce:<\/strong> \u0141atwe czyszczenie bez utraty jako\u015bci<\/p>\n<\/li>\n<li class=\"\" data-start=\"2658\" data-end=\"2741\">\n<p class=\"\" data-start=\"2660\" data-end=\"2741\"><strong data-start=\"2660\" data-end=\"2683\">Zbiorcze dostosowywanie:<\/strong> Opcje OEM\/private labeling dost\u0119pne dla dystrybutor\u00f3w<\/p>\n<\/li>\n<\/ul>\n<p class=\"\" data-start=\"2743\" data-end=\"2759\"><strong data-start=\"2743\" data-end=\"2759\">Idealne dla:<\/strong><\/p>\n<ul data-start=\"2760\" data-end=\"2995\">\n<li class=\"\" data-start=\"2760\" data-end=\"2798\">\n<p class=\"\" data-start=\"2762\" data-end=\"2798\">Naprawy i konserwacja samochod\u00f3w<\/p>\n<\/li>\n<li class=\"\" data-start=\"2799\" data-end=\"2834\">\n<p class=\"\" data-start=\"2801\" data-end=\"2834\">Prace budowlane i stolarskie<\/p>\n<\/li>\n<li class=\"\" data-start=\"2835\" data-end=\"2880\">\n<p class=\"\" data-start=\"2837\" data-end=\"2880\">Prace hydrauliczne, monta\u017cowe i instalacyjne<\/p>\n<\/li>\n<li class=\"\" data-start=\"2881\" data-end=\"2914\">\n<p class=\"\" data-start=\"2883\" data-end=\"2914\">Projekty DIY i naprawy domowe<\/p>\n<\/li>\n<li class=\"\" data-start=\"2915\" data-end=\"2950\">\n<p class=\"\" data-start=\"2917\" data-end=\"2950\">Zadania zwi\u0105zane z ogrodnictwem i kszta\u0142towaniem krajobrazu<\/p>\n<\/li>\n<li class=\"\" data-start=\"2951\" data-end=\"2995\">\n<p class=\"\" data-start=\"2953\" data-end=\"2995\">Og\u00f3lne operacje magazynowe lub warsztatowe<\/p>\n<\/li>\n<\/ul>\n<p class=\"\" data-start=\"2997\" data-end=\"3289\"><strong data-start=\"2997\" data-end=\"3017\">Dost\u0119pne rozmiary:<\/strong> S, M, L, XL, XXL<br data-start=\"3034\" data-end=\"3037\" \/><strong data-start=\"3037\" data-end=\"3055\">Opcje kolor\u00f3w:<\/strong> Domy\u015blnie br\u0105zowy\/czarny, dodatkowe kolory dost\u0119pne przy zam\u00f3wieniach hurtowych<br data-start=\"3120\" data-end=\"3123\" \/><strong data-start=\"3123\" data-end=\"3142\">Certyfikaty:<\/strong> Materia\u0142y z certyfikatem CE (na \u017cyczenie), dost\u0119pna norma EN 388<br data-start=\"3205\" data-end=\"3208\" \/><strong data-start=\"3208\" data-end=\"3222\">Opakowanie:<\/strong> Opakowanie gotowe do sprzeda\u017cy detalicznej, opakowanie marki w\u0142asnej lub opakowanie zbiorcze<\/p>\n<p class=\"\" data-start=\"3291\" data-end=\"3729\"><strong data-start=\"3291\" data-end=\"3312\">Dlaczego warto wybra\u0107 RYINZ?<\/strong><br data-start=\"3312\" data-end=\"3315\" \/>W RYINZ koncentrujemy si\u0119 na dostarczaniu r\u0119kawic o europejskiej jako\u015bci, kt\u00f3re spe\u0142niaj\u0105 \u015bwiatowe standardy. Wyprodukowane z zaawansowanych materia\u0142\u00f3w i przy \u015bcis\u0142ej kontroli jako\u015bci, nasze r\u0119kawice \u0142\u0105cz\u0105 w sobie funkcjonalno\u015b\u0107, bezpiecze\u0144stwo i styl dla u\u017cytkownik\u00f3w z sektora motoryzacyjnego, budowlanego i przemys\u0142owego. Zaprojektowane we wsp\u00f3\u0142pracy z pakista\u0144skim rzemios\u0142em i europejskimi standardami zaopatrzenia, r\u0119kawice RYINZ zapewniaj\u0105, \u017ce zawsze jeste\u015b gotowy do ka\u017cdego zadania.<\/p>","protected":false},"excerpt":{"rendered":"<p>Poczuj r\u00f3\u017cnic\u0119 dzi\u0119ki <strong data-start=\"3823\" data-end=\"3857\">R\u0119kawice dla mechanik\u00f3w RYINZ Premium<\/strong> - Specjalnie zaprojektowane dla profesjonalist\u00f3w i entuzjast\u00f3w majsterkowania, kt\u00f3rzy potrzebuj\u0105 maksymalnej wydajno\u015bci. Dzi\u0119ki wzmocnionej syntetycznej d\u0142oni zapewniaj\u0105cej mocny, antypo\u015blizgowy chwyt i oddychaj\u0105cemu materia\u0142owi z ty\u0142u zapewniaj\u0105cemu komfort przez ca\u0142y dzie\u0144, r\u0119kawice te oferuj\u0105 idealn\u0105 r\u00f3wnowag\u0119 mi\u0119dzy wytrzyma\u0142o\u015bci\u0105 a elastyczno\u015bci\u0105. Charakteryzuj\u0105 si\u0119 podw\u00f3jnymi szwami, ergonomicznym dopasowaniem i \u0142atw\u0105 regulacj\u0105 nadgarstka, dzi\u0119ki czemu idealnie nadaj\u0105 si\u0119 do warsztat\u00f3w, gara\u017cy, plac\u00f3w budowy lub prac domowych. Wytrzyma\u0142e, niezawodne i trwa\u0142e - pracuj m\u0105drzej i bezpieczniej z RYINZ.<\/p>","protected":false},"featured_media":8974,"comment_status":"closed","ping_status":"closed","template":"","meta":[],"product_brand":[35],"product_cat":[82,83],"product_tag":[90,91],"class_list":{"0":"post-8917","1":"product","2":"type-product","3":"status-publish","4":"has-post-thumbnail","6":"product_brand-ryinz","7":"product_cat-mechanic-industrial-gloves","8":"product_cat-mechanics-gloves","9":"product_tag-neoprene-cuff-safety-gloves","10":"product_tag-rexion-suede-gloves","12":"first","13":"instock","14":"taxable","15":"shipping-taxable","16":"purchasable","17":"product-type-simple"},"_links":{"self":[{"href":"https:\/\/ryinz.cz\/velkoobchod\/pl\/wp-json\/wp\/v2\/product\/8917","targetHints":{"allow":["GET"]}}],"collection":[{"href":"https:\/\/ryinz.cz\/velkoobchod\/pl\/wp-json\/wp\/v2\/product"}],"about":[{"href":"https:\/\/ryinz.cz\/velkoobchod\/pl\/wp-json\/wp\/v2\/types\/product"}],"replies":[{"embeddable":true,"href":"https:\/\/ryinz.cz\/velkoobchod\/pl\/wp-json\/wp\/v2\/comments?post=8917"}],"wp:featuredmedia":[{"embeddable":true,"href":"https:\/\/ryinz.cz\/velkoobchod\/pl\/wp-json\/wp\/v2\/media\/8974"}],"wp:attachment":[{"href":"https:\/\/ryinz.cz\/velkoobchod\/pl\/wp-json\/wp\/v2\/media?parent=8917"}],"wp:term":[{"taxonomy":"product_brand","embeddable":true,"href":"https:\/\/ryinz.cz\/velkoobchod\/pl\/wp-json\/wp\/v2\/product_brand?post=8917"},{"taxonomy":"product_cat","embeddable":true,"href":"https:\/\/ryinz.cz\/velkoobchod\/pl\/wp-json\/wp\/v2\/product_cat?post=8917"},{"taxonomy":"product_tag","embeddable":true,"href":"https:\/\/ryinz.cz\/velkoobchod\/pl\/wp-json\/wp\/v2\/product_tag?post=8917"}],"curies":[{"name":"wp","href":"https:\/\/api.w.org\/{rel}","templated":true}]}}