{"id":8916,"date":"2025-06-22T15:21:06","date_gmt":"2025-06-22T15:21:06","guid":{"rendered":"https:\/\/ryinz.cz\/velkoobchod\/?post_type=product&#038;p=8916"},"modified":"2026-01-18T20:16:50","modified_gmt":"2026-01-18T20:16:50","slug":"oddychajace-lekkie-rekawice-mechaniczne-ryinz-elastyczny-uchwyt-wzmocniona-dlon-antyposlizgowa-konstrukcja-do-prac-warsztatowych-i-majsterkowania","status":"publish","type":"product","link":"https:\/\/ryinz.cz\/velkoobchod\/pl\/product\/ryinz-breathable-lightweight-mechanics-gloves-flexible-grip-reinforced-palm-anti-slip-design-for-workshop-diy-tasks\/","title":{"rendered":"RYINZ Oddychaj\u0105ce, lekkie r\u0119kawice dla mechanik\u00f3w - elastyczny uchwyt, wzmocniona d\u0142o\u0144, antypo\u015blizgowa konstrukcja do prac warsztatowych i majsterkowania"},"content":{"rendered":"<p class=\"\" data-start=\"315\" data-end=\"672\">The <strong data-start=\"319\" data-end=\"368\">Oddychaj\u0105ce, lekkie r\u0119kawice dla mechanik\u00f3w RYINZ<\/strong> zosta\u0142y precyzyjnie zaprojektowane, aby zapewni\u0107 idealn\u0105 r\u00f3wnowag\u0119 mi\u0119dzy elastyczno\u015bci\u0105, ochron\u0105 i przyczepno\u015bci\u0105 podczas lekkich i \u015brednich prac przemys\u0142owych. Niezale\u017cnie od tego, czy dokr\u0119casz \u015bruby, montujesz cz\u0119\u015bci, obs\u0142ugujesz narz\u0119dzia r\u0119czne, czy zajmujesz si\u0119 naprawami, r\u0119kawice te zapewniaj\u0105 wygod\u0119 i zwinno\u015b\u0107 d\u0142oni wymagan\u0105 do uzyskania maksymalnej wydajno\u015bci.<\/p>\n<p class=\"\" data-start=\"674\" data-end=\"1012\">Wykonane z po\u0142\u0105czenia rozci\u0105gliwego, oddychaj\u0105cego spandexu i odpornego na \u015bcieranie syntetycznego zamszu, r\u0119kawice te zapewniaj\u0105 najwy\u017cszy komfort bez uszczerbku dla trwa\u0142o\u015bci. \u017bywa czerwono-pomara\u0144czowa kolorystyka nie tylko nadaje im dynamiczny, profesjonalny wygl\u0105d, ale tak\u017ce poprawia widoczno\u015b\u0107 d\u0142oni w warunkach warsztatowych i zewn\u0119trznych.<\/p>\n<p class=\"\" data-start=\"1014\" data-end=\"1452\">Obszar palmowy jest zbudowany z <strong data-start=\"1044\" data-end=\"1103\">Specjalistyczna antypo\u015blizgowa sk\u00f3ra syntetyczna z mikrowzorem<\/strong>, zapewniaj\u0105c wyj\u0105tkow\u0105 przyczepno\u015b\u0107 na zaolejonych, mokrych i suchych powierzchniach. Wzmocniona wy\u015bci\u00f3\u0142ka na kciuku zapewnia dodatkow\u0105 trwa\u0142o\u015b\u0107 w strefach nara\u017conych na zu\u017cycie, dzi\u0119ki czemu r\u0119kawice te wytrzymuj\u0105 wielokrotne u\u017cytkowanie bez rozdzierania lub rozdarcia. Na grzbiecie d\u0142oni znajduj\u0105 si\u0119 \u017cebrowane, elastyczne panele, kt\u00f3re wspieraj\u0105 naturalny ruch d\u0142oni i zapobiegaj\u0105 zm\u0119czeniu podczas powtarzalnych zada\u0144.<\/p>\n<p class=\"\" data-start=\"1454\" data-end=\"1783\">Ergonomiczny kr\u00f3j zapewnia precyzj\u0119 obs\u0142ugi, dzi\u0119ki czemu r\u0119kawice te s\u0105 idealne do zada\u0144 wymagaj\u0105cych zr\u0119czno\u015bci i kontroli, takich jak u\u017cywanie \u015brubokr\u0119t\u00f3w, szczypiec lub elektronarz\u0119dzi. Regulowane zapi\u0119cie na rzep w nadgarstku zapewnia bezpieczne, indywidualne dopasowanie, kt\u00f3re chroni przed brudem i zanieczyszczeniami, a jednocze\u015bnie zapewnia wygod\u0119 zak\u0142adania i zdejmowania.<\/p>\n<p class=\"\" data-start=\"1785\" data-end=\"2021\">Lekkie i oddychaj\u0105ce r\u0119kawice RYINZ Mechanics Gloves to idealne rozwi\u0105zanie do codziennego u\u017cytku w wielu bran\u017cach. R\u0119kawice mo\u017cna r\u00f3wnie\u017c pra\u0107 w pralce, co u\u0142atwia konserwacj\u0119 i promuje d\u0142ugotrwa\u0142\u0105 higien\u0119 i u\u017cyteczno\u015b\u0107.<\/p>\n<p class=\"\" data-start=\"2023\" data-end=\"2040\"><strong data-start=\"2023\" data-end=\"2040\">Kluczowe cechy:<\/strong><\/p>\n<ul data-start=\"2041\" data-end=\"2477\">\n<li class=\"\" data-start=\"2041\" data-end=\"2098\">\n<p class=\"\" data-start=\"2043\" data-end=\"2098\">Lekka, oddychaj\u0105ca konstrukcja do noszenia przez ca\u0142y dzie\u0144<\/p>\n<\/li>\n<li class=\"\" data-start=\"2099\" data-end=\"2156\">\n<p class=\"\" data-start=\"2101\" data-end=\"2156\">Dobrze widoczny czerwony\/pomara\u0144czowy kolor zwi\u0119kszaj\u0105cy bezpiecze\u0144stwo<\/p>\n<\/li>\n<li class=\"\" data-start=\"2157\" data-end=\"2209\">\n<p class=\"\" data-start=\"2159\" data-end=\"2209\">Elastyczne \u017cebrowane panele dla maksymalnej mobilno\u015bci d\u0142oni<\/p>\n<\/li>\n<li class=\"\" data-start=\"2210\" data-end=\"2267\">\n<p class=\"\" data-start=\"2212\" data-end=\"2267\">Antypo\u015blizgowa d\u0142o\u0144 z syntetycznej sk\u00f3ry z mikrowzorem<\/p>\n<\/li>\n<li class=\"\" data-start=\"2268\" data-end=\"2321\">\n<p class=\"\" data-start=\"2270\" data-end=\"2321\">Wzmocnione siode\u0142ko kciuka dla dodatkowej ochrony przed zu\u017cyciem<\/p>\n<\/li>\n<li class=\"\" data-start=\"2322\" data-end=\"2368\">\n<p class=\"\" data-start=\"2324\" data-end=\"2368\">Regulowany pasek na nadgarstek z rzepem dla lepszego dopasowania<\/p>\n<\/li>\n<li class=\"\" data-start=\"2369\" data-end=\"2403\">\n<p class=\"\" data-start=\"2371\" data-end=\"2403\">\u0141atwa piel\u0119gnacja dzi\u0119ki mo\u017cliwo\u015bci prania w pralce<\/p>\n<\/li>\n<li class=\"\" data-start=\"2404\" data-end=\"2477\">\n<p class=\"\" data-start=\"2406\" data-end=\"2477\">Idealny do lekkich i \u015brednio ci\u0119\u017ckich prac mechanicznych, konserwacyjnych i majsterkowania<\/p>\n<\/li>\n<\/ul>\n<p class=\"\" data-start=\"2479\" data-end=\"2494\"><strong data-start=\"2479\" data-end=\"2494\">Idealne zastosowania:<\/strong><\/p>\n<ul data-start=\"2495\" data-end=\"2733\">\n<li class=\"\" data-start=\"2495\" data-end=\"2531\">\n<p class=\"\" data-start=\"2497\" data-end=\"2531\">Naprawy i konserwacja w warsztacie<\/p>\n<\/li>\n<li class=\"\" data-start=\"2532\" data-end=\"2567\">\n<p class=\"\" data-start=\"2534\" data-end=\"2567\">Naprawy i monta\u017c samochod\u00f3w<\/p>\n<\/li>\n<li class=\"\" data-start=\"2568\" data-end=\"2598\">\n<p class=\"\" data-start=\"2570\" data-end=\"2598\">Og\u00f3lna obs\u0142uga magazynu<\/p>\n<\/li>\n<li class=\"\" data-start=\"2599\" data-end=\"2628\">\n<p class=\"\" data-start=\"2601\" data-end=\"2628\">Projekty ulepszania domu<\/p>\n<\/li>\n<li class=\"\" data-start=\"2629\" data-end=\"2662\">\n<p class=\"\" data-start=\"2631\" data-end=\"2662\">Majsterkowanie przy obr\u00f3bce drewna i metalu<\/p>\n<\/li>\n<li class=\"\" data-start=\"2663\" data-end=\"2689\">\n<p class=\"\" data-start=\"2665\" data-end=\"2689\">Lekkie zadania przemys\u0142owe<\/p>\n<\/li>\n<li class=\"\" data-start=\"2690\" data-end=\"2733\">\n<p class=\"\" data-start=\"2692\" data-end=\"2733\">Jazda na rowerze, ogrodnictwo i u\u017cytkowanie rekreacyjne<\/p>\n<\/li>\n<\/ul>\n<p class=\"\" data-start=\"2735\" data-end=\"2925\">Oferowane w pe\u0142nej gamie rozmiar\u00f3w, r\u0119kawice te mo\u017cna zam\u00f3wi\u0107 w wersji standardowej, niestandardowej lub z w\u0142asn\u0105 etykiet\u0105. <strong data-start=\"2849\" data-end=\"2883\">Dost\u0119pne s\u0105 us\u0142ugi OEM\/ODM<\/strong> dla partner\u00f3w poszukuj\u0105cych personalizacji marki.<\/p>\n<p class=\"\" data-start=\"2927\" data-end=\"3123\"><strong data-start=\"2927\" data-end=\"2949\">Instrukcje dotycz\u0105ce piel\u0119gnacji:<\/strong><br data-start=\"2949\" data-end=\"2952\" \/>Pra\u0107 w pralce na zimno z \u0142agodnym detergentem. Suszy\u0107 na powietrzu. Nie wybiela\u0107 ani nie suszy\u0107 w suszarce b\u0119bnowej. Regularnie sprawdzaj r\u0119kawice pod k\u0105tem uszkodze\u0144 lub zu\u017cycia i wymieniaj je w razie potrzeby, aby zapewni\u0107 maksymaln\u0105 ochron\u0119.<\/p>\n<p class=\"\" data-start=\"3125\" data-end=\"3291\">RYINZ to \u015bwiatowej klasy produkcja, europejskie standardy jako\u015bci i dziesi\u0119ciolecia zaanga\u017cowania w tworzenie najbardziej niezawodnych rozwi\u0105za\u0144 w zakresie ochrony d\u0142oni.<\/p>","protected":false},"excerpt":{"rendered":"<p>Zaprojektowane z my\u015bl\u0105 o optymalnej elastyczno\u015bci i kontroli, oddychaj\u0105ce r\u0119kawice dla mechanik\u00f3w RYINZ s\u0105 niezb\u0119dnym towarzyszem codziennych zada\u0144 roboczych. Niezale\u017cnie od tego, czy naprawiasz maszyny, montujesz cz\u0119\u015bci, czy pracujesz nad domowymi projektami DIY, r\u0119kawice te zapewniaj\u0105 ochron\u0119, wygod\u0119 i zwinno\u015b\u0107 d\u0142oni. Ich lekka i rozci\u0105gliwa konstrukcja zapewnia swobod\u0119 ruch\u00f3w bez utraty si\u0142y chwytu i trwa\u0142o\u015bci. Wzmocnione d\u0142onie i bezpieczne zapi\u0119cie na nadgarstku sprawiaj\u0105, \u017ce r\u0119ce s\u0105 gotowe na ka\u017cde wyzwanie - od skomplikowanych napraw mechanicznych po og\u00f3lne prace konserwacyjne w domu. R\u0119kawice RYINZ zapewniaj\u0105 bezpiecze\u0144stwo, wydajno\u015b\u0107 i mobilno\u015b\u0107.<\/p>","protected":false},"featured_media":8975,"comment_status":"closed","ping_status":"closed","template":"","meta":[],"product_brand":[35],"product_cat":[82,83],"product_tag":[88,89],"class_list":{"0":"post-8916","1":"product","2":"type-product","3":"status-publish","4":"has-post-thumbnail","6":"product_brand-ryinz","7":"product_cat-mechanic-industrial-gloves","8":"product_cat-mechanics-gloves","9":"product_tag-customizable-work-gloves","10":"product_tag-pu-rexon-mechanics-gloves","12":"first","13":"instock","14":"taxable","15":"shipping-taxable","16":"purchasable","17":"product-type-simple"},"_links":{"self":[{"href":"https:\/\/ryinz.cz\/velkoobchod\/pl\/wp-json\/wp\/v2\/product\/8916","targetHints":{"allow":["GET"]}}],"collection":[{"href":"https:\/\/ryinz.cz\/velkoobchod\/pl\/wp-json\/wp\/v2\/product"}],"about":[{"href":"https:\/\/ryinz.cz\/velkoobchod\/pl\/wp-json\/wp\/v2\/types\/product"}],"replies":[{"embeddable":true,"href":"https:\/\/ryinz.cz\/velkoobchod\/pl\/wp-json\/wp\/v2\/comments?post=8916"}],"wp:featuredmedia":[{"embeddable":true,"href":"https:\/\/ryinz.cz\/velkoobchod\/pl\/wp-json\/wp\/v2\/media\/8975"}],"wp:attachment":[{"href":"https:\/\/ryinz.cz\/velkoobchod\/pl\/wp-json\/wp\/v2\/media?parent=8916"}],"wp:term":[{"taxonomy":"product_brand","embeddable":true,"href":"https:\/\/ryinz.cz\/velkoobchod\/pl\/wp-json\/wp\/v2\/product_brand?post=8916"},{"taxonomy":"product_cat","embeddable":true,"href":"https:\/\/ryinz.cz\/velkoobchod\/pl\/wp-json\/wp\/v2\/product_cat?post=8916"},{"taxonomy":"product_tag","embeddable":true,"href":"https:\/\/ryinz.cz\/velkoobchod\/pl\/wp-json\/wp\/v2\/product_tag?post=8916"}],"curies":[{"name":"wp","href":"https:\/\/api.w.org\/{rel}","templated":true}]}}