{"id":8915,"date":"2025-06-22T15:21:06","date_gmt":"2025-06-22T15:21:06","guid":{"rendered":"https:\/\/ryinz.cz\/velkoobchod\/?post_type=product&#038;p=8915"},"modified":"2026-01-18T20:16:49","modified_gmt":"2026-01-18T20:16:49","slug":"ryinz-wytrzymale-odporne-na-uderzenia-rekawice-mechaniczne-ochrona-przed-przecieciem-chwyt-oleju-antywibracyjne-rekawice-robocze-do-zastosowan-przemyslowych","status":"publish","type":"product","link":"https:\/\/ryinz.cz\/velkoobchod\/pl\/product\/ryinz-heavy-duty-impact-resistant-mechanics-gloves-cut-protection-oil-grip-anti-vibration-work-gloves-for-industrial-use\/","title":{"rendered":"Odporne na uderzenia r\u0119kawice mechaniczne RYINZ - ochrona przed przeci\u0119ciem, przyczepno\u015b\u0107 oleju, antywibracyjne r\u0119kawice robocze do zastosowa\u0144 przemys\u0142owych"},"content":{"rendered":"<p class=\"\" data-start=\"323\" data-end=\"637\">Wkrocz do \u015bwiata zaawansowanej ochrony d\u0142oni dzi\u0119ki <strong data-start=\"376\" data-end=\"430\">R\u0119kawice mechaniczne RYINZ odporne na silne uderzenia<\/strong> - zaprojektowane dla profesjonalist\u00f3w pracuj\u0105cych w najtrudniejszych warunkach. R\u0119kawice te s\u0105 czym\u015b wi\u0119cej ni\u017c tylko odzie\u017c\u0105 na d\u0142onie; stanowi\u0105 os\u0142on\u0119 odporn\u0105 na uderzenia, wibracje, przeci\u0119cia i kontakt z olejem lub chemikaliami.<\/p>\n<p class=\"\" data-start=\"639\" data-end=\"979\">Zewn\u0119trzna pow\u0142oka ma wysok\u0105 wydajno\u015b\u0107 <strong data-start=\"683\" data-end=\"720\">Odporna na przeci\u0119cia tkanina z mieszanki HPPE<\/strong> kt\u00f3ry chroni d\u0142onie przed ostrymi kraw\u0119dziami, ostrzami lub rozbitym szk\u0142em. Ten wysoce wytrzyma\u0142y materia\u0142 zapewnia ochron\u0119 przed przeci\u0119ciem na poziomie ANSI\/EN388, zachowuj\u0105c jednocze\u015bnie elastyczno\u015b\u0107 i zr\u0119czno\u015b\u0107, co ma kluczowe znaczenie w bran\u017cach, w kt\u00f3rych liczy si\u0119 zar\u00f3wno bezpiecze\u0144stwo, jak i precyzyjna kontrola motoryczna.<\/p>\n<p class=\"\" data-start=\"981\" data-end=\"1307\">Jedn\u0105 z wyr\u00f3\u017cniaj\u0105cych si\u0119 cech r\u0119kawic jest <strong data-start=\"1025\" data-end=\"1061\">Pancerz z gumy termoplastycznej (TPR)<\/strong> rozmieszczone strategicznie na kostkach, palcach i grzbiecie d\u0142oni. Ta ochrona TPR poch\u0142ania i odbija uderzenia, dzi\u0119ki czemu idealnie nadaje si\u0119 do platform wiertniczych, g\u00f3rnictwa, motoryzacji, wyburze\u0144 lub ci\u0119\u017ckich maszyn, gdzie urazy zmia\u017cd\u017cenia s\u0105 cz\u0119stym ryzykiem.<\/p>\n<p class=\"\" data-start=\"1309\" data-end=\"1652\">D\u0142o\u0144 jest pokryta pow\u0142ok\u0105 <strong data-start=\"1333\" data-end=\"1364\">antypo\u015blizgowe nitrylowe strefy uchwytu<\/strong>, zapewniaj\u0105c pewny chwyt zaolejonych lub mokrych narz\u0119dzi. Ta pow\u0142oka chwytna jest odporna na \u015bcieranie i zapewnia d\u0142ugotrwa\u0142\u0105 wydajno\u015b\u0107 w \u015bliskim lub szorstkim \u015brodowisku. Wzmocnione \u0142aty s\u0105 umieszczone w obszarach o wysokim zu\u017cyciu, takich jak kciuk i czubki palc\u00f3w, aby wyd\u0142u\u017cy\u0107 \u017cywotno\u015b\u0107 r\u0119kawic i zapobiec rozdarciom.<\/p>\n<p class=\"\" data-start=\"1654\" data-end=\"1897\">Wn\u0119trze jest wy\u0142o\u017cone mi\u0119kk\u0105 i oddychaj\u0105c\u0105 tkanin\u0105 odprowadzaj\u0105c\u0105 wilgo\u0107, aby d\u0142onie pozosta\u0142y suche nawet podczas d\u0142ugotrwa\u0142ego u\u017cytkowania. Ergonomiczny kszta\u0142t i elastyczne strefy dopasowuj\u0105 si\u0119 do naturalnego kszta\u0142tu d\u0142oni, zapewniaj\u0105c komfort bez ograniczania ruch\u00f3w.<\/p>\n<p class=\"\" data-start=\"1899\" data-end=\"2097\">R\u0119kawice RYINZ to nie tylko ochrona, ale tak\u017ce mo\u017cliwo\u015b\u0107 adaptacji. Niezale\u017cnie od tego, czy dokr\u0119casz \u015bruby, \u0142adujesz \u0142adunek, obs\u0142ugujesz maszyny, czy masz do czynienia z ostrymi blachami, r\u0119kawice te zapewniaj\u0105 pe\u0142ne spektrum ochrony.<\/p>\n<p class=\"\" data-start=\"2099\" data-end=\"2120\"><strong data-start=\"2099\" data-end=\"2120\">Cechy produktu:<\/strong><\/p>\n<ul data-start=\"2122\" data-end=\"3097\">\n<li class=\"\" data-start=\"2122\" data-end=\"2223\">\n<p class=\"\" data-start=\"2124\" data-end=\"2223\"><strong data-start=\"2124\" data-end=\"2148\">Pow\u0142oka odporna na przeci\u0119cia:<\/strong> Wk\u0142adka HPPE z certyfikatem ANSI\/EN388 zapewnia wysok\u0105 odporno\u015b\u0107 na ostrza i przebicie<\/p>\n<\/li>\n<li class=\"\" data-start=\"2224\" data-end=\"2326\">\n<p class=\"\" data-start=\"2226\" data-end=\"2326\"><strong data-start=\"2226\" data-end=\"2248\">Ochrona przed uderzeniami:<\/strong> Pancerz TPR na kostkach i palcach zapewnia doskona\u0142\u0105 ochron\u0119 przed zgnieceniem i uderzeniami<\/p>\n<\/li>\n<li class=\"\" data-start=\"2327\" data-end=\"2437\">\n<p class=\"\" data-start=\"2329\" data-end=\"2437\"><strong data-start=\"2329\" data-end=\"2352\">Uchwyt odporny na olej:<\/strong> Pow\u0142oka nitrylowa o wysokiej przyczepno\u015bci na d\u0142oni zapewnia doskona\u0142\u0105 przyczepno\u015b\u0107 w mokrych lub zaolejonych warunkach<\/p>\n<\/li>\n<li class=\"\" data-start=\"2438\" data-end=\"2532\">\n<p class=\"\" data-start=\"2440\" data-end=\"2532\"><strong data-start=\"2440\" data-end=\"2458\">Wytrzyma\u0142a konstrukcja:<\/strong> Wzmocniony kciuk i opuszki palc\u00f3w wyd\u0142u\u017caj\u0105 \u017cywotno\u015b\u0107 r\u0119kawic podczas intensywnego u\u017cytkowania<\/p>\n<\/li>\n<li class=\"\" data-start=\"2533\" data-end=\"2634\">\n<p class=\"\" data-start=\"2535\" data-end=\"2634\"><strong data-start=\"2535\" data-end=\"2553\">Ergonomiczne dopasowanie:<\/strong> Elastyczne dopasowanie, wst\u0119pnie zakrzywione palce i oddychaj\u0105ca podszewka zapewniaj\u0105 komfort przez ca\u0142y dzie\u0144<\/p>\n<\/li>\n<li class=\"\" data-start=\"2635\" data-end=\"2738\">\n<p class=\"\" data-start=\"2637\" data-end=\"2738\"><strong data-start=\"2637\" data-end=\"2652\">Bezpieczne dopasowanie:<\/strong> Zapi\u0119cie na rzep na nadgarstku zapewnia regulacj\u0119 i pomaga chroni\u0107 przed brudem i zanieczyszczeniami.<\/p>\n<\/li>\n<li class=\"\" data-start=\"2739\" data-end=\"2821\">\n<p class=\"\" data-start=\"2741\" data-end=\"2821\"><strong data-start=\"2741\" data-end=\"2766\">Przed\u0142u\u017cony mankiet:<\/strong> Dodatkowa ochrona nadgarstka z \u0142atwym zak\u0142adaniem i zdejmowaniem<\/p>\n<\/li>\n<li class=\"\" data-start=\"2822\" data-end=\"2908\">\n<p class=\"\" data-start=\"2824\" data-end=\"2908\"><strong data-start=\"2824\" data-end=\"2851\">Odporno\u015b\u0107 na ciep\u0142o i rozdarcie:<\/strong> Wielowarstwowa struktura odporna na zu\u017cycie, ciep\u0142o i tarcie<\/p>\n<\/li>\n<li class=\"\" data-start=\"2909\" data-end=\"2986\">\n<p class=\"\" data-start=\"2911\" data-end=\"2986\"><strong data-start=\"2911\" data-end=\"2932\">Mo\u017cna pra\u0107 w pralce:<\/strong> Zachowuje kszta\u0142t i wydajno\u015b\u0107 po wielu praniach<\/p>\n<\/li>\n<li class=\"\" data-start=\"2987\" data-end=\"3097\">\n<p class=\"\" data-start=\"2989\" data-end=\"3097\"><strong data-start=\"2989\" data-end=\"3019\">Uniwersalne zastosowania:<\/strong> Idealny dla przemys\u0142u naftowego i gazowego, budownictwa, ci\u0119\u017ckiego sprz\u0119tu, g\u00f3rnictwa i obr\u00f3bki metali<\/p>\n<\/li>\n<\/ul>\n<p class=\"\" data-start=\"3099\" data-end=\"3128\"><strong data-start=\"3099\" data-end=\"3128\">Zalecenia dotycz\u0105ce przypadk\u00f3w u\u017cycia:<\/strong><\/p>\n<ul data-start=\"3130\" data-end=\"3360\">\n<li class=\"\" data-start=\"3130\" data-end=\"3164\">\n<p class=\"\" data-start=\"3132\" data-end=\"3164\">Mechanicy i technicy samochodowi<\/p>\n<\/li>\n<li class=\"\" data-start=\"3165\" data-end=\"3208\">\n<p class=\"\" data-start=\"3167\" data-end=\"3208\">Operatorzy platform wiertniczych i wierce\u0144 morskich<\/p>\n<\/li>\n<li class=\"\" data-start=\"3209\" data-end=\"3238\">\n<p class=\"\" data-start=\"3211\" data-end=\"3238\">Operatorzy sprz\u0119tu ci\u0119\u017ckiego<\/p>\n<\/li>\n<li class=\"\" data-start=\"3239\" data-end=\"3269\">\n<p class=\"\" data-start=\"3241\" data-end=\"3269\">Prace rozbi\u00f3rkowe i ratownicze<\/p>\n<\/li>\n<li class=\"\" data-start=\"3270\" data-end=\"3306\">\n<p class=\"\" data-start=\"3272\" data-end=\"3306\">Przemys\u0142 wydobywczy i wykopaliskowy<\/p>\n<\/li>\n<li class=\"\" data-start=\"3307\" data-end=\"3335\">\n<p class=\"\" data-start=\"3309\" data-end=\"3335\">Obs\u0142uga stali i szk\u0142a<\/p>\n<\/li>\n<li class=\"\" data-start=\"3336\" data-end=\"3360\">\n<p class=\"\" data-start=\"3338\" data-end=\"3360\">Og\u00f3lne zastosowanie przemys\u0142owe<\/p>\n<\/li>\n<\/ul>\n<p class=\"\" data-start=\"3362\" data-end=\"3389\"><strong data-start=\"3362\" data-end=\"3389\">Specyfikacja produktu:<\/strong><\/p>\n<ul data-start=\"3391\" data-end=\"3881\">\n<li class=\"\" data-start=\"3391\" data-end=\"3468\">\n<p class=\"\" data-start=\"3393\" data-end=\"3468\"><strong data-start=\"3393\" data-end=\"3406\">Materia\u0142:<\/strong> Odporna na przeci\u0119cia pow\u0142oka HPPE, nitrylowe wn\u0119trze d\u0142oni, ochrona plec\u00f3w TPR<\/p>\n<\/li>\n<li class=\"\" data-start=\"3469\" data-end=\"3534\">\n<p class=\"\" data-start=\"3471\" data-end=\"3534\"><strong data-start=\"3471\" data-end=\"3486\">Zakres rozmiar\u00f3w:<\/strong> S - XXL (rozmiary niestandardowe dost\u0119pne na \u017cyczenie)<\/p>\n<\/li>\n<li class=\"\" data-start=\"3535\" data-end=\"3607\">\n<p class=\"\" data-start=\"3537\" data-end=\"3607\"><strong data-start=\"3537\" data-end=\"3555\">Opcje kolor\u00f3w:<\/strong> Szary\/pomara\u0144czowy\/czarny (niestandardowe kolory dla zam\u00f3wie\u0144 masowych)<\/p>\n<\/li>\n<li class=\"\" data-start=\"3608\" data-end=\"3674\">\n<p class=\"\" data-start=\"3610\" data-end=\"3674\"><strong data-start=\"3610\" data-end=\"3625\">Zgodno\u015b\u0107:<\/strong> Poziom ci\u0119cia EN388, certyfikat CE, zgodno\u015b\u0107 z norm\u0105 Reach<\/p>\n<\/li>\n<li class=\"\" data-start=\"3675\" data-end=\"3757\">\n<p class=\"\" data-start=\"3677\" data-end=\"3757\"><strong data-start=\"3677\" data-end=\"3703\">MOQ dla personalizacji:<\/strong> 500 par (z logo, opakowaniem lub dopasowaniem kolorystycznym)<\/p>\n<\/li>\n<li class=\"\" data-start=\"3758\" data-end=\"3826\">\n<p class=\"\" data-start=\"3760\" data-end=\"3826\"><strong data-start=\"3760\" data-end=\"3774\">Opakowanie:<\/strong> Dost\u0119pne pojedyncze torebki foliowe lub opakowania niestandardowe<\/p>\n<\/li>\n<li class=\"\" data-start=\"3827\" data-end=\"3881\">\n<p class=\"\" data-start=\"3829\" data-end=\"3881\"><strong data-start=\"3829\" data-end=\"3853\">Zdolno\u015b\u0107 produkcyjna:<\/strong> Do 100 000 par miesi\u0119cznie<\/p>\n<\/li>\n<\/ul>\n<p class=\"\" data-start=\"3883\" data-end=\"4293\"><strong data-start=\"3883\" data-end=\"3904\">Dlaczego warto wybra\u0107 RYINZ?<\/strong><br data-start=\"3904\" data-end=\"3907\" \/>Przy <strong data-start=\"3910\" data-end=\"3919\">RYINZ<\/strong>, \u0142\u0105czymy <strong data-start=\"3939\" data-end=\"3972\">Do\u015bwiadczenie w produkcji azjatyckiej<\/strong> z <strong data-start=\"3978\" data-end=\"4009\">Europejskie standardy zaopatrzenia<\/strong>, zapewniaj\u0105c jako\u015b\u0107, sp\u00f3jno\u015b\u0107 i skalowalno\u015b\u0107 dla potrzeb przemys\u0142owych. Nasze r\u0119kawice s\u0105 rygorystycznie testowane, sprawdzone w praktyce i ciesz\u0105 si\u0119 zaufaniem profesjonalist\u00f3w w 28 krajach. Niezale\u017cnie od tego, czy potrzebujesz zam\u00f3wie\u0144 hurtowych, niestandardowego brandingu, czy niezawodnego partnera B2B - RYINZ zapewnia doskona\u0142o\u015b\u0107.<\/p>","protected":false},"excerpt":{"rendered":"<p><strong data-start=\"4350\" data-end=\"4394\">Wytrzyma\u0142e r\u0119kawice udarowe RYINZ dla mechanik\u00f3w<\/strong> zapewniaj\u0105 doskona\u0142\u0105 ochron\u0119 tam, gdzie ma to najwi\u0119ksze znaczenie - w pracy. Zaprojektowane z odpornej na przeci\u0119cia pow\u0142oki HPPE i poch\u0142aniaj\u0105cych uderzenia os\u0142on TPR, r\u0119kawice te zapewniaj\u0105 bezpiecze\u0144stwo d\u0142oni w najbardziej wymagaj\u0105cych \u015brodowiskach przemys\u0142owych. Antypo\u015blizgowe nitrylowe d\u0142onie zapewniaj\u0105 niezr\u00f3wnan\u0105 przyczepno\u015b\u0107 w \u015brodowisku olejowym lub mokrym, a wzmocnione strefy wysokiego zu\u017cycia zwi\u0119kszaj\u0105 trwa\u0142o\u015b\u0107. Wygodne dopasowanie, oddychaj\u0105ca wy\u015bci\u00f3\u0142ka i ergonomiczny kszta\u0142t sprawiaj\u0105, \u017ce r\u0119kawice te s\u0105 idealne do d\u0142ugotrwa\u0142ego u\u017cytkowania. Stworzone z my\u015bl\u0105 o budownictwie, przemy\u015ble naftowym i gazowym, motoryzacji i pracach wyburzeniowych - s\u0105 najlepszym rozwi\u0105zaniem w zakresie bezpiecze\u0144stwa.<\/p>","protected":false},"featured_media":8980,"comment_status":"closed","ping_status":"closed","template":"","meta":[],"product_brand":[35],"product_cat":[83],"product_tag":[86,87],"class_list":{"0":"post-8915","1":"product","2":"type-product","3":"status-publish","4":"has-post-thumbnail","6":"product_brand-ryinz","7":"product_cat-mechanics-gloves","8":"product_tag-heavy-duty-gloves","9":"product_tag-work-gloves","11":"first","12":"instock","13":"taxable","14":"shipping-taxable","15":"purchasable","16":"product-type-simple"},"_links":{"self":[{"href":"https:\/\/ryinz.cz\/velkoobchod\/pl\/wp-json\/wp\/v2\/product\/8915","targetHints":{"allow":["GET"]}}],"collection":[{"href":"https:\/\/ryinz.cz\/velkoobchod\/pl\/wp-json\/wp\/v2\/product"}],"about":[{"href":"https:\/\/ryinz.cz\/velkoobchod\/pl\/wp-json\/wp\/v2\/types\/product"}],"replies":[{"embeddable":true,"href":"https:\/\/ryinz.cz\/velkoobchod\/pl\/wp-json\/wp\/v2\/comments?post=8915"}],"wp:featuredmedia":[{"embeddable":true,"href":"https:\/\/ryinz.cz\/velkoobchod\/pl\/wp-json\/wp\/v2\/media\/8980"}],"wp:attachment":[{"href":"https:\/\/ryinz.cz\/velkoobchod\/pl\/wp-json\/wp\/v2\/media?parent=8915"}],"wp:term":[{"taxonomy":"product_brand","embeddable":true,"href":"https:\/\/ryinz.cz\/velkoobchod\/pl\/wp-json\/wp\/v2\/product_brand?post=8915"},{"taxonomy":"product_cat","embeddable":true,"href":"https:\/\/ryinz.cz\/velkoobchod\/pl\/wp-json\/wp\/v2\/product_cat?post=8915"},{"taxonomy":"product_tag","embeddable":true,"href":"https:\/\/ryinz.cz\/velkoobchod\/pl\/wp-json\/wp\/v2\/product_tag?post=8915"}],"curies":[{"name":"wp","href":"https:\/\/api.w.org\/{rel}","templated":true}]}}